{"id":4917,"date":"2022-05-12T11:08:39","date_gmt":"2022-05-12T14:08:39","guid":{"rendered":"https:\/\/www.ufsm.br\/pro-reitorias\/proplan\/?page_id=4917"},"modified":"2022-05-12T11:19:24","modified_gmt":"2022-05-12T14:19:24","slug":"anexo-i-da-resolucao-ufsm-n-089-2022","status":"publish","type":"page","link":"https:\/\/www.ufsm.br\/pro-reitorias\/proplan\/anexo-i-da-resolucao-ufsm-n-089-2022","title":{"rendered":"Anexo I da Resolu\u00e7\u00e3o UFSM N. 089\/2022"},"content":{"rendered":"\t\t<div data-elementor-type=\"wp-page\" data-elementor-id=\"4917\" class=\"elementor elementor-4917\">\n\t\t\t\t\t\t<section class=\"elementor-section elementor-top-section elementor-element elementor-element-bd916d9 elementor-section-boxed elementor-section-height-default elementor-section-height-default\" data-id=\"bd916d9\" data-element_type=\"section\">\n\t\t\t\t\t\t<div class=\"elementor-container elementor-column-gap-default\">\n\t\t\t\t\t<div class=\"elementor-column elementor-col-100 elementor-top-column elementor-element elementor-element-ba3c527\" data-id=\"ba3c527\" data-element_type=\"column\">\n\t\t\t<div class=\"elementor-widget-wrap elementor-element-populated\">\n\t\t\t\t\t\t<div class=\"elementor-element elementor-element-537ba0a elementor-widget elementor-widget-html\" data-id=\"537ba0a\" data-element_type=\"widget\" data-widget_type=\"html.default\">\n\t\t\t\t<div class=\"elementor-widget-container\">\n\t\t\t\r\n\r\n\r\n<title><b>ANEXO I DA RESOLU\u00c7\u00c3O UFSM N. 089, DE 06 DE MAIO DE 2022<\/b><\/title>\r\n\r\n\r\n<div align=\"center\"><img decoding=\"async\" src=\"https:\/\/www.ufsm.br\/pro-reitorias\/proplan\/wp-content\/uploads\/sites\/344\/2019\/09\/brasao-da-republica-do-brasil-logo.png\" alt=\"Bras\u00e3o Rep\u00fablica Federativa do Brasil\" width=\"6%\" height=\"6%\"><\/div>  <h1><font color=\"blue\"><font size=\"5\"><div align=\"center\">MINIST\u00c9RIO DA EDUCA\u00c7\u00c3O<\/div><\/font><\/font><\/H1>\r\n<b><font color=\"0000blue\"><div align=\"center\">UNIVERSIDADE FEDERAL DE SANTA MARIA<\/div><\/font><\/b>\r\n<p><div align=\"center\"><b><a href=\"https:\/\/portal.ufsm.br\/documentos\/publico\/documento.html?id=14153599\" target=\"_blank\"><font color=\"blue\">ANEXO I DA RESOLU\u00c7\u00c3O UFSM N. 089, DE 06 DE MAIO DE 2022<\/font><\/a><\/b><\/div>\r\n<br>\r\n<br><div align=\"center\">\r\n<p>Valor de refer\u00eancia m\u00e1ximo de cada bolsa, paga por m\u00eas, concedida aos servidores ativos e aposentados da UFSM e de outras ICTs por projeto<\/p>\r\n<table style=\"border-collapse:collapse;border-spacing:0\" class=\"tg\"><thead><tr><th style=\"border-color:inherit;border-style:solid;border-width:1px;font-family:Arial, sans-serif;font-size:14px;font-weight:normal;overflow:hidden;padding:10px 5px;text-align:center;vertical-align:top\">N\u00edvel de forma\u00e7\u00e3o do participante<\/th><th style=\"border-color:inherit;border-style:solid;border-width:1px;font-family:Arial, sans-serif;font-size:14px;font-weight:normal;overflow:hidden;padding:10px 5px;text-align:center;vertical-align:bottom\">   <br><span style=\"color:black\">Bolsa CNPq*<\/span><br>   <br><span style=\"color:black\">A1<\/span>   <\/th><th style=\"border-color:inherit;border-style:solid;border-width:1px;font-family:Arial, sans-serif;font-size:14px;font-weight:normal;overflow:hidden;padding:10px 5px;text-align:center;vertical-align:bottom\">   <br><span style=\"color:black\">RT**<\/span><br>   <br><span style=\"color:black\">A2<\/span>   <\/th><th style=\"border-color:inherit;border-style:solid;border-width:1px;font-family:Arial, sans-serif;font-size:14px;font-weight:normal;overflow:hidden;padding:10px 5px;text-align:center;vertical-align:bottom\">   <br><span style=\"color:black\">Valor m\u00e1ximo   mensal = A1 + 50% (cinquenta por cento) A2<\/span>   <\/th><\/tr><\/thead><tbody><tr><td style=\"border-color:inherit;border-style:solid;border-width:1px;font-family:Arial, sans-serif;font-size:14px;overflow:hidden;padding:10px 5px;text-align:left;vertical-align:middle\">&nbsp;&nbsp;&nbsp;<br><span style=\"color:black\">Doutorado e P\u00f3s-doutorado<\/span>&nbsp;&nbsp;&nbsp;<\/td><td style=\"border-color:inherit;border-style:solid;border-width:1px;font-family:Arial, sans-serif;font-size:14px;overflow:hidden;padding:10px 5px;text-align:left;vertical-align:middle\">&nbsp;&nbsp;&nbsp;<br><span style=\"color:black\">R$<\/span>     &nbsp;&nbsp;&nbsp;<span style=\"color:black\">2.200,00 (dois mil e duzentos reais <\/span>&nbsp;&nbsp;&nbsp;<\/td><td style=\"border-color:inherit;border-style:solid;border-width:1px;font-family:Arial, sans-serif;font-size:14px;overflow:hidden;padding:10px 5px;text-align:left;vertical-align:middle\">&nbsp;&nbsp;&nbsp;<br><span style=\"color:black\">R$<\/span> &nbsp;&nbsp;&nbsp;<span style=\"color:black\">10.981,17 (dez mil novecentos e oitenta e um reais e dezessete&nbsp;&nbsp;&nbsp;centavos)<\/span>&nbsp;&nbsp;&nbsp;<\/td><td style=\"border-color:inherit;border-style:solid;border-width:1px;font-family:Arial, sans-serif;font-size:14px;overflow:hidden;padding:10px 5px;text-align:left;vertical-align:middle\">&nbsp;&nbsp;&nbsp;<br><span style=\"color:black\">R$<\/span>       &nbsp;&nbsp;&nbsp;<span style=\"color:black\">7.690,59 (sete mil seiscentos e noventa reais e cinquenta e nove&nbsp;&nbsp;&nbsp;centavos)<\/span>&nbsp;&nbsp;&nbsp;<\/td><\/tr><tr><td style=\"border-color:inherit;border-style:solid;border-width:1px;font-family:Arial, sans-serif;font-size:14px;overflow:hidden;padding:10px 5px;text-align:left;vertical-align:middle\">&nbsp;&nbsp;&nbsp;<br><span style=\"color:black\">Mestrado<\/span>&nbsp;&nbsp;&nbsp;<\/td><td style=\"border-color:inherit;border-style:solid;border-width:1px;font-family:Arial, sans-serif;font-size:14px;overflow:hidden;padding:10px 5px;text-align:left;vertical-align:middle\">&nbsp;&nbsp;&nbsp;<br><span style=\"color:black\">R$<\/span>     &nbsp;&nbsp;&nbsp;<span style=\"color:black\">2.200,00 (dois mil e duzentos reais <\/span>&nbsp;&nbsp;&nbsp;<\/td><td style=\"border-color:inherit;border-style:solid;border-width:1px;font-family:Arial, sans-serif;font-size:14px;overflow:hidden;padding:10px 5px;text-align:left;vertical-align:middle\">&nbsp;&nbsp;&nbsp;<br><span style=\"color:black\">R$<\/span>  &nbsp;&nbsp;&nbsp;<span style=\"color:black\">4.774,42 (quatro mil setecentos e setenta e quatro reais e quarenta e&nbsp;&nbsp;&nbsp;dois centavos)<\/span>&nbsp;&nbsp;&nbsp;<\/td><td style=\"border-color:inherit;border-style:solid;border-width:1px;font-family:Arial, sans-serif;font-size:14px;overflow:hidden;padding:10px 5px;text-align:left;vertical-align:middle\">&nbsp;&nbsp;&nbsp;<br> <span style=\"color:black\">R$<\/span>       &nbsp;&nbsp;&nbsp;<span style=\"color:black\">4.587,21 (quatro mil quinhentos e oitenta e sete reais e vinte e um&nbsp;&nbsp;&nbsp;centavos)<\/span>&nbsp;&nbsp;&nbsp;<\/td><\/tr><tr><td style=\"border-color:inherit;border-style:solid;border-width:1px;font-family:Arial, sans-serif;font-size:14px;overflow:hidden;padding:10px 5px;text-align:left;vertical-align:middle\">&nbsp;&nbsp;&nbsp;<br><span style=\"color:black\">Especializa\u00e7\u00e3o<\/span>&nbsp;&nbsp;&nbsp;<\/td><td style=\"border-color:inherit;border-style:solid;border-width:1px;font-family:Arial, sans-serif;font-size:14px;overflow:hidden;padding:10px 5px;text-align:left;vertical-align:middle\">&nbsp;&nbsp;&nbsp;<br><span style=\"color:black\">R$<\/span>     &nbsp;&nbsp;&nbsp;<span style=\"color:black\">2.200,00 (dois mil e duzentos reais <\/span>&nbsp;&nbsp;&nbsp;<\/td><td style=\"border-color:inherit;border-style:solid;border-width:1px;font-family:Arial, sans-serif;font-size:14px;overflow:hidden;padding:10px 5px;text-align:left;vertical-align:middle\">&nbsp;&nbsp;&nbsp;<br> <span style=\"color:black\">R$<\/span>  &nbsp;&nbsp;&nbsp;<span style=\"color:black\">1.909,77 (mil novecentos e nove reais e setenta e sete centavos)<\/span>&nbsp;&nbsp;&nbsp;<\/td><td style=\"border-color:inherit;border-style:solid;border-width:1px;font-family:Arial, sans-serif;font-size:14px;overflow:hidden;padding:10px 5px;text-align:left;vertical-align:middle\">&nbsp;&nbsp;&nbsp;<br> <span style=\"color:black\">R$<\/span>       &nbsp;&nbsp;&nbsp;<span style=\"color:black\">3.154,89 (tr\u00eas mil cento e cinquenta e quatro reais e oitenta e nove&nbsp;&nbsp;&nbsp;centavos)<\/span>&nbsp;&nbsp;&nbsp;<\/td><\/tr><tr><td style=\"border-color:inherit;border-style:solid;border-width:1px;font-family:Arial, sans-serif;font-size:14px;overflow:hidden;padding:10px 5px;text-align:left;vertical-align:middle\">&nbsp;&nbsp;&nbsp;<br><span style=\"color:black\">Gradua\u00e7\u00e3o<\/span>&nbsp;&nbsp;&nbsp;<\/td><td style=\"border-color:inherit;border-style:solid;border-width:1px;font-family:Arial, sans-serif;font-size:14px;overflow:hidden;padding:10px 5px;text-align:left;vertical-align:middle\">&nbsp;&nbsp;&nbsp;<br><span style=\"color:black\">R$<\/span>     &nbsp;&nbsp;&nbsp;<span style=\"color:black\">2.200,00 (dois mil e duzentos reais <\/span>&nbsp;&nbsp;&nbsp;<\/td><td style=\"border-color:inherit;border-style:solid;border-width:1px;font-family:Arial, sans-serif;font-size:14px;overflow:hidden;padding:10px 5px;text-align:left;vertical-align:middle\">&nbsp;&nbsp;&nbsp;<br> <span style=\"color:black\">R$<\/span>     &nbsp;&nbsp;&nbsp;<span style=\"color:black\">954,88 (novecentos e cinquenta e quatro reais e oitenta e oito&nbsp;&nbsp;&nbsp;centavos)<\/span>&nbsp;&nbsp;&nbsp;<\/td><td style=\"border-color:inherit;border-style:solid;border-width:1px;font-family:Arial, sans-serif;font-size:14px;overflow:hidden;padding:10px 5px;text-align:left;vertical-align:middle\">&nbsp;&nbsp;&nbsp;<br> <span style=\"color:black\">R$<\/span>       &nbsp;&nbsp;&nbsp;<span style=\"color:black\">2.677,44 (dois mil seiscentos e setenta e sete reais e quarenta e&nbsp;&nbsp;&nbsp;quatro centavos)<\/span>&nbsp;&nbsp;&nbsp;<\/td><\/tr><tr><td style=\"border-color:inherit;border-style:solid;border-width:1px;font-family:Arial, sans-serif;font-size:14px;overflow:hidden;padding:10px 5px;text-align:left;vertical-align:middle\">&nbsp;&nbsp;&nbsp;<br><span style=\"color:black\">Sem Gradua\u00e7\u00e3o<\/span>&nbsp;&nbsp;&nbsp;<\/td><td style=\"border-color:inherit;border-style:solid;border-width:1px;font-family:Arial, sans-serif;font-size:14px;overflow:hidden;padding:10px 5px;text-align:left;vertical-align:middle\">&nbsp;&nbsp;&nbsp;<br><span style=\"color:black\">R$<\/span>     &nbsp;&nbsp;&nbsp;<span style=\"color:black\">2.200,00 (dois mil e duzentos reais <\/span>&nbsp;&nbsp;&nbsp;<\/td><td style=\"border-color:inherit;border-style:solid;border-width:1px;font-family:Arial, sans-serif;font-size:14px;overflow:hidden;padding:10px 5px;text-align:left;vertical-align:middle\">&nbsp;&nbsp;&nbsp;<br> <span style=\"color:black\">R$<\/span>                <span style=\"color:black\">-<\/span>   <span style=\"color:black\">(zero)<\/span>&nbsp;&nbsp;&nbsp;<\/td><td style=\"border-color:inherit;border-style:solid;border-width:1px;font-family:Arial, sans-serif;font-size:14px;overflow:hidden;padding:10px 5px;text-align:left;vertical-align:middle\">&nbsp;&nbsp;&nbsp;<br><span style=\"color:black\">R$<\/span>   &nbsp;&nbsp;&nbsp;  <span style=\"color:black\">2.200,00 (dois mil e duzentos&nbsp;&nbsp;&nbsp;reais <\/span>&nbsp;&nbsp;&nbsp;<\/td><\/tr><\/table>\r\n<br><\/div>\r\n<br><div align=\"justify\">\r\n<p>* Valor da bolsa no pa\u00eds paga pelo CNPq. Dados obtidos em: <a href=\"http:\/\/www.cnpq.br\/no-pais\" target=\"_blank\"><font color=\"blue\"><u>http:\/\/www.cnpq.br\/no-pais<\/u><\/font><\/a>\r\n<p>** Valor da retribui\u00e7\u00e3o de titula\u00e7\u00e3o em fun\u00e7\u00e3o do vencimento b\u00e1sico do professor Titular do Magist\u00e9rio Superior conforme Lei n\u00ba 12.772\/2012. Informa\u00e7\u00e3o coletada em:\r\n<p><a href=\"http:\/\/www.planalto.gov.br\/ccivil_03\/_ato2011-2014\/2012\/lei\/l12772.htm\" target=\"_blank\"><font color=\"blue\"><u>http:\/\/www.planalto.gov.br\/ccivil_03\/_ato2011-2014\/2012\/lei\/l12772.htm<\/u><\/font><\/a>\r\n<br>\r\n<p><font color=\"red0000\">Este texto n\u00e3o substitui o documento original, publicado no Portal de Documentos em 06 de maio de 2022.<\/font> Dispon\u00edvel em: <a href=\"https:\/\/portal.ufsm.br\/documentos\/publico\/documento.html?id=14153599\"><font color=\"blue\">https:\/\/portal.ufsm.br\/documentos\/publico\/documento.html?id=14153599<\/font><\/a><\/p><\/div>\r\n\r\n \t\t<\/div>\n\t\t\t\t<\/div>\n\t\t\t\t\t<\/div>\n\t\t<\/div>\n\t\t\t\t\t<\/div>\n\t\t<\/section>\n\t\t\t\t<\/div>\n\t\t","protected":false},"excerpt":{"rendered":"<p>ANEXO I DA RESOLU\u00c7\u00c3O UFSM N. 089, DE 06 DE MAIO DE 2022 MINIST\u00c9RIO DA EDUCA\u00c7\u00c3O UNIVERSIDADE FEDERAL DE SANTA MARIA ANEXO I DA RESOLU\u00c7\u00c3O UFSM N. 089, DE 06 DE MAIO DE 2022 Valor de refer\u00eancia m\u00e1ximo de cada bolsa, paga por m\u00eas, concedida aos servidores ativos e aposentados da UFSM e de outras [&hellip;]<\/p>\n","protected":false},"author":230,"featured_media":0,"parent":0,"menu_order":0,"comment_status":"closed","ping_status":"closed","template":"","meta":{"footnotes":""},"categories":[],"tags":[],"class_list":["post-4917","page","type-page","status-publish","hentry"],"acf":[],"_links":{"self":[{"href":"https:\/\/www.ufsm.br\/pro-reitorias\/proplan\/wp-json\/wp\/v2\/pages\/4917","targetHints":{"allow":["GET"]}}],"collection":[{"href":"https:\/\/www.ufsm.br\/pro-reitorias\/proplan\/wp-json\/wp\/v2\/pages"}],"about":[{"href":"https:\/\/www.ufsm.br\/pro-reitorias\/proplan\/wp-json\/wp\/v2\/types\/page"}],"author":[{"embeddable":true,"href":"https:\/\/www.ufsm.br\/pro-reitorias\/proplan\/wp-json\/wp\/v2\/users\/230"}],"replies":[{"embeddable":true,"href":"https:\/\/www.ufsm.br\/pro-reitorias\/proplan\/wp-json\/wp\/v2\/comments?post=4917"}],"version-history":[{"count":0,"href":"https:\/\/www.ufsm.br\/pro-reitorias\/proplan\/wp-json\/wp\/v2\/pages\/4917\/revisions"}],"wp:attachment":[{"href":"https:\/\/www.ufsm.br\/pro-reitorias\/proplan\/wp-json\/wp\/v2\/media?parent=4917"}],"wp:term":[{"taxonomy":"category","embeddable":true,"href":"https:\/\/www.ufsm.br\/pro-reitorias\/proplan\/wp-json\/wp\/v2\/categories?post=4917"},{"taxonomy":"post_tag","embeddable":true,"href":"https:\/\/www.ufsm.br\/pro-reitorias\/proplan\/wp-json\/wp\/v2\/tags?post=4917"}],"curies":[{"name":"wp","href":"https:\/\/api.w.org\/{rel}","templated":true}]}}