{"id":4918,"date":"2022-05-12T11:20:29","date_gmt":"2022-05-12T14:20:29","guid":{"rendered":"https:\/\/www.ufsm.br\/pro-reitorias\/proplan\/?page_id=4918"},"modified":"2022-05-12T11:27:42","modified_gmt":"2022-05-12T14:27:42","slug":"anexo-ii-da-resolucao-ufsm-n-089-2022","status":"publish","type":"page","link":"https:\/\/www.ufsm.br\/pro-reitorias\/proplan\/anexo-ii-da-resolucao-ufsm-n-089-2022","title":{"rendered":"Anexo II da Resolu\u00e7\u00e3o UFSM N. 089\/2022"},"content":{"rendered":"\t\t<div data-elementor-type=\"wp-page\" data-elementor-id=\"4918\" class=\"elementor elementor-4918\">\n\t\t\t\t\t\t<section class=\"elementor-section elementor-top-section elementor-element elementor-element-ed539d1 elementor-section-boxed elementor-section-height-default elementor-section-height-default\" data-id=\"ed539d1\" data-element_type=\"section\">\n\t\t\t\t\t\t<div class=\"elementor-container elementor-column-gap-default\">\n\t\t\t\t\t<div class=\"elementor-column elementor-col-100 elementor-top-column elementor-element elementor-element-8de6777\" data-id=\"8de6777\" data-element_type=\"column\">\n\t\t\t<div class=\"elementor-widget-wrap elementor-element-populated\">\n\t\t\t\t\t\t<div class=\"elementor-element elementor-element-6ea6fc1 elementor-widget elementor-widget-html\" data-id=\"6ea6fc1\" data-element_type=\"widget\" data-widget_type=\"html.default\">\n\t\t\t\t<div class=\"elementor-widget-container\">\n\t\t\t\r\n\r\n\r\n<title><b>ANEXO II DA RESOLU\u00c7\u00c3O UFSM N. 089, DE 06 DE MAIO DE 2022<\/b><\/title>\r\n\r\n\r\n<div align=\"center\"><img decoding=\"async\" src=\"https:\/\/www.ufsm.br\/pro-reitorias\/proplan\/wp-content\/uploads\/sites\/344\/2019\/09\/brasao-da-republica-do-brasil-logo.png\" alt=\"Bras\u00e3o Rep\u00fablica Federativa do Brasil\" width=\"6%\" height=\"6%\"><\/div>  <h1><font color=\"blue\"><font size=\"5\"><div align=\"center\">MINIST\u00c9RIO DA EDUCA\u00c7\u00c3O<\/div><\/font><\/font><\/H1>\r\n<b><font color=\"0000blue\"><div align=\"center\">UNIVERSIDADE FEDERAL DE SANTA MARIA<\/div><\/font><\/b>\r\n<p><div align=\"center\"><b><a href=\"https:\/\/portal.ufsm.br\/documentos\/publico\/documento.html?id=14153636\" target=\"_blank\"><font color=\"blue\">ANEXO II DA RESOLU\u00c7\u00c3O UFSM N. 089, DE 06 DE MAIO DE 2022<\/font><\/a><\/b><\/div>\r\n<br>\r\n<br><div align=\"center\">\r\n<p>Valor de refer\u00eancia m\u00e1ximo de cada bolsa, paga por m\u00eas, concedida aos discentes da UFSM e de outras ICTs por projeto<\/p>\r\n<br>\r\n<table style=\"border-collapse:collapse;border-spacing:0\" class=\"tg\"><thead><tr><th style=\"border-color:inherit;border-style:solid;border-width:1px;font-family:Arial, sans-serif;font-size:14px;font-weight:normal;overflow:hidden;padding:10px 5px;text-align:center;vertical-align:top\"><span style=\"color:black\">Categoria<\/span><\/th><th style=\"border-color:inherit;border-style:solid;border-width:1px;font-family:Arial, sans-serif;font-size:14px;font-weight:normal;overflow:hidden;padding:10px 5px;text-align:left;vertical-align:top\">   <br><span style=\"color:black\">Valor da Bolsa correspondente ao n\u00edvel de Doutorado e<\/span> <span style=\"color:black\">P\u00f3s-Doutorado do Anexo I<\/span>   <\/th><th style=\"border-color:inherit;border-style:solid;border-width:1px;font-family:Arial, sans-serif;font-size:14px;font-weight:normal;overflow:hidden;padding:10px 5px;text-align:center;vertical-align:top\"> <span style=\"color:black\">Valor m\u00e1ximo (R$)<\/span><\/th><\/tr><\/thead><tbody><tr><td style=\"border-color:inherit;border-style:solid;border-width:1px;font-family:Arial, sans-serif;font-size:14px;overflow:hidden;padding:10px 5px;text-align:left;vertical-align:middle\">   <br><span style=\"color:black\">Discente do Ensino M\u00e9dio<\/span>   <\/td><td style=\"border-color:inherit;border-style:solid;border-width:1px;font-family:Arial, sans-serif;font-size:14px;overflow:hidden;padding:10px 5px;text-align:left;vertical-align:middle\">   <br><span style=\"color:black\">1\/7 (um sete avos) do valor da bolsa <\/span>   <\/td><td style=\"border-color:inherit;border-style:solid;border-width:1px;font-family:Arial, sans-serif;font-size:14px;overflow:hidden;padding:10px 5px;text-align:left;vertical-align:middle\">&nbsp;&nbsp;&nbsp;<br><span style=\"color:black\">R$ 1.098,66 (mil e novecentos e oito reais e sessenta e seis&nbsp;&nbsp;&nbsp;centavos)<\/span>&nbsp;&nbsp;&nbsp;<\/td><\/tr><tr><td style=\"border-color:inherit;border-style:solid;border-width:1px;font-family:Arial, sans-serif;font-size:14px;overflow:hidden;padding:10px 5px;text-align:left;vertical-align:middle\">&nbsp;&nbsp;&nbsp;<br><span style=\"color:black\">Discente do n\u00edvel Tecn\u00f3logo, Gradua\u00e7\u00e3o e Especializa\u00e7\u00e3o<\/span>&nbsp;&nbsp;&nbsp;<\/td><td style=\"border-color:inherit;border-style:solid;border-width:1px;font-family:Arial, sans-serif;font-size:14px;overflow:hidden;padding:10px 5px;text-align:left;vertical-align:middle\">&nbsp;&nbsp;&nbsp;<br><span style=\"color:black\">1\/5 (um quinto) do valor da bolsa <\/span>&nbsp;&nbsp;&nbsp;<\/td><td style=\"border-color:inherit;border-style:solid;border-width:1px;font-family:Arial, sans-serif;font-size:14px;overflow:hidden;padding:10px 5px;text-align:left;vertical-align:middle\">&nbsp;&nbsp;&nbsp;<br><span style=\"color:black\">R$ 1.538,12 (mil quinhentos e trinta e oito reais e doze&nbsp;&nbsp;&nbsp;centavos)<\/span>&nbsp;&nbsp;&nbsp;<\/td><\/tr><tr><td style=\"border-color:inherit;border-style:solid;border-width:1px;font-family:Arial, sans-serif;font-size:14px;overflow:hidden;padding:10px 5px;text-align:left;vertical-align:middle\">&nbsp;&nbsp;&nbsp;<br><span style=\"color:black\">Discente do Mestrado<\/span>&nbsp;&nbsp;&nbsp;<\/td><td style=\"border-color:inherit;border-style:solid;border-width:1px;font-family:Arial, sans-serif;font-size:14px;overflow:hidden;padding:10px 5px;text-align:left;vertical-align:middle\">&nbsp;&nbsp;&nbsp;<br><span style=\"color:black\">1\/3 (um ter\u00e7o) do valor da bolsa <\/span>&nbsp;&nbsp;&nbsp;<\/td><td style=\"border-color:inherit;border-style:solid;border-width:1px;font-family:Arial, sans-serif;font-size:14px;overflow:hidden;padding:10px 5px;text-align:left;vertical-align:middle\">&nbsp;&nbsp;&nbsp;<br><span style=\"color:black\">R$ 2.563,53 (dois mil quinhentos e sessenta e tr\u00eas reais e&nbsp;&nbsp;&nbsp;cinquenta e tr\u00eas centavos)<\/span>&nbsp;&nbsp;&nbsp;<\/td><\/tr><tr><td style=\"border-color:inherit;border-style:solid;border-width:1px;font-family:Arial, sans-serif;font-size:14px;overflow:hidden;padding:10px 5px;text-align:left;vertical-align:middle\">&nbsp;&nbsp;&nbsp;<br><span style=\"color:black\">Discente do Doutorado<\/span>&nbsp;&nbsp;&nbsp;<\/td><td style=\"border-color:inherit;border-style:solid;border-width:1px;font-family:Arial, sans-serif;font-size:14px;overflow:hidden;padding:10px 5px;text-align:left;vertical-align:middle\">&nbsp;&nbsp;&nbsp;<br><span style=\"color:black\">\u00bd (um meio) do valor da bolsa <\/span>&nbsp;&nbsp;&nbsp;<\/td><td style=\"border-color:inherit;border-style:solid;border-width:1px;font-family:Arial, sans-serif;font-size:14px;overflow:hidden;padding:10px 5px;text-align:left;vertical-align:middle\">&nbsp;&nbsp;&nbsp;<br><span style=\"color:black\">R$ 3.845,30 (tr\u00eas mil oitocentos e quarenta e cinco reais e&nbsp;&nbsp;&nbsp;trinta centavos)<\/span>&nbsp;&nbsp;&nbsp;<\/td><\/tr><tr><td style=\"border-color:inherit;border-style:solid;border-width:1px;font-family:Arial, sans-serif;font-size:14px;overflow:hidden;padding:10px 5px;text-align:left;vertical-align:middle\">&nbsp;&nbsp;&nbsp;<br><span style=\"color:black\">Discente de P\u00f3s-Doutorado<\/span>&nbsp;&nbsp;&nbsp;<\/td><td style=\"border-color:inherit;border-style:solid;border-width:1px;font-family:Arial, sans-serif;font-size:14px;overflow:hidden;padding:10px 5px;text-align:left;vertical-align:middle\">   <br><span style=\"color:black\">Valor da bolsa de Doutorado e P\u00f3s-doutorado constante no Anexo I <\/span>   <\/td><td style=\"border-color:inherit;border-style:solid;border-width:1px;font-family:Arial, sans-serif;font-size:14px;overflow:hidden;padding:10px 5px;text-align:left;vertical-align:middle\">&nbsp;&nbsp;&nbsp;<br><span style=\"color:black\">R$ 7.690,59 (sete mil seiscentos e noventa&nbsp;&nbsp;&nbsp;reais e cinquenta e nove centavos) <\/span>&nbsp;&nbsp;&nbsp;<\/td><\/tr><\/tbody><\/table>\r\n<br><\/div>\r\n<br><div align=\"justify\">\r\n<p><font color=\"red0000\">Este texto n\u00e3o substitui o documento original, publicado no Portal de Documentos em 06 de maio de 2022.<\/font> Dispon\u00edvel em: <a href=\"https:\/\/portal.ufsm.br\/documentos\/publico\/documento.html?id=14153636\"><font color=\"blue\">https:\/\/portal.ufsm.br\/documentos\/publico\/documento.html?id=14153636<\/font><\/a><\/p><\/div>\r\n\r\n \t\t<\/div>\n\t\t\t\t<\/div>\n\t\t\t\t\t<\/div>\n\t\t<\/div>\n\t\t\t\t\t<\/div>\n\t\t<\/section>\n\t\t\t\t<\/div>\n\t\t","protected":false},"excerpt":{"rendered":"<p>ANEXO II DA RESOLU\u00c7\u00c3O UFSM N. 089, DE 06 DE MAIO DE 2022 MINIST\u00c9RIO DA EDUCA\u00c7\u00c3O UNIVERSIDADE FEDERAL DE SANTA MARIA ANEXO II DA RESOLU\u00c7\u00c3O UFSM N. 089, DE 06 DE MAIO DE 2022 Valor de refer\u00eancia m\u00e1ximo de cada bolsa, paga por m\u00eas, concedida aos discentes da UFSM e de outras ICTs por projeto [&hellip;]<\/p>\n","protected":false},"author":230,"featured_media":0,"parent":0,"menu_order":0,"comment_status":"closed","ping_status":"closed","template":"","meta":{"footnotes":""},"categories":[],"tags":[],"class_list":["post-4918","page","type-page","status-publish","hentry"],"acf":[],"_links":{"self":[{"href":"https:\/\/www.ufsm.br\/pro-reitorias\/proplan\/wp-json\/wp\/v2\/pages\/4918","targetHints":{"allow":["GET"]}}],"collection":[{"href":"https:\/\/www.ufsm.br\/pro-reitorias\/proplan\/wp-json\/wp\/v2\/pages"}],"about":[{"href":"https:\/\/www.ufsm.br\/pro-reitorias\/proplan\/wp-json\/wp\/v2\/types\/page"}],"author":[{"embeddable":true,"href":"https:\/\/www.ufsm.br\/pro-reitorias\/proplan\/wp-json\/wp\/v2\/users\/230"}],"replies":[{"embeddable":true,"href":"https:\/\/www.ufsm.br\/pro-reitorias\/proplan\/wp-json\/wp\/v2\/comments?post=4918"}],"version-history":[{"count":0,"href":"https:\/\/www.ufsm.br\/pro-reitorias\/proplan\/wp-json\/wp\/v2\/pages\/4918\/revisions"}],"wp:attachment":[{"href":"https:\/\/www.ufsm.br\/pro-reitorias\/proplan\/wp-json\/wp\/v2\/media?parent=4918"}],"wp:term":[{"taxonomy":"category","embeddable":true,"href":"https:\/\/www.ufsm.br\/pro-reitorias\/proplan\/wp-json\/wp\/v2\/categories?post=4918"},{"taxonomy":"post_tag","embeddable":true,"href":"https:\/\/www.ufsm.br\/pro-reitorias\/proplan\/wp-json\/wp\/v2\/tags?post=4918"}],"curies":[{"name":"wp","href":"https:\/\/api.w.org\/{rel}","templated":true}]}}