{"id":4932,"date":"2022-05-26T11:10:05","date_gmt":"2022-05-26T14:10:05","guid":{"rendered":"https:\/\/www.ufsm.br\/pro-reitorias\/proplan\/?page_id=4932"},"modified":"2023-10-19T16:00:27","modified_gmt":"2023-10-19T19:00:27","slug":"resolucao-ufsm-n-0-93-anexo-i","status":"publish","type":"page","link":"https:\/\/www.ufsm.br\/pro-reitorias\/proplan\/resolucao-ufsm-n-0-93-anexo-i","title":{"rendered":"Resolu\u00e7\u00e3o UFSM N.0 93 &#8211; ANEXO I"},"content":{"rendered":"\t\t<div data-elementor-type=\"wp-page\" data-elementor-id=\"4932\" class=\"elementor elementor-4932\">\n\t\t\t\t\t\t<section class=\"elementor-section elementor-top-section elementor-element elementor-element-264a41e elementor-section-boxed elementor-section-height-default elementor-section-height-default\" data-id=\"264a41e\" data-element_type=\"section\">\n\t\t\t\t\t\t<div class=\"elementor-container elementor-column-gap-default\">\n\t\t\t\t\t<div class=\"elementor-column elementor-col-100 elementor-top-column elementor-element elementor-element-0e428c2\" data-id=\"0e428c2\" data-element_type=\"column\">\n\t\t\t<div class=\"elementor-widget-wrap elementor-element-populated\">\n\t\t\t\t\t\t<div class=\"elementor-element elementor-element-02c34a5 elementor-widget elementor-widget-html\" data-id=\"02c34a5\" data-element_type=\"widget\" data-widget_type=\"html.default\">\n\t\t\t\t<div class=\"elementor-widget-container\">\n\t\t\t\r\n\r\n\r\n<title><b>ANEXO I DA RESOLU\u00c7\u00c3O UFSM N. 093, DE 13 DE MAIO DE 2022<\/b><\/title>\r\n\r\n\r\n<div align=\"center\"><img decoding=\"async\" src=\"https:\/\/www.ufsm.br\/pro-reitorias\/proplan\/wp-content\/uploads\/sites\/344\/2019\/09\/brasao-da-republica-do-brasil-logo.png\" alt=\"Bras\u00e3o Rep\u00fablica Federativa do Brasil\" width=\"6%\" height=\"6%\"><\/div>    \r\n<h1><font color=\"blue\"><font size=\"5\"><div align=\"center\">MINIST\u00c9RIO DA EDUCA\u00c7\u00c3O<\/b><\/font><\/font><\/div><\/H1>\r\n<p><b><font color=\"0000blue\"><div align=\"center\">UNIVERSIDADE FEDERAL DE SANTA MARIA<\/b><\/font><\/div><\/p>\r\n\r\n<p><div align=\"center\"><b><a href=\"https:\/\/portal.ufsm.br\/documentos\/publico\/documento.html?id=14172199\" target=\"_blank\"><font color=\"blue\">ANEXO I DA RESOLU\u00c7\u00c3O UFSM N. 093, DE 13 DE MAIO DE 2022<br>ORGANOGRAMA DO CENTRO DE EDUCA\u00c7\u00c3O F\u00cdSICA E DESPORTOS<\/font><\/a><\/b><\/div><\/p>\r\n<br>\r\n<div align=\"center\"><a href=\"\/\/portal.ufsm.br\/documentos\/download.html?action=arquivosIndexados&amp;id=14172199&amp;download=false\" target=\"_blank\"><font color=\"blue\">Organograma do Centro de Educa\u00e7\u00e3o F\u00edsica e Desportos (CEFD)<\/a><\/div>    \r\n\r\n<br>\r\n<br>\r\n\r\n<br>\r\n<p><font color=\"red0000\">Este texto n\u00e3o substitui o documento original, publicado no DOU em 23\/05\/2022.<\/font> Dispon\u00edvel em: <a href=\"https:\/\/www.in.gov.br\/en\/web\/dou\/-\/resolucao-ufsm-n-93-de-13-de-maio-de-2022-401807260\" target=\"_blank\"><font color=\"blue\">https:\/\/www.in.gov.br\/en\/web\/dou\/-\/resolucao-ufsm-n-93-de-13-de-maio-de-2022-401807260<\/font><\/a> e no Portal de Documentos.<\/font> Dispon\u00edvel em: <a href=\"https:\/\/portal.ufsm.br\/documentos\/publico\/documento.html?id=14172199\" target=\"_blank\"><font color=\"blue\">https:\/\/portal.ufsm.br\/documentos\/publico\/documento.html?id=14172199<\/font><\/a>\r\n\r\n \r\n\r\n\r\n\r\n\r\n\r\n\r\n\r\n\r\n\r\n\r\n\t\t<\/div>\n\t\t\t\t<\/div>\n\t\t\t\t\t<\/div>\n\t\t<\/div>\n\t\t\t\t\t<\/div>\n\t\t<\/section>\n\t\t\t\t<\/div>\n\t\t","protected":false},"excerpt":{"rendered":"<p>ANEXO I DA RESOLU\u00c7\u00c3O UFSM N. 093, DE 13 DE MAIO DE 2022 MINIST\u00c9RIO DA EDUCA\u00c7\u00c3O UNIVERSIDADE FEDERAL DE SANTA MARIA ANEXO I DA RESOLU\u00c7\u00c3O UFSM N. 093, DE 13 DE MAIO DE 2022ORGANOGRAMA DO CENTRO DE EDUCA\u00c7\u00c3O F\u00cdSICA E DESPORTOS Organograma do Centro de Educa\u00e7\u00e3o F\u00edsica e Desportos (CEFD) Este texto n\u00e3o substitui o [&hellip;]<\/p>\n","protected":false},"author":230,"featured_media":0,"parent":0,"menu_order":0,"comment_status":"closed","ping_status":"closed","template":"","meta":{"footnotes":""},"categories":[],"tags":[],"class_list":["post-4932","page","type-page","status-publish","hentry"],"acf":[],"_links":{"self":[{"href":"https:\/\/www.ufsm.br\/pro-reitorias\/proplan\/wp-json\/wp\/v2\/pages\/4932","targetHints":{"allow":["GET"]}}],"collection":[{"href":"https:\/\/www.ufsm.br\/pro-reitorias\/proplan\/wp-json\/wp\/v2\/pages"}],"about":[{"href":"https:\/\/www.ufsm.br\/pro-reitorias\/proplan\/wp-json\/wp\/v2\/types\/page"}],"author":[{"embeddable":true,"href":"https:\/\/www.ufsm.br\/pro-reitorias\/proplan\/wp-json\/wp\/v2\/users\/230"}],"replies":[{"embeddable":true,"href":"https:\/\/www.ufsm.br\/pro-reitorias\/proplan\/wp-json\/wp\/v2\/comments?post=4932"}],"version-history":[{"count":0,"href":"https:\/\/www.ufsm.br\/pro-reitorias\/proplan\/wp-json\/wp\/v2\/pages\/4932\/revisions"}],"wp:attachment":[{"href":"https:\/\/www.ufsm.br\/pro-reitorias\/proplan\/wp-json\/wp\/v2\/media?parent=4932"}],"wp:term":[{"taxonomy":"category","embeddable":true,"href":"https:\/\/www.ufsm.br\/pro-reitorias\/proplan\/wp-json\/wp\/v2\/categories?post=4932"},{"taxonomy":"post_tag","embeddable":true,"href":"https:\/\/www.ufsm.br\/pro-reitorias\/proplan\/wp-json\/wp\/v2\/tags?post=4932"}],"curies":[{"name":"wp","href":"https:\/\/api.w.org\/{rel}","templated":true}]}}