{"id":5,"date":"2018-03-28T08:18:07","date_gmt":"2018-03-28T11:18:07","guid":{"rendered":"https:\/\/www.ufsm.br\/pro-reitorias\/proplan\/?page_id=5"},"modified":"2020-12-14T12:25:04","modified_gmt":"2020-12-14T15:25:04","slug":"pro-reitoria","status":"publish","type":"page","link":"https:\/\/www.ufsm.br\/pro-reitorias\/proplan\/pro-reitoria","title":{"rendered":"Pr\u00f3-Reitoria"},"content":{"rendered":"<h2>Hist\u00f3rico<\/h2>\n<p>A Pr\u00f3-Reitoria de Planejamento (PROPLAN) teve origem da Assessoria de Planejamento \u2013 ASSEPLAN da Reitoria, diretamente vinculada ao Gabinete do Reitor, foi institu\u00edda conforme Regimento da UFSM, de 1972, aprovado pelo Parecer n. 014\/72, de 11\/01\/1972.<\/p>\n<p>Nesta \u00e9poca, o Departamento de Assuntos Universit\u00e1rios do Minist\u00e9rio da Educa\u00e7\u00e3o e Cultura, consciente dos problemas que afligiam o Sistema de Ensino Superior e da situa\u00e7\u00e3o em que se encontravam as suas institui\u00e7\u00f5es, procurou em outubro de 1975, construir e oferecer \u00e0s IES brasileiras um modelo conceitual de \u00f3rg\u00e3o de planejamento que pudesse integrar-se, operacionalmente, \u00e0 sua estrutura administrativa, por interm\u00e9dio do Programa Nacional de Planejamento Universit\u00e1rio \u2013 CODEMOR (Coordena\u00e7\u00e3o de Moderniza\u00e7\u00e3o de Reforma Administrativa)\/DAU (Departamento de Assuntos Universit\u00e1rios), que nasceu do Projeto n. 007\/75 \u00a0\u2013 Programa Nacional de Implanta\u00e7\u00e3o de Modelos de \u00d3rg\u00e3os de Planejamento. Este projeto objetivava a estrutura\u00e7\u00e3o e implanta\u00e7\u00e3o de modelos de \u00f3rg\u00e3os de planejamento universit\u00e1rios, ajustados ao norte e a situa\u00e7\u00e3o da IES do sistema federal. Inicialmente implementado por quatro IES, posteriormente, o projeto foi estendido a mais outras sete IES, pela necessidade de uma composi\u00e7\u00e3o tipol\u00f3gica mais diversificada, e para aproveitamento da disposi\u00e7\u00e3o de engajamento de algumas institui\u00e7\u00f5es.<\/p>\n<p>Na UFSM a ASSEPLAN elaborou o Projeto n. 045\/77, propondo a transforma\u00e7\u00e3o dessa assessoria em Pr\u00f3-Reitoria de Planejamento, de acordo com a filosofia proposta pelo Programa Nacional de Planejamento Universit\u00e1rio da CODEMOR\/DAU. A proposta foi aprovada na Sess\u00e3o n. 240, do Conselho Universit\u00e1rio, de 29 de junho de 1978 e tamb\u00e9m foi analisada e recomendada pelo Diretor do DAU\/MEC. A reestrutura\u00e7\u00e3o da Assessoria de Planejamento em Pr\u00f3-Reitoria de Planejamento foi implementada por meio da Resolu\u00e7\u00e3o n. 15\/78 da UFSM, de 29 de junho de 1978.<\/p>\n<p>Na oportunidade o Sistema de Planejamento era constitu\u00eddo dos seguintes subsistemas estruturados em Coordenadorias:<\/p>\n<ul>\n<li>Subsistema de Planejamento Global;<\/li>\n<li>Subsistema de Planejamento de Pesquisa Institucional;<\/li>\n<li>Subsistema de Planejamento Informacional;<\/li>\n<li>Subsistema de Planejamento Administrativo;<\/li>\n<li>Subsistema de Planejamento Econ\u00f4mico-Financeiro;<\/li>\n<li>Subsistema de Planejamento F\u00edsico;<\/li>\n<li>Subsistema de Planejamento Comunit\u00e1rio;<\/li>\n<li>Subsistema de Planejamento Acad\u00eamico;<\/li>\n<li>Assistente.<\/li>\n<\/ul>\n<p>Conv\u00e9m salientar que o Subsistema de Planejamento Global, n\u00e3o chegou a ser implementado, embora previsto na composi\u00e7\u00e3o inicial.<\/p>\n<p>Na d\u00e9cada de 80, foram transferidas informalmente as Coordenadorias de Planejamento Comunit\u00e1rio e de Planejamento Acad\u00eamico, respectivamente, para a Pr\u00f3-Reitoria de Assuntos Estudantis e a Pr\u00f3-Reitoria de Gradua\u00e7\u00e3o, sendo que a fun\u00e7\u00e3o de Secret\u00e1rio Geral da UFSM, lotada no Gabinete do Reitor, foi disponibilizada para a PROPLAN.<\/p>\n<p>Deste modo, a estrutura da PROPLAN ficou constitu\u00edda de:<\/p>\n<ul>\n<li>Pr\u00f3-Reitor;<\/li>\n<li>Secret\u00e1rio Geral (Pr\u00f3-Reitor Substituto);<\/li>\n<li>Secret\u00e1rio Administrativo;<\/li>\n<li>Coordenadoria de Planejamento Administrativo;<\/li>\n<li>Coordenadoria de Planejamento Informacional;<\/li>\n<li>Coordenadoria de Planejamento Econ\u00f4mico;<\/li>\n<li>Coordenadoria de Planejamento da Pesquisa Institucional;<\/li>\n<li>Coordenadoria de Planejamento F\u00edsico.<\/li>\n<\/ul>\n<p>Atualmente sua estrutura est\u00e1 composta por:<\/p>\n<ul>\n<li>Pr\u00f3-Reitor;<\/li>\n<li>Assistente;<\/li>\n<li>Secretaria Administrativa;<\/li>\n<li>Coordenadoria de Planejamento Administrativo;<\/li>\n<li>Coordenadoria de Planejamento Econ\u00f4mico;<\/li>\n<li>Coordenadoria de Planejamento Informacional;<\/li>\n<li>Coordenadoria de Projetos e Conv\u00eanios;<\/li>\n<li>Coordenadoria de Planejamento e Avalia\u00e7\u00e3o Institucional.<\/li>\n<\/ul>\n<p>Com esta estrutura a PROPLAN coordena as atividades de planejamento, or\u00e7amento e moderniza\u00e7\u00e3o administrativa no \u00e2mbito da Universidade. Da mesma forma, emite parecer sobre conv\u00eanios, contratos, ajustes e acordos. Analisa informa\u00e7\u00f5es internas e externas \u00e0 Universidade, necess\u00e1rias \u00e0 avalia\u00e7\u00e3o do esfor\u00e7o educacional e \u00e0 tomada de decis\u00e3o.<\/p>\n","protected":false},"excerpt":{"rendered":"<p>Hist\u00f3rico A Pr\u00f3-Reitoria de Planejamento (PROPLAN) teve origem da Assessoria de Planejamento \u2013 ASSEPLAN da Reitoria, diretamente vinculada ao Gabinete do Reitor, foi institu\u00edda conforme Regimento da UFSM, de 1972, aprovado pelo Parecer n. 014\/72, de 11\/01\/1972. Nesta \u00e9poca, o Departamento de Assuntos Universit\u00e1rios do Minist\u00e9rio da Educa\u00e7\u00e3o e Cultura, consciente dos problemas que afligiam [&hellip;]<\/p>\n","protected":false},"author":74,"featured_media":0,"parent":0,"menu_order":0,"comment_status":"closed","ping_status":"closed","template":"","meta":{"footnotes":""},"categories":[],"tags":[],"class_list":["post-5","page","type-page","status-publish","hentry"],"acf":[],"_links":{"self":[{"href":"https:\/\/www.ufsm.br\/pro-reitorias\/proplan\/wp-json\/wp\/v2\/pages\/5","targetHints":{"allow":["GET"]}}],"collection":[{"href":"https:\/\/www.ufsm.br\/pro-reitorias\/proplan\/wp-json\/wp\/v2\/pages"}],"about":[{"href":"https:\/\/www.ufsm.br\/pro-reitorias\/proplan\/wp-json\/wp\/v2\/types\/page"}],"author":[{"embeddable":true,"href":"https:\/\/www.ufsm.br\/pro-reitorias\/proplan\/wp-json\/wp\/v2\/users\/74"}],"replies":[{"embeddable":true,"href":"https:\/\/www.ufsm.br\/pro-reitorias\/proplan\/wp-json\/wp\/v2\/comments?post=5"}],"version-history":[{"count":0,"href":"https:\/\/www.ufsm.br\/pro-reitorias\/proplan\/wp-json\/wp\/v2\/pages\/5\/revisions"}],"wp:attachment":[{"href":"https:\/\/www.ufsm.br\/pro-reitorias\/proplan\/wp-json\/wp\/v2\/media?parent=5"}],"wp:term":[{"taxonomy":"category","embeddable":true,"href":"https:\/\/www.ufsm.br\/pro-reitorias\/proplan\/wp-json\/wp\/v2\/categories?post=5"},{"taxonomy":"post_tag","embeddable":true,"href":"https:\/\/www.ufsm.br\/pro-reitorias\/proplan\/wp-json\/wp\/v2\/tags?post=5"}],"curies":[{"name":"wp","href":"https:\/\/api.w.org\/{rel}","templated":true}]}}