{"id":5073,"date":"2022-09-23T15:38:56","date_gmt":"2022-09-23T18:38:56","guid":{"rendered":"https:\/\/www.ufsm.br\/pro-reitorias\/proplan\/?page_id=5073"},"modified":"2025-01-27T09:25:25","modified_gmt":"2025-01-27T12:25:25","slug":"portaria-normativa-ufsm-n-051-2022","status":"publish","type":"page","link":"https:\/\/www.ufsm.br\/pro-reitorias\/proplan\/portaria-normativa-ufsm-n-051-2022","title":{"rendered":"Portaria Normativa UFSM N. 051\/2022"},"content":{"rendered":"\t\t<div data-elementor-type=\"wp-page\" data-elementor-id=\"5073\" class=\"elementor elementor-5073\">\n\t\t\t\t\t\t<section class=\"elementor-section elementor-top-section elementor-element elementor-element-71e39de elementor-section-boxed elementor-section-height-default elementor-section-height-default\" data-id=\"71e39de\" data-element_type=\"section\">\n\t\t\t\t\t\t<div class=\"elementor-container elementor-column-gap-default\">\n\t\t\t\t\t<div class=\"elementor-column elementor-col-100 elementor-top-column elementor-element elementor-element-fdff55d\" data-id=\"fdff55d\" data-element_type=\"column\">\n\t\t\t<div class=\"elementor-widget-wrap elementor-element-populated\">\n\t\t\t\t\t\t<div class=\"elementor-element elementor-element-2dc73d4 elementor-widget elementor-widget-html\" data-id=\"2dc73d4\" data-element_type=\"widget\" data-widget_type=\"html.default\">\n\t\t\t\t<div class=\"elementor-widget-container\">\n\t\t\t\r\n<title><b>PORTARIA NORMATIVA UFSM N. 051, DE 23 DE SETEMBRO DE 2022<\/b><\/title>\r\n<div align=\"center\"><img decoding=\"async\" src=\"https:\/\/www.ufsm.br\/pro-reitorias\/proplan\/wp-content\/uploads\/sites\/344\/2019\/09\/brasao-da-republica-do-brasil-logo.png\" alt=\"Bras\u00e3o Rep\u00fablica Federativa do Brasil\" width=\"6%\" height=\"6%\"><\/div>    \r\n<h1><font color=\"blue\"><font size=\"5\"><div align=\"center\">MINIST\u00c9RIO DA EDUCA\u00c7\u00c3O<\/div><\/font><\/font><\/h1>\r\n<p><b><font color=\"0000blue\"><div align=\"center\">UNIVERSIDADE FEDERAL DE SANTA MARIA<\/font><\/b><\/div>\r\n<p><div align=\"center\"><b><a href=\"https:\/\/portal.ufsm.br\/documentos\/publico\/documento.html?id=14406350\" target=\"_blank\"><font color=\"blue\">PORTARIA NORMATIVA UFSM N. 051, DE 23 DE SETEMBRO DE 2022<\/font><\/a><\/b><\/div>\r\n<br>\r\n<p><div align=\"justify\"><font color=\"800000\"><ul><ul><ul><ul><ul><ul><ul><ul><ul>Estabelece orienta\u00e7\u00f5es t\u00e9cnicas sobre Retribui\u00e7\u00e3o por Titula\u00e7\u00e3o e Acelera\u00e7\u00e3o da Promo\u00e7\u00e3o de docentes do Plano de Carreiras e Cargos de Magist\u00e9rio Federal da Universidade Federal de Santa Maria (UFSM).<\/font><\/div>\r\n<font color=\"black\">\r\n<br>\r\n<br><div align=\"justify\">\r\n<p>O REITOR DA UNIVERSIDADE FEDERAL DE SANTA MARIA, no uso de suas atribui\u00e7\u00f5es legais e estatut\u00e1rias e considerando:\r\n<p style=\"text-align: justify\">- o <a href=\"http:\/\/www.planalto.gov.br\/ccivil_03\/_ato2019-2022\/2019\/decreto\/D10139.htm\"><font color=\"blue\"><u>Decreto N. 10.139, de 28 de novembro de 2019<\/font><\/u><\/a>, que disp&otilde;e sobre a revis&atilde;o e a consolida&ccedil;&atilde;o de atos normativos inferiores a decreto;<\/p>\r\n<p style=\"text-align: justify\">- o entendimento do <a href=\"https:\/\/dafdc.ufsc.br\/files\/2019\/07\/Of%C3%ADcio-Circular-SEI-n%C2%BA-2-2019.pdf\"><font color=\"blue\"><u>Of&iacute;cio Circular SEI N. 002\/2019\/CGCARASSES\/CGCAR\/DESEN\/SGP\/SEDGG-ME<\/font><\/u><\/a>, de 18 de junho de 2019;<\/p>\r\n<p style=\"text-align: justify\">- o entendimento da <a href=\"http:\/\/www.cppd.ufpr.br\/portal\/wp-content\/uploads\/2019\/08\/nota_tecnica_sei_n132019cgcar_assescgcardesensgpsedegg_me_comprovante_provisorio_do_diploma.pdf\"><font color=\"blue\"><u>Nota T&eacute;cnica SEI N. 013\/2019\/CGCARASSES\/CGCAR\/DESEN\/SGP\/SEDGG-ME<\/font><\/u><\/a>, de 18 de junho de 2019;<\/p>\r\n<p style=\"text-align: justify\">- o disposto no<a href=\"https:\/\/legis.sigepe.planejamento.gov.br\/legis\/detalhar\/14592\"><font color=\"blue\"><u>Of&iacute;cio Circular N. 053\/2018-MP<\/font><\/u><\/a>, de 27 de fevereiro de 2018;<\/p>\r\n<p style=\"text-align: justify\">- o solicitado no Despacho N. 257\/2018\/STPD, de 07 de mar&ccedil;o de 2018;<\/p>\r\n<p style=\"text-align: justify\">- o entendimento do Despacho N. 033\/2018\/PROJUR\/PFUFSM\/PGF\/AGU, de 14 de mar&ccedil;o de 2018;<\/p>\r\n<p style=\"text-align: justify\">- o entendimento da Nota N. 073\/2018\/PFUFSM\/PGF\/AGU, de 14 de mar&ccedil;o de 2018;<\/p>\r\n<font color=\"black\">\r\n<p style=\"text-align: justify\">- o <a href=\"https:\/\/www.ufsm.br\/pro-reitorias\/proplan\/estatuto-ufsm-2010\/\"><font color=\"blue\"><u>Estatuto da Universidade Federal de Santa Maria<\/font><\/u><\/a> com as adequa&ccedil;&otilde;es aprovadas pela <a href=\"https:\/\/www.ufsm.br\/pro-reitorias\/proplan\/resolucao-n-037-2010\/\"><font color=\"blue\"><u>Resolu&ccedil;&atilde;o UFSM N. 037, de 30 de novembro de 2010<\/font><\/u><\/a>, aprovado pela <a href=\"https:\/\/www.ufsm.br\/app\/uploads\/2018\/08\/Estatuto-da-UFSM.pdf\">Portaria N. 156, de 12 de mar&ccedil;o de 2014<\/font><\/u><\/a>, e publicado no Di&aacute;rio Oficial da Uni&atilde;o em 13 de mar&ccedil;o de 2014;<\/p>\r\n<font color=\"black\">\r\n    \r\n<p style=\"text-align: justify\">- o <a href=\"https:\/\/www.ufsm.br\/pro-reitorias\/proplan\/regimento-geral-da-ufsm-com-alteracoes-compiladas-pela-resolucao-n-016-2019\/\"><font color=\"blue\"><u>Regimento da UFSM<\/font><\/u><\/a>, disposto na <a href=\"https:\/\/www.ufsm.br\/pro-reitorias\/proplan\/resolucao-n-006-2011\/\"><font color=\"blue\"><u>Resolu&ccedil;&atilde;o UFSM N. 006, de 28 de abril de 2011<\/font><\/u><\/a>, atualizado pela <a href=\"https:\/\/www.ufsm.br\/pro-reitorias\/proplan\/resolucao-n-016-2019\/\"><font color=\"blue\"><u>Resolu&ccedil;&atilde;o UFSM N. 016, de 02 de julho de 2019<\/font><\/u><\/a>; e,<\/p>\r\n<font color=\"black\">\r\n    \r\n<p style=\"text-align: justify\">- a <a href=\"https:\/\/www.ufsm.br\/pro-reitorias\/proplan\/resolucao-ufsm-n-054-2021\/\"><font color=\"blue\"><u>Resolu&ccedil;&atilde;o UFSM N. 054, de 1&ordm; de junho de 2021<\/font><\/u><\/a>, que regulamenta a proposi&ccedil;&atilde;o e a emiss&atilde;o de Atos Normativos no &acirc;mbito da Universidade Federal de Santa Maria;<\/p>\r\n<p style=\"text-align: justify\">- a <a href=\"https:\/\/www.ufsm.br\/pro-reitorias\/proplan\/resolucao-ufsm-n-101-2022\/\"><font color=\"blue\"><u>Resolu&ccedil;&atilde;o UFSM N. 101, de 26 de Agosto de 2022<\/font><\/u><\/a>, que disp&otilde;e sobre a Retribui&ccedil;&atilde;o por Titula&ccedil;&atilde;o (RT) e a Acelera&ccedil;&atilde;o da Promo&ccedil;&atilde;o de docentes do Plano de Carreiras e Cargos de Magist&eacute;rio Federal da Universidade Federal de Santa Maria (UFSM); e,<\/p>\r\n<p style=\"text-align: justify\">- o Processo administrativo n.<a href=\"https:\/\/portal.ufsm.br\/documentos\/publico\/processo\/documento.html;jsessionid=b970fa355932ab8a1e58c1cd908a?idDocumento=14374159\"><font color=\"blue\"><u>23081.096419\/2022-15<\/font><\/u><\/a>.<\/p>\r\n\r\n<font color=\"black\">\r\n    \r\n<p style=\"text-align: justify\">&nbsp;<\/p>\r\n<p style=\"text-align: justify\">ESTABELECE:<\/p>\r\n<p style=\"text-align: justify\">&nbsp;<\/p>\r\n<p style=\"text-align: justify\">Art. 1&ordm; A forma alternativa de comprova&ccedil;&atilde;o dos t&iacute;tulos nacionais de Mestrado e Doutorado deve observar a apresenta&ccedil;&atilde;o dos seguintes documentos:<\/p>\r\n<p style=\"text-align: justify\">I &ndash; a apresenta&ccedil;&atilde;o de documento formal expedido pela institui&ccedil;&atilde;o de ensino respons&aacute;vel que declare expressamente a conclus&atilde;o efetiva do curso reconhecido pelo MEC, com a aprova&ccedil;&atilde;o do interessado e a (inexist&ecirc;ncia de qualquer pend&ecirc;ncia para a aquisi&ccedil;&atilde;o da titula&ccedil;&atilde;o;<\/p>\r\n<p style=\"text-align: justify\">&nbsp;II &ndash; comprovante, expedido pela institui&ccedil;&atilde;o de ensino na qual se fez o curso, de in&iacute;cio de expedi&ccedil;&atilde;o e registro do respectivo certificado ou diploma; e,<\/p>\r\n<p style=\"text-align: justify\">III &ndash; declara&ccedil;&atilde;o e autoriza&ccedil;&atilde;o dispon&iacute;vel na p&aacute;gina institucional da Pr&oacute;-Reitoria de Gest&atilde;o de Pessoas que dever&aacute; ser anexada na abertura do processo de solicita&ccedil;&atilde;o de Retribui&ccedil;&atilde;o por Titula&ccedil;&atilde;o.<\/p>\r\n<p style=\"text-align: justify\">&sect; 1&ordm; A documenta&ccedil;&atilde;o mencionada nos incisos I e II dever&aacute; ser substitu&iacute;da pela c&oacute;pia do Diploma, no prazo m&aacute;ximo de 6 (seis) meses, sob pena de corte de benef&iacute;cio e restitui&ccedil;&atilde;o dos valores recebidos, devidamente corrigidos monetariamente e com implanta&ccedil;&atilde;o do desconto em folha de pagamento, nos termos de declara&ccedil;&atilde;o de autoriza&ccedil;&atilde;o firmada pelo servidor interessado.<\/p>\r\n<p style=\"text-align: justify\">&sect; 2&ordm; A c&oacute;pia dever&aacute; ser enviada &agrave; Secretaria T&eacute;cnica de Pessoal Docente para ser anexada ao respectivo processo eletr&ocirc;nico.<\/p>\r\n<p style=\"text-align: justify\">&sect; 3&ordm; O prazo de 6 (seis) meses, mencionado no par&aacute;grafo anterior, poder&aacute; ser prorrogado pela STPD por at&eacute; igual per&iacute;odo desde que apresentadas as justificativas correspondentes.<\/p>\r\n<p style=\"text-align: justify\">Art. 2&ordm; A forma alternativa de comprova&ccedil;&atilde;o dos t&iacute;tulos estrangeiros de Mestrado e Doutorado deve observar a apresenta&ccedil;&atilde;o dos seguintes documentos:<\/p>\r\n<p style=\"text-align: justify\">I &ndash; a apresenta&ccedil;&atilde;o de documento formal expedido pela institui&ccedil;&atilde;o de ensino respons&aacute;vel que declare expressamente que foi revalidado o diploma obtido no exterior;<\/p>\r\n<p style=\"text-align: justify\">II &ndash; comprovante, expedido pela institui&ccedil;&atilde;o que fez a revalida&ccedil;&atilde;o, de que se deu in&iacute;cio ao tr&acirc;mite de expedi&ccedil;&atilde;o e registro da revalida&ccedil;&atilde;o do respectivo diploma; e,<\/p>\r\n<p style=\"text-align: justify\">III &ndash; declara&ccedil;&atilde;o e autoriza&ccedil;&atilde;o dispon&iacute;vel na p&aacute;gina institucional da Pr&oacute;-Reitoria de Gest&atilde;o de Pessoas que dever&aacute; ser anexada na abertura do processo de solicita&ccedil;&atilde;o de Retribui&ccedil;&atilde;o por Titula&ccedil;&atilde;o.<\/p>\r\n<p style=\"text-align: justify\">&sect; 1&ordm; A documenta&ccedil;&atilde;o mencionada nos incisos I e II dever&aacute; ser substitu&iacute;da pela c&oacute;pia do Diploma obtido no exterior onde conste a revalida&ccedil;&atilde;o por Institui&ccedil;&atilde;o de Ensino Superior no pa&iacute;s, no prazo m&aacute;ximo de 6 (seis) meses, sob pena de corte de benef&iacute;cio e restitui&ccedil;&atilde;o dos valores recebidos, devidamente corrigidos monetariamente e com implanta&ccedil;&atilde;o do desconto em folha de pagamento, nos termos de declara&ccedil;&atilde;o de autoriza&ccedil;&atilde;o firmada pelo servidor interessado.<\/p>\r\n<p style=\"text-align: justify\">&sect; 2&ordm; A c&oacute;pia dever&aacute; ser enviada &agrave; Secretaria T&eacute;cnica de Pessoal Docente (STPD) para ser anexada ao respectivo processo eletr&ocirc;nico.<\/p>\r\n<p style=\"text-align: justify\">&sect; 3&ordm; O prazo de 6 (seis) meses mencionado no par&aacute;grafo anterior poder&aacute; ser prorrogado pela STPD por at&eacute; igual per&iacute;odo desde que apresentadas as justificativas correspondentes.<\/p>\r\n<p style=\"text-align: justify\">Art. 3&ordm; O termo inicial de pagamento da Retribui&ccedil;&atilde;o por Titula&ccedil;&atilde;o se dar&aacute; a partir da data de tramita&ccedil;&atilde;o &agrave; Secretaria T&eacute;cnica de Pessoal Docente do processo eletr&ocirc;nico no sistema PEN-SIE (Processo Eletr&ocirc;nico Nacional - Sistema de Informa&ccedil;&otilde;es para o Ensino) considerando o tipo documental &ldquo;Processo de retribui&ccedil;&atilde;o por titula&ccedil;&atilde;o&rdquo;, desde que atendidos todos os requisitos estabelecidos na Resolu&ccedil;&atilde;o que regula a mat&eacute;ria na UFSM, de acordo com a item 3, letra c, do Of&iacute;cio Circular SEI N. 002\/2019\/CGCAR ASSES\/CGCAR\/DESEN\/SGP\/SEDGG-ME, de 18 de junho de 2019.<\/p>\r\n<p style=\"text-align: justify\">Par&aacute;grafo &uacute;nico. N&atilde;o haver&aacute; retroatividade dos efeitos financeiros a partir de conclus&atilde;o do curso, conforme disposto no Of&iacute;cio Circular N. 053\/2018-MP, de 27 de fevereiro de 2018, item 2, letra g.<\/p>\r\n<p style=\"text-align: justify\">Art. 4&ordm; A data dos efeitos financeiros da Acelera&ccedil;&atilde;o da Promo&ccedil;&atilde;o ser&aacute; a partir da data de tramita&ccedil;&atilde;o &agrave; Secretaria T&eacute;cnica de Pessoal Docente do processo eletr&ocirc;nico no sistema PEN-SIE (Processo Eletr&ocirc;nico Nacional - Sistema de Informa&ccedil;&otilde;es para o Ensino) considerando o tipo documental &ldquo;Processo de acelera&ccedil;&atilde;o da promo&ccedil;&atilde;o docente&rdquo;, desde que atendidos todos os requisitos estabelecidos na Resolu&ccedil;&atilde;o que regula a mat&eacute;ria na UFSM, de acordo com o Of&iacute;cio Circular N. 053\/2018-MP, de 27 de fevereiro de 2018, item 2, letra a; o Despacho N. 257\/2018\/STPD, de 07 de mar&ccedil;o de 2018, item I, letra d; o Despacho N. 033\/2018\/PROJUR\/PFUFSM\/PGF\/AGU, de 14 de mar&ccedil;o de 2018, item 1, subitem 1, item 1.d; e a Nota N. 073\/2018\/PFUFSM\/PGF\/AGU, de 14 de mar&ccedil;o de 2018, item 6.<\/p>\r\n<p style=\"text-align: justify\">Par&aacute;grafo &uacute;nico. A data de homologa&ccedil;&atilde;o da avalia&ccedil;&atilde;o do est&aacute;gio probat&oacute;rio, que geralmente &eacute; anterior &agrave; data de cumprimento de 03 (tr&ecirc;s) anos de efetivo exerc&iacute;cio do servidor, n&atilde;o ser&aacute; considerada como marco inicial dos efeitos financeiros da Acelera&ccedil;&atilde;o da Promo&ccedil;&atilde;o, de acordo com Despacho N. 033\/2018\/PROJUR\/PFUFSM\/PGF\/AGU, de 14 de mar&ccedil;o de 2018, item 1, subitem 1. Item 1.d.<\/p>\r\n<p style=\"text-align: justify\">Art. 5&ordm; Havendo mudan&ccedil;a de orienta&ccedil;&atilde;o e entendimentos, no servi&ccedil;o p&uacute;blico federal, sobre a forma como devem ser comprovados os certificados e t&iacute;tulos para a Retribui&ccedil;&atilde;o por Titula&ccedil;&atilde;o e para a Acelera&ccedil;&atilde;o da Promo&ccedil;&atilde;o e sobre a data dos efeitos financeiros desses benef&iacute;cios, ser&aacute; publicada uma nova portaria normativa ou ato equivalente.<\/p>\r\n\r\n<p style=\"text-align: justify\">Art. 6&ordm; Esta Portaria Normativa entra em vigor em 03 de outubro de 2022, de acordo com o que prev&ecirc; o Artigo 4&ordm; do <a href=\"http:\/\/www.planalto.gov.br\/ccivil_03\/_ato2019-2022\/2019\/decreto\/D10139.htm\" target=\"_blank\"><font color=\"blue\"><u>Decreto N. 10.139, de 28 de novembro de 2019<\/u><\/font><\/a>.<\/p>\r\n<p style=\"text-align: justify\">Par&aacute;grafo &uacute;nico. Havendo conflito entre a norma legal e as posi&ccedil;&otilde;es desta Portaria Normativa, em nome do princ&iacute;pio da hierarquia das leis, aquela (lei) prevalece sobre esta (Portaria Normativa), observando, ainda, as orienta&ccedil;&otilde;es do Minist&eacute;rio da Educa&ccedil;&atilde;o, do Sistema de Pessoal Civil da Administra&ccedil;&atilde;o Federal (SIPEC) e do &Oacute;rg&atilde;o de Gest&atilde;o de Pessoas Pessoal da Administra&ccedil;&atilde;o Federal sobre o tema.<\/p>\r\n<p style=\"text-align: justify\">&nbsp;<\/p>\r\n<br>\r\n<p>Luciano Schuch,<\/p>\r\n<p>Reitor.<\/p>\r\n<p><font color=\"red0000\">Este texto n\u00e3o substitui o documento original, publicado no Portal de Documentos em 23 de setembro de 2022.<\/font> Dispon\u00edvel em: <a href=\"https:\/\/portal.ufsm.br\/documentos\/publico\/documento.html?id=14406350\" target=\"_blank\"><font color=\"blue\">https:\/\/portal.ufsm.br\/documentos\/publico\/documento.html?id=14406350<\/font><\/a><\/p><\/div>\r\n\r\n\t\t<\/div>\n\t\t\t\t<\/div>\n\t\t\t\t\t<\/div>\n\t\t<\/div>\n\t\t\t\t\t<\/div>\n\t\t<\/section>\n\t\t\t\t<\/div>\n\t\t","protected":false},"excerpt":{"rendered":"<p>PORTARIA NORMATIVA UFSM N. 051, DE 23 DE SETEMBRO DE 2022 MINIST\u00c9RIO DA EDUCA\u00c7\u00c3O UNIVERSIDADE FEDERAL DE SANTA MARIA PORTARIA NORMATIVA UFSM N. 051, DE 23 DE SETEMBRO DE 2022 Estabelece orienta\u00e7\u00f5es t\u00e9cnicas sobre Retribui\u00e7\u00e3o por Titula\u00e7\u00e3o e Acelera\u00e7\u00e3o da Promo\u00e7\u00e3o de docentes do Plano de Carreiras e Cargos de Magist\u00e9rio Federal da Universidade Federal [&hellip;]<\/p>\n","protected":false},"author":4883,"featured_media":0,"parent":0,"menu_order":0,"comment_status":"closed","ping_status":"closed","template":"","meta":{"footnotes":""},"categories":[],"tags":[],"class_list":["post-5073","page","type-page","status-publish","hentry"],"acf":[],"_links":{"self":[{"href":"https:\/\/www.ufsm.br\/pro-reitorias\/proplan\/wp-json\/wp\/v2\/pages\/5073","targetHints":{"allow":["GET"]}}],"collection":[{"href":"https:\/\/www.ufsm.br\/pro-reitorias\/proplan\/wp-json\/wp\/v2\/pages"}],"about":[{"href":"https:\/\/www.ufsm.br\/pro-reitorias\/proplan\/wp-json\/wp\/v2\/types\/page"}],"author":[{"embeddable":true,"href":"https:\/\/www.ufsm.br\/pro-reitorias\/proplan\/wp-json\/wp\/v2\/users\/4883"}],"replies":[{"embeddable":true,"href":"https:\/\/www.ufsm.br\/pro-reitorias\/proplan\/wp-json\/wp\/v2\/comments?post=5073"}],"version-history":[{"count":0,"href":"https:\/\/www.ufsm.br\/pro-reitorias\/proplan\/wp-json\/wp\/v2\/pages\/5073\/revisions"}],"wp:attachment":[{"href":"https:\/\/www.ufsm.br\/pro-reitorias\/proplan\/wp-json\/wp\/v2\/media?parent=5073"}],"wp:term":[{"taxonomy":"category","embeddable":true,"href":"https:\/\/www.ufsm.br\/pro-reitorias\/proplan\/wp-json\/wp\/v2\/categories?post=5073"},{"taxonomy":"post_tag","embeddable":true,"href":"https:\/\/www.ufsm.br\/pro-reitorias\/proplan\/wp-json\/wp\/v2\/tags?post=5073"}],"curies":[{"name":"wp","href":"https:\/\/api.w.org\/{rel}","templated":true}]}}