{"id":5097,"date":"2022-09-28T09:56:34","date_gmt":"2022-09-28T12:56:34","guid":{"rendered":"https:\/\/www.ufsm.br\/pro-reitorias\/proplan\/?page_id=5097"},"modified":"2022-09-28T09:58:37","modified_gmt":"2022-09-28T12:58:37","slug":"instrucao-normativa-ufsm-n-002-de-27-de-setembro-de-2022","status":"publish","type":"page","link":"https:\/\/www.ufsm.br\/pro-reitorias\/proplan\/instrucao-normativa-ufsm-n-002-de-27-de-setembro-de-2022","title":{"rendered":"INSTRU\u00c7\u00c3O NORMATIVA UFSM N. 002, DE 27 DE SETEMBRO DE 2022"},"content":{"rendered":"\t\t<div data-elementor-type=\"wp-page\" data-elementor-id=\"5097\" class=\"elementor elementor-5097\">\n\t\t\t\t\t\t<section class=\"elementor-section elementor-top-section elementor-element elementor-element-f9ef110 elementor-section-boxed elementor-section-height-default elementor-section-height-default\" data-id=\"f9ef110\" data-element_type=\"section\">\n\t\t\t\t\t\t<div class=\"elementor-container elementor-column-gap-default\">\n\t\t\t\t\t<div class=\"elementor-column elementor-col-100 elementor-top-column elementor-element elementor-element-6bd9678\" data-id=\"6bd9678\" data-element_type=\"column\">\n\t\t\t<div class=\"elementor-widget-wrap elementor-element-populated\">\n\t\t\t\t\t\t<div class=\"elementor-element elementor-element-4cb397b elementor-widget elementor-widget-html\" data-id=\"4cb397b\" data-element_type=\"widget\" data-widget_type=\"html.default\">\n\t\t\t\t<div class=\"elementor-widget-container\">\n\t\t\t\r\n\r\n\r\n<title><b>INSTRU\u00c7\u00c3O NORMATIVA UFSM N. 002, DE 27 DE SETEMBRO DE 2022<\/b><\/title>\r\n\r\n\r\n<div align=\"center\"><img decoding=\"async\" src=\"https:\/\/www.ufsm.br\/pro-reitorias\/proplan\/wp-content\/uploads\/sites\/344\/2019\/09\/brasao-da-republica-do-brasil-logo.png\" alt=\"Bras\u00e3o Rep\u00fablica Federativa do Brasil\" width=\"6%\" height=\"6%\"><\/div>  <h1><font color=\"blue\"><font size=\"5\"><div align=\"center\">MINIST\u00c9RIO DA EDUCA\u00c7\u00c3O<\/div><\/font><\/font><\/H1>\r\n<b><font color=\"0000blue\"><div align=\"center\">UNIVERSIDADE FEDERAL DE SANTA MARIA<\/div><\/font><\/b>\r\n<p><div align=\"center\"><b><a href=\"https:\/\/portal.ufsm.br\/documentos\/publico\/documento.html?id=14413059\" target=\"_blank\"><font color=\"blue\">INSTRU\u00c7\u00c3O NORMATIVA UFSM N. 002, DE 27 DE SETEMBRO DE 2022<\/font><\/a><\/b><\/div>\r\n<br>\r\n<p><div align=\"justify\"><font color=\"800000\">Orientar sobre a tramita\u00e7\u00e3o dos processos de  Retribui\u00e7\u00e3o por Titula\u00e7\u00e3o e Acelera\u00e7\u00e3o da Promo\u00e7\u00e3o de docentes do Plano de Carreiras e Cargos de Magist\u00e9rio Federal da Universidade Federal de Santa Maria (UFSM).<\/font><\/div>\r\n<br>\r\n<br><div align=\"justify\">\r\n<p>O REITOR DA UNIVERSIDADE FEDERAL DE SANTA MARIA, no uso de suas atribui\u00e7\u00f5es legais e estatut\u00e1rias e considerando:<\/p>\r\n<p style=\"text-align: justify\">- o <a href=\"https:\/\/www.in.gov.br\/en\/web\/dou\/-\/decreto-n-10.139-de-28-de-novembro-de-2019-230458659\">Decreto N. 10.139, de 28 de novembro de 2019<\/a>, que disp&otilde;e sobre a revis&atilde;o e a consolida&ccedil;&atilde;o de atos normativos inferiores a decreto;<\/p>\r\n<p style=\"text-align: justify\">- o entendimento do <a href=\"https:\/\/dafdc.ufsc.br\/files\/2019\/07\/Of%C3%ADcio-Circular-SEI-n%C2%BA-2-2019.pdf\">Of&iacute;cio Circular SEI N. 002\/2019\/CGCARASSES\/CGCAR\/DESEN\/SGP\/SEDGG-ME<\/a>, de 18 de junho de 2019;<\/p>\r\n<p style=\"text-align: justify\">- o entendimento da <a href=\"http:\/\/www.cppd.ufpr.br\/portal\/wp-content\/uploads\/2019\/08\/nota_tecnica_sei_n132019cgcar_assescgcardesensgpsedegg_me_comprovante_provisorio_do_diploma.pdf\">Nota T&eacute;cnica SEI N. 013\/2019\/CGCARASSES\/CGCAR\/DESEN\/SGP\/SEDGG-ME<\/a>, de&nbsp; 18 de junho de 2019;<\/p>\r\n<p style=\"text-align: justify\">- o disposto no <a href=\"https:\/\/legis.sigepe.planejamento.gov.br\/legis\/detalhar\/14592\">Of&iacute;cio Circular N. 053\/2018-MP<\/a>, de 27 de fevereiro de 2018;<\/p>\r\n<p style=\"text-align: justify\">- o solicitado no Despacho N. 257\/2018\/STPD, de 07 de mar&ccedil;o de 2018;<\/p>\r\n<p style=\"text-align: justify\">- o entendimento do Despacho N. 033\/2018\/PROJUR\/PFUFSM\/PGF\/AGU, de 14 de mar&ccedil;o de 2018;<\/p>\r\n<p style=\"text-align: justify\">- o entendimento da Nota N. 073\/2018\/PFUFSM\/PGF\/AGU, de 14 de mar&ccedil;o de 2018;<\/p>\r\n<p style=\"text-align: justify\">- <a href=\"https:\/\/www.ufsm.br\/pro-reitorias\/proplan\/estatuto-ufsm-2010\/\">o Estatuto da Universidade Federal de Santa Maria<\/a>, com as adequa&ccedil;&otilde;es aprovadas pela <a href=\"https:\/\/www.ufsm.br\/pro-reitorias\/proplan\/resolucao-n-037-2010\/\">Resolu&ccedil;&atilde;o N. 037\/2010<\/a> e aprovadas pela <a href=\"https:\/\/www.ufsm.br\/app\/uploads\/2018\/08\/Estatuto-da-UFSM.pdf\">Portaria N. 156, de 12 de mar&ccedil;o de 2014<\/a>, publicada no Di&aacute;rio Oficial da Uni&atilde;o em 13 de mar&ccedil;o de 2014;<\/p>\r\n<p style=\"text-align: justify\">- o <a href=\"https:\/\/www.ufsm.br\/app\/uploads\/sites\/713\/2019\/10\/Regimento-Geral-UFSM.pdf\">Regimento Geral da Universidade Federal de Santa Maria<\/a>, com as adequa&ccedil;&otilde;es aprovadas pela&nbsp;<a href=\"https:\/\/www.ufsm.br\/pro-reitorias\/proplan\/resolucao-n-006-2011\/\">Resolu&ccedil;&atilde;o N. 006\/2011<\/a>;<\/p>\r\n<p style=\"text-align: justify\">- a Resolu&ccedil;&atilde;o <a href=\"https:\/\/www.ufsm.br\/pro-reitorias\/proplan\/resolucao-ufsm-n-054-2021\/\">UFSM N. 054, de 1&ordm; de junho de 2021<\/a>, que regulamenta a proposi&ccedil;&atilde;o e a emiss&atilde;o de Atos Normativos no &acirc;mbito da Universidade Federal de Santa Maria;<\/p>\r\n<p style=\"text-align: justify\">- a <a href=\"https:\/\/www.ufsm.br\/pro-reitorias\/proplan\/resolucao-ufsm-n-101-2022\/\">Resolu&ccedil;&atilde;o UFSM N. 101, de 26 de Agosto de 2022<\/a>, que disp&otilde;e sobre a Retribui&ccedil;&atilde;o por Titula&ccedil;&atilde;o (RT) e a Acelera&ccedil;&atilde;o da Promo&ccedil;&atilde;o de docentes do Plano de Carreiras e Cargos de Magist&eacute;rio Federal da Universidade Federal de Santa Maria (UFSM); e,<\/p>\r\n<p style=\"text-align: justify\">- a <a href=\"https:\/\/www.ufsm.br\/pro-reitorias\/proplan\/portaria-normativa-ufsm-n-051-2022\/\">Portaria Normativa UFSM N. 051, de 23 de Setembro de 2022<\/a>, que estabelece as orienta&ccedil;&otilde;es t&eacute;cnicas sobre Retribui&ccedil;&atilde;o por Titula&ccedil;&atilde;o e Acelera&ccedil;&atilde;o da Promo&ccedil;&atilde;o de docentes do Plano de Carreiras e Cargos de Magist&eacute;rio Federal da Universidade Federal de Santa Maria (UFSM);<\/p>\r\n<p style=\"text-align: justify\">- o Processo administrativo n. <a href=\"https:\/\/portal.ufsm.br\/documentos\/usuario\/processo\/documento.html?idDocumento=14409098\">23081.110368\/2022-41<\/a> .<\/p>\r\n<p style=\"text-align: justify\">&nbsp;<\/p>\r\n<p style=\"text-align: justify\">RESOLVE:<\/p>\r\n<p style=\"text-align: justify\">&nbsp;<\/p>\r\n<p style=\"text-align: justify\">Art. 1&ordm; Orientar&nbsp; sobre a tramita&ccedil;&atilde;o dos processos de&nbsp;Retribui&ccedil;&atilde;o por Titula&ccedil;&atilde;o e Acelera&ccedil;&atilde;o da Promo&ccedil;&atilde;o de docentes do Plano de Carreiras e Cargos de Magist&eacute;rio Federal da Universidade Federal de Santa Maria (UFSM):<\/p>\r\n<p style=\"text-align: justify\">&nbsp;<\/p>\r\n<p style=\"text-align: justify\">CAP&Iacute;TULO I<\/p>\r\n<p style=\"text-align: justify\">DA TRAMITA&Ccedil;&Atilde;O DO PROCESSO DE RETRIBUI&Ccedil;&Atilde;O POR TITULA&Ccedil;&Atilde;O<\/p>\r\n<p style=\"text-align: justify\">&nbsp;<\/p>\r\n<p style=\"text-align: justify\">Art. 2&ordm; O processo de Retribui&ccedil;&atilde;o por Titula&ccedil;&atilde;o obedecer&aacute; ao seguinte tr&acirc;mite:<\/p>\r\n<p style=\"text-align: justify\">I - ao receber o processo eletr&ocirc;nico a STPD far&aacute; a verifica&ccedil;&atilde;o da documenta&ccedil;&atilde;o apresentada:<\/p>\r\n<p style=\"text-align: justify\">a) se o docente n&atilde;o preencher os requisitos antes referidos o processo ser&aacute; tramitado ao requerente para corre&ccedil;&otilde;es ou complementa&ccedil;&atilde;o de documenta&ccedil;&atilde;o;<\/p>\r\n<p style=\"text-align: justify\">II - estando o processo adequado, a STPD deve inserir no processo 1 (uma) c&oacute;pia da ficha funcional, a ocorr&ecirc;ncia funcional da &uacute;ltima Retribui&ccedil;&atilde;o por Titula&ccedil;&atilde;o e o conceito do curso que emitiu o diploma nos casos de RT de mestrado e doutorado;<\/p>\r\n<p style=\"text-align: justify\">III - a STPD far&aacute; um parecer verificando o cumprimento dos requisitos previstos no Art. 16 da Resolu&ccedil;&atilde;o UFSM N. 101, de 26 de Agosto de 2022:<\/p>\r\n<p style=\"text-align: justify\">a) havendo d&uacute;vidas sobre a validade dos certificados ou t&iacute;tulos, ser&atilde;o realizadas as consultas necess&aacute;rias para verificar se os documentos atendem a legisla&ccedil;&atilde;o vigente.<\/p>\r\n<p style=\"text-align: justify\">IV - ap&oacute;s a assinatura do parecer pelo Secret&aacute;rio T&eacute;cnico de Pessoal Docente, a secretaria da STPD elaborar&aacute; a Portaria de Pessoal que ser&aacute; encaminhada ao Gabinete do Reitor para as demais provid&ecirc;ncias.<\/p>\r\n<p style=\"text-align: justify\">&nbsp;<\/p>\r\n<p style=\"text-align: justify\">CAP&Iacute;TULO II<\/p>\r\n<p style=\"text-align: justify\">DA TRAMITA&Ccedil;&Atilde;O DO PROCESSO DE ACELERA&Ccedil;&Atilde;O DA PROMO&Ccedil;&Atilde;O<\/p>\r\n<p style=\"text-align: justify\">&nbsp;<\/p>\r\n<p style=\"text-align: justify\">Art. 3&ordm; O processo de Acelera&ccedil;&atilde;o da Promo&ccedil;&atilde;o obedecer&aacute; ao seguinte tr&acirc;mite:<\/p>\r\n<p style=\"text-align: justify\">I - ao receber o processo eletr&ocirc;nico a STPD far&aacute; a verifica&ccedil;&atilde;o da documenta&ccedil;&atilde;o apresentada:<\/p>\r\n<p style=\"text-align: justify\">a) se o docente n&atilde;o preencher os requisitos antes referidos o processo ser&aacute; tramitado ao requerente para corre&ccedil;&otilde;es ou complementa&ccedil;&atilde;o de documenta&ccedil;&atilde;o;<\/p>\r\n<p style=\"text-align: justify\">II - estando o processo adequado, a STPD deve inserir no processo 1 (uma) c&oacute;pia da ficha funcional, 1 (uma) c&oacute;pia do conceito do curso que emitiu o t&iacute;tulo nos casos de RT de mestrado e doutorado, 1(uma) c&oacute;pia da ocorr&ecirc;ncia funcional da homologa&ccedil;&atilde;o do est&aacute;gio probat&oacute;rio e 1 (uma) c&oacute;pia do relat&oacute;rio do SIE do cumprimento do 36 (trinta e seis) meses de efetivo exerc&iacute;cio;<\/p>\r\n<p style=\"text-align: justify\">III - a STPD far&aacute; um parecer sobre o processo verificando o cumprimento dos requisitos previstos no Art. 17 da Resolu&ccedil;&atilde;o UFSM N. 101, de 26 de Agosto de 2022:<\/p>\r\n<p style=\"text-align: justify\">a) havendo d&uacute;vidas sobre a validade dos certificados ou t&iacute;tulos ser&atilde;o feitas as consultas necess&aacute;rias para verificar se os documentos atendem a legisla&ccedil;&atilde;o vigente.<\/p>\r\n<p style=\"text-align: justify\">IV - ap&oacute;s a assinatura do parecer pelo Secret&aacute;rio T&eacute;cnico de Pessoal Docente, a secretaria da STPD elaborar&aacute; a Portaria de Pessoal que ser&aacute; encaminhado ao Gabinete do Reitor para as demais provid&ecirc;ncias.<\/p>\r\n<p style=\"text-align: justify\">&nbsp;<\/p>\r\n<p style=\"text-align: justify\">CAP&Iacute;TULO III<\/p>\r\n<p style=\"text-align: justify\">DAS DISPOSI&Ccedil;&Otilde;ES FINAIS<\/p>\r\n<p style=\"text-align: justify\">&nbsp;<\/p>\r\n<p style=\"text-align: justify\">Art. 4&ordm; Os casos omissos ser&atilde;o resolvidos pela Comiss&atilde;o Permanente de Pessoal Docente (CPPD).<\/p>\r\n<p style=\"text-align: justify\">Art. 5&ordm; Esta Instru&ccedil;&atilde;o Normativa entra em vigor em 03, do m&ecirc;s de&nbsp; outubro de 2022, por se tratar de urg&ecirc;ncia justificada no expediente administrativo, de acordo com o que prev&ecirc; o Artigo 4&ordm; do Decreto N. 10.139\/2019.<\/p>\r\n<p style=\"text-align: justify\">Par&aacute;grafo &uacute;nico. Havendo conflito entre a norma legal e as posi&ccedil;&otilde;es desta Instru&ccedil;&atilde;o Normativa, em nome do princ&iacute;pio da hierarquia das leis, aquela (lei) prevalece sobre esta (Instru&ccedil;&atilde;o Normativa), observado, ainda, as orienta&ccedil;&otilde;es do Minist&eacute;rio da Educa&ccedil;&atilde;o, do Sistema de Pessoal Civil da Administra&ccedil;&atilde;o Federal (SIPEC) e do &Oacute;rg&atilde;o de Gest&atilde;o de Pessoas Pessoal da Administra&ccedil;&atilde;o Federal sobre o tema.<\/p>\r\n<p style=\"text-align: justify\">&nbsp;<\/p>\r\n<br>\r\n<p>Luciano Schuch,<\/p>\r\n<p>Reitor.<\/p>\r\n<br>\r\n<p><font color=\"red0000\">Este texto n\u00e3o substitui o documento original, publicado em 27 de setembro de 2022 no Portal de Documentos.<\/font> Dispon\u00edvel em: <a href=\"https:\/\/portal.ufsm.br\/documentos\/publico\/documento.html?id=14413059\"><font color=\"blue\">https:\/\/portal.ufsm.br\/documentos\/publico\/documento.html?id=14413059<\/font><\/a><\/p><\/div>\r\n\r\n \t\t<\/div>\n\t\t\t\t<\/div>\n\t\t\t\t\t<\/div>\n\t\t<\/div>\n\t\t\t\t\t<\/div>\n\t\t<\/section>\n\t\t\t\t<\/div>\n\t\t","protected":false},"excerpt":{"rendered":"<p>INSTRU\u00c7\u00c3O NORMATIVA UFSM N. 002, DE 27 DE SETEMBRO DE 2022 MINIST\u00c9RIO DA EDUCA\u00c7\u00c3O UNIVERSIDADE FEDERAL DE SANTA MARIA INSTRU\u00c7\u00c3O NORMATIVA UFSM N. 002, DE 27 DE SETEMBRO DE 2022 Orientar sobre a tramita\u00e7\u00e3o dos processos de Retribui\u00e7\u00e3o por Titula\u00e7\u00e3o e Acelera\u00e7\u00e3o da Promo\u00e7\u00e3o de docentes do Plano de Carreiras e Cargos de Magist\u00e9rio Federal [&hellip;]<\/p>\n","protected":false},"author":4883,"featured_media":0,"parent":0,"menu_order":0,"comment_status":"closed","ping_status":"closed","template":"","meta":{"footnotes":""},"categories":[],"tags":[],"class_list":["post-5097","page","type-page","status-publish","hentry"],"acf":[],"_links":{"self":[{"href":"https:\/\/www.ufsm.br\/pro-reitorias\/proplan\/wp-json\/wp\/v2\/pages\/5097","targetHints":{"allow":["GET"]}}],"collection":[{"href":"https:\/\/www.ufsm.br\/pro-reitorias\/proplan\/wp-json\/wp\/v2\/pages"}],"about":[{"href":"https:\/\/www.ufsm.br\/pro-reitorias\/proplan\/wp-json\/wp\/v2\/types\/page"}],"author":[{"embeddable":true,"href":"https:\/\/www.ufsm.br\/pro-reitorias\/proplan\/wp-json\/wp\/v2\/users\/4883"}],"replies":[{"embeddable":true,"href":"https:\/\/www.ufsm.br\/pro-reitorias\/proplan\/wp-json\/wp\/v2\/comments?post=5097"}],"version-history":[{"count":0,"href":"https:\/\/www.ufsm.br\/pro-reitorias\/proplan\/wp-json\/wp\/v2\/pages\/5097\/revisions"}],"wp:attachment":[{"href":"https:\/\/www.ufsm.br\/pro-reitorias\/proplan\/wp-json\/wp\/v2\/media?parent=5097"}],"wp:term":[{"taxonomy":"category","embeddable":true,"href":"https:\/\/www.ufsm.br\/pro-reitorias\/proplan\/wp-json\/wp\/v2\/categories?post=5097"},{"taxonomy":"post_tag","embeddable":true,"href":"https:\/\/www.ufsm.br\/pro-reitorias\/proplan\/wp-json\/wp\/v2\/tags?post=5097"}],"curies":[{"name":"wp","href":"https:\/\/api.w.org\/{rel}","templated":true}]}}