{"id":5119,"date":"2022-10-13T16:20:31","date_gmt":"2022-10-13T19:20:31","guid":{"rendered":"https:\/\/www.ufsm.br\/pro-reitorias\/proplan\/?page_id=5119"},"modified":"2025-08-26T13:57:19","modified_gmt":"2025-08-26T16:57:19","slug":"resolucao-ufsm-n-108-2022","status":"publish","type":"page","link":"https:\/\/www.ufsm.br\/pro-reitorias\/proplan\/resolucao-ufsm-n-108-2022","title":{"rendered":"RESOLU\u00c7\u00c3O UFSM N\u00b0 108\/2022"},"content":{"rendered":"\t\t<div data-elementor-type=\"wp-page\" data-elementor-id=\"5119\" class=\"elementor elementor-5119\">\n\t\t\t\t\t\t<section class=\"elementor-section elementor-top-section elementor-element elementor-element-c6dbb9e elementor-section-boxed elementor-section-height-default elementor-section-height-default\" data-id=\"c6dbb9e\" data-element_type=\"section\">\n\t\t\t\t\t\t<div class=\"elementor-container elementor-column-gap-default\">\n\t\t\t\t\t<div class=\"elementor-column elementor-col-100 elementor-top-column elementor-element elementor-element-a23c60e\" data-id=\"a23c60e\" data-element_type=\"column\">\n\t\t\t<div class=\"elementor-widget-wrap elementor-element-populated\">\n\t\t\t\t\t\t<div class=\"elementor-element elementor-element-9e763f1 elementor-widget elementor-widget-html\" data-id=\"9e763f1\" data-element_type=\"widget\" data-widget_type=\"html.default\">\n\t\t\t\t<div class=\"elementor-widget-container\">\n\t\t\t\r\n\r\n\r\n<title><b>RESOLU\u00c7\u00c3O UFSM N. 108, DE 10 DE OUTUBRO DE 2022<\/b><\/title>\r\n\r\n\r\n<div align=\"center\"><img decoding=\"async\" src=\"https:\/\/www.ufsm.br\/pro-reitorias\/proplan\/wp-content\/uploads\/sites\/344\/2019\/09\/brasao-da-republica-do-brasil-logo.png\" alt=\"Bras\u00e3o Rep\u00fablica Federativa do Brasil\" width=\"6%\" height=\"6%\"><\/div>  <h1><font color=\"blue\"><font size=\"5\"><div align=\"center\">MINIST\u00c9RIO DA EDUCA\u00c7\u00c3O<\/div><\/font><\/font><\/H1>\r\n<b><font color=\"0000blue\"><div align=\"center\">UNIVERSIDADE FEDERAL DE SANTA MARIA<\/div><\/font><\/b>\r\n<p><div align=\"center\"><b><a href=\"https:\/\/portal.ufsm.br\/documentos\/publico\/documento.html?id=14434917\" target=\"_blank\"><font color=\"blue\">RESOLU\u00c7\u00c3O UFSM N\u00b0 108, DE 10 DE OUTUBRO DE 2022<\/font><\/a><\/b><\/div>\r\n<br>\r\n<p><div align=\"justify\"><font color=\"800000\"><ul><ul><ul><ul><ul><ul><ul><ul><ul><ul><ul><ul><ul><ul><ul><ul>Desmembra a Coordena\u00e7\u00e3o do Curso T\u00e9cnico em Agricultura de Precis\u00e3o do Curso T\u00e9cnico em Agricultura no \u00e2mbito do Col\u00e9gio Polit\u00e9cnico (POLI) da Universidade Federal de Santa Maria (UFSM). <\/font><\/div><\/ul>\r\n\r\n<br><div align=\"justify\"><font color=\"black\">\r\n<p>O REITOR DA UNIVERSIDADE FEDERAL DE SANTA MARIA, no uso de suas atribui\u00e7\u00f5es legais e estatut\u00e1rias e considerando:<\/p>\r\n<p dir=\"ltr\">- &nbsp;a&nbsp;<span style=\"text-decoration: underline;color: #0000ff\"><a href=\"http:\/\/www.planalto.gov.br\/ccivil_03\/constituicao\/constituicao.htm\"><span style=\"color: #0000ff;text-decoration: underline\">Constitui&ccedil;&atilde;o da Rep&uacute;blica Federativa do Brasil de 1988<\/span><\/a><\/span>, de 05 de outubro de 1988;&nbsp;<\/p>\r\n<p dir=\"ltr\">- a&nbsp;<span style=\"text-decoration: underline;color: #0000ff\"><a href=\"http:\/\/www.planalto.gov.br\/ccivil_03\/leis\/l8112cons.htm\"><span style=\"color: #0000ff;text-decoration: underline\">Lei n&ordm;. 8.112, de 11 de dezembro de 1990<\/span><\/a><\/span>, que disp&otilde;e sobre o regime jur&iacute;dico dos servidores p&uacute;blicos civis da Uni&atilde;o, das autarquias e das funda&ccedil;&otilde;es p&uacute;blicas federais;&nbsp;<\/p>\r\n<p dir=\"ltr\">- a&nbsp;<span style=\"text-decoration: underline;color: #0000ff\"><a href=\"http:\/\/www.planalto.gov.br\/ccivil_03\/leis\/l9394.htm\"><span style=\"color: #0000ff;text-decoration: underline\">Lei n&ordm;. 9.394, de 20 de dezembro de 1996<\/span><\/a><\/span>, que estabelece as diretrizes e bases da educa&ccedil;&atilde;o nacional e suas altera&ccedil;&otilde;es;&nbsp;<\/p>\r\n<p dir=\"ltr\">- a&nbsp;<span style=\"text-decoration: underline;color: #0000ff\"><a href=\"http:\/\/www.planalto.gov.br\/ccivil_03\/leis\/lcp\/lcp95.htm\"><span style=\"color: #0000ff;text-decoration: underline\">Lei Complementar n&ordm;. 95, de 26 de fevereiro de 1998<\/span><\/a><\/span>, que disp&otilde;e sobre a elabora&ccedil;&atilde;o, a reda&ccedil;&atilde;o, a altera&ccedil;&atilde;o e a consolida&ccedil;&atilde;o das leis, conforme determina o Par&aacute;grafo &Uacute;nico do Art. 59 da Constitui&ccedil;&atilde;o Federal, e estabelece normas para a consolida&ccedil;&atilde;o dos atos normativos que menciona;&nbsp;<\/p>\r\n<p dir=\"ltr\">- o&nbsp;<span style=\"text-decoration: underline;color: #0000ff\"><a href=\"http:\/\/www.planalto.gov.br\/ccivil_03\/_ato2015-2018\/2017\/decreto\/D9191.htm\"><span style=\"color: #0000ff;text-decoration: underline\">Decreto n&ordm;. 9.191, de 1&ordm; de novembro de 2017<\/span><\/a><\/span>, que estabelece as normas e as diretrizes para elabora&ccedil;&atilde;o, reda&ccedil;&atilde;o, altera&ccedil;&atilde;o, consolida&ccedil;&atilde;o e encaminhamento de propostas de atos normativos ao Presidente da Rep&uacute;blica pelos Ministros de Estado;&nbsp;<\/p>\r\n<p dir=\"ltr\">- o&nbsp;<span style=\"text-decoration: underline;color: #0000ff\"><a href=\"http:\/\/www.planalto.gov.br\/ccivil_03\/_ato2019-2022\/2019\/decreto\/d9739.htm\"><span style=\"color: #0000ff;text-decoration: underline\">Decreto n&ordm;. 9.739, de 28 de mar&ccedil;o de 2019<\/span><\/a><\/span>, que estabelece medidas de efici&ecirc;ncia organizacional para o aprimoramento da administra&ccedil;&atilde;o p&uacute;blica federal direta, aut&aacute;rquica e fundacional, estabelece normas sobre concursos p&uacute;blicos e disp&otilde;e sobre o Sistema de Organiza&ccedil;&atilde;o e Inova&ccedil;&atilde;o Institucional do Governo Federal - SIORG;&nbsp;<\/p>\r\n<p dir=\"ltr\">- o&nbsp;<span style=\"text-decoration: underline;color: #0000ff\"><a href=\"https:\/\/www.in.gov.br\/en\/web\/dou\/-\/decreto-n-10.139-de-28-de-novembro-de-2019-230458659\"><span style=\"color: #0000ff;text-decoration: underline\">Decreto n&ordm;. 10.139, de 28 de novembro de 2019<\/span><\/a><\/span>, que disp&otilde;e sobre a revis&atilde;o e a consolida&ccedil;&atilde;o de atos normativos inferiores a decreto;<\/p>\r\n<p dir=\"ltr\">- o&nbsp;<span style=\"text-decoration: underline;color: #0000ff\"><a href=\"https:\/\/www.ufsm.br\/pro-reitorias\/proplan\/estatuto-ufsm-2010\/\"><span style=\"color: #0000ff;text-decoration: underline\">Estatuto da Universidade Federal de Santa Maria<\/span><\/a><\/span>&nbsp;com as adequa&ccedil;&otilde;es aprovadas pela&nbsp;<span style=\"text-decoration: underline;color: #0000ff\"><a href=\"https:\/\/www.ufsm.br\/pro-reitorias\/proplan\/resolucao-n-037-2010\/\"><span style=\"color: #0000ff;text-decoration: underline\">Resolu&ccedil;&atilde;o UFSM N. 037, de 30 de novembro de 2010<\/span><\/a><\/span>, aprovado pela&nbsp;<span style=\"text-decoration: underline;color: #0000ff\"><a href=\"https:\/\/www.ufsm.br\/pro-reitorias\/proplan\/ufsm.br\/app\/uploads\/2018\/08\/Estatuto-da-UFSM.pdf\"><span style=\"color: #0000ff;text-decoration: underline\">Portaria N. 156, de 12 de mar&ccedil;o de 2014<\/span><\/a><\/span>, e publicado no Di&aacute;rio Oficial da Uni&atilde;o em 13 de mar&ccedil;o de 2014;&nbsp;<\/p>\r\n<p dir=\"ltr\">- o&nbsp;<span style=\"text-decoration: underline;color: #0000ff\"><a href=\"https:\/\/www.ufsm.br\/pro-reitorias\/proplan\/regimento-geral-da-ufsm-com-alteracoes-compiladas-pela-resolucao-n-016-2019\/\"><span style=\"color: #0000ff;text-decoration: underline\">Regimento da UFSM<\/span><\/a><\/span>, disposto na<span style=\"text-decoration: underline;color: #0000ff\">&nbsp;<a href=\"https:\/\/www.ufsm.br\/pro-reitorias\/proplan\/resolucao-n-006-2011\/\"><span style=\"color: #0000ff\">Resolu&ccedil;&atilde;o UFSM N. 006, de 28 de abril de 2011<\/span><\/a><\/span>, atualizado pela&nbsp;<span style=\"text-decoration: underline;color: #0000ff\"><a href=\"https:\/\/www.ufsm.br\/pro-reitorias\/proplan\/resolucao-n-016-2019\/\"><span style=\"color: #0000ff;text-decoration: underline\">Resolu&ccedil;&atilde;o UFSM N. 016, de 02 de julho de 2019<\/span><\/a><\/span>;&nbsp;&nbsp;<\/p>\r\n<p dir=\"ltr\">- a&nbsp;<span style=\"text-decoration: underline;color: #0000ff\"><a href=\"https:\/\/www.ufsm.br\/pro-reitorias\/proplan\/resolucao-ufsm-n-054-2021\/\"><span style=\"color: #0000ff;text-decoration: underline\">Resolu&ccedil;&atilde;o UFSM n&ordm;. 054, de 1&ordm; de junho de 2021<\/span><\/a><\/span>, que regulamenta a proposi&ccedil;&atilde;o e a emiss&atilde;o de Atos Normativos no &acirc;mbito da Universidade Federal de Santa Maria;<\/p>\r\n<p dir=\"ltr\">- o inciso III, do art. 3&ordm; da&nbsp;<span style=\"text-decoration: underline;color: #0000ff\"><a href=\"https:\/\/www.ufsm.br\/pro-reitorias\/proplan\/resolucao-ufsm-n-071-2021\/\"><span style=\"color: #0000ff;text-decoration: underline\">Resolu&ccedil;&atilde;o UFSM n&ordm;. 071, de 20 de dezembro de 2021<\/span><\/a><\/span>, que aprova a consolida&ccedil;&atilde;o dos cursos de T&eacute;cnicos e Ensino M&eacute;dio, com situa&ccedil;&atilde;o &ldquo;em atividade&rdquo;, em cada Unidade de Ensino, da Universidade Federal de Santa Maria (UFSM), em decorr&ecirc;ncia do disposto no&nbsp;<span style=\"text-decoration: underline;color: #0000ff\"><a href=\"https:\/\/www.in.gov.br\/en\/web\/dou\/-\/decreto-n-10.139-de-28-de-novembro-de-2019-230458659\"><span style=\"color: #0000ff;text-decoration: underline\">Decreto N. 10.139, de 28 novembro de 2019<\/span><\/a>;<\/span>&nbsp;<\/p>\r\n<p dir=\"ltr\"><span>- o que consta no Memorando de Comunica&ccedil;&atilde;o entre Unidades Administrativas <a href=\"https:\/\/portal.ufsm.br\/documentos\/publico\/processo\/documento.html?idDocumento=14247428\"><font color=\"blue\"><u>23081.070853\/2022-75.<\/u><\/font><\/a>\r\n<\/p>\r\n<p dir=\"ltr\">- o que consta no processo&nbsp;<span style=\"text-decoration: underline;color: #0000ff\"><a href=\"https:\/\/portal.ufsm.br\/documentos\/publico\/processo\/documento.html?idDocumento=14374159\"><span style=\"color: #0000ff;text-decoration: underline\">23081.047389\/2019-18<\/span><\/a>;<\/span> e,<\/p>\r\n<p dir=\"ltr\"><span>- o Parecer N. 106\/2022 da Comiss&atilde;o de Legisla&ccedil;&atilde;o e Regimentos (CLR), aprovado na 855<\/span><span>a<\/span><span>&nbsp;Sess&atilde;o do Conselho Universit&aacute;rio (CONSU), de 30 de setembro de 2022, referente ao Processo <a href=\"https:\/\/portal.ufsm.br\/documentos\/publico\/processo\/documento.html?idDocumento=14323929\"><font color=\"blue\"><u>23081.084483\/2022-53<\/u><\/font><\/a>\r\n.<\/span><\/p>\r\n<p style=\"text-align: justify\"><span><span>&nbsp;<\/span><\/span><\/p>\r\n<p style=\"text-align: justify\" dir=\"ltr\"><span>RESOLVE:<\/span><\/p>\r\n<p style=\"text-align: justify\"><span><span>&nbsp;<\/span><\/span><\/p>\r\n<p style=\"text-align: justify\" dir=\"ltr\"><span>Art. 1&ordm; Desmembrar a Coordena&ccedil;&atilde;o do Curso T&eacute;cnico em Agricultura de Precis&atilde;o do Curso T&eacute;cnico em Agricultura no &acirc;mbito do Col&eacute;gio Polit&eacute;cnico (POLI) da Universidade Federal de Santa Maria (UFSM).<\/span><\/p>\r\n<p style=\"text-align: justify\" dir=\"ltr\"><span>Par&aacute;grafo &uacute;nico. O Curso T&eacute;cnico em Agricultura de Precis&atilde;o possui, atualmente, car&aacute;ter experimental.<\/span><\/p>\r\n<p style=\"text-align: justify\" dir=\"ltr\"><span>Art. 2&ordm; Fica alocada 1 (uma) Fun&ccedil;&atilde;o Comissionada de Coordenador de Curso (FCC), livre\/dispon&iacute;vel na Universidade Federal de Santa Maria (UFSM), para as atividades de Coordena&ccedil;&atilde;o do Curso T&eacute;cnico em Agricultura de Precis&atilde;o (CTAP) vinculada ao Departamento de Ensino do Col&eacute;gio Polit&eacute;cnico (POLI).<\/span><\/p>\r\n<p style=\"text-align: justify\" dir=\"ltr\"><span>Par&aacute;grafo &uacute;nico. Fica mantida a FCC para as atividades de Coordena&ccedil;&atilde;o do Curso T&eacute;cnico em Agricultura vinculada ao Departamento de Ensino do Col&eacute;gio Polit&eacute;cnico (POLI).<\/span><\/p>\r\n<p style=\"text-align: justify\" dir=\"ltr\"><span>Art. 3&ordm; Caber&aacute;:<\/span><\/p>\r\n<p style=\"text-align: justify\" dir=\"ltr\"><span>I - &agrave; Coordenadoria de Planejamento Administrativo (COPLAD-PROPLAN) proceder &agrave;s altera&ccedil;&otilde;es nos Sistemas de Estruturantes da Institui&ccedil;&atilde;o;<\/span><\/p>\r\n<p style=\"text-align: justify\" dir=\"ltr\"><span>II - &agrave; Pr&oacute;-Reitoria de Gest&atilde;o de Pessoas (PROGEP) a remo&ccedil;&atilde;o dos servidores e o remanejo das fun&ccedil;&otilde;es de chefia;&nbsp;<\/span><\/p>\r\n<p style=\"text-align: justify\" dir=\"ltr\"><span>III - ao Departamento de Material e Patrim&ocirc;nio (DEMAPA) a adequa&ccedil;&atilde;o dos registros dos m&oacute;veis e equipamentos;<\/span><\/p>\r\n<p style=\"text-align: justify\" dir=\"ltr\"><span>IV - ao Departamento de Arquivo Geral (DAG) o tratamento dos documentos arquiv&iacute;sticos;&nbsp;<\/span><\/p>\r\n<p style=\"text-align: justify\" dir=\"ltr\"><span>V - ao Centro de Processamento de Dados (CPD) as adequa&ccedil;&otilde;es necess&aacute;rias nos sistemas institucionais; e,<\/span><\/p>\r\n<p style=\"text-align: justify\" dir=\"ltr\"><span>VI &ndash; ao Col&eacute;gio Polit&eacute;cnico (POLI) as adequa&ccedil;&otilde;es necess&aacute;rias nos sistemas acad&ecirc;micos.<\/span><\/p>\r\n<p style=\"text-align: justify\" dir=\"ltr\"><span>Art. 3&ordm; Esta Resolu&ccedil;&atilde;o entra em vigor em 1&ordm; de novembro de 2022, <\/span><span>de acordo com o que prev&ecirc; o Artigo 4&ordm; do <span style=\"text-decoration: underline;color: #0000ff\"><a href=\"https:\/\/www.in.gov.br\/en\/web\/dou\/-\/decreto-n-10.139-de-28-de-novembro-de-2019-230458659\"><span style=\"color: #0000ff;text-decoration: underline\">Decreto N. 10.139, de 28 de novembro de 2019.<\/span><\/a><\/p>\r\n<p style=\"text-align: justify\" dir=\"ltr\"><span>Par&aacute;grafo &uacute;nico. Havendo qualquer modifica&ccedil;&atilde;o legislativa, ou ainda, havendo qualquer situa&ccedil;&atilde;o legal que impacte na legalidade da presente Resolu&ccedil;&atilde;o, a mesma se aplica de imediato.<\/span><\/p>\r\n<p><span>&nbsp;<\/span><\/p>\r\n\r\n<p>Luciano Schuch,<\/p>\r\n<p>Reitor.<\/p>\r\n<br>\r\n<p><font color=\"red0000\">Este texto n\u00e3o substitui o documento original, publicado no Portal de Documentos em 13 de outubro de 2022.<\/font> Dispon\u00edvel em: <a href=\"https:\/\/portal.ufsm.br\/documentos\/publico\/documento.html?id=14434917\"><font color=\"blue\">https:\/\/portal.ufsm.br\/documentos\/publico\/documento.html?id=14434917<\/font><\/a><\/p><\/div>\r\n\r\n \t\t<\/div>\n\t\t\t\t<\/div>\n\t\t\t\t\t<\/div>\n\t\t<\/div>\n\t\t\t\t\t<\/div>\n\t\t<\/section>\n\t\t\t\t<\/div>\n\t\t","protected":false},"excerpt":{"rendered":"<p>RESOLU\u00c7\u00c3O UFSM N. 108, DE 10 DE OUTUBRO DE 2022 MINIST\u00c9RIO DA EDUCA\u00c7\u00c3O UNIVERSIDADE FEDERAL DE SANTA MARIA RESOLU\u00c7\u00c3O UFSM N\u00b0 108, DE 10 DE OUTUBRO DE 2022 Desmembra a Coordena\u00e7\u00e3o do Curso T\u00e9cnico em Agricultura de Precis\u00e3o do Curso T\u00e9cnico em Agricultura no \u00e2mbito do Col\u00e9gio Polit\u00e9cnico (POLI) da Universidade Federal de Santa Maria [&hellip;]<\/p>\n","protected":false},"author":4883,"featured_media":0,"parent":0,"menu_order":0,"comment_status":"closed","ping_status":"closed","template":"","meta":{"footnotes":""},"categories":[],"tags":[],"class_list":["post-5119","page","type-page","status-publish","hentry"],"acf":[],"_links":{"self":[{"href":"https:\/\/www.ufsm.br\/pro-reitorias\/proplan\/wp-json\/wp\/v2\/pages\/5119","targetHints":{"allow":["GET"]}}],"collection":[{"href":"https:\/\/www.ufsm.br\/pro-reitorias\/proplan\/wp-json\/wp\/v2\/pages"}],"about":[{"href":"https:\/\/www.ufsm.br\/pro-reitorias\/proplan\/wp-json\/wp\/v2\/types\/page"}],"author":[{"embeddable":true,"href":"https:\/\/www.ufsm.br\/pro-reitorias\/proplan\/wp-json\/wp\/v2\/users\/4883"}],"replies":[{"embeddable":true,"href":"https:\/\/www.ufsm.br\/pro-reitorias\/proplan\/wp-json\/wp\/v2\/comments?post=5119"}],"version-history":[{"count":0,"href":"https:\/\/www.ufsm.br\/pro-reitorias\/proplan\/wp-json\/wp\/v2\/pages\/5119\/revisions"}],"wp:attachment":[{"href":"https:\/\/www.ufsm.br\/pro-reitorias\/proplan\/wp-json\/wp\/v2\/media?parent=5119"}],"wp:term":[{"taxonomy":"category","embeddable":true,"href":"https:\/\/www.ufsm.br\/pro-reitorias\/proplan\/wp-json\/wp\/v2\/categories?post=5119"},{"taxonomy":"post_tag","embeddable":true,"href":"https:\/\/www.ufsm.br\/pro-reitorias\/proplan\/wp-json\/wp\/v2\/tags?post=5119"}],"curies":[{"name":"wp","href":"https:\/\/api.w.org\/{rel}","templated":true}]}}