{"id":5134,"date":"2022-10-20T15:07:23","date_gmt":"2022-10-20T18:07:23","guid":{"rendered":"https:\/\/www.ufsm.br\/pro-reitorias\/proplan\/?page_id=5134"},"modified":"2025-01-02T11:42:29","modified_gmt":"2025-01-02T14:42:29","slug":"portaria-normativa-ufsm-n-052-de-19-de-outubro-de-2022","status":"publish","type":"page","link":"https:\/\/www.ufsm.br\/pro-reitorias\/proplan\/portaria-normativa-ufsm-n-052-de-19-de-outubro-de-2022","title":{"rendered":"PORTARIA NORMATIVA UFSM N. 052\/2022"},"content":{"rendered":"\t\t<div data-elementor-type=\"wp-page\" data-elementor-id=\"5134\" class=\"elementor elementor-5134\">\n\t\t\t\t\t\t<section class=\"elementor-section elementor-top-section elementor-element elementor-element-9e05ab1 elementor-section-boxed elementor-section-height-default elementor-section-height-default\" data-id=\"9e05ab1\" data-element_type=\"section\">\n\t\t\t\t\t\t<div class=\"elementor-container elementor-column-gap-default\">\n\t\t\t\t\t<div class=\"elementor-column elementor-col-100 elementor-top-column elementor-element elementor-element-a3f37d1\" data-id=\"a3f37d1\" data-element_type=\"column\">\n\t\t\t<div class=\"elementor-widget-wrap elementor-element-populated\">\n\t\t\t\t\t\t<div class=\"elementor-element elementor-element-8fccaa0 elementor-widget elementor-widget-html\" data-id=\"8fccaa0\" data-element_type=\"widget\" data-widget_type=\"html.default\">\n\t\t\t\t<div class=\"elementor-widget-container\">\n\t\t\t\r\n<title><b>PORTARIA NORMATIVA UFSM N. 052, DE 19 DE OUTUBRO DE 2022<\/b><\/title>\r\n<div align=\"center\"><img decoding=\"async\" src=\"https:\/\/www.ufsm.br\/pro-reitorias\/proplan\/wp-content\/uploads\/sites\/344\/2019\/09\/brasao-da-republica-do-brasil-logo.png\" alt=\"Bras\u00e3o Rep\u00fablica Federativa do Brasil\" width=\"6%\" height=\"6%\"><\/div>    \r\n<h1><font color=\"blue\"><font size=\"5\"><div align=\"center\">MINIST\u00c9RIO DA EDUCA\u00c7\u00c3O<\/div><\/font><\/font><\/h1>\r\n<p><b><font color=\"0000blue\"><div align=\"center\">UNIVERSIDADE FEDERAL DE SANTA MARIA<\/font><\/b><\/div>\r\n<p><div align=\"center\"><b><a href=\"https:\/\/portal.ufsm.br\/documentos\/publico\/documento.html?id=14443615\" target=\"_blank\"><font color=\"blue\">PORTARIA NORMATIVA UFSM N. 052, DE 19 DE OUTUBRO DE 2022<\/font><\/a><\/b><\/div>\r\n<br>\r\n\r\n<div align=\"justify\"> Revogada pela \r\n<a href=\"https:\/\/www.ufsm.br\/pro-reitorias\/proplan\/resolucao-ufsm-n-191-2024\" style=\"text-decoration: none\">\r\n<font color=\"blue\">\r\n<u>Resolu\u00e7\u00e3o UFSM N\u00b0 191\/2024\r\n<\/u>\r\n<\/font>\r\n<\/a>\r\n<\/div>\r\n<s>\r\n<p style=\"margin-left: 9cm;text-align: justify;color: #800000\">Aprova a cria\u00e7\u00e3o do \u00f3rg\u00e3o colegiado denominado \u201cComiss\u00e3o Tempor\u00e1ria do Acervo Art\u00edstico\u201d (CTAA) vinculado \u00e0 \u201cDivis\u00e3o de Museus da Coordenadoria de Cultura e Arte da Pr\u00f3-Reitoria de Extens\u00e3o\u201d na estrutura organizacional da Universidade Federal de Santa Maria (UFSM)\r\n<\/p>\r\n<br><div align=\"justify\">\r\n<p>O REITOR DA UNIVERSIDADE FEDERAL DE SANTA MARIA, no uso de suas atribui\u00e7\u00f5es legais e estatut\u00e1rias e considerando:\r\n<p style=\"text-align: justify\">- a <a href=\"http:\/\/www.planalto.gov.br\/ccivil_03\/constituicao\/constituicao.htm\"><font color=\"blue\"><u>Constitui&ccedil;&atilde;o da Rep&uacute;blica Federativa do Brasil de 1988<\/font><\/u><\/a>, de 05 de outubro de 1988;<\/p>\r\n<p style=\"text-align: justify\">- a <a href=\"http:\/\/www.planalto.gov.br\/ccivil_03\/leis\/l8112cons.htm\"><font color=\"blue\"><u>Lei N. 8.112, de 11 de dezembro de 1990<\/font><\/u><\/a>, que disp&otilde;e sobre o regime jur&iacute;dico dos servidores p&uacute;blicos civis da Uni&atilde;o, das autarquias e das funda&ccedil;&otilde;es p&uacute;blicas federais;<\/p>\r\n<p style=\"text-align: justify\">- a <a href=\"http:\/\/www.planalto.gov.br\/ccivil_03\/leis\/l9394.htm\"><font color=\"blue\"><u>Lei N. 9.394, de 20 de dezembro de 1996<\/font><\/u><\/a>, que estabelece as diretrizes e bases da educa&ccedil;&atilde;o nacional e suas altera&ccedil;&otilde;es;<\/p>\r\n<p style=\"text-align: justify\">- a <a href=\"http:\/\/www.planalto.gov.br\/ccivil_03\/leis\/lcp\/lcp95.htm\"><font color=\"blue\"><u>Lei Complementar N. 95, de 26 de fevereiro de 1998<\/font><\/u><\/a>, que disp&otilde;e sobre a elabora&ccedil;&atilde;o, a reda&ccedil;&atilde;o, a altera&ccedil;&atilde;o e a consolida&ccedil;&atilde;o das leis, conforme determina o Par&aacute;grafo &Uacute;nico do Art. 59 da Constitui&ccedil;&atilde;o Federal, e estabelece normas para a consolida&ccedil;&atilde;o dos atos normativos que menciona;<\/p>\r\n<p style=\"text-align: justify\">- o <a href=\"https:\/\/www2.camara.leg.br\/legin\/fed\/decret\/2017\/decreto-9191-1-novembro-2017-785689-publicacaooriginal-154137-pe.html\"><font color=\"blue\"><u>Decreto N. 9.191, de 1<span style=\"text-decoration: line-through\">&deg;<\/span> de novembro de 2017<\/font><\/u><\/a>, que estabelece as normas e as diretrizes para elabora&ccedil;&atilde;o, reda&ccedil;&atilde;o, altera&ccedil;&atilde;o, consolida&ccedil;&atilde;o e encaminhamento de propostas de atos normativos ao Presidente da Rep&uacute;blica pelos Ministros de Estado;<\/p>\r\n<p style=\"text-align: justify\">- o <a href=\"https:\/\/www2.camara.leg.br\/legin\/fed\/decret\/2019\/decreto-9759-11-abril-2019-787966-publicacaooriginal-157738-pe.html\"><font color=\"blue\"><u>Decreto N. 9.759\/2019, de 11 de abril de 2019<\/font><\/u><\/a>, que extingue e estabelece diretrizes, regras e limita&ccedil;&otilde;es para colegiados da administra&ccedil;&atilde;o p&uacute;blica federal direta, aut&aacute;rquica e fundacional;<\/p>\r\n<p style=\"text-align: justify\">- o <a href=\"https:\/\/www.in.gov.br\/en\/web\/dou\/-\/decreto-n-10.139-de-28-de-novembro-de-2019-230458659\"><font color=\"blue\"><u>Decreto N. 10.139\/2019, de 28 de novembro de 2019<\/font><\/u><\/a>, que disp&otilde;e sobre a revis&atilde;o e a consolida&ccedil;&atilde;o dos atos normativos inferiores a decreto editados por &oacute;rg&atilde;os e entidades da administra&ccedil;&atilde;o p&uacute;blica federal direta, aut&aacute;rquica e fundacional;<\/p>\r\n<p style=\"text-align: justify\">- o <a href=\"https:\/\/www.ufsm.br\/pro-reitorias\/proplan\/estatuto-ufsm-2010\/\"><font color=\"blue\"><u>Estatuto da Universidade Federal de Santa Maria<\/font><\/u><\/a> com as adequa&ccedil;&otilde;es aprovadas pela <a href=\"https:\/\/www.ufsm.br\/pro-reitorias\/proplan\/resolucao-n-037-2019\/\"><font color=\"blue\"><u>Resolu&ccedil;&atilde;o UFSM N. 037<\/font><\/u><\/a>, de 30 de novembro de 2010, aprovado pela <a href=\"https:\/\/www.ufsm.br\/app\/uploads\/2018\/08\/Estatuto-da-UFSM.pdf\"><font color=\"blue\"><u>Portaria N. 156, de 12 de mar&ccedil;o de 2014<\/font><\/u><\/a>, e publicado no Di&aacute;rio Oficial da Uni&atilde;o em 13 de mar&ccedil;o de 2014;<\/p>\r\n<p style=\"text-align: justify\">- o <a href=\"https:\/\/www.ufsm.br\/pro-reitorias\/proplan\/regimento-geral-da-ufsm-com-alteracoes-compiladas-pela-resolucao-n-016-2019\/\"><font color=\"blue\"><u>Regimento da UFSM<\/font><\/u><\/a>, disposto na <a href=\"https:\/\/www.ufsm.br\/pro-reitorias\/proplan\/resolucao-n-006-2011\/\"><font color=\"blue\"><u>Resolu&ccedil;&atilde;o UFSM N. 006<\/font><\/u><\/a>, de 28 de abril de 2011, atualizado pela <a href=\"https:\/\/www.ufsm.br\/pro-reitorias\/proplan\/resolucao-n-016-2019\/\"><font color=\"blue\"><u>Resolu&ccedil;&atilde;o UFSM N. 016<\/font><\/u><\/a>, de 02 de julho de 2019;&nbsp;<\/p>\r\n<p style=\"text-align: justify\">- a <a href=\"https:\/\/www.ufsm.br\/pro-reitorias\/proplan\/resolucao-n-016-2020\/\"><font color=\"blue\"><u>Resolu&ccedil;&atilde;o UFSM N. 016, de 23 de junho de 2020<\/font><\/u><\/a>, que estabelece a nova estrutura organizacional da Pr&oacute;-Reitoria de Extens&atilde;o (PRE) da Universidade Federal de Santa Maria (UFSM), suas compet&ecirc;ncias e atribui&ccedil;&otilde;es e altera o Regimento Geral da UFSM;<\/p>\r\n<p style=\"text-align: justify\">- a <a href=\"https:\/\/www.ufsm.br\/pro-reitorias\/proplan\/resolucao-ufsm-n-054-2021\/\"><font color=\"blue\"><u>Resolu&ccedil;&atilde;o UFSM N. 054, de 1&ordm; de junho de 2021<\/font><\/u><\/a>, que regulamenta a proposi&ccedil;&atilde;o e a emiss&atilde;o de Atos Normativos no &acirc;mbito da Universidade Federal de Santa Maria;<\/p>\r\n<p style=\"text-align: justify\">- <a href=\"http:\/\/www.planalto.gov.br\/ccivil_03\/_ato2007-2010\/2009\/lei\/l11904.htm\"><font color=\"blue\"><u>Lei n&ordm; 11.904, de 14 de janeiro de 2009<\/font><\/u><\/a>, que institui o Estatuto de Museus, <a href=\"http:\/\/www.planalto.gov.br\/ccivil_03\/_ato2007-2010\/2009\/lei\/l11906.htm\"><font color=\"blue\"><u>Lei n&ordm; 11.906, de 20 de janeiro de 2009<\/font><\/u><\/a>, que cria o Instituto Brasileiro de Museus (Ibram);<\/p>\r\n<p style=\"text-align: justify\">- <a href=\"http:\/\/www.planalto.gov.br\/ccivil_03\/_ato2011-2014\/2013\/lei\/l12840.htm\"><font color=\"blue\"><u>Lei N&ordm; 12.840, de 9 de julho de 2013<\/font><\/u><\/a>, que disp&otilde;e sobre a destina&ccedil;&atilde;o dos bens de valor cultural, art&iacute;stico ou hist&oacute;rico aos museus;<\/p>\r\n<p style=\"text-align: justify\">- a <a href=\"http:\/\/portal.iphan.gov.br\/uploads\/legislacao\/Portaria_n_262_de_14_de_agosto_de_1992.pdf\"><font color=\"blue\"><u>Portaria IBPC N&ordm; 262, de 14 de agosto de 1992<\/font><\/u><\/a>, que regulamenta a sa&iacute;da do pa&iacute;s de obras de arte e de outros bens culturais tombados;<\/p>\r\n\r\n<p style=\"text-align: justify\">- a <a href=\"https:\/\/www.gov.br\/museus\/pt-br\/assuntos\/legislacao-e-normas\/outros-instrumentos-normativo\/resolucao-normativa-no-1-de-31-de-julho-de-2014\"><font color=\"blue\"><u>Resolu&ccedil;&atilde;o Normativa do&nbsp; IBRAM N&ordm; 1, de 31 de julho de 2014<\/font><\/u><\/a>, que normatiza o Invent&aacute;rio Nacional dos Bens Culturais Musealizados;<\/p>\r\n<p style=\"text-align: justify\">- a <a href=\"https:\/\/www.museus.gov.br\/wp-content\/uploads\/2014\/09\/ResolucaoNormativa2_INBCM.pdf\"><font color=\"blue\"><u>Resolu&ccedil;&atilde;o Normativa do IBRAM N&ordm; 2, de 29 de agosto de 2014<\/font><\/u><\/a>, que estabelece os elementos de descri&ccedil;&atilde;o das informa&ccedil;&otilde;es sobre o acervo museol&oacute;gico, bibliogr&aacute;fico e arquiv&iacute;stico que devem ser declarados no Invent&aacute;rio Nacional dos Bens Culturais Musealizados e<\/p>\r\n<p style=\"text-align: justify\">&ndash; o que consta no Processo <a href=\"https:\/\/portal.ufsm.br\/documentos\/usuario\/processo\/documento.html?idDocumento=14057820\"><font color=\"blue\"><u>N. 23081.028190\/2022-96<\/font><\/u><\/a>.<\/p>\r\n<p style=\"text-align: justify\">&nbsp;<\/p>\r\n<p style=\"text-align: justify\">&nbsp;<\/p>\r\n<p style=\"text-align: justify\">RESOLVE:<\/p>\r\n<p style=\"text-align: justify\">&nbsp;<\/p>\r\n<p style=\"text-align: justify\">Art. 1&deg; Aprovar a cria&ccedil;&atilde;o do &oacute;rg&atilde;o colegiado denominado &ldquo;Comiss&atilde;o Tempor&aacute;ria do Acervo Art&iacute;stico&rdquo; (CTAA)&nbsp; vinculado &agrave; Divis&atilde;o de Museus da Coordenadoria de Cultura e Arte\/PRE na estrutura organizacional da Universidade Federal de Santa Maria (UFSM).<\/p>\r\n<p style=\"text-align: justify\">&nbsp;<\/p>\r\n<p style=\"text-align: justify\">CAP&Iacute;TULO I<\/p>\r\n<p style=\"text-align: justify\">DAS COMPET&Ecirc;NCIAS<\/p>\r\n<p style=\"text-align: justify\">&nbsp;<\/p>\r\n<p style=\"text-align: justify\">Art. 2&ordm; Compete &agrave; Comiss&atilde;o, um &oacute;rg&atilde;o colegiado consultivo, realizar o apoio t&eacute;cnico e art&iacute;stico atrav&eacute;s da indica&ccedil;&atilde;o de curadorias das exposi&ccedil;&otilde;es futuras.<\/p>\r\n<p style=\"text-align: justify\">&nbsp;<\/p>\r\n<p style=\"text-align: justify\">CAP&Iacute;TULO II<\/p>\r\n<p style=\"text-align: justify\">DA COMPOSI&Ccedil;&Atilde;O E AUTORIDADE<\/p>\r\n<p style=\"text-align: justify\">&nbsp;<\/p>\r\n<p style=\"text-align: justify\">Art 3&ordm; A &ldquo;Comiss&atilde;o Tempor&aacute;ria do Acervo Art&iacute;stico&rdquo; ser&aacute; constitu&iacute;da por:<\/p>\r\n<p style=\"text-align: justify\">I -&nbsp; 2 (dois) docentes do Departamento de Artes Visuais, do Centro de Artes e Letras, indicados pelo(a) Chefe do Departamento;<\/p>\r\n<p style=\"text-align: justify\">II &ndash; 1 (um) representante do Departamento de Arquivologia, do Centro de Ci&ecirc;ncias Sociais e Humanas, indicado pelo(a) Chefe do Departamento;<\/p>\r\n<p style=\"text-align: justify\">III &ndash; 1 (um) representante discente do Curso de P&oacute;s-Gradua&ccedil;&atilde;o do Curso de Artes Visuais, indicado pela Coordena&ccedil;&atilde;o do Curso; e<\/p>\r\n<p style=\"text-align: justify\">IV &ndash; 1 (um) representante da Divis&atilde;o de Museus, indicado pelo(a) Chefe da Divis&atilde;o de Museus.<\/p>\r\n<p style=\"text-align: justify\">Par&aacute;grafo &Uacute;nico. O presidente da Comiss&atilde;o ser&aacute; o representante da Divis&atilde;o de Museus.<\/p>\r\n<p style=\"text-align: justify\">&sect; 1&ordm; Na aus&ecirc;ncia do(a) presidente em uma reuni&atilde;o a &ldquo;Comiss&atilde;o Tempor&aacute;ria do Acervo Art&iacute;stico&rdquo; (CTAA) escolher&aacute; entre os membros presentes um(a) presidente para essa sess&atilde;o que ser&aacute; o servidor com mais tempo de exerc&iacute;cio na Universidade Federal de Santa Maria.<\/p>\r\n<p style=\"text-align: justify\">&sect; 2&ordm; Os suplentes dos membros da&ldquo;Comiss&atilde;o Tempor&aacute;ria do Acervo Art&iacute;stico&rdquo; (CTAA) dever&atilde;o seguir&nbsp; a mesma especifica&ccedil;&atilde;o dos membros titulares, conforme o especificado no Art. 3&ordm;, nos par&aacute;grafos I,II, III e IV.<\/p>\r\n<p style=\"text-align: justify\">&sect; 3&ordm; Os membros ter&atilde;o mandato de 1 (um) ano.<\/p>\r\n<p style=\"text-align: justify\">&sect; 4&ordm; Cada membro poder&aacute; ser substitu&iacute;do em qualquer &eacute;poca, sempre que houver consenso da maioria, por meio de uma solicita&ccedil;&atilde;o escrita do respectivo segmento de representa&ccedil;&atilde;o, ou se o pr&oacute;prio representante assim o desejar.<\/p>\r\n<p style=\"text-align: justify\">&sect; 5&ordm; Os membros que constam no Art. 3&ordm;, nos par&aacute;grafos I,II, III e inciso 2&ordm; ser&atilde;o indicados via Memorando do Departamento, Curso ou da Divis&atilde;o de Museus, unidade de origem da indica&ccedil;&atilde;o do(s) membro(s)<\/p>\r\n<p style=\"text-align: justify\">Art. 4&ordm; Nas reuni&otilde;es do referido &oacute;rg&atilde;o colegiado poder&atilde;o comparecer, quando convidados pelo presidente, servidores e\/ou discentes, a fim de prestarem esclarecimentos sobre assuntos que lhes forem pertinentes.&nbsp;<\/p>\r\n<p style=\"text-align: justify\">Par&aacute;grafo &uacute;nico. As reuni&otilde;es deste &oacute;rg&atilde;o colegiado, cujos membros possu&iacute;rem domic&iacute;lio e\/ou resid&ecirc;ncia legal ou estiverem em local diverso da realiza&ccedil;&atilde;o da atividade, ser&atilde;o realizadas por videoconfer&ecirc;ncia, sem pagamento de di&aacute;rias e deslocamento.<\/p>\r\n<p style=\"text-align: justify\">&nbsp;<\/p>\r\n<p style=\"text-align: justify\">CAP&Iacute;TULO III<\/p>\r\n<p style=\"text-align: justify\">DO QU&Oacute;RUM DE REUNI&Atilde;O E DE VOTA&Ccedil;&Atilde;O<\/p>\r\n<p style=\"text-align: justify\">&nbsp;<\/p>\r\n<p style=\"text-align: justify\">Art. 5&ordm; As reuni&otilde;es acontecer&atilde;o com a presen&ccedil;a m&iacute;nima da maioria absoluta dos membros da Comiss&atilde;o, considerando-se esse o n&uacute;mero legal para a delibera&ccedil;&atilde;o e vota&ccedil;&atilde;o.<\/p>\r\n<p style=\"text-align: justify\">Par&aacute;grafo &uacute;nico. Quando da ocorr&ecirc;ncia de empate na vota&ccedil;&atilde;o, caber&aacute; ao(&agrave;) Presidente da sess&atilde;o o voto qualificado.<\/p>\r\n<p style=\"text-align: justify\">Art. 6<span style=\"text-decoration: underline\"><sup>o<\/sup><\/span> As convoca&ccedil;&otilde;es ser&atilde;o feitas via correio eletr&ocirc;nico, pelo(a) presidente, com anteced&ecirc;ncia m&iacute;nima de 5 (cinco) dias &uacute;teis, devendo constar da mesma a Ordem do Dia.<\/p>\r\n<p style=\"text-align: justify\">Art. 7<span style=\"text-decoration: underline\"><sup>o<\/sup><\/span> Havendo n&uacute;mero legal e declarada aberta a sess&atilde;o, proceder-se-&aacute; a discuss&atilde;o e posterior realiza&ccedil;&atilde;o dos pareceres que dever&atilde;o embasar os processos a serem analisados pelo &oacute;rg&atilde;o colegiado em quest&atilde;o.<\/p>\r\n<p style=\"text-align: justify\">Par&aacute;grafo &uacute;nico. N&atilde;o havendo qu&oacute;rum, os membros ser&atilde;o convocados para nova reuni&atilde;o 48 (quarenta e oito) horas depois, com a mesma pauta.<\/p>\r\n<p style=\"text-align: justify\">&nbsp;<\/p>\r\n<p style=\"text-align: justify\">CAP&Iacute;TULO IV<\/p>\r\n<p style=\"text-align: justify\">DA PERIODICIDADE DAS REUNI&Otilde;ES<\/p>\r\n<p style=\"text-align: justify\">&nbsp;<\/p>\r\n<p style=\"text-align: justify\">Art. 8&ordm; A Comiss&atilde;o reunir-se-&aacute;, ordinariamente, 1 (uma) vez por m&ecirc;s ou extraordinariamente, sempre que convocada pelo(a) presidente e desde que haja demanda para o referido &oacute;rg&atilde;o colegiado.<\/p>\r\n<p style=\"text-align: justify\">Par&aacute;grafo &uacute;nico. As reuni&otilde;es deste &oacute;rg&atilde;o colegiado, cujos membros, convidados ou participantes estejam em entes federativos diversos, ser&atilde;o realizadas por videoconfer&ecirc;ncia, sem pagamento de di&aacute;rias e deslocamento.<\/p>\r\n<p style=\"text-align: justify\">&nbsp;<\/p>\r\n<p style=\"text-align: justify\">CAP&Iacute;TULO V<\/p>\r\n<p style=\"text-align: justify\">DO &Oacute;RG&Atilde;O DE APOIO ADMINISTRATIVO<\/p>\r\n<p style=\"text-align: justify\">&nbsp;<\/p>\r\n<p style=\"text-align: justify\">Art. 9&ordm; Caber&aacute; &agrave; Divis&atilde;o de Museus, &agrave; Coordenadoria de Cultura e Arte e &agrave; Pr&oacute;- Reitoria de Extens&atilde;o a responsabilidade de realizar o apoio administrativo e demais encaminhamentos para o devido andamento dos trabalhos da Comiss&atilde;o.<\/p>\r\n<p style=\"text-align: justify\">&nbsp;<\/p>\r\n<p style=\"text-align: justify\">CAP&Iacute;TULO VI<\/p>\r\n<p style=\"text-align: justify\">DO TERMO DE CONCLUS&Atilde;O DOS TRABALHOS E DOS RELAT&Oacute;RIOS PERI&Oacute;DICOS E FINAL<\/p>\r\n<p style=\"text-align: justify\">&nbsp;<\/p>\r\n<p style=\"text-align: justify\">Art. 10. A Comiss&atilde;o apresentar&aacute; termo de conclus&atilde;o dos trabalhos at&eacute; a data final de vig&ecirc;ncia desta Portaria Normativa.<\/p>\r\n<p style=\"text-align: justify\">Art. 11. O relat&oacute;rio final dever&aacute; ser encaminhado &agrave; Pr&oacute;-Reitoria de Extens&atilde;o em at&eacute; 15 (quinze) dias ap&oacute;s a conclus&atilde;o dos trabalhos pela Comiss&atilde;o.<\/p>\r\n<p style=\"text-align: justify\">&nbsp;<\/p>\r\n<p style=\"text-align: justify\">CAP&Iacute;TULO VIII<\/p>\r\n<p style=\"text-align: justify\">DAS DISPOSI&Ccedil;&Otilde;ES GERAIS E TRANSIT&Oacute;RIAS<\/p>\r\n<p style=\"text-align: justify\">&nbsp;<\/p>\r\n<p style=\"text-align: justify\">Art. 12. &Eacute; vedada a divulga&ccedil;&atilde;o de discuss&otilde;es em curso sem a pr&eacute;via anu&ecirc;ncia da Coordenadora de Cultura e Arte ou PRE.<\/p>\r\n<p style=\"text-align: justify\">Art. 13. A participa&ccedil;&atilde;o dos membros deste &oacute;rg&atilde;o colegiado ser&aacute; considerada presta&ccedil;&atilde;o de servi&ccedil;o p&uacute;blico relevante, e n&atilde;o ser&aacute; remunerada.<\/p>\r\n<p style=\"text-align: justify\">Par&aacute;grafo &uacute;nico. As atividades do colegiado e de seus membros n&atilde;o poder&atilde;o causar preju&iacute;zo &agrave; presta&ccedil;&atilde;o do servi&ccedil;o p&uacute;blico pelo servidor membro do Colegiado.<\/p>\r\n<p style=\"text-align: justify\">Art. 14.&nbsp; As reuni&otilde;es deste &oacute;rg&atilde;o colegiado ser&atilde;o realizadas por videoconfer&ecirc;ncia ou presencialmente, observadas as condi&ccedil;&otilde;es sanit&aacute;rias vigentes com rela&ccedil;&atilde;o &agrave; pandemia da Covid-19.<\/p>\r\n<p style=\"text-align: justify\">Par&aacute;grafo &uacute;nico. Na hip&oacute;tese de ser demonstrada, de modo fundamentado, a inviabilidade ou a inconveni&ecirc;ncia de se realizar a reuni&atilde;o por videoconfer&ecirc;ncia, ser&atilde;o estimados os gastos com di&aacute;rias e passagens dos membros deste colegiado, assim como, a comprova&ccedil;&atilde;o da disponibilidade or&ccedil;ament&aacute;ria e financeira para o exerc&iacute;cio em curso.<\/p>\r\n<p style=\"text-align: justify\">Art. 15. &Eacute; vedada a possibilidade de cria&ccedil;&atilde;o de subcolegiados por ato deste colegiado.<\/p>\r\n<p style=\"text-align: justify\">Art. 16.&nbsp; Esta Portaria entra em vigor em 01 de novembro de 2022 e ter&aacute; vig&ecirc;ncia de 1(um) ano.<\/p>\r\n<p style=\"text-align: justify\">Par&aacute;grafo &uacute;nico. Havendo qualquer modifica&ccedil;&atilde;o legislativa, ou ainda, havendo qualquer situa&ccedil;&atilde;o legal que impacte na legalidade da presente Portaria, a mesma se aplica de imediato.<\/p>\r\n<br>\r\n<\/s>\r\n<p>Luciano Schuch,<\/p>\r\n<p>Reitor.<\/p>\r\n<p><font color=\"red0000\">Este texto n\u00e3o substitui o documento original, publicado no Portal de Documentos em 20 de outubro de 2022.<\/font> Dispon\u00edvel em: <a href=\"https:\/\/portal.ufsm.br\/documentos\/publico\/documento.html?id=14443615\" target=\"_blank\"><font color=\"blue\">https:\/\/portal.ufsm.br\/documentos\/publico\/documento.html?id=14443615<\/font><\/a><\/p><\/div>\r\n\r\n\t\t<\/div>\n\t\t\t\t<\/div>\n\t\t\t\t\t<\/div>\n\t\t<\/div>\n\t\t\t\t\t<\/div>\n\t\t<\/section>\n\t\t\t\t<\/div>\n\t\t","protected":false},"excerpt":{"rendered":"<p>PORTARIA NORMATIVA UFSM N. 052, DE 19 DE OUTUBRO DE 2022 MINIST\u00c9RIO DA EDUCA\u00c7\u00c3O UNIVERSIDADE FEDERAL DE SANTA MARIA PORTARIA NORMATIVA UFSM N. 052, DE 19 DE OUTUBRO DE 2022 Revogada pela Resolu\u00e7\u00e3o UFSM N\u00b0 191\/2024 Aprova a cria\u00e7\u00e3o do \u00f3rg\u00e3o colegiado denominado \u201cComiss\u00e3o Tempor\u00e1ria do Acervo Art\u00edstico\u201d (CTAA) vinculado \u00e0 \u201cDivis\u00e3o de Museus da [&hellip;]<\/p>\n","protected":false},"author":4883,"featured_media":0,"parent":0,"menu_order":0,"comment_status":"closed","ping_status":"closed","template":"","meta":{"footnotes":""},"categories":[],"tags":[],"class_list":["post-5134","page","type-page","status-publish","hentry"],"acf":[],"_links":{"self":[{"href":"https:\/\/www.ufsm.br\/pro-reitorias\/proplan\/wp-json\/wp\/v2\/pages\/5134","targetHints":{"allow":["GET"]}}],"collection":[{"href":"https:\/\/www.ufsm.br\/pro-reitorias\/proplan\/wp-json\/wp\/v2\/pages"}],"about":[{"href":"https:\/\/www.ufsm.br\/pro-reitorias\/proplan\/wp-json\/wp\/v2\/types\/page"}],"author":[{"embeddable":true,"href":"https:\/\/www.ufsm.br\/pro-reitorias\/proplan\/wp-json\/wp\/v2\/users\/4883"}],"replies":[{"embeddable":true,"href":"https:\/\/www.ufsm.br\/pro-reitorias\/proplan\/wp-json\/wp\/v2\/comments?post=5134"}],"version-history":[{"count":0,"href":"https:\/\/www.ufsm.br\/pro-reitorias\/proplan\/wp-json\/wp\/v2\/pages\/5134\/revisions"}],"wp:attachment":[{"href":"https:\/\/www.ufsm.br\/pro-reitorias\/proplan\/wp-json\/wp\/v2\/media?parent=5134"}],"wp:term":[{"taxonomy":"category","embeddable":true,"href":"https:\/\/www.ufsm.br\/pro-reitorias\/proplan\/wp-json\/wp\/v2\/categories?post=5134"},{"taxonomy":"post_tag","embeddable":true,"href":"https:\/\/www.ufsm.br\/pro-reitorias\/proplan\/wp-json\/wp\/v2\/tags?post=5134"}],"curies":[{"name":"wp","href":"https:\/\/api.w.org\/{rel}","templated":true}]}}