{"id":5252,"date":"2023-01-23T10:30:12","date_gmt":"2023-01-23T13:30:12","guid":{"rendered":"https:\/\/www.ufsm.br\/pro-reitorias\/proplan\/?page_id=5252"},"modified":"2023-04-13T12:13:58","modified_gmt":"2023-04-13T15:13:58","slug":"relatorios-2022","status":"publish","type":"page","link":"https:\/\/www.ufsm.br\/pro-reitorias\/proplan\/relatorios-2022","title":{"rendered":"Relat\u00f3rios 2022"},"content":{"rendered":"\t\t<div data-elementor-type=\"wp-page\" data-elementor-id=\"5252\" class=\"elementor elementor-5252\">\n\t\t\t\t\t\t<section class=\"elementor-section elementor-top-section elementor-element elementor-element-c8ec8f7 elementor-section-boxed elementor-section-height-default elementor-section-height-default\" data-id=\"c8ec8f7\" data-element_type=\"section\">\n\t\t\t\t\t\t<div class=\"elementor-container elementor-column-gap-default\">\n\t\t\t\t\t<div class=\"elementor-column elementor-col-100 elementor-top-column elementor-element elementor-element-1b1bcfa\" data-id=\"1b1bcfa\" data-element_type=\"column\">\n\t\t\t<div class=\"elementor-widget-wrap elementor-element-populated\">\n\t\t\t\t\t\t<div class=\"elementor-element elementor-element-daededf elementor-widget elementor-widget-text-editor\" data-id=\"daededf\" data-element_type=\"widget\" data-widget_type=\"text-editor.default\">\n\t\t\t\t<div class=\"elementor-widget-container\">\n\t\t\t\t\t\t\t<p style=\"color: #000000;font-size: 16px\"><span style=\"font-family: sans-serif;color: #202122;font-size: 14px\">As informa\u00e7\u00f5es abaixo disponibilizadas tem a finalidade aprimorar a<\/span><span style=\"font-weight: bolder;font-family: sans-serif;color: #202122;font-size: 14px\">\u00a0Transpar\u00eancia<\/span><span style=\"font-family: sans-serif;color: #202122;font-size: 14px\">\u00a0da UFSM e veicular dados e informa\u00e7\u00f5es detalhados sobre a execu\u00e7\u00e3o or\u00e7ament\u00e1ria, acesse e ajude-nos a aprimorar mediante feedback.<\/span><\/p>\n<p style=\"color: #000000;font-size: 16px\"><span style=\"font-family: sans-serif;color: #202122;font-size: 14px\">N\u00e3o obstante, as informa\u00e7\u00f5es fazem parte do processo de\u00a0<span style=\"font-weight: bolder\">Governan\u00e7a<\/span>\u00a0oferecendo<\/span><span style=\"color: #000000;font-size: 16px;background-color: var(--bs-body-bg);text-align: var(--bs-body-text-align)\">\u00a0subsidio\u00a0<\/span><span style=\"font-family: sans-serif;color: #202122;font-size: 14px;background-color: var(--bs-body-bg);text-align: var(--bs-body-text-align)\">para tomadas de decis\u00f5es, de forma a assegurar de forma razo\u00e1vel e adequado a sustentabilidade da Institui\u00e7\u00e3o no longo prazo.<\/span><span style=\"background-color: var(--bs-body-bg);color: #202122;font-family: sans-serif;font-size: 14px;text-align: var(--bs-body-text-align)\">\u00a0<\/span><\/p>\t\t\t\t\t\t<\/div>\n\t\t\t\t<\/div>\n\t\t\t\t\t<\/div>\n\t\t<\/div>\n\t\t\t\t\t<\/div>\n\t\t<\/section>\n\t\t\t\t<section class=\"elementor-section elementor-top-section elementor-element elementor-element-6a9bff5f elementor-section-boxed elementor-section-height-default elementor-section-height-default\" data-id=\"6a9bff5f\" data-element_type=\"section\">\n\t\t\t\t\t\t<div class=\"elementor-container elementor-column-gap-default\">\n\t\t\t\t\t<div class=\"elementor-column elementor-col-100 elementor-top-column elementor-element elementor-element-20f32f79\" data-id=\"20f32f79\" data-element_type=\"column\">\n\t\t\t<div class=\"elementor-widget-wrap elementor-element-populated\">\n\t\t\t\t\t\t<div class=\"elementor-element elementor-element-29c22bfb elementor-widget elementor-widget-text-editor\" data-id=\"29c22bfb\" data-element_type=\"widget\" data-widget_type=\"text-editor.default\">\n\t\t\t\t<div class=\"elementor-widget-container\">\n\t\t\t\t\t\t\t<!-- wp:tadv\/classic-paragraph \/-->\t\t\t\t\t\t<\/div>\n\t\t\t\t<\/div>\n\t\t\t\t<div class=\"elementor-element elementor-element-d052777 elementor-widget elementor-widget-text-editor\" data-id=\"d052777\" data-element_type=\"widget\" data-widget_type=\"text-editor.default\">\n\t\t\t\t<div class=\"elementor-widget-container\">\n\t\t\t\t\t\t\t<p>\u00a0 Informa\u00e7\u00f5es Or\u00e7ament\u00e1rias de Unidades de Ensino:<\/p>\t\t\t\t\t\t<\/div>\n\t\t\t\t<\/div>\n\t\t\t\t\t<\/div>\n\t\t<\/div>\n\t\t\t\t\t<\/div>\n\t\t<\/section>\n\t\t\t\t<section class=\"elementor-section elementor-top-section elementor-element elementor-element-3edb529 elementor-section-boxed elementor-section-height-default elementor-section-height-default\" data-id=\"3edb529\" data-element_type=\"section\">\n\t\t\t\t\t\t<div class=\"elementor-container elementor-column-gap-default\">\n\t\t\t\t\t<div class=\"elementor-column elementor-col-33 elementor-top-column elementor-element elementor-element-af76f2b\" data-id=\"af76f2b\" data-element_type=\"column\">\n\t\t\t<div class=\"elementor-widget-wrap elementor-element-populated\">\n\t\t\t\t\t\t<div class=\"elementor-element elementor-element-50ba3cc elementor-widget elementor-widget-text-editor\" data-id=\"50ba3cc\" data-element_type=\"widget\" data-widget_type=\"text-editor.default\">\n\t\t\t\t<div class=\"elementor-widget-container\">\n\t\t\t\t\t\t\t<h5 style=\"text-align: center\"><span style=\"font-size: 10pt\">Relat\u00f3rio de Execu\u00e7\u00e3o das Unidades de Ensino<\/span><\/h5>\t\t\t\t\t\t<\/div>\n\t\t\t\t<\/div>\n\t\t\t\t<div class=\"elementor-element elementor-element-cde1138 elementor-view-stacked elementor-shape-circle elementor-widget elementor-widget-icon\" data-id=\"cde1138\" data-element_type=\"widget\" data-widget_type=\"icon.default\">\n\t\t\t\t<div class=\"elementor-widget-container\">\n\t\t\t\t\t<div class=\"elementor-icon-wrapper\">\n\t\t\t<a class=\"elementor-icon elementor-animation-grow\" href=\"https:\/\/app.powerbi.com\/view?r=eyJrIjoiZDMwYzc4YzMtZWViMS00ZGUxLTlkNDItNmJkOTBhNWUwODlmIiwidCI6Ijk3OTAyMGQ1LTQ5NTAtNGY0My1hOTk0LTg4ZDY4M2VhYjQ3MyJ9&#038;pageName=ReportSection206bfc03d22802e16137\">\n\t\t\t<i aria-hidden=\"true\" class=\"fas fa-chart-line\"><\/i>\t\t\t<\/a>\n\t\t<\/div>\n\t\t\t\t<\/div>\n\t\t\t\t<\/div>\n\t\t\t\t<div class=\"elementor-element elementor-element-aef263d elementor-widget elementor-widget-text-editor\" data-id=\"aef263d\" data-element_type=\"widget\" data-widget_type=\"text-editor.default\">\n\t\t\t\t<div class=\"elementor-widget-container\">\n\t\t\t\t\t\t\t<h6><span style=\"font-size: 8pt\"><em>Nesse relat\u00f3rio voc\u00ea\u00a0 acompanha a execu\u00e7\u00e3o or\u00e7ament\u00e1ria das Unidades de Ensino<\/em><\/span><\/h6>\t\t\t\t\t\t<\/div>\n\t\t\t\t<\/div>\n\t\t\t\t\t<\/div>\n\t\t<\/div>\n\t\t\t\t<div class=\"elementor-column elementor-col-33 elementor-top-column elementor-element elementor-element-fb43a59\" data-id=\"fb43a59\" data-element_type=\"column\">\n\t\t\t<div class=\"elementor-widget-wrap elementor-element-populated\">\n\t\t\t\t\t\t<div class=\"elementor-element elementor-element-359a834 elementor-widget elementor-widget-text-editor\" data-id=\"359a834\" data-element_type=\"widget\" data-widget_type=\"text-editor.default\">\n\t\t\t\t<div class=\"elementor-widget-container\">\n\t\t\t\t\t\t\t<h5 style=\"text-align: center\">Distribui\u00e7\u00e3o por matrizes internas<\/h5>\t\t\t\t\t\t<\/div>\n\t\t\t\t<\/div>\n\t\t\t\t<div class=\"elementor-element elementor-element-7d253eb elementor-view-stacked elementor-shape-circle elementor-widget elementor-widget-icon\" data-id=\"7d253eb\" data-element_type=\"widget\" data-widget_type=\"icon.default\">\n\t\t\t\t<div class=\"elementor-widget-container\">\n\t\t\t\t\t<div class=\"elementor-icon-wrapper\">\n\t\t\t<a class=\"elementor-icon elementor-animation-grow\" href=\"https:\/\/app.powerbi.com\/view?r=eyJrIjoiNjZiNDcxNGUtMzI5Mi00OTVlLWI1NTYtMWE5OTI3ODZhODdlIiwidCI6Ijk3OTAyMGQ1LTQ5NTAtNGY0My1hOTk0LTg4ZDY4M2VhYjQ3MyJ9&#038;pageName=ReportSection07a5394d10ea972562ab\">\n\t\t\t<i aria-hidden=\"true\" class=\"fas fa-chart-line\"><\/i>\t\t\t<\/a>\n\t\t<\/div>\n\t\t\t\t<\/div>\n\t\t\t\t<\/div>\n\t\t\t\t<div class=\"elementor-element elementor-element-f1f3af9 elementor-widget elementor-widget-text-editor\" data-id=\"f1f3af9\" data-element_type=\"widget\" data-widget_type=\"text-editor.default\">\n\t\t\t\t<div class=\"elementor-widget-container\">\n\t\t\t\t\t\t\t<h6><em style=\"color: #000000;font-size: 20px\">Nesse relat\u00f3rio voc\u00ea pode verificar as v\u00e1rias vers\u00f5es de programa\u00e7\u00e3o e distribui\u00e7\u00e3o or\u00e7ament\u00e1ria<\/em><\/h6>\t\t\t\t\t\t<\/div>\n\t\t\t\t<\/div>\n\t\t\t\t\t<\/div>\n\t\t<\/div>\n\t\t\t\t<div class=\"elementor-column elementor-col-33 elementor-top-column elementor-element elementor-element-a6f1af5\" data-id=\"a6f1af5\" data-element_type=\"column\">\n\t\t\t<div class=\"elementor-widget-wrap\">\n\t\t\t\t\t\t\t<\/div>\n\t\t<\/div>\n\t\t\t\t\t<\/div>\n\t\t<\/section>\n\t\t\t\t<section class=\"elementor-section elementor-top-section elementor-element elementor-element-73b5072 elementor-section-boxed elementor-section-height-default elementor-section-height-default\" data-id=\"73b5072\" data-element_type=\"section\">\n\t\t\t\t\t\t<div class=\"elementor-container elementor-column-gap-default\">\n\t\t\t\t\t<div class=\"elementor-column elementor-col-100 elementor-top-column elementor-element elementor-element-ede2528\" data-id=\"ede2528\" data-element_type=\"column\">\n\t\t\t<div class=\"elementor-widget-wrap elementor-element-populated\">\n\t\t\t\t\t\t<div class=\"elementor-element elementor-element-b1f40c3 elementor-widget elementor-widget-text-editor\" data-id=\"b1f40c3\" data-element_type=\"widget\" data-widget_type=\"text-editor.default\">\n\t\t\t\t<div class=\"elementor-widget-container\">\n\t\t\t\t\t\t\t<h4 style=\"text-align: left\">Informa\u00e7\u00f5es or\u00e7ament\u00e1rias de projetos e a\u00e7\u00f5es coordenados por Pr\u00f3-reitorias :<\/h4>\t\t\t\t\t\t<\/div>\n\t\t\t\t<\/div>\n\t\t\t\t\t<\/div>\n\t\t<\/div>\n\t\t\t\t\t<\/div>\n\t\t<\/section>\n\t\t\t\t<section class=\"elementor-section elementor-top-section elementor-element elementor-element-85ee952 elementor-section-boxed elementor-section-height-default elementor-section-height-default\" data-id=\"85ee952\" data-element_type=\"section\">\n\t\t\t\t\t\t<div class=\"elementor-container elementor-column-gap-default\">\n\t\t\t\t\t<div class=\"elementor-column elementor-col-33 elementor-top-column elementor-element elementor-element-7961469\" data-id=\"7961469\" data-element_type=\"column\">\n\t\t\t<div class=\"elementor-widget-wrap elementor-element-populated\">\n\t\t\t\t\t\t<div class=\"elementor-element elementor-element-e9ca5f5 elementor-widget elementor-widget-text-editor\" data-id=\"e9ca5f5\" data-element_type=\"widget\" data-widget_type=\"text-editor.default\">\n\t\t\t\t<div class=\"elementor-widget-container\">\n\t\t\t\t\t\t\t<h5 style=\"text-align: center\"><span style=\"font-size: 10pt\">Relat\u00f3rio de Execu\u00e7\u00e3o das Iniciativas Estrat\u00e9gicas<\/span><\/h5>\t\t\t\t\t\t<\/div>\n\t\t\t\t<\/div>\n\t\t\t\t<div class=\"elementor-element elementor-element-8329db9 elementor-view-stacked elementor-shape-circle elementor-widget elementor-widget-icon\" data-id=\"8329db9\" data-element_type=\"widget\" data-widget_type=\"icon.default\">\n\t\t\t\t<div class=\"elementor-widget-container\">\n\t\t\t\t\t<div class=\"elementor-icon-wrapper\">\n\t\t\t<a class=\"elementor-icon elementor-animation-grow\" href=\"https:\/\/app.powerbi.com\/view?r=eyJrIjoiNmE2MDQyM2MtNzMzMy00MzFmLWJiM2EtNDk2ZmFkMDMwOWIwIiwidCI6Ijk3OTAyMGQ1LTQ5NTAtNGY0My1hOTk0LTg4ZDY4M2VhYjQ3MyJ9&#038;pageName=ReportSection34839e421fa3f8ec1e2d\">\n\t\t\t<i aria-hidden=\"true\" class=\"far fa-chart-bar\"><\/i>\t\t\t<\/a>\n\t\t<\/div>\n\t\t\t\t<\/div>\n\t\t\t\t<\/div>\n\t\t\t\t<div class=\"elementor-element elementor-element-d057134 elementor-widget elementor-widget-text-editor\" data-id=\"d057134\" data-element_type=\"widget\" data-widget_type=\"text-editor.default\">\n\t\t\t\t<div class=\"elementor-widget-container\">\n\t\t\t\t\t\t\t<h6><em style=\"color: #000000;font-size: 20px\">Nesse relat\u00f3rio voc\u00ea pode acompanhar a execu\u00e7\u00e3o or\u00e7ament\u00e1ria das<b> Iniciativas <\/b>das Pr\u00f3-reitorias<\/em><\/h6>\t\t\t\t\t\t<\/div>\n\t\t\t\t<\/div>\n\t\t\t\t\t<\/div>\n\t\t<\/div>\n\t\t\t\t<div class=\"elementor-column elementor-col-33 elementor-top-column elementor-element elementor-element-7398e2e\" data-id=\"7398e2e\" data-element_type=\"column\">\n\t\t\t<div class=\"elementor-widget-wrap elementor-element-populated\">\n\t\t\t\t\t\t<div class=\"elementor-element elementor-element-8c1f189 elementor-widget elementor-widget-text-editor\" data-id=\"8c1f189\" data-element_type=\"widget\" data-widget_type=\"text-editor.default\">\n\t\t\t\t<div class=\"elementor-widget-container\">\n\t\t\t\t\t\t\t<h5 style=\"text-align: center\"><span style=\"font-size: 10pt\">Relat\u00f3rio de Execu\u00e7\u00e3o Or\u00e7ament\u00e1ria da Adm. Central<\/span><\/h5>\t\t\t\t\t\t<\/div>\n\t\t\t\t<\/div>\n\t\t\t\t<div class=\"elementor-element elementor-element-ca3ab96 elementor-view-stacked elementor-shape-circle elementor-widget elementor-widget-icon\" data-id=\"ca3ab96\" data-element_type=\"widget\" data-widget_type=\"icon.default\">\n\t\t\t\t<div class=\"elementor-widget-container\">\n\t\t\t\t\t<div class=\"elementor-icon-wrapper\">\n\t\t\t<a class=\"elementor-icon elementor-animation-grow\" href=\"https:\/\/app.powerbi.com\/view?r=eyJrIjoiMzJjNGYzMGYtZDFhZS00NWI4LTlmZjgtYTNlMjAwZGFhYmQyIiwidCI6Ijk3OTAyMGQ1LTQ5NTAtNGY0My1hOTk0LTg4ZDY4M2VhYjQ3MyJ9\">\n\t\t\t<i aria-hidden=\"true\" class=\"far fa-chart-bar\"><\/i>\t\t\t<\/a>\n\t\t<\/div>\n\t\t\t\t<\/div>\n\t\t\t\t<\/div>\n\t\t\t\t<div class=\"elementor-element elementor-element-c7b863d elementor-widget elementor-widget-text-editor\" data-id=\"c7b863d\" data-element_type=\"widget\" data-widget_type=\"text-editor.default\">\n\t\t\t\t<div class=\"elementor-widget-container\">\n\t\t\t\t\t\t\t<h6><em style=\"color: #000000;font-size: 20px\">Nesse relat\u00f3rio voc\u00ea pode acompanhar a execu\u00e7\u00e3o or\u00e7ament\u00e1ria geral das Pr\u00f3-reitorias e Unidades Gestoras vinculadas \u00e0 Adm. Central<\/em><\/h6>\t\t\t\t\t\t<\/div>\n\t\t\t\t<\/div>\n\t\t\t\t\t<\/div>\n\t\t<\/div>\n\t\t\t\t<div class=\"elementor-column elementor-col-33 elementor-top-column elementor-element elementor-element-f741159\" data-id=\"f741159\" data-element_type=\"column\">\n\t\t\t<div class=\"elementor-widget-wrap\">\n\t\t\t\t\t\t\t<\/div>\n\t\t<\/div>\n\t\t\t\t\t<\/div>\n\t\t<\/section>\n\t\t\t\t<section class=\"elementor-section elementor-top-section elementor-element elementor-element-9a86bf4 elementor-section-boxed elementor-section-height-default elementor-section-height-default\" data-id=\"9a86bf4\" data-element_type=\"section\">\n\t\t\t\t\t\t<div class=\"elementor-container elementor-column-gap-default\">\n\t\t\t\t\t<div class=\"elementor-column elementor-col-100 elementor-top-column elementor-element elementor-element-cf35092\" data-id=\"cf35092\" data-element_type=\"column\">\n\t\t\t<div class=\"elementor-widget-wrap elementor-element-populated\">\n\t\t\t\t\t\t<div class=\"elementor-element elementor-element-c465c02 elementor-widget elementor-widget-text-editor\" data-id=\"c465c02\" data-element_type=\"widget\" data-widget_type=\"text-editor.default\">\n\t\t\t\t<div class=\"elementor-widget-container\">\n\t\t\t\t\t\t\t<p><ul><li>Informa\u00e7\u00f5es or\u00e7ament\u00e1rias em n\u00edvel anal\u00edtico (detalhado)<\/li><\/ul><\/p>\t\t\t\t\t\t<\/div>\n\t\t\t\t<\/div>\n\t\t\t\t\t<\/div>\n\t\t<\/div>\n\t\t\t\t\t<\/div>\n\t\t<\/section>\n\t\t\t\t<section class=\"elementor-section elementor-top-section elementor-element elementor-element-6d346d1 elementor-section-boxed elementor-section-height-default elementor-section-height-default\" data-id=\"6d346d1\" data-element_type=\"section\">\n\t\t\t\t\t\t<div class=\"elementor-container elementor-column-gap-default\">\n\t\t\t\t\t<div class=\"elementor-column elementor-col-33 elementor-top-column elementor-element elementor-element-b87017f\" data-id=\"b87017f\" data-element_type=\"column\">\n\t\t\t<div class=\"elementor-widget-wrap elementor-element-populated\">\n\t\t\t\t\t\t<div class=\"elementor-element elementor-element-05732b6 elementor-widget elementor-widget-text-editor\" data-id=\"05732b6\" data-element_type=\"widget\" data-widget_type=\"text-editor.default\">\n\t\t\t\t<div class=\"elementor-widget-container\">\n\t\t\t\t\t\t\t<h5 style=\"text-align: center\"><span style=\"font-size: 10pt\">Relat\u00f3rio de Execu\u00e7\u00e3o de Todas Unidades Gestoras<\/span><\/h5>\t\t\t\t\t\t<\/div>\n\t\t\t\t<\/div>\n\t\t\t\t<div class=\"elementor-element elementor-element-3039223 elementor-view-stacked elementor-shape-circle elementor-widget elementor-widget-icon\" data-id=\"3039223\" data-element_type=\"widget\" data-widget_type=\"icon.default\">\n\t\t\t\t<div class=\"elementor-widget-container\">\n\t\t\t\t\t<div class=\"elementor-icon-wrapper\">\n\t\t\t<a class=\"elementor-icon elementor-animation-grow\" href=\"https:\/\/app.powerbi.com\/view?r=eyJrIjoiZjQ2MmJhZjgtZjVjYi00MWZjLWIwOTQtYWE5N2M2M2NkZTk5IiwidCI6Ijk3OTAyMGQ1LTQ5NTAtNGY0My1hOTk0LTg4ZDY4M2VhYjQ3MyJ9\">\n\t\t\t<i aria-hidden=\"true\" class=\"fas fa-table\"><\/i>\t\t\t<\/a>\n\t\t<\/div>\n\t\t\t\t<\/div>\n\t\t\t\t<\/div>\n\t\t\t\t<div class=\"elementor-element elementor-element-118ecef elementor-widget elementor-widget-text-editor\" data-id=\"118ecef\" data-element_type=\"widget\" data-widget_type=\"text-editor.default\">\n\t\t\t\t<div class=\"elementor-widget-container\">\n\t\t\t\t\t\t\t<h6><em style=\"color: #000000;font-size: 20px\">Nesse relat\u00f3rio voc\u00ea pode acompanhar a execu\u00e7\u00e3o or\u00e7ament\u00e1rias de todas as Unidades Gestoras da UFSM<\/em><\/h6>\t\t\t\t\t\t<\/div>\n\t\t\t\t<\/div>\n\t\t\t\t\t<\/div>\n\t\t<\/div>\n\t\t\t\t<div class=\"elementor-column elementor-col-33 elementor-top-column elementor-element elementor-element-e0a9ace\" data-id=\"e0a9ace\" data-element_type=\"column\">\n\t\t\t<div class=\"elementor-widget-wrap elementor-element-populated\">\n\t\t\t\t\t\t<div class=\"elementor-element elementor-element-d6d8acb elementor-widget elementor-widget-text-editor\" data-id=\"d6d8acb\" data-element_type=\"widget\" data-widget_type=\"text-editor.default\">\n\t\t\t\t<div class=\"elementor-widget-container\">\n\t\t\t\t\t\t\t<h5 style=\"text-align: center\">Acompanhamento dos Saldos Empenho<\/h5>\t\t\t\t\t\t<\/div>\n\t\t\t\t<\/div>\n\t\t\t\t<div class=\"elementor-element elementor-element-70ad80f elementor-view-stacked elementor-shape-circle elementor-widget elementor-widget-icon\" data-id=\"70ad80f\" data-element_type=\"widget\" data-widget_type=\"icon.default\">\n\t\t\t\t<div class=\"elementor-widget-container\">\n\t\t\t\t\t<div class=\"elementor-icon-wrapper\">\n\t\t\t<a class=\"elementor-icon elementor-animation-grow\" href=\"https:\/\/bit.ly\/3xJ1OC2\">\n\t\t\t<i aria-hidden=\"true\" class=\"fas fa-cart-plus\"><\/i>\t\t\t<\/a>\n\t\t<\/div>\n\t\t\t\t<\/div>\n\t\t\t\t<\/div>\n\t\t\t\t<div class=\"elementor-element elementor-element-855ad1d elementor-widget elementor-widget-text-editor\" data-id=\"855ad1d\" data-element_type=\"widget\" data-widget_type=\"text-editor.default\">\n\t\t\t\t<div class=\"elementor-widget-container\">\n\t\t\t\t\t\t\t<h6><em style=\"color: #000000;font-size: 20px\">Nesse relat\u00f3rio voc\u00ea pode acompanhar todos os saldos de empenhos por UGR, favorecido, n\u00famero de empenho, natureza da despesa<\/em><\/h6>\t\t\t\t\t\t<\/div>\n\t\t\t\t<\/div>\n\t\t\t\t\t<\/div>\n\t\t<\/div>\n\t\t\t\t<div class=\"elementor-column elementor-col-33 elementor-top-column elementor-element elementor-element-42c0cd4\" data-id=\"42c0cd4\" data-element_type=\"column\">\n\t\t\t<div class=\"elementor-widget-wrap elementor-element-populated\">\n\t\t\t\t\t\t<div class=\"elementor-element elementor-element-e49f08a elementor-widget elementor-widget-text-editor\" data-id=\"e49f08a\" data-element_type=\"widget\" data-widget_type=\"text-editor.default\">\n\t\t\t\t<div class=\"elementor-widget-container\">\n\t\t\t\t\t\t\t<h5 style=\"text-align: center\"><span style=\"font-size: 10pt\">Relat\u00f3rio de\u00a0<\/span><span style=\"background-color: var(--bs-body-bg);text-align: var(--bs-body-text-align)\">Libera\u00e7\u00f5es de Recurso<\/span><\/h5>\t\t\t\t\t\t<\/div>\n\t\t\t\t<\/div>\n\t\t\t\t<div class=\"elementor-element elementor-element-c2721c3 elementor-view-stacked elementor-shape-circle elementor-widget elementor-widget-icon\" data-id=\"c2721c3\" data-element_type=\"widget\" data-widget_type=\"icon.default\">\n\t\t\t\t<div class=\"elementor-widget-container\">\n\t\t\t\t\t<div class=\"elementor-icon-wrapper\">\n\t\t\t<a class=\"elementor-icon elementor-animation-grow\" href=\"https:\/\/app.powerbi.com\/view?r=eyJrIjoiZmNiNTYyYWUtZTc5Yy00NjUzLWE3Y2QtZDViYjQwZDQzMGIwIiwidCI6Ijk3OTAyMGQ1LTQ5NTAtNGY0My1hOTk0LTg4ZDY4M2VhYjQ3MyJ9\">\n\t\t\t<i aria-hidden=\"true\" class=\"fas fa-clipboard-check\"><\/i>\t\t\t<\/a>\n\t\t<\/div>\n\t\t\t\t<\/div>\n\t\t\t\t<\/div>\n\t\t\t\t<div class=\"elementor-element elementor-element-f7dd197 elementor-widget elementor-widget-text-editor\" data-id=\"f7dd197\" data-element_type=\"widget\" data-widget_type=\"text-editor.default\">\n\t\t\t\t<div class=\"elementor-widget-container\">\n\t\t\t\t\t\t\t<h6><em style=\"color: #000000;font-size: 20px;background-color: var(--bs-body-bg);text-align: var(--bs-body-text-align)\">Nesse relat\u00f3rio voc\u00ea pode acompanhar cada libera\u00e7\u00e3o de recurso realizada para gest\u00e3o das Unidades Gestoras da UFSM<\/em><\/h6>\t\t\t\t\t\t<\/div>\n\t\t\t\t<\/div>\n\t\t\t\t\t<\/div>\n\t\t<\/div>\n\t\t\t\t\t<\/div>\n\t\t<\/section>\n\t\t\t\t<section class=\"elementor-section elementor-top-section elementor-element elementor-element-ca6659b elementor-section-boxed elementor-section-height-default elementor-section-height-default\" data-id=\"ca6659b\" data-element_type=\"section\">\n\t\t\t\t\t\t<div class=\"elementor-container elementor-column-gap-default\">\n\t\t\t\t\t<div class=\"elementor-column elementor-col-100 elementor-top-column elementor-element elementor-element-ca694b5\" data-id=\"ca694b5\" data-element_type=\"column\">\n\t\t\t<div class=\"elementor-widget-wrap elementor-element-populated\">\n\t\t\t\t\t\t<div class=\"elementor-element elementor-element-c654a33 elementor-widget elementor-widget-text-editor\" data-id=\"c654a33\" data-element_type=\"widget\" data-widget_type=\"text-editor.default\">\n\t\t\t\t<div class=\"elementor-widget-container\">\n\t\t\t\t\t\t\t<p><ul><li>Informa\u00e7\u00f5es or\u00e7ament\u00e1rias em n\u00edvel anal\u00edtico (detalhado)<\/li><\/ul><\/p>\t\t\t\t\t\t<\/div>\n\t\t\t\t<\/div>\n\t\t\t\t\t<\/div>\n\t\t<\/div>\n\t\t\t\t\t<\/div>\n\t\t<\/section>\n\t\t\t\t<section class=\"elementor-section elementor-top-section elementor-element elementor-element-bd52302 elementor-section-boxed elementor-section-height-default elementor-section-height-default\" data-id=\"bd52302\" data-element_type=\"section\">\n\t\t\t\t\t\t<div class=\"elementor-container elementor-column-gap-default\">\n\t\t\t\t\t<div class=\"elementor-column elementor-col-100 elementor-top-column elementor-element elementor-element-96a74d9\" data-id=\"96a74d9\" data-element_type=\"column\">\n\t\t\t<div class=\"elementor-widget-wrap elementor-element-populated\">\n\t\t\t\t\t\t<div class=\"elementor-element elementor-element-15ffd3f elementor-widget elementor-widget-html\" data-id=\"15ffd3f\" data-element_type=\"widget\" data-widget_type=\"html.default\">\n\t\t\t\t<div class=\"elementor-widget-container\">\n\t\t\t<iframe width=\"600\" height=\"700\" src=\"https:\/\/app.powerbi.com\/view?r=eyJrIjoiM2I2OTc2NTItNDgxYy00ZWMzLTgyMGQtOWNiZjM0MjUxNjYwIiwidCI6Ijk3OTAyMGQ1LTQ5NTAtNGY0My1hOTk0LTg4ZDY4M2VhYjQ3MyJ9&amp;pageName=ReportSectioncf4d6ac8c1a1b6fe60d3\" frameborder=\"0\" allowFullScreen=\"true\"><\/iframe>\t\t<\/div>\n\t\t\t\t<\/div>\n\t\t\t\t\t<\/div>\n\t\t<\/div>\n\t\t\t\t\t<\/div>\n\t\t<\/section>\n\t\t\t\t<\/div>\n\t\t","protected":false},"excerpt":{"rendered":"<p>As informa\u00e7\u00f5es abaixo disponibilizadas tem a finalidade aprimorar a\u00a0Transpar\u00eancia\u00a0da UFSM e veicular dados e informa\u00e7\u00f5es detalhados sobre a execu\u00e7\u00e3o or\u00e7ament\u00e1ria, acesse e ajude-nos a aprimorar mediante feedback. N\u00e3o obstante, as informa\u00e7\u00f5es fazem parte do processo de\u00a0Governan\u00e7a\u00a0oferecendo\u00a0subsidio\u00a0para tomadas de decis\u00f5es, de forma a assegurar de forma razo\u00e1vel e adequado a sustentabilidade da Institui\u00e7\u00e3o no longo prazo.\u00a0 [&hellip;]<\/p>\n","protected":false},"author":238,"featured_media":0,"parent":0,"menu_order":0,"comment_status":"closed","ping_status":"closed","template":"","meta":{"footnotes":""},"categories":[],"tags":[],"class_list":["post-5252","page","type-page","status-publish","hentry"],"acf":[],"_links":{"self":[{"href":"https:\/\/www.ufsm.br\/pro-reitorias\/proplan\/wp-json\/wp\/v2\/pages\/5252","targetHints":{"allow":["GET"]}}],"collection":[{"href":"https:\/\/www.ufsm.br\/pro-reitorias\/proplan\/wp-json\/wp\/v2\/pages"}],"about":[{"href":"https:\/\/www.ufsm.br\/pro-reitorias\/proplan\/wp-json\/wp\/v2\/types\/page"}],"author":[{"embeddable":true,"href":"https:\/\/www.ufsm.br\/pro-reitorias\/proplan\/wp-json\/wp\/v2\/users\/238"}],"replies":[{"embeddable":true,"href":"https:\/\/www.ufsm.br\/pro-reitorias\/proplan\/wp-json\/wp\/v2\/comments?post=5252"}],"version-history":[{"count":0,"href":"https:\/\/www.ufsm.br\/pro-reitorias\/proplan\/wp-json\/wp\/v2\/pages\/5252\/revisions"}],"wp:attachment":[{"href":"https:\/\/www.ufsm.br\/pro-reitorias\/proplan\/wp-json\/wp\/v2\/media?parent=5252"}],"wp:term":[{"taxonomy":"category","embeddable":true,"href":"https:\/\/www.ufsm.br\/pro-reitorias\/proplan\/wp-json\/wp\/v2\/categories?post=5252"},{"taxonomy":"post_tag","embeddable":true,"href":"https:\/\/www.ufsm.br\/pro-reitorias\/proplan\/wp-json\/wp\/v2\/tags?post=5252"}],"curies":[{"name":"wp","href":"https:\/\/api.w.org\/{rel}","templated":true}]}}