{"id":5253,"date":"2023-01-31T09:01:59","date_gmt":"2023-01-31T12:01:59","guid":{"rendered":"https:\/\/www.ufsm.br\/pro-reitorias\/proplan\/?page_id=5253"},"modified":"2026-01-09T13:14:32","modified_gmt":"2026-01-09T16:14:32","slug":"resolucao-ufsm-n-115-2023","status":"publish","type":"page","link":"https:\/\/www.ufsm.br\/pro-reitorias\/proplan\/resolucao-ufsm-n-115-2023","title":{"rendered":"RESOLU\u00c7\u00c3O UFSM N\u00b0 115\/2023"},"content":{"rendered":"\t\t<div data-elementor-type=\"wp-page\" data-elementor-id=\"5253\" class=\"elementor elementor-5253\">\n\t\t\t\t\t\t<section class=\"elementor-section elementor-top-section elementor-element elementor-element-62a1bc2 elementor-section-boxed elementor-section-height-default elementor-section-height-default\" data-id=\"62a1bc2\" data-element_type=\"section\">\n\t\t\t\t\t\t<div class=\"elementor-container elementor-column-gap-default\">\n\t\t\t\t\t<div class=\"elementor-column elementor-col-100 elementor-top-column elementor-element elementor-element-7616314\" data-id=\"7616314\" data-element_type=\"column\">\n\t\t\t<div class=\"elementor-widget-wrap elementor-element-populated\">\n\t\t\t\t\t\t<div class=\"elementor-element elementor-element-e6b034d elementor-widget elementor-widget-html\" data-id=\"e6b034d\" data-element_type=\"widget\" data-widget_type=\"html.default\">\n\t\t\t\t<div class=\"elementor-widget-container\">\n\t\t\t\r\n\r\n\r\n<title><b>RESOLU\u00c7\u00c3O UFSM N. 115, DE 30 DE JANEIRO DE 2023<\/b><\/title>\r\n\r\n\r\n<div align=\"center\"><img decoding=\"async\" src=\"https:\/\/www.ufsm.br\/pro-reitorias\/proplan\/wp-content\/uploads\/sites\/344\/2019\/09\/brasao-da-republica-do-brasil-logo.png\" alt=\"Bras\u00e3o Rep\u00fablica Federativa do Brasil\" width=\"6%\" height=\"6%\"><\/div>  <h1><font color=\"blue\"><font size=\"5\"><div align=\"center\">MINIST\u00c9RIO DA EDUCA\u00c7\u00c3O<\/div><\/font><\/font><\/H1>\r\n<b><font color=\"0000blue\"><div align=\"center\">UNIVERSIDADE FEDERAL DE SANTA MARIA<\/div><\/font><\/b>\r\n<p><div align=\"center\"><b><a href=\"https:\/\/portal.ufsm.br\/documentos\/publico\/documento.html?id=14535753\" target=\"_blank\"><font color=\"blue\">RESOLU\u00c7\u00c3O UFSM N\u00b0 115, DE 30 DE JANEIRO DE 2023<\/font><\/a><\/b><\/div>\r\n<br>\r\n<p><div align=\"justify\"><font color=\"800000\"><ul><ul><ul><ul><ul><ul><ul><ul><ul><ul><ul><ul><ul><ul><ul><ul>Aprova os desmembramentos de Coordena\u00e7\u00f5es de Cursos T\u00e9cnicos no \u00e2mbito do Col\u00e9gio Polit\u00e9cnico (POLI) da Universidade Federal de Santa Maria (UFSM).<\/font><\/div><\/ul>\r\n\r\n<br><div align=\"justify\"><font color=\"black\">\r\n<p>O REITOR DA UNIVERSIDADE FEDERAL DE SANTA MARIA, no uso de suas atribui&ccedil;&otilde;es legais e estatut&aacute;rias e considerando:<\/p>\r\n<p>- &nbsp;a&nbsp;<span style=\"text-decoration: underline;color: #0000ff\"><a href=\"https:\/\/www.planalto.gov.br\/ccivil_03\/constituicao\/constituicao.htm\"><span style=\"color: #0000ff;text-decoration: underline\">Constitui&ccedil;&atilde;o da Rep&uacute;blica Federativa do Brasil de 1988, de 05 de outubro de 1988<\/span><\/a><\/span>;<\/p>\r\n<p>- a&nbsp;<span style=\"text-decoration: underline;color: #0000ff\"><a href=\"https:\/\/www.planalto.gov.br\/ccivil_03\/leis\/l8112cons.htm\"><span style=\"color: #0000ff;text-decoration: underline\">Lei n&ordm;. 8.112, de 11 de dezembro de 1990<\/span><\/a><\/span>, que disp&otilde;e sobre o regime jur&iacute;dico dos servidores p&uacute;blicos civis da Uni&atilde;o, das autarquias e das funda&ccedil;&otilde;es p&uacute;blicas federais;<\/p>\r\n<p>- a&nbsp;<span style=\"text-decoration: underline;color: #0000ff\"><a href=\"https:\/\/www.planalto.gov.br\/ccivil_03\/leis\/l9394.htm\"><span style=\"color: #0000ff;text-decoration: underline\">Lei n&ordm;. 9.394, de 20 de dezembro de 1996<\/span><\/a><\/span>, que estabelece as diretrizes e bases da educa&ccedil;&atilde;o nacional e suas altera&ccedil;&otilde;es;<\/p>\r\n<p>- a&nbsp;<span style=\"text-decoration: underline;color: #0000ff\"><a href=\"https:\/\/www.planalto.gov.br\/ccivil_03\/leis\/lcp\/lcp95.htm\"><span style=\"color: #0000ff;text-decoration: underline\">Lei Complementar n&ordm;. 95, de 26 de fevereiro de 1998<\/span><\/a><\/span>, que disp&otilde;e sobre a elabora&ccedil;&atilde;o, a reda&ccedil;&atilde;o, a altera&ccedil;&atilde;o e a consolida&ccedil;&atilde;o das leis, conforme determina o Par&aacute;grafo &Uacute;nico do Art. 59 da Constitui&ccedil;&atilde;o Federal, e estabelece normas para a consolida&ccedil;&atilde;o dos atos normativos que menciona;<\/p>\r\n<p>- o&nbsp;<span style=\"text-decoration: underline;color: #0000ff\"><a href=\"https:\/\/www.planalto.gov.br\/ccivil_03\/_ato2015-2018\/2017\/decreto\/d9191.htm\"><span style=\"color: #0000ff;text-decoration: underline\">Decreto n&ordm;. 9.191, de 1&ordm; de novembro de 2017<\/span><\/a><\/span>, que estabelece as normas e as diretrizes para elabora&ccedil;&atilde;o, reda&ccedil;&atilde;o, altera&ccedil;&atilde;o, consolida&ccedil;&atilde;o e encaminhamento de propostas de atos normativos ao Presidente da Rep&uacute;blica pelos Ministros de Estado;<\/p>\r\n<p>- o&nbsp;<span style=\"text-decoration: underline;color: #0000ff\"><a href=\"https:\/\/www.planalto.gov.br\/ccivil_03\/_ato2019-2022\/2019\/decreto\/d9739.htm\"><span style=\"color: #0000ff;text-decoration: underline\">Decreto n&ordm;. 9.739, de 28 de mar&ccedil;o de 2019<\/span><\/a><\/span>, que estabelece medidas de efici&ecirc;ncia organizacional para o aprimoramento da administra&ccedil;&atilde;o p&uacute;blica federal direta, aut&aacute;rquica e fundacional, estabelece normas sobre concursos p&uacute;blicos e disp&otilde;e sobre o Sistema de Organiza&ccedil;&atilde;o e Inova&ccedil;&atilde;o Institucional do Governo Federal - SIORG;<\/p>\r\n<p>- o&nbsp;<span style=\"text-decoration: underline;color: #0000ff\"><a href=\"https:\/\/www.in.gov.br\/en\/web\/dou\/-\/decreto-n-10.139-de-28-de-novembro-de-2019-230458659\"><span style=\"color: #0000ff;text-decoration: underline\">Decreto n&ordm;. 10.139, de 28 de novembro de 2019<\/span><\/a><\/span>, que disp&otilde;e sobre a revis&atilde;o e a consolida&ccedil;&atilde;o de atos normativos inferiores a decreto;<\/p>\r\n<p>- o&nbsp;<span style=\"text-decoration: underline;color: #0000ff\"><a href=\"https:\/\/www.ufsm.br\/pro-reitorias\/proplan\/estatuto-ufsm-2010\"><span style=\"color: #0000ff;text-decoration: underline\">Estatuto da Universidade Federal de Santa Maria<\/span><\/a><\/span>&nbsp;com as adequa&ccedil;&otilde;es aprovadas pela&nbsp;<span style=\"text-decoration: underline;color: #0000ff\"><a href=\"https:\/\/www.ufsm.br\/pro-reitorias\/proplan\/resolucao-n-037-2019\"><span style=\"color: #0000ff;text-decoration: underline\">Resolu&ccedil;&atilde;o UFSM N. 037, de 30 de novembro de 2010<\/span><\/a><\/span>, aprovado pela&nbsp;<span style=\"text-decoration: underline;color: #0000ff\"><a href=\"https:\/\/www.ufsm.br\/app\/uploads\/2018\/08\/Estatuto-da-UFSM.pdf\"><span style=\"color: #0000ff;text-decoration: underline\">Portaria N. 156, de 12 de mar&ccedil;o de 2014<\/span><\/a><\/span>, e publicado no Di&aacute;rio Oficial da Uni&atilde;o em 13 de mar&ccedil;o de 2014;<\/p>\r\n<p>- o&nbsp;<span style=\"text-decoration: underline;color: #0000ff\"><a href=\"https:\/\/www.ufsm.br\/app\/uploads\/sites\/713\/2019\/10\/Regimento-Geral-UFSM.pdf\"><span style=\"color: #0000ff;text-decoration: underline\">Regimento da UFSM<\/span><\/a><\/span>, disposto na&nbsp;<span style=\"text-decoration: underline;color: #0000ff\"><a href=\"https:\/\/www.ufsm.br\/pro-reitorias\/proplan\/resolucao-n-006-2011\"><span style=\"color: #0000ff;text-decoration: underline\">Resolu&ccedil;&atilde;o UFSM N. 006, de 28 de abril de 2011<\/span><\/a><\/span>, atualizado pela<span style=\"text-decoration: underline;color: #0000ff\"><a href=\"https:\/\/www.ufsm.br\/pro-reitorias\/proplan\/resolucao-n-016-2019\"><span style=\"color: #0000ff;text-decoration: underline\">&nbsp;Resolu&ccedil;&atilde;o UFSM N. 016, de 02 de julho de 2019<\/span><\/a><\/span>;&nbsp;<\/p>\r\n<p>- a&nbsp;<span style=\"text-decoration: underline;color: #0000ff\"><a href=\"https:\/\/www.ufsm.br\/pro-reitorias\/proplan\/resolucao-ufsm-n-054-2021\"><span style=\"color: #0000ff;text-decoration: underline\">Resolu&ccedil;&atilde;o UFSM n&ordm;. 054, de 1&ordm; de junho de 2021<\/span><\/a><\/span>, que regulamenta a proposi&ccedil;&atilde;o e a emiss&atilde;o de Atos Normativos no &acirc;mbito da Universidade Federal de Santa Maria;<\/p>\r\n<p>- o inciso III, do art. 3&ordm; da&nbsp;<span style=\"text-decoration: underline;color: #0000ff\"><a href=\"https:\/\/www.ufsm.br\/pro-reitorias\/proplan\/resolucao-ufsm-n-071-2021\"><span style=\"color: #0000ff;text-decoration: underline\">Resolu&ccedil;&atilde;o UFSM n&ordm;. 071, de 20 de dezembro de 2021<\/span><\/a><\/span>, que aprova a consolida&ccedil;&atilde;o dos cursos de T&eacute;cnicos e Ensino M&eacute;dio, com situa&ccedil;&atilde;o &ldquo;em atividade&rdquo;, em cada Unidade de Ensino, da Universidade Federal de Santa Maria (UFSM), em decorr&ecirc;ncia do disposto no&nbsp;<span style=\"text-decoration: underline;color: #0000ff\"><a href=\"https:\/\/www.in.gov.br\/en\/web\/dou\/-\/decreto-n-10.139-de-28-de-novembro-de-2019-230458659\"><span style=\"color: #0000ff;text-decoration: underline\">Decreto N. 10.139, de 28 novembro de 2019<\/span><\/a><\/span>;<\/p>\r\n<p>- a <span style=\"text-decoration: underline;color: #0000ff\"><a href=\"https:\/\/www.in.gov.br\/en\/web\/dou\/-\/portaria-n-892-de-18-de-novembro-de-2022-444553593\"><span style=\"color: #0000ff;text-decoration: underline\">Portaria n&ordm; 892, de 18 de novembro de 2022<\/span><\/a><\/span>, que remaneja Fun&ccedil;&otilde;es de Coordenador de Curso, do Minist&eacute;rio da Educa&ccedil;&atilde;o para as Escolas T&eacute;cnicas vinculadas &agrave;s Universidades Federais;<\/p>\r\n<p>- o que consta nos processos&nbsp;<span style=\"text-decoration: underline;color: #0000ff\"><a href=\"https:\/\/portal.ufsm.br\/documentos\/publico\/processo\/documento.html?idDocumento=14358980\"><span style=\"color: #0000ff;text-decoration: underline\">23081.091759\/2022-50<\/span><\/a><\/span>,&nbsp;<span style=\"text-decoration: underline;color: #0000ff\"><a href=\"https:\/\/portal.ufsm.br\/documentos\/publico\/processo\/documento.html?idDocumento=13954381\"><span style=\"color: #0000ff;text-decoration: underline\">23081.007488\/2022-62<\/span><\/a><\/span>, e&nbsp;<span style=\"text-decoration: underline;color: #0000ff\"><a href=\"https:\/\/portal.ufsm.br\/documentos\/publico\/processo\/consulta.html;jsessionid=7ada56edaf16f7ce72da3671ac9f\"><span style=\"color: #0000ff;text-decoration: underline\">23081.059863\/2019-54<\/span><\/a><\/span>;<\/p>\r\n<p>- o Parecer N. 004\/2023 da Comiss&atilde;o de Legisla&ccedil;&atilde;o e Regimentos (CLR), aprovado na 859<span><span>a<\/span><\/span>&nbsp;Sess&atilde;o do Conselho Universit&aacute;rio (CONSU), de 27 de janeiro de 2023, referente ao Processo N. <span style=\"text-decoration: underline;color: #0000ff\"><a href=\"https:\/\/portal.ufsm.br\/documentos\/publico\/processo\/documento.html?idDocumento=14474549\"><span style=\"color: #0000ff;text-decoration: underline\">23081. 133247\/2022-78<\/span><\/a><\/span>.<\/p>\r\n<p>&nbsp;<\/p>\r\n<p>RESOLVE:<\/p>\r\n<p>&nbsp;<\/p>\r\n<p>Art. 1&ordm; Aprovar os desmembramentos de Coordena&ccedil;&otilde;es do Cursos T&eacute;cnicos no &acirc;mbito do Col&eacute;gio Polit&eacute;cnico (POLI) da Universidade Federal de Santa Maria (UFSM).<\/p>\r\n<p>&sect; 1&ordm; Fica desmembrada a Coordena&ccedil;&atilde;o do Curso T&eacute;cnico em Com&eacute;rcio do Curso T&eacute;cnico em Contabilidade;<\/p>\r\n<p>&sect; 2&ordm; Fica desmembrada a Coordena&ccedil;&atilde;o do Curso T&eacute;cnico em Fruticultura do Curso T&eacute;cnico em Alimentos; e,<\/p>\r\n<p>&sect; 3&ordm; Fica desmembrada a Coordena&ccedil;&atilde;o do Curso T&eacute;cnico em Cooperativismo do Curso Superior de Tecnologia em Gest&atilde;o de Cooperativas.<\/p>\r\n<p>Art. 2&ordm; Fica alocada 1 (uma) Fun&ccedil;&atilde;o Comissionada de Coordenador de Curso (FCC), disponibilizada &agrave; Universidade Federal de Santa Maria (UFSM) pela <span style=\"text-decoration: underline;color: #0000ff\"><a href=\"https:\/\/www.in.gov.br\/en\/web\/dou\/-\/portaria-n-892-de-18-de-novembro-de-2022-444553593\"><span style=\"color: #0000ff;text-decoration: underline\">Portaria MEC n&ordm; 892\/2022<\/span><\/a><\/span>, para as atividades de Coordena&ccedil;&atilde;o do Curso T&eacute;cnico em Com&eacute;rcio (CTCOM) vinculada ao Departamento de Ensino do Col&eacute;gio Polit&eacute;cnico (POLI).<\/p>\r\n<p>Par&aacute;grafo &uacute;nico. Fica mantida a FCC para as atividades de Coordena&ccedil;&atilde;o do Curso T&eacute;cnico em Contabilidade vinculada ao Departamento de Ensino do Col&eacute;gio Polit&eacute;cnico (POLI).<\/p>\r\n<p>Art. 3&ordm; Fica alocada 1 (uma) Fun&ccedil;&atilde;o Comissionada de Coordenador de Curso (FCC), disponibilizada &agrave; Universidade Federal de Santa Maria (UFSM) pela <span style=\"text-decoration: underline;color: #0000ff\"><a href=\"https:\/\/www.in.gov.br\/en\/web\/dou\/-\/portaria-n-892-de-18-de-novembro-de-2022-444553593\"><span style=\"color: #0000ff;text-decoration: underline\">Portaria MEC n&ordm; 892\/2022<\/span><\/a><\/span>, para as atividades de Coordena&ccedil;&atilde;o do Curso T&eacute;cnico em Fruticultura (CTFruti) vinculada ao Departamento de Ensino do Col&eacute;gio Polit&eacute;cnico (POLI).<\/p>\r\n<p>Par&aacute;grafo &uacute;nico. Fica mantida a FCC para as atividades de Coordena&ccedil;&atilde;o do Curso T&eacute;cnico em Alimentos vinculada ao Departamento de Ensino do Col&eacute;gio Polit&eacute;cnico (POLI).<\/p>\r\n<p>Art. 4&ordm; Fica alocada 1 (uma) Fun&ccedil;&atilde;o Comissionada de Coordenador de Curso (FCC), disponibilizada &agrave; Universidade Federal de Santa Maria (UFSM) pela <span style=\"text-decoration: underline;color: #0000ff\"><a href=\"https:\/\/www.in.gov.br\/en\/web\/dou\/-\/portaria-n-892-de-18-de-novembro-de-2022-444553593\"><span style=\"color: #0000ff;text-decoration: underline\">Portaria MEC n&ordm; 892\/2022<\/span><\/a><\/span>, para as atividades de Coordena&ccedil;&atilde;o do Curso T&eacute;cnico em Cooperativismo (CTCoop) vinculada ao Departamento de Ensino do Col&eacute;gio Polit&eacute;cnico (POLI).<\/p>\r\n<p>Par&aacute;grafo &uacute;nico. Fica mantida a FCC para as atividades de Coordena&ccedil;&atilde;o do Curso Superior de Tecnologia em Gest&atilde;o de Cooperativas vinculada ao Departamento de Ensino do Col&eacute;gio Polit&eacute;cnico (POLI).<\/p>\r\n<p>Art. 5&ordm; Caber&aacute;:<\/p>\r\n<p>I - &agrave; Coordenadoria de Planejamento Administrativo (COPLAD-PROPLAN) proceder &agrave;s altera&ccedil;&otilde;es nos Sistemas de Estruturantes da Institui&ccedil;&atilde;o;<\/p>\r\n<p>II - &agrave; Pr&oacute;-Reitoria de Gest&atilde;o de Pessoas (PROGEP) a remo&ccedil;&atilde;o dos servidores e o remanejo das fun&ccedil;&otilde;es de chefia;<\/p>\r\n<p>III - ao Departamento de Material e Patrim&ocirc;nio (DEMAPA) a adequa&ccedil;&atilde;o dos registros dos m&oacute;veis e equipamentos;<\/p>\r\n<p>IV - ao Departamento de Arquivo Geral (DAG) o tratamento dos documentos arquiv&iacute;sticos;<\/p>\r\n<p>V - ao Centro de Processamento de Dados (CPD) as adequa&ccedil;&otilde;es necess&aacute;rias nos sistemas institucionais; e,<\/p>\r\n<p>VI &ndash; ao Col&eacute;gio Polit&eacute;cnico (POLI) as adequa&ccedil;&otilde;es necess&aacute;rias nos sistemas acad&ecirc;micos.<\/p>\r\n<p>Art. 6&ordm; Esta Resolu&ccedil;&atilde;o entra em vigor em 01 de mar&ccedil;o de 2023, de acordo com o que prev&ecirc; o Artigo 4&ordm; do <span style=\"text-decoration: underline;color: #0000ff\"><a href=\"https:\/\/www.in.gov.br\/en\/web\/dou\/-\/decreto-n-10.139-de-28-de-novembro-de-2019-230458659\"><span style=\"color: #0000ff;text-decoration: underline\">Decreto N. 10.139, de 28 de novembro de 2019<\/span><\/a><\/span>.<\/p>\r\n<p>Par&aacute;grafo &uacute;nico. Havendo qualquer modifica&ccedil;&atilde;o legislativa, ou ainda, havendo qualquer situa&ccedil;&atilde;o legal que impacte na legalidade da presente Resolu&ccedil;&atilde;o, a mesma se aplica de imediato.<\/p>\r\n<p>&nbsp;<\/p>\r\n<p>Luciano Schuch,<\/p>\r\n<p>Reitor.<\/p>\r\n<br>\r\n<p><font color=\"red0000\">Este texto n\u00e3o substitui o documento original, publicado no Portal de Documentos em 30 de janeiro de 2023.<\/font> Dispon\u00edvel em: <a href=\"https:\/\/portal.ufsm.br\/documentos\/publico\/documento.html?id=14535753\"><font color=\"blue\">https:\/\/portal.ufsm.br\/documentos\/publico\/documento.html?id=14535753<\/font><\/a><\/p><\/div>\r\n\r\n \t\t<\/div>\n\t\t\t\t<\/div>\n\t\t\t\t\t<\/div>\n\t\t<\/div>\n\t\t\t\t\t<\/div>\n\t\t<\/section>\n\t\t\t\t<\/div>\n\t\t","protected":false},"excerpt":{"rendered":"<p>RESOLU\u00c7\u00c3O UFSM N. 115, DE 30 DE JANEIRO DE 2023 MINIST\u00c9RIO DA EDUCA\u00c7\u00c3O UNIVERSIDADE FEDERAL DE SANTA MARIA RESOLU\u00c7\u00c3O UFSM N\u00b0 115, DE 30 DE JANEIRO DE 2023 Aprova os desmembramentos de Coordena\u00e7\u00f5es de Cursos T\u00e9cnicos no \u00e2mbito do Col\u00e9gio Polit\u00e9cnico (POLI) da Universidade Federal de Santa Maria (UFSM). O REITOR DA UNIVERSIDADE FEDERAL DE [&hellip;]<\/p>\n","protected":false},"author":4883,"featured_media":0,"parent":0,"menu_order":0,"comment_status":"closed","ping_status":"closed","template":"","meta":{"footnotes":""},"categories":[],"tags":[],"class_list":["post-5253","page","type-page","status-publish","hentry"],"acf":[],"_links":{"self":[{"href":"https:\/\/www.ufsm.br\/pro-reitorias\/proplan\/wp-json\/wp\/v2\/pages\/5253","targetHints":{"allow":["GET"]}}],"collection":[{"href":"https:\/\/www.ufsm.br\/pro-reitorias\/proplan\/wp-json\/wp\/v2\/pages"}],"about":[{"href":"https:\/\/www.ufsm.br\/pro-reitorias\/proplan\/wp-json\/wp\/v2\/types\/page"}],"author":[{"embeddable":true,"href":"https:\/\/www.ufsm.br\/pro-reitorias\/proplan\/wp-json\/wp\/v2\/users\/4883"}],"replies":[{"embeddable":true,"href":"https:\/\/www.ufsm.br\/pro-reitorias\/proplan\/wp-json\/wp\/v2\/comments?post=5253"}],"version-history":[{"count":0,"href":"https:\/\/www.ufsm.br\/pro-reitorias\/proplan\/wp-json\/wp\/v2\/pages\/5253\/revisions"}],"wp:attachment":[{"href":"https:\/\/www.ufsm.br\/pro-reitorias\/proplan\/wp-json\/wp\/v2\/media?parent=5253"}],"wp:term":[{"taxonomy":"category","embeddable":true,"href":"https:\/\/www.ufsm.br\/pro-reitorias\/proplan\/wp-json\/wp\/v2\/categories?post=5253"},{"taxonomy":"post_tag","embeddable":true,"href":"https:\/\/www.ufsm.br\/pro-reitorias\/proplan\/wp-json\/wp\/v2\/tags?post=5253"}],"curies":[{"name":"wp","href":"https:\/\/api.w.org\/{rel}","templated":true}]}}