{"id":5268,"date":"2023-02-03T10:07:07","date_gmt":"2023-02-03T13:07:07","guid":{"rendered":"https:\/\/www.ufsm.br\/pro-reitorias\/proplan\/?page_id=5268"},"modified":"2023-02-03T11:40:13","modified_gmt":"2023-02-03T14:40:13","slug":"teste","status":"publish","type":"page","link":"https:\/\/www.ufsm.br\/pro-reitorias\/proplan\/teste","title":{"rendered":"teste"},"content":{"rendered":"\t\t<div data-elementor-type=\"wp-page\" data-elementor-id=\"5268\" class=\"elementor elementor-5268\">\n\t\t\t\t\t\t<section class=\"elementor-section elementor-top-section elementor-element elementor-element-e9c695f elementor-section-boxed elementor-section-height-default elementor-section-height-default\" data-id=\"e9c695f\" data-element_type=\"section\">\n\t\t\t\t\t\t<div class=\"elementor-container elementor-column-gap-default\">\n\t\t\t\t\t<div class=\"elementor-column elementor-col-100 elementor-top-column elementor-element elementor-element-028b44c\" data-id=\"028b44c\" data-element_type=\"column\">\n\t\t\t<div class=\"elementor-widget-wrap elementor-element-populated\">\n\t\t\t\t\t\t<div class=\"elementor-element elementor-element-9d73cbb elementor-widget elementor-widget-html\" data-id=\"9d73cbb\" data-element_type=\"widget\" data-widget_type=\"html.default\">\n\t\t\t\t<div class=\"elementor-widget-container\">\n\t\t\t\r\n\r\n\r\n<title><b>RESOLU\u00c7\u00c3O UFSM N. 084, DE 28 DE ABRIL DE 2022<\/b><\/title>\r\n\r\n\r\n<div align=\"center\"><img decoding=\"async\" src=\"https:\/\/www.ufsm.br\/pro-reitorias\/proplan\/wp-content\/uploads\/sites\/344\/2019\/09\/brasao-da-republica-do-brasil-logo.png\" alt=\"Bras\u00e3o Rep\u00fablica Federativa do Brasil\" width=\"6%\" height=\"6%\"><\/div>  <h1><font color=\"blue\"><font size=\"5\"><div align=\"center\">MINIST\u00c9RIO DA EDUCA\u00c7\u00c3O<\/div><\/font><\/font><\/H1>\r\n<b><font color=\"0000blue\"><div align=\"center\">UNIVERSIDADE FEDERAL DE SANTA MARIA<\/div><\/font><\/b>\r\n<p><div align=\"center\"><b><a href=\"https:\/\/portal.ufsm.br\/documentos\/publico\/documento.html?id=14143432\" target=\"_blank\"><font color=\"blue\">RESOLU\u00c7\u00c3O UFSM N. 084, DE 28 DE ABRIL DE 2022<\/font><\/a><\/b><\/div>\r\n<br>\r\n<p><div align=\"right\"><font color=\"800000\">Aprova o plano acad\u00eamico da empresa j\u00fanior Ac\u00fastica Jr. vinculada ao curso de Engenharia Ac\u00fastica da Universidade Federal de Santa Maria \u2014 UFSM.<\/font><\/div>\r\n<br>\r\n<br><div align=\"justify\">\r\n<p>O REITOR DA UNIVERSIDADE FEDERAL DE SANTA MARIA, no uso de suas atribui\u00e7\u00f5es legais e estatut\u00e1rias e considerando:<\/p>\r\n<p>- a&nbsp;<span style=\"text-decoration: underline;color: #0000ff\"><a href=\"http:\/\/www.planalto.gov.br\/ccivil_03\/_ato2015-2018\/2016\/lei\/l13267.htm\"><span style=\"color: #0000ff;text-decoration: underline\">Lei N. 13.267, de 06 de abril de 2016<\/span><\/a><\/span>, que disciplina a cria&ccedil;&atilde;o e a organiza&ccedil;&atilde;o das associa&ccedil;&otilde;es denominadas empresas juniores, com funcionamento perante institui&ccedil;&otilde;es de ensino superior;<\/p>\r\n<p>- a&nbsp;<span style=\"text-decoration: underline;color: #0000ff\"><a href=\"https:\/\/www.ufsm.br\/pro-reitorias\/proplan\/resolucao-n-027-2020\/\"><span style=\"color: #0000ff;text-decoration: underline\">Resolu&ccedil;&atilde;o N. 027\/2020, de 28 de setembro de 2020<\/span><\/a><\/span>, que aprova o regulamento que normatiza a cria&ccedil;&atilde;o e organiza&ccedil;&atilde;o das empresas j&uacute;niores na Universidade Federal de Santa Maria (UFSM);<\/p>\r\n<p>- o Despacho N. 00268\/2021\/PROJUR\/PFUFSM\/PGF\/AGU, de 30 de novembro de 2021; e,<\/p>\r\n<p>- o Parecer N. 022\/2022 da Comiss&atilde;o de Legisla&ccedil;&atilde;o e Normas (CLN), aprovado na 972<span><span>a<\/span><\/span>&nbsp;Sess&atilde;o do Conselho de Ensino, Pesquisa e Extens&atilde;o (CEPE), de 20 de abril de 2022, referente ao<span style=\"text-decoration: underline;color: #0000ff\">&nbsp;<a href=\"https:\/\/portal.ufsm.br\/documentos\/publico\/processo\/documento.html?idDocumento=13578449\"><span style=\"color: #0000ff\">Processo N. 23081.048792\/2021-89<\/span><\/a><\/span>.<\/p>\r\n<p>&nbsp;<\/p>\r\n<p style=\"text-align: justify\">&nbsp;<\/p>\r\n<p style=\"text-align: justify\">RESOLVE:<\/p>\r\n<p style=\"text-align: justify\">&nbsp;<\/p>\r\n<p style=\"text-align: justify\">Art. 1&ordm; Aprovar o plano acad&ecirc;mico da empresa j&uacute;nior Ac&uacute;stica Jr. vinculada ao curso de Engenharia Ac&uacute;stica da Universidade Federal de Santa Maria &mdash; UFSM.<\/p>\r\n<p style=\"text-align: justify\">Art. 2&ordm; Esta resolu&ccedil;&atilde;o entra em vigor em 1&ordm; de junho de 2022, de acordo com o que prev&ecirc; o Artigo 4&ordm; do <span style=\"text-decoration: underline;color: #0000ff\"><a href=\"https:\/\/www.in.gov.br\/en\/web\/dou\/-\/decreto-n-10.139-de-28-de-novembro-de-2019-230458659\"><span style=\"color: #0000ff;text-decoration: underline\">Decreto N. 10.139, de 28 de novembro de 2019.<\/span><\/a><\/p>\r\n<p style=\"text-align: justify\">Par&aacute;grafo &uacute;nico. Havendo qualquer modifica&ccedil;&atilde;o&nbsp;&nbsp; legislativa, ou&nbsp;&nbsp; ainda, havendo qualquer situa&ccedil;&atilde;o legal que impacte na legalidade da presente Resolu&ccedil;&atilde;o, a mesma se aplica de imediato, sem preju&iacute;zo da adequa&ccedil;&atilde;o do Estatuto e\/ou Regimento Interno.<\/p>\r\n<br>\r\n<p>Luciano Schuch<\/p>\r\n<p>Reitor<\/p>\r\n<br>\r\n<p><font color=\"red0000\">Este texto n\u00e3o substitui o documento original, publicado em 06 de maio de 2022 no Portal de Documentos.<\/font> Dispon\u00edvel em: <a href=\"https:\/\/portal.ufsm.br\/documentos\/publico\/documento.html?id=14143432\"><font color=\"blue\">https:\/\/portal.ufsm.br\/documentos\/publico\/documento.html?id=141434322<\/font><\/a><\/p><\/div>\r\n\r\n \t\t<\/div>\n\t\t\t\t<\/div>\n\t\t\t\t\t<\/div>\n\t\t<\/div>\n\t\t\t\t\t<\/div>\n\t\t<\/section>\n\t\t\t\t<\/div>\n\t\t","protected":false},"excerpt":{"rendered":"<p>RESOLU\u00c7\u00c3O UFSM N. 084, DE 28 DE ABRIL DE 2022 MINIST\u00c9RIO DA EDUCA\u00c7\u00c3O UNIVERSIDADE FEDERAL DE SANTA MARIA RESOLU\u00c7\u00c3O UFSM N. 084, DE 28 DE ABRIL DE 2022 Aprova o plano acad\u00eamico da empresa j\u00fanior Ac\u00fastica Jr. vinculada ao curso de Engenharia Ac\u00fastica da Universidade Federal de Santa Maria \u2014 UFSM. O REITOR DA UNIVERSIDADE [&hellip;]<\/p>\n","protected":false},"author":4883,"featured_media":0,"parent":0,"menu_order":0,"comment_status":"closed","ping_status":"closed","template":"","meta":{"footnotes":""},"categories":[],"tags":[],"class_list":["post-5268","page","type-page","status-publish","hentry"],"acf":[],"_links":{"self":[{"href":"https:\/\/www.ufsm.br\/pro-reitorias\/proplan\/wp-json\/wp\/v2\/pages\/5268","targetHints":{"allow":["GET"]}}],"collection":[{"href":"https:\/\/www.ufsm.br\/pro-reitorias\/proplan\/wp-json\/wp\/v2\/pages"}],"about":[{"href":"https:\/\/www.ufsm.br\/pro-reitorias\/proplan\/wp-json\/wp\/v2\/types\/page"}],"author":[{"embeddable":true,"href":"https:\/\/www.ufsm.br\/pro-reitorias\/proplan\/wp-json\/wp\/v2\/users\/4883"}],"replies":[{"embeddable":true,"href":"https:\/\/www.ufsm.br\/pro-reitorias\/proplan\/wp-json\/wp\/v2\/comments?post=5268"}],"version-history":[{"count":0,"href":"https:\/\/www.ufsm.br\/pro-reitorias\/proplan\/wp-json\/wp\/v2\/pages\/5268\/revisions"}],"wp:attachment":[{"href":"https:\/\/www.ufsm.br\/pro-reitorias\/proplan\/wp-json\/wp\/v2\/media?parent=5268"}],"wp:term":[{"taxonomy":"category","embeddable":true,"href":"https:\/\/www.ufsm.br\/pro-reitorias\/proplan\/wp-json\/wp\/v2\/categories?post=5268"},{"taxonomy":"post_tag","embeddable":true,"href":"https:\/\/www.ufsm.br\/pro-reitorias\/proplan\/wp-json\/wp\/v2\/tags?post=5268"}],"curies":[{"name":"wp","href":"https:\/\/api.w.org\/{rel}","templated":true}]}}