{"id":5289,"date":"2023-03-03T12:55:32","date_gmt":"2023-03-03T15:55:32","guid":{"rendered":"https:\/\/www.ufsm.br\/pro-reitorias\/proplan\/?page_id=5289"},"modified":"2026-01-09T13:17:54","modified_gmt":"2026-01-09T16:17:54","slug":"resolucao-ufsm-n-119-2023","status":"publish","type":"page","link":"https:\/\/www.ufsm.br\/pro-reitorias\/proplan\/resolucao-ufsm-n-119-2023","title":{"rendered":"RESOLU\u00c7\u00c3O UFSM N\u00b0 119\/2023"},"content":{"rendered":"\t\t<div data-elementor-type=\"wp-page\" data-elementor-id=\"5289\" class=\"elementor elementor-5289\">\n\t\t\t\t\t\t<section class=\"elementor-section elementor-top-section elementor-element elementor-element-d2fd06d elementor-section-boxed elementor-section-height-default elementor-section-height-default\" data-id=\"d2fd06d\" data-element_type=\"section\">\n\t\t\t\t\t\t<div class=\"elementor-container elementor-column-gap-default\">\n\t\t\t\t\t<div class=\"elementor-column elementor-col-100 elementor-top-column elementor-element elementor-element-3f75576\" data-id=\"3f75576\" data-element_type=\"column\">\n\t\t\t<div class=\"elementor-widget-wrap elementor-element-populated\">\n\t\t\t\t\t\t<div class=\"elementor-element elementor-element-d830c97 elementor-widget__width-initial elementor-widget elementor-widget-html\" data-id=\"d830c97\" data-element_type=\"widget\" data-widget_type=\"html.default\">\n\t\t\t\t<div class=\"elementor-widget-container\">\n\t\t\t\r\n\r\n<!-- Cabe\u00e7alho -->\r\n\r\n<div align=\"center\">\r\n<img decoding=\"async\" src=\"https:\/\/www.ufsm.br\/pro-reitorias\/proplan\/wp-content\/uploads\/sites\/344\/2019\/09\/brasao-da-republica-do-brasil-logo.png\" alt=\"Bras\u00e3o Rep\u00fablica Federativa do Brasil\" width=\"6%\" height=\"6%\">\r\n<\/div>\r\n\r\n<h1>\r\n<font color=\"blue\">\r\n<font size=\"5\">\r\n<div align=\"center\">MINIST\u00c9RIO DA EDUCA\u00c7\u00c3O\r\n<\/div>\r\n<\/font>\r\n<\/font>\r\n<\/h1>\r\n\r\n<p>\r\n<b>\r\n<font color=\"0000blue\">\r\n<div align=\"center\">UNIVERSIDADE FEDERAL DE SANTA MARIA\r\n<\/b>\r\n<\/div>\r\n<\/font>\r\n<\/p>\r\n\r\n<p>\r\n<div align=\"center\">\r\n<b>\r\n<a href=\"https:\/\/portal.ufsm.br\/documentos\/publico\/documento.html?id=14570302\" target=\"_blank\">\r\n<font color=\"blue\">RESOLU\u00c7\u00c3O UFSM N\u00b0 119, DE 02 DE MAR\u00c7O DE 2023\r\n<\/font>\r\n<\/a>\r\n<\/b>\r\n<\/div>\r\n<\/p>\r\n\r\n<br>\r\n\r\n\r\n\r\n<!-- Ementa -->\r\n\r\n<p>\r\n    <div style=\"color: #800000;width: 60%;margin-left: auto;margin-right: 0;text-align: justify;font-weight: normal\">Aprova a cria\u00e7\u00e3o do Curso de Nutri\u00e7\u00e3o, em n\u00edvel de gradua\u00e7\u00e3o, na estrutura organizacional do Centro de Ci\u00eancias da Sa\u00fade (CCS) da Universidade Federal de Santa Maria (UFSM), alterando a Resolu\u00e7\u00e3o UFSM N. 029\/2020.   <\/div> \r\n<\/p>\r\n<br>\r\n\r\n<!-- Normativo -->\r\n\r\n<div align=\"justify\"> \r\n<p style=\"margin-bottom: 1rem;margin-top: 0px;font-family: rawline, sans-serif;font-size: 16px;text-align: justify\">O REITOR DA UNIVERSIDADE FEDERAL DE SANTA MARIA, no uso de suas atribui\u00e7\u00f5es legais e estatut\u00e1rias e considerando:\r\n<P>\r\n<p>- a <a href=\"https:\/\/www.planalto.gov.br\/ccivil_03\/constituicao\/constituicao.htm\" style=\"color: blue !important;text-decoration: underline !important\" data-elementor-preserved=\"true\">Constitui\u00e7\u00e3o da Rep\u00fablica Federativa do Brasil de 1988, de 05 de outubro de 1988<\/a>;<\/p>\r\n<p>- a <a href=\"https:\/\/www.planalto.gov.br\/ccivil_03\/leis\/l8112cons.htm\" style=\"color: blue !important;text-decoration: underline !important\" data-elementor-preserved=\"true\">Lei N. 8.112, de 11 de dezembro de 1990<\/a>, que disp\u00f5e sobre o regime jur\u00eddico dos servidores p\u00fablicos civis da Uni\u00e3o, das autarquias e das funda\u00e7\u00f5es p\u00fablicas federais;\r\n<p>- a <a href=\"http:\/\/www.planalto.gov.br\/ccivil_03\/leis\/l9394.htm\" style=\"color: blue !important;text-decoration: underline !important\" data-elementor-preserved=\"true\">Lei N. 9.394, de 20 de dezembro de 1996<a>, que estabelece as diretrizes e bases da educa\u00e7\u00e3o nacional e suas altera\u00e7\u00f5es;&nbsp;\r\n<p>- a <a href=\"https:\/\/www.planalto.gov.br\/ccivil_03\/leis\/lcp\/lcp95.htm\" style=\"color: blue !important;text-decoration: underline !important\" data-elementor-preserved=\"true\">Lei Complementar N. 95, de 26 de fevereiro de 1998<a>, que disp\u00f5e sobre a elabora\u00e7\u00e3o, a reda\u00e7\u00e3o, a altera\u00e7\u00e3o e a consolida\u00e7\u00e3o das leis, conforme determina o Par\u00e1grafo \u00danico do Art. 59 da <a href=\"https:\/\/www.planalto.gov.br\/ccivil_03\/constituicao\/constituicao.htm\" style=\"color: blue !important;text-decoration: underline !important\" data-elementor-preserved=\"true\">Constitui\u00e7\u00e3o Federal<a>, e estabelece normas para a consolida\u00e7\u00e3o dos atos normativos que menciona;&nbsp;\r\n<p>- o <a href=\"https:\/\/www.planalto.gov.br\/ccivil_03\/_ato2015-2018\/2017\/decreto\/d9191.htm\" style=\"color: blue !important;text-decoration: underline !important\" data-elementor-preserved=\"true\">Decreto N. 9.191, de 1\u00ba de novembro de 2017<a>, que estabelece as normas e as diretrizes para elabora\u00e7\u00e3o, reda\u00e7\u00e3o, altera\u00e7\u00e3o, consolida\u00e7\u00e3o e encaminhamento de propostas de atos normativos ao Presidente da Rep\u00fablica pelos Ministros de Estado\r\n<p>- o <a href=\"https:\/\/www.planalto.gov.br\/ccivil_03\/_ato2015-2018\/2017\/decreto\/d9235.htm\" style=\"color: blue !important;text-decoration: underline !important\" data-elementor-preserved=\"true\">Decreto n\u00b0 9235, de 15 de dezembro de 2017<\/a>, que disp\u00f5e sobre o exerc\u00edcio das fun\u00e7\u00f5es de regula\u00e7\u00e3o, supervis\u00e3o e avalia\u00e7\u00e3o das institui\u00e7\u00f5es de educa\u00e7\u00e3o superior e dos cursos superiores de gradua\u00e7\u00e3o e de p\u00f3s-gradua\u00e7\u00e3o no sistema federal de ensino;\r\n<p>- o <a href=\"https:\/\/www.in.gov.br\/en\/web\/dou\/-\/decreto-n-10.139-de-28-de-novembro-de-2019-230458659\" style=\"color: blue !important;text-decoration: underline !important\" data-elementor-preserved=\"true\">Decreto N. 10.139, de 28 de novembro de 2019\r\n<a>, que disp\u00f5e sobre a revis\u00e3o e a consolida\u00e7\u00e3o de atos normativos inferiores a decreto;\r\n<p>- a <a href=\"https:\/\/www.ufsm.br\/pro-reitorias\/proplan\/Portaria%20Normativa%20MEC%20n%C2%BA.%2021,%20de%2021%20de%20dezembro%20de%202017\" style=\"color: blue !important;text-decoration: underline !important\" data-elementor-preserved=\"true\">Portaria Normativa MEC n\u00b0 21, de 21 de dezembro de 2017<a>, que disp\u00f5e sobre o Sistema e-MEC;&nbsp;\r\n<p>- o <a href=\"https:\/\/www.ufsm.br\/pro-reitorias\/proplan\/estatuto-ufsm-2010\" style=\"color: blue !important;text-decoration: underline !important\" data-elementor-preserved=\"true\">Estatuto da Universidade Federal de Santa Maria<a>, com as adequa\u00e7\u00f5es aprovadas pela\r\n<a href=\"https:\/\/www.ufsm.br\/pro-reitorias\/proplan\/resolucao-n-037-2010\" style=\"color: blue !important;text-decoration: underline !important\" data-elementor-preserved=\"true\">Resolu\u00e7\u00e3o UFSM N. 037, de 30 de novembro de 2010<a>, aprovado <a href=\"https:\/\/www.ufsm.br\/app\/uploads\/2018\/08\/Estatuto-da-UFSM.pdf\" style=\"color: blue !important;text-decoration: underline !important\" data-elementor-preserved=\"true\">Portaria N. 156, de 12 de mar\u00e7o de 2014<a>, e publicado no Di\u00e1rio Oficial da Uni\u00e3o em 13 de mar\u00e7o de 2014;&nbsp;\r\n<p>- o <a href=\"https:\/\/www.ufsm.br\/pro-reitorias\/proplan\/regimento-geral-da-ufsm-com-alteracoes-compiladas-pela-resolucao-n-016-2019\" style=\"color: blue !important;text-decoration: underline !important\" data-elementor-preserved=\"true\">Regimento da UFSM<a>, disposto na <a href=\"https:\/\/www.ufsm.br\/pro-reitorias\/proplan\/resolucao-n-006-2011\" style=\"color: blue !important;text-decoration: underline !important\" data-elementor-preserved=\"true\">Resolu\u00e7\u00e3o UFSM N. 006, de 28 de abril de 2011\r\n<a>, atualizado pela <a href=\"https:\/\/www.ufsm.br\/pro-reitorias\/proplan\/resolucao-n-016-2019\" style=\"color: blue !important;text-decoration: underline !important\" data-elementor-preserved=\"true\">Resolu\u00e7\u00e3o UFSM N. 016, de 02 de julho de 2019<a>; \r\n<p>- a <a href=\"https:\/\/www.ufsm.br\/pro-reitorias\/proplan\/resolucao-n-043-2019\" style=\"color: blue !important;text-decoration: underline !important\" data-elementor-preserved=\"true\">Resolu\u00e7\u00e3o UFSM n\u00b0 43, de 13 de dezembro de 2019<a>, que aprova a recria\u00e7\u00e3o do N\u00facleo Docente Estrutura \u2013 NDE no \u00e2mbito dos Cursos de Gradua\u00e7\u00e3o da Universidade Federal de Santa Maria (UFSM) e revoga a <a href=\"https:\/\/www.ufsm.br\/pro-reitorias\/proplan\/resolucao-n-031-2017\" style=\"color: blue !important;text-decoration: underline !important\" data-elementor-preserved=\"true\">Resolu\u00e7\u00e3o n\u00b0 031\/2017 da UFSM<a>; \r\n<p>- a <a href=\"https:\/\/www.ufsm.br\/pro-reitorias\/proplan\/resolucao-n-029-2020\" style=\"box-shadow: none;font-size: inherit !important\">\r\n<span style=\"color: blue !important;text-decoration: underline !important\" data-elementor-preserved=\"true\">Resolu\u00e7\u00e3o UFSM n\u00b0 029, de 05 de novembro de 2020<a>, que aprova a consolida\u00e7\u00e3o dos Cursos de Gradua\u00e7\u00e3o (Licenciatura e Bacharelado), com situa\u00e7\u00e3o \u201cem atividade\u201d, em cada Unidade de Ensino, da Universidade Federal de Santa Maria (UFSM), em decorr\u00eancia do disposto no <a href=\"https:\/\/www.in.gov.br\/en\/web\/dou\/-\/decreto-n-10.139-de-28-de-novembro-de-2019-230458659\" style=\"color: blue !important;text-decoration: underline !important\" data-elementor-preserved=\"true\">Decreto n\u00b0 10.139, de 28 de novembro de 2019<a>;\r\n<p>- a <a href=\"https:\/\/www.ufsm.br\/pro-reitorias\/proplan\/resolucao-ufsm-n-054-2021\" style=\"color: blue !important;text-decoration: underline !important\" data-elementor-preserved=\"true\">Resolu\u00e7\u00e3o UFSM n\u00b0 054, de 1\u00ba de junho de 2021<a>, que regulamenta a proposi\u00e7\u00e3o e a emiss\u00e3o de atos normativos no \u00e2mbito da UFSM;\r\n<p>- a <a href=\"https:\/\/www.ufsm.br\/pro-reitorias\/proplan\/resolucao-ufsm-n-113-2022\" style=\"color: blue !important;text-decoration: underline !important\" data-elementor-preserved=\"true\">Resolu\u00e7\u00e3o UFSM n\u00b0 113, de 20 de dezembro de 2022<a>, que disp\u00f5e sobre a cria\u00e7\u00e3o de cursos e a elabora\u00e7\u00e3o e altera\u00e7\u00e3o de projetos pedag\u00f3gicos, no \u00e2mbito do ensino de gradua\u00e7\u00e3o, e d\u00e1 outras provid\u00eancias;\r\n<p>- o Parecer N. 025\/2023 da Comiss\u00e3o de Ensino, Pesquisa e Extens\u00e3o (COMEPE), aprovado na 983\u00aa Sess\u00e3o do Conselho de Ensino, Pesquisa e Extens\u00e3o (CEPE), de 26 de janeiro de 2023, referente ao <a href=\"https:\/\/portal.ufsm.br\/documentos\/publico\/processo\/documento.html?idDocumento=14476189\" style=\"color: blue !important;text-decoration: underline !important\" data-elementor-preserved=\"true\">Processo N. 23081.133897\/2022-13<a>; e,\r\n<p>- o Parecer Ad referendum da Comiss\u00e3o de Legisla\u00e7\u00e3o e Regimentos (CLR), do Conselho Universit\u00e1rio (CONSU), referente ao <a href=\"https:\/\/portal.ufsm.br\/documentos\/publico\/processo\/documento.html?idDocumento=14476189\" style=\"color: blue !important;text-decoration: underline !important\" data-elementor-preserved=\"true\">Processo N. 23081.133897\/2022-13<a>.\r\n<\/font>\r\n<\/p>\r\n<p style=\"margin-bottom: 1rem;margin-top: 0px;font-family: rawline, sans-serif;font-size: 16px;text-align: justify\">\r\n<span>&nbsp;\r\n<\/span>\r\n<\/p>\r\n<p style=\"margin-bottom: 1rem;margin-top: 0px;font-family: rawline, sans-serif;font-size: 16px;text-align: justify\">RESOLVE:\r\n<\/p>\r\n<p align=\"center\" style=\"margin-bottom: 1rem;margin-top: 0px;font-family: rawline, sans-serif;font-size: 16px;text-align: justify\">&nbsp;\r\n<\/p>\r\n<p style=\"margin-bottom: 1rem;margin-top: 0px;font-family: rawline, sans-serif;font-size: 16px;text-align: justify\">\r\n<font color=\"#1c1c1c\">Art. 1\u00ba Aprovar a cria\u00e7\u00e3o do Curso de Nutri\u00e7\u00e3o, em n\u00edvel de gradua\u00e7\u00e3o, na estrutura organizacional do Centro de Ci\u00eancias da Sa\u00fade (CCS) da Universidade Federal de Santa Maria (UFSM), alterando a <a href=\"https:\/\/www.ufsm.br\/pro-reitorias\/proplan\/resolucao-n-029-2020\" style=\"color: blue !important;text-decoration: underline !important\" data-elementor-preserved=\"true\">Resolu\u00e7\u00e3o UFSM n\u00b0 029, de 05 de novembro de 2020<a>.\r\n<\/font>\r\n<\/p>\r\n<p style=\"margin-bottom: 1rem;margin-top: 0px;font-family: rawline, sans-serif;font-size: 16px;text-align: justify\">\u00a7 1\u00ba Fica atribu\u00eddo o encargo de Coordena\u00e7\u00e3o do Curso de Nutri\u00e7\u00e3o ao Coordenador do Curso de Farm\u00e1cia do Centro de Ci\u00eancias da Sa\u00fade (CCS) da Universidade Federal de Santa Maria (UFSM).\r\n<\/p>\r\n<p style=\"margin-bottom: 1rem;margin-top: 0px;font-family: rawline, sans-serif;font-size: 16px;text-align: justify\">\u00a7 2\u00ba O curso ofertar\u00e1 anualmente um total de 20 (vinte) vagas e ter\u00e1 funcionamento em turno integral.\r\n<\/p>\r\n<p style=\"margin-bottom: 1rem;margin-top: 0px;font-family: rawline, sans-serif;font-size: 16px;text-align: justify\">\r\n<font color=\"#1c1c1c\">Art. 2\u00ba O Art. 4\u00ba da <a href=\"https:\/\/www.ufsm.br\/pro-reitorias\/proplan\/resolucao-n-029-2020\" style=\"color: blue !important;text-decoration: underline !important\" data-elementor-preserved=\"true\">Resolu\u00e7\u00e3o UFSM n\u00b0 029, de 05 de novembro de 2020<a>, passa a vigorar com a seguinte reda\u00e7\u00e3o:\r\n<br>\r\n<br>\r\n<p style=\"margin-left: 2.5cm\">\u201c(...)\r\n<p style=\"margin-left: 2.5cm\">Art. 4\u00ba ........:\r\n<p style=\"margin-left: 2.5cm\">(...)\r\n<p style=\"margin-left: 2.5cm\">VI - Odontologia; e,\r\n<p style=\"margin-left: 2.5cm\">VII - Terapia Ocupacional; e,\r\n<p style=\"margin-left: 2.5cm\"><strike>VIII - Nutri\u00e7\u00e3o, sob coordena\u00e7\u00e3o do Coordenador do Curso de Farm\u00e1cia, do Centro de Ci\u00eancias da Sa\u00fade.\r\n<\/strike>\r\n<font color=\"#1c1c1c\">(Reda\u00e7\u00e3o alterada pela <a href=\"https:\/\/www.ufsm.br\/pro-reitorias\/proplan\/resolucao-ufsm-n-179-2024-2\" style=\"color: blue !important;text-decoration: underline !important\" data-elementor-preserved=\"true\">Resolu\u00e7\u00e3o UFSM N. 179\/2024<a>)\r\n<p style=\"margin-left: 2.5cm\">VIII - Nutri\u00e7\u00e3o (Reda\u00e7\u00e3o dada pela <a href=\"https:\/\/www.ufsm.br\/pro-reitorias\/proplan\/resolucao-ufsm-n-179-2024-2\" style=\"color: blue !important;text-decoration: underline !important\" data-elementor-preserved=\"true\">Resolu\u00e7\u00e3o UFSM N. 179\/2024<a>)\r\n<p style=\"margin-left: 2.5cm\">(...)\u201d\r\n<br>\r\n<br>\r\n<p>Art. 3\u00ba Caber\u00e1:\r\n<\/p>\r\n<p style=\"margin-bottom: 1rem;margin-top: 0px;font-family: rawline, sans-serif;font-size: 16px;text-align: justify\">I - \u00e0 Coordenadoria de Planejamento Administrativo (COPLAD-PROPLAN) proceder \u00e0s altera\u00e7\u00f5es nos Sistemas de Estruturantes da Institui\u00e7\u00e3o;\r\n<\/p>\r\n<p style=\"margin-bottom: 1rem;margin-top: 0px;font-family: rawline, sans-serif;font-size: 16px;text-align: justify\">II - \u00e0 Pr\u00f3-Reitoria de Gest\u00e3o de Pessoas (PROGEP) as adequa\u00e7\u00f5es relacionadas as designa\u00e7\u00f5es de chefia;\r\n<\/p>\r\n<p style=\"margin-bottom: 1rem;margin-top: 0px;font-family: rawline, sans-serif;font-size: 16px;text-align: justify\">III - ao Departamento de Arquivo Geral (DAG) o tratamento dos documentos arquiv\u00edsticos; e,\r\n<\/p>\r\n<p style=\"margin-bottom: 1rem;margin-top: 0px;font-family: rawline, sans-serif;font-size: 16px;text-align: justify\">IV - ao Centro de Processamento de Dados (CPD) as adequa\u00e7\u00f5es necess\u00e1rias nos sistemas institucionais.\r\n<\/p>\r\n<p style=\"margin-bottom: 1rem;margin-top: 0px;font-family: rawline, sans-serif;font-size: 16px;text-align: justify\">\r\n<font color=\"#1c1c1c\">Art. 4\u00ba Esta Resolu\u00e7\u00e3o entra em vigor em 06 de mar\u00e7o de 2023, de acordo com o que prev\u00ea o Artigo 4\u00ba do <a href=\"https:\/\/www.planalto.gov.br\/ccivil_03\/_ato2019-2022\/2019\/decreto\/d10139.htm\" style=\"color: blue !important;text-decoration: underline !important\" data-elementor-preserved=\"true\">Decreto n\u00ba 10.139, de 28 de novembro de 2019<a>.\r\n<\/font>\r\n<\/span>\r\n<\/a>\r\n<\/p>\r\n<p style=\"margin-bottom: 1rem;margin-top: 0px;font-family: rawline, sans-serif;font-size: 16px;text-align: justify\">Par\u00e1grafo \u00fanico. Havendo qualquer modifica\u00e7\u00e3o legislativa, ou ainda qualquer situa\u00e7\u00e3o legal que impacte na legalidade da presente Resolu\u00e7\u00e3o, a mesma se aplica de imediato.\r\n<\/p>\r\n<\/div>\r\n<br>\r\n<div>Luciano Schuch\r\n<\/div>\r\n\r\n<div>Reitor\r\n<\/div>\r\n<br>\r\n\r\n<!-- Modifica\u00e7\u00e3o para a Publica\u00e7\u00e3o Original -->\r\n\r\n<p>\r\n<font color=\"red\">Este texto n\u00e3o substitui o documento original, publicado no Portal de Documentos.\r\n<\/font>\r\nDispon\u00edvel em: \r\n<a href=\"https:\/\/portal.ufsm.br\/documentos\/publico\/documento.html?id=14570302\" target=\"_blank\">\r\n<font color=\"blue\">https:\/\/portal.ufsm.br\/documentos\/publico\/documento.html?id=14570302\r\n<\/font>\r\n<\/a>\r\n<\/p>\r\n\t\t<\/div>\n\t\t\t\t<\/div>\n\t\t\t\t\t<\/div>\n\t\t<\/div>\n\t\t\t\t\t<\/div>\n\t\t<\/section>\n\t\t\t\t<\/div>\n\t\t","protected":false},"excerpt":{"rendered":"<p>MINIST\u00c9RIO DA EDUCA\u00c7\u00c3O UNIVERSIDADE FEDERAL DE SANTA MARIA RESOLU\u00c7\u00c3O UFSM N\u00b0 119, DE 02 DE MAR\u00c7O DE 2023 Aprova a cria\u00e7\u00e3o do Curso de Nutri\u00e7\u00e3o, em n\u00edvel de gradua\u00e7\u00e3o, na estrutura organizacional do Centro de Ci\u00eancias da Sa\u00fade (CCS) da Universidade Federal de Santa Maria (UFSM), alterando a Resolu\u00e7\u00e3o UFSM N. 029\/2020. O REITOR DA [&hellip;]<\/p>\n","protected":false},"author":4883,"featured_media":0,"parent":0,"menu_order":0,"comment_status":"closed","ping_status":"closed","template":"","meta":{"footnotes":""},"categories":[],"tags":[],"class_list":["post-5289","page","type-page","status-publish","hentry"],"acf":[],"_links":{"self":[{"href":"https:\/\/www.ufsm.br\/pro-reitorias\/proplan\/wp-json\/wp\/v2\/pages\/5289","targetHints":{"allow":["GET"]}}],"collection":[{"href":"https:\/\/www.ufsm.br\/pro-reitorias\/proplan\/wp-json\/wp\/v2\/pages"}],"about":[{"href":"https:\/\/www.ufsm.br\/pro-reitorias\/proplan\/wp-json\/wp\/v2\/types\/page"}],"author":[{"embeddable":true,"href":"https:\/\/www.ufsm.br\/pro-reitorias\/proplan\/wp-json\/wp\/v2\/users\/4883"}],"replies":[{"embeddable":true,"href":"https:\/\/www.ufsm.br\/pro-reitorias\/proplan\/wp-json\/wp\/v2\/comments?post=5289"}],"version-history":[{"count":0,"href":"https:\/\/www.ufsm.br\/pro-reitorias\/proplan\/wp-json\/wp\/v2\/pages\/5289\/revisions"}],"wp:attachment":[{"href":"https:\/\/www.ufsm.br\/pro-reitorias\/proplan\/wp-json\/wp\/v2\/media?parent=5289"}],"wp:term":[{"taxonomy":"category","embeddable":true,"href":"https:\/\/www.ufsm.br\/pro-reitorias\/proplan\/wp-json\/wp\/v2\/categories?post=5289"},{"taxonomy":"post_tag","embeddable":true,"href":"https:\/\/www.ufsm.br\/pro-reitorias\/proplan\/wp-json\/wp\/v2\/tags?post=5289"}],"curies":[{"name":"wp","href":"https:\/\/api.w.org\/{rel}","templated":true}]}}