{"id":5292,"date":"2023-03-16T08:21:05","date_gmt":"2023-03-16T11:21:05","guid":{"rendered":"https:\/\/www.ufsm.br\/pro-reitorias\/proplan\/?page_id=5292"},"modified":"2025-01-02T11:13:57","modified_gmt":"2025-01-02T14:13:57","slug":"portaria-normativa-ufsm-n-043-2022","status":"publish","type":"page","link":"https:\/\/www.ufsm.br\/pro-reitorias\/proplan\/portaria-normativa-ufsm-n-043-2022","title":{"rendered":"Portaria Normativa UFSM N. 043\/2022"},"content":{"rendered":"\t\t<div data-elementor-type=\"wp-page\" data-elementor-id=\"5292\" class=\"elementor elementor-5292\">\n\t\t\t\t\t\t<section class=\"elementor-section elementor-top-section elementor-element elementor-element-703ce30 elementor-section-boxed elementor-section-height-default elementor-section-height-default\" data-id=\"703ce30\" data-element_type=\"section\">\n\t\t\t\t\t\t<div class=\"elementor-container elementor-column-gap-default\">\n\t\t\t\t\t<div class=\"elementor-column elementor-col-100 elementor-top-column elementor-element elementor-element-0d128d9\" data-id=\"0d128d9\" data-element_type=\"column\">\n\t\t\t<div class=\"elementor-widget-wrap elementor-element-populated\">\n\t\t\t\t\t\t<div class=\"elementor-element elementor-element-2676ea3 elementor-widget elementor-widget-html\" data-id=\"2676ea3\" data-element_type=\"widget\" data-widget_type=\"html.default\">\n\t\t\t\t<div class=\"elementor-widget-container\">\n\t\t\t\r\n<title><b>PORTARIA NORMATIVA UFSM N. 043, DE 04 DE MAR\u00c7O DE 2022<\/b><\/title>\r\n<div align=\"center\"><img decoding=\"async\" src=\"https:\/\/www.ufsm.br\/pro-reitorias\/proplan\/wp-content\/uploads\/sites\/344\/2019\/09\/brasao-da-republica-do-brasil-logo.png\" alt=\"Bras\u00e3o Rep\u00fablica Federativa do Brasil\" width=\"6%\" height=\"6%\"><\/div>    \r\n<h1><font color=\"blue\"><font size=\"5\"><div align=\"center\">MINIST\u00c9RIO DA EDUCA\u00c7\u00c3O<\/div><\/font><\/font><\/h1>\r\n<p><b><font color=\"0000blue\"><div align=\"center\">UNIVERSIDADE FEDERAL DE SANTA MARIA<\/font><\/b><\/div>\r\n<p><div align=\"center\"><b><a href=\"https:\/\/portal.ufsm.br\/documentos\/publico\/documento.html?idDocumento=14023124\" target=\"_blank\"><font color=\"blue\">PORTARIA NORMATIVA UFSM N. 043, DE 04 DE MAR\u00c7O DE 2022<\/font><\/a><\/b><\/div>\r\n<br>\r\n\r\n<div align=\"justify\"> Revogada pela \r\n<a href=\"https:\/\/www.ufsm.br\/pro-reitorias\/proplan\/resolucao-ufsm-n-191-2024\" style=\"text-decoration: none\">\r\n<font color=\"blue\">\r\n<u>Resolu\u00e7\u00e3o UFSM N\u00b0 191\/2024\r\n<\/u>\r\n<\/font>\r\n<\/a>\r\n<\/div>\r\n<s>\r\n<p><div align=\"justify\"><font color=\"800000\"><ul><ul><ul><ul><ul><ul><ul><ul><ul><ul><ul><ul><ul><ul><ul><ul>Aprova a cria\u00e7\u00e3o do \u00f3rg\u00e3o colegiado tempor\u00e1rio denominado \u201cCoordena\u00e7\u00e3o Local da C\u00e1tedra UNESCO de Geoparques, Desenvolvimento Regional Sustent\u00e1vel e Estilos de Vida Saud\u00e1veis\u201d (CLAGEO) vinculado \u00e0 Pr\u00f3-Reitoria de Extens\u00e3o (PRE) na estrutura organizacional da Universidade Federal de Santa Maria (UFSM).<\/font><\/div><\/ul>\r\n<br>\r\n<br><div align=\"justify\">\r\n<font color=\"black\">\r\n<p>O REITOR DA UNIVERSIDADE FEDERAL DE SANTA MARIA, no uso das atribui\u00e7\u00f5es legais e estatut\u00e1rias, e considerando: <\/p>\r\n\r\n\r\n <p style=\"text-align: justify\">- a <a href=\"http:\/\/www.planalto.gov.br\/ccivil_03\/constituicao\/constituicao.htm\"><u><font color=\"blue\">Constitui\u00e7\u00e3o da Rep\u00fablica Federativa do Brasil de 1988, de 05 de outubro de 1988<\/font><\/u><\/a>;<\/p> <p style=\"text-align: justify\">- a <a href=\"http:\/\/www.planalto.gov.br\/ccivil_03\/leis\/L8112cons.htm\"><u><font color=\"blue\">Lei N. 8.112, de 11 de dezembro de 1990<\/font><\/u><\/a>, que disp\u00f5e sobre o regime jur\u00eddico dos servidores p\u00fablicos civis da Uni\u00e3o, das autarquias e das funda\u00e7\u00f5es p\u00fablicas federais;<\/p> <p style=\"text-align: justify\">- a <a href=\"http:\/\/www.planalto.gov.br\/ccivil_03\/leis\/l9394.htm\"><u><font color=\"blue\">Lei N. 9.394, de 20 de dezembro de 1996<\/font><\/u><\/a>, que estabelece as diretrizes e bases da educa\u00e7\u00e3o nacional e suas altera\u00e7\u00f5es;<\/p> <p style=\"text-align: justify\">- a <a href=\"http:\/\/www.planalto.gov.br\/ccivil_03\/leis\/lcp\/lcp95.htm\"><u><font color=\"blue\">Lei Complementar N. 95, de 26 de fevereiro de 1998<\/font><\/u><\/a>, que disp\u00f5e sobre a elabora\u00e7\u00e3o, a reda\u00e7\u00e3o, a altera\u00e7\u00e3o e a consolida\u00e7\u00e3o das leis, conforme determina o Par\u00e1grafo \u00danico do Art. 59 da Constitui\u00e7\u00e3o Federal, e estabelece normas para a consolida\u00e7\u00e3o dos atos normativos que menciona;<\/p> <p style=\"text-align: justify\">- o <a href=\"http:\/\/www.planalto.gov.br\/ccivil_03\/decreto\/d9191.htm\"><u><font color=\"blue\">Decreto N. 9.191, de 1o de novembro de 2017<\/font><\/u><\/a>, que estabelece as normas e as diretrizes para elabora\u00e7\u00e3o, reda\u00e7\u00e3o, altera\u00e7\u00e3o, consolida\u00e7\u00e3o e encaminhamento de propostas de atos normativos ao Presidente da Rep\u00fablica pelos Ministros de Estado;<\/p> <p style=\"text-align: justify\">- o <a href=\"http:\/\/www.planalto.gov.br\/ccivil_03\/decreto\/d9759.htm\"><u><font color=\"blue\">Decreto N. 9.759, de 11 de abril de 2019<\/font><\/u><\/a>, que extingue e estabelece diretrizes, regras e limita\u00e7\u00f5es para colegiados da administra\u00e7\u00e3o p\u00fablica federal;<\/p> <p style=\"text-align: justify\">- o <a href=\"http:\/\/www.planalto.gov.br\/ccivil_03\/decreto\/d10139.htm\"><u><font color=\"blue\">Decreto N. 10.139, de 28 de novembro de 2019<\/font><\/u><\/a>, que disp\u00f5e sobre a revis\u00e3o e a consolida\u00e7\u00e3o de atos normativos inferiores a decreto;<\/p> <p style=\"text-align: justify\">- o <a href=\"https:\/\/www.ufsm.br\/pro-reitorias\/proplan\/estatuto-ufsm-2010\/\"><u><font color=\"blue\">Estatuto da Universidade Federal de Santa Maria<\/font><\/u><\/a> com as adequa\u00e7\u00f5es aprovadas pela <a href=\"https:\/\/www.ufsm.br\/pro-reitorias\/proplan\/resolucao-n-037-2010\/\"><u><font color=\"blue\">Resolu\u00e7\u00e3o UFSM N. 037, de 30 de novembro de 2010<\/font><\/u><\/a>, aprovado pela <a href=\"https:\/\/www.ufsm.br\/app\/uploads\/2018\/08\/Estatuto-da-UFSM.pdf\"><u><font color=\"blue\">Portaria N. 156, de 12 de mar\u00e7o de 2014<\/font><\/u><\/a>, e publicado no Di\u00e1rio Oficial da Uni\u00e3o em 13 de mar\u00e7o de 2014;<\/p> <p style=\"text-align: justify\">- o <a href=\"https:\/\/www.ufsm.br\/app\/uploads\/sites\/713\/2019\/10\/Regimento-Geral-UFSM.pdf\"><u><font color=\"blue\">Regimento da UFSM<\/font><\/u><\/a>, disposto na <a href=\"https:\/\/www.ufsm.br\/pro-reitorias\/proplan\/resolucao-n-006-2011\/\"><u><font color=\"blue\">Resolu\u00e7\u00e3o UFSM N. 006, de 28 de abril de 2011<\/font><\/u><\/a>, atualizado pela<a href=\"https:\/\/www.ufsm.br\/pro-reitorias\/proplan\/resolucao-n-016-2019\/\"><u><font color=\"blue\"> Resolu\u00e7\u00e3o UFSM N. 016, de 02 de julho de 2019<\/font><\/u><\/a>;&nbsp;<\/p> <p style=\"text-align: justify\">- a <a href=\"https:\/\/www.ufsm.br\/pro-reitorias\/proplan\/resolucao-ufsm-n-054-2021\/\"><u><font color=\"blue\">Resolu\u00e7\u00e3o UFSM N. 054, de 1o de junho de 2021<\/font><\/u><\/a>, que regulamenta a proposi\u00e7\u00e3o e a emiss\u00e3o de Atos Normativos no \u00e2mbito da Universidade Federal de Santa Maria; e,<\/p> <p style=\"text-align: justify\">- o que consta nos Processos N. <a href=\"https:\/\/portal.ufsm.br\/documentos\/publico\/processo\/documento.html?idDocumento=13855042\"><u><font color=\"blue\">23081.103434\/2021-46<\/font><\/u><\/a> e N. <a href=\"https:\/\/portal.ufsm.br\/documentos\/publico\/processo\/documento.html?idDocumento=13962523\"><u><font color=\"blue\">23081.009204\/2022-72<\/font><\/u><\/a>.<\/p>\r\n\r\n\r\n\r\n\r\n\r\n\r\n<p style=\"text-align: justify\">&nbsp;<\/p>\r\n<p style=\"text-align: justify\">RESOLVE:<\/p>\r\n<p style=\"text-align: justify\">&nbsp;<\/p>\r\n<p style=\"text-align: justify\">Art. 1o Aprovar a cria&ccedil;&atilde;o do &oacute;rg&atilde;o colegiado&nbsp;tempor&aacute;rio denominado Coordena&ccedil;&atilde;o Local da C&aacute;tedra UNESCO de Geoparques, Desenvolvimento Regional Sustent&aacute;vel e Estilos de Vida Saud&aacute;veis (CLAGEO) vinculado &agrave; Pr&oacute;-Reitoria de Extens&atilde;o (PRE) na estrutura organizacional da Universidade Federal de Santa Maria (UFSM).<\/p>\r\n<p style=\"text-align: justify\">&nbsp;<\/p>\r\n<p style=\"text-align: justify\">CAP&Iacute;TULO I<\/p>\r\n<p style=\"text-align: justify\">DAS COMPET&Ecirc;NCIAS<\/p>\r\n<p style=\"text-align: justify\">&nbsp;<\/p>\r\n<p style=\"text-align: justify\">Art. 2o Caber&aacute; ao &oacute;rg&atilde;o colegiado denominado Coordena&ccedil;&atilde;o Local da C&aacute;tedra UNESCO de Geoparques, Desenvolvimento Regional Sustent&aacute;vel e Estilos de Vida Saud&aacute;veis (CLAGEO), um &oacute;rg&atilde;o deliberativo:<\/p>\r\n<p style=\"text-align: justify\">I &ndash; promover atividades acad&ecirc;micas em tem&aacute;ticas alinhadas &agrave; C&aacute;tedra;<\/p>\r\n<p style=\"text-align: justify\">II &ndash; estimular a realiza&ccedil;&atilde;o de eventos e publica&ccedil;&otilde;es que versem sobre quest&otilde;es inerentes &agrave; C&aacute;tedra;<\/p>\r\n<p style=\"text-align: justify\">III &ndash; credenciar atividades acad&ecirc;micas &agrave; C&aacute;tedra para que possam identificar suas a&ccedil;&otilde;es com a logomarca da C&aacute;tedra;<\/p>\r\n<p style=\"text-align: justify\">IV &ndash; oportunizar um di&aacute;logo multi e interdisciplinar entre as diferentes &aacute;reas do conhecimento que tratam sobre as tem&aacute;ticas da c&aacute;tedra, propriciando que disserta&ccedil;&otilde;es e teses cujas tem&aacute;ticas se enquadrem nos dom&iacute;nios da C&aacute;tedra, possam ser desenvolvidas sob os ausp&iacute;cios da mesma;<\/p>\r\n<p style=\"text-align: justify\">V &ndash; facilitar uma maior colabora&ccedil;&atilde;o da UFSM com a Universidade Tr&aacute;s-os-Montes e Alto Douro (UTAD), respons&aacute;vel pela C&aacute;tedra, mas tamb&eacute;m com as outras universidades associadas;<\/p>\r\n<p style=\"text-align: justify\">VI &ndash; incentivar iniciativas de extens&atilde;o, investiga&ccedil;&atilde;o, ensino e inova&ccedil;&atilde;o, bem como de mobilidade de docentes, t&eacute;cnico-administrativos em educa&ccedil;&atilde;o e estudantes com as universidades que est&atilde;o associadas &agrave; C&aacute;tedra;<\/p>\r\n<p style=\"text-align: justify\">VII &ndash; desenvolver a&ccedil;&otilde;es em prol do desenvolvimento regional nos territ&oacute;rios em que a UFSM atua com os Geoparques Aspirantes Ca&ccedil;apava e Quarta Col&ocirc;nia, bem como em outros territ&oacute;rios que porventura venha a atuar nesse &acirc;mbito; e,<\/p>\r\n<p style=\"text-align: justify\">VII &ndash; articular parcerias com os setores produtivos dos territ&oacute;rios envolvidos, &oacute;rg&atilde;os p&uacute;blicos, organiza&ccedil;&otilde;es n&atilde;o governamentais e outras institui&ccedil;&otilde;es de pesquisas nacionais e internacionais, de modo a viabilizar seus objetivos comuns.<\/p>\r\n<p style=\"text-align: justify\">&nbsp;<\/p>\r\n<p style=\"text-align: justify\">CAP&Iacute;TULO II<\/p>\r\n<p style=\"text-align: justify\">DA COMPOSI&Ccedil;&Atilde;O E AUTORIDADE<\/p>\r\n<p style=\"text-align: justify\">&nbsp;<\/p>\r\n<p style=\"text-align: justify\">Art. 3&ordm; O Coordena&ccedil;&atilde;o Local da C&aacute;tedra UNESCO de Geoparques, Desenvolvimento Regional Sustent&aacute;vel e Estilos de Vida Saud&aacute;veis (CLAGEO) ser&aacute; constitu&iacute;do pelos seguintes integrantes:<\/p>\r\n<p style=\"text-align: justify\">I &ndash; Pr&oacute;-Reitor (a) de Extens&atilde;o (Presidente);<\/p>\r\n<p style=\"text-align: justify\">II &ndash; Coordenador (a) de Desenvolvimento Regional e Cidadania da PRE;;<\/p>\r\n<p style=\"text-align: justify\">III &ndash; Ge&oacute;grafo (a), Docente do Departamento de Geoci&ecirc;ncias; e,<\/p>\r\n<p style=\"text-align: justify\">IV &ndash; Ge&oacute;logo (a), Docente do Departamento de Geoci&ecirc;ncias.<\/p>\r\n<p style=\"text-align: justify\">&sect; 1&ordm; Na aus&ecirc;ncia do(a) presidente em uma reuni&atilde;o o(a) Coordena&ccedil;&atilde;o Local da C&aacute;tedra UNESCO de Geoparques, Desenvolvimento Regional Sustent&aacute;vel e Estilos de Vida Saud&aacute;veis (CLAGEO) escolher&aacute; entre os integrantes presentes um(a) presidente para essa sess&atilde;o.<\/p>\r\n<p style=\"text-align: justify\">&sect; 2&ordm; N&atilde;o h&aacute; suplentes dos integrantes da Coordena&ccedil;&atilde;o Local da C&aacute;tedra UNESCO de Geoparques, Desenvolvimento Regional Sustent&aacute;vel e Estilos de Vida Saud&aacute;veis (CLAGEO).<\/p>\r\n<p style=\"text-align: justify\">&sect; 3&ordm; Os integrantes ter&atilde;o mandato de 1 (um) ano.&nbsp;<\/p>\r\n<p style=\"text-align: justify\">&sect; 4&ordm; Cada integrante poder&aacute; ser substitu&iacute;do em qualquer &eacute;poca, sempre que houver consenso da maioria, se o pr&oacute;prio integrante assim o desejar.<\/p>\r\n<p style=\"text-align: justify\">&sect; 5&ordm; Os integrantes referidos nos incisos I a IV ser&atilde;o indicados via Memorando da Pr&oacute;-Reitoria de Extens&atilde;o.<\/p>\r\n<p style=\"text-align: justify\">&sect; 6&ordm; Na composi&ccedil;&atilde;o do referido &oacute;rg&atilde;o colegiado dever&aacute; ser assegurado, pelo menos, 70% (setenta por cento) dos assentos para o segmento docente, conforme disposto no Art. 56 da LDB.&nbsp;<\/p>\r\n<p style=\"text-align: justify\">&nbsp;<\/p>\r\n<p style=\"text-align: justify\">CAP&Iacute;TULO III<\/p>\r\n<p style=\"text-align: justify\">DO QU&Oacute;RUM DE REUNI&Atilde;O E DE VOTA&Ccedil;&Atilde;O<\/p>\r\n<p style=\"text-align: justify\">&nbsp;<\/p>\r\n<p style=\"text-align: justify\">Art.4o As reuni&otilde;es acontecer&atilde;o com a presen&ccedil;a m&iacute;nima da maioria absoluta dos seus integrantes, considerando-se esse o n&uacute;mero legal para a delibera&ccedil;&atilde;o e vota&ccedil;&atilde;o.<\/p>\r\n<p style=\"text-align: justify\">Par&aacute;grafo &uacute;nico. Quando da ocorr&ecirc;ncia de empate na vota&ccedil;&atilde;o, caber&aacute; ao(&agrave;) Presidente da sess&atilde;o o voto qualificado.<\/p>\r\n<p style=\"text-align: justify\">Art.5o As convoca&ccedil;&otilde;es ser&atilde;o feitas via correio eletr&ocirc;nico, pelo(a) presidente, com anteced&ecirc;ncia m&iacute;nima de 3 (tr&ecirc;s) dias &uacute;teis, devendo constar da mesma a Ordem do Dia.<\/p>\r\n<p style=\"text-align: justify\">Art.6o Havendo n&uacute;mero legal e declarada aberta a sess&atilde;o, proceder-se-&aacute; a discuss&atilde;o e posterior realiza&ccedil;&atilde;o dos pareceres que dever&atilde;o embasar os processos a serem analisados pelo &oacute;rg&atilde;o colegiado em quest&atilde;o.<\/p>\r\n<p style=\"text-align: justify\">&sect;1&ordm; N&atilde;o havendo qu&oacute;rum, os integrantes ser&atilde;o convocados para nova reuni&atilde;o 48 (quarenta e oito) horas depois, com a mesma pauta.<\/p>\r\n<p style=\"text-align: justify\">&sect;2&ordm; Todas as decis&otilde;es tomadas em reuni&atilde;o ser&atilde;o registradas em ata, assinada pelos seus participantes.<\/p>\r\n<p style=\"text-align: justify\">&nbsp;<\/p>\r\n<p style=\"text-align: justify\">CAP&Iacute;TULO IV<\/p>\r\n<p style=\"text-align: justify\">DA periodicidade das reuni&otilde;es<\/p>\r\n<p style=\"text-align: justify\">&nbsp;<\/p>\r\n<p style=\"text-align: justify\">Art.7&ordm; O (A) Coordena&ccedil;&atilde;o Local da C&aacute;tedra UNESCO de Geoparques, Desenvolvimento Regional Sustent&aacute;vel e Estilos de Vida Saud&aacute;veis (CLAGEO), reunir-se-&aacute;, ordinariamente, por 1 (um) turno, 1 (uma) vez por m&ecirc;s ou extraordinariamente, sempre que convocado(a) pelo(a) presidente ou maioria de seus integrantes e desde que haja demanda para o referido &oacute;rg&atilde;o colegiado.<\/p>\r\n<p style=\"text-align: justify\">Par&aacute;grafo &uacute;nico. As reuni&otilde;es deste &oacute;rg&atilde;o colegiado, cujos integrantes, convidados ou participantes estejam em entes federativos diversos, ser&atilde;o realizadas por videoconfer&ecirc;ncia, sem pagamento de di&aacute;rias e deslocamento.<\/p>\r\n<p style=\"text-align: justify\">&nbsp;<\/p>\r\n<p style=\"text-align: justify\">&nbsp;<\/p>\r\n<p style=\"text-align: justify\">CAP&Iacute;TULO V<\/p>\r\n<p style=\"text-align: justify\">Do &oacute;rg&atilde;o DE apoio administrativo<\/p>\r\n<p style=\"text-align: justify\">&nbsp;<\/p>\r\n<p style=\"text-align: justify\">Art. 8&ordm; Caber&aacute; &agrave; Pr&oacute;-Reitoria de Extens&atilde;o&nbsp;(PRE), no que se refere ao funcionamento da Coordena&ccedil;&atilde;o Local da C&aacute;tedra UNESCO de Geoparques, Desenvolvimento Regional Sustent&aacute;vel e Estilos de Vida Saud&aacute;veis (CLAGEO), a responsabilidade de realizar o apoio administrativo e demais encaminhamentos para o devido andamento dos trabalhos.<\/p>\r\n<p style=\"text-align: justify\">&nbsp;<\/p>\r\n<p style=\"text-align: justify\">CAP&Iacute;TULO Vi<\/p>\r\n<p style=\"text-align: justify\">do regimento interno<\/p>\r\n<p style=\"text-align: justify\">&nbsp;<\/p>\r\n<p style=\"text-align: justify\">Art. 9&ordm; Em caso de conveni&ecirc;ncia e oportunidade, para o melhor desenvolvimento das atividades dessa Comiss&atilde;o, poder&aacute; ser elaborado e encaminhado Regimento Interno pr&oacute;prio para aprecia&ccedil;&atilde;o e delibera&ccedil;&atilde;o pelas inst&acirc;ncias competentes.<\/p>\r\n<p style=\"text-align: justify\">&nbsp;<\/p>\r\n<p style=\"text-align: justify\">CAP&Iacute;TULO VII<\/p>\r\n<p style=\"text-align: justify\">DOS MEMBROS n&atilde;o natos<\/p>\r\n<p style=\"text-align: justify\">&nbsp;<\/p>\r\n<p style=\"text-align: justify\">Art. 10. Nas reuni&otilde;es do referido &oacute;rg&atilde;o colegiado poder&atilde;o comparecer, quando convidados pelo presidente, servidores e\/ou discentes, a fim de prestarem esclarecimentos sobre assuntos que lhes forem pertinentes.&nbsp;<\/p>\r\n<p style=\"text-align: justify\">Par&aacute;grafo &uacute;nico. As reuni&otilde;es deste &oacute;rg&atilde;o colegiado, cujos membros possu&iacute;rem domic&iacute;lio e\/ou resid&ecirc;ncia legal ou estiverem em local diverso da realiza&ccedil;&atilde;o da atividade ser&atilde;o realizadas por videoconfer&ecirc;ncia, sem pagamento de di&aacute;rias e deslocamento.<\/p>\r\n<p style=\"text-align: justify\">&nbsp;<\/p>\r\n<p style=\"text-align: justify\">CAP&Iacute;TULO VIII<\/p>\r\n<p style=\"text-align: justify\">Dos relat&oacute;rios peri&oacute;dicos e DO RElat&oacute;rio final<\/p>\r\n<p style=\"text-align: justify\">&nbsp;<\/p>\r\n<p style=\"text-align: justify\">Art. 11 A Coordena&ccedil;&atilde;o Local da C&aacute;tedra UNESCO de Geoparques, Desenvolvimento Regional Sustent&aacute;vel e Estilos de Vida Saud&aacute;veis (CLAGEO), tornar&aacute; p&uacute;blica suas a&ccedil;&otilde;es, reuni&otilde;es e materiais espec&iacute;ficos de sua &aacute;rea em s&iacute;tio eletr&ocirc;nico da Pr&oacute;-Reitoria de Extens&atilde;o da UFSM, ressalvado o conte&uacute;do sujeito a sigilo, n&atilde;o havendo necessidades de emitir relat&oacute;rios peri&oacute;dicos e anuais.<\/p>\r\n<p style=\"text-align: justify\">&nbsp;<\/p>\r\n<p style=\"text-align: justify\">CAP&Iacute;TULO IX<\/p>\r\n<p style=\"text-align: justify\">DAS DISPOSI&Ccedil;&Otilde;ES GERAIS E TRANSIT&oacute;rias<\/p>\r\n<p style=\"text-align: justify\">&nbsp;<\/p>\r\n<p style=\"text-align: justify\">Art. 12 &Eacute; vedada a divulga&ccedil;&atilde;o de discuss&otilde;es em curso sem a pr&eacute;via anu&ecirc;ncia do titular da Pr&oacute;-Reitoria de Extens&atilde;o (PRE)&nbsp;ao qual este &oacute;rg&atilde;o colegiado est&aacute; vinculado<\/p>\r\n<p style=\"text-align: justify\">Art. 13 A participa&ccedil;&atilde;o dos integrantes deste &oacute;rg&atilde;o colegiado ser&aacute; considerada presta&ccedil;&atilde;o de servi&ccedil;o p&uacute;blico relevante, e n&atilde;o ser&aacute; remunerada.<\/p>\r\n<p style=\"text-align: justify\">Par&aacute;grafo &uacute;nico. As atividades do colegiado e de seus integrantes n&atilde;o poder&aacute; causar preju&iacute;zo &agrave; presta&ccedil;&atilde;o do servi&ccedil;o p&uacute;blico pelo servidor integrante do Colegiado.<\/p>\r\n<p style=\"text-align: justify\">Art. 14 As reuni&otilde;es deste &oacute;rg&atilde;o colegiado, cujos integrantes possu&iacute;rem domic&iacute;lio e\/ou resid&ecirc;ncia legal ou estiverem em local diverso da realiza&ccedil;&atilde;o da atividade ser&atilde;o realizadas por videoconfer&ecirc;ncia, sem pagamento de di&aacute;rias, deslocamento.&nbsp;<\/p>\r\n<p style=\"text-align: justify\">Par&aacute;grafo &uacute;nico. Na hip&oacute;tese de ser demonstrada, de modo fundamentado, a inviabilidade ou a inconveni&ecirc;ncia de se realizar a reuni&atilde;o por videoconfer&ecirc;ncia, ser&atilde;o estimados os gastos com di&aacute;rias e passagens dos integrantes deste colegiado, assim como, a comprova&ccedil;&atilde;o da disponibilidade or&ccedil;ament&aacute;ria e financeira para o exerc&iacute;cio em curso.<\/p>\r\n<p style=\"text-align: justify\">Art. 15 &Eacute; vedada a possibilidade de cria&ccedil;&atilde;o de subcolegiados por ato deste colegiado, exceto se na presente Portaria houver:<\/p>\r\n<p style=\"text-align: justify\">I - limitado o n&uacute;mero m&aacute;ximo de seus integrantes;<\/p>\r\n<p style=\"text-align: justify\">II - estabelecido car&aacute;ter tempor&aacute;rio e dura&ccedil;&atilde;o n&atilde;o superior a um ano; e<\/p>\r\n<p style=\"text-align: justify\">III - fixado o n&uacute;mero m&aacute;ximo de subcolegiados que poder&atilde;o operar simultaneamente.<\/p>\r\n<p style=\"text-align: justify\">Par&aacute;grafo &uacute;nico.&nbsp; A mera necessidade de reuni&otilde;es eventuais para debate, articula&ccedil;&atilde;o ou trabalho que envolva agentes p&uacute;blicos da administra&ccedil;&atilde;o p&uacute;blica federal n&atilde;o ser&aacute; admitida como fundamento para as propostas de que trata o caput.&nbsp;<\/p>\r\n<p style=\"text-align: justify\">Art. 16 Esta Portaria Normativa entra em vigor em 07 de mar\u00e7o de 2022, por se tratar de urg\u00eancia justificada no expediente administrativo, de acordo com o que prev\u00ea o Artigo 4o do <a href=\"https:\/\/www.in.gov.br\/en\/web\/dou\/-\/decreto-n-10.139-de-28-de-novembro-de-2019-230458659\"><u><font color=\"blue\">Decreto N. 10.139, de 28 de novembro de 2019<\/font><\/u><\/a>, e ter\u00e1 vig\u00eancia de 1 (um) ano a partir da entrada em vigor.&nbsp;<\/p>\r\n<p style=\"text-align: justify\">Par&aacute;grafo &uacute;nico. Havendo qualquer modifica&ccedil;&atilde;o legislativa, ou ainda, havendo qualquer situa&ccedil;&atilde;o legal que impacte na legalidade da presente Portaria Normativa, a mesma se aplica de imediato.<\/p>\r\n<br>\r\n<\/s>\r\n<p>Luciano Schuch,<\/p>\r\n<p>Reitor.<\/p>\r\n<p><font color=\"red0000\">Este texto n\u00e3o substitui o documento original, publicado no Portal de Documentos em 07 de mar\u00e7o de 2022.<\/font> Dispon\u00edvel em: <a href=\"https:\/\/portal.ufsm.br\/documentos\/publico\/documento.html?idDocumento=14023124\" target=\"_blank\"><font color=\"blue\">https:\/\/portal.ufsm.br\/documentos\/publico\/documento.html?idDocumento=14023124<\/font><\/a><\/p><\/div>\r\n\r\n\t\t<\/div>\n\t\t\t\t<\/div>\n\t\t\t\t\t<\/div>\n\t\t<\/div>\n\t\t\t\t\t<\/div>\n\t\t<\/section>\n\t\t\t\t<\/div>\n\t\t","protected":false},"excerpt":{"rendered":"<p>PORTARIA NORMATIVA UFSM N. 043, DE 04 DE MAR\u00c7O DE 2022 MINIST\u00c9RIO DA EDUCA\u00c7\u00c3O UNIVERSIDADE FEDERAL DE SANTA MARIA PORTARIA NORMATIVA UFSM N. 043, DE 04 DE MAR\u00c7O DE 2022 Revogada pela Resolu\u00e7\u00e3o UFSM N\u00b0 191\/2024 Aprova a cria\u00e7\u00e3o do \u00f3rg\u00e3o colegiado tempor\u00e1rio denominado \u201cCoordena\u00e7\u00e3o Local da C\u00e1tedra UNESCO de Geoparques, Desenvolvimento Regional Sustent\u00e1vel e [&hellip;]<\/p>\n","protected":false},"author":4883,"featured_media":0,"parent":0,"menu_order":0,"comment_status":"closed","ping_status":"closed","template":"","meta":{"footnotes":""},"categories":[],"tags":[],"class_list":["post-5292","page","type-page","status-publish","hentry"],"acf":[],"_links":{"self":[{"href":"https:\/\/www.ufsm.br\/pro-reitorias\/proplan\/wp-json\/wp\/v2\/pages\/5292","targetHints":{"allow":["GET"]}}],"collection":[{"href":"https:\/\/www.ufsm.br\/pro-reitorias\/proplan\/wp-json\/wp\/v2\/pages"}],"about":[{"href":"https:\/\/www.ufsm.br\/pro-reitorias\/proplan\/wp-json\/wp\/v2\/types\/page"}],"author":[{"embeddable":true,"href":"https:\/\/www.ufsm.br\/pro-reitorias\/proplan\/wp-json\/wp\/v2\/users\/4883"}],"replies":[{"embeddable":true,"href":"https:\/\/www.ufsm.br\/pro-reitorias\/proplan\/wp-json\/wp\/v2\/comments?post=5292"}],"version-history":[{"count":0,"href":"https:\/\/www.ufsm.br\/pro-reitorias\/proplan\/wp-json\/wp\/v2\/pages\/5292\/revisions"}],"wp:attachment":[{"href":"https:\/\/www.ufsm.br\/pro-reitorias\/proplan\/wp-json\/wp\/v2\/media?parent=5292"}],"wp:term":[{"taxonomy":"category","embeddable":true,"href":"https:\/\/www.ufsm.br\/pro-reitorias\/proplan\/wp-json\/wp\/v2\/categories?post=5292"},{"taxonomy":"post_tag","embeddable":true,"href":"https:\/\/www.ufsm.br\/pro-reitorias\/proplan\/wp-json\/wp\/v2\/tags?post=5292"}],"curies":[{"name":"wp","href":"https:\/\/api.w.org\/{rel}","templated":true}]}}