{"id":5312,"date":"2023-04-10T16:33:15","date_gmt":"2023-04-10T19:33:15","guid":{"rendered":"https:\/\/www.ufsm.br\/pro-reitorias\/proplan\/?page_id=5312"},"modified":"2025-08-21T10:12:42","modified_gmt":"2025-08-21T13:12:42","slug":"resolucao-ufsm-n-120-2023","status":"publish","type":"page","link":"https:\/\/www.ufsm.br\/pro-reitorias\/proplan\/resolucao-ufsm-n-120-2023","title":{"rendered":"RESOLU\u00c7\u00c3O UFSM N\u00b0 120\/2023"},"content":{"rendered":"\t\t<div data-elementor-type=\"wp-page\" data-elementor-id=\"5312\" class=\"elementor elementor-5312\">\n\t\t\t\t\t\t<section class=\"elementor-section elementor-top-section elementor-element elementor-element-a2589ac elementor-section-boxed elementor-section-height-default elementor-section-height-default\" data-id=\"a2589ac\" data-element_type=\"section\">\n\t\t\t\t\t\t<div class=\"elementor-container elementor-column-gap-default\">\n\t\t\t\t\t<div class=\"elementor-column elementor-col-100 elementor-top-column elementor-element elementor-element-153ee20\" data-id=\"153ee20\" data-element_type=\"column\">\n\t\t\t<div class=\"elementor-widget-wrap elementor-element-populated\">\n\t\t\t\t\t\t<div class=\"elementor-element elementor-element-71b2901 elementor-widget elementor-widget-html\" data-id=\"71b2901\" data-element_type=\"widget\" data-widget_type=\"html.default\">\n\t\t\t\t<div class=\"elementor-widget-container\">\n\t\t\t\r\n\r\n\r\n<title><b>RESOLU\u00c7\u00c3O UFSM N. 120, DE 04 DE ABRIL DE 2023<\/b><\/title>\r\n\r\n\r\n<div align=\"center\"><img decoding=\"async\" src=\"https:\/\/www.ufsm.br\/pro-reitorias\/proplan\/wp-content\/uploads\/sites\/344\/2019\/09\/brasao-da-republica-do-brasil-logo.png\" alt=\"Bras\u00e3o Rep\u00fablica Federativa do Brasil\" width=\"6%\" height=\"6%\"><\/div>  <h1><font color=\"blue\"><font size=\"5\"><div align=\"center\">MINIST\u00c9RIO DA EDUCA\u00c7\u00c3O<\/div><\/font><\/font><\/H1>\r\n<b><font color=\"0000blue\"><div align=\"center\">UNIVERSIDADE FEDERAL DE SANTA MARIA<\/div><\/font><\/b>\r\n<p><div align=\"center\"><b><a href=\"https:\/\/portal.ufsm.br\/documentos\/publico\/documento.html?idDocumento=14624598\" target=\"_blank\"><font color=\"blue\">RESOLU\u00c7\u00c3O UFSM N\u00b0 120, DE 04 DE ABRIL DE 2023<\/font><\/a><\/b><\/div>\r\n<br>\r\n<p><div align=\"justify\"><font color=\"800000\"><ul><ul><ul><ul><ul><ul><ul><ul><ul><ul><ul><ul><ul><ul><ul><ul>Aprova a cria\u00e7\u00e3o do \u00f3rg\u00e3o colegiado denominado \u201cComit\u00ea Gestor do Acervo Acad\u00eamico\u201d (CGAA-UFSM), vinculado \u00e0 Universidade Federal de Santa Maria (UFSM).<\/font><\/div><\/ul>\r\n\r\n<br><div align=\"justify\"><font color=\"black\">\r\n<p>O REITOR DA UNIVERSIDADE FEDERAL DE SANTA MARIA, no uso de suas atribui\u00e7\u00f5es legais e estatut\u00e1rias e considerando:<\/p>\r\n<p>- a <a href=\"http:\/\/www.planalto.gov.br\/ccivil_03\/constituicao\/constituicao.htm\" target=\"_blank\"><font color=\"blue\"><u>Constitui\u00e7\u00e3o da Rep\u00fablica Federativa do Brasil de 1988, de 05 de outubro de 1988<\/u><\/font><\/a>;\r\n<p>- a <a href=\"http:\/\/www.planalto.gov.br\/ccivil_03\/leis\/l8112cons.htm\" target=\"_blank\"><font color=\"blue\"><u>Lei N. 8.112, de 11 de dezembro de 1990<\/u><\/font><\/a>, que disp\u00f5e sobre o regime jur\u00eddico dos servidores p\u00fablicos civis da Uni\u00e3o, das autarquias e das funda\u00e7\u00f5es p\u00fablicas federais; \r\n<p>- a <a href=\"https:\/\/www.planalto.gov.br\/ccivil_03\/leis\/l9394.htm\" target=\"_blank\"><font color=\"blue\"><u>Lei N. 9.394, de 20 de dezembro de 1996<\/u><\/font><\/a>, que estabelece as diretrizes e bases da educa\u00e7\u00e3o nacional e suas altera\u00e7\u00f5es;\r\n<p>- a <a href=\"http:\/\/www.planalto.gov.br\/ccivil_03\/leis\/lcp\/lcp95.htm\" target=\"_blank\"><font color=\"blue\"><u>Lei Complementar N. 95, de 26 de fevereiro de 1998<\/u><\/font><\/a>, que disp\u00f5e sobre a elabora\u00e7\u00e3o, a reda\u00e7\u00e3o, a altera\u00e7\u00e3o e a consolida\u00e7\u00e3o das leis, conforme determina o Par\u00e1grafo \u00danico do Art. 59 da <a href=\"http:\/\/www.planalto.gov.br\/ccivil_03\/constituicao\/constituicao.htm\" target=\"_blank\"><font color=\"blue\"><u>Constitui\u00e7\u00e3o Federal<\/u><\/font><\/a>, e estabelece normas para a consolida\u00e7\u00e3o dos atos normativos que menciona; \r\n<p>- o <a href=\"https:\/\/www.planalto.gov.br\/ccivil_03\/_ato2015-2018\/2017\/decreto\/D9191.htm\" target=\"_blank\"><font color=\"blue\"><u>Decreto N. 9.191, de 1\u00ba de novembro de 2017<\/u><\/font><\/a>, que estabelece as normas e as diretrizes para elabora\u00e7\u00e3o, reda\u00e7\u00e3o, altera\u00e7\u00e3o, consolida\u00e7\u00e3o e encaminhamento de propostas de atos normativos ao Presidente da Rep\u00fablica pelos Ministros de Estado; \r\n<p>- o <a href=\"https:\/\/www.planalto.gov.br\/ccivil_03\/_ato2019-2022\/2019\/decreto\/D10139.htm\" target=\"_blank\"><font color=\"blue\"><u>Decreto N. 10.139, de 28 de novembro de 2019<\/u><\/font><\/a>, que disp\u00f5e sobre a revis\u00e3o e a consolida\u00e7\u00e3o de atos normativos inferiores a decreto; \r\n<p>- o Artigo 45, do Cap\u00edtulo II, da <a href=\"https:\/\/www.in.gov.br\/en\/web\/dou\/-\/portaria-n-315-de-4-de-abril-de-2018-9177556\" target=\"_blank\"><font color=\"blue\"><u>Portaria N. 315, de 04 de abril de 2018<\/u><\/font><\/a>, do Minist\u00e9rio da Educa\u00e7\u00e3o, que disp\u00f5e sobre os procedimentos de supervis\u00e3o e monitoramento de institui\u00e7\u00f5es de educa\u00e7\u00e3o superior integrantes do sistema federal de ensino e de cursos superiores de gradua\u00e7\u00e3o e de p\u00f3s-gradua\u00e7\u00e3o lato sensu, nas modalidades presencial e a dist\u00e2ncia;\r\n<p>- o <a href=\"https:\/\/www.ufsm.br\/pro-reitorias\/proplan\/estatuto-ufsm-2010\/\" target=\"_blank\"><font color=\"blue\"><u>Estatuto da Universidade Federal de Santa Maria<\/u><\/font><\/a> com as adequa\u00e7\u00f5es aprovadas pela <a href=\"https:\/\/www.ufsm.br\/pro-reitorias\/proplan\/resolucao-n-037-2010\/\" target=\"_blank\"><font color=\"blue\"><u>Resolu\u00e7\u00e3o UFSM N. 037, de 30 de novembro de 2010<\/u><\/font><\/a>, aprovado pela <a href=\"https:\/\/pesquisa.in.gov.br\/imprensa\/jsp\/visualiza\/index.jsp?data=13\/03\/2014&amp;jornal=1&amp;pagina=43&amp;totalArquivos=100\" target=\"_blank\"><font color=\"blue\"><u>Portaria N. 156, de 12 de mar\u00e7o de 2014<\/u><\/font><\/a>, e publicado no Di\u00e1rio Oficial da Uni\u00e3o em 13 de mar\u00e7o de 2014; \r\n<p>- o <a href=\"https:\/\/www.ufsm.br\/pro-reitorias\/proplan\/regimento-geral-da-ufsm-com-alteracoes-compiladas-pela-resolucao-n-016-2019\/\" target=\"_blank\"><font color=\"blue\"><u>Regimento da UFSM<\/u><\/font><\/a>, disposto na <a href=\"https:\/\/www.ufsm.br\/pro-reitorias\/proplan\/resolucao-n-006-2011\/\" target=\"_blank\"><font color=\"blue\"><u>Resolu\u00e7\u00e3o UFSM N. 006, de 28 de abril de 2011<\/u><\/font><\/a>, atualizado pela <a href=\"https:\/\/www.ufsm.br\/pro-reitorias\/proplan\/resolucao-n-016-2019\/\" target=\"_blank\"><font color=\"blue\"><u>Resolu\u00e7\u00e3o UFSM N. 016, de 02 de julho de 2019<\/u><\/font><\/a>;\r\n<p>- a <a href=\"https:\/\/www.ufsm.br\/pro-reitorias\/proplan\/resolucao-n-015-2014\" target=\"_blank\"><font color=\"blue\"><u>Resolu\u00e7\u00e3o UFSM N. 015, de 07 de julho de 2014<\/u><\/font><\/a>, que aprova o Regimento Geral da P\u00f3s-Gradua\u00e7\u00e3o Stricto Sensu e Lato Sensu da Universidade Federal de Santa Maria, com altera\u00e7\u00f5es das Resolu\u00e7\u00f5es UFSM <a href=\"https:\/\/www.ufsm.br\/pro-reitorias\/proplan\/resolucao-n-040-2019\"><\/a><font color=\"blue\"><u>N. 040\/2019, de 02 de dezembro de 2019<\/u><\/font><\/a>, e <a href=\"https:\/\/www.ufsm.br\/pro-reitorias\/proplan\/resolucao-n-009-2020\"><\/a><font color=\"blue\"><u>N. 009, de 14 de abril de 2020<\/u><\/font><\/a>; \r\n<p>- a <a href=\"https:\/\/www.ufsm.br\/pro-reitorias\/proplan\/resolucao-n-029-2020\" target=\"_blank\"><font color=\"blue\"><u>Resolu\u00e7\u00e3o UFSM N. 029, de 05 de novembro de 2020<\/u><\/font><\/a>, que aprova a consolida\u00e7\u00e3o dos Cursos de Gradua\u00e7\u00e3o (Licenciatura e Bacharelado), com situa\u00e7\u00e3o \u201cem atividade\u201d, em cada Unidade de Ensino, da Universidade Federal de Santa Maria (UFSM), em decorr\u00eancia do disposto no <a href=\"https:\/\/www.planalto.gov.br\/ccivil_03\/_ato2019-2022\/2019\/decreto\/D10139.htm\" target=\"_blank\"><font color=\"blue\"><u>Decreto N. 10.139, de 28 de novembro de 2019<\/u><\/font><\/a>; \r\n<p>- a <a href=\"https:\/\/www.ufsm.br\/pro-reitorias\/proplan\/resolucao-ufsm-n-054-2021\" target=\"_blank\"><font color=\"blue\"><u>Resolu\u00e7\u00e3o UFSM N. 054, de 1\u00ba de junho de 2021<\/u><\/font><\/a>, que regulamenta a proposi\u00e7\u00e3o e a emiss\u00e3o de Atos Normativos no \u00e2mbito da Universidade Federal de Santa Maria;\r\n<p>- a <a href=\"http:\/\/www.planalto.gov.br\/ccivil_03\/_ato2011-2014\/2014\/lei\/l13005.htm\" target=\"_blank\"><font color=\"blue\"><u>Lei N\u00ba 13.005 de 25 de junho de 2014<\/u><\/font><\/a>, que aprova o Plano Nacional de Educa\u00e7\u00e3o - PNE e d\u00e1 outras provid\u00eancias;\r\n<p>- o <a href=\"https:\/\/www.planalto.gov.br\/ccivil_03\/_ato2015-2018\/2017\/decreto\/d9235.htm\" target=\"_blank\"><font color=\"blue\"><u>Decreto N\u00ba 9.235, DE 15 DE DEZEMBRO DE 2017<\/u><\/font><\/a>, que disp\u00f5e sobre o exerc\u00edcio das fun\u00e7\u00f5es de regula\u00e7\u00e3o, supervis\u00e3o e avalia\u00e7\u00e3o das institui\u00e7\u00f5es de educa\u00e7\u00e3o superior e dos cursos superiores de gradua\u00e7\u00e3o e de p\u00f3s-gradua\u00e7\u00e3o no sistema federal de ensino;\r\n<p>- a <a href=\"https:\/\/www.ufsm.br\/pro-reitorias\/proplan\/resolucao-ufsm-n-052-2021\" target=\"_blank\"><font color=\"blue\"><u>Resolu\u00e7\u00e3o UFSM N\u00ba 052\/2021<\/u><\/font><\/a>, que disp\u00f5e sobre a normatiza\u00e7\u00e3o da pol\u00edtica de gest\u00e3o arquiv\u00edstica na Universidade Federal de Santa Maria (UFSM), estabelece a organiza\u00e7\u00e3o e o funcionamento do Sistema de Arquivos da Universidade Federal de Santa Maria (Siarq-UFSM) e da Comiss\u00e3o Permanente de Avalia\u00e7\u00e3o de Documentos (CPAD-DAG);\r\n<p>- a <a href=\"https:\/\/www.ufsm.br\/pro-reitorias\/proplan\/resolucao-ufsm-n-080-2022\" target=\"_blank\"><font color=\"blue\"><u>Resolu\u00e7\u00e3o UFSM N\u00ba 080 de 18 de fevereiro de 2022<\/u><\/font><\/a>, que aprova a cria\u00e7\u00e3o do \u00f3rg\u00e3o colegiado denominado Comit\u00ea de Seguran\u00e7a da Informa\u00e7\u00e3o da Universidade Federal de Santa Maria (CSI-UFSM), vinculado \u00e0 Universidade Federal de Santa Maria (UFSM).\r\n<p>- o Parecer N. 028\/2023 da Comiss\u00e3o de Legisla\u00e7\u00e3o e Regimentos (CLR), aprovado na 860\u00aa Sess\u00e3o do Conselho Universit\u00e1rio (CONSU), de 31 de mar\u00e7o de 2023, referente ao Processo N. <a href=\"https:\/\/portal.ufsm.br\/documentos\/publico\/processo\/documento.html?idDocumento=14510380\" target=\"_blank\"><font color=\"blue\"><u>23081.005651\/2023-33<\/u><\/font><\/a>.<\/p>\r\n<br>\r\n<p>RESOLVE:<\/p>\r\n<br>\r\n<p>Art. 1\u00ba Aprovar a cria\u00e7\u00e3o do \u00f3rg\u00e3o colegiado denominado Comit\u00ea Gestor do Acervo Acad\u00eamico (CGAA-UFSM), vinculado \u00e0 Universidade Federal de Santa Maria (UFSM).\r\n<p>Par\u00e1grafo \u00fanico. O Comit\u00ea mencionado no Caput abrange o Acervo Acad\u00eamico nos n\u00edveis de gradua\u00e7\u00e3o e p\u00f3s-gradua\u00e7\u00e3o.\r\n<br>\r\n<BR>\r\n<p>CAP\u00cdTULO I\r\n<p>DAS COMPET\u00caNCIAS<\/p>\r\n<br>\r\n<p>Art. 2\u00ba Caber\u00e1 ao \u00f3rg\u00e3o colegiado denominado Comit\u00ea Gestor do Acervo Acad\u00eamico (CGAA-UFSM), de car\u00e1ter consultivo:\r\n<p>I \u2013 elaborar a pol\u00edtica de seguran\u00e7a da informa\u00e7\u00e3o relativa ao acervo acad\u00eamico de maneira subsidi\u00e1ria, em suas normas institucionais, e encaminhar \u00e0s unidades competentes para aprecia\u00e7\u00e3o; \r\n<p>II \u2013 implementar e acompanhar a pol\u00edtica de seguran\u00e7a da informa\u00e7\u00e3o relativa ao acervo acad\u00eamico de maneira subsidi\u00e1ria, em suas normas institucionais; \r\n<p>III \u2013 assessorar na implementa\u00e7\u00e3o das a\u00e7\u00f5es relativas ao acervo acad\u00eamico na institui\u00e7\u00e3o; e,\r\n<p>IV \u2013 levantamentos e emiss\u00e3o de pareceres necess\u00e1rios \u00e0 consecu\u00e7\u00e3o da finalidade do Comit\u00ea.\r\n<p>Par\u00e1grafo \u00fanico. O Comit\u00ea Gestor do Acervo Acad\u00eamico (CGAA-UFSM) dever\u00e1 atuar tecnicamente de forma integrada com o Comit\u00ea Consultivo do Siarq-UFSM (Consiarq-DAG) e a Comiss\u00e3o Permanente de Avalia\u00e7\u00e3o de Documentos (CPAD\/DAG), previstas na <a href=\"https:\/\/www.ufsm.br\/pro-reitorias\/proplan\/resolucao-ufsm-n-052-2021\" target=\"_blank\"><font color=\"blue\"><u>Resolu\u00e7\u00e3o UFSM n\u00ba 052\/2021<\/u><\/font><\/a> e com o Comit\u00ea de Seguran\u00e7a da Informa\u00e7\u00e3o da Universidade Federal de Santa Maria (CSI\/UFSM), previsto na <a href=\"https:\/\/www.ufsm.br\/pro-reitorias\/proplan?page_id=4826\" target=\"_blank\"><font color=\"blue\"><u>Resolu\u00e7\u00e3o UFSM n\u00ba 080\/2022<\/u><\/font><\/a>.\r\n<BR>\r\n<br>\r\n<p>CAP\u00cdTULO II\r\n<p>DA COMPOSI\u00c7\u00c3O E AUTORIDADE<\/p>\r\n<br>\r\n<p>Art. 3\u00ba O Comit\u00ea Gestor do Acervo Acad\u00eamico (CGAA-UFSM) ser\u00e1 constitu\u00eddo pelos seguintes membros: \r\n<p>I \u2013 1 (um) representante do Gabinete do Reitor (GR) da UFSM, indicado pelo(a) Reitor(a); \r\n<p>II \u2013 1 (um) representante da Pr\u00f3-Reitoria de Gradua\u00e7\u00e3o (PROGRAD), indicado pelo(a) respectivo(a) Pr\u00f3-Reitor(a); \r\n<p>III \u2013 1 (um) representante da Pr\u00f3-Reitoria de P\u00f3s-Gradua\u00e7\u00e3o e Pesquisa (PRPGP), indicado(a)  pelo(a) respectivo(a)  Pr\u00f3-Reitor(a);\r\n<p>IV \u2013 1 (um) representante da Coordenadoria de Educa\u00e7\u00e3o B\u00e1sica, T\u00e9cnica e Tecnol\u00f3gica (CEBTT), indicado(a)  pelo(a) respectivo(a)  Coordenador(a);\r\n<p>V \u2013 2 (dois) representantes do Departamento de Arquivo Geral (DAG), indicados pelo(a)  respectivo(a) Diretor; e, \r\n<p>VI - 2 (dois) representantes do Centro de Processamento de Dados (CPD), indicados pelo(a)  respectivo(a)  Diretor(a).\r\n<p>\u00a7 1\u00ba O(A) presidente do Comit\u00ea Gestor do Acervo Acad\u00eamico (CGAA-UFSM) ser\u00e1 escolhido(a) entre seus pares.\r\n<p>\u00a7 2\u00ba Na aus\u00eancia do(a) presidente em uma reuni\u00e3o o Comit\u00ea Gestor do Acervo Acad\u00eamico (CGAA-UFSM) escolher\u00e1 entre os membros presentes um(a) presidente para essa sess\u00e3o.\r\n<p>\u00a7 3\u00ba Os suplentes dos membros do Comit\u00ea Gestor do Acervo Acad\u00eamico (CGAA-UFSM) mencionados nos incisos I a VI tamb\u00e9m ser\u00e3o indicados pelos respons\u00e1veis das respectivas \u00e1reas de atua\u00e7\u00e3o. \r\n<p>\u00a7 4\u00ba Os membros ter\u00e3o mandato de 2 (dois) anos, podendo ser reconduzidos pelo mesmo per\u00edodo. \r\n<p>\u00a7 5\u00ba Cada membro poder\u00e1 ser substitu\u00eddo em qualquer \u00e9poca, sempre que houver consenso da maioria, por meio de uma solicita\u00e7\u00e3o escrita do respectivo segmento de representa\u00e7\u00e3o, ou se o pr\u00f3prio representante assim o desejar. \r\n<p>\u00a7 6\u00ba Os membros dos incisos I a VI ser\u00e3o indicados via Memorando pelos respectivos dirigentes de cada unidade.\r\n<p>\u00a7 7\u00ba Devido a necessidade de representa\u00e7\u00e3o de todas as unidades da institui\u00e7\u00e3o respons\u00e1veis pela manuten\u00e7\u00e3o e cust\u00f3dia do acervo acad\u00eamico justifica-se a composi\u00e7\u00e3o do Comit\u00ea Gestor do Acervo Acad\u00eamico (CGAA-UFSM) com mais de 7 (sete) membros.\r\n<p>Art. 4\u00ba Nas reuni\u00f5es do referido \u00f3rg\u00e3o colegiado poder\u00e3o comparecer, quando convidados pelo(a) presidente, pessoas cuja participa\u00e7\u00e3o possa esclarecer assuntos pertinentes \u00e0 convoca\u00e7\u00e3o, n\u00e3o podendo tais pessoas votarem.\r\n<p>Par\u00e1grafo \u00fanico. As reuni\u00f5es deste \u00f3rg\u00e3o colegiado, cujos membros possu\u00edrem domic\u00edlio e\/ou resid\u00eancia legal ou estiverem em local diverso da realiza\u00e7\u00e3o da atividade, ser\u00e3o realizadas por videoconfer\u00eancia, sem pagamento de di\u00e1rias e deslocamento.\r\n<br>\r\n<br>\r\n<p>CAP\u00cdTULO III\r\n<p>DO QU\u00d3RUM DE REUNI\u00c3O E DE VOTA\u00c7\u00c3O<\/p>\r\n<br>\r\n<p>Art. 5\u00ba As reuni\u00f5es acontecer\u00e3o com a presen\u00e7a da maioria simples dos seus membros, considerando-se esse o n\u00famero legal para a delibera\u00e7\u00e3o e vota\u00e7\u00e3o.\r\n<p>Par\u00e1grafo \u00fanico. Quando da ocorr\u00eancia de empate na vota\u00e7\u00e3o, caber\u00e1 ao Presidente do Comit\u00ea Gestor do Acervo Acad\u00eamico (CGAA-UFSM) o voto qualificado e, na sua aus\u00eancia, o substituto escolhido na respectiva sess\u00e3o.\r\n<p>Art. 6\u00ba As convoca\u00e7\u00f5es ser\u00e3o feitas via correio eletr\u00f4nico, pelo(a) presidente, com anteced\u00eancia m\u00ednima de 5 (cinco) dias \u00fateis, devendo constar da mesma a Ordem do Dia.\r\n<p>Art. 7\u00ba Havendo n\u00famero legal e declarada aberta a sess\u00e3o, proceder-se-\u00e1 a discuss\u00e3o e posterior emiss\u00e3o dos pareceres que dever\u00e3o embasar os processos a serem analisados pelo \u00f3rg\u00e3o colegiado em quest\u00e3o.\r\n<p>Par\u00e1grafo \u00fanico. N\u00e3o havendo qu\u00f3rum, os membros ser\u00e3o convocados para nova reuni\u00e3o 48 (quarenta e oito) horas depois, com a mesma pauta.\r\n<br>\r\n<br>\r\n<p>CAP\u00cdTULO IV\r\n<p>DA PERIODICIDADE DAS REUNI\u00d5ES<\/p>\r\n<br>\r\n<p>Art. 8\u00ba O Comit\u00ea Gestor do Acervo Acad\u00eamico (CGAA-UFSM), reunir-se-\u00e1, ordinariamente, por 1 (um) turno, 1 (uma) vez por m\u00eas ou extraordinariamente, sempre que convocado(a) pelo(a) presidente ou maioria de seus membros e desde que haja demanda para o referido \u00f3rg\u00e3o colegiado.\r\n<p>Par\u00e1grafo \u00fanico. As reuni\u00f5es deste \u00f3rg\u00e3o colegiado, cujos membros, convidados ou participantes estejam em entes federativos diversos, ser\u00e3o realizadas por videoconfer\u00eancia, sem pagamento de di\u00e1rias e deslocamento.\r\n<br>\r\n<br>\r\n<p>CAP\u00cdTULO V\r\n<p>DA UNIDADE DE APOIO ADMINISTRATIVO<\/p>\r\n<br>\r\n<p>Art. 9\u00ba Caber\u00e1 ao Departamento de Arquivo Geral (DAG), no que se refere ao funcionamento do Comit\u00ea Gestor do Acervo Acad\u00eamico (CGAA-UFSM), a responsabilidade de realizar o apoio administrativo e demais encaminhamentos para o devido andamento dos trabalhos.\r\n<br>\r\n<br>\r\n<p>CAP\u00cdTULO VI\r\n<p>DO REGIMENTO INTERNO E DOS RELAT\u00d3RIOS PERI\u00d3DICOS E FINAL<\/p>\r\n<br>\r\n<p>Art. 10. Em caso de conveni\u00eancia e oportunidade, para o melhor desenvolvimento das atividades desse Comit\u00ea, poder\u00e1 ser elaborado e encaminhado Regimento Interno pr\u00f3prio para aprecia\u00e7\u00e3o e delibera\u00e7\u00e3o pelas inst\u00e2ncias competentes. \r\n<p>Art. 11. O Comit\u00ea Gestor do Acervo Acad\u00eamico (CGAA-UFSM), tornar\u00e1 p\u00fablica suas a\u00e7\u00f5es, reuni\u00f5es e materiais espec\u00edficos de sua \u00e1rea em p\u00e1gina eletr\u00f4nica pr\u00f3pria, ressalvado o conte\u00fado sujeito a sigilo, n\u00e3o havendo necessidades de emitir relat\u00f3rios peri\u00f3dicos e anuais.\r\n<br>\r\n<br>\r\n<p>CAP\u00cdTULO VII\r\n<p>DAS DISPOSI\u00c7\u00d5ES GERAIS E TRANSIT\u00d3RIAS<\/p>\r\n<br>\r\n<p>Art. 12. \u00c9 vedada a divulga\u00e7\u00e3o de discuss\u00f5es em curso sem a pr\u00e9via anu\u00eancia do titular do Departamento de Arquivo Geral (DAG) ao qual este \u00f3rg\u00e3o colegiado est\u00e1 vinculado.\r\n<p>Art. 13. A participa\u00e7\u00e3o dos membros deste \u00f3rg\u00e3o colegiado ser\u00e1 considerada presta\u00e7\u00e3o de servi\u00e7o p\u00fablico relevante, e n\u00e3o ser\u00e1 remunerada. \r\n<p>Par\u00e1grafo \u00fanico. As atividades do colegiado e de seus membros n\u00e3o poder\u00e3o causar preju\u00edzo \u00e0 presta\u00e7\u00e3o do servi\u00e7o p\u00fablico pelo servidor membro do Colegiado. \r\n<p>Art. 14. As reuni\u00f5es deste \u00f3rg\u00e3o colegiado, cujos membros possu\u00edrem domic\u00edlio e\/ou resid\u00eancia legal ou estiverem em local diverso da realiza\u00e7\u00e3o da atividade, ser\u00e3o realizadas por videoconfer\u00eancia, sem pagamento de di\u00e1rias, deslocamento.\r\n<p>Par\u00e1grafo \u00fanico. Na hip\u00f3tese de ser demonstrada, de modo fundamentado, a inviabilidade ou a inconveni\u00eancia de se realizar a reuni\u00e3o por videoconfer\u00eancia, ser\u00e3o estimados os gastos com di\u00e1rias e passagens dos membros deste colegiado, assim como, a comprova\u00e7\u00e3o da disponibilidade or\u00e7ament\u00e1ria e financeira para o exerc\u00edcio em curso.\r\n<p>Art. 15. \u00c9 vedada a possibilidade de cria\u00e7\u00e3o de subcolegiados por ato deste colegiado. \r\n<p>Par\u00e1grafo \u00fanico. A mera necessidade de reuni\u00f5es eventuais para debate, articula\u00e7\u00e3o ou trabalho que envolva agentes p\u00fablicos da administra\u00e7\u00e3o p\u00fablica federal n\u00e3o ser\u00e1 admitida como fundamento para as propostas de que trata o caput. \r\n<p>Art. 16. Esta Resolu\u00e7\u00e3o entra em vigor em 02 de maio de 2023, de acordo com o que prev\u00ea o Artigo 4\u00ba do <a href=\"http:\/\/www.planalto.gov.br\/ccivil_03\/_ato2019-2022\/2019\/decreto\/D10139.htm\" target=\"_blank\"><font color=\"blue\"><u>Decreto n\u00b0 10.139, de 28 de novembro de 2019<\/u><\/font><\/a>.\r\n<p>Par\u00e1grafo \u00fanico. Havendo qualquer modifica\u00e7\u00e3o legislativa, ou ainda, havendo qualquer situa\u00e7\u00e3o legal que impacte na legalidade da presente Resolu\u00e7\u00e3o, a mesma se aplica de imediato.\r\n<br>\r\n<br>\r\n<p>Luciano Schuch,<\/p>\r\n<p>Reitor.<\/p>\r\n<br>\r\n<p><font color=\"red0000\">Este texto n\u00e3o substitui o documento original, publicado no Portal de Documentos. Dispon\u00edvel em: <a href=\"https:\/\/portal.ufsm.br\/documentos\/publico\/documento.html?idDocumento=14624598\" target=\"_blank\"><font color=\"blue\">https:\/\/portal.ufsm.br\/documentos\/publico\/documento.html?idDocumento=14624598<\/font><\/a>\r\n\r\n \t\t<\/div>\n\t\t\t\t<\/div>\n\t\t\t\t\t<\/div>\n\t\t<\/div>\n\t\t\t\t\t<\/div>\n\t\t<\/section>\n\t\t\t\t<\/div>\n\t\t","protected":false},"excerpt":{"rendered":"<p>RESOLU\u00c7\u00c3O UFSM N. 120, DE 04 DE ABRIL DE 2023 MINIST\u00c9RIO DA EDUCA\u00c7\u00c3O UNIVERSIDADE FEDERAL DE SANTA MARIA RESOLU\u00c7\u00c3O UFSM N\u00b0 120, DE 04 DE ABRIL DE 2023 Aprova a cria\u00e7\u00e3o do \u00f3rg\u00e3o colegiado denominado \u201cComit\u00ea Gestor do Acervo Acad\u00eamico\u201d (CGAA-UFSM), vinculado \u00e0 Universidade Federal de Santa Maria (UFSM). O REITOR DA UNIVERSIDADE FEDERAL DE [&hellip;]<\/p>\n","protected":false},"author":230,"featured_media":0,"parent":0,"menu_order":0,"comment_status":"closed","ping_status":"closed","template":"","meta":{"footnotes":""},"categories":[],"tags":[],"class_list":["post-5312","page","type-page","status-publish","hentry"],"acf":[],"_links":{"self":[{"href":"https:\/\/www.ufsm.br\/pro-reitorias\/proplan\/wp-json\/wp\/v2\/pages\/5312","targetHints":{"allow":["GET"]}}],"collection":[{"href":"https:\/\/www.ufsm.br\/pro-reitorias\/proplan\/wp-json\/wp\/v2\/pages"}],"about":[{"href":"https:\/\/www.ufsm.br\/pro-reitorias\/proplan\/wp-json\/wp\/v2\/types\/page"}],"author":[{"embeddable":true,"href":"https:\/\/www.ufsm.br\/pro-reitorias\/proplan\/wp-json\/wp\/v2\/users\/230"}],"replies":[{"embeddable":true,"href":"https:\/\/www.ufsm.br\/pro-reitorias\/proplan\/wp-json\/wp\/v2\/comments?post=5312"}],"version-history":[{"count":0,"href":"https:\/\/www.ufsm.br\/pro-reitorias\/proplan\/wp-json\/wp\/v2\/pages\/5312\/revisions"}],"wp:attachment":[{"href":"https:\/\/www.ufsm.br\/pro-reitorias\/proplan\/wp-json\/wp\/v2\/media?parent=5312"}],"wp:term":[{"taxonomy":"category","embeddable":true,"href":"https:\/\/www.ufsm.br\/pro-reitorias\/proplan\/wp-json\/wp\/v2\/categories?post=5312"},{"taxonomy":"post_tag","embeddable":true,"href":"https:\/\/www.ufsm.br\/pro-reitorias\/proplan\/wp-json\/wp\/v2\/tags?post=5312"}],"curies":[{"name":"wp","href":"https:\/\/api.w.org\/{rel}","templated":true}]}}