{"id":5368,"date":"2023-05-09T15:55:02","date_gmt":"2023-05-09T18:55:02","guid":{"rendered":"https:\/\/www.ufsm.br\/pro-reitorias\/proplan\/?page_id=5368"},"modified":"2025-01-02T12:34:36","modified_gmt":"2025-01-02T15:34:36","slug":"instrucao-normativa-prpgp-ufsm-n-003-2022","status":"publish","type":"page","link":"https:\/\/www.ufsm.br\/pro-reitorias\/proplan\/instrucao-normativa-prpgp-ufsm-n-003-2022","title":{"rendered":"Instru\u00e7\u00e3o Normativa PRPGP\/UFSM N. 003\/2022"},"content":{"rendered":"\t\t<div data-elementor-type=\"wp-page\" data-elementor-id=\"5368\" class=\"elementor elementor-5368\">\n\t\t\t\t\t\t<section class=\"elementor-section elementor-top-section elementor-element elementor-element-1af7305 elementor-section-boxed elementor-section-height-default elementor-section-height-default\" data-id=\"1af7305\" data-element_type=\"section\">\n\t\t\t\t\t\t<div class=\"elementor-container elementor-column-gap-default\">\n\t\t\t\t\t<div class=\"elementor-column elementor-col-100 elementor-top-column elementor-element elementor-element-064765e\" data-id=\"064765e\" data-element_type=\"column\">\n\t\t\t<div class=\"elementor-widget-wrap elementor-element-populated\">\n\t\t\t\t\t\t<div class=\"elementor-element elementor-element-e94dc73 elementor-widget elementor-widget-html\" data-id=\"e94dc73\" data-element_type=\"widget\" data-widget_type=\"html.default\">\n\t\t\t\t<div class=\"elementor-widget-container\">\n\t\t\t\r\n\r\n\r\n<title><b>INSTRU\u00c7\u00c3O NORMATIVA PRPGP\/UFSM N. 003, DE 03 DE FEVEREIRO DE 2022<\/b><\/title>\r\n\r\n\r\n<div align=\"center\"><img decoding=\"async\" src=\"https:\/\/www.ufsm.br\/pro-reitorias\/proplan\/wp-content\/uploads\/sites\/344\/2019\/09\/brasao-da-republica-do-brasil-logo.png\" alt=\"Bras\u00e3o Rep\u00fablica Federativa do Brasil\" width=\"6%\" height=\"6%\"><\/div>  <h1><font color=\"blue\"><font size=\"5\"><div align=\"center\">MINIST\u00c9RIO DA EDUCA\u00c7\u00c3O<\/div><\/font><\/font><\/H1>\r\n<b><font color=\"0000blue\"><div align=\"center\">UNIVERSIDADE FEDERAL DE SANTA MARIA<\/div><\/font><\/b>\r\n<p><div align=\"center\"><b><a href=\"https:\/\/portal.ufsm.br\/documentos\/publico\/documento.html?id=13993853\" target=\"_blank\"><font color=\"blue\">INSTRU\u00c7\u00c3O NORMATIVA PRPGP\/UFSM N. 003, DE 03 DE FEVEREIRO DE 2022<\/font><\/a><\/b><\/div>\r\n<br>\r\n\r\n<div align=\"justify\"> Revogada pela \r\n<a href=\"https:\/\/www.ufsm.br\/pro-reitorias\/proplan\/resolucao-ufsm-n-191-2024\" style=\"text-decoration: none\">\r\n<font color=\"blue\">\r\n<u>Resolu\u00e7\u00e3o UFSM N\u00b0 191\/2024\r\n<\/u>\r\n<\/font>\r\n<\/a>\r\n<\/div>\r\n<s>\r\n<p style=\"margin-left: 9cm;text-align: justify;color: #800000\">Instruir a prorroga\u00e7\u00e3o de prazos de defesa, realiza\u00e7\u00e3o de defesas online e oferta de carga hor\u00e1ria a dist\u00e2ncia, em car\u00e1ter provis\u00f3rio, para o retorno presencial das atividades acad\u00eamicas de p\u00f3s-gradua\u00e7\u00e3o na UFSM.\r\n<\/p>\r\n<br>\r\n<br><div align=\"justify\">\r\n<p>A PR\u00d3-REITORA DE P\u00d3S-GRADUA\u00c7\u00c3O DA UNIVERSIDADE FEDERAL DE SANTA MARIA, no uso que lhe confere o Art. 21 do Regimento Geral da UFSM, e considerando:<\/p>\r\n<div class=\"WordSection1\">\r\n\r\n<div class=\"WordSection1\">\r\n<p>-&nbsp;&nbsp; a <a href=\"https:\/\/www.in.gov.br\/en\/web\/dou\/-\/portaria-n-2.117-de-6-de-dezembro-de-2019-232670913\"><span style=\"color: #0000ff\">Portaria MEC 2.117, de 06 de dezembro de 2019<\/span><\/a>, que &ldquo;Disp&otilde;e sobre a oferta de carga hor&aacute;ria na modalidade de Ensino a Dist&acirc;ncia - EaD em cursos de gradua&ccedil;&atilde;o presenciais ofertados por Institui&ccedil;&otilde;es de Educa&ccedil;&atilde;o Superior - IES pertencentes ao Sistema Federal de Ensino&rdquo;.<\/p>\r\n<p>-&nbsp;&nbsp; a <a href=\"http:\/\/cad.capes.gov.br\/ato-administrativo-detalhar?idAtoAdmElastic=1028#anchor\"><span style=\"color: #0000ff\">Portaria CAPES N&ordm; 90, de 24 de abril de 2019<\/span><\/a>, que &ldquo;Disp&otilde;e sobre os programas de p&oacute;s-gradua&ccedil;&atilde;o stricto sensu na modalidade a dist&acirc;ncia&rdquo;.<\/p>\r\n<p>-&nbsp;&nbsp; a <a href=\"https:\/\/www.ufsm.br\/pro-reitorias\/proplan\/resolucao-n-037-2019\"><span style=\"color: #0000ff\">Resolu&ccedil;&atilde;o UFSM N&ordm; 037, de 22 de novembro de 2019<\/span><\/a>, que &ldquo;Regula a estrutura e organiza&ccedil;&atilde;o da Educa&ccedil;&atilde;o a Dist&acirc;ncia na UFSM e revoga as disposi&ccedil;&otilde;es em contr&aacute;rio&rdquo;, notadamente o disposto nos Cap&iacute;tulos VII e VIII;<\/p>\r\n<p>-&nbsp;&nbsp; o Parecer 331\/2019\/PFUFSM\/PGF\/AGU e a Nota 239\/2019\/2018\/PFUFSM\/PGF\/AGU, referentes ao processo NUP 23081.027390\/2019-26.<\/p>\r\n<p>-&nbsp;&nbsp; a <a href=\"https:\/\/www.ufsm.br\/pro-reitorias\/proplan\/resolucao-n-015-2014\"><span style=\"color: #0000ff\">Resolu&ccedil;&atilde;o UFSM N&ordm; 015\/2014, de 7 de julho de 2014<\/span><\/a>, que &ldquo;Aprova o Regimento Geral da P&oacute;s-Gradua&ccedil;&atilde;o <em>Stricto Sensu<\/em> e <em>Lato Sensu<\/em> da Universidade Federal de Santa Maria&rdquo;.<\/p>\r\n<p>- a <a href=\"https:\/\/www.ufsm.br\/pro-reitorias\/proplan\/resolucao-ufsm-n-079-2022\"><span style=\"color: #0000ff\">Resolu&ccedil;&atilde;o UFSM N&ordm; 079, de 17 de fevereiro de 2022<\/span><\/a>, que revoga o Regime de Exerc&iacute;cios Domiciliares Especiais (REDE) e estabelece as diretrizes sobre o Calend&aacute;rio Suplementar e o retorno presencial das atividades acad&ecirc;micas na UFSM.<\/p>\r\n<p>&nbsp;<\/p>\r\n<p>ESTABELECE:<\/p>\r\n<p align=\"center\">&nbsp;<\/p>\r\n<p>Art. 1&ordm; As diretrizes para o retorno presencial estabelecidas nos Art. 7&ordm; at&eacute; Art. 16 da <a href=\"https:\/\/www.ufsm.br\/pro-reitorias\/proplan\/resolucao-ufsm-n-079-2022\"><span style=\"color: #0000ff\">Resolu&ccedil;&atilde;o UFSM N&ordm; 79 de 2022<\/span><\/a> aplicam-se integralmente aos Programas\/Cursos de P&oacute;s-Gradua&ccedil;&atilde;o.<\/p>\r\n<p>&nbsp;<\/p>\r\n<p align=\"center\">CAP&Iacute;TULO I<\/p>\r\n<p align=\"center\">DOS PRAZOS DE DEFESA<\/p>\r\n<p>Art. 2&ordm; A regulariza&ccedil;&atilde;o do prazo de conclus&atilde;o de curso dos(as) alunos(as) de p&oacute;s-gradua&ccedil;&atilde;o que j&aacute; se encontravam com seus per&iacute;odos de conclus&atilde;o expirados quando da entrada em vigor da <a href=\"https:\/\/www.ufsm.br\/pro-reitorias\/proplan\/resolucao-ufsm-n-079-2022\"><span style=\"color: #0000ff\">Resolu&ccedil;&atilde;o UFSM 079\/2022<\/span><\/a> dever&aacute; ser feita por iniciativa do(a) aluno(a), via Processo Eletr&ocirc;nico Nacional (PEN), encaminhando ao Colegiado de Curso, com anu&ecirc;ncia do(a) orientador(a), a solicita&ccedil;&atilde;o justificada de prorroga&ccedil;&atilde;o, considerando como prazo m&aacute;ximo o final do segundo semestre letivo de 2022.&nbsp;<\/p>\r\n<p>&sect; 1&ordm; No caso de alunos cujo prazo de conclus&atilde;o de curso se d&ecirc; ap&oacute;s a entrada em vigor da <a href=\"https:\/\/www.ufsm.br\/pro-reitorias\/proplan\/resolucao-ufsm-n-079-2022\"><span style=\"color: #0000ff\">Resolu&ccedil;&atilde;o UFSM 079\/2022<\/span><\/a>, os prazos de prorroga&ccedil;&atilde;o poder&atilde;o ser concedidos conforme previsto no Regimento Geral da P&oacute;s-Gradua&ccedil;&atilde;o da UFSM e nos Regulamentos &nbsp;Internos dos Programas\/Cursos, de acordo com a justificativa de necessidade.<\/p>\r\n<p>&sect; 2&ordm; Cabe aos Programas de P&oacute;s-Gradua&ccedil;&atilde;o o controle do cumprimento dos prazos de conclus&atilde;o de curso dos(as) alunos(as) durante o per&iacute;odo compreendido entre a publica&ccedil;&atilde;o desta Instru&ccedil;&atilde;o Normativa e o final do segundo semestre letivo de 2022.<\/p>\r\n<p>&sect; 3&ordm; Caso o(a) aluno(a) n&atilde;o regularize seu prazo de conclus&atilde;o de curso, o Colegiado do Programa\/Curso poder&aacute; proceder ao desligamento do(a) mesmo(a), mediante procedimento que lhe garanta pr&eacute;via e ampla defesa junto &agrave;quele, ap&oacute;s ci&ecirc;ncia da delibera&ccedil;ao, tudo por meio eletr&ocirc;nico.<\/p>\r\n<p>&nbsp;<\/p>\r\n<p align=\"center\">&nbsp;<\/p>\r\n<p align=\"center\">CAP&Iacute;TULO II<\/p>\r\n<p align=\"center\">DAS DEFESAS<\/p>\r\n<p>Art. 3&ordm; Durante o per&iacute;odo que vai at&eacute; o final do segundo semestre letivo de 2022 poder&atilde;o ser realizadas Defesas de Monografias, Teses e Disserta&ccedil;&otilde;es no formato presencial, no formato h&iacute;brido ou no formato totalmente <em>online<\/em>.<\/p>\r\n<p>&sect; 1&ordm; No caso de realiza&ccedil;&atilde;o da defesa em formato h&iacute;brido ou totalmente <em>online<\/em>, dever&aacute; ser assinalado e preenchido o campo &ldquo;declara&ccedil;&atilde;o&rdquo;, que dever&aacute; mencionar o formato utilizado, nomeando o(a)s professore(a)s que participaram por <em>web <\/em>confer&ecirc;ncia.<\/p>\r\n<p>&sect; 2&ordm; As atas de Defesa de Monografia, Disserta&ccedil;&atilde;o ou Tese, dever&atilde;o ser assinadas via PEN-SIE, por todos os membros da banca, inclusive externos &agrave; UFSM, devidamente cadastrados, ou mediante envio do arquivo aos mesmos, pelo(a) Presidente da banca, os quais devem imprimi-las, assin&aacute;-las, escanea-las - com boa resolu&ccedil;&atilde;o -, e devolve-las &agrave;quele(a).<\/p>\r\n<p>&sect; 3&ordm; As defesas com participa&ccedil;&atilde;o dos membros via parecer se mant&eacute;m conforme consta no Regimento Geral de P&oacute;s-gradua&ccedil;&atilde;o e demais orienta&ccedil;&otilde;es j&aacute; publicadas.<\/p>\r\n<p>&nbsp;<\/p>\r\n<p align=\"center\">CAP&Iacute;TULO III<\/p>\r\n<p align=\"center\">DO PERCENTUAL DE CARGA HOR&Aacute;RIA &Agrave; DIST&Acirc;NCIA<\/p>\r\n<p>Art. 4&ordm; Os cursos de p&oacute;s-gradua&ccedil;&atilde;o presenciais poder&atilde;o ofertar percentual de carga hor&aacute;ria a dist&acirc;ncia, em car&aacute;ter provis&oacute;rio, com vistas ao retorno presencial das atividades acad&ecirc;micas da UFSM.<\/p>\r\n<p>&sect; 1&ordm; O disposto no caput do Artigo prev&ecirc; que os cursos poder&atilde;o fazer uso de at&eacute; 40% (quarenta por cento) do total das suas cargas hor&aacute;rias para oferta &agrave; dist&acirc;ncia, nos termos do Art. 6&ordm; da <a href=\"http:\/\/cad.capes.gov.br\/ato-administrativo-detalhar?idAtoAdmElastic=1028#anchor\"><span style=\"color: #0000ff\">Portaria CAPES N&ordm; 90, de 24 de abril de 2019<\/span><\/a>, e do Parecer N&ordm; 331\/2019\/PFUFSM\/PGF\/AGU e Nota N&ordm; &nbsp;239\/2019\/2018\/PFUFSM\/PGF\/AGU (NUP 23081.027390\/2019-26), que recomendam aplicar &agrave; P&oacute;s-Gradua&ccedil;&atilde;o, por analogia, a <a href=\"http:\/\/portal.mec.gov.br\/index.php?option=com_docman&amp;view=download&amp;alias=108231-portaria-1428&amp;category_slug=fevereiro-2019-pdf&amp;Itemid=30192\"><span style=\"color: #0000ff\">Portaria MEC N&ordm; 1.428, de 28 de dezembro de 2018<\/span><\/a>, atualmente sucedida pela <a href=\"https:\/\/www.in.gov.br\/en\/web\/dou\/-\/portaria-n-2.117-de-6-de-dezembro-de-2019-232670913\"><span style=\"color: #0000ff\">Portaria MEC N&ordm; 2.117 de 06 de dezembro de 2019<\/span><\/a>.<\/p>\r\n<p>&sect; 2&ordm; O car&aacute;ter de provisoriedade da oferta de percentual de carga hor&aacute;ria &agrave; dist&acirc;ncia relacionado &agrave;s estrat&eacute;gias necess&aacute;rias ao retorno presencial se aplica at&eacute; o fim do 2&ordm; semestre de 2022.<\/p>\r\n<p>Art. 5&ordm; Os cursos que optarem pela oferta de percentual de carga hor&aacute;ria &agrave;dist&acirc;ncia, nos termos da presente Instru&ccedil;&atilde;o Normativa, dever&atilde;o formalizar a decis&atilde;o mediante ata de Colegiado de Curso, contendo o percentual de carga hor&aacute;ria total a ser trabalhado &agrave; dist&acirc;ncia na oferta referente ao 1&ordm; e\/ou 2&ordm; semestre de 2022 e, de forma discriminada, as disciplinas selecionadas para a referida oferta e o percentual de carga hor&aacute;ria &agrave; dist&acirc;ncia (parcial ou integral) a ser trabalhado em cada uma delas.<\/p>\r\n<p>&sect;1&ordm; Os cursos podem submeter uma ata a cada semestre, adaptando o percentual &agrave; realidade vigente em cada oferta.<\/p>\r\n<p>&sect; 2&ordm; Os cursos t&ecirc;m o prazo de at&eacute; 30 dias, a contar da data de in&iacute;cio de cada semestre, para fazer o envio da ata de Colegiado diretamente &agrave; PRPGP<span style=\"text-decoration: line-through\">.<\/span><\/p>\r\n<p>&sect; 3&ordm; A previs&atilde;o de oferta a dist&acirc;ncia poder&aacute; ser aplicada &agrave;s disciplinas te&oacute;ricas e pr&aacute;ticas, desde que n&atilde;o implique em descaracteriza&ccedil;&atilde;o dos objetivos de aprendizagem da disciplina.<\/p>\r\n<p>Art. 6&ordm;&nbsp; Os cursos que optarem pela reserva do percentual de carga hor&aacute;ria &agrave; dist&acirc;ncia, de forma provis&oacute;ria, dever&atilde;o fazer ampla comunica&ccedil;&atilde;o do formato da oferta para o(a)s estudantes, em momento pr&eacute;vio &agrave; matr&iacute;cula.<\/p>\r\n<p>Art. 7&ordm; No caso de oferta de carga hor&aacute;ria &agrave; dist&acirc;ncia, recomenda-se que cursos e docentes primem por boas pr&aacute;ticas de disponibiliza&ccedil;&atilde;o de conte&uacute;dos, mediante o respeito a quest&otilde;es relativas a direitos autorais e o uso de materiais que envolvam a tr&iacute;ade recursos, atividades e intera&ccedil;&atilde;o\/interatividade, caracter&iacute;stica da modalidade de ensino a dist&acirc;ncia, sendo os recursos educacionais preferencialmente abertos, para garantia de acesso pelo(a)s estudantes.<\/p>\r\n<p>&nbsp;<\/p>\r\n<p align=\"center\">CAP&Iacute;TULO IV<\/p>\r\n<p align=\"center\">DO EST&Aacute;GIO DE DOC&Ecirc;NCIA<\/p>\r\n<p>Art. 8&ordm; O Est&aacute;gio de Doc&ecirc;ncia (Doc&ecirc;ncia Orientada) poder&aacute; ser realizado em disciplinas de cursos de gradua&ccedil;&atilde;o ofertadas na modalidade &agrave; dist&acirc;ncia, nas quais o(a)s aluno(a)s atuar&atilde;o como tutore(a)s, no papel de mediadore(a)s do processo de ensino e de aprendizagem.<\/p>\r\n<p>&sect; 1&ordm; Aplicam-se, neste caso, as mesmas normas previstas no Regimento Geral da P&oacute;s-Gradua&ccedil;&atilde;o da UFSM para o est&aacute;gio de doc&ecirc;ncia que, usualmente, era realizado em disciplinas presenciais, incluindo a matr&iacute;cula em uma das disciplinas de Doc&ecirc;ncia Orientada da P&oacute;s-Gradua&ccedil;&atilde;o e aprecia&ccedil;&atilde;o do Plano de Doc&ecirc;ncia pelo Colegiado do Programa de P&oacute;s-Gradua&ccedil;&atilde;o.<\/p>\r\n<p>&sect; 2&ordm; Cada disciplina de gradua&ccedil;&atilde;o poder&aacute; prever apenas um(a) &uacute;nico(a) tutor(a), que ter&aacute; a fun&ccedil;&atilde;o de assessorar e acompanhar o desenvolvimento da disciplina.<\/p>\r\n<p>&sect; 3&ordm; A atua&ccedil;&atilde;o de tutores(as) no papel de mediadores(as) do processo de ensino e de aprendizagem n&atilde;o dispensa o(a) docente das suas obriga&ccedil;&otilde;es usuais no se refere &agrave; prepara&ccedil;&atilde;o de material did&aacute;tico, organiza&ccedil;&atilde;o e desenvolvimento das aulas e avalia&ccedil;&otilde;es.<\/p>\r\n<p>&sect; 4&ordm; Os(as) tutores(as) dever&atilde;o ficar dispon&iacute;veis ao(&agrave;)s docentes e estudantes durante os hor&aacute;rios de oferta das disciplinas e, na hip&oacute;tese de disciplinas que ser&atilde;o realizadas parte na presencialidade f&iacute;sica e parte na presencialmente virtual, ser&atilde;o respons&aacute;veis por acompanhar todas as atividades, incluindo as presenciais.<\/p>\r\n<p>&sect; 5&ordm; Uma vez definido(a)s o(a)s tutores, os cursos poder&atilde;o ajustar a oferta no SIE, para inclus&atilde;o do n&uacute;mero de matr&iacute;cula do estudante de p&oacute;s-gradua&ccedil;&atilde;o que atuar&aacute; em tal fun&ccedil;&atilde;o, em cada disciplina.<\/p>\r\n<p>&nbsp;<\/p>\r\n<p align=\"center\">CAP&Iacute;TULO V<\/p>\r\n<p align=\"center\">DAS DISPOSI&Ccedil;&Otilde;ES FINAIS<\/p>\r\n<\/div>\r\n<p>&nbsp;<\/p>\r\n<p>Art. 9&ordm; Situa&ccedil;&otilde;es excepcionais e n&atilde;o previstas nesta Instru&ccedil;&atilde;o Normativa dever&atilde;o ser objeto de an&aacute;lise da PRPGP.<\/p>\r\n<p>Art. 10&ordm; Esta Instru&ccedil;&atilde;o Normativa entra em vigor a partir da data de publica&ccedil;&atilde;o.<\/p>\r\n\r\n<br>\r\n<\/s>\r\n<p>Prof. Cristina Wayne Nogueira<\/p>\r\n<p>Pr\u00f3-Reitora de P\u00f3s-Gradua\u00e7\u00e3o e Pesquisa<\/p>\r\n<br>\r\n<p><font color=\"red0000\">Este texto n\u00e3o substitui o documento original, publicado em 22 de fevereiro de 2022 no Portal de Documentos.<\/font> Dispon\u00edvel em: <a href=\"https:\/\/portal.ufsm.br\/documentos\/publico\/documento.html?id=13993853\"><font color=\"blue\">https:\/\/portal.ufsm.br\/documentos\/publico\/documento.html?id=13993853<\/font><\/a><\/p><\/div>\r\n\r\n \t\t<\/div>\n\t\t\t\t<\/div>\n\t\t\t\t\t<\/div>\n\t\t<\/div>\n\t\t\t\t\t<\/div>\n\t\t<\/section>\n\t\t\t\t<\/div>\n\t\t","protected":false},"excerpt":{"rendered":"<p>INSTRU\u00c7\u00c3O NORMATIVA PRPGP\/UFSM N. 003, DE 03 DE FEVEREIRO DE 2022 MINIST\u00c9RIO DA EDUCA\u00c7\u00c3O UNIVERSIDADE FEDERAL DE SANTA MARIA INSTRU\u00c7\u00c3O NORMATIVA PRPGP\/UFSM N. 003, DE 03 DE FEVEREIRO DE 2022 Revogada pela Resolu\u00e7\u00e3o UFSM N\u00b0 191\/2024 Instruir a prorroga\u00e7\u00e3o de prazos de defesa, realiza\u00e7\u00e3o de defesas online e oferta de carga hor\u00e1ria a dist\u00e2ncia, em [&hellip;]<\/p>\n","protected":false},"author":5547,"featured_media":0,"parent":0,"menu_order":0,"comment_status":"closed","ping_status":"closed","template":"","meta":{"footnotes":""},"categories":[],"tags":[],"class_list":["post-5368","page","type-page","status-publish","hentry"],"acf":[],"_links":{"self":[{"href":"https:\/\/www.ufsm.br\/pro-reitorias\/proplan\/wp-json\/wp\/v2\/pages\/5368","targetHints":{"allow":["GET"]}}],"collection":[{"href":"https:\/\/www.ufsm.br\/pro-reitorias\/proplan\/wp-json\/wp\/v2\/pages"}],"about":[{"href":"https:\/\/www.ufsm.br\/pro-reitorias\/proplan\/wp-json\/wp\/v2\/types\/page"}],"author":[{"embeddable":true,"href":"https:\/\/www.ufsm.br\/pro-reitorias\/proplan\/wp-json\/wp\/v2\/users\/5547"}],"replies":[{"embeddable":true,"href":"https:\/\/www.ufsm.br\/pro-reitorias\/proplan\/wp-json\/wp\/v2\/comments?post=5368"}],"version-history":[{"count":0,"href":"https:\/\/www.ufsm.br\/pro-reitorias\/proplan\/wp-json\/wp\/v2\/pages\/5368\/revisions"}],"wp:attachment":[{"href":"https:\/\/www.ufsm.br\/pro-reitorias\/proplan\/wp-json\/wp\/v2\/media?parent=5368"}],"wp:term":[{"taxonomy":"category","embeddable":true,"href":"https:\/\/www.ufsm.br\/pro-reitorias\/proplan\/wp-json\/wp\/v2\/categories?post=5368"},{"taxonomy":"post_tag","embeddable":true,"href":"https:\/\/www.ufsm.br\/pro-reitorias\/proplan\/wp-json\/wp\/v2\/tags?post=5368"}],"curies":[{"name":"wp","href":"https:\/\/api.w.org\/{rel}","templated":true}]}}