{"id":5376,"date":"2023-05-12T14:05:33","date_gmt":"2023-05-12T17:05:33","guid":{"rendered":"https:\/\/www.ufsm.br\/pro-reitorias\/proplan\/?page_id=5376"},"modified":"2025-01-28T13:07:46","modified_gmt":"2025-01-28T16:07:46","slug":"instrucao-normativa-prpgp-ufsm-n-005","status":"publish","type":"page","link":"https:\/\/www.ufsm.br\/pro-reitorias\/proplan\/instrucao-normativa-prpgp-ufsm-n-005","title":{"rendered":"INSTRU\u00c7\u00c3O NORMATIVA PRPGP\/UFSM N. 005"},"content":{"rendered":"\t\t<div data-elementor-type=\"wp-page\" data-elementor-id=\"5376\" class=\"elementor elementor-5376\">\n\t\t\t\t\t\t<section class=\"elementor-section elementor-top-section elementor-element elementor-element-ce36aba elementor-section-boxed elementor-section-height-default elementor-section-height-default\" data-id=\"ce36aba\" data-element_type=\"section\">\n\t\t\t\t\t\t<div class=\"elementor-container elementor-column-gap-default\">\n\t\t\t\t\t<div class=\"elementor-column elementor-col-100 elementor-top-column elementor-element elementor-element-8ab3d9a\" data-id=\"8ab3d9a\" data-element_type=\"column\">\n\t\t\t<div class=\"elementor-widget-wrap elementor-element-populated\">\n\t\t\t\t\t\t<div class=\"elementor-element elementor-element-7512b8c elementor-widget elementor-widget-html\" data-id=\"7512b8c\" data-element_type=\"widget\" data-widget_type=\"html.default\">\n\t\t\t\t<div class=\"elementor-widget-container\">\n\t\t\t\r\n\r\n\r\n<title><b>INSTRU\u00c7\u00c3O NORMATIVA PRPGP\/UFSM N. 005, DE 09 DE MAIO DE 2023<\/b><\/title>\r\n\r\n\r\n<div align=\"center\"><img decoding=\"async\" src=\"https:\/\/www.ufsm.br\/pro-reitorias\/proplan\/wp-content\/uploads\/sites\/344\/2019\/09\/brasao-da-republica-do-brasil-logo.png\" alt=\"Bras\u00e3o Rep\u00fablica Federativa do Brasil\" width=\"6%\" height=\"6%\"><\/div>  <h1><font color=\"blue\"><font size=\"5\"><div align=\"center\">MINIST\u00c9RIO DA EDUCA\u00c7\u00c3O<\/div><\/font><\/font><\/H1>\r\n<b><font color=\"0000blue\"><div align=\"center\">UNIVERSIDADE FEDERAL DE SANTA MARIA<\/div><\/font><\/b>\r\n<p><div align=\"center\"><b><a href=\"https:\/\/portal.ufsm.br\/documentos\/publico\/documento.html?id=14663312\" target=\"_blank\"><font color=\"blue\">INSTRU\u00c7\u00c3O NORMATIVA PRPGP\/UFSM N. 005, DE 09 DE MAIO DE 2023<\/font><\/a><\/b><\/div>\r\n<br>\r\n<p><div align=\"right\"><font color=\"800000\">Estabelece procedimentos para solicita\u00e7\u00e3o de dispensa\/aproveitamento de disciplinas e de teste de sufici\u00eancia em l\u00edngua estrangeira.<\/font><\/div>\r\n<br>\r\n<br><div align=\"justify\">\r\n<p>A PR\u00d3-REITORA DE P\u00d3S-GRADUA\u00c7\u00c3O DA UNIVERSIDADE FEDERAL DE SANTA MARIA, no uso que lhe confere o Art. 21 do Regimento Geral da UFSM, e considerando:<\/p>\r\n<p style=\"text-align: justify\">- a <a href=\"https:\/\/www.planalto.gov.br\/ccivil_03\/constituicao\/constituicao.htm\"><span style=\"color: #0000ff\">Constitui&ccedil;&atilde;o da Rep&uacute;blica Federativa do Brasil de 1988<\/span><\/a>, de 05 de outubro de 1988;<\/p>\r\n<p style=\"text-align: justify\">- a <a href=\"https:\/\/www.planalto.gov.br\/ccivil_03\/leis\/l8112cons.htm\"><span style=\"color: #0000ff\">Lei N. 8.112, de 11 de dezembro de 1990<\/span><\/a>, que disp&otilde;e sobre o regime jur&iacute;dico dos servidores p&uacute;blicos civis da Uni&atilde;o, das autarquias e das funda&ccedil;&otilde;es p&uacute;blicas federais;<\/p>\r\n<p style=\"text-align: justify\">- a <a href=\"http:\/\/www.planalto.gov.br\/ccivil_03\/leis\/l9394.htm\"><span style=\"color: #0000ff\">Lei N. 9.394, de 20 de dezembro de 1996<\/span><\/a>, que estabelece as diretrizes e bases da educa&ccedil;&atilde;o nacional e suas altera&ccedil;&otilde;es;<\/p>\r\n<p style=\"text-align: justify\">- a <a href=\"https:\/\/www.planalto.gov.br\/ccivil_03\/leis\/lcp\/lcp95.htm\"><span style=\"color: #0000ff\">Lei Complementar N. 95, de 26 de fevereiro de 1998<\/span><\/a>, que disp&otilde;e sobre a elabora&ccedil;&atilde;o, a reda&ccedil;&atilde;o, a altera&ccedil;&atilde;o e a consolida&ccedil;&atilde;o das leis, conforme determina o Par&aacute;grafo &Uacute;nico do Art. 59 da Constitui&ccedil;&atilde;o Federal, e estabelece normas para a consolida&ccedil;&atilde;o dos atos normativos que menciona;<\/p>\r\n<p style=\"text-align: justify\">- o <a href=\"https:\/\/www2.camara.leg.br\/legin\/fed\/decret\/2017\/decreto-9191-1-novembro-2017-785689-publicacaooriginal-154137-pe.html\"><span style=\"color: #0000ff\">Decreto N. 9.191, de 1&ordm; de novembro de 2017<\/span><\/a>, que estabelece as normas e as diretrizes para elabora&ccedil;&atilde;o, reda&ccedil;&atilde;o, altera&ccedil;&atilde;o, consolida&ccedil;&atilde;o e encaminhamento de propostas de atos normativos ao Presidente da Rep&uacute;blica pelos Ministros de Estado;<\/p>\r\n<p style=\"text-align: justify\">- o <a href=\"https:\/\/www.planalto.gov.br\/ccivil_03\/_ato2019-2022\/2019\/decreto\/d9759.htm\"><span style=\"color: #0000ff\">Decreto N. 9.759, de 11 de abril de 2019<\/span><\/a>, que extingue e estabelece diretrizes, regras e limita&ccedil;&otilde;es para colegiados da administra&ccedil;&atilde;o p&uacute;blica federal, alterado pelo <a href=\"https:\/\/legislacao.presidencia.gov.br\/atos?tipo=DEC&amp;numero=9812&amp;ano=2019&amp;ato=571ITRE9keZpWT67e\"><span style=\"color: #0000ff\">Decreto N. 9.812, de 30 de maio de 2019<\/span><\/a>;<\/p>\r\n<p style=\"text-align: justify\">- o <a href=\"https:\/\/www.in.gov.br\/en\/web\/dou\/-\/decreto-n-10.139-de-28-de-novembro-de-2019-230458659\"><span style=\"color: #0000ff\">Decreto N. 10.139, de 28 de novembro de 2019<\/span><\/a>, que disp&otilde;e sobre a revis&atilde;o e a consolida&ccedil;&atilde;o de atos normativos inferiores a decreto;<\/p>\r\n<p style=\"text-align: justify\">- o <a href=\"https:\/\/www.ufsm.br\/pro-reitorias\/proplan\/estatuto-ufsm-2010\"><span style=\"color: #0000ff\">Estatuto da Universidade Federal de Santa Maria<\/span><\/a> com as adequa&ccedil;&otilde;es aprovadas pela <a href=\"https:\/\/www.ufsm.br\/pro-reitorias\/proplan\/resolucao-n-037-2010\"><span style=\"color: #0000ff\">Resolu&ccedil;&atilde;o UFSM N. 037, de 30 de novembro de 2010<\/span><\/a>, aprovado pela <a href=\"https:\/\/www.ufsm.br\/app\/uploads\/2018\/08\/Estatuto-da-UFSM.pdf\"><span style=\"color: #0000ff\">Portaria N. 156, de 12 de mar&ccedil;o de 2014<\/span><\/a>, e publicado no Di&aacute;rio Oficial da Uni&atilde;o em 13 de mar&ccedil;o de 2014;<\/p>\r\n<p style=\"text-align: justify\">- o <a href=\"https:\/\/www.ufsm.br\/pro-reitorias\/proplan\/regimento-geral-da-ufsm-com-alteracoes-compiladas-pela-resolucao-n-016-2019\"><span style=\"color: #0000ff\">Regimento da UFSM<\/span><\/a>, disposto na<a href=\"https:\/\/www.ufsm.br\/pro-reitorias\/proplan\/resolucao-n-006-2011\"><span style=\"color: #0000ff\"> Resolu&ccedil;&atilde;o UFSM N. 006, de 28 de abril de 2011<\/span><\/a>, atualizado pela <a href=\"https:\/\/www.ufsm.br\/pro-reitorias\/proplan\/resolucao-n-016-2019\"><span style=\"color: #0000ff\">Resolu&ccedil;&atilde;o UFSM N. 016, de 02 de julho de 2019<\/span><\/a>;&nbsp;<\/p>\r\n<p style=\"text-align: justify\">- a <a href=\"https:\/\/www.ufsm.br\/pro-reitorias\/proplan\/resolucao-n-015-2014\"><span style=\"color: #0000ff\">Resolu&ccedil;&atilde;o UFSM N. 015, de 07 de julho de 2014<\/span><\/a>, que aprova o Regimento Geral da P&oacute;s-Gradua&ccedil;&atilde;o Stricto Sensu e Lato Sensu da Universidade Federal de Santa Maria, com altera&ccedil;&otilde;es das <a href=\"https:\/\/www.ufsm.br\/pro-reitorias\/proplan\/resolucao-n-040-2019\"><span style=\"color: #0000ff\">Resolu&ccedil;&otilde;es UFSM N. 040\/2019, de 02 de dezembro de 2019<\/span><\/a>, e <a href=\"https:\/\/www.ufsm.br\/pro-reitorias\/proplan\/resolucao-n-009-2020\"><span style=\"color: #0000ff\">N. 009, de 14 de abril de 2020<\/span><\/a>;<\/p>\r\n<p style=\"text-align: justify\">- a <a href=\"https:\/\/www.ufsm.br\/pro-reitorias\/proplan\/resolucao-n-010-2008\"><span style=\"color: #0000ff\">Resolu&ccedil;&atilde;o UFSM N. 010\/2008, de 02 de junho de 2008<\/span><\/a>, que disp&otilde;e sobre a Regulamenta&ccedil;&atilde;o do Aluno-Estrangeiro no &Acirc;mbito da UFSM.<\/p>\r\n<p style=\"text-align: justify\">- a <a href=\"https:\/\/www.ufsm.br\/pro-reitorias\/proplan\/resolucao-n-003-2010\"><span style=\"color: #0000ff\">Resolu&ccedil;&atilde;o N. 003\/2010, de 10 de fevereiro de 2010<\/span><\/a>, que estabelece Normas para Realiza&ccedil;&atilde;o do Teste de Sufici&ecirc;ncia em L&iacute;ngua Estrangeira na UFSM e Aproveitamento de Testes de Outras Institui&ccedil;&otilde;es.<\/p>\r\n<p style=\"text-align: justify\">- a <a href=\"Resolu&ccedil;&atilde;o%20UFSM%20N.%20054,%20de%201&ordm;%20de%20junho%20de%202021\"><span style=\"color: #0000ff\">Resolu&ccedil;&atilde;o UFSM N. 054, de 1&ordm; de junho de 2021<\/span><\/a>, que regulamenta a proposi&ccedil;&atilde;o e a emiss&atilde;o de Atos Normativos no &acirc;mbito da Universidade Federal de Santa Maria;<\/p>\r\n<p style=\"text-align: justify\">- a NOTA N. 00063\/2023\/PROJUR\/PFUFSM\/PGF\/AGU constante no PEN <a href=\"https:\/\/portal.ufsm.br\/documentos\/publico\/processo\/documento.html?idDocumento=14547253\"><span style=\"color: #0000ff\">n. 23081.016032\/2023-74<\/span><\/a>, que analisa as possibilidades e hip&oacute;teses de delega&ccedil;&atilde;o de compet&ecirc;ncia; e,<\/p>\r\n<p style=\"text-align: justify\">- o que consta no Processo de instru&ccedil;&atilde;o normativa <a href=\"https:\/\/portal.ufsm.br\/documentos\/publico\/processo\/documento.html?idDocumento=14662431\">n. 23081.063683\/2023-53<\/a>.<\/p>\r\n<br>\r\n<p style=\"text-align: justify\">RESOLVE:<\/p>\r\n<p style=\"text-align: justify\" align=\"center\">&nbsp;<\/p>\r\n<p style=\"text-align: justify\">Art. 1&ordm; Estabelecer procedimentos para atender &agrave;s solicita&ccedil;&otilde;es de dispensa\/aproveitamento de disciplinas e de comprova&ccedil;&atilde;o da sufici&ecirc;ncia em l&iacute;ngua estrangeira no &acirc;mbito da Universidade Federal de Santa Maria (UFSM).<\/p>\r\n<p style=\"text-align: justify\">Art. 2&ordm; As solicita&ccedil;&otilde;es de dispensa\/aproveitamento de disciplinas devem ser encaminhadas pelo discente interessado, mediante abertura de processo eletr&ocirc;nico, observando:<\/p>\r\n<p style=\"text-align: justify\">I &ndash; tipo documental: &ldquo;Solicita&ccedil;&atilde;o de aproveitamento de disciplinas de p&oacute;s-gradua&ccedil;&atilde;o &ndash; APG&rdquo;.<\/p>\r\n<p style=\"text-align: justify\">II &ndash; anexos, em formato PDF leg&iacute;vel: &ldquo;Requerimento de Dispensa ou Aproveitamento de Disciplinas&rdquo; preenchido e assinado digitalmente no PEN junto dos comprovantes (hist&oacute;rico e\/ou ementa\/programa das disciplinas) e\/ou documentos que justifiquem a solicita&ccedil;&atilde;o.<\/p>\r\n<p style=\"text-align: justify\">III &ndash; destinat&aacute;rio: Coordena&ccedil;&atilde;o do Curso para an&aacute;lise.<\/p>\r\n<p style=\"text-align: justify\">Art. 3&ordm; As solicita&ccedil;&otilde;es de aproveitamento e comprova&ccedil;&atilde;o de sufici&ecirc;ncia em l&iacute;ngua estrangeira devem ser encaminhadas pelo discente interessado, mediante abertura de processo eletr&ocirc;nico, observando o que segue:<\/p>\r\n<p style=\"text-align: justify\">I &ndash; tipo documental: Processo de comprova&ccedil;&atilde;o de sufici&ecirc;ncia em l&iacute;ngua estrangeira.<\/p>\r\n<p style=\"text-align: justify\">II &ndash; anexos, em formato PDF leg&iacute;vel: &ldquo;Requerimento de Comprova&ccedil;&atilde;o de Sufici&ecirc;ncia em L&iacute;ngua Estrangeira&rdquo; preenchido e assinado digitalmente no PEN junto dos comprovantes da realiza&ccedil;&atilde;o do teste da l&iacute;ngua estrangeira.<\/p>\r\n<p style=\"text-align: justify\">III &ndash; destinat&aacute;rio: Coordena&ccedil;&atilde;o do Curso para an&aacute;lise.<\/p>\r\n<p style=\"text-align: justify\">Art. 4&ordm; Em qualquer caso, para as solicita&ccedil;&otilde;es elencadas nos artigos 2&ordm; e 3&ordm;, a secretaria do curso recebe e confere a documenta&ccedil;&atilde;o, encaminhando para aprecia&ccedil;&atilde;o pelo colegiado do programa, caso a documenta&ccedil;&atilde;o seja adequada. Se forem necess&aacute;rias corre&ccedil;&otilde;es ou ajustes, devolve o processo ao discente.<\/p>\r\n<p style=\"text-align: justify\">Art. 5&ordm; A crit&eacute;rio dos Programas de P&oacute;s-Gradua&ccedil;&atilde;o (PPG), a aprecia&ccedil;&atilde;o de que trata o artigo anterior, poder&aacute; se dar por uma das seguintes formas:<\/p>\r\n<p style=\"text-align: justify\">I &ndash; por aprova&ccedil;&atilde;o do colegiado do PPG registrada em ata de reuni&atilde;o;<\/p>\r\n<p style=\"text-align: justify\">II &ndash; por ad referendum do coordenador PPG com posterior homologa&ccedil;&atilde;o pelo colegiado do PPG e registro da homologa&ccedil;&atilde;o em ata de reuni&atilde;o;<\/p>\r\n<p style=\"text-align: justify\">&sect; 1&ordm; Poder&aacute; o colegiado do programa, se entender conveniente, delegar compet&ecirc;ncia ao coordenador para aprovar as solicita&ccedil;&otilde;es elencadas no artigo anterior, dispensando a homologa&ccedil;&atilde;o posterior em reuni&atilde;o de colegiado. Tal delega&ccedil;&atilde;o de compet&ecirc;ncia deve ser registrada em ato normativo espec&iacute;fico, dispon&iacute;vel de forma p&uacute;blica, que pode ser:<\/p>\r\n<p style=\"text-align: justify\">I - Regulamento interno do curso\/programa, ou<\/p>\r\n<p style=\"text-align: justify\">II - Delibera&ccedil;&atilde;o do colegiado, em reuni&atilde;o com pauta espec&iacute;fica para tratar do tema, a ser formalizada atrav&eacute;s da emiss&atilde;o de uma Portaria de Pessoal, emitida pela unidade de v&iacute;nculo do curso, conforme modelo dispon&iacute;vel em anexo a esta instru&ccedil;&atilde;o normativa;<\/p>\r\n<p style=\"text-align: justify\">&sect; 2&ordm; A aprova&ccedil;&atilde;o de que trata o caput deste artigo deve estar em conson&acirc;ncia com os crit&eacute;rios estabelecidos no Regimento Geral da P&oacute;s-gradua&ccedil;&atilde;o Stricto sensu e Lato sensu da UFSM e no Regulamento Interno do Programa de P&oacute;s-gradua&ccedil;&atilde;o; obedecendo ainda, no caso do aproveitamento de disciplinas, a Resolu&ccedil;&atilde;o UFSM <a href=\"https:\/\/www.ufsm.br\/pro-reitorias\/proplan\/resolucao-n-011-2003\">N. 11\/2003<\/a>, e no caso dos testes de sufici&ecirc;ncia em l&iacute;ngua estrangeira, as \r\n\r\n<a href=\"https:\/\/portal.ufsm.br\/documentos\/publico\/documento.html?id=14663312\"><font color=\"blue\"><u>Resolu\u00e7\u00f5es UFSM N. 010\/2008<\/u><\/font><\/a> e <a href=\"https:\/\/portal.ufsm.br\/documentos\/publico\/documento.html?id=4328328\"><font color=\"blue\"><u>N. 003\/2010<\/u><\/font><\/a>.\r\n\r\n\r\n<p style=\"text-align: justify\">&sect; 3&ordm; Ao tramitar o processo contendo o deferimento da solicita&ccedil;&atilde;o, o coordenador do curso dever&aacute; indicar no despacho qual foi a forma de aprova&ccedil;&atilde;o adotada, que pode ser:<\/p>\r\n<p style=\"text-align: justify\">I - Aprova&ccedil;&atilde;o em reuni&atilde;o de colegiado;<\/p>\r\n<p style=\"text-align: justify\">II - Aprova&ccedil;&atilde;o por Ad Referendum da Coordena&ccedil;&atilde;o, ou<\/p>\r\n<p style=\"text-align: justify\">III - Aprova&ccedil;&atilde;o por delega&ccedil;&atilde;o de compet&ecirc;ncia pela Portaria de Pessoal (seguida do respectivo n&uacute;mero);<\/p>\r\n<p style=\"text-align: justify\">&sect; 4&ordm; Desde que a documenta&ccedil;&atilde;o (atas e portarias) que aprovam as solicita&ccedil;&otilde;es mencionadas estejam devidamente arquivadas sob a responsabilidade do curso\/PPG, n&atilde;o h&aacute; necessidade de serem anexadas ao processo e enviadas &agrave; PRPGP.<\/p>\r\n<p style=\"text-align: justify\">&sect; 5&ordm; Independente da forma de aprecia&ccedil;&atilde;o da solicita&ccedil;&atilde;o, os recursos das decis&otilde;es devem ser dirigidos &agrave; inst&acirc;ncia superior ao colegiado do PPG, qual seja o colegiado da unidade.<\/p>\r\n<p style=\"text-align: justify\">Art. 6&ordm; Deferida a solicita&ccedil;&atilde;o, o curso tramitar&aacute; o processo PEN ao N&uacute;cleo de Controle Acad&ecirc;mico da P&oacute;s-Gradua&ccedil;&atilde;o &ndash; NCAPG\/CPG\/PRPGP (unidade 01.09.01.04.0.0) para a inclus&atilde;o no hist&oacute;rico escolar do acad&ecirc;mico(a) e arquivamento do processo.<\/p>\r\n<p style=\"text-align: justify\">Art. 7&ordm; Esta Instru&ccedil;&atilde;o Normativa entra em vigor na data de sua publica&ccedil;&atilde;o.<\/p>\r\n<p style=\"text-align: justify\">Art. 8&ordm; Havendo qualquer modifica&ccedil;&atilde;o legislativa, ou ainda, havendo qualquer situa&ccedil;&atilde;o legal que impacte na legalidade da presente Instru&ccedil;&atilde;o Normativa, a mesma se aplica de imediato.<\/p>\r\n<p style=\"text-align: justify\">&nbsp;&nbsp;&nbsp;&nbsp;&nbsp;&nbsp;&nbsp;&nbsp;&nbsp;&nbsp;&nbsp;&nbsp;&nbsp;&nbsp;&nbsp;&nbsp;&nbsp;&nbsp;&nbsp;&nbsp;&nbsp;&nbsp;&nbsp;&nbsp;&nbsp;&nbsp;&nbsp;&nbsp;&nbsp;&nbsp;&nbsp;&nbsp;&nbsp;&nbsp;&nbsp;&nbsp;&nbsp;&nbsp;&nbsp;&nbsp;&nbsp;&nbsp;&nbsp;&nbsp;&nbsp;&nbsp;&nbsp;&nbsp;&nbsp;&nbsp;&nbsp;&nbsp;&nbsp;&nbsp;&nbsp;&nbsp;&nbsp;&nbsp;&nbsp;&nbsp;&nbsp;&nbsp;&nbsp;&nbsp;&nbsp;&nbsp;&nbsp;&nbsp;&nbsp;<\/p>\r\n<br>\r\n<p>Prof. Cristina Wayne Nogueira<\/p>\r\n<p>Pr\u00f3-Reitora de P\u00f3s-Gradua\u00e7\u00e3o e Pesquisa<\/p>\r\n<br>\r\n<p><font color=\"red0000\">Este texto n\u00e3o substitui o documento original, publicado em 09 de maio de 2023 no Portal de Documentos.<\/font> Dispon\u00edvel em: <a href=\"https:\/\/portal.ufsm.br\/documentos\/publico\/documento.html?id=14663312\"><font color=\"blue\">https:\/\/portal.ufsm.br\/documentos\/publico\/documento.html?id=14663312<\/font><\/a><\/p><\/div>\r\n\r\n \t\t<\/div>\n\t\t\t\t<\/div>\n\t\t\t\t\t<\/div>\n\t\t<\/div>\n\t\t\t\t\t<\/div>\n\t\t<\/section>\n\t\t\t\t<\/div>\n\t\t","protected":false},"excerpt":{"rendered":"<p>INSTRU\u00c7\u00c3O NORMATIVA PRPGP\/UFSM N. 005, DE 09 DE MAIO DE 2023 MINIST\u00c9RIO DA EDUCA\u00c7\u00c3O UNIVERSIDADE FEDERAL DE SANTA MARIA INSTRU\u00c7\u00c3O NORMATIVA PRPGP\/UFSM N. 005, DE 09 DE MAIO DE 2023 Estabelece procedimentos para solicita\u00e7\u00e3o de dispensa\/aproveitamento de disciplinas e de teste de sufici\u00eancia em l\u00edngua estrangeira. A PR\u00d3-REITORA DE P\u00d3S-GRADUA\u00c7\u00c3O DA UNIVERSIDADE FEDERAL DE SANTA [&hellip;]<\/p>\n","protected":false},"author":4883,"featured_media":0,"parent":0,"menu_order":0,"comment_status":"closed","ping_status":"closed","template":"","meta":{"footnotes":""},"categories":[],"tags":[],"class_list":["post-5376","page","type-page","status-publish","hentry"],"acf":[],"_links":{"self":[{"href":"https:\/\/www.ufsm.br\/pro-reitorias\/proplan\/wp-json\/wp\/v2\/pages\/5376","targetHints":{"allow":["GET"]}}],"collection":[{"href":"https:\/\/www.ufsm.br\/pro-reitorias\/proplan\/wp-json\/wp\/v2\/pages"}],"about":[{"href":"https:\/\/www.ufsm.br\/pro-reitorias\/proplan\/wp-json\/wp\/v2\/types\/page"}],"author":[{"embeddable":true,"href":"https:\/\/www.ufsm.br\/pro-reitorias\/proplan\/wp-json\/wp\/v2\/users\/4883"}],"replies":[{"embeddable":true,"href":"https:\/\/www.ufsm.br\/pro-reitorias\/proplan\/wp-json\/wp\/v2\/comments?post=5376"}],"version-history":[{"count":0,"href":"https:\/\/www.ufsm.br\/pro-reitorias\/proplan\/wp-json\/wp\/v2\/pages\/5376\/revisions"}],"wp:attachment":[{"href":"https:\/\/www.ufsm.br\/pro-reitorias\/proplan\/wp-json\/wp\/v2\/media?parent=5376"}],"wp:term":[{"taxonomy":"category","embeddable":true,"href":"https:\/\/www.ufsm.br\/pro-reitorias\/proplan\/wp-json\/wp\/v2\/categories?post=5376"},{"taxonomy":"post_tag","embeddable":true,"href":"https:\/\/www.ufsm.br\/pro-reitorias\/proplan\/wp-json\/wp\/v2\/tags?post=5376"}],"curies":[{"name":"wp","href":"https:\/\/api.w.org\/{rel}","templated":true}]}}