{"id":5381,"date":"2023-05-18T11:28:21","date_gmt":"2023-05-18T14:28:21","guid":{"rendered":"https:\/\/www.ufsm.br\/pro-reitorias\/proplan\/?page_id=5381"},"modified":"2025-08-21T11:48:39","modified_gmt":"2025-08-21T14:48:39","slug":"resolucao-ufsm-n-127-de-15-de-maio-de-2023","status":"publish","type":"page","link":"https:\/\/www.ufsm.br\/pro-reitorias\/proplan\/resolucao-ufsm-n-127-de-15-de-maio-de-2023","title":{"rendered":"RESOLU\u00c7\u00c3O UFSM N\u00b0 127\/2023"},"content":{"rendered":"\t\t<div data-elementor-type=\"wp-page\" data-elementor-id=\"5381\" class=\"elementor elementor-5381\">\n\t\t\t\t\t\t<section class=\"elementor-section elementor-top-section elementor-element elementor-element-5cd0e941 elementor-section-boxed elementor-section-height-default elementor-section-height-default\" data-id=\"5cd0e941\" data-element_type=\"section\">\n\t\t\t\t\t\t<div class=\"elementor-container elementor-column-gap-default\">\n\t\t\t\t\t<div class=\"elementor-column elementor-col-100 elementor-top-column elementor-element elementor-element-432ba768\" data-id=\"432ba768\" data-element_type=\"column\">\n\t\t\t<div class=\"elementor-widget-wrap elementor-element-populated\">\n\t\t\t\t\t\t<div class=\"elementor-element elementor-element-6e6a401b elementor-widget elementor-widget-text-editor\" data-id=\"6e6a401b\" data-element_type=\"widget\" data-widget_type=\"text-editor.default\">\n\t\t\t\t<div class=\"elementor-widget-container\">\n\t\t\t\t\t\t\t<!-- wp:tadv\/classic-paragraph \/-->\t\t\t\t\t\t<\/div>\n\t\t\t\t<\/div>\n\t\t\t\t\t<\/div>\n\t\t<\/div>\n\t\t\t\t\t<\/div>\n\t\t<\/section>\n\t\t\t\t<section class=\"elementor-section elementor-top-section elementor-element elementor-element-6d50b0b elementor-section-boxed elementor-section-height-default elementor-section-height-default\" data-id=\"6d50b0b\" data-element_type=\"section\">\n\t\t\t\t\t\t<div class=\"elementor-container elementor-column-gap-default\">\n\t\t\t\t\t<div class=\"elementor-column elementor-col-100 elementor-top-column elementor-element elementor-element-42ed02e\" data-id=\"42ed02e\" data-element_type=\"column\">\n\t\t\t<div class=\"elementor-widget-wrap elementor-element-populated\">\n\t\t\t\t\t\t<div class=\"elementor-element elementor-element-b90fcd8 elementor-widget elementor-widget-html\" data-id=\"b90fcd8\" data-element_type=\"widget\" data-widget_type=\"html.default\">\n\t\t\t\t<div class=\"elementor-widget-container\">\n\t\t\t\r\n\r\n\r\n<title><b>RESOLU\u00c7\u00c3O UFSM N. 122, DE 15 DE MAIO DE 2023<\/b><\/title>\r\n\r\n\r\n<div align=\"center\"><img decoding=\"async\" src=\"https:\/\/www.ufsm.br\/pro-reitorias\/proplan\/wp-content\/uploads\/sites\/344\/2019\/09\/brasao-da-republica-do-brasil-logo.png\" alt=\"Bras\u00e3o Rep\u00fablica Federativa do Brasil\" width=\"6%\" height=\"6%\"><\/div>  <h1><font color=\"blue\"><font size=\"5\"><div align=\"center\">MINIST\u00c9RIO DA EDUCA\u00c7\u00c3O<\/div><\/font><\/font><\/H1>\r\n<b><font color=\"0000blue\"><div align=\"center\">UNIVERSIDADE FEDERAL DE SANTA MARIA<\/div><\/font><\/b>\r\n<p><div align=\"center\"><b><a href=\"https:\/\/portal.ufsm.br\/documentos\/publico\/documento.html?idDocumento=14670060\" target=\"_blank\"><font color=\"blue\">RESOLU\u00c7\u00c3O UFSM N\u00b0 127, DE 15 DE MAIO DE 2023<\/font><\/a><\/b><\/div>\r\n<br>\r\n<p><div align=\"justify\"><font color=\"800000\"><ul><ul><ul><ul><ul><ul><ul><ul><ul><ul><ul><ul><ul><ul><ul><ul>Altera os Artigos 5\u00ba e 21 da Resolu\u00e7\u00e3o UFSM N. 054, de 1\u00ba de junho de 2021, que regulamenta a proposi\u00e7\u00e3o de Atos Normativos no \u00e2mbito da Universidade Federal de Santa Maria.<\/font><\/div><\/ul>\r\n\r\n<br><div align=\"justify\"><font color=\"black\">\r\n<p>O REITOR DA UNIVERSIDADE FEDERAL DE SANTA MARIA, no uso de suas atribui\u00e7\u00f5es legais e estatut\u00e1rias e considerando:<\/p>\r\n<p style=\"text-align: justify\">- a <a href=\"http:\/\/www.planalto.gov.br\/ccivil_03\/leis\/lcp\/lcp95.htm\"><span style=\"text-decoration: underline;color: #0000ff\">Lei Complementar N. 95, de 26 de fevereiro de 1998<\/span><\/a>, que disp&otilde;e sobre a elabora&ccedil;&atilde;o, a reda&ccedil;&atilde;o, a altera&ccedil;&atilde;o e a consolida&ccedil;&atilde;o das leis, conforme determina o Par&aacute;grafo &Uacute;nico do Art. 59 da <a href=\"https:\/\/www.planalto.gov.br\/ccivil_03\/constituicao\/constituicao.htm\"><span style=\"text-decoration: underline;color: #0000ff\">Constitui&ccedil;&atilde;o Federal<\/span><\/a>, e estabelece normas para a consolida&ccedil;&atilde;o dos atos normativos que menciona;<\/p>\r\n<p style=\"text-align: justify\">- a <a href=\"https:\/\/www.planalto.gov.br\/ccivil_03\/leis\/lcp\/lcp123.htm\"><span style=\"text-decoration: underline;color: #0000ff\">Lei Complementar N. 123, de 14 de dezembro de 2006<\/span><\/a>, que Institui o Estatuto Nacional da Microempresa e da Empresa de Pequeno Porte; altera dispositivos das <a href=\"https:\/\/www.planalto.gov.br\/ccivil_03\/leis\/l8212cons.htm\"><span style=\"text-decoration: underline;color: #0000ff\">Leis N. 8.212<\/span><\/a> e <a href=\"https:\/\/www.planalto.gov.br\/ccivil_03\/leis\/l8213cons.htm\"><span style=\"text-decoration: underline;color: #0000ff\">N. 8.213<\/span><\/a>, ambas de 24 de julho de 1991, da Consolida&ccedil;&atilde;o das Leis do Trabalho - CLT, aprovada pelo <a href=\"https:\/\/www.planalto.gov.br\/ccivil_03\/decreto-lei\/del5452.htm\"><span style=\"text-decoration: underline;color: #0000ff\">Decreto-Lei N. 5.452, de 1<span style=\"text-decoration: underline\"><sup>o<\/sup><\/span>&nbsp;de maio de 1943<\/span><\/a>, da <a href=\"http:\/\/www.planalto.gov.br\/ccivil_03\/leis\/leis_2001\/L10189.htm\"><span style=\"text-decoration: underline;color: #0000ff\">Lei N. 10.189, de 14 de fevereiro de 2001<\/span><\/a>, da <a href=\"https:\/\/www.planalto.gov.br\/ccivil_03\/leis\/lcp\/Lcp63.htm\"><span style=\"text-decoration: underline;color: #0000ff\">Lei Complementar N. 63, de 11 de janeiro de 1990<\/span><\/a>; e revoga as <a href=\"https:\/\/www.planalto.gov.br\/ccivil_03\/leis\/L9317.htm\"><span style=\"text-decoration: underline;color: #0000ff\">Leis N. 9.317, de 5 de dezembro de 1996<\/span><\/a>, e <a href=\"https:\/\/www.planalto.gov.br\/ccivil_03\/leis\/L9841.htm\"><span style=\"text-decoration: underline;color: #0000ff\">N. 9.841, de 5 de outubro de 1999<\/span><\/a>;<\/p>\r\n<p style=\"text-align: justify\">- o Artigo 53, inciso V, da <a href=\"https:\/\/www.planalto.gov.br\/ccivil_03\/leis\/l9394.htm\"><span style=\"text-decoration: underline;color: #0000ff\">Lei N. 9.394, de 20 de dezembro de 1996<\/span><\/a>, que estabelece as diretrizes e bases da educa&ccedil;&atilde;o nacional;<\/p>\r\n<p style=\"text-align: justify\">- a <a href=\"https:\/\/www.planalto.gov.br\/ccivil_03\/_ato2015-2018\/2018\/lei\/l13726.htm\"><span style=\"text-decoration: underline;color: #0000ff\">Lei N. 13.726, de 8 outubro de 2018<\/span><\/a>, que racionaliza atos e procedimentos administrativos dos Poderes da Uni&atilde;o, dos Estados, do Distrito Federal e dos Munic&iacute;pios e institui o Selo de Desburocratiza&ccedil;&atilde;o e Simplifica&ccedil;&atilde;o;<\/p>\r\n<p style=\"text-align: justify\">- a <a href=\"https:\/\/www.planalto.gov.br\/ccivil_03\/_ato2019-2022\/2019\/lei\/L13874.htm\"><span style=\"text-decoration: underline;color: #0000ff\">Lei N. 13.874, de 20 de setembro de 2019<\/span><\/a>, que institui a Declara&ccedil;&atilde;o de Direitos de Liberdade Econ&ocirc;mica; estabelece garantias de livre mercado; altera as <a href=\"https:\/\/www.planalto.gov.br\/ccivil_03\/leis\/2002\/l10406compilada.htm\"><span style=\"text-decoration: underline;color: #0000ff\">Leis N. 10.406, de 10 de janeiro de 2002 (C&oacute;digo Civil)<\/span><\/a>, <a href=\"https:\/\/www.planalto.gov.br\/ccivil_03\/leis\/l6404consol.htm\"><span style=\"text-decoration: underline;color: #0000ff\">N. 6.404, de 15 de dezembro de 1976<\/span><\/a>, <a href=\"https:\/\/www.planalto.gov.br\/ccivil_03\/_ato2007-2010\/2007\/lei\/l11598.htm\"><span style=\"text-decoration: underline;color: #0000ff\">N. 11.598, de 3 de dezembro de 2007<\/span><\/a>, <a href=\"https:\/\/www.gov.br\/conarq\/pt-br\/legislacao-arquivistica\/leis-e-decretos-leis\/lei-no-12-682-de-9-de-julho-de-2012\"><span style=\"text-decoration: underline;color: #0000ff\">N. 12.682, de 9 de julho de 2012<\/span><\/a>, <a href=\"https:\/\/www.planalto.gov.br\/ccivil_03\/leis\/l6015compilada.htm\"><span style=\"text-decoration: underline;color: #0000ff\">N. 6.015, de 31 de dezembro de 1973<\/span><\/a>, <a href=\"https:\/\/www.planalto.gov.br\/ccivil_03\/leis\/2002\/l10522.htm\"><span style=\"text-decoration: underline;color: #0000ff\">N. 10.522, de 19 de julho de 2002<\/span><\/a>, <a href=\"https:\/\/www.planalto.gov.br\/ccivil_03\/leis\/l8934.htm\"><span style=\"text-decoration: underline;color: #0000ff\">N. 8.934, de 18 de novembro 1994<\/span><\/a>, o<a href=\"https:\/\/www.planalto.gov.br\/ccivil_03\/decreto-lei\/del9760.htm\"><span style=\"text-decoration: underline;color: #0000ff\"> Decreto-Lei N. 9.760, de 5 de setembro de 1946<\/span><\/a> e a Consolida&ccedil;&atilde;o das Leis do Trabalho, aprovada pelo <a href=\"https:\/\/www.planalto.gov.br\/ccivil_03\/decreto-lei\/del5452.htm\"><span style=\"text-decoration: underline;color: #0000ff\">Decreto-Lei N. 5.452, de 1&ordm; de maio de 1943<\/span><\/a>; revoga a <a href=\"https:\/\/www.planalto.gov.br\/ccivil_03\/leis\/ldl\/ldl04.htm\"><span style=\"text-decoration: underline;color: #0000ff\">Lei Delegada N. 4, de 26 de setembro de 1962<\/span><\/a>, a <a href=\"https:\/\/www.planalto.gov.br\/ccivil_03\/_ato2007-2010\/2008\/lei\/l11887.htm\"><span style=\"color: #0000ff\">Lei N. 11.887, de 24 de dezembro de 2008<\/span><\/a>, e dispositivos do <a href=\"https:\/\/www.planalto.gov.br\/ccivil_03\/decreto-lei\/del0073.htm\"><span style=\"text-decoration: underline;color: #0000ff\">Decreto-Lei N. 73, de 21 de novembro de 1966<\/span><\/a>; e d&aacute; outras provid&ecirc;ncias;<\/p>\r\n<p style=\"text-align: justify\">- o <a href=\"https:\/\/www.planalto.gov.br\/ccivil_03\/_ato2015-2018\/2017\/decreto\/d9191.htm\"><span style=\"text-decoration: underline;color: #0000ff\">Decreto N. 9.191, de 1&ordm; de novembro de 2017<\/span><\/a>, que estabelece as normas e as diretrizes para elabora&ccedil;&atilde;o, reda&ccedil;&atilde;o, altera&ccedil;&atilde;o, consolida&ccedil;&atilde;o e encaminhamento de propostas de atos normativos ao Presidente da Rep&uacute;blica pelos Ministros de Estado;<\/p>\r\n<p style=\"text-align: justify\">- o <a href=\"https:\/\/www.in.gov.br\/en\/web\/dou\/-\/decreto-n-10.139-de-28-de-novembro-de-2019-230458659\"><span style=\"text-decoration: underline;color: #0000ff\">Decreto N. 10.139, de 28 de novembro de 2019<\/span><\/a>, que disp&otilde;e sobre a revis&atilde;o e a consolida&ccedil;&atilde;o de atos normativos inferiores a decreto;<\/p>\r\n<p style=\"text-align: justify\">- o <a href=\"http:\/\/www.planalto.gov.br\/ccivil_03\/_ato2023-2026\/2023\/decreto\/D11371.htm\"><span style=\"text-decoration: underline;color: #0000ff\">Decreto N. 11.371, de 1&ordm; de janeiro de 2023<\/span><\/a>, que revoga o <a href=\"https:\/\/www.planalto.gov.br\/ccivil_03\/_ato2019-2022\/2019\/decreto\/d9759.htm\"><span style=\"text-decoration: underline;color: #0000ff\">Decreto n&ordm; 9.759, de 11 de abril de 2019<\/span><\/a>, que extingue e estabelece diretrizes, regras e limita&ccedil;&otilde;es para colegiados da administra&ccedil;&atilde;o p&uacute;blica federal;<\/p>\r\n<p style=\"text-align: justify\">- o Estatuto da Universidade Federal de Santa Maria, com as adequa&ccedil;&otilde;es aprovadas pela <a href=\"https:\/\/www.ufsm.br\/pro-reitorias\/proplan\/resolucao-n-037-2010\"><span style=\"text-decoration: underline;color: #0000ff\">Resolu&ccedil;&atilde;o UFSM N. 037\/2010<\/span><\/a> e aprovadas pela <a href=\"https:\/\/www.ufsm.br\/app\/uploads\/2018\/08\/Estatuto-da-UFSM.pdf\"><span style=\"text-decoration: underline;color: #0000ff\">Portaria N. 156, de 12 de mar&ccedil;o de 2014<\/span><\/a>, publicada no Di&aacute;rio Oficial da Uni&atilde;o em 13 de mar&ccedil;o de 2014;<\/p>\r\n<p style=\"text-align: justify\">- o <a href=\"https:\/\/www.ufsm.br\/pro-reitorias\/proplan\/regimento-geral-da-ufsm-com-alteracoes-compiladas-pela-resolucao-n-016-2019\"><span style=\"text-decoration: underline;color: #0000ff\">Regimento Geral da Universidade Federal de Santa Maria<\/span><\/a>, com as adequa&ccedil;&otilde;es aprovadas pela <a href=\"https:\/\/www.ufsm.br\/pro-reitorias\/proplan\/resolucao-n-006-2011\"><span style=\"text-decoration: underline;color: #0000ff\">Resolu&ccedil;&atilde;o UFSM N. 006\/2011<\/span><\/a>;<\/p>\r\n<p style=\"text-align: justify\">- o Manual de Estruturas Organizacionais do Poder Executivo Federal da Secretaria de Gest&atilde;o do Minist&eacute;rio da Economia, 2&ordf; edi&ccedil;&atilde;o (2019), aprovado atrav&eacute;s da <a href=\"https:\/\/www.in.gov.br\/materia\/-\/asset_publisher\/Kujrw0TZC2Mb\/content\/id\/25403339\/do1-2018-06-13-instrucao-normativa-n-4-2018-seges-mp-25403327\"><span style=\"text-decoration: underline;color: #0000ff\">Instru&ccedil;&atilde;o Normativa N&ordm; 4\/2018-SEGES-MP<\/span><\/a>; e,<\/p>\r\n<p style=\"text-align: justify\">- o Parecer N. 051\/2023 da Comiss&atilde;o de Legisla&ccedil;&atilde;o e Regimentos (CLR), aprovado na 861&ordf; Sess&atilde;o do Conselho Universit&aacute;rio (CONSU), de 12 de maio de 2023, referente ao Processo N.<a href=\"https:\/\/portal.ufsm.br\/documentos\/publico\/processo\/documento.html?idDocumento=14647044\"><span style=\"text-decoration: underline;color: #0000ff\"> 23081.058556\/2023-32<\/span><\/a>.<\/p>\r\n<p style=\"text-align: justify\"><strong>&nbsp;<\/strong><\/p>\r\n<p style=\"text-align: justify\">RESOLVE:<\/p>\r\n<p style=\"text-align: justify\">&nbsp;<\/p>\r\n<p style=\"text-align: justify\">Art. 1&ordm; Altera os Artigos 5&ordm; e 21 da <a href=\"https:\/\/www.ufsm.br\/pro-reitorias\/proplan\/resolucao-ufsm-n-054-2021\"><span style=\"text-decoration: underline;color: #0000ff\">Resolu&ccedil;&atilde;o UFSM N. 054, de 1&ordm; de junho de 2021<\/span><\/a>, que regulamenta a proposi&ccedil;&atilde;o de Atos Normativos no &acirc;mbito da Universidade Federal de Santa Maria.<\/p>\r\n<p style=\"text-align: justify\">Par&aacute;grafo &uacute;nico. Os artigos 5&ordm; e 21 da <a href=\"https:\/\/www.ufsm.br\/pro-reitorias\/proplan\/resolucao-ufsm-n-054-2021\"><span style=\"text-decoration: underline;color: #0000ff\">Resolu&ccedil;&atilde;o UFSM N. 054, de 1&ordm; de junho de 2021<\/span><\/a>, passam a vigorar com a seguinte reda&ccedil;&atilde;o:<\/p>\r\n<BR>\r\n<p style=\"margin-left: 2.5cm\">Art. 5&ordm;<\/p>\r\n<p style=\"margin-left: 2.5cm\">(...)<\/p>\r\n<p style=\"margin-left: 2.5cm\">Par&aacute;grafo &uacute;nico. Nas hip&oacute;teses do <strong>caput<\/strong>, &eacute; permitida a cria&ccedil;&atilde;o de colegiados por meio de Portaria Normativa do (a) Reitor (a) quando o colegiado for tempor&aacute;rio e destinar-se a quest&otilde;es do &acirc;mbito interno da Universidade Federal de Santa Maria (UFSM) ou ainda, de atos atinentes &aacute; gest&atilde;o de pessoas dos quadros da institui&ccedil;&atilde;o. &rdquo;<\/p>\r\n<p style=\"margin-left: 2.5cm\">(NR)&rdquo;<\/p>\r\n\r\n<p style=\"margin-left: 2.5cm\">(...)<\/p>\r\n\r\n<p style=\"margin-left: 2.5cm\">Art. 21 &Eacute; obrigat&oacute;ria a manuten&ccedil;&atilde;o da consolida&ccedil;&atilde;o normativa por meio da:<\/p>\r\n<p style=\"margin-left: 2.5cm\">I - realiza&ccedil;&atilde;o de altera&ccedil;&atilde;o na norma consolidada cada vez que novo ato com tem&aacute;tica aderente a ela for editado; e,<\/p>\r\n<p style=\"margin-left: 2.5cm\">II - repeti&ccedil;&atilde;o dos procedimentos de revis&atilde;o e consolida&ccedil;&atilde;o normativa previstos neste Decreto no in&iacute;cio do primeiro ano de cada mandato presidencial com t&eacute;rmino at&eacute; o segundo ano do mandato presidencial.<\/p>\r\n<p style=\"margin-left: 2.5cm\">Par&aacute;grafo &uacute;nico. A mera viola&ccedil;&atilde;o de regra, de diretriz ou de procedimento desta Resolu&ccedil;&atilde;o n&atilde;o constitui escusa v&aacute;lida para o descumprimento da norma.\" (NR)<\/p>\r\n<p style=\"margin-left: 2.5cm\">(...)<\/p>\r\n<BR>\r\n<p style=\"text-align: justify\">Art. 2&ordm; Esta Resolu&ccedil;&atilde;o entra em vigor em 1&ordm; de junho de 2023, de acordo com o que prev&ecirc; o Artigo 4&ordm; do <a href=\"https:\/\/legislacao.presidencia.gov.br\/atos\/?tipo=DEC&amp;numero=10139&amp;ano=2019&amp;ato=551ATRq1keZpWT76b\"><span style=\"text-decoration: underline;color: #0000ff\">Decreto N. 10.139\/2019<\/span><\/a>, revogando os incisos I e II do Art. 5&ordm; da <a href=\"https:\/\/www.ufsm.br\/pro-reitorias\/proplan\/resolucao-ufsm-n-054-2021\"><span style=\"text-decoration: underline;color: #0000ff\">Resolu&ccedil;&atilde;o N. 054\/2021<\/span><\/a>.<\/p>\r\n<p style=\"text-align: justify\">Par&aacute;grafo &uacute;nico. Havendo qualquer modifica&ccedil;&atilde;o legislativa, ou ainda, havendo qualquer situa&ccedil;&atilde;o legal que impacte na legalidade da presente Resolu&ccedil;&atilde;o, a mesma se aplica de imediato.<\/p>\r\n<br>\r\n<p>Luciano Schuch,<\/p>\r\n<p>Reitor.<\/p>\r\n<br>\r\n<p><font color=\"red0000\">Este texto n\u00e3o substitui o documento original, publicado no Portal de Documentos em 15 de maio de 2023.<\/font> Dispon\u00edvel em: <a href=\"https:\/\/portal.ufsm.br\/documentos\/publico\/documento.html?id=14670060\"><font color=\"blue\">https:\/\/portal.ufsm.br\/documentos\/publico\/documento.html?id=14670060<\/font><\/a><\/p><\/div>\r\n\r\n \r\n\r\n \t\t<\/div>\n\t\t\t\t<\/div>\n\t\t\t\t\t<\/div>\n\t\t<\/div>\n\t\t\t\t\t<\/div>\n\t\t<\/section>\n\t\t\t\t<\/div>\n\t\t","protected":false},"excerpt":{"rendered":"<p>RESOLU\u00c7\u00c3O UFSM N. 122, DE 15 DE MAIO DE 2023 MINIST\u00c9RIO DA EDUCA\u00c7\u00c3O UNIVERSIDADE FEDERAL DE SANTA MARIA RESOLU\u00c7\u00c3O UFSM N\u00b0 127, DE 15 DE MAIO DE 2023 Altera os Artigos 5\u00ba e 21 da Resolu\u00e7\u00e3o UFSM N. 054, de 1\u00ba de junho de 2021, que regulamenta a proposi\u00e7\u00e3o de Atos Normativos no \u00e2mbito da [&hellip;]<\/p>\n","protected":false},"author":4883,"featured_media":0,"parent":0,"menu_order":0,"comment_status":"closed","ping_status":"closed","template":"","meta":{"footnotes":""},"categories":[],"tags":[],"class_list":["post-5381","page","type-page","status-publish","hentry"],"acf":[],"_links":{"self":[{"href":"https:\/\/www.ufsm.br\/pro-reitorias\/proplan\/wp-json\/wp\/v2\/pages\/5381","targetHints":{"allow":["GET"]}}],"collection":[{"href":"https:\/\/www.ufsm.br\/pro-reitorias\/proplan\/wp-json\/wp\/v2\/pages"}],"about":[{"href":"https:\/\/www.ufsm.br\/pro-reitorias\/proplan\/wp-json\/wp\/v2\/types\/page"}],"author":[{"embeddable":true,"href":"https:\/\/www.ufsm.br\/pro-reitorias\/proplan\/wp-json\/wp\/v2\/users\/4883"}],"replies":[{"embeddable":true,"href":"https:\/\/www.ufsm.br\/pro-reitorias\/proplan\/wp-json\/wp\/v2\/comments?post=5381"}],"version-history":[{"count":0,"href":"https:\/\/www.ufsm.br\/pro-reitorias\/proplan\/wp-json\/wp\/v2\/pages\/5381\/revisions"}],"wp:attachment":[{"href":"https:\/\/www.ufsm.br\/pro-reitorias\/proplan\/wp-json\/wp\/v2\/media?parent=5381"}],"wp:term":[{"taxonomy":"category","embeddable":true,"href":"https:\/\/www.ufsm.br\/pro-reitorias\/proplan\/wp-json\/wp\/v2\/categories?post=5381"},{"taxonomy":"post_tag","embeddable":true,"href":"https:\/\/www.ufsm.br\/pro-reitorias\/proplan\/wp-json\/wp\/v2\/tags?post=5381"}],"curies":[{"name":"wp","href":"https:\/\/api.w.org\/{rel}","templated":true}]}}