{"id":5419,"date":"2023-06-15T10:10:36","date_gmt":"2023-06-15T13:10:36","guid":{"rendered":"https:\/\/www.ufsm.br\/pro-reitorias\/proplan\/?page_id=5419"},"modified":"2025-08-21T14:15:25","modified_gmt":"2025-08-21T17:15:25","slug":"resolucao-ufsm-n-133-2023","status":"publish","type":"page","link":"https:\/\/www.ufsm.br\/pro-reitorias\/proplan\/resolucao-ufsm-n-133-2023","title":{"rendered":"RESOLU\u00c7\u00c3O UFSM N\u00b0 133\/2023"},"content":{"rendered":"\t\t<div data-elementor-type=\"wp-page\" data-elementor-id=\"5419\" class=\"elementor elementor-5419\">\n\t\t\t\t\t\t<section class=\"elementor-section elementor-top-section elementor-element elementor-element-37323cb elementor-section-boxed elementor-section-height-default elementor-section-height-default\" data-id=\"37323cb\" data-element_type=\"section\">\n\t\t\t\t\t\t<div class=\"elementor-container elementor-column-gap-default\">\n\t\t\t\t\t<div class=\"elementor-column elementor-col-100 elementor-top-column elementor-element elementor-element-26bd984\" data-id=\"26bd984\" data-element_type=\"column\">\n\t\t\t<div class=\"elementor-widget-wrap elementor-element-populated\">\n\t\t\t\t\t\t<div class=\"elementor-element elementor-element-faddd7b elementor-widget elementor-widget-html\" data-id=\"faddd7b\" data-element_type=\"widget\" data-widget_type=\"html.default\">\n\t\t\t\t<div class=\"elementor-widget-container\">\n\t\t\t<title><b>RESOLU\u00c7\u00c3O UFSM N. 133, DE 12 DE JUNHO DE 2023<\/b><\/title>\r\n\r\n\r\n<div align=\"center\"><img decoding=\"async\" src=\"https:\/\/www.ufsm.br\/pro-reitorias\/proplan\/wp-content\/uploads\/sites\/344\/2019\/09\/brasao-da-republica-do-brasil-logo.png\" alt=\"Bras\u00e3o Rep\u00fablica Federativa do Brasil\" width=\"6%\" height=\"6%\"><\/div>  <h1><font color=\"blue\"><font size=\"5\"><div align=\"center\">MINIST\u00c9RIO DA EDUCA\u00c7\u00c3O<\/div><\/font><\/font><\/H1>\r\n<b><font color=\"0000blue\"><div align=\"center\">UNIVERSIDADE FEDERAL DE SANTA MARIA<\/div><\/font><\/b>\r\n<p><div align=\"center\"><b><a href=\"https:\/\/portal.ufsm.br\/documentos\/publico\/documento.html?idDocumento=14695540\" target=\"_blank\"><font color=\"blue\">RESOLU\u00c7\u00c3O UFSM N\u00b0 133, DE 12 DE JUNHO DE 2023<\/font><\/a><\/b><\/div>\r\n<br>\r\n<p><div align=\"justify\"><font color=\"800000\"><ul><ul><ul><ul><ul><ul><ul><ul><ul><ul><ul><ul><ul><ul><ul><ul>Altera a Resolu\u00e7\u00e3o UFSM N. 029, de 05 de dezembro de 2012, que reestrutura a Pr\u00f3-Reitoria de Recursos Humanos, altera a sua denomina\u00e7\u00e3o para Pr\u00f3-Reitoria de Gest\u00e3o de Pessoas e d\u00e1 outras provid\u00eancias.<\/font><\/div><\/ul>\r\n<br><div align=\"justify\"><font color=\"black\">\r\n<p>O REITOR DA UNIVERSIDADE FEDERAL DE SANTA MARIA, no uso de suas atribui\u00e7\u00f5es legais e estatut\u00e1rias, e considerando:<\/p>\r\n<p>- a <a href=\"http:\/\/www.planalto.gov.br\/ccivil_03\/constituicao\/constituicao.htm\" target=\"_blank\"><font color=\"blue\"><u>Constitui\u00e7\u00e3o da Rep\u00fablica Federativa do Brasil de 1988, de 05 de outubro de 1988<\/u><\/font><\/a>;\r\n<p>- a <a href=\"http:\/\/www.planalto.gov.br\/ccivil_03\/leis\/l8112cons.htm\" target=\"_blank\"><font color=\"blue\"><u>Lei N. 8.112, de 11 de dezembro de 1990<\/u><\/font><\/a>, que disp\u00f5e sobre o regime jur\u00eddico dos servidores p\u00fablicos civis da Uni\u00e3o, das autarquias e das funda\u00e7\u00f5es p\u00fablicas federais;\r\n<p>- a <a href=\"https:\/\/www.planalto.gov.br\/ccivil_03\/leis\/l9394.htm\" target=\"_blank\"><font color=\"blue\"><u>Lei N. 9.394, de 20 de dezembro de 1996<\/u><\/font><\/a>, que estabelece as diretrizes e bases da educa\u00e7\u00e3o nacional e suas altera\u00e7\u00f5es; \r\n<p>- a <a href=\"http:\/\/www.planalto.gov.br\/ccivil_03\/leis\/lcp\/lcp95.htm\" target=\"_blank\"><font color=\"blue\"><u>Lei Complementar N. 95, de 26 de fevereiro de 1998<\/u><\/font><\/a>, que disp\u00f5e sobre a elabora\u00e7\u00e3o, a reda\u00e7\u00e3o, a altera\u00e7\u00e3o e a consolida\u00e7\u00e3o das leis, conforme determina o Par\u00e1grafo \u00danico do Art. 59 da Constitui\u00e7\u00e3o Federal, e estabelece normas para a consolida\u00e7\u00e3o dos atos normativos que menciona;\r\n<p>- o <a href=\"https:\/\/www.planalto.gov.br\/ccivil_03\/_ato2007-2010\/2009\/decreto\/d6833.htm\" target=\"_blank\"><font color=\"blue\"><u>Decreto n\u00ba 6.833, de 29 de abril de 2009<\/u><\/font><\/a>, que Institui o Subsistema Integrado de Aten\u00e7\u00e3o \u00e0 Sa\u00fade do Servidor P\u00fablico Federal \u2013 SIASS e o Comit\u00ea Gestor de Aten\u00e7\u00e3o \u00e0 Sa\u00fade do Servidor;\r\n<p>- o <a href=\"https:\/\/www.planalto.gov.br\/ccivil_03\/_ato2015-2018\/2017\/decreto\/d9191.htm\" target=\"_blank\"><font color=\"blue\"><u>Decreto N. 9.191, de 1\u00b0 de novembro de 2017<\/u><\/font><\/a>, que estabelece as normas e as diretrizes para elabora\u00e7\u00e3o, reda\u00e7\u00e3o, altera\u00e7\u00e3o, consolida\u00e7\u00e3o e encaminhamento de propostas de atos normativos ao Presidente da Rep\u00fablica pelos Ministros de Estado;\r\n<p>- o <a href=\"https:\/\/www.planalto.gov.br\/ccivil_03\/_ato2019-2022\/2019\/decreto\/d9739.htm\" target=\"_blank\"><font color=\"blue\"><u>Decreto n\u00ba 9.739, de 28 de mar\u00e7o de 2019<\/u><\/font><\/a>, que estabelece medidas de efici\u00eancia organizacional para o aprimoramento da administra\u00e7\u00e3o p\u00fablica federal direta, aut\u00e1rquica e fundacional, estabelece normas sobre concursos p\u00fablicos e disp\u00f5e sobre o Sistema de Organiza\u00e7\u00e3o e Inova\u00e7\u00e3o Institucional do Governo Federal - SIORG;\r\n<p>- o <a href=\"http:\/\/www.planalto.gov.br\/ccivil_03\/_ato2019-2022\/2019\/decreto\/D10139.htm\" target=\"_blank\"><font color=\"blue\"><u>Decreto N. 10.139, de 28 de novembro de 2019<\/u><\/font><\/a>, que disp\u00f5e sobre a revis\u00e3o e a consolida\u00e7\u00e3o de atos normativos inferiores a decreto;\r\n<p>- o <a href=\"https:\/\/www.ufsm.br\/pro-reitorias\/proplan\/estatuto-ufsm-2010\/\" target=\"_blank\"><font color=\"blue\"><u>Estatuto da Universidade Federal de Santa Maria<\/u><\/font><\/a> com as adequa\u00e7\u00f5es aprovadas pela <a href=\"https:\/\/www.ufsm.br\/pro-reitorias\/proplan\/resolucao-n-037-2010\/\" target=\"_blank\"><font color=\"blue\"><u>Resolu\u00e7\u00e3o UFSM N. 037, de 30 de novembro de 2010<\/u><\/font><\/a>, aprovado pela <a href=\"https:\/\/pesquisa.in.gov.br\/imprensa\/jsp\/visualiza\/index.jsp?data=13\/03\/2014&amp;jornal=1&amp;pagina=43&amp;totalArquivos=100\" target=\"_blank\"><font color=\"blue\"><u>Portaria N. 156, de 12 de mar\u00e7o de 2014<\/u><\/font><\/a>, e publicado no Di\u00e1rio Oficial da Uni\u00e3o em 13 de mar\u00e7o de 2014; \r\n<p>- o <a href=\"https:\/\/www.ufsm.br\/pro-reitorias\/proplan\/regimento-geral-da-ufsm-com-alteracoes-compiladas-pela-resolucao-n-016-2019\/\" target=\"_blank\"><font color=\"blue\"><u>Regimento da UFSM<\/u><\/font><\/a>, disposto na <a href=\"https:\/\/www.ufsm.br\/pro-reitorias\/proplan\/resolucao-n-006-2011\/\" target=\"_blank\"><font color=\"blue\"><u>Resolu\u00e7\u00e3o UFSM N. 006, de 28 de abril de 2011<\/u><\/font><\/a>, atualizado pela <a href=\"https:\/\/www.ufsm.br\/pro-reitorias\/proplan\/resolucao-n-016-2019\/\" target=\"_blank\"><font color=\"blue\"><u>Resolu\u00e7\u00e3o UFSM N. 016, de 02 de julho de 2019<\/u><\/font><\/a>;\r\n<p>- a <a href=\"https:\/\/www.ufsm.br\/pro-reitorias\/proplan\/resolucao-n-029-2012\/\" target=\"_blank\"><font color=\"blue\"><u>Resolu\u00e7\u00e3o UFSM n\u00ba 029, de 05 de dezembro de 2012<\/u><\/font><\/a>, que reestrutura a Pr\u00f3-Reitoria de Recursos Humanos, altera a sua denomina\u00e7\u00e3o para Pr\u00f3-Reitoria de Gest\u00e3o de Pessoas e d\u00e1 outras provid\u00eancias\r\n<p>- a <a href=\"https:\/\/www.ufsm.br\/pro-reitorias\/proplan\/resolucao-ufsm-n-054-2021\/\" target=\"_blank\"><font color=\"blue\"><u>Resolu\u00e7\u00e3o UFSM N. 054, de 1\u00ba de junho de 2021<\/u><\/font><\/a>, que regulamenta a proposi\u00e7\u00e3o e a emiss\u00e3o de Atos Normativos no \u00e2mbito da Universidade Federal de Santa Maria; e,\r\n<p>- o Parecer Ad Referendum da Comiss\u00e3o de Legisla\u00e7\u00e3o e Regimentos (CLR), do Conselho Universit\u00e1rio (CONSU), de 04 de junho de 2023, referente ao Processo N. <a href=\"https:\/\/portal.ufsm.br\/documentos\/publico\/processo\/documento.html?idDocumento=14657830\" target=\"_blank\"><font color=\"blue\"><u>23081.062053\/2023-61<\/u><\/font><\/a>.<\/p>\r\n<br>\r\n<p>RESOLVE:<\/p>\r\n<br>\r\n<p>Art. 1\u00ba Alterar a <a href=\"https:\/\/www.ufsm.br\/pro-reitorias\/proplan\/resolucao-n-029-2012\" target=\"_blank\"><\/a> <font color=\"blue\"><u>Resolu\u00e7\u00e3o UFSM N. 029, de 05 de dezembro de 2012<\/u><\/font><\/a>, que reestrutura a Pr\u00f3-Reitoria de Recursos Humanos, altera a sua denomina\u00e7\u00e3o para Pr\u00f3-Reitoria de Gest\u00e3o de Pessoas e d\u00e1 outras provid\u00eancias.\r\n<p>Par\u00e1grafo \u00fanico. As men\u00e7\u00f5es \u00e0 Pr\u00f3-Reitoria de Recursos Humanos (PRRH) nos regulamentos e normas da institui\u00e7\u00e3o dever\u00e3o ser lidas como \u00e0 Pr\u00f3-Reitoria de Gest\u00e3o de Pessoas (PROGEP) a partir de sua reestrutura\u00e7\u00e3o.\r\n<p>Art. 2\u00ba Fica extinta a unidade denominada Per\u00edcia Oficial em Sa\u00fade (PEOF) vinculada \u00e0 Pr\u00f3-Reitoria de Gest\u00e3o de Pessoas (PROGEP).\r\n<p>Par\u00e1grafo \u00fanico. O Cargo de Dire\u00e7\u00e3o n\u00edvel 4 (CD4) passa automaticamente para uso no \u00e2mbito da UFSM.\r\n<p>Art. 3\u00ba Institui a Subdivis\u00e3o de Per\u00edcia Oficial em Sa\u00fade (SPOF), subunidade administrativa vinculada a Coordenadoria de Sa\u00fade e Qualidade de Vida do Servidor (CQVS), e tem por compet\u00eancias:\r\n<p>I - realizar avalia\u00e7\u00f5es periciais de quest\u00f5es relacionadas \u00e0 sa\u00fade e \u00e0 capacidade laboral dos servidores da UFSM, incluindo avalia\u00e7\u00e3o social (quando necess\u00e1rio);\r\n<p>II - realizar avalia\u00e7\u00f5es periciais, previstas no Subsistema Integrado de Aten\u00e7\u00e3o \u00e0 Sa\u00fade do Servidor, dos servidores de outras institui\u00e7\u00f5es federais que tenham firmado Acordo de Coopera\u00e7\u00e3o T\u00e9cnica com a UFSM;\r\n<p>III - realizar junta m\u00e9dica oficial em demandas solicitadas pelo Reitor (a) e Pr\u00f3-Reitor (a) de Gest\u00e3o de Pessoas;\r\n<p>IV - fornecer dados para subsidiar o eixo de preven\u00e7\u00e3o;\r\n<p>V - realizar, quando necess\u00e1rio, o encaminhamento dos servidores para acompanhamento social e psicol\u00f3gico; e,\r\n<p>VI - emitir pareceres e laudos referentes aos benef\u00edcios previstos na legisla\u00e7\u00e3o, para subsidiar atos administrativos da UFSM, relacionados aos servidores e familiares.\r\n<p>Art. 3\u00ba A Subdivis\u00e3o de Per\u00edcia Oficial em Sa\u00fade \u00e9 representada pela autoridade denominada \u201cChefe da Subdivis\u00e3o\u201d que possui como atribui\u00e7\u00f5es:\r\n<p>I - assessorar o\/a Coordenador (a) da Coordenadoria de Sa\u00fade e Qualidade de Vida do Servidor (CQVS);\r\n<p>II - realizar a gest\u00e3o das atividades administrativas e da equipe de servidores (as) integrantes da subdivis\u00e3o;\r\n<p>III - prestar informa\u00e7\u00f5es solicitadas em processos judiciais, memorandos, of\u00edcios e questionamentos dos \u00f3rg\u00e3os de controle interno e externo no que tange \u00e0s atividades da subdivis\u00e3o; e,\r\n<p>IV - manter atualizadas as informa\u00e7\u00f5es da Subdivis\u00e3o junto \u00e0 p\u00e1gina da Pr\u00f3-Reitoria de Gest\u00e3o de Pessoas.\r\n<p>Par\u00e1grafo \u00fanico. A autoridade respons\u00e1vel pela Subdivis\u00e3o \u00e9 atribu\u00edda \u00e0 Fun\u00e7\u00e3o Gratificada (FG4), livre\/dispon\u00edvel da UFSM, com a denomina\u00e7\u00e3o da autoridade \u201cChefe de Subdivis\u00e3o\u201d.\r\n<p>Art. 4\u00ba Caber\u00e1:\r\n<p>I - \u00e0 Coordenadoria de Planejamento Administrativo (COPLAD-PROPLAN) proceder \u00e0s altera\u00e7\u00f5es nos Sistemas de Estruturantes da Institui\u00e7\u00e3o;\r\n<p>II - \u00e0 Pr\u00f3-Reitoria de Gest\u00e3o de Pessoas (PROGEP) a remo\u00e7\u00e3o dos servidores e o remanejo das fun\u00e7\u00f5es de chefia; \r\n<p>III - ao Departamento de Material e Patrim\u00f4nio (DEMAPA) a adequa\u00e7\u00e3o dos registros dos m\u00f3veis e equipamentos;\r\n<p>IV - ao Departamento de Arquivo Geral (DAG) o tratamento dos documentos arquiv\u00edsticos; e,\r\n<p>V - ao Centro de Processamento de Dados (CPD) as adequa\u00e7\u00f5es necess\u00e1rias nos sistemas institucionais.\r\n<p>Art. 5\u00ba Quanto a movimenta\u00e7\u00e3o de cargos comissionados, fica definido:\r\n<p>\u00a7 1\u00ba O Cargo de Dire\u00e7\u00e3o, n\u00edvel 4, c\u00f3digo (CD4), passa automaticamente para uso no \u00e2mbito da Universidade Federal de Santa Maria.\r\n<p>\u00a7 2\u00ba O remanejamento\/aloca\u00e7\u00e3o de 1 (uma) Fun\u00e7\u00e3o Gratificada, n\u00edvel 4, c\u00f3digo (FG4), da Universidade Federal de Santa Maria para a Subdivis\u00e3o de Per\u00edcia Oficial em Sa\u00fade.\r\n<p>Art. 6\u00ba Esta Resolu\u00e7\u00e3o entra em vigor em 03 de julho de 2023, de acordo com o que prev\u00ea o Artigo 4\u00ba do <a href=\"http:\/\/www.planalto.gov.br\/ccivil_03\/_ato2019-2022\/2019\/decreto\/D10139.htm\" target=\"_blank\"><font color=\"blue\"><u>Decreto N. 10.139, de 28 de novembro de 2019<\/u><\/font><\/a>.\r\n<p>Par\u00e1grafo \u00fanico. Havendo qualquer modifica\u00e7\u00e3o legislativa, ou ainda, havendo qualquer situa\u00e7\u00e3o legal que impacte na legalidade desta Resolu\u00e7\u00e3o, essa se aplica de imediato.\r\n<br>\r\n<BR>\r\n<p>Luciano Schuch,<\/p>\r\n<p>Reitor.<\/p>\r\n<br>\r\n<p><font color=\"red0000\">Este texto n\u00e3o substitui o documento original, publicado no DOU em 15\/06\/2023.<\/font> Dispon\u00edvel em: <a href=\"https:\/\/www.in.gov.br\/web\/dou\/-\/resolucao-ufsm-n-133-de-12-de-junho-de-2023-490079093\" target=\"_blank\"><font color=\"blue\">https:\/\/www.in.gov.br\/web\/dou\/-\/resolucao-ufsm-n-133-de-12-de-junho-de-2023-490079093<\/font><\/a> e no Portal de Documentos.<\/font> Dispon\u00edvel em: <a href=\"https:\/\/portal.ufsm.br\/documentos\/publico\/documento.html?idDocumento=14695540\" target=\"_blank\"><font color=\"blue\">https:\/\/portal.ufsm.br\/documentos\/publico\/documento.html?idDocumento=14695540<\/font><\/a>\r\n \t\t<\/div>\n\t\t\t\t<\/div>\n\t\t\t\t\t<\/div>\n\t\t<\/div>\n\t\t\t\t\t<\/div>\n\t\t<\/section>\n\t\t\t\t<\/div>\n\t\t","protected":false},"excerpt":{"rendered":"<p>RESOLU\u00c7\u00c3O UFSM N. 133, DE 12 DE JUNHO DE 2023 MINIST\u00c9RIO DA EDUCA\u00c7\u00c3O UNIVERSIDADE FEDERAL DE SANTA MARIA RESOLU\u00c7\u00c3O UFSM N\u00b0 133, DE 12 DE JUNHO DE 2023 Altera a Resolu\u00e7\u00e3o UFSM N. 029, de 05 de dezembro de 2012, que reestrutura a Pr\u00f3-Reitoria de Recursos Humanos, altera a sua denomina\u00e7\u00e3o para Pr\u00f3-Reitoria de Gest\u00e3o [&hellip;]<\/p>\n","protected":false},"author":230,"featured_media":0,"parent":0,"menu_order":0,"comment_status":"closed","ping_status":"closed","template":"","meta":{"footnotes":""},"categories":[],"tags":[],"class_list":["post-5419","page","type-page","status-publish","hentry"],"acf":[],"_links":{"self":[{"href":"https:\/\/www.ufsm.br\/pro-reitorias\/proplan\/wp-json\/wp\/v2\/pages\/5419","targetHints":{"allow":["GET"]}}],"collection":[{"href":"https:\/\/www.ufsm.br\/pro-reitorias\/proplan\/wp-json\/wp\/v2\/pages"}],"about":[{"href":"https:\/\/www.ufsm.br\/pro-reitorias\/proplan\/wp-json\/wp\/v2\/types\/page"}],"author":[{"embeddable":true,"href":"https:\/\/www.ufsm.br\/pro-reitorias\/proplan\/wp-json\/wp\/v2\/users\/230"}],"replies":[{"embeddable":true,"href":"https:\/\/www.ufsm.br\/pro-reitorias\/proplan\/wp-json\/wp\/v2\/comments?post=5419"}],"version-history":[{"count":0,"href":"https:\/\/www.ufsm.br\/pro-reitorias\/proplan\/wp-json\/wp\/v2\/pages\/5419\/revisions"}],"wp:attachment":[{"href":"https:\/\/www.ufsm.br\/pro-reitorias\/proplan\/wp-json\/wp\/v2\/media?parent=5419"}],"wp:term":[{"taxonomy":"category","embeddable":true,"href":"https:\/\/www.ufsm.br\/pro-reitorias\/proplan\/wp-json\/wp\/v2\/categories?post=5419"},{"taxonomy":"post_tag","embeddable":true,"href":"https:\/\/www.ufsm.br\/pro-reitorias\/proplan\/wp-json\/wp\/v2\/tags?post=5419"}],"curies":[{"name":"wp","href":"https:\/\/api.w.org\/{rel}","templated":true}]}}