{"id":5431,"date":"2023-07-04T10:54:40","date_gmt":"2023-07-04T13:54:40","guid":{"rendered":"https:\/\/www.ufsm.br\/pro-reitorias\/proplan\/?page_id=5431"},"modified":"2023-07-04T10:55:15","modified_gmt":"2023-07-04T13:55:15","slug":"portaria-normativa-ufsm-n-066-2023","status":"publish","type":"page","link":"https:\/\/www.ufsm.br\/pro-reitorias\/proplan\/portaria-normativa-ufsm-n-066-2023","title":{"rendered":"PORTARIA NORMATIVA UFSM N. 066\/2023"},"content":{"rendered":"\t\t<div data-elementor-type=\"wp-page\" data-elementor-id=\"5431\" class=\"elementor elementor-5431\">\n\t\t\t\t\t\t<section class=\"elementor-section elementor-top-section elementor-element elementor-element-065d35a elementor-section-boxed elementor-section-height-default elementor-section-height-default\" data-id=\"065d35a\" data-element_type=\"section\">\n\t\t\t\t\t\t<div class=\"elementor-container elementor-column-gap-default\">\n\t\t\t\t\t<div class=\"elementor-column elementor-col-100 elementor-top-column elementor-element elementor-element-1ab00a0\" data-id=\"1ab00a0\" data-element_type=\"column\">\n\t\t\t<div class=\"elementor-widget-wrap elementor-element-populated\">\n\t\t\t\t\t\t<div class=\"elementor-element elementor-element-8339cbd elementor-widget elementor-widget-html\" data-id=\"8339cbd\" data-element_type=\"widget\" data-widget_type=\"html.default\">\n\t\t\t\t<div class=\"elementor-widget-container\">\n\t\t\t\ufeff<title><b>PORTARIA NORMATIVA UFSM N. 066, DE 03 DE JULHO DE 2023<\/b><\/title>\r\n\r\n\r\n<div align=\"center\"><img decoding=\"async\" src=\"https:\/\/www.ufsm.br\/pro-reitorias\/proplan\/wp-content\/uploads\/sites\/344\/2019\/09\/brasao-da-republica-do-brasil-logo.png\" alt=\"Bras\u00e3o Rep\u00fablica Federativa do Brasil\" width=\"6%\" height=\"6%\"><\/div>  <h1><font color=\"blue\"><font size=\"5\"><div align=\"center\">MINIST\u00c9RIO DA EDUCA\u00c7\u00c3O<\/div><\/font><\/font><\/H1>\r\n<b><font color=\"0000blue\"><div align=\"center\">UNIVERSIDADE FEDERAL DE SANTA MARIA<\/div><\/font><\/b>\r\n<p><div align=\"center\"><b><a href=\"https:\/\/portal.ufsm.br\/documentos\/publico\/documento.html?idDocumento=14712606\" target=\"_blank\"><font color=\"blue\">PORTARIA NORMATIVA UFSM N. 066, DE 03 DE JULHO DE 2023<\/font><\/a><\/b><\/div>\r\n<br>\r\n<p><div align=\"justify\"><font color=\"800000\"><ul><ul><ul><ul><ul><ul><ul><ul><ul><ul><ul><ul><ul><ul><ul><ul>Altera o inciso II do Art. 5o da Portaria Normativa UFSM N. 062\/2023, que aprova a cria\u00e7\u00e3o do \u00f3rg\u00e3o colegiado denominado \u201cComiss\u00e3o de Implementa\u00e7\u00e3o e Acompanhamento do Programa de Gest\u00e3o e Desempenho (CIAPGD) na UFSM\u201d, vinculado ao \u201cGabinete do Reitor\u201d da estrutura organizacional da Universidade Federal de Santa Maria (UFSM).\r\n\r\n<\/font><\/div><\/ul>\r\n<br><div align=\"justify\"><font color=\"black\">\r\n<p>A VICE-REITORA DA UNIVERSIDADE FEDERAL DE SANTA MARIA, no exerc\u00edcios da reitoria, no uso de suas atribui\u00e7\u00f5es legais e estatut\u00e1rias, e considerando:<p dir=\"ltr\">- a <span style=\"text-decoration: underline\"><span style=\"color: #3366ff\"><a href=\"https:\/\/www.planalto.gov.br\/ccivil_03\/constituicao\/constituicao.htm\"><span style=\"color: #3366ff;text-decoration: underline\">Constitui&ccedil;&atilde;o da Rep&uacute;blica Federativa do Brasil de 1988<\/span><\/a><\/span><\/span>, de 05 de outubro de 1988;&nbsp;<\/p>\r\n<p dir=\"ltr\">- a <span style=\"text-decoration: underline\"><span style=\"color: #3366ff\"><a href=\"https:\/\/www.planalto.gov.br\/ccivil_03\/leis\/l8112cons.htm\"><span style=\"color: #3366ff;text-decoration: underline\">Lei N. 8.112, de 11 de dezembro de 1990<\/span><\/a><\/span><\/span>, que disp&otilde;e sobre o regime jur&iacute;dico dos servidores p&uacute;blicos civis da Uni&atilde;o, das autarquias e das funda&ccedil;&otilde;es p&uacute;blicas federais;&nbsp;<\/p>\r\n<p dir=\"ltr\">- a <span style=\"text-decoration: underline\"><span style=\"color: #3366ff\"><a href=\"https:\/\/www.planalto.gov.br\/ccivil_03\/leis\/l9394.htm\"><span style=\"color: #3366ff;text-decoration: underline\">Lei N. 9.394, de 20 de dezembro de 1996<\/span><\/a><\/span><\/span>, que estabelece as diretrizes e bases da educa&ccedil;&atilde;o nacional e suas altera&ccedil;&otilde;es;&nbsp;<\/p>\r\n<p dir=\"ltr\">- a <span style=\"text-decoration: underline\"><span style=\"color: #3366ff\"><a href=\"https:\/\/www.planalto.gov.br\/ccivil_03\/leis\/lcp\/lcp95.htm\"><span style=\"color: #3366ff;text-decoration: underline\">Lei Complementar N. 95, de 26 de fevereiro de 1998<\/span><\/a><\/span><\/span>, que disp&otilde;e sobre a elabora&ccedil;&atilde;o, a reda&ccedil;&atilde;o, a altera&ccedil;&atilde;o e a consolida&ccedil;&atilde;o das leis, conforme determina o Par&aacute;grafo &Uacute;nico do Art. 59 da Constitui&ccedil;&atilde;o Federal, e estabelece normas para a consolida&ccedil;&atilde;o dos atos normativos que menciona;&nbsp;<\/p>\r\n<p dir=\"ltr\">- o <span style=\"text-decoration: underline\"><span style=\"color: #3366ff\"><a href=\"https:\/\/www.planalto.gov.br\/ccivil_03\/_ato2015-2018\/2017\/decreto\/d9191.htm\"><span style=\"color: #3366ff;text-decoration: underline\">Decreto N. 9.191, de 1&ordm; de novembro de 2017<\/span><\/a><\/span><\/span>, que estabelece as normas e as diretrizes para elabora&ccedil;&atilde;o, reda&ccedil;&atilde;o, altera&ccedil;&atilde;o, consolida&ccedil;&atilde;o e encaminhamento de propostas de atos normativos ao Presidente da Rep&uacute;blica pelos Ministros de Estado;&nbsp;<\/p>\r\n<p dir=\"ltr\">- o <span style=\"text-decoration: underline\"><span style=\"color: #3366ff\"><a href=\"http:\/\/www.planalto.gov.br\/ccivil_03\/_ato2019-2022\/2022\/decreto\/D11072.htm\"><span style=\"color: #3366ff;text-decoration: underline\">Decreto N. 11.072, de 17 de maio de 2022<\/span><\/a><\/span><\/span>, que instituiu o Programa de Gest&atilde;o e Desempenho - PGD da administra&ccedil;&atilde;o p&uacute;blica federal direta, aut&aacute;rquica e fundacional.<\/p>\r\n<p dir=\"ltr\">- a <span style=\"text-decoration: underline\"><span style=\"color: #3366ff\"><a href=\"https:\/\/www.in.gov.br\/en\/web\/dou\/-\/portaria-n-267-de-30-de-abril-de-2021-317433867\"><span style=\"color: #3366ff;text-decoration: underline\">Portaria N. 267, de 30 de abril de 2021<\/span><\/a><\/span><\/span>, que autoriza a implementa&ccedil;&atilde;o do programa de gest&atilde;o pelas unidades do Minist&eacute;rio da Educa&ccedil;&atilde;o - MEC e de suas entidades vinculadas;<\/p>\r\n<p dir=\"ltr\">- <span style=\"text-decoration: underline\"><span style=\"color: #3366ff\"><a href=\"https:\/\/www.in.gov.br\/en\/web\/dou\/-\/instrucao-normativa-sgp-seges-\/me-n-2-de-10-de-janeiro-de-2023-457679698\"><span style=\"color: #3366ff;text-decoration: underline\">Instru&ccedil;&atilde;o Normativa SGPSEGES\/SEDGG\/ME n&ordm; 2\/2023<\/span><\/a><\/span><\/span>, que revoga a <span style=\"text-decoration: underline\"><span style=\"color: #3366ff\"><a href=\"https:\/\/www.in.gov.br\/en\/web\/dou\/-\/instrucao-normativa-sgp-seges\/sedgg\/me-n-89-de-13-de-dezembro-de-2022-451152923\"><span style=\"color: #3366ff;text-decoration: underline\">Instru&ccedil;&atilde;o Normativa SGP-SEGES\/SEDGG\/ME n&ordm; 89, de 13 de dezembro de 2022<\/span><\/a><\/span><\/span>, que estabelece orienta&ccedil;&otilde;es, crit&eacute;rios e procedimentos gerais a serem observados pelos &oacute;rg&atilde;os e entidades integrantes do Sistema de Pessoal Civil da Administra&ccedil;&atilde;o Federal - Sipec e do Sistema de Organiza&ccedil;&atilde;o e Inova&ccedil;&atilde;o Institucional do Governo Federal - Siorg relativos &agrave; implementa&ccedil;&atilde;o de Programa de Gest&atilde;o e Desempenho - PGD, e d&aacute; outras provid&ecirc;ncias;<\/p>\r\n<p dir=\"ltr\">- o <span style=\"text-decoration: underline\"><span style=\"color: #3366ff\"><a href=\"https:\/\/www.ufsm.br\/pro-reitorias\/proplan\/estatuto-ufsm-2010\"><span style=\"color: #3366ff;text-decoration: underline\">Estatuto da Universidade Federal de Santa Maria<\/span><\/a><\/span><\/span> com as adequa&ccedil;&otilde;es aprovadas pela<span style=\"text-decoration: underline\"><span style=\"color: #3366ff\"><a href=\"https:\/\/www.ufsm.br\/pro-reitorias\/proplan\/resolucao-n-037-2010\"><span style=\"color: #3366ff;text-decoration: underline\"> Resolu&ccedil;&atilde;o UFSM N. 037, de 30 de novembro de 2010<\/span><\/a><\/span><\/span>, aprovado pela <span style=\"text-decoration: underline\"><span style=\"color: #3366ff\"><a href=\"\/\/www.ufsm.br\/app\/uploads\/2018\/08\/Estatuto-da-UFSM.pdf\"><span style=\"color: #3366ff;text-decoration: underline\">Portaria N. 156, de 12 de mar&ccedil;o de 2014<\/span><\/a><\/span><\/span>, e publicado no Di&aacute;rio Oficial da Uni&atilde;o em 13 de mar&ccedil;o de 2014;&nbsp;<\/p>\r\n<p dir=\"ltr\">- o <span style=\"text-decoration: underline\"><span style=\"color: #3366ff;text-decoration: underline\"><a href=\"https:\/\/www.ufsm.br\/pro-reitorias\/proplan\/resolucao-n-016-2019\"><span style=\"color: #3366ff;text-decoration: underline\">Regimento da UFSM<\/span><\/a><\/span><\/span>, disposto na <span style=\"text-decoration: underline\"><span style=\"color: #3366ff;text-decoration: underline\"><a href=\"https:\/\/www.ufsm.br\/pro-reitorias\/proplan\/resolucao-n-006-2011\"><span style=\"color: #3366ff;text-decoration: underline\">Resolu&ccedil;&atilde;o UFSM N. 006, de 28 de abril de 2011<\/span><\/a><\/span><\/span>, atualizado pela <span style=\"text-decoration: underline\"><span style=\"color: #3366ff;text-decoration: underline\"><a href=\"https:\/\/www.ufsm.br\/pro-reitorias\/proplan\/resolucao-n-016-2019\"><span style=\"color: #3366ff;text-decoration: underline\">Resolu&ccedil;&atilde;o UFSM N. 016, de 02 de julho de 2019<\/span><\/a><\/span><\/span>;&nbsp;&nbsp;<\/p>\r\n<p dir=\"ltr\">- a <span style=\"text-decoration: underline\"><span style=\"color: #3366ff\"><a href=\"https:\/\/www.ufsm.br\/pro-reitorias\/proplan\/resolucao-ufsm-n-054-2021\"><span style=\"color: #3366ff;text-decoration: underline\">Resolu&ccedil;&atilde;o UFSM N. 054, de 1&ordm; de junho de 2021<\/span><\/a><\/span><\/span>, que regulamenta a proposi&ccedil;&atilde;o e a emiss&atilde;o de Atos Normativos no &acirc;mbito da Universidade Federal de Santa Maria;<\/p>\r\n<p dir=\"ltr\"><span>-&nbsp; a <a href=\"https:\/\/www.ufsm.br\/pro-reitorias\/proplan\/portaria-normativa-ufsm-n-062-de-10-de-maio-de-2023\"><span style=\"text-decoration: underline\"><span style=\"color: #3366ff;text-decoration: underline\">Portaria Normativa UFSM N. 062\/2023, de 10 de maio de 2023<\/span><\/span><\/a>, que aprova a cria&ccedil;&atilde;o do &oacute;rg&atilde;o colegiado denominado &ldquo;Comiss&atilde;o de Implementa&ccedil;&atilde;o e Acompanhamento do Programa de Gest&atilde;o e Desempenho (CIAPGD) na UFSM&rdquo; vinculado ao &ldquo;Gabinete do Reitor&rdquo; da estrutura organizacional da Universidade Federal de Santa Maria (UFSM). e,<\/span><\/p>\r\n<p dir=\"ltr\"><span>- o que consta no ao <a href=\"https:\/\/portal.ufsm.br\/documentos\/publico\/processo\/documento.html?idDocumento=14649928\"><span style=\"text-decoration: underline\"><span style=\"color: #3366ff;text-decoration: underline\">Processo N. 23081.059472\/2023-16<\/span><\/span><\/a>.<\/span><\/p>\r\n<p><span><span>&nbsp;<\/span><\/span><\/p>\r\n<p dir=\"ltr\"><span>RESOLVE:<\/span><\/p>\r\n<p><span><span>&nbsp;<\/span><\/span><\/p>\r\n<p dir=\"ltr\"><span>Art. 1<\/span><span><span>o<\/span><\/span><span> Alterar o inciso II do Art. 5&ordm; da <a href=\"https:\/\/www.ufsm.br\/pro-reitorias\/proplan\/portaria-normativa-ufsm-n-062-de-10-de-maio-de-2023\"><span style=\"text-decoration: underline\"><span style=\"color: #3366ff;text-decoration: underline\">Portaria Normativa UFSM N. 062, de 10 de maio de 2023<\/span><\/span><\/a>, que aprova a cria&ccedil;&atilde;o do &oacute;rg&atilde;o colegiado denominado &ldquo;Comiss&atilde;o de Implementa&ccedil;&atilde;o e Acompanhamento do Programa de Gest&atilde;o e Desempenho (CIAPGD) na UFSM&rdquo;, vinculado ao &ldquo;Gabinete do Reitor&rdquo; da estrutura organizacional da Universidade Federal de Santa Maria (UFSM).<\/span><\/p>\r\n<p dir=\"ltr\"><span>Par&aacute;grafo &uacute;nico. O inciso II do Artigo 5&ordm;, passa a vigorar com a seguinte reda&ccedil;&atilde;o:<\/span><\/p>\r\n<p dir=\"ltr\"><span>&ldquo;(...)<\/span><\/p>\r\n<p dir=\"ltr\"><span>II &ndash; 2 (dois) representantes titulares e 2 (dois) suplentes da Pr&oacute;-Reitoria de Gest&atilde;o de Pessoas (PROGEP);<\/span><\/p>\r\n<p dir=\"ltr\"><span>(...)&rdquo;<\/span><\/p>\r\n<p dir=\"ltr\"><span>Art. 2&ordm; Esta Portaria Normativa entra em vigor em 05 de julho de 2023, por se tratar de urg&ecirc;ncia justi\ufb01cada no expediente administrativo, de acordo com o que prev&ecirc; o Artigo 4&ordm; do <a href=\"https:\/\/www.in.gov.br\/en\/web\/dou\/-\/decreto-n-10.139-de-28-de-novembro-de-2019-230458659\"><span style=\"text-decoration: underline\"><span style=\"color: #3366ff;text-decoration: underline\">Decreto N. 10.139, de 28 de novembro de 2019<\/span><\/span><\/a>.<\/span><\/p>\r\n<p dir=\"ltr\"><span>Par&aacute;grafo &uacute;nico. Havendo qualquer modifica&ccedil;&atilde;o legislativa, ou ainda, havendo qualquer situa&ccedil;&atilde;o legal que impacte na legalidade da presente Portaria Normativa, a mesma se aplica de imediato.<\/span><\/p>\r\n<p><span>&nbsp;<\/span><\/p>\r\n\r\n\r\n\r\n<p>Martha Bohrer Adaime<\/p>\r\n<p>Vice-Reitora<\/p>\r\n<br>\r\n<p><font color=\"red0000\">Este texto n\u00e3o substitui o documento original, publicado no Portal de Documentos.<\/font> Dispon\u00edvel em: <a href=\"https:\/\/portal.ufsm.br\/documentos\/publico\/documento.html?idDocumento=14712606\" target=\"_blank\"><font color=\"blue\">https:\/\/portal.ufsm.br\/documentos\/publico\/documento.html?idDocumento=14712606<\/font><\/a>\r\n\t\t<\/div>\n\t\t\t\t<\/div>\n\t\t\t\t\t<\/div>\n\t\t<\/div>\n\t\t\t\t\t<\/div>\n\t\t<\/section>\n\t\t\t\t<\/div>\n\t\t","protected":false},"excerpt":{"rendered":"<p>\ufeffPORTARIA NORMATIVA UFSM N. 066, DE 03 DE JULHO DE 2023 MINIST\u00c9RIO DA EDUCA\u00c7\u00c3O UNIVERSIDADE FEDERAL DE SANTA MARIA PORTARIA NORMATIVA UFSM N. 066, DE 03 DE JULHO DE 2023 Altera o inciso II do Art. 5o da Portaria Normativa UFSM N. 062\/2023, que aprova a cria\u00e7\u00e3o do \u00f3rg\u00e3o colegiado denominado \u201cComiss\u00e3o de Implementa\u00e7\u00e3o e [&hellip;]<\/p>\n","protected":false},"author":5547,"featured_media":0,"parent":0,"menu_order":0,"comment_status":"closed","ping_status":"closed","template":"","meta":{"footnotes":""},"categories":[],"tags":[],"class_list":["post-5431","page","type-page","status-publish","hentry"],"acf":[],"_links":{"self":[{"href":"https:\/\/www.ufsm.br\/pro-reitorias\/proplan\/wp-json\/wp\/v2\/pages\/5431","targetHints":{"allow":["GET"]}}],"collection":[{"href":"https:\/\/www.ufsm.br\/pro-reitorias\/proplan\/wp-json\/wp\/v2\/pages"}],"about":[{"href":"https:\/\/www.ufsm.br\/pro-reitorias\/proplan\/wp-json\/wp\/v2\/types\/page"}],"author":[{"embeddable":true,"href":"https:\/\/www.ufsm.br\/pro-reitorias\/proplan\/wp-json\/wp\/v2\/users\/5547"}],"replies":[{"embeddable":true,"href":"https:\/\/www.ufsm.br\/pro-reitorias\/proplan\/wp-json\/wp\/v2\/comments?post=5431"}],"version-history":[{"count":0,"href":"https:\/\/www.ufsm.br\/pro-reitorias\/proplan\/wp-json\/wp\/v2\/pages\/5431\/revisions"}],"wp:attachment":[{"href":"https:\/\/www.ufsm.br\/pro-reitorias\/proplan\/wp-json\/wp\/v2\/media?parent=5431"}],"wp:term":[{"taxonomy":"category","embeddable":true,"href":"https:\/\/www.ufsm.br\/pro-reitorias\/proplan\/wp-json\/wp\/v2\/categories?post=5431"},{"taxonomy":"post_tag","embeddable":true,"href":"https:\/\/www.ufsm.br\/pro-reitorias\/proplan\/wp-json\/wp\/v2\/tags?post=5431"}],"curies":[{"name":"wp","href":"https:\/\/api.w.org\/{rel}","templated":true}]}}