{"id":5435,"date":"2023-07-12T13:58:29","date_gmt":"2023-07-12T16:58:29","guid":{"rendered":"https:\/\/www.ufsm.br\/pro-reitorias\/proplan\/?page_id=5435"},"modified":"2025-08-21T15:04:40","modified_gmt":"2025-08-21T18:04:40","slug":"resolucao-ufsm-n-136-de-07-de-julho-de-2023","status":"publish","type":"page","link":"https:\/\/www.ufsm.br\/pro-reitorias\/proplan\/resolucao-ufsm-n-136-de-07-de-julho-de-2023","title":{"rendered":"RESOLU\u00c7\u00c3O UFSM N\u00b0 136\/2023"},"content":{"rendered":"\t\t<div data-elementor-type=\"wp-page\" data-elementor-id=\"5435\" class=\"elementor elementor-5435\">\n\t\t\t\t\t\t<section class=\"elementor-section elementor-top-section elementor-element elementor-element-60fef13 elementor-section-boxed elementor-section-height-default elementor-section-height-default\" data-id=\"60fef13\" data-element_type=\"section\">\n\t\t\t\t\t\t<div class=\"elementor-container elementor-column-gap-default\">\n\t\t\t\t\t<div class=\"elementor-column elementor-col-100 elementor-top-column elementor-element elementor-element-f480372\" data-id=\"f480372\" data-element_type=\"column\">\n\t\t\t<div class=\"elementor-widget-wrap elementor-element-populated\">\n\t\t\t\t\t\t<div class=\"elementor-element elementor-element-51c1da9 elementor-widget elementor-widget-html\" data-id=\"51c1da9\" data-element_type=\"widget\" data-widget_type=\"html.default\">\n\t\t\t\t<div class=\"elementor-widget-container\">\n\t\t\t\r\n\r\n\r\n<title><b>RESOLU\u00c7\u00c3O UFSM N. 136, DE 07 DE JULHO DE 2023<\/b><\/title>\r\n\r\n\r\n<div align=\"center\"><img decoding=\"async\" src=\"https:\/\/www.ufsm.br\/pro-reitorias\/proplan\/wp-content\/uploads\/sites\/344\/2019\/09\/brasao-da-republica-do-brasil-logo.png\" alt=\"Bras\u00e3o Rep\u00fablica Federativa do Brasil\" width=\"6%\" height=\"6%\"><\/div>  <h1><font color=\"blue\"><font size=\"5\"><div align=\"center\">MINIST\u00c9RIO DA EDUCA\u00c7\u00c3O<\/div><\/font><\/font><\/H1>\r\n<b><font color=\"0000blue\"><div align=\"center\">UNIVERSIDADE FEDERAL DE SANTA MARIA<\/div><\/font><\/b>\r\n<p><div align=\"center\"><b><a href=\"https:\/\/portal.ufsm.br\/documentos\/publico\/documento.html?id=14618360\" target=\"_blank\"><font color=\"blue\">RESOLU\u00c7\u00c3O UFSM N\u00b0 136, DE 07 DE JULHO DE 2023<\/font><\/a><\/b><\/div>\r\n<br>\r\n<p><div align=\"right\"><font color=\"800000\">Or\u00e7a a Receita e fixa a Despesa da Universidade Federal de Santa Maria para o Exerc\u00edcio Financeiro de 2023.<\/font><\/div>\r\n<br>\r\n<br><div align=\"justify\">\r\n<p>O REITOR DA UNIVERSIDADE FEDERAL DE SANTA MARIA, no uso de suas atribui\u00e7\u00f5es legais e estatut\u00e1rias e considerando:<\/p>\r\n<p style=\"text-align: justify\">- a <span style=\"color: #0000ff;text-decoration: underline\"><a href=\"https:\/\/www.planalto.gov.br\/ccivil_03\/leis\/l9394.htm\"><span style=\"color: #0000ff;text-decoration: underline\">Lei N. 9.394, de 20 de dezembro de 1996<\/span><\/a><\/span>, que estabelece as diretrizes e bases da educa&ccedil;&atilde;o nacional;<\/p>\r\n<p style=\"text-align: justify\">- a <span style=\"color: #0000ff;text-decoration: underline\"><a href=\"http:\/\/www.planalto.gov.br\/ccivil_03\/leis\/lcp\/lcp95.htm\"><span style=\"color: #0000ff;text-decoration: underline\">Lei Complementar N. 95, de 26 de fevereiro de 1998<\/span><\/a><\/span>, que disp&otilde;e sobre a elabora&ccedil;&atilde;o, a reda&ccedil;&atilde;o, a altera&ccedil;&atilde;o e a consolida&ccedil;&atilde;o das leis, conforme determina o Par&aacute;grafo &Uacute;nico do Art. 59 da Constitui&ccedil;&atilde;o Federal, e estabelece normas para a consolida&ccedil;&atilde;o dos atos normativos que menciona;<\/p>\r\n<p style=\"text-align: justify\">- o <a href=\"https:\/\/www2.camara.leg.br\/legin\/fed\/decret\/2017\/decreto-9191-1-novembro-2017-785689-publicacaooriginal-154137-pe.html\"><span style=\"color: #0000ff;text-decoration: underline\">Decreto N. 9.191, de 1&ordm; de novembro de 2017<\/span><\/a>, que estabelece as normas e as diretrizes para elabora&ccedil;&atilde;o, reda&ccedil;&atilde;o, altera&ccedil;&atilde;o, consolida&ccedil;&atilde;o e encaminhamento de propostas de atos normativos ao Presidente da Rep&uacute;blica pelos Ministros de Estado;<\/p>\r\n<p style=\"text-align: justify\">- a <a href=\"http:\/\/www.planalto.gov.br\/ccivil_03\/_ato2019-2022\/2022\/lei\/l14436.htm\"><span style=\"color: #0000ff;text-decoration: underline\">Lei N. 14.436, de 09 de agosto de 2022<\/span><\/a>, que disp&otilde;e sobre as diretrizes para a elabora&ccedil;&atilde;o da Lei Or&ccedil;ament&aacute;ria de 2023 e d&aacute; outras provid&ecirc;ncias;<\/p>\r\n<p style=\"text-align: justify\">- a estimativa de receita e a fixa&ccedil;&atilde;o de despesa definidas na <a href=\"https:\/\/legislacao.presidencia.gov.br\/atos\/?tipo=LEI&amp;numero=14535&amp;ano=2023&amp;ato=c19ATRE10MZpWT487\"><span style=\"color: #0000ff;text-decoration: underline\">Lei Or&ccedil;ament&aacute;ria Anual n. 14.535, de 17 de janeiro de 2023<\/span><\/a> que estima a receita e fixa a despesa da Uni&atilde;o para o exerc&iacute;cio financeiro de 2023;<\/p>\r\n<p style=\"text-align: justify\">- o <a href=\"http:\/\/www.planalto.gov.br\/ccivil_03\/_ato2023-2026\/2023\/decreto\/D11415.htm\"><span style=\"color: #0000ff;text-decoration: underline\">Decreto n&ordm; 11.415, de 16 de fevereiro de 2023<\/span><\/a>, que disp&otilde;e sobre a programa&ccedil;&atilde;o or&ccedil;ament&aacute;ria e financeira, estabelece o cronograma de execu&ccedil;&atilde;o mensal de desembolso do Poder Executivo Federal para o exerc&iacute;cio de 2023 e d&aacute; outras provid&ecirc;ncias;<\/p>\r\n<p style=\"text-align: justify\">- a <a href=\"https:\/\/www.in.gov.br\/en\/web\/dou\/-\/portaria-gm\/mpo-n-128-de-11-de-maio-de-2023-482619321\"><span style=\"color: #0000ff;text-decoration: underline\">Portaria GM\/MPO n&ordm; 129, de 11 de maio de 2023<\/span><\/a>, que abre aos Or&ccedil;amentos Fiscal e da Seguridade Social da Uni&atilde;o, em favor de diversos &oacute;rg&atilde;os do Poder Executivo; de Transfer&ecirc;ncias a Estados, Distrito Federal e Munic&iacute;pios; e de Opera&ccedil;&otilde;es Oficiais de Cr&eacute;dito, cr&eacute;dito suplementar no valor de R$ 17.610.019.152,00, para refor&ccedil;o de dota&ccedil;&otilde;es constantes da Lei Or&ccedil;ament&aacute;ria vigente;<\/p>\r\n<p style=\"text-align: justify\">- o <a href=\"https:\/\/www.ufsm.br\/pro-reitorias\/proplan\/estatuto-ufsm-2010\"><span style=\"color: #0000ff;text-decoration: underline\">Estatuto da Universidade Federal de Santa Maria<\/span><\/a>, com as adequa&ccedil;&otilde;es aprovadas pela<a href=\"https:\/\/www.ufsm.br\/pro-reitorias\/proplan\/resolucao-n-037-2010\"><span style=\"color: #0000ff;text-decoration: underline\"> Resolu&ccedil;&atilde;o N. 037\/2010<\/span><\/a> e aprovadas pela <a href=\"https:\/\/www.ufsm.br\/app\/uploads\/2018\/08\/Estatuto-da-UFSM.pdf\"><span style=\"color: #0000ff;text-decoration: underline\">Portaria N. 156, de 12 de mar&ccedil;o de 2014<\/span><\/a>, publicada no Di&aacute;rio Oficial da Uni&atilde;o em 13 de mar&ccedil;o de 2014;<\/p>\r\n<p style=\"text-align: justify\">- o <a href=\"https:\/\/www.ufsm.br\/pro-reitorias\/proplan\/regimento-geral-da-ufsm-com-alteracoes-compiladas-pela-resolucao-n-016-2019\"><span style=\"color: #0000ff;text-decoration: underline\">Regimento Geral da Universidade Federal de Santa Maria<\/span><\/a>, com as adequa&ccedil;&otilde;es aprovadas pela <a href=\"https:\/\/www.ufsm.br\/pro-reitorias\/proplan\/resolucao-n-006-2011\"><span style=\"color: #0000ff;text-decoration: underline\">Resolu&ccedil;&atilde;o N. 006\/2011<\/span><\/a>;<\/p>\r\n<p style=\"text-align: justify\">- a <a href=\"https:\/\/www.ufsm.br\/pro-reitorias\/proplan\/resolucao-ufsm-n-044-2021\"><span style=\"color: #0000ff;text-decoration: underline\">Resolu&ccedil;&atilde;o UFSM N. 044, de 18 de fevereiro de 2021<\/span><\/a>, que aprova a Pol&iacute;tica de Inova&ccedil;&atilde;o da Universidade Federal de Santa Maria, em conson&acirc;ncia com as diretrizes da Pol&iacute;tica Nacional da Ci&ecirc;ncia, Tecnologia e Inova&ccedil;&atilde;o, bem como a cria&ccedil;&atilde;o do Conselho Superior da Ag&ecirc;ncia de Inova&ccedil;&atilde;o e Transfer&ecirc;ncia de Tecnologia (CSA-AGITTEC), alterada pela <a href=\"https:\/\/www.ufsm.br\/pro-reitorias\/proplan\/resolucao-ufsm-n-111-2022\"><span style=\"color: #0000ff;text-decoration: underline\">resolu&ccedil;&atilde;o UFSM N. 111, de 05 de dezembro de 2022<\/span><\/a>;<\/p>\r\n<p style=\"text-align: justify\">- a <a href=\"https:\/\/www.ufsm.br\/pro-reitorias\/proplan\/resolucao-ufsm-n-054-2021\"><span style=\"color: #0000ff;text-decoration: underline\">Resolu&ccedil;&atilde;o UFSM N. 054, de 1&ordm; de junho de 2021<\/span><\/a>, que regulamenta a proposi&ccedil;&atilde;o e a emiss&atilde;o de Atos Normativos no &acirc;mbito da Universidade Federal de Santa Maria;<\/p>\r\n<p style=\"text-align: justify\">- o Parecer N. 003\/2023, da Comiss&atilde;o de Or&ccedil;amento e Reg&ecirc;ncia Patrimonial do Conselho Universit&aacute;rio, aprovado na 220&ordf; Sess&atilde;o, de 26 de junho de 2023, constante do Processo n. <a href=\"https:\/\/portal.ufsm.br\/documentos\/publico\/processo\/documento.html?idDocumento=14618360\"><span style=\"color: #0000ff;text-decoration: underline\">23081.049527\/2023-80<\/span><\/a>;<\/p>\r\n<p style=\"text-align: justify\">- o Parecer N. 003\/2023, da Comiss&atilde;o de Acompanhamento e An&aacute;lise de Processos do Conselho de Curadores, aprovado na 862&ordf; sess&atilde;o, de 30 de junho de 2023, constante do Processo n. <a href=\"https:\/\/portal.ufsm.br\/documentos\/publico\/processo\/documento.html?idDocumento=14618360\"><span style=\"color: #0000ff;text-decoration: underline\">23081.049527\/2023-80<\/span><\/a>.<\/p>\r\n<p style=\"text-align: justify\">&nbsp;<\/p>\r\n<p style=\"text-align: justify\">RESOLVE:<\/p>\r\n<p style=\"text-align: justify\">&nbsp;<\/p>\r\n<p style=\"text-align: justify\">Art. 1<span style=\"text-decoration: underline\"><sup>o<\/sup><\/span> Fica aprovado o Or&ccedil;amento da Universidade Federal de Santa Maria, para o exerc&iacute;cio financeiro de 2023.<\/p>\r\n<p style=\"text-align: justify\">Art. 2<span style=\"text-decoration: underline\"><sup>o<\/sup><\/span> A Receita &eacute; estimada em R$ 1.526.099.903,00 (um bilh&atilde;o, quinhentos e vinte e seis milh&otilde;es, noventa e nove mil, novecentos e tr&ecirc;s reais).<\/p>\r\n<p style=\"text-align: justify\">&sect; 1&ordm; A Receita estimada para a Unidade Or&ccedil;ament&aacute;ria denominado Universidade Federal de Santa Maria (UO 26247) &eacute; de R$ 1.324.175.970,00 (Um bilh&atilde;o, trezentos e vinte e quatro milh&otilde;es, cento e setenta e cinco mil, novecentos e setenta reais).<\/p>\r\n<p style=\"text-align: justify\">&sect; 2&ordm; A Receita estimada para a Unidade Or&ccedil;ament&aacute;ria denominado Hospital Universit&aacute;rio de Santa Maria (UO 26387) &eacute; de R$ 201.923.933,00 (Duzentos e um milh&otilde;es, novecentos e vinte e tr&ecirc;s mil, novecentos e trinta e tr&ecirc;s reais).<\/p>\r\n<p style=\"text-align: justify\">Art. 3<span style=\"text-decoration: underline\"><sup>o<\/sup><\/span> A despesa &eacute; fixada em R$ em R$ 1.526.099.903,00 (um bilh&atilde;o, quinhentos e vinte e seis milh&otilde;es, noventa e nove mil, novecentos e tr&ecirc;s reais), com a seguinte classifica&ccedil;&atilde;o, de acordo com as especifica&ccedil;&otilde;es constantes nos respectivos quadros que fazem parte do Or&ccedil;amento:<\/p>\r\n<p style=\"text-align: justify\">I &ndash; Despesas Correntes:<\/p>\r\n<p style=\"text-align: justify\">a) UO 26247 &ndash; UFSM - Pessoal e Encargos Sociais: R$ 1.150.460.105,00 (um bilh&atilde;o, cento e cinquenta milh&otilde;es, quatrocentos e sessenta mil, cento e cinco reais);<\/p>\r\n<p style=\"text-align: justify\">b) UO 26387 &ndash; HUSM &ndash; Pessoal e Encargos Sociais: R$ 195.532.655 (cento e noventa e cinco milh&otilde;es, quinhentos e trinta e dois mil, seiscentos e cinquenta e cinco reais);<\/p>\r\n<p style=\"text-align: justify\">c) UO 26247 &ndash; UFSM &ndash; Outras Despesas Correntes: R$ 158.975.829,00 (cento e cinquenta e oito milh&otilde;es, novecentos e setenta e cinco mil, oitocentos e vinte e nove reais);<\/p>\r\n<p style=\"text-align: justify\">d) UO 26387 &ndash; HUSM &ndash; Outras Despesas Correntes: R$ 6.391.278,00 (seis milh&otilde;es, trezentos e noventa e um mil, duzentos e setenta e oito reais);<\/p>\r\n<p style=\"text-align: justify\">II &ndash; Despesas de Capital:<\/p>\r\n<p style=\"text-align: justify\">a) UO 26247 &ndash; Investimentos: R$ 14.740.036,00 (quatorze milh&otilde;es, setecentos e quarenta mil e trinta e seis reais).<\/p>\r\n<p style=\"text-align: justify\">Art. 4&ordm; &ndash; Receitas e Despesas delegadas a Funda&ccedil;&atilde;o de Apoio no valor estimado de R$ 5.041.102,60 (cinco milh&otilde;es, quarenta e um mil, cento e dois reais e sessenta centavos).<\/p>\r\n<p style=\"text-align: justify\">&sect; 1&ordm; despesas destinadas a gest&atilde;o pr&oacute;pria da pol&iacute;tica de inova&ccedil;&atilde;o por meio de Projeto de Desenvolvimento Institucional e &agrave; promo&ccedil;&atilde;o da pol&iacute;tica de inova&ccedil;&atilde;o por meio de editais institucionais.<\/p>\r\n<p style=\"text-align: justify\">&sect; 2&ordm; As receitas e despesas previstas neste artigo referem-se aquelas previstas no Art. 19 da <a href=\"https:\/\/www.ufsm.br\/pro-reitorias\/proplan\/resolucao-ufsm-n-044-2021\"><span style=\"color: #0000ff;text-decoration: underline\">Resolu&ccedil;&atilde;o 44\/2021<\/span><\/a><\/p>\r\n<p style=\"text-align: justify\">&sect; 3&ordm; A distribui&ccedil;&atilde;o obedecer&aacute; ao disposto nos anexos da presente resolu&ccedil;&atilde;o.<\/p>\r\n<p style=\"text-align: justify\">Art. 5<span style=\"text-decoration: underline\"><sup>o<\/sup><\/span> Fica o Reitor autorizado a:<\/p>\r\n<p style=\"text-align: justify\">I &ndash; abrir cr&eacute;dito para atendimento das solicita&ccedil;&otilde;es das Unidades Gestoras de recursos, tendo como base o <a href=\"\t\"><\/a><font color=\"blue\"><u>Anexo I desta Resolu&ccedil;&atilde;o<\/font><\/a><\/u>;<\/p>\r\n<p style=\"text-align: justify\">II &ndash; abrir cr&eacute;dito para refor&ccedil;o das dota&ccedil;&otilde;es &agrave; conta de Recursos Pr&oacute;prios, com a utiliza&ccedil;&atilde;o do excesso de arrecada&ccedil;&atilde;o;<\/p>\r\n<p style=\"text-align: justify\">III &ndash; abrir cr&eacute;ditos para inclus&atilde;o de recursos decorrentes de conv&ecirc;nios, aux&iacute;lios e emendas em estrita observ&acirc;ncia aos objetivos e planos de aplica&ccedil;&atilde;o, estabelecidos no instrumento firmado; e,<\/p>\r\n<p style=\"text-align: justify\">IV &ndash; adotar medidas necess&aacute;rias para ajustar os disp&ecirc;ndios programados no Or&ccedil;amento ao efetivo comportamento da Receita.<\/p>\r\n<p style=\"text-align: justify\">Par&aacute;grafo &uacute;nico. Para assegurar a efici&ecirc;ncia na aplica&ccedil;&atilde;o dos recursos, &eacute; facultado o uso de portarias normativas e instru&ccedil;&otilde;es normativas, nos termos da <a href=\"https:\/\/www.ufsm.br\/pro-reitorias\/proplan\/resolucao-ufsm-n-054-2021\"><span style=\"color: #0000ff;text-decoration: underline\">Resolu&ccedil;&atilde;o UFSM N. 054\/2021<\/span><\/a>.<\/p>\r\n\r\n<p style=\"text-align: justify\">Art. 6<span style=\"text-decoration: underline\"><sup>o<\/sup><\/span> Esta resolu&ccedil;&atilde;o entra em vigor 11 de julho de 2023, por se tratar de urg&ecirc;ncia justificada no expediente administrativo.<\/p>\r\n<p style=\"text-align: justify\">Par&aacute;grafo &uacute;nico. Havendo qualquer modifica&ccedil;&atilde;o legislativa, ou ainda, havendo qualquer situa&ccedil;&atilde;o legal que impacte na legalidade da presente Resolu&ccedil;&atilde;o, a mesma se aplica de imediato.<\/p>\r\n<BR>\r\n<p>Luciano Schuch<\/p>\r\n<p>Reitor<\/p>\r\n<br>\r\n<p><font color=\"red0000\">Este texto n\u00e3o substitui o documento original, publicado em 11-07-2023 no Portal de Documentos.<\/font> Dispon\u00edvel em: <a href=\"https:\/\/portal.ufsm.br\/documentos\/publico\/documento.html?id=14618360\"><font color=\"blue\">https:\/\/portal.ufsm.br\/documentos\/publico\/documento.html?id=14618360<\/font><\/a><\/p><\/div>\r\n\r\n \t\t<\/div>\n\t\t\t\t<\/div>\n\t\t\t\t\t<\/div>\n\t\t<\/div>\n\t\t\t\t\t<\/div>\n\t\t<\/section>\n\t\t\t\t<\/div>\n\t\t","protected":false},"excerpt":{"rendered":"<p>RESOLU\u00c7\u00c3O UFSM N. 136, DE 07 DE JULHO DE 2023 MINIST\u00c9RIO DA EDUCA\u00c7\u00c3O UNIVERSIDADE FEDERAL DE SANTA MARIA RESOLU\u00c7\u00c3O UFSM N\u00b0 136, DE 07 DE JULHO DE 2023 Or\u00e7a a Receita e fixa a Despesa da Universidade Federal de Santa Maria para o Exerc\u00edcio Financeiro de 2023. O REITOR DA UNIVERSIDADE FEDERAL DE SANTA MARIA, [&hellip;]<\/p>\n","protected":false},"author":4883,"featured_media":0,"parent":0,"menu_order":0,"comment_status":"closed","ping_status":"closed","template":"","meta":{"footnotes":""},"categories":[],"tags":[],"class_list":["post-5435","page","type-page","status-publish","hentry"],"acf":[],"_links":{"self":[{"href":"https:\/\/www.ufsm.br\/pro-reitorias\/proplan\/wp-json\/wp\/v2\/pages\/5435","targetHints":{"allow":["GET"]}}],"collection":[{"href":"https:\/\/www.ufsm.br\/pro-reitorias\/proplan\/wp-json\/wp\/v2\/pages"}],"about":[{"href":"https:\/\/www.ufsm.br\/pro-reitorias\/proplan\/wp-json\/wp\/v2\/types\/page"}],"author":[{"embeddable":true,"href":"https:\/\/www.ufsm.br\/pro-reitorias\/proplan\/wp-json\/wp\/v2\/users\/4883"}],"replies":[{"embeddable":true,"href":"https:\/\/www.ufsm.br\/pro-reitorias\/proplan\/wp-json\/wp\/v2\/comments?post=5435"}],"version-history":[{"count":0,"href":"https:\/\/www.ufsm.br\/pro-reitorias\/proplan\/wp-json\/wp\/v2\/pages\/5435\/revisions"}],"wp:attachment":[{"href":"https:\/\/www.ufsm.br\/pro-reitorias\/proplan\/wp-json\/wp\/v2\/media?parent=5435"}],"wp:term":[{"taxonomy":"category","embeddable":true,"href":"https:\/\/www.ufsm.br\/pro-reitorias\/proplan\/wp-json\/wp\/v2\/categories?post=5435"},{"taxonomy":"post_tag","embeddable":true,"href":"https:\/\/www.ufsm.br\/pro-reitorias\/proplan\/wp-json\/wp\/v2\/tags?post=5435"}],"curies":[{"name":"wp","href":"https:\/\/api.w.org\/{rel}","templated":true}]}}