{"id":5444,"date":"2023-07-21T10:24:39","date_gmt":"2023-07-21T13:24:39","guid":{"rendered":"https:\/\/www.ufsm.br\/pro-reitorias\/proplan\/?page_id=5444"},"modified":"2023-10-23T17:16:30","modified_gmt":"2023-10-23T20:16:30","slug":"portaria-normativa-conjunta-ufsm-iffar-n-067-2023","status":"publish","type":"page","link":"https:\/\/www.ufsm.br\/pro-reitorias\/proplan\/portaria-normativa-conjunta-ufsm-iffar-n-067-2023","title":{"rendered":"PORTARIA NORMATIVA CONJUNTA UFSM\/IFFar N. 067\/2023"},"content":{"rendered":"\t\t<div data-elementor-type=\"wp-page\" data-elementor-id=\"5444\" class=\"elementor elementor-5444\">\n\t\t\t\t\t\t<section class=\"elementor-section elementor-top-section elementor-element elementor-element-e19c9ba elementor-section-boxed elementor-section-height-default elementor-section-height-default\" data-id=\"e19c9ba\" data-element_type=\"section\">\n\t\t\t\t\t\t<div class=\"elementor-container elementor-column-gap-default\">\n\t\t\t\t\t<div class=\"elementor-column elementor-col-100 elementor-top-column elementor-element elementor-element-de8fb9a\" data-id=\"de8fb9a\" data-element_type=\"column\">\n\t\t\t<div class=\"elementor-widget-wrap elementor-element-populated\">\n\t\t\t\t\t\t<div class=\"elementor-element elementor-element-62eda91 elementor-widget elementor-widget-html\" data-id=\"62eda91\" data-element_type=\"widget\" data-widget_type=\"html.default\">\n\t\t\t\t<div class=\"elementor-widget-container\">\n\t\t\t\ufeff<title><b>PORTARIA NORMATIVA CONJUNTA UFSM\/IFFar N. 067, DE 13 DE JULHO DE 2023<\/b><\/title>\r\n\r\n\r\n<div align=\"center\"><img decoding=\"async\" src=\"https:\/\/www.ufsm.br\/pro-reitorias\/proplan\/wp-content\/uploads\/sites\/344\/2019\/09\/brasao-da-republica-do-brasil-logo.png\" alt=\"Bras\u00e3o Rep\u00fablica Federativa do Brasil\" width=\"6%\" height=\"6%\"><\/div>  <h1><font color=\"blue\"><font size=\"5\"><div align=\"center\">MINIST\u00c9RIO DA EDUCA\u00c7\u00c3O<\/div><\/font><\/font><\/H1>\r\n<b><font color=\"0000blue\"><div align=\"center\">UNIVERSIDADE FEDERAL DE SANTA MARIA<\/div><\/font><\/b>\r\n<p><div align=\"center\"><b><a href=\"https:\/\/portal.ufsm.br\/documentos\/publico\/documento.html?id=14736778\" target=\"_blank\"><font color=\"blue\">PORTARIA NORMATIVA CONJUNTA UFSM\/IFFar N. 067, DE 13 DE JULHO DE 2023<\/font><\/a><\/b><\/div>\r\n<br>\r\n<p><div align=\"justify\"><font color=\"800000\"><ul><ul><ul><ul><ul><ul><ul><ul><ul><ul><ul><ul><ul><ul><ul><ul>Delega responsabilidade para a Finaliza\u00e7\u00e3o dos tr\u00e2mites de Escritura da \u00e1rea do Campus Frederico Westphalen da Universidade Federal de Santa Maria para o Instituto Federal de Educa\u00e7\u00e3o, Ci\u00eancia e Tecnologia Farroupilha.\r\n\r\n<\/font><\/div><\/ul>\r\n<br><div align=\"justify\"><font color=\"black\">\r\n<p>O REITOR DA UNIVERSIDADE FEDERAL DE SANTA MARIA e a REITORA DO INSTITUTO FEDERAL DE EDUCA\u00c7\u00c3O, CI\u00caNCIA E TECNOLOGIA FARROUPILHA, no uso de suas atribui\u00e7\u00f5es legais e estatut\u00e1rias, e considerando:<\/p>\r\n<p>- o que consta do processo administrativo n&ordm; <a href=\"https:\/\/portal.ufsm.br\/documentos\/publico\/processo\/documento.html?idDocumento=14721045\"><span style=\"text-decoration: underline;color: #0000ff\">23081.084555\/2023-43<\/span><\/a>;<\/p>\r\n<p>- A <a href=\"https:\/\/pesquisa.in.gov.br\/imprensa\/jsp\/visualiza\/index.jsp?jornal=1&amp;pagina=85&amp;data=31\/12\/2014\"><span style=\"text-decoration: underline;color: #0000ff\">Portaria MEC n&ordm; 1.075, de 30 de dezembro de 2014, publicada no Di&aacute;rio Oficial da Uni&atilde;o em 31 de dezembro de 2014<\/span><\/a>, que transfere o Col&eacute;gio Agr&iacute;cola de Frederico Westphalen, da Universidade Federal de Santa Maria, para o Instituto Federal de Educa&ccedil;&atilde;o, Ci&ecirc;ncia e Tecnologia Farroupilha, com a denomina&ccedil;&atilde;o Campus Frederico Westphalen, e os acordos realizados durante o processo de migra&ccedil;&atilde;o do Col&eacute;gio Agr&iacute;cola de Frederico Westphalen da UFSM para o IFFar, contidos no processo administrativo n&ordm; <a href=\"https:\/\/portal.ufsm.br\/documentos\/publico\/processo\/documento.html?idDocumento=5226149\"><span style=\"text-decoration: underline;color: #0000ff\">23081.007068\/2012-12<\/span><\/a>, RESOLVEM conjuntamente:<\/p>\r\n<p>&nbsp;<\/p>\r\n<p>Art. 1&ordm; Delegar aos ocupantes dos cargos abaixo relacionados, em conson&acirc;ncia com a organiza&ccedil;&atilde;o administrativa praticada no &acirc;mbito da Universidade Federal de Santa Maria, a responsabilidade pela Finaliza&ccedil;&atilde;o dos tr&acirc;mites de Escritura da &aacute;rea do Campus Frederico Westphalen da Universidade Federal de Santa Maria para o Instituto Federal de Educa&ccedil;&atilde;o, Ci&ecirc;ncia e Tecnologia Farroupilha.<\/p>\r\n<p>I &ndash; Diretor (a) Geral do Campus Frederico Westphalen do Instituto Federal de Educa&ccedil;&atilde;o, Ci&ecirc;ncia e Tecnologia Farroupilha;<\/p>\r\n<p>II &ndash; Diretor (a) de Administra&ccedil;&atilde;o, Or&ccedil;amento e Finan&ccedil;as da Pr&oacute;-Reitoria de Administra&ccedil;&atilde;o do Instituto Federal de Educa&ccedil;&atilde;o, Ci&ecirc;ncia e Tecnologia Farroupilha;<\/p>\r\n<p>III &ndash; Diretor (a) de Planejamento e Desenvolvimento Institucional da Pr&oacute;-Reitoria de Desenvolvimento Institucional;<\/p>\r\n<p>IV &ndash; Diretor (a) do Campus Frederico Westphalen da Universidade Federal de Santa Maria;<\/p>\r\n<p>V &ndash; Pr&oacute;-Reitor (a) de Administra&ccedil;&atilde;o da Universidade Federal de Santa Maria;<\/p>\r\n<p>VI &ndash; Pr&oacute;-Reitor (a) de Planejamento da Universidade Federal de Santa Maria.<\/p>\r\n<p>Art. 2&ordm; Esta Portaria Normativa entra em vigor em 1&ordm; de agosto de 2023, de acordo com o que prev&ecirc; o Artigo 4&ordm; do <a href=\"http:\/\/www.planalto.gov.br\/ccivil_03\/_ato2019-2022\/2019\/decreto\/D10139.htm\" target=\"_blank\"><font color=\"blue\"><u>Decreto N. 10.139, de 28 de novembro de 2019<\/u><\/font><\/a>.<\/p>\r\n<p>Par&aacute;grafo &uacute;nico. Havendo qualquer modifica&ccedil;&atilde;o legislativa ou, ainda, havendo qualquer situa&ccedil;&atilde;o legal que impacte a legalidade da presente Portaria, esta ser&aacute; aplicada de imediato.<\/p>\r\n<p>&nbsp;<\/p>\r\n\r\n\r\n<p>Luciano Schuch<\/p>\r\n<p>Reitor da UFSM<\/p>\r\n<br>\r\n<p>N\u00eddia Heringer<\/p>\r\n<p>Reitora do IFFar<\/p>\r\n\r\n<br>\r\n<p><font color=\"red0000\">Este texto n\u00e3o substitui o documento original, publicado no Portal de Documentos.<\/font> Dispon\u00edvel em: <a href=\"https:\/\/portal.ufsm.br\/documentos\/publico\/documento.html?id=14736778\" target=\"_blank\"><font color=\"blue\">https:\/\/portal.ufsm.br\/documentos\/publico\/documento.html?id=14736778<\/font><\/a>\r\n\t\t<\/div>\n\t\t\t\t<\/div>\n\t\t\t\t\t<\/div>\n\t\t<\/div>\n\t\t\t\t\t<\/div>\n\t\t<\/section>\n\t\t\t\t<\/div>\n\t\t","protected":false},"excerpt":{"rendered":"<p>\ufeffPORTARIA NORMATIVA CONJUNTA UFSM\/IFFar N. 067, DE 13 DE JULHO DE 2023 MINIST\u00c9RIO DA EDUCA\u00c7\u00c3O UNIVERSIDADE FEDERAL DE SANTA MARIA PORTARIA NORMATIVA CONJUNTA UFSM\/IFFar N. 067, DE 13 DE JULHO DE 2023 Delega responsabilidade para a Finaliza\u00e7\u00e3o dos tr\u00e2mites de Escritura da \u00e1rea do Campus Frederico Westphalen da Universidade Federal de Santa Maria para o [&hellip;]<\/p>\n","protected":false},"author":5547,"featured_media":0,"parent":0,"menu_order":0,"comment_status":"closed","ping_status":"closed","template":"","meta":{"footnotes":""},"categories":[],"tags":[],"class_list":["post-5444","page","type-page","status-publish","hentry"],"acf":[],"_links":{"self":[{"href":"https:\/\/www.ufsm.br\/pro-reitorias\/proplan\/wp-json\/wp\/v2\/pages\/5444","targetHints":{"allow":["GET"]}}],"collection":[{"href":"https:\/\/www.ufsm.br\/pro-reitorias\/proplan\/wp-json\/wp\/v2\/pages"}],"about":[{"href":"https:\/\/www.ufsm.br\/pro-reitorias\/proplan\/wp-json\/wp\/v2\/types\/page"}],"author":[{"embeddable":true,"href":"https:\/\/www.ufsm.br\/pro-reitorias\/proplan\/wp-json\/wp\/v2\/users\/5547"}],"replies":[{"embeddable":true,"href":"https:\/\/www.ufsm.br\/pro-reitorias\/proplan\/wp-json\/wp\/v2\/comments?post=5444"}],"version-history":[{"count":0,"href":"https:\/\/www.ufsm.br\/pro-reitorias\/proplan\/wp-json\/wp\/v2\/pages\/5444\/revisions"}],"wp:attachment":[{"href":"https:\/\/www.ufsm.br\/pro-reitorias\/proplan\/wp-json\/wp\/v2\/media?parent=5444"}],"wp:term":[{"taxonomy":"category","embeddable":true,"href":"https:\/\/www.ufsm.br\/pro-reitorias\/proplan\/wp-json\/wp\/v2\/categories?post=5444"},{"taxonomy":"post_tag","embeddable":true,"href":"https:\/\/www.ufsm.br\/pro-reitorias\/proplan\/wp-json\/wp\/v2\/tags?post=5444"}],"curies":[{"name":"wp","href":"https:\/\/api.w.org\/{rel}","templated":true}]}}