{"id":5497,"date":"2023-09-01T14:48:33","date_gmt":"2023-09-01T17:48:33","guid":{"rendered":"https:\/\/www.ufsm.br\/pro-reitorias\/proplan\/?page_id=5497"},"modified":"2025-08-21T15:12:19","modified_gmt":"2025-08-21T18:12:19","slug":"resolucao-ufsm-n-138-de-28-de-agosto-de-2023","status":"publish","type":"page","link":"https:\/\/www.ufsm.br\/pro-reitorias\/proplan\/resolucao-ufsm-n-138-de-28-de-agosto-de-2023","title":{"rendered":"RESOLU\u00c7\u00c3O UFSM N\u00b0 138\/2023"},"content":{"rendered":"\t\t<div data-elementor-type=\"wp-page\" data-elementor-id=\"5497\" class=\"elementor elementor-5497\">\n\t\t\t\t\t\t<section class=\"elementor-section elementor-top-section elementor-element elementor-element-10df8fe elementor-section-boxed elementor-section-height-default elementor-section-height-default\" data-id=\"10df8fe\" data-element_type=\"section\">\n\t\t\t\t\t\t<div class=\"elementor-container elementor-column-gap-default\">\n\t\t\t\t\t<div class=\"elementor-column elementor-col-100 elementor-top-column elementor-element elementor-element-c5af073\" data-id=\"c5af073\" data-element_type=\"column\">\n\t\t\t<div class=\"elementor-widget-wrap elementor-element-populated\">\n\t\t\t\t\t\t<div class=\"elementor-element elementor-element-9648050 elementor-widget elementor-widget-html\" data-id=\"9648050\" data-element_type=\"widget\" data-widget_type=\"html.default\">\n\t\t\t\t<div class=\"elementor-widget-container\">\n\t\t\t<title><b>RESOLU\u00c7\u00c3O UFSM N\u00b0 138, DE 28 DE AGOSTO DE 2023<\/b><\/title>\r\n\r\n\r\n<div align=\"center\"><img decoding=\"async\" src=\"https:\/\/www.ufsm.br\/pro-reitorias\/proplan\/wp-content\/uploads\/sites\/344\/2019\/09\/brasao-da-republica-do-brasil-logo.png\" alt=\"Bras\u00e3o Rep\u00fablica Federativa do Brasil\" width=\"6%\" height=\"6%\"><\/div>  <h1><font color=\"blue\"><font size=\"5\"><div align=\"center\">MINIST\u00c9RIO DA EDUCA\u00c7\u00c3O<\/div><\/font><\/font><\/H1>\r\n<b><font color=\"0000blue\"><div align=\"center\">UNIVERSIDADE FEDERAL DE SANTA MARIA<\/div><\/font><\/b>\r\n<p><div align=\"center\"><b><a href=\"https:\/\/portal.ufsm.br\/documentos\/publico\/documento.html?id=14820795\" target=\"_blank\"><font color=\"blue\">RESOLU\u00c7\u00c3O UFSM N\u00b0 138, DE 28 DE AGOSTO DE 2023<\/font><\/a><\/b><\/div>\r\n<br>\r\n<p><div align=\"justify\"><font color=\"800000\"><ul><ul><ul><ul><ul><ul><ul><ul><ul><ul><ul><ul><ul><ul><ul><ul>Aprova a cria\u00e7\u00e3o do Curso T\u00e9cnico em Inform\u00e1tica para Internet na estrutura organizacional do Col\u00e9gio Polit\u00e9cnico da Universidade Federal de Santa Maria (UFSM) e complementa a Resolu\u00e7\u00e3o UFSM n\u00b0 071\/2021.<\/font><\/div><\/ul>\r\n<br><div align=\"justify\"><font color=\"black\">\r\n<p>O REITOR DA UNIVERSIDADE FEDERAL DE SANTA MARIA, no uso de suas atribui\u00e7\u00f5es legais e estatut\u00e1rias, e considerando:<\/p>\r\n<p>- a <span style=\"text-decoration: underline;color: #0000ff\"><a href=\"https:\/\/www.planalto.gov.br\/ccivil_03\/constituicao\/constituicao.htm\"><span style=\"color: #0000ff\">Constitui&ccedil;&atilde;o da Rep&uacute;blica Federativa do Brasil de 1988<\/span><\/a><\/span>, de 05 de outubro de 1988;<\/p>\r\n<p dir=\"ltr\"><span>- a <span style=\"text-decoration: underline;color: #0000ff\"><a href=\"https:\/\/www.planalto.gov.br\/ccivil_03\/leis\/l8112cons.htm\"><span style=\"color: #0000ff\">Lei n&ordm; 8.112, de 11 de dezembro de 1990<\/span><\/a><\/span>, que disp&otilde;e sobre o regime jur&iacute;dico dos servidores p&uacute;blicos civis da Uni&atilde;o, das autarquias e das funda&ccedil;&otilde;es p&uacute;blicas federais;<\/span><\/p>\r\n<p dir=\"ltr\"><span>- a <span style=\"text-decoration: underline;color: #0000ff\"><a href=\"https:\/\/www.planalto.gov.br\/ccivil_03\/leis\/l9394.htm\"><span style=\"color: #0000ff\">Lei n&ordm; 9.394, de 20 de dezembro de 1996<\/span><\/a><\/span>, que estabelece as diretrizes e bases da educa&ccedil;&atilde;o nacional e suas altera&ccedil;&otilde;es;<\/span><\/p>\r\n<p dir=\"ltr\"><span>- a <span style=\"text-decoration: underline;color: #0000ff\"><a href=\"https:\/\/www.planalto.gov.br\/ccivil_03\/leis\/lcp\/lcp95.htm\"><span style=\"color: #0000ff\"><span>Lei Complementar n&ordm; 95, de 26 de fevereiro de 1998<\/span><\/span><\/a><\/span>, que disp&otilde;e sobre a elabora&ccedil;&atilde;o, a reda&ccedil;&atilde;o, a altera&ccedil;&atilde;o e a consolida&ccedil;&atilde;o das leis, conforme determina o Par&aacute;grafo &Uacute;nico do Art. 59 da <span style=\"color: #0000ff\"><a href=\"https:\/\/www.planalto.gov.br\/ccivil_03\/constituicao\/constituicao.htm\"><span style=\"color: #0000ff\"><span>Constitui&ccedil;&atilde;o Federal<\/span><\/span><\/a><\/span>, e estabelece normas para a consolida&ccedil;&atilde;o dos atos normativos que menciona;<\/span><\/p>\r\n<p dir=\"ltr\"><span>- o <span style=\"text-decoration: underline;color: #0000ff\"><a href=\"https:\/\/www.planalto.gov.br\/ccivil_03\/_ato2015-2018\/2017\/decreto\/d9191.htm\"><span style=\"color: #0000ff\"><span>Decreto n&ordm; 9.191, de 1&ordm; de novembro de 2017<\/span><\/span><\/a><\/span>, que estabelece as normas e as diretrizes para elabora&ccedil;&atilde;o, reda&ccedil;&atilde;o, altera&ccedil;&atilde;o, consolida&ccedil;&atilde;o e encaminhamento de propostas de atos normativos ao Presidente da Rep&uacute;blica pelos Ministros de Estado;<\/span><\/p>\r\n<p dir=\"ltr\"><span>- o <span style=\"text-decoration: underline;color: #0000ff\"><a href=\"https:\/\/www.planalto.gov.br\/ccivil_03\/_ato2019-2022\/2019\/decreto\/d10139.htm\"><span style=\"color: #0000ff\"><span>Decreto n&ordm; 10.139, de 28 de novembro de 2019<\/span><\/span><\/a><\/span>, que disp&otilde;e sobre a revis&atilde;o e a consolida&ccedil;&atilde;o de atos normativos inferiores a decreto;<\/span><\/p>\r\n<p dir=\"ltr\"><span>- a <span style=\"text-decoration: underline;color: #0000ff\"><a href=\"http:\/\/portal.mec.gov.br\/index.php?option=com_content&amp;view=article&amp;id=90891\"><span style=\"color: #0000ff\"><span>Resolu&ccedil;&atilde;o do Conselho Nacional de Educa&ccedil;&atilde;o do Conselho Pleno do Minist&eacute;rio da Educa&ccedil;&atilde;o (CNE\/CP) N. 01, de 5 de janeiro de 2021<\/span><\/span><\/a><\/span>, que define as Diretrizes Curriculares Nacionais Gerais para a Educa&ccedil;&atilde;o Profissional e Tecnol&oacute;gica;<\/span><\/p>\r\n<p dir=\"ltr\">- o <a href=\"https:\/\/www.ufsm.br\/pro-reitorias\/proplan\/estatuto-ufsm-2010\"><span style=\"text-decoration: underline\"><span style=\"color: #0000ff;text-decoration: underline\">Estatuto da Universidade Federal de Santa Maria<\/span><\/span><\/a> com as adequa&ccedil;&otilde;es aprovadas pela <a href=\"https:\/\/www.ufsm.br\/pro-reitorias\/proplan\/resolucao-n-037-2010\"><span style=\"text-decoration: underline\"><span style=\"color: #0000ff;text-decoration: underline\">Resolu&ccedil;&atilde;o UFSM n&ordm; 037, de 30 de novembro de 2010<\/span><\/span><\/a>, aprovado pela Portaria N. 156, de 12 de mar&ccedil;o de 2014, e publicado no Di&aacute;rio Oficial da Uni&atilde;o em 13 de mar&ccedil;o de 2014;<\/p>\r\n<p dir=\"ltr\"><span data-mce-mark=\"1\">- o <a href=\"https:\/\/www.ufsm.br\/pro-reitorias\/proplan\/regimento-geral-da-ufsm-com-alteracoes-compiladas-pela-resolucao-n-016-2019\"><span style=\"text-decoration: underline\"><span style=\"color: #0000ff;text-decoration: underline\">Regimento da UFSM<\/span><\/span><\/a>, disposto na <a href=\"https:\/\/www.ufsm.br\/pro-reitorias\/proplan\/resolucao-n-006-2011\"><span style=\"text-decoration: underline\"><span style=\"color: #0000ff;text-decoration: underline\">Resolu&ccedil;&atilde;o UFSM n&ordm; 006, de 28 de abril de 2011<\/span><\/span><\/a>, atualizado pela <a href=\"https:\/\/www.ufsm.br\/pro-reitorias\/proplan\/resolucao-n-016-2019\"><span style=\"text-decoration: underline\"><span style=\"color: #0000ff;text-decoration: underline\">Resolu&ccedil;&atilde;o UFSM n&ordm; 016, de 02 de julho de 2019<\/span><\/span><\/a>;<\/span><\/p>\r\n<p dir=\"ltr\"><span>- a <a href=\"https:\/\/www.ufsm.br\/pro-reitorias\/proplan\/resolucao-ufsm-n-054-2021\"><span style=\"text-decoration: underline\"><span style=\"color: #0000ff;text-decoration: underline\">Resolu&ccedil;&atilde;o UFSM n&ordm; 054, de 1&ordm; de junho de 2021<\/span><\/span><\/a>, que regulamenta a proposi&ccedil;&atilde;o e a emiss&atilde;o de Atos Normativos no &acirc;mbito da Universidade Federal de Santa Maria;<\/span><\/p>\r\n<p dir=\"ltr\"><span>- a <a href=\"https:\/\/www.ufsm.br\/pro-reitorias\/proplan\/resolucao-ufsm-n-071-2021\"><span style=\"text-decoration: underline\"><span style=\"color: #0000ff;text-decoration: underline\">Resolu&ccedil;&atilde;o UFSM n&ordm; 071, de 20 de dezembro de 2021<\/span><\/span><\/a>, que aprova a consolida&ccedil;&atilde;o dos Cursos T&eacute;cnicos e Ensino M&eacute;dio, com situa&ccedil;&atilde;o &ldquo;em atividade&rdquo;, em cada Unidade de Ensino, da Universidade Federal de Santa Maria (UFSM), em decorr&ecirc;ncia do disposto no <a href=\"https:\/\/www.planalto.gov.br\/ccivil_03\/_ato2019-2022\/2019\/decreto\/d10139.htm\"><span style=\"text-decoration: underline\"><span style=\"color: #0000ff;text-decoration: underline\">Decreto n&ordm;&nbsp; 10.139, de 28 de novembro de 2019<\/span><\/span><\/a>;<\/span><\/p>\r\n<p dir=\"ltr\">- o Parecer 040\/2023 da Comiss&atilde;o de Ensino, Pesquisa e Extens&atilde;o (COMEPE), referente ao <a href=\"https:\/\/portal.ufsm.br\/documentos\/publico\/processo\/documento.html?idDocumento=14704737\"><span style=\"text-decoration: underline\"><span style=\"color: #0000ff;text-decoration: underline\">Processo N. 23081.078810\/2023-19<\/span><\/span><\/a>; e,<\/p>\r\n<p dir=\"ltr\"><span>- o Parecer 090\/2023 da Comiss&atilde;o de Legisla&ccedil;&atilde;o e Regimentos (CLR), aprovado<\/span><span> na 864<\/span><span><span>a<\/span><\/span><span>Sess&atilde;o do Conselho Universit&aacute;rio (CONSU), de <\/span><span>25 de agosto de 2023<\/span><span>, referente ao <a href=\"https:\/\/portal.ufsm.br\/documentos\/publico\/processo\/documento.html?idDocumento=14704737\"><span style=\"text-decoration: underline\"><span style=\"color: #0000ff;text-decoration: underline\">Processo N. 23081.078810\/2023-19<\/span><\/span><\/a>.<\/span><\/p>\r\n<BR>\r\n<p dir=\"ltr\"><span>RESOLVE:<\/span><\/p>\r\n<BR>\r\n<p dir=\"ltr\"><span>Art. 1&ordm; Aprovar a cria&ccedil;&atilde;o do Curso T&eacute;cnico em Inform&aacute;tica para Internet na estrutura organizacional do Col&eacute;gio Polit&eacute;cnico da Universidade Federal de Santa Maria (UFSM) e complementar a <a href=\"https:\/\/www.ufsm.br\/pro-reitorias\/proplan\/resolucao-ufsm-n-071-2021\"><span style=\"text-decoration: underline\"><span style=\"color: #0000ff;text-decoration: underline\">Resolu&ccedil;&atilde;o UFSM n&ordm; 071\/2021<\/span><\/span><\/a>.<\/span><\/p>\r\n<p dir=\"ltr\"><span>&sect; 1&ordm; O Curso T&eacute;cnico em Inform&aacute;tica para Internet ficar&aacute; sob a coordena&ccedil;&atilde;o do Coordenador do Curso T&eacute;cnico em Inform&aacute;tica do Col&eacute;gio Polit&eacute;cnico.<\/span><\/p>\r\n<p dir=\"ltr\"><span>&sect; 2&ordm; A <a href=\"https:\/\/www.ufsm.br\/pro-reitorias\/proplan\/resolucao-ufsm-n-071-2021\"><span style=\"text-decoration: underline\"><span style=\"color: #0000ff;text-decoration: underline\">Resolu&ccedil;&atilde;o UFSM n&ordm; 071, de 20 de dezembro de 2021<\/span><\/span><\/a>, passa a vigorar com a seguinte reda&ccedil;&atilde;o:<\/span><\/p>\r\n<p>&nbsp;<\/p>\r\n<p style=\"margin-left: 2.5cm\">Art. 3&ordm; .................................<\/p>\r\n<p style=\"margin-left: 2.5cm\">XIX &ndash; Ensino M&eacute;dio;<\/p>\r\n<p style=\"margin-left: 2.5cm\">XX &ndash; T&eacute;cnico em Com&eacute;rcio; e,<\/p>\r\n<p style=\"margin-left: 2.5cm\">XXI - T&eacute;cnico em Inform&aacute;tica para Internet.\"<\/p>\r\n<p>&nbsp;<\/p>\r\n<p dir=\"ltr\"><span>Art. 2&ordm; Esta Resolu&ccedil;&atilde;o entra em vigor em <\/span><span>02 de outubro de 2023, <\/span><span>de acordo com o que prev&ecirc; o Artigo 4&ordm; do <a href=\"https:\/\/www.planalto.gov.br\/ccivil_03\/_ato2019-2022\/2019\/decreto\/d10139.htm\"><span style=\"text-decoration: underline\"><span style=\"color: #0000ff;text-decoration: underline\">Decreto n&ordm; 10.139, de 28 de novembro de 2019<\/span><\/span><\/a>.<\/span><\/p>\r\n<p dir=\"ltr\"><span>Par&aacute;grafo &uacute;nico. Havendo qualquer modifica&ccedil;&atilde;o legislativa ou, ainda, havendo qualquer situa&ccedil;&atilde;o legal que impacte na legalidade da presente Resolu&ccedil;&atilde;o, a mesma se aplica de imediato.<\/span><\/p>\r\n<p><span>&nbsp;<\/span><\/p>\r\n<p>Luciano Schuch,<\/p>\r\n<p>Reitor<\/p>\r\n<br>\r\n<p><span>Este texto n&atilde;o substitui o documento original, publicado no Portal de Documentos.<\/span><span>&nbsp;Dispon&iacute;vel em:&nbsp;<a href=\"https:\/\/portal.ufsm.br\/documentos\/publico\/documento.html?id=14820795\"><span style=\"text-decoration: underline\"><span style=\"color: #3366ff;text-decoration: underline\">https:\/\/portal.ufsm.br\/documentos\/publico\/documento.html?idDocumento=14715793<\/span><\/span><\/a><\/span><\/p>\r\n \t\t<\/div>\n\t\t\t\t<\/div>\n\t\t\t\t\t<\/div>\n\t\t<\/div>\n\t\t\t\t\t<\/div>\n\t\t<\/section>\n\t\t\t\t<\/div>\n\t\t","protected":false},"excerpt":{"rendered":"<p>RESOLU\u00c7\u00c3O UFSM N\u00b0 138, DE 28 DE AGOSTO DE 2023 MINIST\u00c9RIO DA EDUCA\u00c7\u00c3O UNIVERSIDADE FEDERAL DE SANTA MARIA RESOLU\u00c7\u00c3O UFSM N\u00b0 138, DE 28 DE AGOSTO DE 2023 Aprova a cria\u00e7\u00e3o do Curso T\u00e9cnico em Inform\u00e1tica para Internet na estrutura organizacional do Col\u00e9gio Polit\u00e9cnico da Universidade Federal de Santa Maria (UFSM) e complementa a Resolu\u00e7\u00e3o [&hellip;]<\/p>\n","protected":false},"author":1466,"featured_media":0,"parent":0,"menu_order":0,"comment_status":"closed","ping_status":"closed","template":"","meta":{"footnotes":""},"categories":[],"tags":[],"class_list":["post-5497","page","type-page","status-publish","hentry"],"acf":[],"_links":{"self":[{"href":"https:\/\/www.ufsm.br\/pro-reitorias\/proplan\/wp-json\/wp\/v2\/pages\/5497","targetHints":{"allow":["GET"]}}],"collection":[{"href":"https:\/\/www.ufsm.br\/pro-reitorias\/proplan\/wp-json\/wp\/v2\/pages"}],"about":[{"href":"https:\/\/www.ufsm.br\/pro-reitorias\/proplan\/wp-json\/wp\/v2\/types\/page"}],"author":[{"embeddable":true,"href":"https:\/\/www.ufsm.br\/pro-reitorias\/proplan\/wp-json\/wp\/v2\/users\/1466"}],"replies":[{"embeddable":true,"href":"https:\/\/www.ufsm.br\/pro-reitorias\/proplan\/wp-json\/wp\/v2\/comments?post=5497"}],"version-history":[{"count":0,"href":"https:\/\/www.ufsm.br\/pro-reitorias\/proplan\/wp-json\/wp\/v2\/pages\/5497\/revisions"}],"wp:attachment":[{"href":"https:\/\/www.ufsm.br\/pro-reitorias\/proplan\/wp-json\/wp\/v2\/media?parent=5497"}],"wp:term":[{"taxonomy":"category","embeddable":true,"href":"https:\/\/www.ufsm.br\/pro-reitorias\/proplan\/wp-json\/wp\/v2\/categories?post=5497"},{"taxonomy":"post_tag","embeddable":true,"href":"https:\/\/www.ufsm.br\/pro-reitorias\/proplan\/wp-json\/wp\/v2\/tags?post=5497"}],"curies":[{"name":"wp","href":"https:\/\/api.w.org\/{rel}","templated":true}]}}