{"id":5530,"date":"2023-10-11T08:46:53","date_gmt":"2023-10-11T11:46:53","guid":{"rendered":"https:\/\/www.ufsm.br\/pro-reitorias\/proplan\/?page_id=5530"},"modified":"2024-03-20T09:40:04","modified_gmt":"2024-03-20T12:40:04","slug":"portaria-normativa-ufsm-n-071-2023","status":"publish","type":"page","link":"https:\/\/www.ufsm.br\/pro-reitorias\/proplan\/portaria-normativa-ufsm-n-071-2023","title":{"rendered":"Portaria Normativa UFSM N. 071\/2023"},"content":{"rendered":"\t\t<div data-elementor-type=\"wp-page\" data-elementor-id=\"5530\" class=\"elementor elementor-5530\">\n\t\t\t\t\t\t<section class=\"elementor-section elementor-top-section elementor-element elementor-element-a37d5f4 elementor-section-boxed elementor-section-height-default elementor-section-height-default\" data-id=\"a37d5f4\" data-element_type=\"section\">\n\t\t\t\t\t\t<div class=\"elementor-container elementor-column-gap-default\">\n\t\t\t\t\t<div class=\"elementor-column elementor-col-100 elementor-top-column elementor-element elementor-element-abc8701\" data-id=\"abc8701\" data-element_type=\"column\">\n\t\t\t<div class=\"elementor-widget-wrap elementor-element-populated\">\n\t\t\t\t\t\t<div class=\"elementor-element elementor-element-d84977a elementor-widget elementor-widget-html\" data-id=\"d84977a\" data-element_type=\"widget\" data-widget_type=\"html.default\">\n\t\t\t\t<div class=\"elementor-widget-container\">\n\t\t\t<title><b>PORTARIA NORMATIVA UFSM N. 071, DE 09 DE OUTUBRO DE 2023<\/b><\/title>\r\n\r\n<div align=\"center\"><img decoding=\"async\" src=\"https:\/\/www.ufsm.br\/pro-reitorias\/proplan\/wp-content\/uploads\/sites\/344\/2019\/09\/brasao-da-republica-do-brasil-logo.png\" alt=\"Bras\u00e3o Rep\u00fablica Federativa do Brasil\" width=\"6%\" height=\"6%\"><\/div>  <h1><font color=\"blue\"><font size=\"5\"><div align=\"center\">MINIST\u00c9RIO DA EDUCA\u00c7\u00c3O<\/div><\/font><\/font><\/H1>\r\n<b><font color=\"0000blue\"><div align=\"center\">UNIVERSIDADE FEDERAL DE SANTA MARIA<\/div><\/font><\/b>\r\n<p><div align=\"center\"><b><a href=\"https:\/\/www.ufsm.br\/pro-reitorias\/proplan\/portaria-normativa-ufsm-n-074-2024\" target=\"_blank\"><font color=\"blue\">PORTARIA NORMATIVA UFSM N. 071, DE 29 DE FEVEREIRO DE 2024<\/font><\/a><\/b><\/div>\r\n<br>\r\n<p><div align=\"justify\"><font color=\"800000\"><ul><ul><ul><ul><ul><ul><ul><ul><ul><ul><ul><ul><ul><ul><ul><ul><strike>Remaneja e aloca Cargos Comissionados no \u00e2mbito da Pr\u00f3-Reitoria de Planejamento da Universidade Federal de Santa Maria.<\/font><\/div><\/ul>\r\n<br><div align=\"justify\"><font color=\"black\"><\/strike><\/font><\/div><\/ul>\r\n<br>\r\n<br>\r\n<p><a href=\"https:\/\/www.ufsm.br\/pro-reitorias\/proplan?page_id=5624\" target=\"_blank\"><font color=\"blue\">Revogada pela Portaria Normativa UFSM N. 074\/2024<\/font><\/a><\/p>\r\n<br>\r\n<br><div align=\"justify\"><font color=\"black\">\r\n<strike>\r\n<p>A VICE-REITORA DA UNIVERSIDADE FEDERAL DE SANTA MARIA, no exerc\u00edcio da reitoria, no uso de suas atribui\u00e7\u00f5es legais e estatut\u00e1rias, e considerando:<\/p>\r\n<p>- a <a href=\"http:\/\/www.planalto.gov.br\/ccivil_03\/constituicao\/constituicao.htm\" target=\"_blank\"><font color=\"blue\"><u>Constitui\u00e7\u00e3o da Rep\u00fablica Federativa do Brasil de 1988, de 05 de outubro de 1988<\/u><\/font><\/a>;\r\n<p>- a <a href=\"http:\/\/www.planalto.gov.br\/ccivil_03\/leis\/l8112cons.htm\" target=\"_blank\"><font color=\"blue\"><u>Lei N. 8.112, de 11 de dezembro de 1990<\/u><\/font><\/a>, que disp\u00f5e sobre o regime jur\u00eddico dos servidores p\u00fablicos civis da Uni\u00e3o, das autarquias e das funda\u00e7\u00f5es p\u00fablicas federais;\r\n<p>- a <a href=\"https:\/\/www.planalto.gov.br\/ccivil_03\/leis\/l9394.htm\" target=\"_blank\"><font color=\"blue\"><u>Lei N. 9.394, de 20 de dezembro de 1996<\/u><\/font><\/a>, que estabelece as diretrizes e bases da educa\u00e7\u00e3o nacional e suas altera\u00e7\u00f5es; \r\n<p>- a <a href=\"http:\/\/www.planalto.gov.br\/ccivil_03\/leis\/lcp\/lcp95.htm\" target=\"_blank\"><font color=\"blue\"><u>Lei Complementar N. 95, de 26 de fevereiro de 1998<\/u><\/font><\/a>, que disp\u00f5e sobre a elabora\u00e7\u00e3o, a reda\u00e7\u00e3o, a altera\u00e7\u00e3o e a consolida\u00e7\u00e3o das leis, conforme determina o Par\u00e1grafo \u00danico do Art. 59 da Constitui\u00e7\u00e3o Federal, e estabelece normas para a consolida\u00e7\u00e3o dos atos normativos que menciona;\r\n<p>- o <a href=\"https:\/\/www.planalto.gov.br\/ccivil_03\/_ato2015-2018\/2017\/decreto\/d9191.htm\" target=\"_blank\"><font color=\"blue\"><u>Decreto N. 9.191, de 1\u00b0 de novembro de 2017<\/u><\/font><\/a>, que estabelece as normas e as diretrizes para elabora\u00e7\u00e3o, reda\u00e7\u00e3o, altera\u00e7\u00e3o, consolida\u00e7\u00e3o e encaminhamento de propostas de atos normativos ao Presidente da Rep\u00fablica pelos Ministros de Estado;\r\n<p>- o <a href=\"https:\/\/www.planalto.gov.br\/ccivil_03\/_ato2019-2022\/2019\/decreto\/d9739.htm \" target=\"_blank\"><font color=\"blue\"><u>Decreto n\u00b0 9.739, de 28 de mar\u00e7o de 2019<\/u><\/font><\/a>, que estabelece medidas de efici\u00eancia organizacional para o aprimoramento da administra\u00e7\u00e3o p\u00fablica federal direta, aut\u00e1rquica e fundacional, estabelece normas sobre concursos p\u00fablicos e disp\u00f5e sobre o Sistema de Organiza\u00e7\u00e3o e Inova\u00e7\u00e3o Institucional do Governo Federal - SIORG; \r\n<p>- o <a href=\"http:\/\/www.planalto.gov.br\/ccivil_03\/_ato2019-2022\/2019\/decreto\/D10139.htm\" target=\"_blank\"><font color=\"blue\"><u>Decreto N. 10.139, de 28 de novembro de 2019<\/u><\/font><\/a>, que disp\u00f5e sobre a revis\u00e3o e a consolida\u00e7\u00e3o de atos normativos inferiores a decreto;\r\n\r\n<p>- o <a href=\"https:\/\/www.ufsm.br\/pro-reitorias\/proplan\/estatuto-ufsm-2010\/\" target=\"_blank\"><font color=\"blue\"><u>Estatuto da Universidade Federal de Santa Maria<\/u><\/font><\/a> com as adequa\u00e7\u00f5es aprovadas pela <a href=\"https:\/\/www.ufsm.br\/pro-reitorias\/proplan\/resolucao-n-037-2010\/\" target=\"_blank\"><font color=\"blue\"><u>Resolu\u00e7\u00e3o UFSM N. 037, de 30 de novembro de 2010<\/u><\/font><\/a>, aprovado pela <a href=\"https:\/\/pesquisa.in.gov.br\/imprensa\/jsp\/visualiza\/index.jsp?data=13\/03\/2014&amp;jornal=1&amp;pagina=43&amp;totalArquivos=100\" target=\"_blank\"><font color=\"blue\"><u>Portaria N. 156, de 12 de mar\u00e7o de 2014<\/u><\/font><\/a>, e publicado no Di\u00e1rio Oficial da Uni\u00e3o em 13 de mar\u00e7o de 2014; \r\n<p>- o <a href=\"https:\/\/www.ufsm.br\/pro-reitorias\/proplan\/regimento-geral-da-ufsm-com-alteracoes-compiladas-pela-resolucao-n-016-2019\/\" target=\"_blank\"><font color=\"blue\"><u>Regimento da UFSM<\/u><\/font><\/a>, disposto na <a href=\"https:\/\/www.ufsm.br\/pro-reitorias\/proplan\/resolucao-n-006-2011\/\" target=\"_blank\"><font color=\"blue\"><u>Resolu\u00e7\u00e3o UFSM N. 006, de 28 de abril de 2011<\/u><\/font><\/a>, atualizado pela <a><font color=\"blue\"><u>Resolu\u00e7\u00e3o UFSM N. 016, de 02 de julho de 2019<\/u><\/font><\/a>;\r\n<p>- a <a href=\"https:\/\/www.ufsm.br\/pro-reitorias\/proplan\/resolucao-ufsm-n-054-2021\/\" target=\"_blank\"><font color=\"blue\"><u>Resolu\u00e7\u00e3o UFSM N. 054, de 1\u00ba de junho de 2021<\/u><\/font><\/a>, que regulamenta a proposi\u00e7\u00e3o e a emiss\u00e3o de Atos Normativos no \u00e2mbito da Universidade Federal de Santa Maria;\r\n<p>- a <a href=\"https:\/\/www.ufsm.br\/pro-reitorias\/proplan\/portaria-normativa-ufsm-n-040-2021\" target=\"_blank\"><font color=\"blue\"><u> Portaria Normativa UFSM n\u00b0 040, de 30 de dezembro de 2021 <\/u><\/font><\/a>, que estabelece a aloca\u00e7\u00e3o de Cargos Comissionados na Coordenadoria de Planejamento e Avalia\u00e7\u00e3o Institucional e na Coordenadoria de Projetos e Conv\u00eanios da Pr\u00f3-Reitoria de Planejamento da Universidade Federal de Santa Maria (UFSM); e,\r\n<p>- o que consta no processo <a href=\"https:\/\/portal.ufsm.br\/documentos\/publico\/processo\/documento.html?idDocumento=14864234\" target=\"_blank\"><font color=\"blue\"><u>23081.133913\/2023-59<\/u><\/font><\/a>.\r\n<br>\r\n\r\n<p>RESOLVE:\r\n<br>\r\n<p>Art. 1\u00ba Remanejar e alocar Cargos Comissionados no \u00e2mbito da Pr\u00f3-Reitoria de Planejamento da Universidade Federal de Santa Maria.\r\n<p>Art. 2\u00ba Ficam remanejados os seguintes Cargos Comissionados:\r\n<p>I - CD3 da Coordenadoria de Planejamento e Avalia\u00e7\u00e3o Institucional (COPLAI-PROPLAN) para a Coordenadoria de Planejamento Econ\u00f4mico (COPLEC-PROPLAN) da Pr\u00f3-Reitoria de Planejamento (PROPLAN); e,\r\n<p>II - CD4 da Coordenadoria de Planejamento Econ\u00f4mico (COPLEC-PROPLAN) para a Coordenadoria de Planejamento e Avalia\u00e7\u00e3o Institucional (COPLAI-PROPLAN) da Pr\u00f3-Reitoria de Planejamento (PROPLAN).\r\n<p>Par\u00e1grafo \u00fanico. O Cargo de Dire\u00e7\u00e3o (CD 3) atribu\u00eddo ao Pr\u00f3-Reitor Adjunto \u00e9 alocado como autoridade em uma das Coordenadorias da Pr\u00f3-Reitoria de Planejamento, com a denomina\u00e7\u00e3o de autoridade \u201cPr\u00f3-Reitor(a) Adjunto(a)\u201d e as autoridades respons\u00e1veis pelas demais Coordenadorias vinculadas \u00e0 Pr\u00f3-Reitoria de Planejamento s\u00e3o atribu\u00eddos o Cargo de Dire\u00e7\u00e3o (CD4), com a denomina\u00e7\u00e3o de autoridade \u201cCoordenador(a)\u201d.\r\n<p>Art. 2\u00ba Esta Portaria Normativa entra em vigor em 11 de outubro de 2023, por se tratar de urg\u00eancia justi\ufb01cada no expediente administrativo, revogando a <a href=\"https:\/\/www.ufsm.br\/pro-reitorias\/proplan\/portaria-normativa-ufsm-n-040-2021 \" target=\"_blank\"><font color=\"blue\"><u> Portaria Normativa UFSM n. 040, de 30 de dezembro de 2021 <\/u><\/font><\/a>.\r\nPar\u00e1grafo \u00fanico. Havendo modifica\u00e7\u00e3o legislativa ou, ainda, advindo qualquer situa\u00e7\u00e3o legal que impacte na legalidade da presente Portaria Normativa, a mesma se aplica de imediato.\r\n \r\n\r\n<br>\r\n<p>Martha Bohrer Adaime<\/p>\r\n<p>Vice-Reitora<\/p>\r\n<br><strike>\r\n<p><font color=\"red0000\">Este texto n\u00e3o substitui o documento original, publicado no Di\u00e1rio Oficial da Uni\u00e3o (DOU) em 11 de outubro de 2023, dispon\u00edvel em: <a href=\"https:\/\/www.in.gov.br\/en\/web\/dou\/-\/portaria-normativa-ufsm-n-71-de-9-de-outubro-de-2023-515776964\" target=\"_blank\"><font color=\"blue\">https:\/\/www.in.gov.br\/en\/web\/dou\/-\/portaria-normativa-ufsm-n-71-de-9-de-outubro-de-2023-515776964<\/font><\/a><\/font>, e no portal de documentos em: <a href=\"https:\/\/portal.ufsm.br\/documentos\/publico\/documento.html?idDocumento=14870330\" target=\"_blank\"><font color=\"blue\">https:\/\/portal.ufsm.br\/documentos\/publico\/documento.html?idDocumento=14870330<\/font><\/a>\t\t<\/div>\n\t\t\t\t<\/div>\n\t\t\t\t\t<\/div>\n\t\t<\/div>\n\t\t\t\t\t<\/div>\n\t\t<\/section>\n\t\t\t\t<\/div>\n\t\t","protected":false},"excerpt":{"rendered":"<p>PORTARIA NORMATIVA UFSM N. 071, DE 09 DE OUTUBRO DE 2023 MINIST\u00c9RIO DA EDUCA\u00c7\u00c3O UNIVERSIDADE FEDERAL DE SANTA MARIA PORTARIA NORMATIVA UFSM N. 071, DE 29 DE FEVEREIRO DE 2024 Remaneja e aloca Cargos Comissionados no \u00e2mbito da Pr\u00f3-Reitoria de Planejamento da Universidade Federal de Santa Maria. Revogada pela Portaria Normativa UFSM N. 074\/2024 A [&hellip;]<\/p>\n","protected":false},"author":4883,"featured_media":0,"parent":0,"menu_order":0,"comment_status":"closed","ping_status":"closed","template":"","meta":{"footnotes":""},"categories":[],"tags":[],"class_list":["post-5530","page","type-page","status-publish","hentry"],"acf":[],"_links":{"self":[{"href":"https:\/\/www.ufsm.br\/pro-reitorias\/proplan\/wp-json\/wp\/v2\/pages\/5530","targetHints":{"allow":["GET"]}}],"collection":[{"href":"https:\/\/www.ufsm.br\/pro-reitorias\/proplan\/wp-json\/wp\/v2\/pages"}],"about":[{"href":"https:\/\/www.ufsm.br\/pro-reitorias\/proplan\/wp-json\/wp\/v2\/types\/page"}],"author":[{"embeddable":true,"href":"https:\/\/www.ufsm.br\/pro-reitorias\/proplan\/wp-json\/wp\/v2\/users\/4883"}],"replies":[{"embeddable":true,"href":"https:\/\/www.ufsm.br\/pro-reitorias\/proplan\/wp-json\/wp\/v2\/comments?post=5530"}],"version-history":[{"count":0,"href":"https:\/\/www.ufsm.br\/pro-reitorias\/proplan\/wp-json\/wp\/v2\/pages\/5530\/revisions"}],"wp:attachment":[{"href":"https:\/\/www.ufsm.br\/pro-reitorias\/proplan\/wp-json\/wp\/v2\/media?parent=5530"}],"wp:term":[{"taxonomy":"category","embeddable":true,"href":"https:\/\/www.ufsm.br\/pro-reitorias\/proplan\/wp-json\/wp\/v2\/categories?post=5530"},{"taxonomy":"post_tag","embeddable":true,"href":"https:\/\/www.ufsm.br\/pro-reitorias\/proplan\/wp-json\/wp\/v2\/tags?post=5530"}],"curies":[{"name":"wp","href":"https:\/\/api.w.org\/{rel}","templated":true}]}}