{"id":5621,"date":"2023-11-20T17:10:55","date_gmt":"2023-11-20T20:10:55","guid":{"rendered":"https:\/\/www.ufsm.br\/pro-reitorias\/proplan\/?page_id=5621"},"modified":"2025-08-21T15:52:37","modified_gmt":"2025-08-21T18:52:37","slug":"resolucao-ufsm-n-147-2023","status":"publish","type":"page","link":"https:\/\/www.ufsm.br\/pro-reitorias\/proplan\/resolucao-ufsm-n-147-2023","title":{"rendered":"RESOLU\u00c7\u00c3O UFSM N\u00b0 147\/2023"},"content":{"rendered":"\t\t<div data-elementor-type=\"wp-page\" data-elementor-id=\"5621\" class=\"elementor elementor-5621\">\n\t\t\t\t\t\t<section class=\"elementor-section elementor-top-section elementor-element elementor-element-0a5be22 elementor-section-boxed elementor-section-height-default elementor-section-height-default\" data-id=\"0a5be22\" data-element_type=\"section\">\n\t\t\t\t\t\t<div class=\"elementor-container elementor-column-gap-default\">\n\t\t\t\t\t<div class=\"elementor-column elementor-col-100 elementor-top-column elementor-element elementor-element-8b315dd\" data-id=\"8b315dd\" data-element_type=\"column\">\n\t\t\t<div class=\"elementor-widget-wrap elementor-element-populated\">\n\t\t\t\t\t\t<div class=\"elementor-element elementor-element-d37aa0e elementor-widget elementor-widget-html\" data-id=\"d37aa0e\" data-element_type=\"widget\" data-widget_type=\"html.default\">\n\t\t\t\t<div class=\"elementor-widget-container\">\n\t\t\t\r\n\r\n<title><b>RESOLU\u00c7\u00c3O UFSM N. 147, DE 13 DE NOVEMBRO DE 2023<\/b><\/title>\r\n\r\n\r\n<div align=\"center\"><img decoding=\"async\" src=\"https:\/\/www.ufsm.br\/pro-reitorias\/proplan\/wp-content\/uploads\/sites\/344\/2019\/09\/brasao-da-republica-do-brasil-logo.png\" alt=\"Bras\u00e3o Rep\u00fablica Federativa do Brasil\" width=\"6%\" height=\"6%\"><\/div>  <h1><font color=\"blue\"><font size=\"5\"><div align=\"center\">MINIST\u00c9RIO DA EDUCA\u00c7\u00c3O<\/div><\/font><\/font><\/H1>\r\n<b><font color=\"0000blue\"><div align=\"center\">UNIVERSIDADE FEDERAL DE SANTA MARIA<\/div><\/font><\/b>\r\n<p><div align=\"center\"><b><a href=\"https:\/\/portal.ufsm.br\/documentos\/publico\/documento.html?id=14903497\" target=\"_blank\"><font color=\"blue\">RESOLU\u00c7\u00c3O UFSM N\u00b0 147, DE 13 DE NOVEMBRO DE 2023<\/font><\/a><\/b><\/div>\r\n<br>\r\n<p><div align=\"justify\"><font color=\"800000\"><ul><ul><ul><ul><ul><ul><ul><ul><ul><ul><ul><ul><ul><ul><ul><ul>Altera a denomina\u00e7\u00e3o do Curso de Engenharia Sanit\u00e1ria e Ambiental, vinculado ao Centro de Tecnologia (CT), campus sede da Universidade Federal de Santa Maria (UFSM), alterando a Resolu\u00e7\u00e3o UFSM n\u00b0 029\/2020.<\/font><\/div><\/ul>\r\n\r\n<br><div align=\"justify\"><font color=\"black\">\r\n<p>O REITOR DA UNIVERSIDADE FEDERAL DE SANTA MARIA, no uso de suas atribui\u00e7\u00f5es legais e estatut\u00e1rias e considerando:<\/p>\r\n<p>- a <a href=\"https:\/\/www.planalto.gov.br\/ccivil_03\/constituicao\/constituicao.htm\" style=\"color: blue;text-decoration: underline\"><font color=\"blue\"><u>Constitui\u00e7\u00e3o da Rep\u00fablica Federativa do Brasil de 1988, de 05 de outubro de 1988<\/u><\/font><\/a>;<\/p> <p>- a <a href=\"https:\/\/www.planalto.gov.br\/ccivil_03\/leis\/l8112cons.htm\" style=\"color: blue;text-decoration: underline\"><font color=\"blue\"><u>Lei n\u00b0 8.112, de 11 de dezembro de 1990<\/u><\/font><\/a>, que disp\u00f5e sobre o regime jur\u00eddico dos servidores p\u00fablicos civis da Uni\u00e3o, das autarquias e das funda\u00e7\u00f5es p\u00fablicas federais;<\/p> <p>- a <a href=\"http:\/\/portal.mec.gov.br\/seesp\/arquivos\/pdf\/lei9394_ldbn1.pdf\" style=\"color: blue;text-decoration: underline\"><font color=\"blue\"><u>Lei n\u00b0 9.394, de 20 de dezembro de 1996<\/u><\/font><\/a>, que estabelece as diretrizes e bases da educa\u00e7\u00e3o nacional e suas altera\u00e7\u00f5es;<\/p>\r\n<p>- a <a href=\"http:\/\/www.planalto.gov.br\/ccivil_03\/leis\/lcp\/lcp95.htm\" style=\"color: blue;text-decoration: underline\"><font color=\"blue\"><u>Lei Complementar n\u00b0 95, de 26 de fevereiro de 1998<\/u><\/font><\/a>, que disp\u00f5e sobre a elabora\u00e7\u00e3o, a reda\u00e7\u00e3o, a altera\u00e7\u00e3o e a consolida\u00e7\u00e3o das leis, conforme determina o Par\u00e1grafo \u00danico do Art. 59 da <a href=\"https:\/\/www.planalto.gov.br\/ccivil_03\/constituicao\/constituicao.htm\" style=\"color: blue;text-decoration: underline\"><font color=\"blue\"><u>Constitui\u00e7\u00e3o Federal<\/u><\/font><\/a>, e estabelece normas para a consolida\u00e7\u00e3o dos atos normativos que menciona;<\/p>\r\n<p>- o Art. 7\u00b0 da <a href=\"http:\/\/www.planalto.gov.br\/ccivil_03\/_ato2011-2014\/2012\/lei\/l12677.htm\" style=\"color: blue;text-decoration: underline\"><font color=\"blue\"><u>Lei n\u00b0 12.677, de 25 de junho de 2012<\/u><\/font><\/a>, que disp\u00f5e sobre a cria\u00e7\u00e3o de cargos efetivos, cargos de dire\u00e7\u00e3o e fun\u00e7\u00f5es gratificadas no \u00e2mbito do Minist\u00e9rio da Educa\u00e7\u00e3o, destinados \u00e0s institui\u00e7\u00f5es federais de ensino; altera as <a href=\"https:\/\/www.planalto.gov.br\/ccivil_03\/leis\/l8168.htm\" style=\"color: blue;text-decoration: underline\"><font color=\"blue\"><u>Leis n\u00b0 8.168, de 16 de janeiro de 1991<\/u><\/font><\/a>, <a href=\"https:\/\/www.planalto.gov.br\/ccivil_03\/_ato2007-2010\/2008\/lei\/l11892.htm\" style=\"color: blue;text-decoration: underline\"><font color=\"blue\"><u>n\u00b0 11.892, de 29 de dezembro de 2008<\/u><\/font><\/a>, e <a href=\"http:\/\/www.planalto.gov.br\/ccivil_03\/_Ato2007-2010\/2007\/Lei\/l11526.htm\" style=\"color: blue;text-decoration: underline\"><font color=\"blue\"><u>n\u00b0 11.526, de 4 de outubro de 2007<\/u><\/font><\/a>; revoga as <a href=\"https:\/\/legislacao.presidencia.gov.br\/ficha?\/legisla\/legislacao.nsf\/Viw_Identificacao\/lei%205.490-1968&amp;OpenDocument\" style=\"color: blue;text-decoration: underline\"><font color=\"blue\"><u>Leis n\u00b0 5.490, de 3 de setembro de 1968<\/u><\/font><\/a>, e <a href=\"https:\/\/www.planalto.gov.br\/ccivil_03\/leis\/1970-1979\/l5758.htm\" style=\"color: blue;text-decoration: underline\"><font color=\"blue\"><u>n\u00b0 5.758, de 3 de dezembro de 1971<\/u><\/font><\/a>, e os <a href=\"https:\/\/legislacao.presidencia.gov.br\/ficha\/?\/legisla\/legislacao.nsf\/Viw_Identificacao\/DEL%20245-1967&amp;OpenDocument\" style=\"color: blue;text-decoration: underline\"><font color=\"blue\"><u>Decretos-Leis n\u00b0 245, de 28 de fevereiro de 1967<\/u><\/font><\/a>, <a href=\"https:\/\/www.planalto.gov.br\/ccivil_03\/decreto-lei\/1965-1988\/Del0419.htm\" style=\"color: blue;text-decoration: underline\"><font color=\"blue\"><u>n\u00b0 419, de 10 de janeiro de 1969<\/u><\/font><\/a>, e <a href=\"http:\/\/www.planalto.gov.br\/ccivil_03\/decreto-lei\/1965-1988\/Del0530.htm\" style=\"color: blue;text-decoration: underline\"><font color=\"blue\"><u>n\u00b0 530, de 15 de abril de 1969<\/u><\/font><\/a>; e d\u00e1 outras provid\u00eancias;<\/p>\r\n<p>- a <a href=\"http:\/\/www.planalto.gov.br\/ccivil_03\/_ato2011-2014\/2012\/lei\/l12772.htm\" style=\"color: blue;text-decoration: underline\"><font color=\"blue\"><u>Lei n\u00b0 12.772, de 28 de dezembro de 2012<\/u><\/font><\/a>, que disp\u00f5e sobre a estrutura\u00e7\u00e3o do Plano de Carreiras e Cargos de Magist\u00e9rio Federal; sobre a Carreira do Magist\u00e9rio Superior, de que trata a <a href=\"https:\/\/www.planalto.gov.br\/ccivil_03\/leis\/l7596.htm\" style=\"color: blue;text-decoration: underline\"><font color=\"blue\"><u>Lei n\u00b0 7.596, de 10 de abril de 1987<\/u><\/font><\/a>; sobre o Plano de Carreira e Cargos de Magist\u00e9rio do Ensino B\u00e1sico, T\u00e9cnico e Tecnol\u00f3gico e sobre o Plano de Carreiras de Magist\u00e9rio do Ensino B\u00e1sico Federal, de que trata a <a href=\"http:\/\/www.planalto.gov.br\/ccivil_03\/_ato2007-2010\/2008\/lei\/l11784.htm\" style=\"color: blue;text-decoration: underline\"><font color=\"blue\"><u>Lei n\u00b0 11.784, de 22 de setembro de 2008<\/u><\/font><\/a>; sobre a contrata\u00e7\u00e3o de professores substitutos, visitantes e estrangeiros, de que trata a <a href=\"http:\/\/www.planalto.gov.br\/ccivil_03\/leis\/l8745compilada.htm\" style=\"color: blue;text-decoration: underline\"><font color=\"blue\"><u>Lei n\u00b0 8.745 de 9 de dezembro de 1993<\/u><\/font><\/a>; sobre a remunera\u00e7\u00e3o das Carreiras e Planos Especiais do Instituto Nacional de Estudos e Pesquisas Educacionais An\u00edsio Teixeira e do Fundo Nacional de Desenvolvimento da Educa\u00e7\u00e3o, de que trata a <a href=\"http:\/\/www.planalto.gov.br\/ccivil_03\/_ato2004-2006\/2006\/lei\/l11357.htm\" style=\"color: blue;text-decoration: underline\"><font color=\"blue\"><u>Lei n\u00b0 11.357, de 19 de outubro de 2006<\/u><\/font><\/a>; altera remunera\u00e7\u00e3o do Plano de Cargos T\u00e9cnico-Administrativos em Educa\u00e7\u00e3o; altera as <a href=\"https:\/\/www.planalto.gov.br\/ccivil_03\/leis\/l8745cons.htm\" style=\"color: blue;text-decoration: underline\"><font color=\"blue\"><u>Leis n\u00b0 8.745, de 9 de dezembro de 1993<\/u><\/font><\/a>, <a href=\"http:\/\/www.planalto.gov.br\/ccivil_03\/_ato2007-2010\/2008\/lei\/l11784.htm\" style=\"color: blue;text-decoration: underline\"><font color=\"blue\"><u>11.784, de 22 de setembro de 2008<\/u><\/font><\/a>, <a href=\"http:\/\/www.planalto.gov.br\/ccivil_03\/_ato2004-2006\/2005\/lei\/l11091.htm\" style=\"color: blue;text-decoration: underline\"><font color=\"blue\"><u>11.091, de 12 de janeiro de 2005<\/u><\/font><\/a>, <a href=\"http:\/\/www.planalto.gov.br\/ccivil_03\/_ato2007-2010\/2008\/lei\/l11892.htm\" style=\"color: blue;text-decoration: underline\"><font color=\"blue\"><u>11.892, de 29 de dezembro de 2008<\/u><\/font><\/a>, <a href=\"http:\/\/www.planalto.gov.br\/ccivil_03\/_ato2004-2006\/2006\/lei\/l11357.htm\" style=\"color: blue;text-decoration: underline\"><font color=\"blue\"><u>11.357, de 19 de outubro de 2006<\/u><\/font><\/a>, <a href=\"http:\/\/www.planalto.gov.br\/ccivil_03\/_ato2004-2006\/2006\/lei\/L11344.htm\" style=\"color: blue;text-decoration: underline\"><font color=\"blue\"><u>11.344, de 8 de setembro de 2006<\/u><\/font><\/a>, <a href=\"http:\/\/www.planalto.gov.br\/ccivil_03\/_ato2011-2014\/2012\/lei\/L12702.htm\" style=\"color: blue;text-decoration: underline\"><font color=\"blue\"><u>12.702, de 7 de agosto de 2012<\/u><\/font><\/a>, e <a href=\"https:\/\/www.planalto.gov.br\/ccivil_03\/leis\/l8168.htm\" style=\"color: blue;text-decoration: underline\"><font color=\"blue\"><u>8.168, de 16 de janeiro de 1991<\/u><\/font><\/a>; revoga o Art. 4o da <a href=\"http:\/\/www.planalto.gov.br\/ccivil_03\/_ato2011-2014\/2012\/lei\/l12677.htm\" style=\"color: blue;text-decoration: underline\"><font color=\"blue\"><u>Lei n\u00b0 12.677, de 25 de junho de 2012<\/u><\/font><\/a>; e d\u00e1 outras provid\u00eancias;<\/p>\r\n<p>- o <a href=\"http:\/\/www.planalto.gov.br\/ccivil_03\/_ato2015-2018\/2017\/decreto\/D9191.htm\" style=\"color: blue;text-decoration: underline\"><font color=\"blue\"><u>Decreto n\u00b0 9.191, de 1o de novembro de 2017<\/u><\/font><\/a>, que estabelece as normas e as diretrizes para elabora\u00e7\u00e3o, reda\u00e7\u00e3o, altera\u00e7\u00e3o, consolida\u00e7\u00e3o e encaminhamento de propostas de atos normativos ao Presidente da Rep\u00fablica pelos Ministros de Estado;<\/p>\r\n<p>- o <a href=\"https:\/\/www.gov.br\/planalto\/pt-br\/assuntos\/ministerios\/ministerio-da-educacao\/legislacao\/decretos\/2017\/decreto-9235-de-15-de-dezembro-de-2017.pdf\/@@download\/file\/Decreto%209235.pdf\" style=\"color: blue;text-decoration: underline\"><font color=\"blue\"><u>Decreto n\u00b0 9.235, de 15 de dezembro de 2017<\/u><\/font><\/a>, que disp\u00f5e sobre o exerc\u00edcio das fun\u00e7\u00f5es de regula\u00e7\u00e3o, supervis\u00e3o e avalia\u00e7\u00e3o das institui\u00e7\u00f5es de educa\u00e7\u00e3o superior e dos cursos superiores de gradua\u00e7\u00e3o e de p\u00f3s-gradua\u00e7\u00e3o no sistema federal de ensino; <\/p> <p>- o <a href=\"https:\/\/www.planalto.gov.br\/ccivil_03\/_ato2019-2022\/2019\/decreto\/d9739.htm\" style=\"color: blue;text-decoration: underline\"><font color=\"blue\"><u>Decreto n\u00b0 9.739, de 28 de mar\u00e7o de 2019<\/u><\/font><\/a>, que estabelece medidas de efici\u00eancia organizacional para o aprimoramento da administra\u00e7\u00e3o p\u00fablica federal direta, aut\u00e1rquica e fundacional, estabelece normas sobre concursos p\u00fablicos e disp\u00f5e sobre o Sistema de Organiza\u00e7\u00e3o e Inova\u00e7\u00e3o Institucional do Governo Federal - SIORG;<\/p> <p>- o <a href=\"https:\/\/www.planalto.gov.br\/ccivil_03\/_ato2019-2022\/2019\/decreto\/d10139.htm\" style=\"color: blue;text-decoration: underline\"><font color=\"blue\"><u>Decreto n\u00b0 10.139, de 28 de novembro de 2019<\/u><\/font><\/a>, que disp\u00f5e sobre a revis\u00e3o e a consolida\u00e7\u00e3o de atos normativos inferiores a decreto;<\/p> <p>- a <a href=\"https:\/\/www.gov.br\/conarq\/pt-br\/legislacao-arquivistica\/portarias-federais\/portaria-no-21-de-21-de-dezembro-de-2017\" style=\"color: blue;text-decoration: underline\"><font color=\"blue\"><u>Portaria Normativa MEC n\u00b0 21, de 21 de dezembro de 2017<\/u><\/font><\/a>, que disp\u00f5e sobre o Sistema e-MEC;<\/p> <p>- a Nota n\u00b0 00085\/2021\/PROJUR\/PFUFSM\/PFG\/AGU, assunto p\u00f3s-gradua\u00e7\u00e3o e outros, relacionada ao processo n\u00b0 <a href=\"https:\/\/portal.ufsm.br\/documentos\/publico\/processo\/documento.html?idDocumento=12565168\" style=\"color: blue;text-decoration: underline\"><font color=\"blue\"><u>23081.033503\/2019-22<\/u><\/font><\/a>;<\/p> <p>- o <a href=\"https:\/\/www.ufsm.br\/pro-reitorias\/proplan\/estatuto-ufsm-2010\/\" style=\"color: blue;text-decoration: underline\"><font color=\"blue\"><u>Estatuto da Universidade Federal de Santa Maria<\/u><\/font><\/a> com as adequa\u00e7\u00f5es aprovadas pela <a href=\"https:\/\/www.ufsm.br\/pro-reitorias\/proplan\/resolucao-n-037-2010\/\" style=\"color: blue;text-decoration: underline\"><font color=\"blue\"><u>Resolu\u00e7\u00e3o UFSM N. 037, de 30 de novembro de 2010<\/u><\/font><\/a>, aprovado pela <a href=\"https:\/\/pesquisa.in.gov.br\/imprensa\/jsp\/visualiza\/index.jsp?data=13\/03\/2014&amp;jornal=1&amp;pagina=43&amp;totalArquivos=100\" style=\"color: blue;text-decoration: underline\"><font color=\"blue\"><u>Portaria N. 156, de 12 de mar\u00e7o de 2014<\/u><\/font><\/a>, e publicado no Di\u00e1rio Oficial da Uni\u00e3o em 13 de mar\u00e7o de 2014;<\/p>\r\n<p>- o <a href=\"https:\/\/www.ufsm.br\/pro-reitorias\/proplan\/regimento-geral-da-ufsm-com-alteracoes-compiladas-pela-resolucao-n-016-2019\/\" style=\"color: blue;text-decoration: underline\"><font color=\"blue\"><u>Regimento da UFSM<\/u><\/font><\/a>, disposto na <a href=\"https:\/\/www.ufsm.br\/pro-reitorias\/proplan\/resolucao-n-006-2011\/\" style=\"color: blue;text-decoration: underline\"><font color=\"blue\"><u>Resolu\u00e7\u00e3o UFSM n\u00b0 006, de 28 de abril de 2011<\/u><\/font><\/a>, atualizado pela <a href=\"https:\/\/www.ufsm.br\/pro-reitorias\/proplan\/resolucao-n-016-2019\/\" style=\"color: blue;text-decoration: underline\"><font color=\"blue\"><u>Resolu\u00e7\u00e3o UFSM n\u00b0 016, de 02 de julho de 2019<\/u><\/font><\/a>; <\/p> <p>- a <a href=\"https:\/\/www.ufsm.br\/pro-reitorias\/proplan\/resolucao-n-043-2019\" style=\"color: blue;text-decoration: underline\"><font color=\"blue\"><u>Resolu\u00e7\u00e3o UFSM n\u00b0 43, de 13 de dezembro de 2019<\/u><\/font><\/a>, que aprova a recria\u00e7\u00e3o do N\u00facleo Docente Estrutura \u2013 NDE no \u00e2mbito dos Cursos de Gradua\u00e7\u00e3o da Universidade Federal de Santa Maria (UFSM) e revoga a <a href=\"https:\/\/www.ufsm.br\/pro-reitorias\/proplan\/resolucao-n-031-2017\" style=\"color: blue;text-decoration: underline\"><font color=\"blue\"><u>Resolu\u00e7\u00e3o n\u00b0 031\/2017 da UFSM<\/u><\/font><\/a>; <\/p> <p>- a <a href=\"https:\/\/www.ufsm.br\/pro-reitorias\/proplan\/resolucao-n-029-2020\" style=\"color: blue;text-decoration: underline\"><font color=\"blue\"><u>Resolu\u00e7\u00e3o UFSM n\u00b0 029, de 05 de novembro de 2020<\/u><\/font><\/a>, que aprova a consolida\u00e7\u00e3o dos Cursos de Gradua\u00e7\u00e3o (Licenciatura e Bacharelado), com situa\u00e7\u00e3o \u201cem atividade\u201d, em cada Unidade de Ensino, da Universidade Federal de Santa Maria (UFSM), em decorr\u00eancia do disposto no <a href=\"https:\/\/www.planalto.gov.br\/ccivil_03\/_ato2019-2022\/2019\/decreto\/d10139.htm\" style=\"color: blue;text-decoration: underline\"><font color=\"blue\"><u>Decreto N. 10.139, de 28 de novembro de 2019<\/u><\/font><\/a>;<\/p> <p>- a <a href=\"https:\/\/www.ufsm.br\/pro-reitorias\/proplan\/resolucao-ufsm-n-054-2021\" style=\"color: blue;text-decoration: underline\"><font color=\"blue\"><u>Resolu\u00e7\u00e3o UFSM n\u00b0 054, de 1o de junho de 2021<\/u><\/font><\/a>, que regulamenta a proposi\u00e7\u00e3o e a emiss\u00e3o de Atos Normativos no \u00e2mbito da Universidade Federal de Santa Maria;<\/p> <p>- a <a href=\"https:\/\/www.ufsm.br\/pro-reitorias\/proplan\/resolucao-ufsm-n-113-2022\" style=\"color: blue;text-decoration: underline\"><font color=\"blue\"><u>Resolu\u00e7\u00e3o UFSM n\u00b0 113, de 20 de dezembro de 2022<\/u><\/font><\/a>, que disp\u00f5e sobre a cria\u00e7\u00e3o de cursos e a elabora\u00e7\u00e3o e altera\u00e7\u00e3o de projetos pedag\u00f3gicos, no \u00e2mbito do ensino de gradua\u00e7\u00e3o, e d\u00e1 outras provid\u00eancias;<\/p> <p>- o Parecer n\u00b0 073\/2023 da Comiss\u00e3o de Legisla\u00e7\u00e3o e Normas (CLN), aprovado na 990a Sess\u00e3o do Conselho de Ensino, Pesquisa e Extens\u00e3o (CEPE), de 20 de outubro de 2023, referente ao Processo N. <a href=\"https:\/\/portal.ufsm.br\/documentos\/publico\/processo\/documento.html?idDocumento=14655313\" style=\"color: blue;text-decoration: underline\"><font color=\"blue\"><u>23081.060934\/2023-48<\/u><\/font><\/a>.<\/p> <p>- o Parecer n\u00b0 114\/2023 da Comiss\u00e3o de Legisla\u00e7\u00e3o e Regimentos (CLR), aprovado na 866a Sess\u00e3o do Conselho Universit\u00e1rio (CONSU), de 27 de outubro de 2023, referente ao Processo N. <a href=\"https:\/\/portal.ufsm.br\/documentos\/publico\/processo\/documento.html?idDocumento=14655313\" style=\"color: blue;text-decoration: underline\"><font color=\"blue\"><u>23081. 060934\/2023-48<\/u><\/font><\/a>.<\/p>\r\n<BR>\r\n<p>RESOLVE:<\/p>\r\n<BR>\r\n<p>Art. 1\u00b0 Alterar a denomina\u00e7\u00e3o do Curso de Engenharia Sanit\u00e1ria e Ambiental, vinculado ao Centro de Tecnologia (CT), campus sede da Universidade Federal de Santa Maria (UFSM), alterando a <a href=\"https:\/\/www.ufsm.br\/pro-reitorias\/proplan\/resolucao-n-029-2020\" style=\"color: blue;text-decoration: underline\"><font color=\"blue\"><u>Resolu\u00e7\u00e3o UFSM n\u00b0 029\/2020<\/u><\/font><\/a>.<\/p> <p>\u00a71\u00b0 O Curso de Engenharia Sanit\u00e1ria e Ambiental passa a denominar-se Curso de Engenharia Ambiental e Sanit\u00e1ria.<\/p> <p>\u00a72\u00b0 A <a href=\"https:\/\/www.ufsm.br\/pro-reitorias\/proplan\/resolucao-n-029-2020\" style=\"color: blue;text-decoration: underline\"><font color=\"blue\"><u>Resolu\u00e7\u00e3o UFSM n\u00b0 029, de 05 de novembro de 2020<\/u><\/font><\/a>, passa a vigorar com a seguinte reda\u00e7\u00e3o:<\/p>\r\n<br>\r\n<p style=\"margin-left: 2.5cm\">(...)<\/p> \r\n<p style=\"margin-left: 2.5cm\">Art.7\u00b0 .......................................................................................................................<\/p> \r\n<p style=\"margin-left: 2.5cm\">XIII - Engenharia Ambiental e Sanit\u00e1ria; e, (NR)<\/p> \r\n<p style=\"margin-left: 2.5cm\">(...)\"<\/p> \r\n<BR>\r\n<p>Art. 2\u00b0 Caber\u00e1:<\/p> <p>I - \u00e0 Coordenadoria de Planejamento Administrativo (COPLAD-PROPLAN) proceder \u00e0s altera\u00e7\u00f5es nos Sistemas de Estruturantes da Institui\u00e7\u00e3o;<\/p> <p>II - \u00e0 Pr\u00f3-Reitoria de Gest\u00e3o de Pessoas (PROGEP) a remo\u00e7\u00e3o dos servidores e o remanejo das fun\u00e7\u00f5es de chefia;<\/p> <p>III - ao Departamento de Material e Patrim\u00f4nio (DEMAPA) a adequa\u00e7\u00e3o dos registros dos m\u00f3veis e equipamentos;<\/p> <p>IV - ao Departamento de Arquivo Geral (DAG) o tratamento dos documentos arquiv\u00edsticos; e,<\/p> <p>V - ao Centro de Processamento de Dados (CPD) as adequa\u00e7\u00f5es necess\u00e1rias nos sistemas institucionais.<\/p> <p>Art.3\u00b0 Esta Resolu\u00e7\u00e3o entra em vigor no dia 1 do m\u00eas de dezembro do ano de 2023, de acordo com o que prev\u00ea o Artigo 4\u00b0 do <a href=\"https:\/\/www.planalto.gov.br\/ccivil_03\/_ato2019-2022\/2019\/decreto\/d10139.htm\" style=\"color: blue;text-decoration: underline\"><font color=\"blue\"><u>Decreto n\u00b0 10.139, de 28 de novembro de 2019<\/u><\/font><\/a>.<\/p> <p>Par\u00e1grafo \u00fanico. Havendo qualquer modifica\u00e7\u00e3o legislativa, ou ainda qualquer situa\u00e7\u00e3o legal que impacte na legalidade da presente Resolu\u00e7\u00e3o, a mesma se aplica de imediato.<\/p>\r\n<br>\r\n<p>Luciano Schuch,<\/p>\r\n<p>Reitor.<\/p>\r\n<br>\r\n<p><font color=\"red0000\">Este texto n\u00e3o substitui o documento original, publicado no Portal de Documentos. Dispon\u00edvel em: <a href=\"https:\/\/portal.ufsm.br\/documentos\/publico\/documento.html?id=14903497\" target=\"_blank\"><font color=\"blue\">https:\/\/portal.ufsm.br\/documentos\/publico\/documento.html?id=14903497<\/font><\/a>\r\n\r\n\t\t<\/div>\n\t\t\t\t<\/div>\n\t\t\t\t\t<\/div>\n\t\t<\/div>\n\t\t\t\t\t<\/div>\n\t\t<\/section>\n\t\t\t\t<\/div>\n\t\t","protected":false},"excerpt":{"rendered":"<p>RESOLU\u00c7\u00c3O UFSM N. 147, DE 13 DE NOVEMBRO DE 2023 MINIST\u00c9RIO DA EDUCA\u00c7\u00c3O UNIVERSIDADE FEDERAL DE SANTA MARIA RESOLU\u00c7\u00c3O UFSM N\u00b0 147, DE 13 DE NOVEMBRO DE 2023 Altera a denomina\u00e7\u00e3o do Curso de Engenharia Sanit\u00e1ria e Ambiental, vinculado ao Centro de Tecnologia (CT), campus sede da Universidade Federal de Santa Maria (UFSM), alterando a [&hellip;]<\/p>\n","protected":false},"author":4883,"featured_media":0,"parent":0,"menu_order":0,"comment_status":"closed","ping_status":"closed","template":"","meta":{"footnotes":""},"categories":[],"tags":[],"class_list":["post-5621","page","type-page","status-publish","hentry"],"acf":[],"_links":{"self":[{"href":"https:\/\/www.ufsm.br\/pro-reitorias\/proplan\/wp-json\/wp\/v2\/pages\/5621","targetHints":{"allow":["GET"]}}],"collection":[{"href":"https:\/\/www.ufsm.br\/pro-reitorias\/proplan\/wp-json\/wp\/v2\/pages"}],"about":[{"href":"https:\/\/www.ufsm.br\/pro-reitorias\/proplan\/wp-json\/wp\/v2\/types\/page"}],"author":[{"embeddable":true,"href":"https:\/\/www.ufsm.br\/pro-reitorias\/proplan\/wp-json\/wp\/v2\/users\/4883"}],"replies":[{"embeddable":true,"href":"https:\/\/www.ufsm.br\/pro-reitorias\/proplan\/wp-json\/wp\/v2\/comments?post=5621"}],"version-history":[{"count":0,"href":"https:\/\/www.ufsm.br\/pro-reitorias\/proplan\/wp-json\/wp\/v2\/pages\/5621\/revisions"}],"wp:attachment":[{"href":"https:\/\/www.ufsm.br\/pro-reitorias\/proplan\/wp-json\/wp\/v2\/media?parent=5621"}],"wp:term":[{"taxonomy":"category","embeddable":true,"href":"https:\/\/www.ufsm.br\/pro-reitorias\/proplan\/wp-json\/wp\/v2\/categories?post=5621"},{"taxonomy":"post_tag","embeddable":true,"href":"https:\/\/www.ufsm.br\/pro-reitorias\/proplan\/wp-json\/wp\/v2\/tags?post=5621"}],"curies":[{"name":"wp","href":"https:\/\/api.w.org\/{rel}","templated":true}]}}