{"id":5622,"date":"2023-11-28T09:42:12","date_gmt":"2023-11-28T12:42:12","guid":{"rendered":"https:\/\/www.ufsm.br\/pro-reitorias\/proplan\/?page_id=5622"},"modified":"2023-11-28T10:37:38","modified_gmt":"2023-11-28T13:37:38","slug":"teste-2","status":"publish","type":"page","link":"https:\/\/www.ufsm.br\/pro-reitorias\/proplan\/teste-2","title":{"rendered":"teste"},"content":{"rendered":"\t\t<div data-elementor-type=\"wp-page\" data-elementor-id=\"5622\" class=\"elementor elementor-5622\">\n\t\t\t\t\t\t<section class=\"elementor-section elementor-top-section elementor-element elementor-element-1b41261 elementor-section-boxed elementor-section-height-default elementor-section-height-default\" data-id=\"1b41261\" data-element_type=\"section\">\n\t\t\t\t\t\t<div class=\"elementor-container elementor-column-gap-default\">\n\t\t\t\t\t<div class=\"elementor-column elementor-col-100 elementor-top-column elementor-element elementor-element-1a744b5\" data-id=\"1a744b5\" data-element_type=\"column\">\n\t\t\t<div class=\"elementor-widget-wrap elementor-element-populated\">\n\t\t\t\t\t\t<div class=\"elementor-element elementor-element-7f48424 elementor-widget elementor-widget-html\" data-id=\"7f48424\" data-element_type=\"widget\" data-widget_type=\"html.default\">\n\t\t\t\t<div class=\"elementor-widget-container\">\n\t\t\t\r\n<title><b>PORTARIA NORMATIVA UFSM N. 043, DE 04 DE MAR\u00c7O DE 2022<\/b><\/title>\r\n<div align=\"center\"><img decoding=\"async\" src=\"https:\/\/www.ufsm.br\/pro-reitorias\/proplan\/wp-content\/uploads\/sites\/344\/2019\/09\/brasao-da-republica-do-brasil-logo.png\" alt=\"Bras\u00e3o Rep\u00fablica Federativa do Brasil\" width=\"6%\" height=\"6%\"><\/div>    \r\n<h1><font color=\"blue\"><font size=\"5\"><div align=\"center\">MINIST\u00c9RIO DA EDUCA\u00c7\u00c3O<\/div><\/font><\/font><\/h1>\r\n<p><b><font color=\"0000blue\"><div align=\"center\">UNIVERSIDADE FEDERAL DE SANTA MARIA<\/font><\/b><\/div>\r\n<p><div align=\"center\"><b><a href=\"https:\/\/portal.ufsm.br\/documentos\/publico\/documento.html?idDocumento=14023124\" target=\"_blank\"><font color=\"blue\"><u>PORTARIA NORMATIVA UFSM N. 043, DE 04 DE MAR\u00c7O DE 2022<\/u><\/font><\/a><\/b><\/div>\r\n<br>\r\n<p><div align=\"justify\"><font color=\"800000\">Aprova a cria\u00e7\u00e3o do \u00f3rg\u00e3o colegiado tempor\u00e1rio denominado \u201cCoordena\u00e7\u00e3o Local da C\u00e1tedra UNESCO de Geoparques, Desenvolvimento Regional Sustent\u00e1vel e Estilos de Vida Saud\u00e1veis\u201d (CLAGEO) vinculado \u00e0 Pr\u00f3-Reitoria de Extens\u00e3o (PRE) na estrutura organizacional da Universidade Federal de Santa Maria (UFSM). \r\n<\/font><\/div>\r\n<br>\r\n<br><div align=\"justify\">\r\n<p>O REITOR DA UNIVERSIDADE FEDERAL DE SANTA MARIA, no uso das atribui\u00e7\u00f5es legais e estatut\u00e1rias, e considerando: <\/p>\r\n\r\n\r\n\r\n  \r\n  \r\n  <title>Legisla\u00e7\u00e3o<\/title>\r\n  \r\n    a {\r\n      color: blue;\r\n      text-decoration: underline;\r\n    }\r\n  \r\n\r\n\r\n\r\n  <p style=\"text-align: justify\">- a <a href=\"http:\/\/www.planalto.gov.br\/ccivil_03\/constituicao\/constituicao.htm\"><font color=\"blue\"><u>Constitui\u00e7\u00e3o da Rep\u00fablica Federativa do Brasil de 1988, de 05 de outubro de 1988<\/u><\/font><\/a>;<\/p>\r\n  <p style=\"text-align: justify\">- a <a href=\"http:\/\/www.planalto.gov.br\/ccivil_03\/leis\/L8112cons.htm\"><font color=\"blue\"><u>Lei N. 8.112, de 11 de dezembro de 1990<\/u><\/font><\/a>, que disp\u00f5e sobre o regime jur\u00eddico dos servidores p\u00fablicos civis da Uni\u00e3o, das autarquias e das funda\u00e7\u00f5es p\u00fablicas federais;<\/p>\r\n  <p style=\"text-align: justify\">- a <a href=\"http:\/\/www.planalto.gov.br\/ccivil_03\/leis\/l9394.htm\"><font color=\"blue\"><u>Lei N. 9.394, de 20 de dezembro de 1996<\/u><\/font><\/a>, que estabelece as diretrizes e bases da educa\u00e7\u00e3o nacional e suas altera\u00e7\u00f5es;<\/p>\r\n  <p style=\"text-align: justify\">- a <a href=\"http:\/\/www.planalto.gov.br\/ccivil_03\/leis\/lcp\/lcp95.htm\"><font color=\"blue\"><u>Lei Complementar N. 95, de 26 de fevereiro de 1998<\/u><\/font><\/a>, que disp\u00f5e sobre a elabora\u00e7\u00e3o, a reda\u00e7\u00e3o, a altera\u00e7\u00e3o e a consolida\u00e7\u00e3o das leis, conforme determina o Par\u00e1grafo \u00danico do Art. 59 da Constitui\u00e7\u00e3o Federal, e estabelece normas para a consolida\u00e7\u00e3o dos atos normativos que menciona;<\/p>\r\n  <p style=\"text-align: justify\">- o <a href=\"http:\/\/www.planalto.gov.br\/ccivil_03\/decreto\/d9191.htm\"><font color=\"blue\"><u>Decreto N. 9.191, de 1\u00ba de novembro de 2017<\/u><\/font><\/a>, que estabelece as normas e as diretrizes para elabora\u00e7\u00e3o, reda\u00e7\u00e3o,altera\u00e7\u00e3o, consolida\u00e7\u00e3o e encaminhamento de propostas de atos normativos ao Presidente da Rep\u00fablica pelos Ministros de Estado;<\/p>\r\n  <p style=\"text-align: justify\">- o <a href=\"http:\/\/www.planalto.gov.br\/ccivil_03\/decreto\/d9759.htm\"><font color=\"blue\"><u>Decreto N. 9.759, de 11 de abril de 2019<\/u><\/font><\/a>, que extingue e estabelece diretrizes, regras e limita\u00e7\u00f5es para colegiados da administra\u00e7\u00e3o p\u00fablica federal;<\/p>\r\n  <p style=\"text-align: justify\">- o <a href=\"http:\/\/www.planalto.gov.br\/ccivil_03\/decreto\/d10139.htm\"><font color=\"blue\"><u>Decreto N. 10.139, de 28 de novembro de 2019<\/u><\/font><\/a>, que disp\u00f5e sobre a revis\u00e3o e a consolida\u00e7\u00e3o de atos normativos inferiores a decreto;<\/p>\r\n  <p style=\"text-align: justify\">- o <a href=\"https:\/\/www.ufsm.br\/pro-reitorias\/proplan\/estatuto-ufsm-2010\/\"><font color=\"blue\"><u>Estatuto da Universidade Federal de Santa Maria<\/u><\/font><\/a> com as adequa\u00e7\u00f5es aprovadas pela <a href=\"https:\/\/www.ufsm.br\/pro-reitorias\/proplan\/resolucao-n-037-2010\/\"><font color=\"blue\"><u>Resolu\u00e7\u00e3o UFSM N. 037, de 30 de novembro de 2010<\/u><\/font><\/a>, aprovado pela <a href=\"https:\/\/www.ufsm.br\/app\/uploads\/2018\/08\"><font color=\"blue\"><u>...<\/u><\/font><\/a><\/p>\t\t<\/div>\n\t\t\t\t<\/div>\n\t\t\t\t\t<\/div>\n\t\t<\/div>\n\t\t\t\t\t<\/div>\n\t\t<\/section>\n\t\t\t\t<\/div>\n\t\t","protected":false},"excerpt":{"rendered":"<p>PORTARIA NORMATIVA UFSM N. 043, DE 04 DE MAR\u00c7O DE 2022 MINIST\u00c9RIO DA EDUCA\u00c7\u00c3O UNIVERSIDADE FEDERAL DE SANTA MARIA PORTARIA NORMATIVA UFSM N. 043, DE 04 DE MAR\u00c7O DE 2022 Aprova a cria\u00e7\u00e3o do \u00f3rg\u00e3o colegiado tempor\u00e1rio denominado \u201cCoordena\u00e7\u00e3o Local da C\u00e1tedra UNESCO de Geoparques, Desenvolvimento Regional Sustent\u00e1vel e Estilos de Vida Saud\u00e1veis\u201d (CLAGEO) vinculado [&hellip;]<\/p>\n","protected":false},"author":4883,"featured_media":0,"parent":0,"menu_order":0,"comment_status":"closed","ping_status":"closed","template":"","meta":{"footnotes":""},"categories":[],"tags":[],"class_list":["post-5622","page","type-page","status-publish","hentry"],"acf":[],"_links":{"self":[{"href":"https:\/\/www.ufsm.br\/pro-reitorias\/proplan\/wp-json\/wp\/v2\/pages\/5622","targetHints":{"allow":["GET"]}}],"collection":[{"href":"https:\/\/www.ufsm.br\/pro-reitorias\/proplan\/wp-json\/wp\/v2\/pages"}],"about":[{"href":"https:\/\/www.ufsm.br\/pro-reitorias\/proplan\/wp-json\/wp\/v2\/types\/page"}],"author":[{"embeddable":true,"href":"https:\/\/www.ufsm.br\/pro-reitorias\/proplan\/wp-json\/wp\/v2\/users\/4883"}],"replies":[{"embeddable":true,"href":"https:\/\/www.ufsm.br\/pro-reitorias\/proplan\/wp-json\/wp\/v2\/comments?post=5622"}],"version-history":[{"count":0,"href":"https:\/\/www.ufsm.br\/pro-reitorias\/proplan\/wp-json\/wp\/v2\/pages\/5622\/revisions"}],"wp:attachment":[{"href":"https:\/\/www.ufsm.br\/pro-reitorias\/proplan\/wp-json\/wp\/v2\/media?parent=5622"}],"wp:term":[{"taxonomy":"category","embeddable":true,"href":"https:\/\/www.ufsm.br\/pro-reitorias\/proplan\/wp-json\/wp\/v2\/categories?post=5622"},{"taxonomy":"post_tag","embeddable":true,"href":"https:\/\/www.ufsm.br\/pro-reitorias\/proplan\/wp-json\/wp\/v2\/tags?post=5622"}],"curies":[{"name":"wp","href":"https:\/\/api.w.org\/{rel}","templated":true}]}}