{"id":5634,"date":"2023-12-04T15:56:41","date_gmt":"2023-12-04T18:56:41","guid":{"rendered":"https:\/\/www.ufsm.br\/pro-reitorias\/proplan\/?page_id=5634"},"modified":"2023-12-04T15:57:38","modified_gmt":"2023-12-04T18:57:38","slug":"portaria-normativa-ufsm-n-073-2023","status":"publish","type":"page","link":"https:\/\/www.ufsm.br\/pro-reitorias\/proplan\/portaria-normativa-ufsm-n-073-2023","title":{"rendered":"Portaria Normativa UFSM n\u00b0 073\/2023"},"content":{"rendered":"\t\t<div data-elementor-type=\"wp-page\" data-elementor-id=\"5634\" class=\"elementor elementor-5634\">\n\t\t\t\t\t\t<section class=\"elementor-section elementor-top-section elementor-element elementor-element-3a6cc0e elementor-section-boxed elementor-section-height-default elementor-section-height-default\" data-id=\"3a6cc0e\" data-element_type=\"section\">\n\t\t\t\t\t\t<div class=\"elementor-container elementor-column-gap-default\">\n\t\t\t\t\t<div class=\"elementor-column elementor-col-100 elementor-top-column elementor-element elementor-element-90fbe03\" data-id=\"90fbe03\" data-element_type=\"column\">\n\t\t\t<div class=\"elementor-widget-wrap elementor-element-populated\">\n\t\t\t\t\t\t<div class=\"elementor-element elementor-element-b71fd93 elementor-widget elementor-widget-html\" data-id=\"b71fd93\" data-element_type=\"widget\" data-widget_type=\"html.default\">\n\t\t\t\t<div class=\"elementor-widget-container\">\n\t\t\t<title><b>PORTARIA NORMATIVA UFSM N\u00b0 073, DE 1\u00ba DE DEZEMBRO DE 2023<\/b><\/title>\r\n\r\n\r\n<div align=\"center\"><img decoding=\"async\" src=\"https:\/\/www.ufsm.br\/pro-reitorias\/proplan\/wp-content\/uploads\/sites\/344\/2019\/09\/brasao-da-republica-do-brasil-logo.png\" alt=\"Bras\u00e3o Rep\u00fablica Federativa do Brasil\" width=\"6%\" height=\"6%\"><\/div>  <h1><font color=\"blue\"><font size=\"5\"><div align=\"center\">MINIST\u00c9RIO DA EDUCA\u00c7\u00c3O<\/div><\/font><\/font><\/H1>\r\n<b><font color=\"0000blue\"><div align=\"center\">UNIVERSIDADE FEDERAL DE SANTA MARIA<\/div><\/font><\/b>\r\n<p><div align=\"center\"><b><a href=\"https:\/\/portal.ufsm.br\/documentos\/publico\/documento.html?id=14918976\" target=\"_blank\"><font color=\"blue\">PORTARIA NORMATIVA UFSM N\u00b0 073, DE 1\u00ba DE DEZEMBRO DE 2023<\/font><\/a><\/b><\/div>\r\n<br>\r\n<p><div align=\"justify\"><font color=\"800000\"><ul><ul><ul><ul><ul><ul><ul><ul><ul><ul><ul><ul><ul><ul><ul><ul>Determina os procedimentos a serem adotados acerca do recesso para comemora\u00e7\u00e3o das festas de final de ano no \u00e2mbito da Universidade Federal de Santa Maria (UFSM).<\/font><\/div><\/ul>\r\n<br><div align=\"justify\"><font color=\"black\">\r\n<p>O REITOR DA UNIVERSIDADE FEDERAL DE SANTA MARIA, no uso de suas atribui\u00e7\u00f5es legais e estatut\u00e1rias, e considerando:<\/p>\r\n\r\n<p>- a <a href=\"http:\/\/www.planalto.gov.br\/ccivil_03\/constituicao\/constituicao.htm\" target=\"_blank\"><font color=\"blue\"><u>Constitui\u00e7\u00e3o da Rep\u00fablica Federativa do Brasil de 1988, de 05 de outubro de 1988<\/u><\/font><\/a>;\r\n<p>- a <a href=\"http:\/\/www.planalto.gov.br\/ccivil_03\/leis\/l8112cons.htm\" target=\"_blank\"><font color=\"blue\"><u>Lei n\u00b0 8.112, de 11 de dezembro de 1990<\/u><\/font><\/a>, que disp\u00f5e sobre o regime jur\u00eddico dos servidores p\u00fablicos civis da Uni\u00e3o, das autarquias e das funda\u00e7\u00f5es p\u00fablicas federais;\r\n<p>- a <a href=\"https:\/\/www.planalto.gov.br\/ccivil_03\/leis\/l9394.htm\" target=\"_blank\"><font color=\"blue\"><u>Lei n\u00b0 9.394, de 20 de dezembro de 1996<\/u><\/font><\/a>, que estabelece as diretrizes e bases da educa\u00e7\u00e3o nacional e suas altera\u00e7\u00f5es; \r\n\r\n<p>- a <a href=\"http:\/\/www.planalto.gov.br\/ccivil_03\/leis\/lcp\/lcp95.htm\" target=\"_blank\"><font color=\"blue\"><u>Lei Complementar n\u00b0 95, de 26 de fevereiro de 1998<\/u><\/font><\/a>, que disp\u00f5e sobre a elabora\u00e7\u00e3o, a reda\u00e7\u00e3o, a altera\u00e7\u00e3o e a consolida\u00e7\u00e3o das leis, conforme determina o Par\u00e1grafo \u00danico do art. 59 da Constitui\u00e7\u00e3o Federal, e estabelece normas para a consolida\u00e7\u00e3o dos atos normativos que menciona;\r\n\r\n<p>- o <a href=\"https:\/\/www.planalto.gov.br\/ccivil_03\/_ato2015-2018\/2017\/decreto\/d9191.htm\" target=\"_blank\"><font color=\"blue\"><u>Decreto n\u00b0 9.191, de 1\u00b0 de novembro de 2017<\/u><\/font><\/a>, que estabelece as normas e as diretrizes para elabora\u00e7\u00e3o, reda\u00e7\u00e3o, altera\u00e7\u00e3o, consolida\u00e7\u00e3o e encaminhamento de propostas de atos normativos ao Presidente da Rep\u00fablica pelos Ministros de Estado; \r\n\r\n- a <a href=\"https:\/\/www.in.gov.br\/en\/web\/dou\/-\/portaria-srt\/mgi-n-5.503-de-20-de-setembro-de-2023-511431025\" target=\"_blank\"><font color=\"blue\"><u>Portaria n\u00ba 5.503, de 20 de setembro de 2023<\/u><\/font><\/a>, da Secretaria de Rela\u00e7\u00f5es de Trabalho, do Minist\u00e9rio da Gest\u00e3o e da Inova\u00e7\u00e3o em Servi\u00e7os P\u00fablicos (MGI), que estabelece orienta\u00e7\u00f5es aos \u00f3rg\u00e3os e entidades integrantes da Administra\u00e7\u00e3o P\u00fablica Federal direta, aut\u00e1rquica e fundacional, acerca do recesso para comemora\u00e7\u00e3o das festas de final de ano;\r\n\r\n\r\n<p>- o <a href=\"https:\/\/www.ufsm.br\/pro-reitorias\/proplan\/estatuto-ufsm-2010\/\" target=\"_blank\"><font color=\"blue\"><u>Estatuto da Universidade Federal de Santa Maria<\/u><\/font><\/a>, com as adequa\u00e7\u00f5es aprovadas pela <a href=\"https:\/\/www.ufsm.br\/pro-reitorias\/proplan\/resolucao-n-037-2010\/\" target=\"_blank\"><font color=\"blue\"><u>Resolu\u00e7\u00e3o UFSM n\u00b0 037, de 30 de novembro de 2010<\/u><\/font><\/a>, aprovado pela <a href=\"https:\/\/pesquisa.in.gov.br\/imprensa\/jsp\/visualiza\/index.jsp?data=13\/03\/2014&amp;jornal=1&amp;pagina=43&amp;totalArquivos=100\" target=\"_blank\"><font color=\"blue\"><u>Portaria n\u00b0 156, de 12 de mar\u00e7o de 2014<\/u><\/font><\/a>, e publicado no Di\u00e1rio Oficial da Uni\u00e3o em 13 de mar\u00e7o de 2014; \r\n\r\n<p>- o <a href=\"https:\/\/www.ufsm.br\/pro-reitorias\/proplan\/regimento-geral-da-ufsm-com-alteracoes-compiladas-pela-resolucao-n-016-2019\/\" target=\"_blank\"><font color=\"blue\"><u>Regimento da UFSM<\/u><\/font><\/a>, disposto na <a href=\"https:\/\/www.ufsm.br\/pro-reitorias\/proplan\/resolucao-n-006-2011\/\" target=\"_blank\"><font color=\"blue\"><u>Resolu\u00e7\u00e3o UFSM N. 006, de 28 de abril de 2011<\/u><\/font><\/a>, atualizado pela <a><font color=\"blue\"><u>Resolu\u00e7\u00e3o UFSM N. 016, de 02 de julho de 2019<\/u><\/font><\/a>;\r\n\r\n<p>- a <a href=\"https:\/\/www.ufsm.br\/pro-reitorias\/proplan\/resolucao-ufsm-n-054-2021\/\" target=\"_blank\"><font color=\"blue\"><u>Resolu\u00e7\u00e3o UFSM N. 054, de 1\u00ba de junho de 2021<\/u><\/font><\/a>, que regulamenta a proposi\u00e7\u00e3o e a emiss\u00e3o de Atos Normativos no \u00e2mbito da Universidade Federal de Santa Maria;\r\n\r\n<p>- o que consta nos Processos n\u00b0 <a href=\"https:\/\/portal.ufsm.br\/documentos\/publico\/processo\/documento.html?idDocumento=14910498\" target=\"_blank\"><font color=\"blue\"><u>23081.150316\/2023-99<\/u><\/font><\/a> e n\u00ba <a href=\"https:\/\/portal.ufsm.br\/documentos\/publico\/processo\/documento.html?idDocumento=14914630\" target=\"_blank\"><font color=\"blue\"><u>23081.151685\/2023-07<\/u><\/font><\/a>.<\/p>\r\n<br>\r\n<p>RESOLVE:<\/p>\r\n<br>\r\n<p>Art. 1\u00ba Determinar os procedimentos a serem adotados acerca do recesso para comemora\u00e7\u00e3o das festas de final de ano no \u00e2mbito da Universidade Federal de Santa Maria (UFSM).\r\n<p>Par\u00e1grafo \u00fanico. O disposto no caput aplica-se aos(as) servidores(as) p\u00fablicos(as), empregados(as) p\u00fablicos(as), contratados(as) tempor\u00e1rios(as) e estagi\u00e1rios(as).\r\n<p>Art. 2\u00ba As chefias, juntamente com os(as) servidores(as) que desejarem, poder\u00e3o utilizar a semana de 26 a 29 de dezembro de 2023 ou a de 02 a 05 de janeiro de 2024 como recesso para comemora\u00e7\u00e3o de Natal ou Ano Novo.\r\n<p>\u00a71\u00ba O(a) servidor(a) dever\u00e1 optar por apenas 1 (uma) das semanas previstas no caput deste artigo para o gozo de seu recesso, sendo vedada a utiliza\u00e7\u00e3o desta Portaria Normativa para a compensa\u00e7\u00e3o de per\u00edodo diverso do previsto no caput deste artigo.\r\n<p>\u00a72\u00ba Em rela\u00e7\u00e3o \u00e0 recupera\u00e7\u00e3o do per\u00edodo relativo ao recesso, o(a) servidor(a) dever\u00e1 elaborar Plano de Recupera\u00e7\u00e3o de Recesso, dispon\u00edvel na p\u00e1gina da Progep e em anexo, e poder\u00e1, mediante acordo com a chefia imediata, optar por uma das formas de compensa\u00e7\u00e3o, ou seja, mediante compensa\u00e7\u00e3o de:\r\n<p>I -  horas de trabalho presencial, a serem acumuladas entre o per\u00edodo de 02 de outubro de 2023 at\u00e9 dia 31 de maio de 2024; ou,\r\n<p>II - atividades presenciais, a serem cumpridas at\u00e9 dia 31 de maio de 2024.\r\n<p>\u00a73\u00ba O Plano de Recupera\u00e7\u00e3o de Recesso dever\u00e1 ser acordado com a chefia imediata at\u00e9 31 de dezembro de 2023.\r\n<p>\u00a74\u00ba Durante os per\u00edodos previstos no caput deste artigo ser\u00e1 assegurada a preserva\u00e7\u00e3o dos servi\u00e7os essenciais da UFSM e o atendimento das unidades\/subunidades.\r\n<p>Art. 3\u00ba Os agentes p\u00fablicos que optarem por n\u00e3o exercer a faculdade de que trata esta Portaria dever\u00e3o manter a sua jornada ordin\u00e1ria de trabalho.\r\n<p>Art. 4\u00ba Havendo interesse premente ou necessidade de servi\u00e7o, a crit\u00e9rio da chefia imediata ou da autoridade superior, os(as) servidores(as) poder\u00e3o ser convocados(as) para comparecer ou realizar atividades em hor\u00e1rio de expediente normal, mesmo durante o per\u00edodo escolhido para recesso.\r\n<p>Par\u00e1grafo \u00fanico. Essa esp\u00e9cie de convoca\u00e7\u00e3o n\u00e3o gera direito a qualquer compensa\u00e7\u00e3o ou pagamento de hora extra.\r\n<p>Art. 5\u00ba O(a) servidor(a) em atividade presencial, que possui controle de jornada de trabalho, poder\u00e1 firmar com a chefia imediata o Plano de Recupera\u00e7\u00e3o:\r\n<p>I -  de Horas do Recesso devendo, nesses casos, anexar o referido documento ao Sistema de Controle Eletr\u00f4nico da Jornada de Trabalho como forma de justificar aus\u00eancia dos dias utilizados para recesso:\r\n<p>a) para a compensa\u00e7\u00e3o de horas dever\u00e1 registrar normalmente o ponto nos hor\u00e1rios que estiver realizando a carga hor\u00e1ria adicional.\r\n<p>II - de Atividades do Recesso devendo, nesses casos, anexar o referido documento ao Sistema de Controle Eletr\u00f4nico da Jornada de Trabalho como forma de abono dos dias utilizados para recesso.\r\n<p>Art. 6\u00ba O(a) servidor(a) docente que usufruir uma das semanas de recesso, dever\u00e1 firmar e encaminhar \u00e0 chefia imediata, pelo PEN-SIE, processo de \u201cHomologa\u00e7\u00e3o do plano de compensa\u00e7\u00e3o do recesso de final de ano (029.11)\u201d, contendo Plano de Recupera\u00e7\u00e3o de Recesso.\r\n<p>Art. 7\u00ba O(a) servidor(a) que n\u00e3o compensar as horas usufru\u00eddas em raz\u00e3o do recesso sofrer\u00e1 desconto na sua remunera\u00e7\u00e3o, proporcionalmente \u00e0s horas n\u00e3o compensadas.\r\n<p>Art. 8\u00ba Esta Portaria Normativa entra em vigor em 1\u00ba de dezembro de 2023, por se tratar de urg\u00eancia justificada no expediente administrativo, de acordo com o que prev\u00ea o Artigo 4\u00ba do <a href=\"https:\/\/www.planalto.gov.br\/ccivil_03\/_ato2019-2022\/2019\/decreto\/d10139.htm\" target=\"_blank\"><font color=\"blue\"><u>Decreto N. 10.139, de 28 de novembro de 2019<\/u><\/font><\/a>.\r\n<p>Par\u00e1grafo \u00fanico. Havendo qualquer modifica\u00e7\u00e3o legislativa, ou ainda, advindo qualquer situa\u00e7\u00e3o legal que impacte na legalidade da presente Portaria Normativa, a mesma se aplica de imediato.\r\n\r\n<br>\r\n<p>Luciano Schuch,<\/p>\r\n<p>Reitor.<\/p>\r\n<br>\r\n<p><font color=\"red0000\">Este texto n\u00e3o substitui o documento original, publicado no Portal de Documentos.<\/font> Dispon\u00edvel em: <a href=\"https:\/\/portal.ufsm.br\/documentos\/publico\/documento.html?id=14918976\" target=\"_blank\"><font color=\"blue\">https:\/\/portal.ufsm.br\/documentos\/publico\/documento.html?id=14918976<\/font><\/a> \r\n \t\t<\/div>\n\t\t\t\t<\/div>\n\t\t\t\t\t<\/div>\n\t\t<\/div>\n\t\t\t\t\t<\/div>\n\t\t<\/section>\n\t\t\t\t<\/div>\n\t\t","protected":false},"excerpt":{"rendered":"<p>PORTARIA NORMATIVA UFSM N\u00b0 073, DE 1\u00ba DE DEZEMBRO DE 2023 MINIST\u00c9RIO DA EDUCA\u00c7\u00c3O UNIVERSIDADE FEDERAL DE SANTA MARIA PORTARIA NORMATIVA UFSM N\u00b0 073, DE 1\u00ba DE DEZEMBRO DE 2023 Determina os procedimentos a serem adotados acerca do recesso para comemora\u00e7\u00e3o das festas de final de ano no \u00e2mbito da Universidade Federal de Santa Maria [&hellip;]<\/p>\n","protected":false},"author":5547,"featured_media":0,"parent":0,"menu_order":0,"comment_status":"closed","ping_status":"closed","template":"","meta":{"footnotes":""},"categories":[],"tags":[],"class_list":["post-5634","page","type-page","status-publish","hentry"],"acf":[],"_links":{"self":[{"href":"https:\/\/www.ufsm.br\/pro-reitorias\/proplan\/wp-json\/wp\/v2\/pages\/5634","targetHints":{"allow":["GET"]}}],"collection":[{"href":"https:\/\/www.ufsm.br\/pro-reitorias\/proplan\/wp-json\/wp\/v2\/pages"}],"about":[{"href":"https:\/\/www.ufsm.br\/pro-reitorias\/proplan\/wp-json\/wp\/v2\/types\/page"}],"author":[{"embeddable":true,"href":"https:\/\/www.ufsm.br\/pro-reitorias\/proplan\/wp-json\/wp\/v2\/users\/5547"}],"replies":[{"embeddable":true,"href":"https:\/\/www.ufsm.br\/pro-reitorias\/proplan\/wp-json\/wp\/v2\/comments?post=5634"}],"version-history":[{"count":0,"href":"https:\/\/www.ufsm.br\/pro-reitorias\/proplan\/wp-json\/wp\/v2\/pages\/5634\/revisions"}],"wp:attachment":[{"href":"https:\/\/www.ufsm.br\/pro-reitorias\/proplan\/wp-json\/wp\/v2\/media?parent=5634"}],"wp:term":[{"taxonomy":"category","embeddable":true,"href":"https:\/\/www.ufsm.br\/pro-reitorias\/proplan\/wp-json\/wp\/v2\/categories?post=5634"},{"taxonomy":"post_tag","embeddable":true,"href":"https:\/\/www.ufsm.br\/pro-reitorias\/proplan\/wp-json\/wp\/v2\/tags?post=5634"}],"curies":[{"name":"wp","href":"https:\/\/api.w.org\/{rel}","templated":true}]}}