{"id":5635,"date":"2023-12-04T16:03:33","date_gmt":"2023-12-04T19:03:33","guid":{"rendered":"https:\/\/www.ufsm.br\/pro-reitorias\/proplan\/?page_id=5635"},"modified":"2023-12-04T16:04:35","modified_gmt":"2023-12-04T19:04:35","slug":"anexo-da-portaria-normativa-ufsm-n-073-2023","status":"publish","type":"page","link":"https:\/\/www.ufsm.br\/pro-reitorias\/proplan\/anexo-da-portaria-normativa-ufsm-n-073-2023","title":{"rendered":"Anexo da Portaria Normativa UFSM n\u00b0 073\/2023"},"content":{"rendered":"\t\t<div data-elementor-type=\"wp-page\" data-elementor-id=\"5635\" class=\"elementor elementor-5635\">\n\t\t\t\t\t\t<section class=\"elementor-section elementor-top-section elementor-element elementor-element-8dbd6ec elementor-section-boxed elementor-section-height-default elementor-section-height-default\" data-id=\"8dbd6ec\" data-element_type=\"section\">\n\t\t\t\t\t\t<div class=\"elementor-container elementor-column-gap-default\">\n\t\t\t\t\t<div class=\"elementor-column elementor-col-100 elementor-top-column elementor-element elementor-element-426bc28\" data-id=\"426bc28\" data-element_type=\"column\">\n\t\t\t<div class=\"elementor-widget-wrap elementor-element-populated\">\n\t\t\t\t\t\t<div class=\"elementor-element elementor-element-2c45466 elementor-widget elementor-widget-html\" data-id=\"2c45466\" data-element_type=\"widget\" data-widget_type=\"html.default\">\n\t\t\t\t<div class=\"elementor-widget-container\">\n\t\t\t<title><b>ANEXO DA PORTARIA NORMATIVA UFSM N\u00b0 073, DE 1\u00ba DE DEZEMBRO DE 2023<\/b><\/title>\r\n\r\n\r\n<div align=\"center\"><img decoding=\"async\" src=\"https:\/\/www.ufsm.br\/pro-reitorias\/proplan\/wp-content\/uploads\/sites\/344\/2019\/09\/brasao-da-republica-do-brasil-logo.png\" alt=\"Bras\u00e3o Rep\u00fablica Federativa do Brasil\" width=\"6%\" height=\"6%\"><\/div>  <h1><font color=\"blue\"><font size=\"5\"><div align=\"center\">MINIST\u00c9RIO DA EDUCA\u00c7\u00c3O<\/div><\/font><\/font><\/H1>\r\n<b><font color=\"0000blue\"><div align=\"center\">UNIVERSIDADE FEDERAL DE SANTA MARIA<\/div><\/font><\/b>\r\n<p><div align=\"center\"><b><a href=\"https:\/\/portal.ufsm.br\/documentos\/publico\/documento.html?id=14918976\" target=\"_blank\"><font color=\"blue\">ANEXO DA PORTARIA NORMATIVA UFSM N\u00b0 073, DE 1\u00ba DE DEZEMBRO DE 2023<\/font><\/a><\/b><\/div>\r\n<p><div align=\"center\"><b>PLANO DE RECUPERA\u00c7\u00c3O DE RECESSO<\/font><\/b><\/div>\r\n<br>\r\n<p>NOME:\t\r\n<p>SIAPE: \r\n<p>LOTA\u00c7\u00c3O:\r\n<br>\r\n<p><b>PER\u00cdODO DE RECESSO (assinalar apenas um per\u00edodo):<\/b>\r\n<p>(   ) 26 a 29 de dezembro de 2023\r\n<p>(   ) 02 a 05 de janeiro de 2024\r\n<br>\r\n\r\n<p><b>FORMA DE COMPENSA\u00c7\u00c3O (assinalar apenas uma op\u00e7\u00e3o):<\/b>\r\n\r\n<p>(   ) <b>HORAS<\/b> (O TAE deve Justificar Aus\u00eancia no ponto eletr\u00f4nico e o Docente deve abrir processo de Homologa\u00e7\u00e3o do plano de compensa\u00e7\u00e3o do recesso de final de ano (029.11))\r\n<p>(   ) <b>ATIVIDADES<\/b> (O TAE deve solicitar Abono no ponto eletr\u00f4nico e o Docente deve abrir processo de Homologa\u00e7\u00e3o do plano de compensa\u00e7\u00e3o do recesso de final de ano (029.11))\r\n\t\r\n<p>O atendimento e execu\u00e7\u00e3o de tarefas n\u00e3o sofrer\u00e3o altera\u00e7\u00e3o de continuidade, devido \u00e0 escala de revezamento no setor.\r\n<p>As atividades que ficarem acumuladas no recesso acima solicitado ser\u00e3o por mim recuperadas no per\u00edodo* de ............................................... a ......................................................., conforme quadro abaixo.\r\n<br>\r\n<br>\r\n<table><table width=\"75%\">\r\n<tr><th>M\u00eas de recupera\u00e7\u00e3o<\/th><th>Dias de recupera\u00e7\u00e3o<\/th> <th>Carga hor\u00e1ria ou atividade<\/th> <\/tr>\r\n<tr><td>citar o m\u00eas de compensa\u00e7\u00e3o<\/td><td>citar os dias<\/td><td>(m\u00e1ximo de 2h por dia ou elencar atividades)<\/td><\/tr>\r\n<tr><td>Exemplo de compensa\u00e7\u00e3o de horas.:novembro<\/td><td><\/td><td><\/tr>\r\n<tr><td><br><\/td><td><\/td><td><\/td><\/tr>\r\n<tr><td><br><\/td><td><\/td><td><\/td><\/tr>\r\n<\/table>\r\n\r\n\r\n<p>Quadro - Modelo de plano de Recupera\u00e7\u00e3o de Recesso.\r\n<br>\r\n<br>\r\n<p>Al\u00e9m disso, havendo interesse premente ou necessidade de servi\u00e7o, a crit\u00e9rio da chefia imediata ou da autoridade superior, poderei ser convocado para comparecer ou realizar atividades em hor\u00e1rio de expediente normal, mesmo durante o per\u00edodo escolhido para recesso, sem que isso importe qualquer compensa\u00e7\u00e3o ou pagamento de hora-extra.\r\n<br>\r\n<br>\r\n<p><b>*O per\u00edodo deve estar compreendido entre 02 de outubro de 2023 a 31 de maio de 2024.<\/b>\r\n<p><b>O plano de recupera\u00e7\u00e3o de recesso deve ser assinado pelo servidor(a) e a chefia imediata.<\/b>\r\n\r\n<br>\r\n\r\n<br>\r\n<p><font color=\"red0000\">Este texto n\u00e3o substitui o documento original, publicado no Portal de Documentos.<\/font> Dispon\u00edvel em: <a href=\"https:\/\/portal.ufsm.br\/documentos\/publico\/documento.html?id=14918976\" target=\"_blank\"><font color=\"blue\">https:\/\/portal.ufsm.br\/documentos\/publico\/documento.html?id=14918976<\/font><\/a> \r\n \t\t<\/div>\n\t\t\t\t<\/div>\n\t\t\t\t\t<\/div>\n\t\t<\/div>\n\t\t\t\t\t<\/div>\n\t\t<\/section>\n\t\t\t\t<\/div>\n\t\t","protected":false},"excerpt":{"rendered":"<p>ANEXO DA PORTARIA NORMATIVA UFSM N\u00b0 073, DE 1\u00ba DE DEZEMBRO DE 2023 MINIST\u00c9RIO DA EDUCA\u00c7\u00c3O UNIVERSIDADE FEDERAL DE SANTA MARIA ANEXO DA PORTARIA NORMATIVA UFSM N\u00b0 073, DE 1\u00ba DE DEZEMBRO DE 2023 PLANO DE RECUPERA\u00c7\u00c3O DE RECESSO NOME: SIAPE: LOTA\u00c7\u00c3O: PER\u00cdODO DE RECESSO (assinalar apenas um per\u00edodo): ( ) 26 a 29 de [&hellip;]<\/p>\n","protected":false},"author":5547,"featured_media":0,"parent":0,"menu_order":0,"comment_status":"closed","ping_status":"closed","template":"","meta":{"footnotes":""},"categories":[],"tags":[],"class_list":["post-5635","page","type-page","status-publish","hentry"],"acf":[],"_links":{"self":[{"href":"https:\/\/www.ufsm.br\/pro-reitorias\/proplan\/wp-json\/wp\/v2\/pages\/5635","targetHints":{"allow":["GET"]}}],"collection":[{"href":"https:\/\/www.ufsm.br\/pro-reitorias\/proplan\/wp-json\/wp\/v2\/pages"}],"about":[{"href":"https:\/\/www.ufsm.br\/pro-reitorias\/proplan\/wp-json\/wp\/v2\/types\/page"}],"author":[{"embeddable":true,"href":"https:\/\/www.ufsm.br\/pro-reitorias\/proplan\/wp-json\/wp\/v2\/users\/5547"}],"replies":[{"embeddable":true,"href":"https:\/\/www.ufsm.br\/pro-reitorias\/proplan\/wp-json\/wp\/v2\/comments?post=5635"}],"version-history":[{"count":0,"href":"https:\/\/www.ufsm.br\/pro-reitorias\/proplan\/wp-json\/wp\/v2\/pages\/5635\/revisions"}],"wp:attachment":[{"href":"https:\/\/www.ufsm.br\/pro-reitorias\/proplan\/wp-json\/wp\/v2\/media?parent=5635"}],"wp:term":[{"taxonomy":"category","embeddable":true,"href":"https:\/\/www.ufsm.br\/pro-reitorias\/proplan\/wp-json\/wp\/v2\/categories?post=5635"},{"taxonomy":"post_tag","embeddable":true,"href":"https:\/\/www.ufsm.br\/pro-reitorias\/proplan\/wp-json\/wp\/v2\/tags?post=5635"}],"curies":[{"name":"wp","href":"https:\/\/api.w.org\/{rel}","templated":true}]}}