{"id":5656,"date":"2023-12-21T15:53:15","date_gmt":"2023-12-21T18:53:15","guid":{"rendered":"https:\/\/www.ufsm.br\/pro-reitorias\/proplan\/?page_id=5656"},"modified":"2024-03-13T09:39:39","modified_gmt":"2024-03-13T12:39:39","slug":"portaria-normativa-prae-n-001-2023","status":"publish","type":"page","link":"https:\/\/www.ufsm.br\/pro-reitorias\/proplan\/portaria-normativa-prae-n-001-2023","title":{"rendered":"Portaria Normativa PRAE\/UFSM N\u00b0 001\/2023"},"content":{"rendered":"\t\t<div data-elementor-type=\"wp-page\" data-elementor-id=\"5656\" class=\"elementor elementor-5656\">\n\t\t\t\t\t\t<section class=\"elementor-section elementor-top-section elementor-element elementor-element-1cfcc14 elementor-section-boxed elementor-section-height-default elementor-section-height-default\" data-id=\"1cfcc14\" data-element_type=\"section\">\n\t\t\t\t\t\t<div class=\"elementor-container elementor-column-gap-default\">\n\t\t\t\t\t<div class=\"elementor-column elementor-col-100 elementor-top-column elementor-element elementor-element-e7f8927\" data-id=\"e7f8927\" data-element_type=\"column\">\n\t\t\t<div class=\"elementor-widget-wrap elementor-element-populated\">\n\t\t\t\t\t\t<div class=\"elementor-element elementor-element-35638ad elementor-widget elementor-widget-html\" data-id=\"35638ad\" data-element_type=\"widget\" data-widget_type=\"html.default\">\n\t\t\t\t<div class=\"elementor-widget-container\">\n\t\t\t\n\n\n\n\n\n<title><b>PORTARIA NORMATIVA PRAE UFSM N. 001, DE 19 DE JANEIRO DE 2023<\/b><\/title>\n\n\n<div align=\"center\"><img decoding=\"async\" src=\"https:\/\/www.ufsm.br\/pro-reitorias\/proplan\/wp-content\/uploads\/sites\/344\/2019\/09\/brasao-da-republica-do-brasil-logo.png\" alt=\"Bras\u00e3o Rep\u00fablica Federativa do Brasil\" width=\"6%\" height=\"6%\"><\/div>  <h1><font color=\"blue\"><font size=\"5\"><div align=\"center\">MINIST\u00c9RIO DA EDUCA\u00c7\u00c3O<\/div><\/font><\/font><\/H1>\n<b><font color=\"0000blue\"><div align=\"center\">UNIVERSIDADE FEDERAL DE SANTA MARIA<\/div><\/font><\/b>\n<p><div align=\"center\"><b><a href=\"https:\/\/portal.ufsm.br\/documentos\/publico\/documento.html?id=14943082\" target=\"_blank\"><font color=\"blue\">PORTARIA NORMATIVA PRAE N\u00b0 001, DE 18 DE DEZEMBRO DE 2023<\/font><\/a><\/b><\/div>\n<br>\n<\/p><p><div align=\"justify\"><font color=\"800000\"><ul><ul><ul><ul><ul><ul><ul><ul><ul><ul><ul><ul><ul><ul><ul><ul><strike>Disp\u00f5e sobre o tempo para perman\u00eancia dos (as) estudantes no Programa de Benef\u00edcio Socioecon\u00f4mico (PBSE) da Universidade Federal de Santa Maria (UFSM).<\/strike><\/font><\/div><\/ul>\n<br>\n<p><a href=\"https:\/\/www.ufsm.br\/pro-reitorias\/proplan?page_id=5768\" target=\"_blank\"><font color=\"blue\">Revogada pela Portaria Normativa PRAE\/UFSM N\u00b0 002\/2024<\/font><\/a><\/p>\n<br>\n<br><div align=\"justify\"><font color=\"black\">\n<strike>\n<p>A PR\u00d3-REITORA DE ASSUNTOS ESTUDANTIS, no uso das atribui\u00e7\u00f5es legais e estatut\u00e1rias que lhe confere o item \"g\", art. 1\u00b0 da Resolu\u00e7\u00e3o UFSM n\u00b0 059\/1979 e considerando: \n\n<p>- a <a href=\"http:\/\/www.planalto.gov.br\/ccivil_03\/constituicao\/constituicao.htm\" target=\"_blank\"><font color=\"blue\"><u>Constitui\u00e7\u00e3o da Rep\u00fablica Federativa do Brasil de 1988, de 05 de outubro de 1988<\/u><\/font><\/a>;\n<p>- a <a href=\"http:\/\/www.planalto.gov.br\/ccivil_03\/leis\/l8112cons.htm\" target=\"_blank\"><font color=\"blue\"><u>Lei n\u00b0 8.112, de 11 de dezembro de 1990<\/u><\/font><\/a>, que disp\u00f5e sobre o regime jur\u00eddico dos servidores p\u00fablicos civis da Uni\u00e3o, das autarquias e das funda\u00e7\u00f5es p\u00fablicas federais;\n<p>- a <a href=\"https:\/\/www.planalto.gov.br\/ccivil_03\/leis\/l9394.htm\" target=\"_blank\"><font color=\"blue\"><u>Lei N. 9.394, de 20 de dezembro de 1996<\/u><\/font><\/a>, que estabelece as diretrizes e bases da educa\u00e7\u00e3o nacional e suas altera\u00e7\u00f5es; \n\n<p> - a <a><font color=\"blue\"><u>Lei n\u00b0 12.711, de 29 de dezembro de 2012<\/u><\/font><\/a>, que disp\u00f5e sobre o ingresso nas universidades federais e nas institui\u00e7\u00f5es de ensino t\u00e9cnico de n\u00edvel m\u00e9dio e d\u00e1 outras provid\u00eancias; \n\n<p> - a <a><font color=\"blue\"><u>Lei n\u00b0 13.005, de 25 de junho de 2014<\/u><\/font><\/a>, que Aprova o Plano Nacional de Educa\u00e7\u00e3o - PNE e d\u00e1 outras provid\u00eancias;\n\n<p>- a <a href=\"http:\/\/www.planalto.gov.br\/ccivil_03\/leis\/lcp\/lcp95.htm\" target=\"_blank\"><font color=\"blue\"><u>Lei Complementar N. 95, de 26 de fevereiro de 1998<\/u><\/font><\/a>, que disp\u00f5e sobre a elabora\u00e7\u00e3o, a reda\u00e7\u00e3o, a altera\u00e7\u00e3o e a consolida\u00e7\u00e3o das leis, conforme determina o Par\u00e1grafo \u00danico do Art. 59 da Constitui\u00e7\u00e3o Federal, e estabelece normas para a consolida\u00e7\u00e3o dos atos normativos que menciona;\n\n<p> - o <a><font color=\"blue\"><u>Decreto n\u00b0 7.234, de 19 de julho de 2010<\/u><\/font><\/a>, que disp\u00f5e sobre o Programa Nacional de Assist\u00eancia Estudantil (PNAES);\n\n<p> - o <a><font color=\"blue\"><u>Decreto n\u00b0 7.824, de 11 de outubro de 2012<\/u><\/font><\/a>, que regulamenta a <a><font color=\"blue\"><u> Lei n\u00b0 12.711, de 29 de agosto de 2012<\/u><\/font><\/a>, que disp\u00f5e sobre o ingresso nas universidades federais e nas institui\u00e7\u00f5es federais de ensino t\u00e9cnico de n\u00edvel m\u00e9dio;\n\n<p> - o <a><font color=\"blue\"><u>Decreto n\u00b0 10.139, de 28 de novembro de 2019  <\/u><\/font><\/a>, que disp\u00f5e sobre a revis\u00e3o e a consolida\u00e7\u00e3o de atos normativos inferiores a decreto;\n\n<p> - a <a><font color=\"blue\"><u>Portaria normativa n\u00b0 18, de 11 de outubro de 2012  <\/u><\/font><\/a>, que disp\u00f5e sobre a implementa\u00e7\u00e3o das reservas de vagas em institui\u00e7\u00f5es federais de ensino de que tratam a <a><font color=\"blue\"><u> Lei n\u00b0 12.711, de 29 de agosto de 2012<\/u><\/font><\/a>, e o <a><font color=\"blue\"><u>Decreto n\u00b0 7.824, de 11 de outubro de 2012<\/u><\/font><\/a>;\n\n<p>- o <a href=\"https:\/\/www.ufsm.br\/pro-reitorias\/proplan\/estatuto-ufsm-2010\/\" target=\"_blank\"><font color=\"blue\"><u>Estatuto da Universidade Federal de Santa Maria<\/u><\/font><\/a> com as adequa\u00e7\u00f5es aprovadas pela <a href=\"https:\/\/www.ufsm.br\/pro-reitorias\/proplan\/resolucao-n-037-2010\/\" target=\"_blank\"><font color=\"blue\"><u>Resolu\u00e7\u00e3o UFSM n\u00b0 037, de 30 de novembro de 2010<\/u><\/font><\/a>, aprovado pela <a href=\"https:\/\/pesquisa.in.gov.br\/imprensa\/jsp\/visualiza\/index.jsp?data=13\/03\/2014&amp;jornal=1&amp;pagina=43&amp;totalArquivos=100\" target=\"_blank\"><font color=\"blue\"><u>Portaria N. 156, de 12 de mar\u00e7o de 2014<\/u><\/font><\/a>, e publicado no Di\u00e1rio Oficial da Uni\u00e3o em 13 de mar\u00e7o de 2014; \n\n<p>- o <a href=\"https:\/\/www.ufsm.br\/pro-reitorias\/proplan\/regimento-geral-da-ufsm-com-alteracoes-compiladas-pela-resolucao-n-016-2019\/\" target=\"_blank\"><font color=\"blue\"><u>Regimento Geral da UFSM<\/u><\/font><\/a>, disposto na <a href=\"https:\/\/www.ufsm.br\/pro-reitorias\/proplan\/resolucao-n-006-2011\/\" target=\"_blank\"><font color=\"blue\"><u>Resolu\u00e7\u00e3o UFSM n\u00b0 006, de 28 de abril de 2011<\/u><\/font><\/a>, atualizado pela <a><font color=\"blue\"><u>Resolu\u00e7\u00e3o UFSM n\u00b0 016, de 02 de julho de 2019<\/u><\/font><\/a>;\n\n\n<p> - a <a><font color=\"blue\"><u>Resolu\u00e7\u00e3o UFSM n\u00b0 041, de 10 de novembro de 2016 <\/u><\/font><\/a>, que institui o Programa de Acesso \u00e0 Educa\u00e7\u00e3o T\u00e9cnica e Superior da UFSM para Refugiados e Imigrantes em situa\u00e7\u00e3o de Vulnerabilidade e revoga a Resolu\u00e7\u00e3o N. 039\/2010 e altera\u00e7\u00f5es subsequentes; \n<p> - a <a><font color=\"blue\"><u>Resolu\u00e7\u00e3o UFSM n\u00b0 002, de 8 de fevereiro de 2018 <\/u><\/font><\/a>, que regula as formas de ingresso aos Cursos de Gradua\u00e7\u00e3o e A\u00e7\u00f5es Afirmativas correlatas da Universidade Federal de Santa Maria e revoga a Resolu\u00e7\u00e3o n. 011\/07; \n<p> - a <a><font color=\"blue\"><u>Resolu\u00e7\u00e3o UFSM n\u00b0 024, de 11 de agosto de 2020  <\/u><\/font><\/a>, que regulou o Regime de Exerc\u00edcios Domiciliares Especiais (REDE) e outras disposi\u00e7\u00f5es afins, durante a Suspens\u00e3o das Atividades Acad\u00eamicas Presenciais em face da Pandemia da COVID-19; \n\n<p>- a <a href=\"https:\/\/www.ufsm.br\/pro-reitorias\/proplan\/resolucao-ufsm-n-054-2021\/\" target=\"_blank\"><font color=\"blue\"><u>Resolu\u00e7\u00e3o UFSM N. 054, de 1\u00ba de junho de 2021<\/u><\/font><\/a>, que regulamenta a proposi\u00e7\u00e3o e a emiss\u00e3o de Atos Normativos no \u00e2mbito da Universidade Federal de Santa Maria;\n\n<p> - a <a><font color=\"blue\"><u>Resolu\u00e7\u00e3o UFSM n\u00b0 079, de 17 de fevereiro de 2022  <\/u><\/font><\/a>, que revogou o Regime de Exerc\u00edcios Domiciliares Especiais (REDE), estabeleceu diretrizes sobre o Calend\u00e1rio Suplementar e o retorno presencial das atividades acad\u00eamicas na UFSM;\n<p> - a <a><font color=\"blue\"><u>Resolu\u00e7\u00e3o UFSM n\u00b0 142, de 29 de setembro de 2023  <\/u><\/font><\/a>, que regulamenta o Programa de Benef\u00edcio Socioecon\u00f4mico para estudantes no \u00e2mbito da Universidade Federal de Santa Maria;\n\n- o compromisso de constante aperfei\u00e7oamento da assist\u00eancia estudantil no \u00e2mbito da UFSM e garantia de direitos dos estudantes; e,\n\n<p>- o que consta no processo <a href=\"https:\/\/portal.ufsm.br\/documentos\/publico\/processo\/documento.html?idDocumento=14932900\" target=\"_blank\"><font color=\"blue\"><u>23081.158090\/2023-74<\/u><\/font><\/a>.\n<br>\n<p>RESOLVE:\n<br>\n\n<p>Art. 1\u00ba Dispor sobre o tempo para perman\u00eancia dos(as) estudantes no Programa de Benef\u00edcio Socioecon\u00f4mico (PBSE) da Universidade Federal de Santa Maria (UFSM).     \n<p>Art. 2\u00ba A perman\u00eancia do estudante no Programa de Benef\u00edcio Socioecon\u00f4mico (PBSE) ter\u00e1 dura\u00e7\u00e3o m\u00e1xima igual ao tempo m\u00e9dio de integraliza\u00e7\u00e3o do curso por por ele(a) frequentado acrescido de 50% (cinquenta por cento) deste tempo. \n<p>Par\u00e1grafo \u00fanico. Os semestres letivos cursados durante o per\u00edodo de vig\u00eancia do Regime de Exerc\u00edcios Domiciliares Especiais (REDE), durante a Suspens\u00e3o das Atividades Acad\u00eamicas Presenciais em face da Pandemia da COVID-19, n\u00e3o ser\u00e3o considerados como tempo de uso deste benef\u00edcio, ou seja, n\u00e3o ser\u00e3o contabilizados neste tempo.\n<p>Art. 3\u00ba Esta Portaria Normativa entra em vigor em 18 de dezembro de 2023, por se tratar de urg\u00eancia justi\ufb01cada no expediente administrativo, de acordo com o que prev\u00ea o Artigo 4\u00ba do <a href=\"https:\/\/www.planalto.gov.br\/ccivil_03\/_ato2019-2022\/2019\/decreto\/d10139.htm \" target=\"_blank\"><font color=\"blue\"><u> Decreto n\u00b0 10.139, de 28 de novembro de 2019 <\/u><\/font><\/a>.\n<p>Par\u00e1grafo \u00fanico. Havendo qualquer modifica\u00e7\u00e3o legislativa, ou ainda, advindo qualquer situa\u00e7\u00e3o legal que impacte na legalidade da presente Portaria Normativa, a mesma se aplica de imediato.\n<br>\t\n \n<p>Gisele Martins Guimar\u00e3es\n<p>Pr\u00f3-reitora de Assuntos Estudantis\n\n<br>\n<\/strike>\n\n<p><font color=\"red0000\">Este texto n\u00e3o substitui o documento original, publicado no no Portal de Documentos.<\/font> Dispon\u00edvel em: <a href=\"https:\/\/portal.ufsm.br\/documentos\/publico\/documento.html?id=14943082\" target=\"_blank\"><font color=\"blue\">https:\/\/portal.ufsm.br\/documentos\/publico\/documento.html?id=14943082<\/font><\/a>\n\n \t\t<\/div>\n\t\t\t\t<\/div>\n\t\t\t\t\t<\/div>\n\t\t<\/div>\n\t\t\t\t\t<\/div>\n\t\t<\/section>\n\t\t\t\t<\/div>\n\t\t","protected":false},"excerpt":{"rendered":"<p>PORTARIA NORMATIVA PRAE UFSM N. 001, DE 19 DE JANEIRO DE 2023 MINIST\u00c9RIO DA EDUCA\u00c7\u00c3O UNIVERSIDADE FEDERAL DE SANTA MARIA PORTARIA NORMATIVA PRAE N\u00b0 001, DE 18 DE DEZEMBRO DE 2023 Disp\u00f5e sobre o tempo para perman\u00eancia dos (as) estudantes no Programa de Benef\u00edcio Socioecon\u00f4mico (PBSE) da Universidade Federal de Santa Maria (UFSM). Revogada pela [&hellip;]<\/p>\n","protected":false},"author":5547,"featured_media":0,"parent":0,"menu_order":0,"comment_status":"closed","ping_status":"closed","template":"","meta":{"footnotes":""},"categories":[],"tags":[],"class_list":["post-5656","page","type-page","status-publish","hentry"],"acf":[],"_links":{"self":[{"href":"https:\/\/www.ufsm.br\/pro-reitorias\/proplan\/wp-json\/wp\/v2\/pages\/5656","targetHints":{"allow":["GET"]}}],"collection":[{"href":"https:\/\/www.ufsm.br\/pro-reitorias\/proplan\/wp-json\/wp\/v2\/pages"}],"about":[{"href":"https:\/\/www.ufsm.br\/pro-reitorias\/proplan\/wp-json\/wp\/v2\/types\/page"}],"author":[{"embeddable":true,"href":"https:\/\/www.ufsm.br\/pro-reitorias\/proplan\/wp-json\/wp\/v2\/users\/5547"}],"replies":[{"embeddable":true,"href":"https:\/\/www.ufsm.br\/pro-reitorias\/proplan\/wp-json\/wp\/v2\/comments?post=5656"}],"version-history":[{"count":0,"href":"https:\/\/www.ufsm.br\/pro-reitorias\/proplan\/wp-json\/wp\/v2\/pages\/5656\/revisions"}],"wp:attachment":[{"href":"https:\/\/www.ufsm.br\/pro-reitorias\/proplan\/wp-json\/wp\/v2\/media?parent=5656"}],"wp:term":[{"taxonomy":"category","embeddable":true,"href":"https:\/\/www.ufsm.br\/pro-reitorias\/proplan\/wp-json\/wp\/v2\/categories?post=5656"},{"taxonomy":"post_tag","embeddable":true,"href":"https:\/\/www.ufsm.br\/pro-reitorias\/proplan\/wp-json\/wp\/v2\/tags?post=5656"}],"curies":[{"name":"wp","href":"https:\/\/api.w.org\/{rel}","templated":true}]}}