{"id":5768,"date":"2024-03-13T09:02:35","date_gmt":"2024-03-13T12:02:35","guid":{"rendered":"https:\/\/www.ufsm.br\/pro-reitorias\/proplan\/?page_id=5768"},"modified":"2025-01-28T12:56:15","modified_gmt":"2025-01-28T15:56:15","slug":"portaria-normativa-prae-ufsm-n-002-2024","status":"publish","type":"page","link":"https:\/\/www.ufsm.br\/pro-reitorias\/proplan\/portaria-normativa-prae-ufsm-n-002-2024","title":{"rendered":"Portaria Normativa PRAE\/UFSM N\u00b0 002\/2024"},"content":{"rendered":"\t\t<div data-elementor-type=\"wp-page\" data-elementor-id=\"5768\" class=\"elementor elementor-5768\">\n\t\t\t\t\t\t<section class=\"elementor-section elementor-top-section elementor-element elementor-element-1d23066 elementor-section-boxed elementor-section-height-default elementor-section-height-default\" data-id=\"1d23066\" data-element_type=\"section\">\n\t\t\t\t\t\t<div class=\"elementor-container elementor-column-gap-default\">\n\t\t\t\t\t<div class=\"elementor-column elementor-col-100 elementor-top-column elementor-element elementor-element-5ec319a\" data-id=\"5ec319a\" data-element_type=\"column\">\n\t\t\t<div class=\"elementor-widget-wrap elementor-element-populated\">\n\t\t\t\t\t\t<div class=\"elementor-element elementor-element-8cbf5c8 elementor-widget elementor-widget-html\" data-id=\"8cbf5c8\" data-element_type=\"widget\" data-widget_type=\"html.default\">\n\t\t\t\t<div class=\"elementor-widget-container\">\n\t\t\t\r\n\r\n\r\n<title><b>PORTARIA NORMATIVA PRAE UFSM N\u00b0 02, DE 08 DE MAR\u00c7O DE 2024<\/b><\/title>\r\n\r\n\r\n<div align=\"center\"><img decoding=\"async\" src=\"https:\/\/www.ufsm.br\/pro-reitorias\/proplan\/wp-content\/uploads\/sites\/344\/2019\/09\/brasao-da-republica-do-brasil-logo.png\" alt=\"Bras\u00e3o Rep\u00fablica Federativa do Brasil\" width=\"6%\" height=\"6%\"><\/div>  <h1><font color=\"blue\"><font size=\"5\"><div align=\"center\">MINIST\u00c9RIO DA EDUCA\u00c7\u00c3O<\/div><\/font><\/font><\/H1>\r\n<b><font color=\"0000blue\"><div align=\"center\">UNIVERSIDADE FEDERAL DE SANTA MARIA<\/div><\/font><\/b>\r\n<p><div align=\"center\"><b><a href=\"https:\/\/portal.ufsm.br\/documentos\/publico\/documento.html?idDocumento=14915553\" target=\"_blank\"><font color=\"blue\">PORTARIA NORMATIVA PRAE UFSM N\u00b0 02, DE 08 DE MAR\u00c7O DE 2024<\/font><\/a><\/b><\/div>\r\n<br>\r\n<p><div align=\"justify\"><font color=\"800000\"><ul><ul><ul><ul><ul><ul><ul><ul><ul><ul><ul><ul><ul><ul><ul><ul>Disp\u00f5e sobre os crit\u00e9rios para perman\u00eancia dos(as) estudantes no Programa de Benef\u00edcio Socioecon\u00f4mico (PBSE) da Universidade Federal de Santa Maria (UFSM) e revoga a Portaria Normativa PRAE UFSM n\u00b0 01\/2023.<\/font><\/div><\/ul>\r\n<br><div align=\"justify\"><font color=\"black\"> \r\n<p>A PR\u00d3-REITORA DE ASSUNTOS ESTUDANTIS, no uso das atribui\u00e7\u00f5es legais e estatut\u00e1rias que lhe confere o item \"g\", art. 1\u00b0 da <a href=\"https:\/\/www.ufsm.br\/pro-reitorias\/proplan\/resolucao-n-059-1979\"><font color=\"blue\"><u>Resolu\u00e7\u00e3o UFSM n\u00b0 059\/1979<\/u><\/font><\/a> e considerando:<\/p>\r\n<p>- a <a href=\"http:\/\/www.planalto.gov.br\/ccivil_03\/constituicao\/constituicao.htm\" target=\"_blank\"><font color=\"blue\"><u>Constitui\u00e7\u00e3o da Rep\u00fablica Federativa do Brasil de 1988, de 05 de outubro de 1988<\/u><\/font><\/a>;\r\n<p>- a <a href=\"http:\/\/www.planalto.gov.br\/ccivil_03\/leis\/l8112cons.htm\" target=\"_blank\"><font color=\"blue\"><u>Lei n\u00b0 8.112, de 11 de dezembro de 1990<\/u><\/font><\/a>, que disp\u00f5e sobre o regime jur\u00eddico dos servidores p\u00fablicos civis da Uni\u00e3o, das autarquias e das funda\u00e7\u00f5es p\u00fablicas federais;\r\n<p>- a <a href=\"https:\/\/www.planalto.gov.br\/ccivil_03\/leis\/l9394.htm\" target=\"_blank\"><font color=\"blue\"><u>Lei n\u00b0 9.394, de 20 de dezembro de 1996<\/u><\/font><\/a>, que estabelece as diretrizes e bases da educa\u00e7\u00e3o nacional e suas altera\u00e7\u00f5es; \r\n<p>- a <a href=\"https:\/\/www.planalto.gov.br\/ccivil_03\/_ato2011-2014\/2012\/lei\/l12711.htm\" target=\"_blank\"><font color=\"blue\"><u>Lei n\u00b0 12.711, de 29 de dezembro de 2012<\/u><\/font><\/a>, que disp\u00f5e sobre o ingresso nas universidades federais e nas institui\u00e7\u00f5es de ensino t\u00e9cnico de n\u00edvel m\u00e9dio e d\u00e1 outras provid\u00eancias;\r\n<p>- a <a href=\"https:\/\/www.planalto.gov.br\/ccivil_03\/_ato2011-2014\/2014\/lei\/l13005.htm\" target=\"_blank\"><font color=\"blue\"><u>Lei n\u00b0 13.005, de 25 de junho de 2014<\/u><\/font><\/a>, que aprova o Plano Nacional de Educa\u00e7\u00e3o - PNE e d\u00e1 outras provid\u00eancias;\r\n<p>- a <a href=\"http:\/\/www.planalto.gov.br\/ccivil_03\/leis\/lcp\/lcp95.htm\" target=\"_blank\"><font color=\"blue\"><u>Lei Complementar n\u00b0 95, de 26 de fevereiro de 1998<\/u><\/font><\/a>, que disp\u00f5e sobre a elabora\u00e7\u00e3o, a reda\u00e7\u00e3o, a altera\u00e7\u00e3o e a consolida\u00e7\u00e3o das leis, conforme determina o Par\u00e1grafo \u00danico do art. 59 da Constitui\u00e7\u00e3o Federal, e estabelece normas para a consolida\u00e7\u00e3o dos atos normativos que menciona;\r\n<p>- o <a href=\"https:\/\/www.planalto.gov.br\/ccivil_03\/_ato2007-2010\/2010\/decreto\/d7234.htm\"><font color=\"blue\"><u>Decreto n\u00b0 7.234, de 19 de julho de 2010<\/u><\/font><\/a>, que disp\u00f5e sobre o Programa Nacional de Assist\u00eancia Estudantil (PNAES);<\/p>\r\n<p>- o <a href=\"https:\/\/www.planalto.gov.br\/ccivil_03\/_Ato2011-2014\/2012\/Decreto\/D7824.htm\"><font color=\"blue\"><u>Decreto n\u00b0 7.824, de 11 de outubro de 2012<\/u><\/font><\/a>, que regulamenta a <a href=\"https:\/\/www.planalto.gov.br\/ccivil_03\/_ato2011-2014\/2012\/lei\/l12711.htm\"><font color=\"blue\"><u>Lei n\u00b0 12.711, de 29 de agosto de 2012<\/u><\/font><\/a>, que disp\u00f5e sobre o ingresso nas universidades federais e nas institui\u00e7\u00f5es federais de ensino t\u00e9cnico de n\u00edvel m\u00e9dio;<\/p>\r\n<p>- o <a href=\"https:\/\/www.planalto.gov.br\/ccivil_03\/_ato2015-2018\/2017\/decreto\/d9191.htm\" target=\"_blank\"><font color=\"blue\"><u>Decreto n\u00b0 9.191, de 1\u00b0 de novembro de 2017<\/u><\/font><\/a>, que estabelece as normas e as diretrizes para elabora\u00e7\u00e3o, reda\u00e7\u00e3o, altera\u00e7\u00e3o, consolida\u00e7\u00e3o e encaminhamento de propostas de atos normativos ao Presidente da Rep\u00fablica pelos Ministros de Estado; \r\n<p>- o <a href=\"http:\/\/www.planalto.gov.br\/ccivil_03\/_ato2019-2022\/2019\/decreto\/D10139.htm\" target=\"_blank\"><font color=\"blue\"><u>Decreto n\u00b0 10.139, de 28 de novembro de 2019<\/u><\/font><\/a>, que disp\u00f5e sobre a revis\u00e3o e a consolida\u00e7\u00e3o dos atos normativos inferiores a decreto;\r\n<p>- a <a href=\"http:\/\/portal.mec.gov.br\/cotas\/docs\/portaria_18.pdf\"><font color=\"blue\"><u>Portaria Normativa n\u00b0 18, de 11 de outubro de 2012  <\/u><\/font><\/a>, que disp\u00f5e sobre a implementa\u00e7\u00e3o das reservas de vagas em institui\u00e7\u00f5es federais de ensino de que tratam a <a href=\"https:\/\/www.planalto.gov.br\/ccivil_03\/_ato2011-2014\/2012\/lei\/l12711.htm\"><font color=\"blue\"><u> Lei n\u00b0 12.711, de 29 de agosto de 2012<\/u><\/font><\/a>, e o <a href=\"https:\/\/www.planalto.gov.br\/ccivil_03\/_Ato2011-2014\/2012\/Decreto\/D7824.htm\"><font color=\"blue\"><u>Decreto n\u00b0 7.824, de 11 de outubro de 2012<\/u><\/font><\/a>;\r\n<p>- a <a href=\"https:\/\/portal.ufsm.br\/documentos\/publico\/documento.html?id=8112043\" target=\"_blank\"><font color=\"blue\"><u>Resolu\u00e7\u00e3o UFSM n\u00b0 041, de 10 de novembro de 2016<\/u><\/font><\/a>, que institui o Programa de Acesso \u00e0 Educa\u00e7\u00e3o T\u00e9cnica e Superior da UFSM para Refugiados e Imigrantes em situa\u00e7\u00e3o de Vulnerabilidade e revoga a Resolu\u00e7\u00e3o N. 039\/2010 e altera\u00e7\u00f5es subsequentes;\r\n<p>- a <a href=\"https:\/\/portal.ufsm.br\/documentos\/publico\/documento.html?id=9007497\" target=\"_blank\"><font color=\"blue\"><u>Resolu\u00e7\u00e3o UFSM n\u00b0 002, de 8 de fevereiro de 2018<\/u><\/font><\/a>, que regula as formas de ingresso aos Cursos de Gradua\u00e7\u00e3o e A\u00e7\u00f5es Afirmativas correlatas da Universidade Federal de Santa Maria e revoga a Resolu\u00e7\u00e3o n. 011\/07;\r\n<p>- o <a href=\"https:\/\/www.ufsm.br\/pro-reitorias\/proplan\/estatuto-ufsm-2010\/\" target=\"_blank\"><font color=\"blue\"><u>Estatuto da Universidade Federal de Santa Maria<\/u><\/font><\/a>, com as adequa\u00e7\u00f5es aprovadas pela <a href=\"https:\/\/www.ufsm.br\/pro-reitorias\/proplan\/resolucao-n-037-2010\/\" target=\"_blank\"><font color=\"blue\"><u>Resolu\u00e7\u00e3o UFSM n\u00b0 037, de 30 de novembro de 2010<\/u><\/font><\/a>, aprovado pela <a href=\"https:\/\/pesquisa.in.gov.br\/imprensa\/jsp\/visualiza\/index.jsp?data=13\/03\/2014&amp;jornal=1&amp;pagina=43&amp;totalArquivos=100\" target=\"_blank\"><font color=\"blue\"><u>Portaria n\u00b0 156, de 12 de mar\u00e7o de 2014<\/u><\/font><\/a>, e publicado no Di\u00e1rio Oficial da Uni\u00e3o em 13 de mar\u00e7o de 2014; e,\r\n<p>- o <a href=\"https:\/\/www.ufsm.br\/pro-reitorias\/proplan\/regimento-geral-da-ufsm-com-alteracoes-compiladas-pela-resolucao-n-016-2019\/\" target=\"_blank\"><font color=\"blue\"><u>Regimento Geral da UFSM<\/u><\/font><\/a>, disposto na <a href=\"https:\/\/www.ufsm.br\/pro-reitorias\/proplan\/resolucao-n-006-2011\/\" target=\"_blank\"><font color=\"blue\"><u>Resolu\u00e7\u00e3o UFSM N. 006, de 28 de abril de 2011<\/u><\/font><\/a>, atualizado pela <a href=\"https:\/\/www.ufsm.br\/app\/uploads\/sites\/399\/2019\/07\/RES_GR_2019_016.pdf\" target=\"_blank\"><font color=\"blue\"><u>Resolu\u00e7\u00e3o UFSM N. 016, de 02 de julho de 2019<\/u><\/font><\/a>;\r\n<p>- a <a href=\"https:\/\/www.ufsm.br\/pro-reitorias\/proplan\/resolucao-ufsm-n-054-2021\"><font color=\"blue\"><u>Resolu\u00e7\u00e3o UFSM N. 054, de 1\u00ba de junho de 2021<\/u><\/font><\/a>, que regulamenta a proposi\u00e7\u00e3o e a emiss\u00e3o de Atos Normativos no \u00e2mbito da Universidade Federal de Santa Maria;\r\n<p>- a <a href=\"https:\/\/portal.ufsm.br\/documentos\/download.html?action=componente&amp;download=false&amp;id=3357647\" target=\"_blank\"><font color=\"blue\"><u>Resolu\u00e7\u00e3o UFSM n\u00b0 142, de 29 de setembro de 2023<\/u><\/font><\/a>, que regulamenta o Programa de Benef\u00edcio Socioecon\u00f4mico para estudantes no \u00e2mbito da Universidade Federal de Santa Maria; \r\n<p>- a <a href=\"https:\/\/www.ufsm.br\/pro-reitorias\/proplan?page_id=5656\" target=\"_blank\"><font color=\"blue\"><u>Portaria Normativa PRAE UFSM n\u00b0 01, de 18 de dezembro de 2023<\/u><\/font><\/a>, que disp\u00f5e sobre o tempo para perman\u00eancia dos(as) estudantes no Programa de Benef\u00edcio Socioecon\u00f4mico (PBSE) da Universidade Federal de Santa Maria (UFSM); \r\n<p>- o compromisso de constante aperfei\u00e7oamento da assist\u00eancia estudantil no \u00e2mbito da UFSM e garantia de direitos dos estudantes; e, <\/p>\r\n<p>- o que consta no Processo n\u00b0 <a href=\"https:\/\/portal.ufsm.br\/documentos\/publico\/documento.html?id=15005369\" target=\"_blank\"><font color=\"blue\"><u>23081.160492\/2023-39<\/u><\/font><\/a>.<\/p>\r\n<br>\r\n<p>RESOLVE:<\/p>\r\n<br>\r\n<p> Art. 1\u00b0 Dispor sobre os crit\u00e9rios para perman\u00eancia dos (as) estudantes no Programa de Benef\u00edcio Socioecon\u00f4mico (PBSE) da Universidade Federal de Santa Maria (UFSM).\r\n<p>&nbsp;<\/p>\r\n<p>CAP&Iacute;TULO I<\/p>\r\n<p> DOS(AS) ESTUDANTES DE N\u00cdVEL M\u00c9DIO E T\u00c9CNICO INTEGRADO AO ENSINO M\u00c9DIO <\/p>\r\n<p>&nbsp;<\/p>\r\n<p>Art. 2\u00b0 Para perman\u00eancia no Programa de BSE os(as) estudantes de n\u00edvel m\u00e9dio e t\u00e9cnico integrado ao ensino m\u00e9dio dever\u00e3o obter aprova\u00e7\u00e3o no ano letivo.\r\n<p>\u00a71\u00b0 O(A) estudante que n\u00e3o cumprir com a condi\u00e7\u00e3o acima estabelecida, durante 1 (um) ano letivo, ter\u00e1 seu PBSE suspenso.\r\n<p>\u00a72\u00b0 A reativa\u00e7\u00e3o do PBSE ocorrer\u00e1 no ano subsequente, mediante a verifica\u00e7\u00e3o do restabelecimento da condi\u00e7\u00e3o estabelecida neste artigo.\r\n<p>\u00a73\u00b0 Os (As) estudantes que n\u00e3o cumprirem com a condi\u00e7\u00e3o acima estabelecida durante 2 (dois) anos ser\u00e3o desligados do PBSE.\r\n<br>\r\n<p>Art. 3\u00b0 A perman\u00eancia do(a) estudante de n\u00edvel m\u00e9dio e t\u00e9cnico integrado ao ensino m\u00e9dio no PBSE ter\u00e1 dura\u00e7\u00e3o igual ao tempo de integraliza\u00e7\u00e3o do curso acrescido de 50% (cinquenta por cento) deste tempo.\r\n<p>&nbsp;<\/p>\r\n<p>CAP&Iacute;TULO II<\/p>\r\n<p> DOS (AS) ESTUDANTES DE N\u00cdVEIS T\u00c9CNICO E GRADUA\u00c7\u00c3O <\/p>\r\n<p>&nbsp;<\/p>\r\n<p>Art. 4\u00b0 Para a perman\u00eancia no Programa de Benef\u00edcio Socioecon\u00f4mico (PBSE), os(as) estudantes de n\u00edveis t\u00e9cnico e gradua\u00e7\u00e3o dever\u00e3o respeitar os seguintes crit\u00e9rios em rela\u00e7\u00e3o a sua situa\u00e7\u00e3o acad\u00eamica:\r\n<p>I \u2013 obter aprova\u00e7\u00e3o em, no m\u00ednimo, 50% (cinquenta por cento) das disciplinas matriculadas no semestre letivo; e,\r\n<p>II \u2013 ter carga hor\u00e1ria m\u00ednima de 240h (duzentas e quarenta horas) em disciplinas cursadas no semestre letivo, exceto quando a carga hor\u00e1ria exigida n\u00e3o for ofertada pelo Curso:\r\n<p>a) quando a carga hor\u00e1ria exigida n\u00e3o for ofertada pelo Curso, o(a) estudante dever\u00e1 comprovar tal situa\u00e7\u00e3o mediante documento fornecido pela Coordena\u00e7\u00e3o do Curso.\r\n<p>\u00a71\u00b0 O(A) estudante que n\u00e3o cumprir com qualquer das condi\u00e7\u00f5es acima estabelecidas, durante 1 (um) semestre letivo, ter\u00e1 seu PBSE suspenso. \r\n<p>\u00a72\u00ba A reativa\u00e7\u00e3o do PBSE ocorrer\u00e1 no semestre subsequente, mediante a verifica\u00e7\u00e3o do restabelecimento das condi\u00e7\u00f5es estabelecidas nos incisos I e II deste artigo. \r\n<p>\u00a73\u00ba Os (As) estudantes(as) que n\u00e3o cumprirem com qualquer uma das condi\u00e7\u00f5es acima estabelecidas durante 2 (dois) semestres letivos consecutivos, ser\u00e3o desligados do Programa PBSE.\r\n<p>Art. 5\u00b0 A perman\u00eancia do(a) estudante de n\u00edveis t\u00e9cnico e gradua\u00e7\u00e3o no PBSE ter\u00e1 dura\u00e7\u00e3o m\u00e1xima igual ao tempo m\u00e9dio de integraliza\u00e7\u00e3o do curso por ele frequentado acrescido de 50% (cinquenta por cento) deste tempo.\r\n<p>Par\u00e1grafo \u00fanico. Os semestres letivos cursados durante o per\u00edodo de vig\u00eancia do Regime de Exerc\u00edcios Domiciliares Especiais (REDE), durante a Suspens\u00e3o das Atividades Acad\u00eamicas Presenciais em face da Pandemia da COVID-19, n\u00e3o ser\u00e3o considerados como tempo de uso deste benef\u00edcio, ou seja, n\u00e3o ser\u00e3o contabilizados neste tempo.\r\n<p>&nbsp;<\/p>\r\n<p>CAP&Iacute;TULO III<\/p>\r\n<p> DOS (AS) ESTUDANTES DE DE P\u00d3S-GRADUA\u00c7\u00c3O <\/p>\r\n<p>&nbsp;<\/p>\r\n<p>Art. 6\u00b0 A perman\u00eancia do(a) estudante da p\u00f3s-gradua\u00e7\u00e3o no PBSE ter\u00e1 dura\u00e7\u00e3o igual ao tempo de integraliza\u00e7\u00e3o do curso, garantindo 18 (dezoito) meses para oriundos(as) da especializa\u00e7\u00e3o, 24 (vinte e quatro meses) para estudantes(as) do mestrado e 48 (quarenta e oito) meses para estudantes(as) do doutorado.\r\n<p>\u00a71\u00b0 Estudantes da p\u00f3s-gradua\u00e7\u00e3o com prorroga\u00e7\u00e3o de curso aprovada pelo colegiado do seu Programa de P\u00f3s-Gradua\u00e7\u00e3o poder\u00e3o pedir prorroga\u00e7\u00e3o do seu tempo de perman\u00eancia no PBSE at\u00e9 o prazo previsto em Ata do colegiado do seu Programa de P\u00f3s-gradua\u00e7\u00e3o para defesa do Trabalho de Conclus\u00e3o de curso, Disserta\u00e7\u00e3o ou Tese. \r\n<p>\u00a72\u00b0 Ao tempo de prorroga\u00e7\u00e3o previsto no \u00a71\u00b0 poder\u00e1 ser acrescido o per\u00edodo para corre\u00e7\u00f5es e ajustes que constar\u00e3o na ata da defesa, caso em que o(a) estudante dever\u00e1 apresentar a Ata do seu Programa de P\u00f3s-gradua\u00e7\u00e3o constando a prorroga\u00e7\u00e3o.    \r\n<p>&nbsp;<\/p>\r\n<p>CAP&Iacute;TULO IV<\/p>\r\n<p> DISPOSI\u00c7\u00d5ES FINAIS <\/p>\r\n<p>&nbsp;<\/p>\r\n<p>Art. 7\u00b0 Estudantes com BSE suspenso n\u00e3o perder\u00e3o acesso \u00e0s a\u00e7\u00f5es espec\u00edficas de alimenta\u00e7\u00e3o e moradia no per\u00edodo, mas n\u00e3o ter\u00e3o prioridade no atendimento no \u00e2mbito dessas a\u00e7\u00f5es em caso de insufici\u00eancia de recursos financeiro-or\u00e7ament\u00e1rios.\r\n<p>Art. 8\u00ba Esta Portaria Normativa entra em vigor em 07 de mar\u00e7o de 2024, por se tratar de urg\u00eancia justi\ufb01cada no expediente administrativo, de acordo com o que prev\u00ea o Artigo 4\u00b0 do <a href=\"https:\/\/www.planalto.gov.br\/ccivil_03\/_ato2019-2022\/2019\/decreto\/d10139.htm\"><font color=\"blue\"><u>Decreto n\u00b0 10.139<\/u><\/font><\/a>, de 28 de novembro de 2019, revogando a <a href=\"https:\/\/www.ufsm.br\/pro-reitorias\/proplan\/portaria-normativa-prae-n-001-2023\"><font color=\"blue\"><u>Portaria Normativa PRAE UFSM n\u00b0 01\/2023<\/u><\/font><\/a>.\r\n<p> Par\u00e1grafo \u00fanico. Havendo qualquer modifica\u00e7\u00e3o legislativa, ou ainda, advindo qualquer situa\u00e7\u00e3o legal que impacte na legalidade da presente Portaria Normativa, a mesma se aplica de imediato.\r\n<p>&nbsp;<\/p>\r\n<br>\r\n\r\n<p> Gisele Martins Guimar\u00e3es<\/p>\r\n<p> Pr\u00f3-reitora de Assuntos Estudantis.<\/p>\r\n<br> \t\t<\/div>\n\t\t\t\t<\/div>\n\t\t\t\t\t<\/div>\n\t\t<\/div>\n\t\t\t\t\t<\/div>\n\t\t<\/section>\n\t\t\t\t<\/div>\n\t\t","protected":false},"excerpt":{"rendered":"<p>PORTARIA NORMATIVA PRAE UFSM N\u00b0 02, DE 08 DE MAR\u00c7O DE 2024 MINIST\u00c9RIO DA EDUCA\u00c7\u00c3O UNIVERSIDADE FEDERAL DE SANTA MARIA PORTARIA NORMATIVA PRAE UFSM N\u00b0 02, DE 08 DE MAR\u00c7O DE 2024 Disp\u00f5e sobre os crit\u00e9rios para perman\u00eancia dos(as) estudantes no Programa de Benef\u00edcio Socioecon\u00f4mico (PBSE) da Universidade Federal de Santa Maria (UFSM) e revoga [&hellip;]<\/p>\n","protected":false},"author":640,"featured_media":0,"parent":0,"menu_order":0,"comment_status":"closed","ping_status":"closed","template":"","meta":{"footnotes":""},"categories":[],"tags":[],"class_list":["post-5768","page","type-page","status-publish","hentry"],"acf":[],"_links":{"self":[{"href":"https:\/\/www.ufsm.br\/pro-reitorias\/proplan\/wp-json\/wp\/v2\/pages\/5768","targetHints":{"allow":["GET"]}}],"collection":[{"href":"https:\/\/www.ufsm.br\/pro-reitorias\/proplan\/wp-json\/wp\/v2\/pages"}],"about":[{"href":"https:\/\/www.ufsm.br\/pro-reitorias\/proplan\/wp-json\/wp\/v2\/types\/page"}],"author":[{"embeddable":true,"href":"https:\/\/www.ufsm.br\/pro-reitorias\/proplan\/wp-json\/wp\/v2\/users\/640"}],"replies":[{"embeddable":true,"href":"https:\/\/www.ufsm.br\/pro-reitorias\/proplan\/wp-json\/wp\/v2\/comments?post=5768"}],"version-history":[{"count":0,"href":"https:\/\/www.ufsm.br\/pro-reitorias\/proplan\/wp-json\/wp\/v2\/pages\/5768\/revisions"}],"wp:attachment":[{"href":"https:\/\/www.ufsm.br\/pro-reitorias\/proplan\/wp-json\/wp\/v2\/media?parent=5768"}],"wp:term":[{"taxonomy":"category","embeddable":true,"href":"https:\/\/www.ufsm.br\/pro-reitorias\/proplan\/wp-json\/wp\/v2\/categories?post=5768"},{"taxonomy":"post_tag","embeddable":true,"href":"https:\/\/www.ufsm.br\/pro-reitorias\/proplan\/wp-json\/wp\/v2\/tags?post=5768"}],"curies":[{"name":"wp","href":"https:\/\/api.w.org\/{rel}","templated":true}]}}