{"id":5774,"date":"2024-03-22T12:11:36","date_gmt":"2024-03-22T15:11:36","guid":{"rendered":"https:\/\/www.ufsm.br\/pro-reitorias\/proplan\/?page_id=5774"},"modified":"2025-01-28T12:49:14","modified_gmt":"2025-01-28T15:49:14","slug":"portaria-normativa-ufsm-n-077-2024","status":"publish","type":"page","link":"https:\/\/www.ufsm.br\/pro-reitorias\/proplan\/portaria-normativa-ufsm-n-077-2024","title":{"rendered":"PORTARIA NORMATIVA UFSM N\u00b0 077\/2024"},"content":{"rendered":"\t\t<div data-elementor-type=\"wp-page\" data-elementor-id=\"5774\" class=\"elementor elementor-5774\">\n\t\t\t\t\t\t<section class=\"elementor-section elementor-top-section elementor-element elementor-element-a864208 elementor-section-boxed elementor-section-height-default elementor-section-height-default\" data-id=\"a864208\" data-element_type=\"section\">\n\t\t\t\t\t\t<div class=\"elementor-container elementor-column-gap-default\">\n\t\t\t\t\t<div class=\"elementor-column elementor-col-100 elementor-top-column elementor-element elementor-element-dbaba8a\" data-id=\"dbaba8a\" data-element_type=\"column\">\n\t\t\t<div class=\"elementor-widget-wrap elementor-element-populated\">\n\t\t\t\t\t\t<div class=\"elementor-element elementor-element-1a47355 elementor-widget elementor-widget-html\" data-id=\"1a47355\" data-element_type=\"widget\" data-widget_type=\"html.default\">\n\t\t\t\t<div class=\"elementor-widget-container\">\n\t\t\t<title><b>PORTARIA NORMATIVA UFSM N\u00b0 077, DE 20 DE MAR\u00c7O DE 2024<\/b><\/title>\r\n\r\n\r\n<div align=\"center\"><img decoding=\"async\" src=\"https:\/\/www.ufsm.br\/pro-reitorias\/proplan\/wp-content\/uploads\/sites\/344\/2019\/09\/brasao-da-republica-do-brasil-logo.png\" alt=\"Bras\u00e3o Rep\u00fablica Federativa do Brasil\" width=\"6%\" height=\"6%\"><\/div>  <h1><font color=\"blue\"><font size=\"5\"><div align=\"center\">MINIST\u00c9RIO DA EDUCA\u00c7\u00c3O<\/div><\/font><\/font><\/H1>\r\n<b><font color=\"0000blue\"><div align=\"center\">UNIVERSIDADE FEDERAL DE SANTA MARIA<\/div><\/font><\/b>\r\n<p><div align=\"center\"><b><a href=\"https:\/\/portal.ufsm.br\/documentos\/publico\/documento.html?idDocumento=15026153\" target=\"_blank\"><font color=\"blue\">PORTARIA NORMATIVA UFSM N\u00b0 077, DE 20 DE MAR\u00c7O DE 2024<\/font><\/a><\/b><\/div>\r\n<br>\r\n\r\n<p><div align=\"justify\"><font color=\"800000\"><ul><ul><ul><ul><ul><ul><ul><ul><ul>Aprova a cria\u00e7\u00e3o do \u00f3rg\u00e3o colegiado denominado \u201cComit\u00ea Gestor PROEXT-PG UFSM\u201d (CGPROEXT-PG) vinculado \u00e0s \u201cPr\u00f3-reitorias de P\u00f3s-gradua\u00e7\u00e3o e Pesquisa e de Extens\u00e3o\u201d na estrutura organizacional da Universidade Federal de Santa Maria (UFSM).<\/font><\/div><\/ul>\r\n<br><div align=\"justify\"><font color=\"black\"> \r\n\r\n<p>O REITOR DA UNIVERSIDADE FEDERAL DE SANTA MARIA, no uso de suas atribui\u00e7\u00f5es legais e estatut\u00e1rias e considerando:<\/p>\r\n\r\n<p>- a <a href=\"http:\/\/www.planalto.gov.br\/ccivil_03\/constituicao\/constituicao.htm\" target=\"_blank\"><font color=\"blue\"><u>Constitui\u00e7\u00e3o da Rep\u00fablica Federativa do Brasil de 1988, de 05 de outubro de 1988<\/u><\/font><\/a>;\r\n\r\n<p>- a <a href=\"http:\/\/www.planalto.gov.br\/ccivil_03\/leis\/l8112cons.htm\" target=\"_blank\"><font color=\"blue\"><u>Lei n\u00b0 8.112, de 11 de dezembro de 1990<\/u><\/font><\/a>, que disp\u00f5e sobre o regime jur\u00eddico dos servidores p\u00fablicos civis da Uni\u00e3o, das autarquias e das funda\u00e7\u00f5es p\u00fablicas federais;\r\n\r\n<p>- a <a href=\"https:\/\/www.planalto.gov.br\/ccivil_03\/leis\/l9394.htm\" target=\"_blank\"><font color=\"blue\"><u>Lei n\u00b0 9.394, de 20 de dezembro de 1996<\/u><\/font><\/a>, que estabelece as diretrizes e bases da educa\u00e7\u00e3o nacional e suas altera\u00e7\u00f5es; \r\n\r\n<p>- a <a href=\"http:\/\/www.planalto.gov.br\/ccivil_03\/leis\/lcp\/lcp95.htm\" target=\"_blank\"><font color=\"blue\"><u>Lei Complementar n\u00b0 95, de 26 de fevereiro de 1998<\/u><\/font><\/a>, que disp\u00f5e sobre a elabora\u00e7\u00e3o, a reda\u00e7\u00e3o, a altera\u00e7\u00e3o e a consolida\u00e7\u00e3o das leis, conforme determina o Par\u00e1grafo \u00danico do art. 59 da Constitui\u00e7\u00e3o Federal, e estabelece normas para a consolida\u00e7\u00e3o dos atos normativos que menciona;\r\n\r\n<p>- o <a href=\"https:\/\/www.planalto.gov.br\/ccivil_03\/_ato2015-2018\/2017\/decreto\/d9191.htm\" target=\"_blank\"><font color=\"blue\"><u>Decreto n\u00b0 9.191, de 1\u00b0 de novembro de 2017<\/u><\/font><\/a>, que estabelece as normas e as diretrizes para elabora\u00e7\u00e3o, reda\u00e7\u00e3o, altera\u00e7\u00e3o, consolida\u00e7\u00e3o e encaminhamento de propostas de atos normativos ao Presidente da Rep\u00fablica pelos Ministros de Estado; \r\n\r\n<p>- o <a href=\"https:\/\/www.planalto.gov.br\/ccivil_03\/_ato2015-2018\/2017\/decreto\/d9235.htm\" target=\"_blank\"><font color=\"blue\"><u>Decreto n\u00b0 9.235, de 15 de dezembro de 2017<\/u><\/font><\/a>, que disp\u00f5e sobre o exerc\u00edcio das fun\u00e7\u00f5es de regula\u00e7\u00e3o, supervis\u00e3o e avalia\u00e7\u00e3o das institui\u00e7\u00f5es de educa\u00e7\u00e3o superior e dos cursos superiores de gradua\u00e7\u00e3o e de p\u00f3s-gradua\u00e7\u00e3o no sistema federal de ensino;\r\n\r\n<p>- o <a href=\"http:\/\/www.planalto.gov.br\/ccivil_03\/_ato2019-2022\/2019\/decreto\/D10139.htm\" target=\"_blank\"><font color=\"blue\"><u>Decreto n\u00b0 10.139, de 28 de novembro de 2019<\/u><\/font><\/a>, que disp\u00f5e sobre a revis\u00e3o e a consolida\u00e7\u00e3o dos atos normativos inferiores a decreto;\r\n\r\n<p>- o <a href=\"https:\/\/www.ufsm.br\/pro-reitorias\/proplan\/estatuto-ufsm-2010\/\" target=\"_blank\"><font color=\"blue\"><u>Estatuto da Universidade Federal de Santa Maria<\/u><\/font><\/a>, com as adequa\u00e7\u00f5es aprovadas pela <a href=\"https:\/\/www.ufsm.br\/pro-reitorias\/proplan\/resolucao-n-037-2010\/\" target=\"_blank\"><font color=\"blue\"><u>Resolu\u00e7\u00e3o UFSM n\u00b0 037, de 30 de novembro de 2010<\/u><\/font><\/a>, aprovado pela <a href=\"https:\/\/pesquisa.in.gov.br\/imprensa\/jsp\/visualiza\/index.jsp?data=13\/03\/2014&amp;jornal=1&amp;pagina=43&amp;totalArquivos=100\" target=\"_blank\"><font color=\"blue\"><u>Portaria n\u00b0 156, de 12 de mar\u00e7o de 2014<\/u><\/font><\/a>, e publicado no Di\u00e1rio Oficial da Uni\u00e3o em 13 de mar\u00e7o de 2014; e,\r\n\r\n<p>- o <a href=\"https:\/\/www.ufsm.br\/pro-reitorias\/proplan\/regimento-geral-da-ufsm-com-alteracoes-compiladas-pela-resolucao-n-016-2019\/\" target=\"_blank\"><font color=\"blue\"><u>Regimento Geral da UFSM<\/u><\/font><\/a>, disposto na <a href=\"https:\/\/www.ufsm.br\/pro-reitorias\/proplan\/resolucao-n-006-2011\/\" target=\"_blank\"><font color=\"blue\"><u>Resolu\u00e7\u00e3o UFSM n\u00b0 006, de 28 de abril de 2011<\/u><\/font><\/a>, atualizado pela <a href=\"https:\/\/www.ufsm.br\/pro-reitorias\/proplan\/resolucao-n-016-2019\/\" target=\"_blank\"><font color=\"blue\"><u>Resolu\u00e7\u00e3o UFSM n\u00b0 016, de 02 de julho de 2019<\/u><\/font><\/a>;\r\n\r\n<p>- a <a href=\"https:\/\/www.ufsm.br\/pro-reitorias\/proplan\/resolucao-n-015-2014\/\" target=\"_blank\"><font color=\"blue\"><u>Resolu\u00e7\u00e3o UFSM n\u00b0 015, de 07 de julho de 2014<\/u><\/font><\/a>, que aprova o Regimento Geral da P\u00f3s-Gradua\u00e7\u00e3o Stricto Sensu e Lato Sensu da Universidade Federal de Santa Maria, com altera\u00e7\u00f5es das <a href=\"https:\/\/www.ufsm.br\/pro-reitorias\/proplan\/resolucao-n-040-2019#:~:text=Aprova%20a%20recria%C3%A7%C3%A3o%20das%20Comiss%C3%B5es,Capes%2C%20e%20revoga%20disposi%C3%A7%C3%B5es%20em\/\" target=\"_blank\"><font color=\"blue\"><u>Resolu\u00e7\u00f5es UFSM n\u00b0 040\/2019, de 02 de dezembro de 2019,<\/u><\/font><\/a> <a href=\"https:\/\/www.ufsm.br\/pro-reitorias\/proplan\/resolucao-ufsm-n-104-2022\/\" target=\"_blank\"><font color=\"blue\"><u>n\u00b0 104\/2019, de 03 de outubro de 2022,<\/u><\/font><\/a> <a href=\"https:\/\/www.ufsm.br\/pro-reitorias\/proplan\/resolucao-ufsm-n-124-2023\/\" target=\"_blank\"><font color=\"blue\"><u>n\u00b0 124\/2023, de 14 de abril de 2023,<\/u><\/font><\/a> e <a href=\"https:\/\/www.ufsm.br\/pro-reitorias\/proplan\/resolucao-ufsm-n-139-2023\/\" target=\"_blank\"><font color=\"blue\"><u>n\u00b0 139\/2023, de 29 de agosto de 2023<\/u><\/font><\/a>;<\/p>\r\n\r\n\r\n<p>- a <a href=\"https:\/\/www.ufsm.br\/pro-reitorias\/proplan\/resolucao-ufsm-n-139-2023\/\" target=\"_blank\"><font color=\"blue\"><u>Resolu\u00e7\u00e3o UFSM n\u00b0 139, de 29 de agosto de 2023<\/u><\/font><\/a>, que aprova o novo Regulamento Geral da P\u00f3s-Gradua\u00e7\u00e3o Stricto Sensu da Universidade Federal de Santa Maria (UFSM) e a Pol\u00edtica Institucional de P\u00f3s-gradua\u00e7\u00e3o e Pesquisa no \u00e2mbito da UFSM, alterando o Estatuto da UFSM, o Regimento Geral da UFSM, e a <a href=\"https:\/\/www.ufsm.br\/pro-reitorias\/proplan\/resolucao-n-015-2014\/\" target=\"_blank\"><font color=\"blue\"><u>Resolu\u00e7\u00e3o UFSM n\u00b0 015\/2014<\/u><\/font><\/a>;\r\n\r\n\r\n<p>- a <a href=\"https:\/\/www.ufsm.br\/pro-reitorias\/proplan\/resolucao-ufsm-n-054-2021\/\" target=\"_blank\"><font color=\"blue\"><u>Resolu\u00e7\u00e3o UFSM n\u00b0 054, de 1\u00ba de junho de 2021<\/u><\/font><\/a>, que regulamenta a proposi\u00e7\u00e3o e a emiss\u00e3o de Atos Normativos no \u00e2mbito da Universidade Federal de Santa Maria;\r\n\r\n<p>- a <a href=\"https:\/\/www.ufsm.br\/pro-reitorias\/proplan\/resolucao-n-016-2020#:~:text=Estabelece%20a%20nova%20estrutura%20organizacional,o%20Regimento%20Geral%20da%20UFSM.\/\" target=\"_blank\"><font color=\"blue\"><u>Resolu\u00e7\u00e3o UFSM n\u00b0 016, de 23 de junho de 2020<\/u><\/font><\/a>, que estabelece a nova estrutura organizacional da Pr\u00f3-reitoria de Extens\u00e3o (PRE) da Universidade Federal de Santa Maria (UFSM, suas compet\u00eancias e atribui\u00e7\u00f5es e altera o Regimento Geral da UFSM;\r\n\r\n<p>- a <a href=\"https:\/\/www.ufsm.br\/pro-reitorias\/proplan\/resolucao-ufsm-n-104-2022\/\" target=\"_blank\"><font color=\"blue\"><u>Resolu\u00e7\u00e3o UFSM n\u00b0 104, de 03 de outubro de 2022<\/u><\/font><\/a>, que estabelece a nova estrutura organizacional da Pr\u00f3-reitoria de P\u00f3s-gradua\u00e7\u00e3o e Pesquisa (PRPGP) vinculada \u00e0 \u201cUniversidade Federal de Santa Maria\u201d, suas compet\u00eancias e atribui\u00e7\u00f5es;\r\n\r\n<p>- a <a href=\"http:\/\/cad.capes.gov.br\/ato-administrativo-detalhar?idAtoAdmElastic=13486\/\" target=\"_blank\"><font color=\"blue\"><u>Portaria conjunta CAPES\/SESu n\u00b0 1, de 08 de novembro de 2023<\/u><\/font><\/a>, que disp\u00f5e sobre o Programa de Extens\u00e3o Universit\u00e1ria da P\u00f3s-Gradua\u00e7\u00e3o (PROEXT-PG) do Minist\u00e9rio da Educa\u00e7\u00e3o (MEC), por meio de sua Secretaria de Educa\u00e7\u00e3o Superior (SESu) e pela Coordena\u00e7\u00e3o de Aperfei\u00e7oamento de Pessoal de N\u00edvel Superior (CAPES), alterada pela Portaria conjunta CAPES\/SESU n\u00b0 2, de 10 de novembro de 2023;<\/p>\r\n\r\n<p>- o projeto institucional de extens\u00e3o da P\u00f3s-gradua\u00e7\u00e3o, \u201cP\u00f3s-gradua\u00e7\u00e3o Al\u00e9m do Arco: a UFSM Transformando a Sociedade (PROEXT-PG UFSM Al\u00e9m do Arco)\u201d, proposto e aprovado para financiamento pelo Programa PROEXT-PG (CAPES\/SESU) e que prev\u00ea a cria\u00e7\u00e3o do Comit\u00ea Gestor PROEXT-PG UFSM;\r\n\r\n\r\n<p>- o que consta no Processo n\u00b0 <a href=\"https:\/\/portal.ufsm.br\/documentos\/publico\/processo\/documento.html?idDocumento=14995381\" target=\"_blank\"><font color=\"blue\"><u>23081.024853\/2024-65<\/u><\/font><\/a>.<\/p>\r\n\r\n\r\n<br>\r\n<p>RESOLVE:<\/p>\r\n<br>\r\n\r\n<p>Art. 1\u00ba  Aprovar a cria\u00e7\u00e3o do \u00f3rg\u00e3o colegiado denominado Comit\u00ea Gestor PROEXT-PG UFSM (CGPROEXT-PG), vinculado \u00e0s \u201cPr\u00f3-reitorias de P\u00f3s-gradua\u00e7\u00e3o e Pesquisa e de Extens\u00e3o\u201d na estrutura organizacional da Universidade Federal de Santa Maria (UFSM).\r\n\r\n<p>\u00a7 1\u00ba O comit\u00ea destina-se a garantir a governan\u00e7a, a transpar\u00eancia e a imparcialidade na gest\u00e3o dos recursos (custeio e bolsas) e execu\u00e7\u00e3o do projeto institucional extens\u00e3o da P\u00f3s-gradua\u00e7\u00e3o, \u201cP\u00f3s-gradua\u00e7\u00e3o Al\u00e9m do Arco: a UFSM Transformando a Sociedade (PROEXT-PG UFSM Al\u00e9m do Arco)\u201d.\r\n\r\n<p>\u00a7 2\u00ba O referido comit\u00ea trata-se de \u00f3rg\u00e3o colegiado tempor\u00e1rio com prazo de dura\u00e7\u00e3o de 3 (tr\u00eas) anos, em conson\u00e2ncia com o prazo de execu\u00e7\u00e3o e presta\u00e7\u00e3o de contas do projeto, com possibilidade de prorroga\u00e7\u00e3o de acordo com as necessidades.\r\n\r\n<p>&nbsp;<\/p>\r\n<p>CAP&Iacute;TULO I<\/p>\r\n<p>DAS COMPET&Ecirc;NCIAS<\/p>\r\n<p>&nbsp;<\/p>\r\n\r\n<p>Art. 2\u00ba Caber\u00e1 ao \u00f3rg\u00e3o colegiado denominado Comit\u00ea Gestor PROEXT-PG UFSM (CGPROEXT-PG), de car\u00e1ter consultivo e deliberativo:\r\n\r\n<p>I - decidir sobre quest\u00f5es relacionadas \u00e0 gest\u00e3o e execu\u00e7\u00e3o do projeto institucional extens\u00e3o da P\u00f3s-gradua\u00e7\u00e3o, \u201cP\u00f3s-gradua\u00e7\u00e3o Al\u00e9m do Arco: a UFSM Transformando a Sociedade (PROEXT-PG UFSM Al\u00e9m do Arco)\u201d, incluindo a aprecia\u00e7\u00e3o dos editais internos de sele\u00e7\u00e3o de subprojetos;\r\n\r\n<p>II - zelar pelo cumprimento das normativas, regulamentos e diretrizes estabelecidos pela CAPES e pela SESu para o Programa PROEXT-PG; \r\n\r\n<p>III \u2013 atender \u00e0s convoca\u00e7\u00f5es realizadas pelo(a) coordenador(a) do projeto institucional;\r\n\r\n<p>IV \u2013 apreciar os editais internos para sele\u00e7\u00e3o de projetos de extens\u00e3o (subprojetos) para financiamento, assegurando que estejam baseados em crit\u00e9rios de qualidade acad\u00eamica, relev\u00e2ncia social, impacto gerado e efetividade das a\u00e7\u00f5es e alinhados com o projeto institucional de extens\u00e3o PROEXT-PG UFSM Al\u00e9m do Arco;\r\n\r\n<p>V \u2013 realizar o acompanhamento da execu\u00e7\u00e3o dos projetos apoiados, incluindo a coordena\u00e7\u00e3o e organiza\u00e7\u00e3o do F\u00f3rum de Extens\u00e3o na P\u00f3s-gradua\u00e7\u00e3o da UFSM;\r\n\r\n<p>VI - assegurar a aplica\u00e7\u00e3o adequada dos recursos financeiros disponibilizados pelo PROEXT-PG, garantindo sua utiliza\u00e7\u00e3o exclusivamente para as atividades no \u00e2mbito do programa;\r\n\r\n<p>VII \u2013 aprovar, no \u00e2mbito da UFSM, altera\u00e7\u00f5es no plano de aplica\u00e7\u00e3o de recursos do projeto institucional e dos subprojetos apoiados na UFSM, se aplic\u00e1vel;\r\n\r\n<p>VIII \u2013 elaborar relat\u00f3rios de atividades desenvolvidas, resultados alcan\u00e7ados e aplica\u00e7\u00e3o dos recursos financeiros, com base nas informa\u00e7\u00f5es fornecidas pelos coordenadores dos subprojetos de extens\u00e3o apoiados pelo projeto institucional PROEXT-PG UFSM Al\u00e9m do Arco.\r\n\r\n<p>\u00a7 1\u00ba A execu\u00e7\u00e3o or\u00e7ament\u00e1ria e presta\u00e7\u00e3o de contas do projeto institucional ser\u00e1 realizada com o apoio administrativo da Pr\u00f3-reitoria de Extens\u00e3o, que tamb\u00e9m ser\u00e1 respons\u00e1vel por orientar os coordenadores dos subprojetos de extens\u00e3o em rela\u00e7\u00e3o a execu\u00e7\u00e3o de despesas.\r\n\r\n<p>\u00a7 2\u00ba A gest\u00e3o das a\u00e7\u00f5es relacionadas \u00e0 inclus\u00e3o, acompanhamento e cancelamento de bolsistas atrav\u00e9s do sistema de bolsas da CAPES ser\u00e1 realizada com o apoio administrativo do N\u00facleo de Sele\u00e7\u00e3o e Bolsas (NSB) da PRPGP, que tamb\u00e9m ser\u00e1 respons\u00e1vel por orientar os coordenadores dos subprojetos de extens\u00e3o em rela\u00e7\u00e3o a sele\u00e7\u00e3o e indica\u00e7\u00e3o de bolsistas.\r\n\r\n<p>&nbsp;<\/p>\r\n<p>CAP&Iacute;TULO II<\/p>\r\n<p>DA COMPOSI\u00c7\u00c3O E AUTORIDADE<\/p>\r\n<p>&nbsp;<\/p>\r\n\r\n<br>\r\n<p>Art. 3\u00ba O Comit\u00ea Gestor PROEXT-PG UFSM (CGPROEXT-PG) ser\u00e1 constitu\u00eddo pelos seguintes membros a serem designados por portaria emitida pelo (a) Reitor (a) da UFSM:\r\n\r\n<p>I \u2013 coordenador(a) do projeto institucional PROEXT-PG UFSM Al\u00e9m do Arco, presidente do comit\u00ea;\r\n\r\n<p>II \u2013 dois representantes indicados pela Pr\u00f3-reitoria de P\u00f3s-gradua\u00e7\u00e3o e Pesquisa e seus suplentes;\r\n\r\n<p>III \u2013 dois representantes indicados pela Pr\u00f3-reitoria de Extens\u00e3o e seus suplentes; e\r\n\r\n<p>IV \u2013 um representante dos coordenadores de subprojetos apoiados pelo PROEXT-PG UFSM e seu suplente, escolhidos por seus pares, quando aplic\u00e1vel.\r\n\r\n<p>\u00a7 1\u00ba Na aus\u00eancia do(a) presidente, a presid\u00eancia ser\u00e1 exercida por um dos representantes da PRPGP, escolhido na primeira reuni\u00e3o do Comit\u00ea.\r\n\r\n<p>\u00a7 2\u00ba Os membros ter\u00e3o mandato de 3 (tr\u00eas) anos, limitado ao prazo de dura\u00e7\u00e3o deste comit\u00ea, conforme previsto no art. 1\u00ba desta portaria normativa.\r\n\r\n<p>\u00a7 3\u00ba O membro do inciso IV ser\u00e1 indicado via Memorando subscrito pelos(as) coordenadores(as) de subprojetos apoiados.\r\n\r\n<p>\u00a7 4\u00ba Na composi\u00e7\u00e3o do referido \u00f3rg\u00e3o colegiado dever\u00e1 ser assegurado, pelo menos, 70% (setenta por cento) dos assentos para o segmento docente, conforme disposto no Art. 56 da LDB.\r\n\r\n<p>\u00a7 5\u00ba Cada membro poder\u00e1 ser substitu\u00eddo em qualquer \u00e9poca, sempre que houver consenso da maioria, por meio de uma solicita\u00e7\u00e3o escrita do respectivo segmento de representa\u00e7\u00e3o, ou se o pr\u00f3prio representante assim o desejar.\r\n\r\n<p>\u00a7 6\u00ba A n\u00e3o participa\u00e7\u00e3o em tr\u00eas reuni\u00f5es consecutivas por um membro do comit\u00ea acarretar\u00e1 em sua substitui\u00e7\u00e3o.\r\n\r\n<p>Art. 4\u00ba Nas reuni\u00f5es do referido \u00f3rg\u00e3o colegiado poder\u00e3o comparecer, quando convidados pelo presidente, servidores e\/ou discentes, a fim de prestarem esclarecimentos sobre assuntos que lhes forem pertinentes.\r\n\r\n<p>Par\u00e1grafo \u00fanico. As reuni\u00f5es deste \u00f3rg\u00e3o colegiado, cujos membros possu\u00edrem domic\u00edlio e\/ou resid\u00eancia legal ou estiverem em local diverso da realiza\u00e7\u00e3o da atividade, ser\u00e3o realizadas por videoconfer\u00eancia, sem pagamento de di\u00e1rias e deslocamento.\r\n\r\n<p>&nbsp;<\/p>\r\n<p>CAP&Iacute;TULO III<\/p>\r\n<p>DO QU\u00d3RUM DE REUNI\u00c3O E DE VOTA\u00c7\u00c3O<\/p>\r\n<p>&nbsp;<\/p>\r\n\r\n<p>Art. 5\u00ba As reuni\u00f5es acontecer\u00e3o com a presen\u00e7a m\u00ednima da maioria simples dos seus membros, considerando-se esse o n\u00famero legal para a delibera\u00e7\u00e3o e vota\u00e7\u00e3o.\r\n\r\n<p>Par\u00e1grafo \u00fanico. Quando da ocorr\u00eancia de empate na vota\u00e7\u00e3o, caber\u00e1 ao(\u00e0) Presidente da sess\u00e3o o voto qualificado.\r\n\r\n<p>Art. 6\u00ba As convoca\u00e7\u00f5es ser\u00e3o feitas via correio eletr\u00f4nico, pelo(a) presidente, com anteced\u00eancia m\u00ednima de 48 (quarenta e oito) horas, devendo constar da mesma a Ordem do Dia.\r\n\r\n<p>Art. 7\u00ba Havendo n\u00famero legal e declarada aberta a sess\u00e3o, proceder-se-\u00e1 a discuss\u00e3o e posterior realiza\u00e7\u00e3o dos pareceres que dever\u00e3o embasar os processos a serem analisados pelo \u00f3rg\u00e3o colegiado em quest\u00e3o.\r\n\r\n<p>Par\u00e1grafo \u00fanico. N\u00e3o havendo qu\u00f3rum, os membros ser\u00e3o convocados para nova reuni\u00e3o 48 (quarenta e oito) horas depois, com a mesma pauta.\r\n\r\n<p>&nbsp;<\/p>\r\n<p>CAP&Iacute;TULO IV<\/p>\r\n<p>DA PERIODICIDADE DAS REUNI\u00d5ES<\/p>\r\n<p>&nbsp;<\/p>\r\n\r\n<p>Art. 8\u00ba. O Comit\u00ea Gestor PROEXT-PG UFSM (CGPROEXT-PG), reunir-se-\u00e1 de acordo com as demandas espec\u00edficas de gest\u00e3o e execu\u00e7\u00e3o do projeto institucional extens\u00e3o da P\u00f3s-gradua\u00e7\u00e3o PROEXT-PG UFSM Al\u00e9m do Arco, sempre que convocado(a) pelo(a) presidente ou maioria de seus membros.\r\n\r\n<p>Par\u00e1grafo \u00fanico. As reuni\u00f5es deste \u00f3rg\u00e3o colegiado, cujos membros, convidados ou participantes, estejam em entes federativos diversos, ser\u00e3o realizadas por videoconfer\u00eancia, sem pagamento de di\u00e1rias e deslocamento.\r\n\r\n<p>&nbsp;<\/p>\r\n<p>CAP&Iacute;TULO V<\/p>\r\n<p>DA UNIDADE DE APOIO ADMINISTRATIVO<\/p>\r\n<p>&nbsp;<\/p>\r\n\r\n<p>Art. 9\u00ba Caber\u00e1 ao N\u00facleo de Cria\u00e7\u00e3o e Acompanhamento de Cursos (NCAC) da PRPGP, a responsabilidade de realizar o apoio administrativo e demais encaminhamentos para o devido andamento dos trabalhos.\r\n\r\n<p>&nbsp;<\/p>\r\n<p>CAP&Iacute;TULO VI<\/p>\r\n<p>DO REGIMENTO INTERNO E DOS RELAT\u00d3RIOS PERI\u00d3DICOS FINAIS<\/p>\r\n<p>&nbsp;<\/p>\r\n\r\n<p>Art. 10. O Comit\u00ea Gestor PROEXT-PG UFSM (CGPROEXT-PG) dispensa regimento interno pr\u00f3prio por se tratar de comit\u00ea tempor\u00e1rio.\r\n\r\n<p>Art. 11. O Comit\u00ea Gestor PROEXT-PG UFSM (CGPROEXT-PG) tornar\u00e1 p\u00fablica suas a\u00e7\u00f5es, reuni\u00f5es e materiais espec\u00edficos de sua \u00e1rea em s\u00edtio eletr\u00f4nico pr\u00f3prio, ressalvado o conte\u00fado sujeito a sigilo, n\u00e3o havendo necessidades de emitir relat\u00f3rios peri\u00f3dicos e anuais.\r\n\r\n<p>&nbsp;<\/p>\r\n<p>CAP&Iacute;TULO VII<\/p>\r\n<p>DAS DISPOSI\u00c7\u00d5ES GERAIS E TRANSIT\u00d3RIAS<\/p>\r\n<p>&nbsp;<\/p>\r\n\r\n<p>Art. 12. \u00c9 vedada a divulga\u00e7\u00e3o de discuss\u00f5es em curso sem a pr\u00e9via anu\u00eancia do coordenador(a) do projeto institucional extens\u00e3o da P\u00f3s-gradua\u00e7\u00e3o PROEXT-PG UFSM Al\u00e9m do Arco.\r\n\r\n<p>Art. 13. A participa\u00e7\u00e3o dos membros deste \u00f3rg\u00e3o colegiado ser\u00e1 considerada presta\u00e7\u00e3o de servi\u00e7o p\u00fablico relevante, e n\u00e3o ser\u00e1 remunerada.\r\n\r\n<p>Par\u00e1grafo \u00fanico. As atividades do colegiado e de seus membros n\u00e3o poder\u00e1 causar preju\u00edzo \u00e0 presta\u00e7\u00e3o do servi\u00e7o p\u00fablico pelo servidor membro do Colegiado.\r\n\r\n<p>Art. 14. As reuni\u00f5es deste \u00f3rg\u00e3o colegiado, cujos membros possu\u00edrem domic\u00edlio e\/ou resid\u00eancia legal ou estiverem em local diverso da realiza\u00e7\u00e3o da atividade, ser\u00e3o realizadas por videoconfer\u00eancia, sem pagamento de di\u00e1rias, deslocamento.\r\n\r\n<p>Par\u00e1grafo \u00fanico. Na hip\u00f3tese de ser demonstrada, de modo fundamentado, a inviabilidade ou a inconveni\u00eancia de se realizar a reuni\u00e3o por videoconfer\u00eancia, ser\u00e3o estimados os gastos com di\u00e1rias e passagens dos membros deste colegiado, assim como, a comprova\u00e7\u00e3o da disponibilidade or\u00e7ament\u00e1ria e financeira para o exerc\u00edcio em curso.\r\n\r\n<p>Art. 15. \u00c9 vedada a possibilidade de cria\u00e7\u00e3o de subcolegiados por ato deste colegiado.\r\n\r\n<p>Par\u00e1grafo \u00fanico. A mera necessidade de reuni\u00f5es eventuais para debate, articula\u00e7\u00e3o ou trabalho que envolva agentes p\u00fablicos da administra\u00e7\u00e3o p\u00fablica federal n\u00e3o ser\u00e1 admitida como fundamento para as propostas de que trata o caput. \r\n<p>Art. 16. Esta Portaria Normativa entra em vigor em 21 de mar\u00e7o de 2024, por se tratar de urg\u00eancia justificada no expediente administrativo, de acordo com o que prev\u00ea o Artigo 4\u00ba do <a href=\"https:\/\/www.planalto.gov.br\/ccivil_03\/_ato2019-2022\/2019\/decreto\/d10139.htm\" target=\"_blank\"><font color=\"blue\"><u>Decreto n\u00b0 10.139<\/u><\/font><\/a>, de 28 de novembro de 2019, e ter\u00e1 vig\u00eancia de 3 anos.\r\n\r\n<p>Par\u00e1grafo \u00fanico. Havendo qualquer modifica\u00e7\u00e3o legislativa, ou ainda, havendo qualquer situa\u00e7\u00e3o legal que impacte na legalidade da presente Portaria Normativa, a mesma se aplica de imediato.\r\n\r\n<br>\r\n<p>Luciano Schuch,<\/p>\r\n<p>Reitor.<\/p>\r\n<br>\r\n<p><font color=\"red0000\">Este texto n\u00e3o substitui o documento original, publicado no Portal de Documentos.<\/font> Dispon\u00edvel em: <a href=\"https:\/\/portal.ufsm.br\/documentos\/publico\/documento.html?id=15026153\" target=\"_blank\"><font color=\"blue\">https:\/\/portal.ufsm.br\/documentos\/publico\/documento.html?id=15026153<\/font><\/a>\t\t<\/div>\n\t\t\t\t<\/div>\n\t\t\t\t\t<\/div>\n\t\t<\/div>\n\t\t\t\t\t<\/div>\n\t\t<\/section>\n\t\t\t\t<\/div>\n\t\t","protected":false},"excerpt":{"rendered":"<p>PORTARIA NORMATIVA UFSM N\u00b0 077, DE 20 DE MAR\u00c7O DE 2024 MINIST\u00c9RIO DA EDUCA\u00c7\u00c3O UNIVERSIDADE FEDERAL DE SANTA MARIA PORTARIA NORMATIVA UFSM N\u00b0 077, DE 20 DE MAR\u00c7O DE 2024 Aprova a cria\u00e7\u00e3o do \u00f3rg\u00e3o colegiado denominado \u201cComit\u00ea Gestor PROEXT-PG UFSM\u201d (CGPROEXT-PG) vinculado \u00e0s \u201cPr\u00f3-reitorias de P\u00f3s-gradua\u00e7\u00e3o e Pesquisa e de Extens\u00e3o\u201d na estrutura organizacional [&hellip;]<\/p>\n","protected":false},"author":640,"featured_media":0,"parent":0,"menu_order":0,"comment_status":"closed","ping_status":"closed","template":"","meta":{"footnotes":""},"categories":[],"tags":[297,295],"class_list":["post-5774","page","type-page","status-publish","hentry","tag-297","tag-resolucao"],"acf":[],"_links":{"self":[{"href":"https:\/\/www.ufsm.br\/pro-reitorias\/proplan\/wp-json\/wp\/v2\/pages\/5774","targetHints":{"allow":["GET"]}}],"collection":[{"href":"https:\/\/www.ufsm.br\/pro-reitorias\/proplan\/wp-json\/wp\/v2\/pages"}],"about":[{"href":"https:\/\/www.ufsm.br\/pro-reitorias\/proplan\/wp-json\/wp\/v2\/types\/page"}],"author":[{"embeddable":true,"href":"https:\/\/www.ufsm.br\/pro-reitorias\/proplan\/wp-json\/wp\/v2\/users\/640"}],"replies":[{"embeddable":true,"href":"https:\/\/www.ufsm.br\/pro-reitorias\/proplan\/wp-json\/wp\/v2\/comments?post=5774"}],"version-history":[{"count":0,"href":"https:\/\/www.ufsm.br\/pro-reitorias\/proplan\/wp-json\/wp\/v2\/pages\/5774\/revisions"}],"wp:attachment":[{"href":"https:\/\/www.ufsm.br\/pro-reitorias\/proplan\/wp-json\/wp\/v2\/media?parent=5774"}],"wp:term":[{"taxonomy":"category","embeddable":true,"href":"https:\/\/www.ufsm.br\/pro-reitorias\/proplan\/wp-json\/wp\/v2\/categories?post=5774"},{"taxonomy":"post_tag","embeddable":true,"href":"https:\/\/www.ufsm.br\/pro-reitorias\/proplan\/wp-json\/wp\/v2\/tags?post=5774"}],"curies":[{"name":"wp","href":"https:\/\/api.w.org\/{rel}","templated":true}]}}