{"id":5779,"date":"2024-04-02T11:28:12","date_gmt":"2024-04-02T14:28:12","guid":{"rendered":"https:\/\/www.ufsm.br\/pro-reitorias\/proplan\/?page_id=5779"},"modified":"2025-08-19T11:49:40","modified_gmt":"2025-08-19T14:49:40","slug":"resolucao-ufsm-n-153-2024","status":"publish","type":"page","link":"https:\/\/www.ufsm.br\/pro-reitorias\/proplan\/resolucao-ufsm-n-153-2024","title":{"rendered":"RESOLU\u00c7\u00c3O UFSM N\u00b0 153\/2024"},"content":{"rendered":"\t\t<div data-elementor-type=\"wp-page\" data-elementor-id=\"5779\" class=\"elementor elementor-5779\">\n\t\t\t\t\t\t<section class=\"elementor-section elementor-top-section elementor-element elementor-element-ee65940 elementor-section-boxed elementor-section-height-default elementor-section-height-default\" data-id=\"ee65940\" data-element_type=\"section\">\n\t\t\t\t\t\t<div class=\"elementor-container elementor-column-gap-default\">\n\t\t\t\t\t<div class=\"elementor-column elementor-col-100 elementor-top-column elementor-element elementor-element-3a31ab5\" data-id=\"3a31ab5\" data-element_type=\"column\">\n\t\t\t<div class=\"elementor-widget-wrap elementor-element-populated\">\n\t\t\t\t\t\t<div class=\"elementor-element elementor-element-bdf3686 elementor-widget elementor-widget-html\" data-id=\"bdf3686\" data-element_type=\"widget\" data-widget_type=\"html.default\">\n\t\t\t\t<div class=\"elementor-widget-container\">\n\t\t\t\r\n\r\n\r\n\r\n\r\n\r\n<title><b>RESOLU\u00c7\u00c3O N\u00b0 153\/2024<\/b><\/title>\r\n\r\n\r\n<div align=\"center\"><img decoding=\"async\" src=\"https:\/\/www.ufsm.br\/pro-reitorias\/proplan\/wp-content\/uploads\/sites\/344\/2019\/09\/brasao-da-republica-do-brasil-logo.png\" alt=\"Bras\u00e3o Rep\u00fablica Federativa do Brasil\" width=\"6%\" height=\"6%\"><\/div>    \r\n<h1><font color=\"blue\"><font size=\"5\"><div align=\"center\">MINIST\u00c9RIO DA EDUCA\u00c7\u00c3O<\/b><\/font><\/font><\/div><\/H1>\r\n<p><b><font color=\"0000blue\"><div align=\"center\">UNIVERSIDADE FEDERAL DE SANTA MARIA<\/b><\/font><\/div><\/p>\r\n\r\n<p><div align=\"center\"><b><a href=\"https:\/\/portal.ufsm.br\/documentos\/publico\/documento.html?id=14939322\" target=\"_blank\"><font color=\"blue\">RESOLU\u00c7\u00c3O UFSM N\u00b0 153, DE 28 DE MAR\u00c7O DE 2024<\/font><\/a><\/b><\/div><\/p>\r\n<br>\r\n<p><div align=\"justify\"><font color=\"800000\"><ul><ul><ul><ul><ul><ul><ul><ul><ul>Aprova a cria\u00e7\u00e3o do Curso de Agroneg\u00f3cios em n\u00edvel de doutorado acad\u00eamico vinculado ao Programa de P\u00f3s-gradua\u00e7\u00e3o em Agroneg\u00f3cios (PPGAGR) do Campus de Palmeira das Miss\u00f5es (UFSM-PM) e do curso de Direito em n\u00edvel de doutorado acad\u00eamico, vinculado ao Programa de P\u00f3s-gradua\u00e7\u00e3o em Direito (PPGD), do Centro de Ci\u00eancias Sociais e Humanas (CCSH) da Universidade Federal de Santa Maria (UFSM), e altera a Resolu\u00e7\u00e3o UFSM n\u00b0 076\/2022.<\/font><\/div><\/p>\r\n<br>\r\n<br><div align=\"justify\"><font color=\"black\">\r\n<p>O REITOR DA UNIVERSIDADE FEDERAL DE SANTA MARIA, no uso de suas atribui\u00e7\u00f5es legais e estatut\u00e1rias e considerando:<\/p>\r\n<p>- a <a href=\"http:\/\/www.planalto.gov.br\/ccivil_03\/constituicao\/constituicao.htm\" target=\"_blank\"><font color=\"blue\"><u>Constitui\u00e7\u00e3o da Rep\u00fablica Federativa do Brasil de 1988<\/u><\/font><\/a>, de 05 de outubro de 1988, em especial o art. 215 que garante a todos o pleno exerc\u00edcio dos direitos culturais e acesso \u00e0s fontes da cultura nacional, e apoia e incentiva a valoriza\u00e7\u00e3o e a difus\u00e3o das manifesta\u00e7\u00f5es culturais; o art. 216 que menciona que ao patrim\u00f4nio cultural brasileiro \u00e9 constitu\u00eddo pelos bens de natureza material e imaterial, tomados individualmente ou em conjunto; e o art. 216-A que institui o Sistema Nacional de Cultura como um processo de gest\u00e3o e promo\u00e7\u00e3o das pol\u00edticas p\u00fablicas de cultura democr\u00e1ticas e permanentes<\/u><\/font><\/a>;<\/p><font color=\"black\">\r\n<p>- a <a href=\"http:\/\/www.planalto.gov.br\/ccivil_03\/leis\/l8112cons.htm\" target=\"_blank\"><font color=\"blue\"><u>Lei n\u00b0 8.112, de 11 de dezembro de 1990<\/u><\/font><\/a>, que disp\u00f5e sobre o regime jur\u00eddico dos servidores p\u00fablicos civis da Uni\u00e3o, das autarquias e das funda\u00e7\u00f5es p\u00fablicas federais;<\/p>\r\n<p>- a <a href=\"http:\/\/www.planalto.gov.br\/ccivil_03\/leis\/l9394.htm\" target=\"_blank\"><font color=\"blue\"><u>Lei n\u00b0 9.394, de 20 de dezembro de 1996<\/u><\/font><\/a>, que estabelece as diretrizes e bases da educa\u00e7\u00e3o nacional e suas altera\u00e7\u00f5es;<\/p>\r\n<p>- a <a href=\"http:\/\/www.planalto.gov.br\/ccivil_03\/leis\/lcp\/lcp95.htm\" target=\"_blank\"><font color=\"blue\"><u>Lei Complementar n\u00b0 95, de 26 de fevereiro de 1998<\/u><\/font><\/a>, que disp\u00f5e sobre a elabora\u00e7\u00e3o, a reda\u00e7\u00e3o, a altera\u00e7\u00e3o e a consolida\u00e7\u00e3o das leis, conforme determina o Par\u00e1grafo \u00danico do Art. 59 da <a href=\"http:\/\/www.planalto.gov.br\/ccivil_03\/constituicao\/constituicao.htm\" target=\"_blank\"><font color=\"blue\"><u>Constitui\u00e7\u00e3o Federal<\/u><\/font><\/a>, e estabelece normas para a consolida\u00e7\u00e3o dos atos normativos que menciona;<\/p>\r\n<p>- o <a href=\"https:\/\/www.planalto.gov.br\/ccivil_03\/_ato2015-2018\/2017\/decreto\/d9191.htm\" target=\"_blank\"><font color=\"blue\"><u>Decreto n\u00b0 9.191, de 1\u00ba de novembro de 2017<\/u><\/font><\/a>, que estabelece as normas e as diretrizes para elabora\u00e7\u00e3o, reda\u00e7\u00e3o, altera\u00e7\u00e3o, consolida\u00e7\u00e3o e encaminhamento de propostas de atos normativos ao Presidente da Rep\u00fablica pelos Ministros de Estado;<\/p>\r\n<p>- o <a href=\"https:\/\/www.planalto.gov.br\/ccivil_03\/_ato2019-2022\/2019\/decreto\/d9739.htm\" target=\"_blank\"><font color=\"blue\"><u>Decreto n\u00b0 9.739, de 28 de mar\u00e7o de 2019<\/u><\/font><\/a>, que estabelece medidas de efici\u00eancia organizacional para o aprimoramento da administra\u00e7\u00e3o p\u00fablica federal direta, aut\u00e1rquica e fundacional, estabelece normas sobre concursos p\u00fablicos e disp\u00f5e sobre o Sistema de Organiza\u00e7\u00e3o e Inova\u00e7\u00e3o Institucional do Governo Federal - SIORG;<\/p>\r\n<p>- o <a href=\"https:\/\/www.planalto.gov.br\/ccivil_03\/_ato2019-2022\/2019\/decreto\/d10139.htm\" target=\"_blank\"><font color=\"blue\"><u>Decreto n\u00b0 10.139, de 28 de novembro de 2019<\/u><\/font><\/a>, que disp\u00f5e sobre a revis\u00e3o e a consolida\u00e7\u00e3o de atos normativos inferiores a decreto;<\/p>\r\n<p>- o <a href=\"https:\/\/www.ufsm.br\/pro-reitorias\/proplan\/estatuto-ufsm-2010\/\" target=\"_blank\"><font color=\"blue\"><u>Estatuto da Universidade Federal de Santa Maria<\/u><\/font><\/a> com as adequa\u00e7\u00f5es aprovadas pela <a href=\"https:\/\/www.ufsm.br\/pro-reitorias\/proplan\/resolucao-n-037-2010\/\" target=\"_blank\"><font color=\"blue\"><u>Resolu\u00e7\u00e3o UFSM N. 037, de 30 de novembro de 2010<\/u><\/font><\/a>, aprovado pela <a href=\"https:\/\/pesquisa.in.gov.br\/imprensa\/jsp\/visualiza\/index.jsp?data=13\/03\/2014&amp;jornal=1&amp;pagina=43&amp;totalArquivos=100\" target=\"_blank\"><font color=\"blue\"><u>Portaria N. 156, de 12 de mar\u00e7o de 2014<\/u><\/font><\/a>, e publicado no Di\u00e1rio Oficial da Uni\u00e3o em 13 de mar\u00e7o de 2014;<\/p> \r\n<p>- o <a href=\"https:\/\/www.ufsm.br\/pro-reitorias\/proplan\/regimento-geral-da-ufsm-com-alteracoes-compiladas-pela-resolucao-n-016-2019\/\" target=\"_blank\"><font color=\"blue\"><u>Regimento Geral da UFSM<\/u><\/font><\/a>, disposto na <a href=\"https:\/\/www.ufsm.br\/pro-reitorias\/proplan\/resolucao-n-006-2011\" target=\"_blank\"><font color=\"blue\"><u>Resolu\u00e7\u00e3o UFSM n\u00b0 006, de 28 de abril de 2011<\/u><\/font><\/a>, atualizado pela <a href=\"https:\/\/www.ufsm.br\/pro-reitorias\/proplan\/resolucao-n-016-2019\" target=\"_blank\"><font color=\"blue\"><u>Resolu\u00e7\u00e3o UFSM n\u00b0 016, de 02 de julho de 2019<\/u><\/font><\/a>;<\/p>\r\n<p>- a <a href=\"https:\/\/www.ufsm.br\/pro-reitorias\/proplan\/resolucao-n-015-2014\" target=\"_blank\"><font color=\"blue\"><u>Resolu\u00e7\u00e3o UFSM n\u00b0 015, de 07 de julho de 2014<\/u><\/font><\/a>, que aprova o Regimento Geral da P\u00f3s-Gradua\u00e7\u00e3o Stricto Sensu e Lato Sensu da Universidade Federal de Santa Maria, e altera\u00e7\u00f5es subsequentes;\r\n<p>- a <a href=\"https:\/\/www.ufsm.br\/pro-reitorias\/proplan\/resolucao-n-037-2019#:~:text=Regula%20a%20estrutura%20e%20organiza%C3%A7%C3%A3o,Avalia%C3%A7%C3%A3o%20da%20Educa%C3%A7%C3%A3o%20Superior%20%E2%80%93%20SINAES.\" target=\"_blank\"><font color=\"blue\"><u>Resolu\u00e7\u00e3o UFSM n\u00b0 037, de 22 de novembro de 2019<\/u><\/font><\/a>, que regula a estrutura e organiza\u00e7\u00e3o da Educa\u00e7\u00e3o a Dist\u00e2ncia na UFSM e revoga as disposi\u00e7\u00f5es em contr\u00e1rio;\r\n<p>- a <a href=\"https:\/\/www.ufsm.br\/pro-reitorias\/proplan\/resolucao-ufsm-n-054-2021\" target=\"_blank\"><font color=\"blue\"><u>Resolu\u00e7\u00e3o UFSM n\u00b0 054, de 1\u00ba de junho de 2021<\/u><\/font><\/a>, que regulamenta a proposi\u00e7\u00e3o e a emiss\u00e3o de Atos Normativos no \u00e2mbito da Universidade Federal de Santa Maria; <\/p>\r\n<p>- a <a href=\"https:\/\/www.ufsm.br\/pro-reitorias\/proplan\/resolucao-ufsm-n-076-2022\" target=\"_blank\"><font color=\"blue\"><u>Resolu\u00e7\u00e3o UFSM n\u00b0 076, de 31 de janeiro de 2022<\/u><\/font><\/a>, que consolida os Cursos de P\u00f3s-Gradua\u00e7\u00e3o (Especializa\u00e7\u00e3o, Mestrado e Doutorado), com situa\u00e7\u00e3o \u201cem atividade\u201d, em cada Unidade de Ensino, da Universidade Federal de Santa Maria (UFSM), em decorr\u00eancia do disposto no Decreto n\u00b0 10.139, de 28 de novembro de 2019;\r\n<p>- o <a href=\"http:\/\/portal.mec.gov.br\/docman\/dezembro-2023-pdf\/254061-pces915-23\/file\" target=\"_blank\"><font color=\"blue\"><u>Parecer n\u00b0 915\/2023<\/u><\/font><\/a>, aprovado na reuni\u00e3o ordin\u00e1ria da C\u00e2mara de Educa\u00e7\u00e3o Superior (CES) do Conselho Nacional de Educa\u00e7\u00e3o (CNE), em dezembro de 2023, e publicado no Di\u00e1rio Oficial da Uni\u00e3o em 15\/12\/2023, Edi\u00e7\u00e3o 238, Se\u00e7\u00e3o 1, P\u00e1gina 87, favor\u00e1vel ao reconhecimento dos programas de p\u00f3sgradua\u00e7\u00e3o stricto sensu (Mestrado e Doutorado), recomendados pelo Conselho T\u00e9cnico-Cient\u00edfico da Educa\u00e7\u00e3o Superior (CTC-ES) da Coordena\u00e7\u00e3o de Aperfei\u00e7oamento de Pessoal de N\u00edvel Superior (Capes);\r\n<p>- o Parecer n\u00b0 011\/2023 da Comiss\u00e3o de Ensino, Pesquisa e Extens\u00e3o (COMEPE), aprovado na 982\u00aa Sess\u00e3o do Conselho de Ensino, Pesquisa e Extens\u00e3o (CEPE), de 13 de janeiro de 2023, referente ao Processo n\u00b0 <a href=\"https:\/\/portal.ufsm.br\/documentos\/publico\/processo\/documento.html?idDocumento=14455441\" target=\"_blank\"><font color=\"blue\"><u>23081.126376\/2022-18<\/u><\/font><\/a>.<\/p>\r\n<p>- o Parecer n\u00b0 024\/2023 da comiss\u00e3o de Ensino, Pesquisa e Extens\u00e3o (COMEPE), aprovado na 983\u00aa Sess\u00e3o do Conselho de Ensino, Pesquisa e Extens\u00e3o (CEPE), de 26 de janeiro de 2023, referente ao Processo n\u00b0 <a href=\"https:\/\/portal.ufsm.br\/documentos\/publico\/processo\/documento.html?idDocumento=14455447\" target=\"_blank\"><font color=\"blue\"><u>23081.126379\/2022-43<\/u><\/font><\/a>.<\/p>\r\n<p>- o Parecer n\u00b0 005\/2024 da Comiss\u00e3o de Legisla\u00e7\u00e3o e Regimentos (CLR), aprovado na 869\u00aa Sess\u00e3o do Conselho Universit\u00e1rio (CONSU), de 22 de mar\u00e7o de 2024, referente ao Processo n\u00b0 <a href=\"https:\/\/portal.ufsm.br\/documentos\/publico\/processo\/documento.html?idDocumento=14939235\" target=\"_blank\"><font color=\"blue\"><u>23081.160260\/2023-81<\/u><\/font><\/a>.<\/p>\r\n<br>\r\n<p><div align=\"center\">RESOLVE:<\/div><\/p>\r\n<br>\r\n<p>Art. 1\u00b0 Aprovar a cria\u00e7\u00e3o do Curso de Agroneg\u00f3cios em n\u00edvel de doutorado acad\u00eamico vinculado ao Programa de P\u00f3s-gradua\u00e7\u00e3o em Agroneg\u00f3cios (PPGAGR) do Campus de Palmeira das Miss\u00f5es (UFSM-PM) e do curso de Direito em n\u00edvel de doutorado acad\u00eamico, vinculado ao Programa de P\u00f3s-gradua\u00e7\u00e3o em Direito (PPGD), do Centro de Ci\u00eancias Sociais e Humanas (CCSH) da Universidade Federal de Santa Maria (UFSM), e altera a <a href=\"https:\/\/www.ufsm.br\/pro-reitorias\/proplan\/resolucao-ufsm-n-076-2022\" target=\"_blank\"><font color=\"blue\"><u>Resolu\u00e7\u00e3o UFSM n\u00b0 076\/2022<\/u><\/font><\/a>.<p>\r\n<p>Art. 2\u00b0 A <a href=\"https:\/\/www.ufsm.br\/pro-reitorias\/proplan\/resolucao-ufsm-n-076-2022\" target=\"_blank\"><font color=\"blue\"><u>Resolu\u00e7\u00e3o UFSM n\u00b0 076, de 31 de janeiro de 2022<\/u><\/font><\/a>, passa a vigorar com a seguinte reda\u00e7\u00e3o:<p> \r\n<br>\r\n<p style=\"margin-left: 2.5cm\">\u201cArt. 6\u00ba ...........................................................................................................................................................<p>\r\n<p style=\"margin-left: 2.5cm\">(...)<\/p>\r\n<p style=\"margin-left: 2.5cm\">VII - Direito, em n\u00edvel de Mestrado e Doutorado Acad\u00eamico;<\/p>\r\n<p style=\"margin-left: 2.5cm\">(...)<\/p>\r\n<p style=\"margin-left: 2.5cm\">Art. 11. ...........................................................................................................................................................<\/p>\r\n<p style=\"margin-left: 2.5cm\">I - Agroneg\u00f3cios, em n\u00edvel de Mestrado e Doutorado Acad\u00eamico;<\/p>\r\n<p style=\"margin-left: 2.5cm\">(...)\u201d<\/p>\r\n<p style=\"margin-left: 2.5cm\">(NR)<\/p>\r\n<br>\r\n<p>Art. 3\u00ba Caber\u00e1:\r\n<p>I - \u00e0 Coordenadoria de Planejamento Administrativo (COPLAD-PROPLAN) proceder \u00e0s altera\u00e7\u00f5es nos Sistemas de Estruturantes da Institui\u00e7\u00e3o; e,<p>\r\n<p>II - \u00e0 Pr\u00f3-Reitoria de P\u00f3s-Gradua\u00e7\u00e3o e Pesquisa (PRPGP) os ajustes acad\u00eamicos necess\u00e1rios.<p>\r\n<p>Art. 4\u00ba Esta Resolu\u00e7\u00e3o entra em 02 de abril de 2024, por se tratar de urg\u00eancia justificada no expediente administrativo, de acordo com o que prev\u00ea o Artigo 4\u00ba do <a href=\"https:\/\/www.planalto.gov.br\/ccivil_03\/_ato2019-2022\/2019\/decreto\/d10139.htm\" target=\"_blank\"><font color=\"blue\"><u>Decreto n\u00b0 10.139, de 28 de novembro de 2019<\/U><\/font><\/a>.<p>\r\n<p>Par\u00e1grafo \u00fanico. Havendo qualquer modifica\u00e7\u00e3o legislativa, ou ainda, advindo qualquer situa\u00e7\u00e3o legal que impacte na legalidade da presente Resolu\u00e7\u00e3o, a mesma se aplica de imediato.<\/p> \r\n<br>\r\n<\/div>\r\n<p>Luciano Schuch<\/p>\r\n<p>Reitor<\/p>\r\n<p><font color=\"red0000\">Este texto n\u00e3o substitui o documento original, publicado no Portal de Documentos.<\/font> Dispon\u00edvel em: <a href=\"https:\/\/portal.ufsm.br\/documentos\/publico\/documento.html?id=15036371\" target=\"_blank\"><font color=\"blue\">https:\/\/portal.ufsm.br\/documentos\/publico\/documento.html?id=15036371<\/font><\/a>\t\t<\/div>\n\t\t\t\t<\/div>\n\t\t\t\t\t<\/div>\n\t\t<\/div>\n\t\t\t\t\t<\/div>\n\t\t<\/section>\n\t\t\t\t<\/div>\n\t\t","protected":false},"excerpt":{"rendered":"<p>RESOLU\u00c7\u00c3O N\u00b0 153\/2024 MINIST\u00c9RIO DA EDUCA\u00c7\u00c3O UNIVERSIDADE FEDERAL DE SANTA MARIA RESOLU\u00c7\u00c3O UFSM N\u00b0 153, DE 28 DE MAR\u00c7O DE 2024 Aprova a cria\u00e7\u00e3o do Curso de Agroneg\u00f3cios em n\u00edvel de doutorado acad\u00eamico vinculado ao Programa de P\u00f3s-gradua\u00e7\u00e3o em Agroneg\u00f3cios (PPGAGR) do Campus de Palmeira das Miss\u00f5es (UFSM-PM) e do curso de Direito em n\u00edvel [&hellip;]<\/p>\n","protected":false},"author":640,"featured_media":0,"parent":0,"menu_order":0,"comment_status":"closed","ping_status":"closed","template":"","meta":{"footnotes":""},"categories":[],"tags":[],"class_list":["post-5779","page","type-page","status-publish","hentry"],"acf":[],"_links":{"self":[{"href":"https:\/\/www.ufsm.br\/pro-reitorias\/proplan\/wp-json\/wp\/v2\/pages\/5779","targetHints":{"allow":["GET"]}}],"collection":[{"href":"https:\/\/www.ufsm.br\/pro-reitorias\/proplan\/wp-json\/wp\/v2\/pages"}],"about":[{"href":"https:\/\/www.ufsm.br\/pro-reitorias\/proplan\/wp-json\/wp\/v2\/types\/page"}],"author":[{"embeddable":true,"href":"https:\/\/www.ufsm.br\/pro-reitorias\/proplan\/wp-json\/wp\/v2\/users\/640"}],"replies":[{"embeddable":true,"href":"https:\/\/www.ufsm.br\/pro-reitorias\/proplan\/wp-json\/wp\/v2\/comments?post=5779"}],"version-history":[{"count":0,"href":"https:\/\/www.ufsm.br\/pro-reitorias\/proplan\/wp-json\/wp\/v2\/pages\/5779\/revisions"}],"wp:attachment":[{"href":"https:\/\/www.ufsm.br\/pro-reitorias\/proplan\/wp-json\/wp\/v2\/media?parent=5779"}],"wp:term":[{"taxonomy":"category","embeddable":true,"href":"https:\/\/www.ufsm.br\/pro-reitorias\/proplan\/wp-json\/wp\/v2\/categories?post=5779"},{"taxonomy":"post_tag","embeddable":true,"href":"https:\/\/www.ufsm.br\/pro-reitorias\/proplan\/wp-json\/wp\/v2\/tags?post=5779"}],"curies":[{"name":"wp","href":"https:\/\/api.w.org\/{rel}","templated":true}]}}