{"id":5801,"date":"2024-05-10T15:32:09","date_gmt":"2024-05-10T18:32:09","guid":{"rendered":"https:\/\/www.ufsm.br\/pro-reitorias\/proplan\/?page_id=5801"},"modified":"2025-01-02T12:26:26","modified_gmt":"2025-01-02T15:26:26","slug":"portaria-normativa-ufsm-no-079-2024","status":"publish","type":"page","link":"https:\/\/www.ufsm.br\/pro-reitorias\/proplan\/portaria-normativa-ufsm-no-079-2024","title":{"rendered":"PORTARIA NORMATIVA UFSM N\u00ba 079\/2024"},"content":{"rendered":"\t\t<div data-elementor-type=\"wp-page\" data-elementor-id=\"5801\" class=\"elementor elementor-5801\">\n\t\t\t\t\t\t<section class=\"elementor-section elementor-top-section elementor-element elementor-element-5061b36 elementor-section-boxed elementor-section-height-default elementor-section-height-default\" data-id=\"5061b36\" data-element_type=\"section\">\n\t\t\t\t\t\t<div class=\"elementor-container elementor-column-gap-default\">\n\t\t\t\t\t<div class=\"elementor-column elementor-col-100 elementor-top-column elementor-element elementor-element-9beef34\" data-id=\"9beef34\" data-element_type=\"column\">\n\t\t\t<div class=\"elementor-widget-wrap elementor-element-populated\">\n\t\t\t\t\t\t<div class=\"elementor-element elementor-element-c491edd elementor-widget elementor-widget-html\" data-id=\"c491edd\" data-element_type=\"widget\" data-widget_type=\"html.default\">\n\t\t\t\t<div class=\"elementor-widget-container\">\n\t\t\t\r\n\r\n\r\n<title><b>PORTARIA NORMATIVA UFSM N. 79, DE 09 DE MAIO DE 2024<\/b><\/title>\r\n\r\n\r\n<div align=\"center\"><img decoding=\"async\" src=\"https:\/\/www.ufsm.br\/pro-reitorias\/proplan\/wp-content\/uploads\/sites\/344\/2019\/09\/brasao-da-republica-do-brasil-logo.png\" alt=\"Bras\u00e3o Rep\u00fablica Federativa do Brasil\" width=\"6%\" height=\"6%\"><\/div>  <h1><font color=\"blue\"><font size=\"5\"><div align=\"center\">MINIST\u00c9RIO DA EDUCA\u00c7\u00c3O<\/div><\/font><\/font><\/H1>\r\n<b><font color=\"0000blue\"><div align=\"center\">UNIVERSIDADE FEDERAL DE SANTA MARIA<\/div><\/font><\/b>\r\n<p><div align=\"center\"><b><a href=\"https:\/\/portal.ufsm.br\/documentos\/publico\/documento.html?id=15063139\" target=\"_blank\"><font color=\"blue\">PORTARIA NORMATIVA UFSM N. 079, DE 09 DE MAIO DE 2024<\/font><\/a><\/b><\/div>\r\n<br>\r\n\r\n<div align=\"justify\"> Revogada pela \r\n<a href=\"https:\/\/www.ufsm.br\/pro-reitorias\/proplan\/resolucao-ufsm-n-191-2024\" style=\"text-decoration: none\">\r\n<font color=\"blue\">\r\n<u>Resolu\u00e7\u00e3o UFSM N\u00b0 191\/2024\r\n<\/u>\r\n<\/font>\r\n<\/a>\r\n<\/div>\r\n<s>\r\n<p style=\"margin-left: 9cm;text-align: justify;color: #800000\">Regulamenta a suspens\u00e3o das atividades administrativas no \u00e2mbito da Universidade Federal de Santa Maria (UFSM) em decorr\u00eancia das tempestades e chuvas intensas nos Munic\u00edpios do Rio Grande do Sul. \r\n<\/p>\r\n<br>\r\n<br><div align=\"justify\"><font color=\"black\">\r\n<p>O REITOR DA UNIVERSIDADE FEDERAL DE SANTA MARIA, no uso de suas atribui\u00e7\u00f5es legais e estatut\u00e1rias e considerando:<\/p>\r\n<p>- a <a href=\"http:\/\/www.planalto.gov.br\/ccivil_03\/constituicao\/constituicao.htm\" target=\"_blank\"><font color=\"blue\"><u>Constitui\u00e7\u00e3o da Rep\u00fablica Federativa do Brasil de 1988, de 05 de outubro de 1988<\/u><\/font><\/a>;\r\n<p>- o <a href=\"https:\/\/www.planalto.gov.br\/ccivil_03\/_ato2015-2018\/2017\/decreto\/d9191.htm\" target=\"_blank\"><font color=\"blue\"><u>Decreto n\u00b0 9.191, de 1\u00b0 de novembro de 2017<\/u><\/font><\/a>, que estabelece as normas e as diretrizes para elabora\u00e7\u00e3o, reda\u00e7\u00e3o, altera\u00e7\u00e3o, consolida\u00e7\u00e3o e encaminhamento de propostas de atos normativos ao Presidente da Rep\u00fablica pelos Ministros de Estado; \r\n<p>- o <a href=\"http:\/\/www.planalto.gov.br\/ccivil_03\/_ato2019-2022\/2019\/decreto\/D10139.htm\" target=\"_blank\"><font color=\"blue\"><u>Decreto n\u00b0 10.139, de 28 de novembro de 2019<\/u><\/font><\/a>, que disp\u00f5e sobre a revis\u00e3o e a consolida\u00e7\u00e3o dos atos normativos inferiores a decreto;\r\n<p>- o <a href=\"https:\/\/www.ufsm.br\/pro-reitorias\/proplan\/estatuto-ufsm-2010\/\" target=\"_blank\"><font color=\"blue\"><u>Estatuto da Universidade Federal de Santa Maria<\/u><\/font><\/a>, com as adequa\u00e7\u00f5es aprovadas pela <a href=\"https:\/\/www.ufsm.br\/pro-reitorias\/proplan\/resolucao-n-037-2010\/\" target=\"_blank\"><font color=\"blue\"><u>Resolu\u00e7\u00e3o UFSM n\u00b0 037, de 30 de novembro de 2010<\/u><\/font><\/a>, aprovado pela <a href=\"https:\/\/pesquisa.in.gov.br\/imprensa\/jsp\/visualiza\/index.jsp?data=13\/03\/2014&amp;jornal=1&amp;pagina=43&amp;totalArquivos=100\" target=\"_blank\"><font color=\"blue\"><u>Portaria n\u00b0 156, de 12 de mar\u00e7o de 2014<\/u><\/font><\/a>, e publicado no Di\u00e1rio Oficial da Uni\u00e3o em 13 de mar\u00e7o de 2014; e,\r\n<p>- o <a href=\"https:\/\/www.ufsm.br\/pro-reitorias\/proplan\/regimento-geral-da-ufsm-com-alteracoes-compiladas-pela-resolucao-n-016-2019\/\" target=\"_blank\"><font color=\"blue\"><u>Regimento Geral da UFSM<\/u><\/font><\/a>, disposto na <a href=\"https:\/\/www.ufsm.br\/pro-reitorias\/proplan\/resolucao-n-006-2011\/\" target=\"_blank\"><font color=\"blue\"><u>Resolu\u00e7\u00e3o UFSM N. 006, de 28 de abril de 2011<\/u><\/font><\/a>, atualizado pela <a href=\"https:\/\/www.ufsm.br\/app\/uploads\/sites\/399\/2019\/07\/RES_GR_2019_016.pdf\" target=\"_blank\"><font color=\"blue\"><u>Resolu\u00e7\u00e3o UFSM N. 016, de 02 de julho de 2019<\/u><\/font><\/a>;\r\n<p>- a <a href=\"https:\/\/www.ufsm.br\/pro-reitorias\/proplan\/resolucao-ufsm-n-054-2021\"><font color=\"blue\"><u>Resolu\u00e7\u00e3o UFSM N. 054, de 1\u00ba de junho de 2021<\/u><\/font><\/a>, que regulamenta a proposi\u00e7\u00e3o e a emiss\u00e3o de Atos Normativos no \u00e2mbito da Universidade Federal de Santa Maria;\r\n<p>- o <a href=\"https:\/\/www.santamaria.rs.gov.br\/arquivos\/baixar-arquivo\/noticias\/D04-5028.pdf\"><font color=\"blue\"><u>Decreto Executivo n\u00ba 82, de 3 de maio de 2024<\/u><\/font><\/a>,da Prefeitura de Santa Maria - RS, que declara o estado de calamidade p\u00fablica devido \u00e0s tempestades e chuvas intensas no Munic\u00edpio;\r\n<p>- o <a href=\"https:\/\/www.diariooficial.rs.gov.br\/materia?id=997980\"><font color=\"blue\"><u>Decreto n\u00ba 57.596, de 1\u00ba de Maio de 2024<\/u><\/font><\/a>, do governo do estado do RS, que declara estado de calamidade p\u00fablica no territ\u00f3rio do Estado do Rio Grande do Sul afetado pelos eventos clim\u00e1ticos de chuvas intensas, COBRADE 1.3.2.1.4, ocorridos no per\u00edodo de 24 de abril a 1\u00ba de maio de 2024;\r\n<p>- o <a href=\"https:\/\/www.legisweb.com.br\/legislacao\/?id=458552\"><font color=\"blue\"><u>Decreto n\u00ba 57.600, de 04 de maio de 2024<\/u><\/font><\/a>, que reitera o estado de calamidade p\u00fablica no territ\u00f3rio do Estado do Rio Grande do Sul afetado pelos eventos clim\u00e1ticos de chuvas intensas, COBRADE 1.3.2.1.4, que ocorrem no per\u00edodo de 24 de abril ao m\u00eas de maio de 2024, e especifica os Munic\u00edpios atingidos;\r\n<p>- a <a href=\"https:\/\/pesquisa.in.gov.br\/imprensa\/jsp\/visualiza\/index.jsp?jornal=602&amp;pagina=1&amp;data=05\/05\/2024&amp;totalArquivos=2\"><font color=\"blue\"><u>Portaria N\u00ba 1.377, de 05 de maio de 2024<\/u><\/font><\/a>, do Minist\u00e9rio da Integra\u00e7\u00e3o e do Desenvolvimento Regional\/Secretaria Nacional de Prote\u00e7\u00e3o e Defesa Civil, que reconhece, sumariamente, o Estado de Calamidade P\u00fablica em munic\u00edpios do Rio Grande do Sul \u2013 RS;\r\n<p>- a <a href=\"https:\/\/pesquisa.in.gov.br\/imprensa\/servlet\/INPDFViewer?jornal=603&amp;pagina=1&amp;data=05\/05\/2024&amp;captchafield=firstAccess\"><font color=\"blue\"><u>portaria N\u00ba 1.379, de 05 de maio de 2024<\/u><\/font><\/a>, do Minist\u00e9rio da Integra\u00e7\u00e3o e do Desenvolvimento Regional\/Secretaria Nacional de Prote\u00e7\u00e3o e Defesa Civil, altera a Portaria n\u00ba 1.377, de 5 de maio de 2024, que reconhece, sumariamente, o Estado de Calamidade P\u00fablica em munic\u00edpios do Rio Grande do Sul \u2013 RS;\r\n<p>- o comunicado N\u00ba 565315 do Minist\u00e9rio de Gest\u00e3o e Inova\u00e7\u00e3o em Servi\u00e7os P\u00fablicos; \r\n<p>- as dificuldades operacionais e t\u00e9cnicas enfrentadas pela Universidade Federal de Santa Maria em decorr\u00eancia dos eventos clim\u00e1ticos; e\r\n<p>- o que consta no Processo n\u00b0 <a href=\"https:\/\/portal.ufsm.br\/documentos\/publico\/processo\/documento.html?idDocumento=15063031\" target=\"_blank\"><font color=\"blue\"><u>23081.055613\/2024-11<\/u><\/font><\/a>.<\/p>\r\n\r\n<br>\r\n<p>RESOLVE:<\/p>\r\n<br>\r\n<p>Art. 1\u00ba Regulamentar a suspens\u00e3o das atividades administrativas no \u00e2mbito da Universidade Federal de Santa Maria (UFSM) em decorr\u00eancia das tempestades e chuvas intensas nos Munic\u00edpios do Rio Grande do Sul.<\/p>\r\n<p>Art. 2\u00ba Ficam suspensas as atividades administrativas presenciais nos campi de Santa Maria e Cachoeira do Sul e do Espa\u00e7o Multidisciplinar de Pesquisa e Extens\u00e3o de Silveira Martins no per\u00edodo de 2 a 3 de maio.<\/p>\r\nPar\u00e1grafo \u00fanico. Ficam mantidas as atividades consideradas essenciais, tais como servi\u00e7os de sa\u00fade, de seguran\u00e7a e de alimenta\u00e7\u00e3o, conforme defini\u00e7\u00e3o das chefias das Unidades.<\/p>\r\n<p>Art. 3\u00ba Recomenda-se que as atividades administrativas nos campi de Santa Maria, Cachoeira do Sul e do Espa\u00e7o Multidisciplinar de Pesquisa e Extens\u00e3o de Silveira Martins sejam realizadas remotamente, se poss\u00edvel, durante o per\u00edodo de 06 a 18 de maio.<\/p>\r\n<p>\u00a71\u00ba Ficam mantidas as atividades presenciais consideradas essenciais, tais como servi\u00e7os de sa\u00fade, de seguran\u00e7a e de alimenta\u00e7\u00e3o, conforme defini\u00e7\u00e3o das chefias das Unidades.<\/p>\r\n<p>\u00a72\u00ba As atividades mencionadas no caput poder\u00e3o ser executadas presencialmente, conforme decis\u00e3o dos setores e das respectivas chefias imediatas e\/ou superiores, desde que haja condi\u00e7\u00f5es de viabilidade (estrutural e de internet), possibilidade (em rela\u00e7\u00e3o aos atores envolvidos) e de seguran\u00e7a em sua execu\u00e7\u00e3o.<\/p>\r\n<p>\u00a73\u00ba O prazo previsto no caput poder\u00e1 ser prorrogado, mediante decis\u00e3o fundamentada.<\/p>\r\n<p>Art. 4\u00ba As Pr\u00f3-Reitorias da UFSM ficam autorizadas a emitir instru\u00e7\u00f5es normativas que visem regulamentar e coordenar a implementa\u00e7\u00e3o de a\u00e7\u00f5es voltadas ao pleno atendimento do disposto nesta Portaria.<\/p>\r\n<p>Art. 5\u00ba Esta Portaria entra em vigor retroativamente em 2 de maio de 2024, por se tratar de urg\u00eancia justi\ufb01cada no expediente administrativo e devido \u00e0 indisponibilidade de rede e sistemas at\u00e9 a data de sua assinatura.<\/p>\r\n<p>Par\u00e1grafo \u00fanico. Havendo qualquer modifica\u00e7\u00e3o legislativa, ou ainda, havendo qualquer situa\u00e7\u00e3o legal que impacte na legalidade da presente Portaria Normativa, a mesma se aplica de imediato.<\/p>\r\n<br>\r\n<\/s>\r\n<p>Luciano Schuch,<\/p>\r\n<p>Reitor.<\/p>\r\n<br>\r\n<p><font color=\"red0000\">Este texto n\u00e3o substitui o documento original, publicado no Portal de Documentos. Dispon\u00edvel em: <a href=\"https:\/\/portal.ufsm.br\/documentos\/publico\/documento.html?id=15063139\" target=\"_blank\"><font color=\"blue\">https:\/\/portal.ufsm.br\/documentos\/publico\/documento.html?id=15063139<\/font><\/a>\r\n\r\n \t\t<\/div>\n\t\t\t\t<\/div>\n\t\t\t\t\t<\/div>\n\t\t<\/div>\n\t\t\t\t\t<\/div>\n\t\t<\/section>\n\t\t\t\t<\/div>\n\t\t","protected":false},"excerpt":{"rendered":"<p>PORTARIA NORMATIVA UFSM N. 79, DE 09 DE MAIO DE 2024 MINIST\u00c9RIO DA EDUCA\u00c7\u00c3O UNIVERSIDADE FEDERAL DE SANTA MARIA PORTARIA NORMATIVA UFSM N. 079, DE 09 DE MAIO DE 2024 Revogada pela Resolu\u00e7\u00e3o UFSM N\u00b0 191\/2024 Regulamenta a suspens\u00e3o das atividades administrativas no \u00e2mbito da Universidade Federal de Santa Maria (UFSM) em decorr\u00eancia das tempestades [&hellip;]<\/p>\n","protected":false},"author":4883,"featured_media":0,"parent":0,"menu_order":0,"comment_status":"closed","ping_status":"closed","template":"","meta":{"footnotes":""},"categories":[],"tags":[],"class_list":["post-5801","page","type-page","status-publish","hentry"],"acf":[],"_links":{"self":[{"href":"https:\/\/www.ufsm.br\/pro-reitorias\/proplan\/wp-json\/wp\/v2\/pages\/5801","targetHints":{"allow":["GET"]}}],"collection":[{"href":"https:\/\/www.ufsm.br\/pro-reitorias\/proplan\/wp-json\/wp\/v2\/pages"}],"about":[{"href":"https:\/\/www.ufsm.br\/pro-reitorias\/proplan\/wp-json\/wp\/v2\/types\/page"}],"author":[{"embeddable":true,"href":"https:\/\/www.ufsm.br\/pro-reitorias\/proplan\/wp-json\/wp\/v2\/users\/4883"}],"replies":[{"embeddable":true,"href":"https:\/\/www.ufsm.br\/pro-reitorias\/proplan\/wp-json\/wp\/v2\/comments?post=5801"}],"version-history":[{"count":0,"href":"https:\/\/www.ufsm.br\/pro-reitorias\/proplan\/wp-json\/wp\/v2\/pages\/5801\/revisions"}],"wp:attachment":[{"href":"https:\/\/www.ufsm.br\/pro-reitorias\/proplan\/wp-json\/wp\/v2\/media?parent=5801"}],"wp:term":[{"taxonomy":"category","embeddable":true,"href":"https:\/\/www.ufsm.br\/pro-reitorias\/proplan\/wp-json\/wp\/v2\/categories?post=5801"},{"taxonomy":"post_tag","embeddable":true,"href":"https:\/\/www.ufsm.br\/pro-reitorias\/proplan\/wp-json\/wp\/v2\/tags?post=5801"}],"curies":[{"name":"wp","href":"https:\/\/api.w.org\/{rel}","templated":true}]}}