{"id":5808,"date":"2024-05-24T12:48:26","date_gmt":"2024-05-24T15:48:26","guid":{"rendered":"https:\/\/www.ufsm.br\/pro-reitorias\/proplan\/?page_id=5808"},"modified":"2025-01-28T12:47:02","modified_gmt":"2025-01-28T15:47:02","slug":"portaria-normativa-ufsm-n-081","status":"publish","type":"page","link":"https:\/\/www.ufsm.br\/pro-reitorias\/proplan\/portaria-normativa-ufsm-n-081","title":{"rendered":"PORTARIA NORMATIVA UFSM N. 081\/2024"},"content":{"rendered":"\t\t<div data-elementor-type=\"wp-page\" data-elementor-id=\"5808\" class=\"elementor elementor-5808\">\n\t\t\t\t\t\t<section class=\"elementor-section elementor-top-section elementor-element elementor-element-21a590a elementor-section-boxed elementor-section-height-default elementor-section-height-default\" data-id=\"21a590a\" data-element_type=\"section\">\n\t\t\t\t\t\t<div class=\"elementor-container elementor-column-gap-default\">\n\t\t\t\t\t<div class=\"elementor-column elementor-col-100 elementor-top-column elementor-element elementor-element-501f48f\" data-id=\"501f48f\" data-element_type=\"column\">\n\t\t\t<div class=\"elementor-widget-wrap elementor-element-populated\">\n\t\t\t\t\t\t<div class=\"elementor-element elementor-element-c6b9bf4 elementor-widget elementor-widget-html\" data-id=\"c6b9bf4\" data-element_type=\"widget\" data-widget_type=\"html.default\">\n\t\t\t\t<div class=\"elementor-widget-container\">\n\t\t\t\r\n\r\n\r\n<title><b>PORTARIA NORMATIVA UFSM N. 081, DE 24 DE MAIO DE 2024<\/b><\/title>\r\n\r\n\r\n<div align=\"center\"><img decoding=\"async\" src=\"https:\/\/www.ufsm.br\/pro-reitorias\/proplan\/wp-content\/uploads\/sites\/344\/2019\/09\/brasao-da-republica-do-brasil-logo.png\" alt=\"Bras\u00e3o Rep\u00fablica Federativa do Brasil\" width=\"6%\" height=\"6%\"><\/div>  <h1><font color=\"blue\"><font size=\"5\"><div align=\"center\">MINIST\u00c9RIO DA EDUCA\u00c7\u00c3O<\/div><\/font><\/font><\/H1>\r\n<b><font color=\"0000blue\"><div align=\"center\">UNIVERSIDADE FEDERAL DE SANTA MARIA<\/div><\/font><\/b>\r\n<p><div align=\"center\"><b><a href=\"https:\/\/portal.ufsm.br\/documentos\/publico\/documento.html?id=15068292\" target=\"_blank\"><font color=\"blue\">PORTARIA NORMATIVA UFSM N. 081, DE 24 DE MAIO DE 2024<\/font><\/a><\/b><\/div>\r\n<br>\r\n\r\n<p style=\"margin-left: 9cm;text-align: justify;color: #800000\">Cria o Comit\u00ea de Apoio para Eventos Extremos e Emerg\u00eancias, vinculado ao Gabinete do Reitor na estrutura organizacional da Universidade Federal de Santa Maria (UFSM).\r\n<\/p>\r\n\r\n\r\n<br>\r\n<br><div align=\"justify\"><font color=\"black\">\r\n<p>O REITOR DA UNIVERSIDADE FEDERAL DE SANTA MARIA, no uso de suas atribui\u00e7\u00f5es legais e estatut\u00e1rias e considerando:<\/p>\r\n<p style=\"text-align: justify\">- a <span style=\"color: #0000ff\"><a href=\"https:\/\/www.planalto.gov.br\/ccivil_03\/constituicao\/constituicao.htm\"><span style=\"color: #0000ff\"><u>Constitui&ccedil;&atilde;o da Rep&uacute;blica Federativa do Brasil de 1988<\/span><\/a><\/span>, de 05 de outubro de 1988<\/u>;<\/p>\r\n<p style=\"text-align: justify\">- a <span style=\"color: #0000ff\"><a href=\"https:\/\/www.planalto.gov.br\/ccivil_03\/leis\/l8112cons.htm\"><span style=\"color: #0000ff\"><u>Lei n&deg; 8.112, de 11 de dezembro de 1990<\/u><\/span><\/a><\/span>, que disp&otilde;e sobre o regime jur&iacute;dico dos servidores p&uacute;blicos civis da Uni&atilde;o, das autarquias e das funda&ccedil;&otilde;es p&uacute;blicas federais;<\/p>\r\n<p style=\"text-align: justify\">- a <span style=\"color: #0000ff\"><a href=\"https:\/\/www.planalto.gov.br\/ccivil_03\/leis\/l9394.htm\"><span style=\"color: #0000ff\"><u>Lei n&deg; 9.394, de 20 de dezembro de 1996<\/u><\/span><\/a><\/span>, que estabelece as diretrizes e bases da educa&ccedil;&atilde;o nacional e suas altera&ccedil;&otilde;es;<\/p>\r\n<p style=\"text-align: justify\">- a <span style=\"color: #0000ff\"><a href=\"https:\/\/www.planalto.gov.br\/ccivil_03\/leis\/lcp\/lcp95.htm\"><span style=\"color: #0000ff\"><u>Lei Complementar n&deg; 95, de 26 de fevereiro de 1998<\/u><\/span><\/a><\/span>, que disp&otilde;e sobre a elabora&ccedil;&atilde;o, a reda&ccedil;&atilde;o, a altera&ccedil;&atilde;o e a consolida&ccedil;&atilde;o das leis, conforme determina o Par&aacute;grafo &Uacute;nico do Art. 59 da Constitui&ccedil;&atilde;o Federal, e estabelece normas para a consolida&ccedil;&atilde;o dos atos normativos que menciona;<\/p>\r\n<p style=\"text-align: justify\">- o <span style=\"color: #0000ff\"><a href=\"https:\/\/www.planalto.gov.br\/ccivil_03\/_ato2015-2018\/2017\/decreto\/d9191.htm\"><span style=\"color: #0000ff\"><u>Decreto n&deg; 9.191, de 1&ordm; de novembro de 2017<\/u><\/span><\/a><\/span>, que estabelece as normas e as diretrizes para elabora&ccedil;&atilde;o, reda&ccedil;&atilde;o, altera&ccedil;&atilde;o, consolida&ccedil;&atilde;o e encaminhamento de propostas de atos normativos ao Presidente da Rep&uacute;blica pelos Ministros de Estado;<\/p>\r\n<p style=\"text-align: justify\">- o <span style=\"color: #0000ff\"><a href=\"https:\/\/www.planalto.gov.br\/ccivil_03\/_ato2019-2022\/2019\/decreto\/d10139.htm\"><span style=\"color: #0000ff\"><u>Decreto n&deg; 10.139, de 28 de novembro de 2019<\/u><\/span><\/a><\/span>, que disp&otilde;e sobre a revis&atilde;o e a consolida&ccedil;&atilde;o de atos normativos inferiores a decreto;<\/p>\r\n<p>- o <a href=\"https:\/\/www.ufsm.br\/pro-reitorias\/proplan\/estatuto-ufsm-2010\/\" target=\"_blank\"><font color=\"blue\"><u>Estatuto da Universidade Federal de Santa Maria<\/u><\/font><\/a>, com as adequa\u00e7\u00f5es aprovadas pela <a href=\"https:\/\/www.ufsm.br\/pro-reitorias\/proplan\/resolucao-n-037-2010\/\" target=\"_blank\"><font color=\"blue\"><u>Resolu\u00e7\u00e3o UFSM n\u00b0 037, de 30 de novembro de 2010<\/u><\/font><\/a>, aprovado pela <a href=\"https:\/\/pesquisa.in.gov.br\/imprensa\/jsp\/visualiza\/index.jsp?data=13\/03\/2014&amp;jornal=1&amp;pagina=43&amp;totalArquivos=100\" target=\"_blank\"><font color=\"blue\"><u>Portaria n\u00b0 156, de 12 de mar\u00e7o de 2014<\/u><\/font><\/a>, e publicado no Di\u00e1rio Oficial da Uni\u00e3o em 13 de mar\u00e7o de 2014; e,\r\n<p>- o <a href=\"https:\/\/www.ufsm.br\/pro-reitorias\/proplan\/regimento-geral-da-ufsm-com-alteracoes-compiladas-pela-resolucao-n-016-2019\/\" target=\"_blank\"><font color=\"blue\"><u>Regimento Geral da UFSM<\/u><\/font><\/a>, disposto na <a href=\"https:\/\/www.ufsm.br\/pro-reitorias\/proplan\/resolucao-n-006-2011\/\" target=\"_blank\"><font color=\"blue\"><u>Resolu\u00e7\u00e3o UFSM N. 006, de 28 de abril de 2011<\/u><\/font><\/a>, atualizado pela <a href=\"https:\/\/www.ufsm.br\/app\/uploads\/sites\/399\/2019\/07\/RES_GR_2019_016.pdf\" target=\"_blank\"><font color=\"blue\"><u>Resolu\u00e7\u00e3o UFSM N. 016, de 02 de julho de 2019<\/u><\/font><\/a>;\r\n<p>- a <a href=\"https:\/\/www.ufsm.br\/pro-reitorias\/proplan\/resolucao-ufsm-n-054-2021\"><font color=\"blue\"><u>Resolu\u00e7\u00e3o UFSM N. 054, de 1\u00ba de junho de 2021<\/u><\/font><\/a>, que regulamenta a proposi\u00e7\u00e3o e a emiss\u00e3o de Atos Normativos no \u00e2mbito da Universidade Federal de Santa Maria;\r\n<p style=\"text-align: justify\">&ndash; o que consta no Processo N. <span style=\"color: #0000ff\"><a href=\"https:\/\/portal.ufsm.br\/documentos\/usuario\/processo\/documento.html?idDocumento=15068292\"><span style=\"color: #0000ff\">23081.058138\/2024-26<\/span><\/a><\/span>;<ins cite=\"mailto:Microsoft%20Office%20User\" datetime=\"2020-12-10T18:26\"><\/ins><\/p>\r\n<p style=\"text-align: justify\">&nbsp;<\/p>\r\n<p style=\"text-align: justify\">&nbsp;<\/p>\r\n<p style=\"text-align: justify\">RESOLVE<strong>:<\/strong><\/p>\r\n<p style=\"text-align: justify\">&nbsp;<\/p>\r\n<p style=\"text-align: justify\">Art. 1&deg; Aprovar a cria&ccedil;&atilde;o do Comit&ecirc; de Apoio para Eventos Extremos e Emerg&ecirc;ncias, vinculado ao Gabinete do Reitor na estrutura organizacional da Universidade Federal de Santa Maria (UFSM).<\/p>\r\n<p style=\"text-align: justify\">&nbsp;<\/p>\r\n<p style=\"text-align: justify\">&nbsp;<\/p>\r\n<p style=\"text-align: justify\">CAP&Iacute;TULO I<\/p>\r\n<p style=\"text-align: justify\">DAS COMPET&Ecirc;NCIAS<\/p>\r\n<p style=\"text-align: justify\"><strong>&nbsp;<\/strong><\/p>\r\n<p style=\"text-align: justify\">Art. 2&deg; Caber&aacute; ao Comit&ecirc; de Apoio para Eventos Extremos e Emerg&ecirc;ncias:<\/p>\r\n<p style=\"text-align: justify\">I - Apoiar a Universidade na tomada de decis&atilde;o sobre Eventos Extremos e Situa&ccedil;&otilde;es Emergenciais que envolvam os campi, a cidade de Santa Maria, os munic&iacute;pios da regi&atilde;o Central do estado e o estado do Rio Grande do Sul;<\/p>\r\n<p style=\"text-align: justify\">II - Colaborar na elabora&ccedil;&atilde;o de Planos de Reestrutura&ccedil;&atilde;o relativos a Eventos Extremos e Situa&ccedil;&otilde;es Emergenciais para os campi, a cidade de Santa Maria, os munic&iacute;pios da regi&atilde;o Central do estado e o estado do Rio Grande do Sul;<\/p>\r\n<p style=\"text-align: justify\">III - Centralizar na institui&ccedil;&atilde;o projetos cient&iacute;ficos dos principais grupos de trabalho do Comit&ecirc; que estejam relacionadas a Eventos Extremos e Situa&ccedil;&otilde;es Emergenciais;<\/p>\r\n<p style=\"text-align: justify\">IV - Centralizar na institui&ccedil;&atilde;o as solu&ccedil;&otilde;es elaboradas pelos grupos de trabalho do Comit&ecirc; que estejam relacionadas a Eventos Extremos e Situa&ccedil;&otilde;es Emergenciais;<\/p>\r\n<p style=\"text-align: justify\">V - Elaborar relat&oacute;rios sazonais sobre os riscos de Eventos Extremos e sobre Situa&ccedil;&otilde;es Emergenciais que possam envolver as &aacute;reas de atua&ccedil;&atilde;o da Universidade;<\/p>\r\n<p style=\"text-align: justify\">VI - Assessorar os campi, a cidade de Santa Maria, os munic&iacute;pios da regi&atilde;o Central do estado, o estado do Rio Grande do Sul e o Brasil, na elabora&ccedil;&atilde;o de Planos de Conting&ecirc;ncia, Planos Emergenciais e de Situa&ccedil;&otilde;es Emergenciais;<\/p>\r\n<p style=\"text-align: justify\">VII - Assessorar os campi, a cidade de Santa Maria, os munic&iacute;pios da regi&atilde;o Central do estado e o estado do Rio Grande do Sul na elabora&ccedil;&atilde;o de projetos para reestrutura&ccedil;&atilde;o que visem mitigar efeitos de Eventos Extremos e Situa&ccedil;&otilde;es Emergenciais;<\/p>\r\n<p style=\"text-align: justify\">VIII - Apoiar os grupos de trabalho na busca por recursos financeiros para execu&ccedil;&atilde;o dos projetos elaborados para enfrentamento de Eventos Extremos e Situa&ccedil;&otilde;es Emergenciais;<\/p>\r\n<p style=\"text-align: justify\">&nbsp;IX - Divulgar sazonalmente as principais a&ccedil;&otilde;es do Comit&ecirc; e de seus grupos de trabalho para a comunidade acad&ecirc;mica;<\/p>\r\n<p style=\"text-align: justify\">&nbsp;X - Estabelecer rotinas de relacionamento com as institui&ccedil;&otilde;es p&uacute;blicas e privadas que possam auxiliar na tomada de decis&atilde;o, no fomento e na execu&ccedil;&atilde;o das a&ccedil;&otilde;es previstas nos projetos e solu&ccedil;&otilde;es elaboradas pelos Grupos de Trabalho (GTs) no enfrentamento de Eventos Extremos e Situa&ccedil;&otilde;es Emergenciais.<\/p>\r\n<p style=\"text-align: justify\" align=\"center\"><strong>&nbsp;<\/strong><\/p>\r\n<p style=\"text-align: justify\" align=\"center\"><strong>&nbsp;<\/strong><\/p>\r\n<p style=\"text-align: justify\">CAP&Iacute;TULO II<\/p>\r\n<p style=\"text-align: justify\">DA COMPOSI&Ccedil;&Atilde;O E AUTORIDADE<\/p>\r\n<p style=\"text-align: justify\">&nbsp;<\/p>\r\n<p style=\"text-align: justify\">Art. 3&deg; O Comit&ecirc; ser&aacute; composto por uma Coordena&ccedil;&atilde;o Geral e por Grupos de Trabalho (GTs), designados por portaria emitida pelo Reitor da UFSM.<\/p>\r\n<p style=\"text-align: justify\">I - O Comit&ecirc; ser&aacute; dirigido pela Coordena&ccedil;&atilde;o Geral, que ter&aacute; em sua composi&ccedil;&atilde;o 3 (tr&ecirc;s) Assessores(as) do Gabinete do Reitor, um dos quais atuar&aacute; como presidente.<\/p>\r\n<p style=\"text-align: justify\">II - Os membros da Coordena&ccedil;&atilde;o Geral, incluindo o seu presidente, ser&atilde;o escolhidos e designados pelo Reitor.<\/p>\r\n<p style=\"text-align: justify\">&sect; 1&ordm; Na aus&ecirc;ncia do(a) presidente em uma reuni&atilde;o o Reitor designar&aacute; entre os membros presentes um(a) presidente para essa sess&atilde;o.<\/p>\r\n<p style=\"text-align: justify\">Art. 4&deg; Compete &agrave; Coordena&ccedil;&atilde;o Geral:<\/p>\r\n<p style=\"text-align: justify\">I - Dirigir, coordenar e supervisionar as atividades do Comit&ecirc;;<\/p>\r\n<p style=\"text-align: justify\">II - Indicar os membros dos Grupos de Trabalho, para realiza&ccedil;&atilde;o de estudos, projetos, levantamentos e emiss&atilde;o de pareceres necess&aacute;rios &agrave; consecu&ccedil;&atilde;o da finalidade do Comit&ecirc;;<\/p>\r\n<p style=\"text-align: justify\">III - Zelar pelo cumprimento das normas estabelecidas nesta portaria.<\/p>\r\n<p style=\"text-align: justify\">&sect; 1&ordm; Nas reuni&otilde;es do referido Comit&ecirc; poder&atilde;o comparecer, quando convidados pela Coordena&ccedil;&atilde;o Geral, pessoas cuja participa&ccedil;&atilde;o possa esclarecer assuntos pertinentes &agrave; convoca&ccedil;&atilde;o.<\/p>\r\n<p style=\"text-align: justify\">&nbsp;<\/p>\r\n<p style=\"text-align: justify\">Art. 5&deg; Compete aos Grupos de Trabalho do Comit&ecirc;:<\/p>\r\n<p style=\"text-align: justify\">I - Sugerir planos de reestrutura&ccedil;&atilde;o relativos a Eventos Extremos e Situa&ccedil;&otilde;es Emergenciais para os campi, a cidade de Santa Maria, os munic&iacute;pios da regi&atilde;o Central do estado e para o estado do Rio Grande do Sul;<\/p>\r\n<p style=\"text-align: justify\">II - Elaborar projetos t&eacute;cnico-cient&iacute;ficos que estejam relacionadas a Eventos Extremos e Situa&ccedil;&otilde;es Emergenciais;<\/p>\r\n<p style=\"text-align: justify\">III - Sugerir alternativas que possam minimizar os efeitos de curto, m&eacute;dio e longo prazo que estejam relacionados a Eventos Extremos e Situa&ccedil;&otilde;es Emergenciais;<\/p>\r\n<p style=\"text-align: justify\">IV - Elaborar relat&oacute;rios sazonais sobre os riscos de Eventos Extremos e sobre Situa&ccedil;&otilde;es Emergenciais que possam envolver as &aacute;reas de atua&ccedil;&atilde;o da Universidade;<\/p>\r\n<p style=\"text-align: justify\">V - Assessorar os Campi, a cidade de Santa Maria, os munic&iacute;pios da regi&atilde;o Central do Estado, o estado do Rio Grande do Sul e o Brasil na elabora&ccedil;&atilde;o de Planos de Conting&ecirc;ncia, Planos Emergenciais e de Situa&ccedil;&otilde;es Emergenciais;<\/p>\r\n<p style=\"text-align: justify\">VI - Assessorar os campi, a cidade de Santa Maria, os munic&iacute;pios da regi&atilde;o Central do Estado, o estado do Rio Grande do Sul e o Brasil na elabora&ccedil;&atilde;o de projetos para reestrutura&ccedil;&atilde;o que visem mitigar os efeitos de Eventos Extremos e Situa&ccedil;&otilde;es Emergenciais.<\/p>\r\n<p style=\"text-align: justify\">&nbsp;<\/p>\r\n<p style=\"text-align: justify\">CAP&Iacute;TULO III<\/p>\r\n<p style=\"text-align: justify\">DO &Oacute;RG&Atilde;O DE APOIO ADMINISTRATIVO<\/p>\r\n<p style=\"text-align: justify\">&nbsp;<\/p>\r\n<p style=\"text-align: justify\">Art. 6&deg; Caber&aacute; ao Gabinete do Reitor a responsabilidade de realizar apoio administrativo e demais encaminhamentos para o devido andamento dos trabalhos do Comit&ecirc;.<\/p>\r\n<p style=\"text-align: justify\">&nbsp;<\/p>\r\n<p style=\"text-align: justify\">CAP&Iacute;TULO IV<\/p>\r\n<p style=\"text-align: justify\">DO TERMO DE CONCLUS&Atilde;O DOS TRABALHOS<\/p>\r\n<p style=\"text-align: justify\">&nbsp;<\/p>\r\n<p style=\"text-align: justify\">Art. 7&deg; O referido Comit&ecirc; ter&aacute; vig&ecirc;ncia de dois anos, a contar da data de assinatura desta portaria.<\/p>\r\n<p style=\"text-align: justify\">Par&aacute;grafo &Uacute;nico: Por decis&atilde;o do Gabinete do Reitor, o ato que cria o Comit&ecirc; poder&aacute; ser revogado a qualquer momento, bem como seus membros poder&atilde;o ser substitu&iacute;dos.<\/p>\r\n<p style=\"text-align: justify\" align=\"center\"><strong>&nbsp;<\/strong><\/p>\r\n<p style=\"text-align: justify\">CAP&Iacute;TULO V<\/p>\r\n<p style=\"text-align: justify\">DO REGIMENTO INTERNO E DOS RELAT&Oacute;RIOS PERI&Oacute;DICOS E FINAL<\/p>\r\n<p style=\"text-align: justify\">&nbsp;<\/p>\r\n<p style=\"text-align: justify\">Art. 8&deg; Em caso de conveni&ecirc;ncia e oportunidade, para o melhor desenvolvimento das atividades desse Comit&ecirc;, poder&aacute; ser elaborado e encaminhado Regimento Interno pr&oacute;prio para aprecia&ccedil;&atilde;o e delibera&ccedil;&atilde;o pelas inst&acirc;ncias competentes.<\/p>\r\n<p style=\"text-align: justify\">Art. 9&deg; O Comit&ecirc;, tornar&aacute; p&uacute;blicas suas a&ccedil;&otilde;es, reuni&otilde;es e materiais espec&iacute;ficos de sua &aacute;rea em p&aacute;gina eletr&ocirc;nica pr&oacute;pria, ressalvado o conte&uacute;do sujeito a sigilo, n&atilde;o havendo necessidades de emitir relat&oacute;rios peri&oacute;dicos e anuais.<\/p>\r\n<p style=\"text-align: justify\">&nbsp;<\/p>\r\n<p style=\"text-align: justify\">CAP&Iacute;TULO VI<\/p>\r\n<p style=\"text-align: justify\">DAS DISPOSI&Ccedil;&Otilde;ES GERAIS E TRANSIT&Oacute;RIAS<\/p>\r\n<p style=\"text-align: justify\">&nbsp;<\/p>\r\n<p style=\"text-align: justify\">Art. 10 &Eacute; vedada a divulga&ccedil;&atilde;o de discuss&otilde;es em curso, sem a pr&eacute;via anu&ecirc;ncia da Coordena&ccedil;&atilde;o Geral.<\/p>\r\n<p style=\"text-align: justify\">Art. 11 A participa&ccedil;&atilde;o dos membros no referido Comit&ecirc; e em seus respectivos grupos de trabalhos ser&aacute; considerada presta&ccedil;&atilde;o de servi&ccedil;o p&uacute;blico relevante, e n&atilde;o ser&aacute; remunerada.<\/p>\r\n<p style=\"text-align: justify\">Art. 12 &Eacute; vedada a possibilidade de cria&ccedil;&atilde;o de subcolegiados por ato deste Comit&ecirc;.<\/p>\r\n<p style=\"text-align: justify\">Art. 13 Esta Portaria Normativa entra em vigor em 24 de maio de 2024, por se tratar de urg&ecirc;ncia solicitada no expediente administrativo, de acordo com o que prev&ecirc; o Artigo 4&ordm; do <a href=\"https:\/\/www.planalto.gov.br\/ccivil_03\/_ato2019-2022\/2019\/decreto\/d10139.htm\" target=\"_blank\"><font color=\"blue\"><u>Decreto n&deg; 10.139<\/u><\/font><\/a>, de 28 de novembro de 2019.<\/p>\r\n<p style=\"text-align: justify\">Par&aacute;grafo &uacute;nico. Havendo qualquer modifica&ccedil;&atilde;o legislativa, ou ainda, havendo qualquer situa&ccedil;&atilde;o legal que impacte na legalidade da presente Portaria Normativa, a mesma se aplica de imediato.<\/p>\r\n<p style=\"text-align: justify\">&nbsp;<\/p>\r\n<br>\r\n<p>Luciano Schuch,<\/p>\r\n<p>Reitor.<\/p>\r\n<br>\r\n<p><font color=\"red0000\">Este texto n\u00e3o substitui o documento original, publicado no Portal de Documentos. Dispon\u00edvel em: <a href=\"https:\/\/portal.ufsm.br\/documentos\/publico\/documento.html?id=15068292\" target=\"_blank\"><font color=\"blue\">https:\/\/portal.ufsm.br\/documentos\/publico\/documento.html?id=15068292<\/font><\/a>\r\n\r\n\r\n\r\n\t\t<\/div>\n\t\t\t\t<\/div>\n\t\t\t\t\t<\/div>\n\t\t<\/div>\n\t\t\t\t\t<\/div>\n\t\t<\/section>\n\t\t\t\t<\/div>\n\t\t","protected":false},"excerpt":{"rendered":"<p>PORTARIA NORMATIVA UFSM N. 081, DE 24 DE MAIO DE 2024 MINIST\u00c9RIO DA EDUCA\u00c7\u00c3O UNIVERSIDADE FEDERAL DE SANTA MARIA PORTARIA NORMATIVA UFSM N. 081, DE 24 DE MAIO DE 2024 Cria o Comit\u00ea de Apoio para Eventos Extremos e Emerg\u00eancias, vinculado ao Gabinete do Reitor na estrutura organizacional da Universidade Federal de Santa Maria (UFSM). [&hellip;]<\/p>\n","protected":false},"author":4883,"featured_media":0,"parent":0,"menu_order":0,"comment_status":"closed","ping_status":"closed","template":"","meta":{"footnotes":""},"categories":[],"tags":[],"class_list":["post-5808","page","type-page","status-publish","hentry"],"acf":[],"_links":{"self":[{"href":"https:\/\/www.ufsm.br\/pro-reitorias\/proplan\/wp-json\/wp\/v2\/pages\/5808","targetHints":{"allow":["GET"]}}],"collection":[{"href":"https:\/\/www.ufsm.br\/pro-reitorias\/proplan\/wp-json\/wp\/v2\/pages"}],"about":[{"href":"https:\/\/www.ufsm.br\/pro-reitorias\/proplan\/wp-json\/wp\/v2\/types\/page"}],"author":[{"embeddable":true,"href":"https:\/\/www.ufsm.br\/pro-reitorias\/proplan\/wp-json\/wp\/v2\/users\/4883"}],"replies":[{"embeddable":true,"href":"https:\/\/www.ufsm.br\/pro-reitorias\/proplan\/wp-json\/wp\/v2\/comments?post=5808"}],"version-history":[{"count":0,"href":"https:\/\/www.ufsm.br\/pro-reitorias\/proplan\/wp-json\/wp\/v2\/pages\/5808\/revisions"}],"wp:attachment":[{"href":"https:\/\/www.ufsm.br\/pro-reitorias\/proplan\/wp-json\/wp\/v2\/media?parent=5808"}],"wp:term":[{"taxonomy":"category","embeddable":true,"href":"https:\/\/www.ufsm.br\/pro-reitorias\/proplan\/wp-json\/wp\/v2\/categories?post=5808"},{"taxonomy":"post_tag","embeddable":true,"href":"https:\/\/www.ufsm.br\/pro-reitorias\/proplan\/wp-json\/wp\/v2\/tags?post=5808"}],"curies":[{"name":"wp","href":"https:\/\/api.w.org\/{rel}","templated":true}]}}