{"id":5814,"date":"2024-06-06T13:56:45","date_gmt":"2024-06-06T16:56:45","guid":{"rendered":"https:\/\/www.ufsm.br\/pro-reitorias\/proplan\/?page_id=5814"},"modified":"2025-01-27T10:21:03","modified_gmt":"2025-01-27T13:21:03","slug":"portaria-normativa-082-2024","status":"publish","type":"page","link":"https:\/\/www.ufsm.br\/pro-reitorias\/proplan\/portaria-normativa-082-2024","title":{"rendered":"PORTARIA NORMATIVA 082\/2024"},"content":{"rendered":"\t\t<div data-elementor-type=\"wp-page\" data-elementor-id=\"5814\" class=\"elementor elementor-5814\">\n\t\t\t\t\t\t<section class=\"elementor-section elementor-top-section elementor-element elementor-element-9679ce8 elementor-section-boxed elementor-section-height-default elementor-section-height-default\" data-id=\"9679ce8\" data-element_type=\"section\">\n\t\t\t\t\t\t<div class=\"elementor-container elementor-column-gap-default\">\n\t\t\t\t\t<div class=\"elementor-column elementor-col-100 elementor-top-column elementor-element elementor-element-c43908c\" data-id=\"c43908c\" data-element_type=\"column\">\n\t\t\t<div class=\"elementor-widget-wrap elementor-element-populated\">\n\t\t\t\t\t\t<div class=\"elementor-element elementor-element-6d69ba8 elementor-widget elementor-widget-html\" data-id=\"6d69ba8\" data-element_type=\"widget\" data-widget_type=\"html.default\">\n\t\t\t\t<div class=\"elementor-widget-container\">\n\t\t\t\r\n\r\n\r\n<title><b>PORTARIA NORMATIVA UFSM N\u00b0 082, DE 04 DE JUNHO DE 2024<\/b><\/title>\r\n\r\n\r\n<div align=\"center\"><img decoding=\"async\" src=\"https:\/\/www.ufsm.br\/pro-reitorias\/proplan\/wp-content\/uploads\/sites\/344\/2019\/09\/brasao-da-republica-do-brasil-logo.png\" alt=\"Bras\u00e3o Rep\u00fablica Federativa do Brasil\" width=\"6%\" height=\"6%\"><\/div>  <h1><font color=\"blue\"><font size=\"5\"><div align=\"center\">MINIST\u00c9RIO DA EDUCA\u00c7\u00c3O<\/div><\/font><\/font><\/H1>\r\n\r\n<b><font color=\"0000blue\"><div align=\"center\">UNIVERSIDADE FEDERAL DE SANTA MARIA<\/div><\/font><\/b>\r\n<p><div align=\"center\"><b><a href=\"https:\/\/portal.ufsm.br\/documentos\/publico\/documento.html?id=15077733\" target=\"_blank\"><font color=\"blue\">PORTARIA NORMATIVA UFSM N\u00b0 082, DE 04 DE JUNHO DE 2024<\/font><\/a><\/b><\/div>\r\n<br>\r\n\r\n\r\n<p style=\"margin-left: 9cm;text-align: justify;color: #800000\">Altera a IN N. 03\/2022\/PRAE que revoga a IN N. 01\/2022\/PRAE e altera o Aux\u00edlio Alimenta\u00e7\u00e3o para os moradores da Casa de Estudante do Centro (CEU I), da Universidade Federal de Santa Maria.\r\n<\/p>\r\n\r\n\r\n<br>\r\n<br><div align=\"justify\"><font color=\"black\">\r\n<p>O REITOR DA UNIVERSIDADE FEDERAL DE SANTA MARIA, no uso de suas atribui\u00e7\u00f5es legais e estatut\u00e1rias e considerando:<\/p>\r\n\r\n<p>- a <a href=\"http:\/\/www.planalto.gov.br\/ccivil_03\/constituicao\/constituicao.htm\" target=\"_blank\"><font color=\"blue\"><u>Constitui\u00e7\u00e3o da Rep\u00fablica Federativa do Brasil de 1988, de 05 de outubro de 1988<\/u><\/font><\/a>;\r\n<p>\r\n\r\n<p>- a <a href=\"http:\/\/www.planalto.gov.br\/ccivil_03\/leis\/lcp\/lcp95.htm\" target=\"_blank\"><font color=\"blue\"><u>Lei Complementar n\u00b0 95, de 26 de fevereiro de 1998<\/u><\/font><\/a>, que disp\u00f5e sobre a elabora\u00e7\u00e3o, a reda\u00e7\u00e3o, a altera\u00e7\u00e3o e a consolida\u00e7\u00e3o das leis, conforme determina o Par\u00e1grafo \u00danico do art. 59 da Constitui\u00e7\u00e3o Federal, e estabelece normas para a consolida\u00e7\u00e3o dos atos normativos que menciona;\r\n\r\n<p>- o <a href=\"https:\/\/www.planalto.gov.br\/ccivil_03\/_ato2015-2018\/2017\/decreto\/d9191.htm\" target=\"_blank\"><font color=\"blue\"><u>Decreto n\u00b0 9.191, de 1\u00b0 de novembro de 2017<\/u><\/font><\/a>, que estabelece as normas e as diretrizes para elabora\u00e7\u00e3o, reda\u00e7\u00e3o, altera\u00e7\u00e3o, consolida\u00e7\u00e3o e encaminhamento de propostas de atos normativos ao Presidente da Rep\u00fablica pelos Ministros de Estado; \r\n\r\n<p>- o <a href=\"http:\/\/www.planalto.gov.br\/ccivil_03\/_ato2019-2022\/2019\/decreto\/D10139.htm\" target=\"_blank\"><font color=\"blue\"><u>Decreto n\u00b0 10.139, de 28 de novembro de 2019<\/u><\/font><\/a>, que disp\u00f5e sobre a revis\u00e3o e a consolida\u00e7\u00e3o dos atos normativos inferiores a decreto;\r\n\r\n<p>- o <a href=\"https:\/\/www.ufsm.br\/pro-reitorias\/proplan\/estatuto-ufsm-2010\/\" target=\"_blank\"><font color=\"blue\"><u>Estatuto da Universidade Federal de Santa Maria<\/u><\/font><\/a>, com as adequa\u00e7\u00f5es aprovadas pela <a href=\"https:\/\/www.ufsm.br\/pro-reitorias\/proplan\/resolucao-n-037-2010\/\" target=\"_blank\"><font color=\"blue\"><u>Resolu\u00e7\u00e3o UFSM n\u00b0 037, de 30 de novembro de 2010<\/u><\/font><\/a>, aprovado pela <a href=\"https:\/\/pesquisa.in.gov.br\/imprensa\/jsp\/visualiza\/index.jsp?data=13\/03\/2014&amp;jornal=1&amp;pagina=43&amp;totalArquivos=100\" target=\"_blank\"><font color=\"blue\"><u>Portaria n\u00b0 156, de 12 de mar\u00e7o de 2014<\/u><\/font><\/a>, e publicado no Di\u00e1rio Oficial da Uni\u00e3o em 13 de mar\u00e7o de 2014; e,\r\n\r\n<p>- o <a href=\"https:\/\/www.ufsm.br\/pro-reitorias\/proplan\/regimento-geral-da-ufsm-com-alteracoes-compiladas-pela-resolucao-n-016-2019\/\" target=\"_blank\"><font color=\"blue\"><u>Regimento Geral da UFSM<\/u><\/font><\/a>, disposto na <a href=\"https:\/\/www.ufsm.br\/pro-reitorias\/proplan\/resolucao-n-006-2011\/\" target=\"_blank\"><font color=\"blue\"><u>Resolu\u00e7\u00e3o UFSM N. 006, de 28 de abril de 2011<\/u><\/font><\/a>, atualizado pela <a href=\"https:\/\/www.ufsm.br\/app\/uploads\/sites\/399\/2019\/07\/RES_GR_2019_016.pdf\" target=\"_blank\"><font color=\"blue\"><u>Resolu\u00e7\u00e3o UFSM N. 016, de 02 de julho de 2019<\/u><\/font><\/a>;\r\n\r\n<p>- a <a href=\"https:\/\/www.ufsm.br\/pro-reitorias\/proplan\/resolucao-ufsm-n-054-2021\"><font color=\"blue\"><u>Resolu\u00e7\u00e3o UFSM N. 054, de 1\u00ba de junho de 2021<\/u><\/font><\/a>, que regulamenta a proposi\u00e7\u00e3o e a emiss\u00e3o de Atos Normativos no \u00e2mbito da Universidade Federal de Santa Maria;\r\n\r\n<p>- o <a href=\"https:\/\/www.planalto.gov.br\/ccivil_03\/_ato2007-2010\/2010\/decreto\/d7234.htm\"><font color=\"blue\"><u>Decreto n\u00ba 7.234, de 19 de julho de 2010<\/u><\/font><\/a>, que disp\u00f5e sobre o Programa Nacional de Assist\u00eancia Estudantil (PNAES);\r\n\r\n<p>- o Of\u00edcio-Circular n\u00ba 16\/2019\/CGRE\/DIPPES\/SESU\/SESU-MEC, que disserta sobre  Inconformidades e orienta  Boas pr\u00e1ticas de gest\u00e3o, Controles, otimiza\u00e7\u00e3o e efici\u00eancia dos gastos do PNAES;\r\n\r\n<p>- a <a href=\"https:\/\/www.ufsm.br\/pro-reitorias\/proplan\/resolucao-ufsm-n-142-2023\"><font color=\"blue\"><u>Resolu\u00e7\u00e3o UFSM n\u00ba 142, de 29 de setembro de 2023<\/u><\/font><\/a>, que regulamenta o Programa de Benef\u00edcio Socioecon\u00f4mico para estudantes no \u00e2mbito da Universidade Federal de Santa Maria, e revoga as Resolu\u00e7\u00f5es UFSM n\u00b0 007\/2008 e 035\/2015;\r\n\r\n<p>- o <a href=\"https:\/\/www.santamaria.rs.gov.br\/arquivos\/baixar-arquivo\/noticias\/D04-5028.pdf\"><font color=\"blue\"><u> Decreto Executivo n\u00ba 82, de 3 de maio de 2024<\/u><\/font><\/a>,da Prefeitura de Santa Maria - RS, que declara o estado de calamidade p\u00fablica devido \u00e0s tempestades e chuvas intensas no Munic\u00edpio;\r\n\r\n<p>- o <a href=\"https:\/\/www.diariooficial.rs.gov.br\/materia?id=997980\"><font color=\"blue\"><u>Decreto n\u00ba 57.596, de 1\u00ba de Maio de 2024<\/u><\/font><\/a>, do governo do estado do RS, que declara estado de calamidade p\u00fablica no territ\u00f3rio do Estado do Rio Grande do Sul afetado pelos eventos clim\u00e1ticos de chuvas intensas, COBRADE 1.3.2.1.4, ocorridos no per\u00edodo de 24 de abril a 1\u00ba de maio de 2024;\r\n\r\n<p>- o <a href=\"https:\/\/www.legisweb.com.br\/legislacao\/?id=458552\"><font color=\"blue\"><u>Decreto n\u00ba 57.600, de 04 de maio de 2024<\/u><\/font><\/a>, que reitera o estado de calamidade p\u00fablica no territ\u00f3rio do Estado do Rio Grande do Sul afetado pelos eventos clim\u00e1ticos de chuvas intensas, COBRADE 1.3.2.1.4, que ocorrem no per\u00edodo de 24 de abril ao m\u00eas de maio de 2024, e especifica os Munic\u00edpios atingidos;\r\n\r\n<p>- a <a href=\"https:\/\/pesquisa.in.gov.br\/imprensa\/jsp\/visualiza\/index.jsp?jornal=602&amp;pagina=1&amp;data=05\/05\/2024&amp;totalArquivos=2\"><font color=\"blue\"><u>Portaria N\u00ba 1.377, de 05 de maio de 2024<\/u><\/font><\/a>, do Minist\u00e9rio da Integra\u00e7\u00e3o e do Desenvolvimento Regional\/Secretaria Nacional de Prote\u00e7\u00e3o e Defesa Civil, que reconhece, sumariamente, o Estado de Calamidade P\u00fablica em munic\u00edpios do Rio Grande do Sul \u2013 RS;\r\n\r\n<p>- a <a href=\"https:\/\/pesquisa.in.gov.br\/imprensa\/servlet\/INPDFViewer?jornal=603&amp;pagina=1&amp;data=05\/05\/2024&amp;captchafield=firstAccess\"><font color=\"blue\"><u>portaria N\u00ba 1.379, de 05 de maio de 2024<\/u><\/font><\/a>, do Minist\u00e9rio da Integra\u00e7\u00e3o e do Desenvolvimento Regional\/Secretaria Nacional de Prote\u00e7\u00e3o e Defesa Civil, altera a Portaria n\u00ba 1.377, de 5 de maio de 2024, que reconhece, sumariamente, o Estado de Calamidade P\u00fablica em munic\u00edpios do Rio Grande do Sul \u2013 RS;\r\n\r\n<p>- a inexist\u00eancia de Restaurante Universit\u00e1rio no centro de Santa Maria; \r\n\r\n<p>- a necessidade de aux\u00edlio pecuni\u00e1rio e atualiza\u00e7\u00e3o nos valores destinados aos estudantes moradores das Casas de Estudante I, como subs\u00eddio complementar \u00e0 alimenta\u00e7\u00e3o acessada nos Restaurantes Universit\u00e1rios.\r\n\r\n\r\n<br>\r\n<p>RESOLVE:<\/p>\r\n<br>\r\n\r\n<p>Art. 1\u00b0 Alterar o Artigo 2\u00b0 da Instru\u00e7\u00e3o Normativa N. 03\/2022\/PRAE, que passa a ter a seguinte reda\u00e7\u00e3o:<\/p>\r\n\r\n<p>Art 2\u00ba O Aux\u00edlio Calamidade abrange as a\u00e7\u00f5es de moradia e inclus\u00e3o digital adotando os seguintes procedimentos:<\/p>\r\n\r\n<p>\u201cArt. 2\u00b0 Fica estabelecido o aux\u00edlio alimenta\u00e7\u00e3o para estudantes devidamente regularizados na casa de estudante universit\u00e1rio localizada no Centro da Cidade de Santa Maria - CEU I, - no valor de R$ 700,00 (setecentos reais) equivalente aos finais de semana e feriados;\r\n\r\n<p>Art. 2A \u201cNo caso de abertura de servi\u00e7os de alimenta\u00e7\u00e3o destinado aos moradores da CEU I, suspendem-se os aux\u00edlios constantes nos artigos 2\u00b0\u201d. <\/p>\r\n\r\n<p>Art. 3\u00b0 Acrescentar o par\u00e1grafo \u00fanico ao Artigo 3\u00b0 da Instru\u00e7\u00e3o Normativa N. 03\/2022\/PRAE, que passa a ter a seguinte reda\u00e7\u00e3o:<\/p>\r\n\r\n<p>\u201cArt. 3\u00b0 Fica estabelecido o aux\u00edlio alimenta\u00e7\u00e3o no valor de R$ 200,00 ao m\u00eas para bolsistas PAM(Programa de Aux\u00edlio Moradia) do campus Cachoeira do Sul, em raz\u00e3o de manuten\u00e7\u00e3o da suspens\u00e3o de atividades do Restaurante Universit\u00e1rio aos s\u00e1bados e domingos.<\/p>\r\n\r\n<p>V - O\/A estudante que receber o aux\u00edlio dever\u00e1 realizar comprova\u00e7\u00e3o de gastos com moradia e internet ao final de cada m\u00eas, conforme orienta\u00e7\u00f5es previstas no Termo de Acordo;<\/p>\r\n\r\n<p>Art 3\u00ba O Aux\u00edlio Calamidade ser\u00e1 em forma de pec\u00fania no valor de R$ 600,00 (seiscentos reais) mensais e ter\u00e1 prazo de dura\u00e7\u00e3o condicionada \u00e0s seguintes situa\u00e7\u00f5es:<\/p>\r\n\r\n<p>Par\u00e1grafo \u00fanico: O aux\u00edlio alimenta\u00e7\u00e3o que trata o caput deste artigo, ser\u00e1 encerrado quando do fornecimento de kit in natura pelo Restaurante Universit\u00e1rio de Cachoeira do Sul.\u201d<\/p>\r\n\r\n<p>Art. 4\u00b0 Revogar o Artigo 4\u00b0 da Instru\u00e7\u00e3o Normativa N. 03\/2022\/PRAE.<\/p>\r\n\r\n<p>Art. 5\u00b0 Incluir o Artigo 7\u00b0 na Instru\u00e7\u00e3o Normativa N. 03\/2022\/PRAE, com a seguinte reda\u00e7\u00e3o: <\/p>\r\n\r\n<p>\u201cArt. 7\u00b0 \u201cO acesso \u00e0s refei\u00e7\u00f5es n\u00e3o autorizadas implicar\u00e1 na perda do aux\u00edlio alimenta\u00e7\u00e3o, sem preju\u00edzo da responsabiliza\u00e7\u00e3o prevista no c\u00f3digo disciplinar discente\u201d. <\/p>\r\n<p>Art.6\u00b0 Esta Portaria entra em vigor em 05 de junho de 2024, por se tratar de urg\u00eancia justi\ufb01cada no expediente administrativo.<\/p>\r\n<p>\u00a71\u00ba Os pagamentos e os respectivos valores mencionados nesta Portaria ter\u00e3o efeito retroativo ao m\u00eas de maio de 2024, devido aos atrasos t\u00e9cnicos e administrativos causados pela calamidade clim\u00e1tica.<\/p>\r\n\r\n<p>\u00a72\u00ba Havendo qualquer modifica\u00e7\u00e3o legislativa, ou ainda, havendo qualquer situa\u00e7\u00e3o legal que impacte na legalidade da presente Portaria Normativa, a mesma se aplica de imediato.<\/p>\r\n\r\n<br>\r\n<p>Luciano Schuch,<\/p>\r\n<p>Reitor.<\/p>\r\n<br>\r\n\r\n<p><font color=\"red0000\">Este texto n\u00e3o substitui o documento original, publicado no Portal de Documentos. Dispon\u00edvel em: <a href=\"https:\/\/portal.ufsm.br\/documentos\/publico\/documento.html?id=15077733\" target=\"_blank\"><font color=\"blue\">https:\/\/portal.ufsm.br\/documentos\/publico\/documento.html?id=15077733<\/font><\/a>\r\n\r\n \t\t<\/div>\n\t\t\t\t<\/div>\n\t\t\t\t\t<\/div>\n\t\t<\/div>\n\t\t\t\t\t<\/div>\n\t\t<\/section>\n\t\t\t\t<\/div>\n\t\t","protected":false},"excerpt":{"rendered":"<p>PORTARIA NORMATIVA UFSM N\u00b0 082, DE 04 DE JUNHO DE 2024 MINIST\u00c9RIO DA EDUCA\u00c7\u00c3O UNIVERSIDADE FEDERAL DE SANTA MARIA PORTARIA NORMATIVA UFSM N\u00b0 082, DE 04 DE JUNHO DE 2024 Altera a IN N. 03\/2022\/PRAE que revoga a IN N. 01\/2022\/PRAE e altera o Aux\u00edlio Alimenta\u00e7\u00e3o para os moradores da Casa de Estudante do Centro [&hellip;]<\/p>\n","protected":false},"author":4883,"featured_media":0,"parent":0,"menu_order":0,"comment_status":"closed","ping_status":"closed","template":"","meta":{"footnotes":""},"categories":[],"tags":[],"class_list":["post-5814","page","type-page","status-publish","hentry"],"acf":[],"_links":{"self":[{"href":"https:\/\/www.ufsm.br\/pro-reitorias\/proplan\/wp-json\/wp\/v2\/pages\/5814","targetHints":{"allow":["GET"]}}],"collection":[{"href":"https:\/\/www.ufsm.br\/pro-reitorias\/proplan\/wp-json\/wp\/v2\/pages"}],"about":[{"href":"https:\/\/www.ufsm.br\/pro-reitorias\/proplan\/wp-json\/wp\/v2\/types\/page"}],"author":[{"embeddable":true,"href":"https:\/\/www.ufsm.br\/pro-reitorias\/proplan\/wp-json\/wp\/v2\/users\/4883"}],"replies":[{"embeddable":true,"href":"https:\/\/www.ufsm.br\/pro-reitorias\/proplan\/wp-json\/wp\/v2\/comments?post=5814"}],"version-history":[{"count":0,"href":"https:\/\/www.ufsm.br\/pro-reitorias\/proplan\/wp-json\/wp\/v2\/pages\/5814\/revisions"}],"wp:attachment":[{"href":"https:\/\/www.ufsm.br\/pro-reitorias\/proplan\/wp-json\/wp\/v2\/media?parent=5814"}],"wp:term":[{"taxonomy":"category","embeddable":true,"href":"https:\/\/www.ufsm.br\/pro-reitorias\/proplan\/wp-json\/wp\/v2\/categories?post=5814"},{"taxonomy":"post_tag","embeddable":true,"href":"https:\/\/www.ufsm.br\/pro-reitorias\/proplan\/wp-json\/wp\/v2\/tags?post=5814"}],"curies":[{"name":"wp","href":"https:\/\/api.w.org\/{rel}","templated":true}]}}