{"id":5817,"date":"2024-06-06T14:59:37","date_gmt":"2024-06-06T17:59:37","guid":{"rendered":"https:\/\/www.ufsm.br\/pro-reitorias\/proplan\/?page_id=5817"},"modified":"2026-02-02T08:51:29","modified_gmt":"2026-02-02T11:51:29","slug":"resolucao-160-2024","status":"publish","type":"page","link":"https:\/\/www.ufsm.br\/pro-reitorias\/proplan\/resolucao-160-2024","title":{"rendered":"RESOLU\u00c7\u00c3O UFSM N\u00b0 160\/2024"},"content":{"rendered":"\t\t<div data-elementor-type=\"wp-page\" data-elementor-id=\"5817\" class=\"elementor elementor-5817\">\n\t\t\t\t\t\t<section class=\"elementor-section elementor-top-section elementor-element elementor-element-81bde9f elementor-section-boxed elementor-section-height-default elementor-section-height-default\" data-id=\"81bde9f\" data-element_type=\"section\">\n\t\t\t\t\t\t<div class=\"elementor-container elementor-column-gap-default\">\n\t\t\t\t\t<div class=\"elementor-column elementor-col-100 elementor-top-column elementor-element elementor-element-9a95d1e\" data-id=\"9a95d1e\" data-element_type=\"column\">\n\t\t\t<div class=\"elementor-widget-wrap elementor-element-populated\">\n\t\t\t\t\t\t<div class=\"elementor-element elementor-element-4fa6a2f elementor-widget elementor-widget-html\" data-id=\"4fa6a2f\" data-element_type=\"widget\" data-widget_type=\"html.default\">\n\t\t\t\t<div class=\"elementor-widget-container\">\n\t\t\t\r\n\r\n\r\n<title><b>RESOLU\u00c7\u00c3O UFSM N\u00b0 160, DE 04 DE JUNHO DE 2024 <\/b><\/title>\r\n\r\n\r\n<div align=\"center\"><img decoding=\"async\" src=\"https:\/\/www.ufsm.br\/pro-reitorias\/proplan\/wp-content\/uploads\/sites\/344\/2019\/09\/brasao-da-republica-do-brasil-logo.png\" alt=\"Bras\u00e3o Rep\u00fablica Federativa do Brasil\" width=\"6%\" height=\"6%\"><\/div>    \r\n<h1><font color=\"blue\"><font size=\"5\"><div align=\"center\">MINIST\u00c9RIO DA EDUCA\u00c7\u00c3O<\/b><\/font><\/font><\/div><\/H1>\r\n<p><b><font color=\"0000blue\"><div align=\"center\">UNIVERSIDADE FEDERAL DE SANTA MARIA<\/b><\/font><\/div><\/p>\r\n\r\n<p><div align=\"center\"><b><a href=\"https:\/\/portal.ufsm.br\/documentos\/publico\/documento.html?id=15077807\" target=\"_blank\"><font color=\"blue\">RESOLU\u00c7\u00c3O UFSM N\u00b0 160, DE 04 DE JUNHO DE 2024 <\/font><\/a><\/b><\/div><\/p>\r\n<br>\r\n\r\n\r\n\r\n<p style=\"margin-left: 9cm;text-align: justify;color: #800000\">Institui a categoria de Estudante Especial de Gradua\u00e7\u00e3o no \u00e2mbito da Universidade Federal de Santa Maria (UFSM) e revoga a Resolu\u00e7\u00e3o n\u00b0 013\/1999 e o \u00a71\u00b0 do art. 4\u00b0 da Resolu\u00e7\u00e3o n\u00b0 025\/1990.\r\n<\/p>\r\n\r\n\r\n<p>Alterada pela  pela <a><font color=\"blue\"><u> Resolu\u00e7\u00e3o UFSM N\u00b0 176\/2024 <\/u><\/font><\/a>\r\n\r\n<br>\r\n  \r\n<p>O REITOR DA UNIVERSIDADE FEDERAL DE SANTA MARIA, no uso de suas atribui\u00e7\u00f5es legais e estatut\u00e1rias e considerando:<\/p>\r\n\r\n<p>- a Constitui\u00e7\u00e3o da Rep\u00fablica Federativa do Brasil de 1988, de 05 de outubro de 1988 <a href=\"http:\/\/www.planalto.gov.br\/ccivil_03\/constituicao\/constituicao.htm\" target=\"_blank\"><font color=\"blue\"><u>Constitui\u00e7\u00e3o da Rep\u00fablica Federativa do Brasil de 1988, de 05 de outubro de 1988<\/u><\/font><\/a>;<\/p>\r\n\r\n<p>- a <a href=\"http:\/\/www.planalto.gov.br\/ccivil_03\/leis\/l8112cons.htm\" target=\"_blank\"><font color=\"blue\"><u>Lei n\u00b0 8.112, de 11 de dezembro de 1990<\/u><\/font><\/a>, que disp\u00f5e sobre o regime jur\u00eddico dos servidores p\u00fablicos civis da Uni\u00e3o, das autarquias e das funda\u00e7\u00f5es p\u00fablicas federais;<\/p>\r\n\r\n<p>- a <a href=\"http:\/\/www.planalto.gov.br\/ccivil_03\/leis\/l9394.htm\" target=\"_blank\"><font color=\"blue\"><u>Lei n\u00b0 9.394, de 20 de dezembro de 1996<\/u><\/font><\/a>, que estabelece as diretrizes e bases da educa\u00e7\u00e3o nacional e suas altera\u00e7\u00f5es;<\/p>\r\n\r\n<p>- a <a href=\"http:\/\/www.planalto.gov.br\/ccivil_03\/leis\/lcp\/lcp95.htm\" target=\"_blank\"><font color=\"blue\"><u>Lei Complementar n\u00b0 95, de 26 de fevereiro de 1998<\/u><\/font><\/a>, que disp\u00f5e sobre a elabora\u00e7\u00e3o, a reda\u00e7\u00e3o, a altera\u00e7\u00e3o e a consolida\u00e7\u00e3o das leis, conforme determina o Par\u00e1grafo \u00danico do Art. 59 da <a href=\"http:\/\/www.planalto.gov.br\/ccivil_03\/constituicao\/constituicao.htm\" target=\"_blank\"><font color=\"blue\"><u>Constitui\u00e7\u00e3o Federal<\/u><\/font><\/a>, e estabelece normas para a consolida\u00e7\u00e3o dos atos normativos que menciona;<\/p>\r\n\r\n<p>- o <a href=\"http:\/\/www.planalto.gov.br\/ccivil_03\/_ato2015-2018\/2017\/decreto\/D9191.htm\" target=\"_blank\"><font color=\"blue\"><u>Decreto n\u00b0 9.191, de 1\u00b0 de novembro de 2017<\/u><\/font><\/a>, que estabelece as normas e as diretrizes para elabora\u00e7\u00e3o, reda\u00e7\u00e3o, altera\u00e7\u00e3o, consolida\u00e7\u00e3o e encaminhamento de propostas de atos normativos ao Presidente da Rep\u00fablica pelos Ministros de Estado;<\/p>\r\n\r\n<p>- o <a href=\"http:\/\/www.planalto.gov.br\/ccivil_03\/_ato2019-2022\/2019\/decreto\/D10139.htm\" target=\"_blank\"><font color=\"blue\"><u>Decreto n\u00b0 10.139, de 28 de novembro de 2019<\/u><\/font><\/a>, que disp\u00f5e sobre a revis\u00e3o e a consolida\u00e7\u00e3o de atos normativos inferiores a decreto;<\/p>\r\n\r\n<p>- o <a href=\"https:\/\/www.ufsm.br\/pro-reitorias\/proplan\/estatuto-ufsm-2010\/\" target=\"_blank\"><font color=\"blue\"><u>Estatuto da Universidade Federal de Santa Maria<\/u><\/font><\/a> com as adequa\u00e7\u00f5es aprovadas pela <a href=\"https:\/\/www.ufsm.br\/pro-reitorias\/proplan\/resolucao-n-037-2010\/\" target=\"_blank\"><font color=\"blue\"><u>Resolu\u00e7\u00e3o UFSM n\u00b0 037, de 30 de novembro de 2010<\/u><\/font><\/a>, aprovado pela <a href=\"https:\/\/pesquisa.in.gov.br\/imprensa\/jsp\/visualiza\/index.jsp?data=13\/03\/2014&amp;jornal=1&amp;pagina=43&amp;totalArquivos=100\" target=\"_blank\"><font color=\"blue\"><u>Portaria n\u00b0 156, de 12 de mar\u00e7o de 2014<\/u><\/font><\/a>, e publicado no Di\u00e1rio Oficial da Uni\u00e3o em 13 de mar\u00e7o de 2014; <\/p>\r\n\r\n<p>- a <a href=\"https:\/\/www.planalto.gov.br\/ccivil_03\/_ato2015-2018\/2016\/lei\/l13267.htm\" target=\"_blank\"><font color=\"blue\"><u>Lei n\u00b0 13.267, de 06 de abril de 2016<\/u><\/font><\/a>, que disciplina a cria\u00e7\u00e3o e a organiza\u00e7\u00e3o das associa\u00e7\u00f5es denominadas empresas juniores, com funcionamento perante institui\u00e7\u00f5es de ensino superior;<\/p>\r\n\r\n<p>- o <a href=\"https:\/\/www.ufsm.br\/pro-reitorias\/proplan\/estatuto-ufsm-2010\/\" target=\"_blank\"><font color=\"blue\"><u>Estatuto da Universidade Federal de Santa Maria<\/u><\/font><\/a>, com as adequa\u00e7\u00f5es aprovadas pela <a href=\"https:\/\/www.ufsm.br\/pro-reitorias\/proplan\/resolucao-n-037-2010\/\" target=\"_blank\"><font color=\"blue\"><u>Resolu\u00e7\u00e3o UFSM n\u00b0 037, de 30 de novembro de 2010<\/u><\/font><\/a>, aprovado pela <a href=\"https:\/\/pesquisa.in.gov.br\/imprensa\/jsp\/visualiza\/index.jsp?data=13\/03\/2014&amp;jornal=1&amp;pagina=43&amp;totalArquivos=100\" target=\"_blank\"><font color=\"blue\"><u>Portaria n\u00b0 156, de 12 de mar\u00e7o de 2014<\/u><\/font><\/a>, e publicado no Di\u00e1rio Oficial da Uni\u00e3o em 13 de mar\u00e7o de 2014; e,\r\n\r\n<p>- o <a href=\"https:\/\/www.ufsm.br\/pro-reitorias\/proplan\/regimento-geral-da-ufsm-2011\/\" target=\"_blank\"><font color=\"blue\"><u>Regimento da UFSM<\/u><\/font><\/a>, disposto na <a href=\"https:\/\/www.ufsm.br\/pro-reitorias\/proplan\/resolucao-n-006-2011\/\" target=\"_blank\"><font color=\"blue\"><u>Resolu\u00e7\u00e3o UFSM N. 006\/2011<\/u><\/font><\/a>, atualizado pela <a href=\"https:\/\/www.ufsm.br\/pro-reitorias\/proplan\/resolucao-n-016-2019\/\" target=\"_blank\"><font color=\"blue\"><u>Resolu\u00e7\u00e3o UFSM N. 016\/2019<\/u><\/font><\/a>;<\/p>\r\n\r\n<p>- a <a href=\"https:\/\/www.ufsm.br\/pro-reitorias\/proplan\/resolucao-n-037-2019#:~:text=Regula%20a%20estrutura%20e%20organiza\u00e7\u00e3o,Avalia\u00e7\u00e3o%20da%20Educa\u00e7\u00e3o%20Superior%20\u2013%20SINAES.\" target=\"_blank\"><font color=\"blue\"><u>Resolu\u00e7\u00e3o UFSM n\u00b0 037, de 22 de novembro de 2019<\/u><\/font><\/a>, que regula a estrutura e organiza\u00e7\u00e3o da Educa\u00e7\u00e3o a Dist\u00e2ncia na UFSM e revoga as disposi\u00e7\u00f5es em contr\u00e1rio;<\/p>\r\n\r\n<p>- a <a href=\"https:\/\/www.ufsm.br\/pro-reitorias\/proplan\/resolucao-n-029-2020\" target=\"_blank\"><font color=\"blue\"><u>Resolu\u00e7\u00e3o UFSM n\u00b0 029, de 05 de novembro de 2020<\/u><\/font><\/a>, que aprova a consolida\u00e7\u00e3o dos Cursos de Gradua\u00e7\u00e3o (Licenciatura e Bacharelado), com situa\u00e7\u00e3o \u201cem atividade\u201d, em cada Unidade de Ensino, da Universidade Federal de Santa Maria (UFSM), em decorr\u00eancia do disposto no Decreto n\u00b0 10.139, de 28 de novembro de 2019; <\/p>\r\n\r\n<p>- a <a href=\"https:\/\/www.ufsm.br\/pro-reitorias\/proplan\/resolucao-ufsm-n-054-2021\"><font color=\"blue\"><u>Resolu\u00e7\u00e3o UFSM N. 054, de 1\u00ba de junho de 2021<\/u><\/font><\/a>, que regulamenta a proposi\u00e7\u00e3o e a emiss\u00e3o de Atos Normativos no \u00e2mbito da Universidade Federal de Santa Maria;\r\n\r\n<p>- a <a href=\"https:\/\/www.ufsm.br\/pro-reitorias\/proplan\/resolucao-n-025-1990\" target=\"_blank\"><font color=\"blue\"><u> Resolu\u00e7\u00e3o UFSM n\u00b0 025, de 06 de dezembro de 1990<\/u><\/font><\/a>,que disp\u00f5e sobre a cria\u00e7\u00e3o, oferecimento e matr\u00edcula de Atividades Complementares de Cursos de Gradua\u00e7\u00e3o da UFSM e d\u00e1 outras provid\u00eancias;<\/p>\r\n\r\n<p>- a <a href=\"https:\/\/www.ufsm.br\/pro-reitorias\/proplan\/resolucao-n-027-2020#:~:text=Aprova%20o%20Regulamento%20que%20normatiza,de%20Santa%20Maria%20(UFSM).\" target=\"_blank\"><font color=\"blue\"><u>Resolu\u00e7\u00e3o UFSM n\u00b0 027, de 28 de setembro de 2020<\/u><\/font><\/a>, que aprova o Regulamento que normatiza a cria\u00e7\u00e3o e organiza\u00e7\u00e3o das empresas juniores na Universidade Federal de Santa Maria (UFSM);<\/p>\r\n\r\n<p>- a <a href=\"https:\/\/www.ufsm.br\/pro-reitorias\/proplan\/resolucao-n-013-1999\" target=\"_blank\"><font color=\"blue\"><u>Resolu\u00e7\u00e3o UFSM n\u00b0 013, de 05 de outubro de 1999<\/u><\/font><\/a>, que disp\u00f5e sobre a Categoria de Aluno Especial I na Universidade Federal de Santa Maria.<\/p>\r\n\r\n<p> - o <a href=\"http:\/\/portal.mec.gov.br\/cne\/arquivos\/pdf\/2007\/pces101_07.pdf\"><font color=\"blue\"><u>Parecer n\u00b0 365 da C\u00e2mara de Educa\u00e7\u00e3o Superior do Conselho Nacional da Educa\u00e7\u00e3o do Minist\u00e9rio da Educa\u00e7\u00e3o (CES\/CNE\/MEC), de 12 de janeiro de 2004,<\/u><\/font><\/a> que orienta a respeito de consulta sobre a legalidade de transfer\u00eancia de aluno de um estabelecimento de ensino para outro, durante o 1\u00b0 semestre do curso, e em vagas iniciais remanescentes dos classificados em processo seletivo;\r\n\r\n\r\n<p>- o <a href=\"http:\/\/portal.mec.gov.br\/cne\/arquivos\/pdf\/2007\/pces101_07.pdf\" target=\"_blank\"><font color=\"blue\"><u>Parecer n\u00b0 101 da CES\/CNE\/MEC, de 09 de julho de 2007,<\/u><\/font><\/a>,  que orienta a respeito de consulta sobre a oferta de disciplinas isoladas pelas institui\u00e7\u00f5es de ensino superior e a normatiza\u00e7\u00e3o do art. 50 da LDB; e<\/p>\r\n\r\n\r\n<p>- o Parecer n\u00b0 001\/2024 da Comiss\u00e3o de Legisla\u00e7\u00e3o e Normas (CLN), aprovado na  996\u00aa Sess\u00e3o do Conselho de Ensino, Pesquisa e Extens\u00e3o (CEPE), de 19 de abril de 2024, referente ao Processo n\u00b0 <a href=\"https:\/\/portal.ufsm.br\/documentos\/publico\/processo\/documento.html?idDocumento=14717759\" target=\"_blank\"><font color=\"blue\"><u>23081.083224\/2023-96<\/u><\/font><\/a>;<\/p>\r\n\r\n\r\n\r\n<br>\r\n<p>RESOLVE:<\/p>\r\n<br>\r\n\r\n\r\n<p>Art. 1\u00b0 Instituir a categoria de Estudante Especial de Gradua\u00e7\u00e3o no \u00e2mbito da Universidade Federal de Santa Maria (UFSM) e revogar a <a href=\"https:\/\/www.ufsm.br\/pro-reitorias\/proplan\/resolucao-n-013-1999\" target=\"_blank\"><font color=\"blue\"><u>Resolu\u00e7\u00e3o n\u00b0 013\/1999<\/u><\/font><\/a> e o \u00a7 1\u00ba do Artigo 4\u00ba da <a href=\"https:\/\/www.ufsm.br\/pro-reitorias\/proplan\/resolucao-n-025-1990\" target=\"_blank\"><font color=\"blue\"><u>Resolu\u00e7\u00e3o n\u00b0 025\/1990<\/u><\/font><\/a>.\r\n<p>\u00a7 1\u00b0 Considera-se Estudante Especial de Gradua\u00e7\u00e3o o(a) estudante aprovado(a) em processo seletivo espec\u00edfico publicado pela Pr\u00f3-Reitoria de Gradua\u00e7\u00e3o, o qual prev\u00ea v\u00ednculo com disciplina(s) de determinado(s) Curso(s) de Gradua\u00e7\u00e3o, por 1 (um) semestre letivo, por\u00e9m sem gerar v\u00ednculo com o (s) Curso (s) de Gradua\u00e7\u00e3o e sem a possibilidade de se diplomar, sob esta condi\u00e7\u00e3o.\r\n<p>\u00a7 2\u00b0 O(a) candidato(a) na categoria de Estudante Especial de Gradua\u00e7\u00e3o dever\u00e1 comprovar, em inscri\u00e7\u00e3o por meio de edital de processo seletivo espec\u00edfico, a conclus\u00e3o do Ensino M\u00e9dio (ou equivalente), ou a conclus\u00e3o de Curso T\u00e9cnico ou Superior.\r\n<p>\u00a7 3\u00b0 Atendendo a todas as exig\u00eancias previstas em edital de sele\u00e7\u00e3o espec\u00edfico, a solicita\u00e7\u00e3o em disciplina(s) na categoria de Estudante Especial de Gradua\u00e7\u00e3o estar\u00e1 condicionada \u00e0s seguintes situa\u00e7\u00f5es:\r\n<p>I \u2013 um(a) mesmo(a) Estudante Especial de Gradua\u00e7\u00e3o poder\u00e1 cursar at\u00e9 04 (quatro) disciplinas por semestre;\r\n<p>II \u2013 um(a) mesmo(a) Estudante Especial de Gradua\u00e7\u00e3o poder\u00e1 cursar, no m\u00e1ximo, 12 (doze) disciplinas por Curso  de Gradua\u00e7\u00e3o; e,\r\n<p>III \u2013 respeitando-se os itens I e II do presente artigo, os candidatos poder\u00e3o cursar as disciplinas na categoria de Estudante Especial de Gradua\u00e7\u00e3o, no formato de Trilhas Especiais de Gradua\u00e7\u00e3o, conforme prev\u00ea o Cap\u00edtulo III desta Resolu\u00e7\u00e3o. \r\n<p>\u00a7 4\u00b0 Ser\u00e1 assegurado ao aluno matriculado como aluno especial acesso \u00e0s bibliotecas Central e Setoriais e ao Restaurante Universit\u00e1rio.<\/p>\r\n\r\n<br>\r\n<p>CAP\u00cdTULO I<\/p>\r\n<p>DA OFERTA DE DISCIPLINAS PARA ESTUDANTE ESPECIAL DE GRADUA\u00c7\u00c3O<\/p>\r\n<br>\r\n\r\n<p>Art. 2\u00b0 Excetuando as disciplinas previstas no Cap\u00edtulo III desta Resolu\u00e7\u00e3o, os cursos de gradua\u00e7\u00e3o dever\u00e3o prever na oferta de disciplinas do curso quais delas estar\u00e3o dispon\u00edveis para solicita\u00e7\u00e3o na categoria de Estudante Especial de Gradua\u00e7\u00e3o.\r\n<p>\u00a7 1\u00b0 Os cursos dever\u00e3o consultar previamente os(as) docentes ministrantes das disciplinas, bem como os Departamentos Did\u00e1ticos e Dire\u00e7\u00f5es de Unidade, al\u00e9m de avaliar a estrutura e os pr\u00e9-requisitos estabelecidos no Projeto Pedag\u00f3gico de Curso, para possibilitar a oferta de disciplina para esta categoria.\r\n<p>\u00a7 2\u00b0 Quanto a oferta de disciplinas para Estudante Especial de Gradua\u00e7\u00e3o, n\u00e3o ser\u00e1 permitida aos cursos de gradua\u00e7\u00e3o a:\r\n<p>I - exclus\u00e3o de oferta das disciplinas previamente indicadas como aptas para a solicita\u00e7\u00e3o na categoria de Estudante Especial, ap\u00f3s a publica\u00e7\u00e3o do edital; \r\n<p>II - redu\u00e7\u00e3o na oferta geral de vagas das disciplinas previamente indicadas como aptas para a solicita\u00e7\u00e3o na categoria de Estudante Especial de Gradua\u00e7\u00e3o, ap\u00f3s a publica\u00e7\u00e3o do edital; e,\r\n<p>III - oferta das disciplinas de Est\u00e1gio Supervisionado, Trabalho Final ou de Conclus\u00e3o de Curso, Pr\u00e1ticas de Ensino e\/ou equivalentes. <\/p>\r\n\r\n<br>\r\n<p>CAP\u00cdTULO II<\/p>\r\n<p>DA MATR\u00cdCULA EM DISCIPLINAS PARA ESTUDANTE ESPECIAL DE GRADUA\u00c7\u00c3O<\/p>\r\n<br>\r\n\r\n<p> Art. 3\u00b0 A matr\u00edcula em disciplina(s) na categoria de Estudante Especial de Gradua\u00e7\u00e3o est\u00e1 condicionada \u00e0 an\u00e1lise documental dos(as) candidatos(as) conforme os dispositivos desta resolu\u00e7\u00e3o e as condi\u00e7\u00f5es estabelecidas em edital.\r\n\r\n<p>Art. 4\u00b0 A matr\u00edcula em disciplina(s) na categoria de Estudante Especial de Gradua\u00e7\u00e3o ser\u00e1 concedida pela Coordena\u00e7\u00e3o do Curso.\r\n\r\n<p>\u00a7 1\u00b0 Os cursos ter\u00e3o autonomia, considerando as disponibilidades institucionais, para definir o n\u00famero de vagas destinadas \u00e0 categoria de Estudante Especial de Gradua\u00e7\u00e3o.\r\n<p>\u00a7 2\u00b0 Havendo mais de um(a) candidato(a) com solicita\u00e7\u00e3o de matr\u00edcula aprovada para a mesma vaga, ter\u00e1 prioridade na efetiva\u00e7\u00e3o de matr\u00edcula o(a) candidato(a) com mais idade.\r\n<p>\u00a7 3\u00b0 Para os casos em que mais de uma disciplina tenha sido deferida, ser\u00e1 seguida a ordem de prioridade estabelecida pelo(a) candidato(a) no ato da inscri\u00e7\u00e3o.\r\n\r\n<p>Art. 5\u00b0 Ser\u00e1 fornecido Hist\u00f3rico Escolar da(s) disciplina(s) cursada(s) como comprovante de participa\u00e7\u00e3o na categoria de Estudante Especial de Gradua\u00e7\u00e3o categorizada por esta resolu\u00e7\u00e3o.\r\n\r\n<p>Par\u00e1grafo \u00fanico. A(s) disciplina(s) conclu\u00edda(s) com a respectiva aprova\u00e7\u00e3o por Estudante Especial de Gradua\u00e7\u00e3o poder\u00e3o ser utilizadas para fins aproveitamento de estudos de mesmo n\u00edvel ap\u00f3s o ingresso como aluno(a) regular em curso de gradua\u00e7\u00e3o, sujeitando-se a requerimento nos termos do regramento institucional espec\u00edfico.<\/p>\r\n\r\n<br>\r\n<p>CAP\u00cdTULO III<\/p>\r\n<p>DA TRILHA ESPECIAL DE GRADUA\u00c7\u00c3O<\/p>\r\n<br>\r\n\r\n<p> Art. 6\u00b0 Considera-se Trilha Especial de Gradua\u00e7\u00e3o um programa espec\u00edfico composto por, no m\u00ednimo, 02 (duas) disciplinas com aspectos transversais e complementares em seu conte\u00fado.\r\n<p>\u00a7 1\u00b0 As Unidades de Ensino poder\u00e3o propor as Trilhas Especiais de Gradua\u00e7\u00e3o, em conformidade com os dispositivos desta Resolu\u00e7\u00e3o e instru\u00e7\u00f5es da Pr\u00f3-Reitoria de Gradua\u00e7\u00e3o.\r\n<p>\u00a7 2\u00b0 As Trilhas Especiais de Gradua\u00e7\u00e3o poder\u00e3o ter car\u00e1ter interdisciplinar, sendo propostas, de forma integrada, por mais de uma Unidade de Ensino e\/ou Curso de Gradua\u00e7\u00e3o.\r\n<p>\u00a7 3\u00b0 As sele\u00e7\u00f5es de Estudantes Especiais de Gradua\u00e7\u00e3o para o acesso \u00e0s Trilhas Especiais de Gradua\u00e7\u00e3o ser\u00e3o reguladas por editais espec\u00edficos.\r\n<p>\u00a7 4\u00b0 O(a) Estudante Especial de Gradua\u00e7\u00e3o que concluir a trilha na qual est\u00e1 matriculado(a) far\u00e1 jus a uma certifica\u00e7\u00e3o espec\u00edfica.<\/p>\r\n\r\n<br>\r\n<p>CAP\u00cdTULO IV<\/p>\r\n<p>DAS DISPOSI\u00c7\u00d5ES GERAIS<\/p>\r\n<br>\r\n\r\n<p> Art. 7\u00b0 Demais casos n\u00e3o previstos na presente resolu\u00e7\u00e3o e nos demais dispositivos legais ser\u00e3o analisados pela Pr\u00f3-Reitoria de Gradua\u00e7\u00e3o (PROGRAD).\r\n<p>Art. 7A. Os(As) alunos(as) matriculados(as) na modalidade de estudante especial, previstos nesta Resolu\u00e7\u00e3o, n\u00e3o ter\u00e3o direito aos aux\u00edlios indicados na <a href=\"https:\/\/www.ufsm.br\/pro-reitorias\/proplan\/resolucao-ufsm-n-176-2024\" target=\"_blank\"><font color=\"blue\"><u>Resolu\u00e7\u00e3o UFSM N\u00b0 176\/2024, de 03 de outubro de 2024<\/u><\/font><\/a>, exceto quando vinculados(as) a projetos na Institui\u00e7\u00e3o. (Reda\u00e7\u00e3o dada  pela <a href=\"https:\/\/www.ufsm.br\/pro-reitorias\/proplan\/resolucao-ufsm-n-176-2024\" target=\"_blank\"><font color=\"blue\"><u>Resolu\u00e7\u00e3o UFSM N\u00b0 176, de 03 de outubro de 2024<\/u><\/font><\/a>.\r\n<p>Art. 8\u00b0 Caber\u00e1:\r\n<p>I \u2013 \u00e0 Pr\u00f3-Reitoria de Gradua\u00e7\u00e3o (PROGRAD) o gerenciamento de todos os processos relativos \u00e0 categoria de Estudante Especial de Gradua\u00e7\u00e3o previstos nesta resolu\u00e7\u00e3o;\r\n<p>II - ao Departamento de Arquivo Geral (DAG) o tratamento dos documentos relativos ao cadastro discente na categoria de Estudante Especial de Gradua\u00e7\u00e3o; e,\r\n<p>III - ao Centro de Processamento de Dados (CPD) as adequa\u00e7\u00f5es necess\u00e1rias nos sistemas institucionais.\r\n<p>Art.  9\u00b0 Esta Resolu\u00e7\u00e3o entra em vigor em 06 de junho de 2024, por se tratar de urg\u00eancia solicitada no expediente administrativo, de acordo com o que prev\u00ea o art. 4\u00b0 do <a href=\"https:\/\/www.planalto.gov.br\/ccivil_03\/_ato2019-2022\/2019\/decreto\/d10139.htm\" target=\"_blank\"><font color=\"blue\"><u>Decreto n\u00b0 10.139, de 28 de novembro de 2019 <\/u><\/font><\/a>, revogando:\r\n<p>I - o \u00a7 1\u00b0 do art. 4\u00b0 da <a href=\"https:\/\/www.ufsm.br\/pro-reitorias\/proplan\/resolucao-n-025-1990\" target=\"_blank\"><font color=\"blue\"><u>Resolu\u00e7\u00e3o n\u00b0 025\/1990, de 06 de dezembro de 1990<\/u><\/font><\/a>,  que disp\u00f5e sobre a cria\u00e7\u00e3o, oferecimento e matr\u00edcula de Atividades Complementares de Cursos de Gradua\u00e7\u00e3o da UFSM e d\u00e1 outras      provid\u00eancias,\r\n<p>II - a <a href=\"https:\/\/www.ufsm.br\/pro-reitorias\/proplan\/resolucao-n-013-2015\" target=\"_blank\"><font color=\"blue\"><u>Resolu\u00e7\u00e3o UFSM n\u00b0 013, de 05 de outubro de 1999<\/u><\/font><\/a>, que disp\u00f5e sobre a Categoria de Aluno Especial I na Universidade Federal de Santa Maria.\r\n<p>Par\u00e1grafo \u00fanico. Havendo qualquer modifica\u00e7\u00e3o legislativa, ou ainda, havendo qualquer situa\u00e7\u00e3o legal que impacte na legalidade da presente Resolu\u00e7\u00e3o, a mesma se aplica de imediato.<\/p>\r\n\r\n\r\n<br>\r\n<p>Luciano Schuch<\/p>\r\n<p>Reitor<\/p>\r\n<br>\r\n<p><font color=\"red0000\">Este texto n\u00e3o substitui o documento original, publicado no Portal de Documentos.<\/font> Dispon\u00edvel em: <a href=\"https:\/\/portal.ufsm.br\/documentos\/publico\/documento.html?id=15077807\"><font color=\"blue\">https:\/\/portal.ufsm.br\/documentos\/publico\/documento.html?id=15077807\r\n\t\t<\/div>\n\t\t\t\t<\/div>\n\t\t\t\t\t<\/div>\n\t\t<\/div>\n\t\t\t\t\t<\/div>\n\t\t<\/section>\n\t\t\t\t<\/div>\n\t\t","protected":false},"excerpt":{"rendered":"<p>RESOLU\u00c7\u00c3O UFSM N\u00b0 160, DE 04 DE JUNHO DE 2024 MINIST\u00c9RIO DA EDUCA\u00c7\u00c3O UNIVERSIDADE FEDERAL DE SANTA MARIA RESOLU\u00c7\u00c3O UFSM N\u00b0 160, DE 04 DE JUNHO DE 2024 Institui a categoria de Estudante Especial de Gradua\u00e7\u00e3o no \u00e2mbito da Universidade Federal de Santa Maria (UFSM) e revoga a Resolu\u00e7\u00e3o n\u00b0 013\/1999 e o \u00a71\u00b0 do [&hellip;]<\/p>\n","protected":false},"author":4883,"featured_media":0,"parent":0,"menu_order":0,"comment_status":"closed","ping_status":"closed","template":"","meta":{"footnotes":""},"categories":[],"tags":[],"class_list":["post-5817","page","type-page","status-publish","hentry"],"acf":[],"_links":{"self":[{"href":"https:\/\/www.ufsm.br\/pro-reitorias\/proplan\/wp-json\/wp\/v2\/pages\/5817","targetHints":{"allow":["GET"]}}],"collection":[{"href":"https:\/\/www.ufsm.br\/pro-reitorias\/proplan\/wp-json\/wp\/v2\/pages"}],"about":[{"href":"https:\/\/www.ufsm.br\/pro-reitorias\/proplan\/wp-json\/wp\/v2\/types\/page"}],"author":[{"embeddable":true,"href":"https:\/\/www.ufsm.br\/pro-reitorias\/proplan\/wp-json\/wp\/v2\/users\/4883"}],"replies":[{"embeddable":true,"href":"https:\/\/www.ufsm.br\/pro-reitorias\/proplan\/wp-json\/wp\/v2\/comments?post=5817"}],"version-history":[{"count":0,"href":"https:\/\/www.ufsm.br\/pro-reitorias\/proplan\/wp-json\/wp\/v2\/pages\/5817\/revisions"}],"wp:attachment":[{"href":"https:\/\/www.ufsm.br\/pro-reitorias\/proplan\/wp-json\/wp\/v2\/media?parent=5817"}],"wp:term":[{"taxonomy":"category","embeddable":true,"href":"https:\/\/www.ufsm.br\/pro-reitorias\/proplan\/wp-json\/wp\/v2\/categories?post=5817"},{"taxonomy":"post_tag","embeddable":true,"href":"https:\/\/www.ufsm.br\/pro-reitorias\/proplan\/wp-json\/wp\/v2\/tags?post=5817"}],"curies":[{"name":"wp","href":"https:\/\/api.w.org\/{rel}","templated":true}]}}