{"id":5820,"date":"2024-06-06T16:15:16","date_gmt":"2024-06-06T19:15:16","guid":{"rendered":"https:\/\/www.ufsm.br\/pro-reitorias\/proplan\/?page_id=5820"},"modified":"2025-08-19T15:06:17","modified_gmt":"2025-08-19T18:06:17","slug":"resolucao-ufsm-n-159-2024","status":"publish","type":"page","link":"https:\/\/www.ufsm.br\/pro-reitorias\/proplan\/resolucao-ufsm-n-159-2024","title":{"rendered":"RESOLU\u00c7\u00c3O UFSM N\u00b0 159\/2024"},"content":{"rendered":"\t\t<div data-elementor-type=\"wp-page\" data-elementor-id=\"5820\" class=\"elementor elementor-5820\">\n\t\t\t\t\t\t<section class=\"elementor-section elementor-top-section elementor-element elementor-element-9292908 elementor-section-boxed elementor-section-height-default elementor-section-height-default\" data-id=\"9292908\" data-element_type=\"section\">\n\t\t\t\t\t\t<div class=\"elementor-container elementor-column-gap-default\">\n\t\t\t\t\t<div class=\"elementor-column elementor-col-100 elementor-top-column elementor-element elementor-element-982eb35\" data-id=\"982eb35\" data-element_type=\"column\">\n\t\t\t<div class=\"elementor-widget-wrap elementor-element-populated\">\n\t\t\t\t\t\t<div class=\"elementor-element elementor-element-e5d9f3d elementor-widget elementor-widget-html\" data-id=\"e5d9f3d\" data-element_type=\"widget\" data-widget_type=\"html.default\">\n\t\t\t\t<div class=\"elementor-widget-container\">\n\t\t\t\r\n\r\n\r\n<title><b>RESOLU\u00c7\u00c3O UFSM N. 159, DE 29 DE MAIO DE 2024 <\/b><\/title>\r\n\r\n\r\n<div align=\"center\"><img decoding=\"async\" src=\"https:\/\/www.ufsm.br\/pro-reitorias\/proplan\/wp-content\/uploads\/sites\/344\/2019\/09\/brasao-da-republica-do-brasil-logo.png\" alt=\"Bras\u00e3o Rep\u00fablica Federativa do Brasil\" width=\"6%\" height=\"6%\"><\/div>    \r\n<h1><font color=\"blue\"><font size=\"5\"><div align=\"center\">MINIST\u00c9RIO DA EDUCA\u00c7\u00c3O<\/b><\/font><\/font><\/div><\/H1>\r\n<p><b><font color=\"0000blue\"><div align=\"center\">UNIVERSIDADE FEDERAL DE SANTA MARIA<\/b><\/font><\/div><\/p>\r\n\r\n<p><div align=\"center\"><b><a href=\"https:\/\/portal.ufsm.br\/documentos\/publico\/documento.html?id=15077939\" target=\"_blank\"><font color=\"blue\">RESOLU\u00c7\u00c3O UFSM N\u00b0 159, DE 29 DE MAIO DE 2024 <\/font><\/a><\/b><\/div><\/p>\r\n<br>\r\n\r\n<p style=\"margin-left: 9cm;text-align: justify;color: #800000\">Aprova o plano acad\u00eamico da empresa j\u00fanior \u201cRenove J\u00fanior Solu\u00e7\u00f5es Ambientais\u201d vinculada aos cursos de Engenharia Qu\u00edmica e Engenharia Ambiental e Sanit\u00e1ria do Centro de Tecnologia (CT) da Universidade Federal de Santa Maria.\r\n<\/p>\r\n\r\n\r\n\r\n\r\n<br><div align=\"justify\">\r\n<p>O REITOR DA UNIVERSIDADE FEDERAL DE SANTA MARIA, no uso de suas atribui\u00e7\u00f5es legais e estatut\u00e1rias e considerando:<\/p>\r\n\r\n<p>- o artigo 207, caput, da <a href=\"http:\/\/www.planalto.gov.br\/ccivil_03\/constituicao\/constituicao.htm\" target=\"_blank\"><font color=\"blue\"><u>Constitui\u00e7\u00e3o da Rep\u00fablica Federativa do Brasil de 1988, de 05 de outubro de 1988<\/u><\/font><\/a>;<\/p>\r\n\r\n<p>- a <a href=\"http:\/\/www.planalto.gov.br\/ccivil_03\/leis\/l8112cons.htm\" target=\"_blank\"><font color=\"blue\"><u>Lei n\u00b0 8.112, de 11 de dezembro de 1990<\/u><\/font><\/a>, que disp\u00f5e sobre o regime jur\u00eddico dos servidores p\u00fablicos civis da Uni\u00e3o, das autarquias e das funda\u00e7\u00f5es p\u00fablicas federais;<\/p>\r\n\r\n<p>- a <a href=\"http:\/\/www.planalto.gov.br\/ccivil_03\/leis\/l9394.htm\" target=\"_blank\"><font color=\"blue\"><u>Lei n\u00b0 9.394, de 20 de dezembro de 1996<\/u><\/font><\/a>, que estabelece as diretrizes e bases da educa\u00e7\u00e3o nacional e suas altera\u00e7\u00f5es;<\/p>\r\n\r\n<p>- a <a href=\"http:\/\/www.planalto.gov.br\/ccivil_03\/leis\/lcp\/lcp95.htm\" target=\"_blank\"><font color=\"blue\"><u>Lei Complementar n\u00b0 95, de 26 de fevereiro de 1998<\/u><\/font><\/a>, que disp\u00f5e sobre a elabora\u00e7\u00e3o, a reda\u00e7\u00e3o, a altera\u00e7\u00e3o e a consolida\u00e7\u00e3o das leis, conforme determina o Par\u00e1grafo \u00danico do Art. 59 da <a href=\"http:\/\/www.planalto.gov.br\/ccivil_03\/constituicao\/constituicao.htm\" target=\"_blank\"><font color=\"blue\"><u>Constitui\u00e7\u00e3o Federal<\/u><\/font><\/a>, e estabelece normas para a consolida\u00e7\u00e3o dos atos normativos que menciona;<\/p>\r\n\r\n<p>- o <a href=\"http:\/\/www.planalto.gov.br\/ccivil_03\/_ato2019-2022\/2019\/decreto\/D10139.htm\" target=\"_blank\"><font color=\"blue\"><u>Decreto n\u00b0 10.139, de 28 de novembro de 2019<\/u><\/font><\/a>, que disp\u00f5e sobre a revis\u00e3o e a consolida\u00e7\u00e3o de atos normativos inferiores a decreto;<\/p>\r\n\r\n<p>- a <a href=\"https:\/\/www.planalto.gov.br\/ccivil_03\/_ato2015-2018\/2016\/lei\/l13267.htm\" target=\"_blank\"><font color=\"blue\"><u>Lei n\u00b0 13.267, de 06 de abril de 2016<\/u><\/font><\/a>, que disciplina a cria\u00e7\u00e3o e a organiza\u00e7\u00e3o das associa\u00e7\u00f5es denominadas empresas juniores, com funcionamento perante institui\u00e7\u00f5es de ensino superior;<\/p>\r\n\r\n<p>- o <a href=\"http:\/\/www.planalto.gov.br\/ccivil_03\/_ato2015-2018\/2017\/decreto\/D9191.htm\" target=\"_blank\"><font color=\"blue\"><u>Decreto n\u00b0 9.191, de 1\u00b0 de novembro de 2017<\/u><\/font><\/a>, que estabelece as normas e as diretrizes para elabora\u00e7\u00e3o, reda\u00e7\u00e3o, altera\u00e7\u00e3o, consolida\u00e7\u00e3o e encaminhamento de propostas de atos normativos ao Presidente da Rep\u00fablica pelos Ministros de Estado;<\/p>\r\n\r\n<p>- o <a href=\"https:\/\/www.ufsm.br\/pro-reitorias\/proplan\/estatuto-ufsm-2010\/\" target=\"_blank\"><font color=\"blue\"><u>Estatuto da Universidade Federal de Santa Maria<\/u><\/font><\/a> com as adequa\u00e7\u00f5es aprovadas pela <a href=\"https:\/\/www.ufsm.br\/pro-reitorias\/proplan\/resolucao-n-037-2010\/\" target=\"_blank\"><font color=\"blue\"><u>Resolu\u00e7\u00e3o UFSM n\u00b0 037, de 30 de novembro de 2010<\/u><\/font><\/a>, aprovado pela <a href=\"https:\/\/pesquisa.in.gov.br\/imprensa\/jsp\/visualiza\/index.jsp?data=13\/03\/2014&amp;jornal=1&amp;pagina=43&amp;totalArquivos=100\" target=\"_blank\"><font color=\"blue\"><u>Portaria n\u00b0 156, de 12 de mar\u00e7o de 2014<\/u><\/font><\/a>, e publicado no Di\u00e1rio Oficial da Uni\u00e3o em 13 de mar\u00e7o de 2014; <\/p>\r\n\r\n<p>- o <a href=\"https:\/\/www.ufsm.br\/pro-reitorias\/proplan\/regimento-geral-da-ufsm-2011\/\" target=\"_blank\"><font color=\"blue\"><u>Regimento da UFSM<\/u><\/font><\/a>, disposto na <a href=\"https:\/\/www.ufsm.br\/pro-reitorias\/proplan\/resolucao-n-006-2011\/\" target=\"_blank\"><font color=\"blue\"><u>Resolu\u00e7\u00e3o UFSM N. 006\/2011<\/u><\/font><\/a>, atualizado pela <a href=\"https:\/\/www.ufsm.br\/pro-reitorias\/proplan\/resolucao-n-016-2019\/\" target=\"_blank\"><font color=\"blue\"><u>Resolu\u00e7\u00e3o UFSM N. 016\/2019<\/u><\/font><\/a>;<\/p>\r\n\r\n<p>- a <a href=\"https:\/\/www.ufsm.br\/pro-reitorias\/proplan\/resolucao-n-027-2020#:~:text=Aprova%20o%20Regulamento%20que%20normatiza,de%20Santa%20Maria%20(UFSM).\" target=\"_blank\"><font color=\"blue\"><u>Resolu\u00e7\u00e3o UFSM n\u00b0 027, de 28 de setembro de 2020<\/u><\/font><\/a>, que aprova o Regulamento que normatiza a cria\u00e7\u00e3o e organiza\u00e7\u00e3o das empresas juniores na Universidade Federal de Santa Maria (UFSM);<\/p>\r\n\r\n<p>- a <a href=\"https:\/\/www.ufsm.br\/pro-reitorias\/proplan\/resolucao-n-029-2020\/\" target=\"_blank\"><font color=\"blue\"><u>Resolu\u00e7\u00e3o UFSM n\u00b0 029, de 05 de novembro de 2020<\/u><\/font><\/a>, que aprova a consolida\u00e7\u00e3o dos Cursos de Gradua\u00e7\u00e3o (Licenciatura e Bacharelado), com situa\u00e7\u00e3o \u201cem atividade\u201d, em cada Unidade de Ensino, da Universidade Federal de Santa Maria (UFSM), em decorr\u00eancia do disposto no <a href=\"http:\/\/www.planalto.gov.br\/ccivil_03\/_ato2019-2022\/2019\/decreto\/D10139.htm\" target=\"_blank\"><font color=\"blue\"><u>Decreto n\u00b0 10.139, de 28 de novembro de 2019<\/u><\/font><\/a>;<\/p>\r\n\r\n<p>- a <a href=\"https:\/\/www.ufsm.br\/pro-reitorias\/proplan\/resolucao-ufsm-n-054-2021\" target=\"_blank\"><font color=\"blue\"><u>Resolu\u00e7\u00e3o UFSM n\u00b0 054, de 1\u00ba de junho de 2021<\/u><\/font><\/a>,  que regulamenta a proposi\u00e7\u00e3o e a emiss\u00e3o de Atos Normativos no \u00e2mbito da Universidade Federal de Santa Maria;<\/p>\r\n\r\n<p>- o Despacho n\u00b0 00268\/2021\/PROJUR\/PFUFSM\/PGF\/AGU, de 30 de novembro de 2021;<\/p>\r\n\r\n<p>-  Parecer n\u00b0 027\/2024 da Comiss\u00e3o de Legisla\u00e7\u00e3o e Normas (CLN), aprovado na 996\u00aa Sess\u00e3o do Conselho de Ensino, Pesquisa e Extens\u00e3o (CEPE), de 19 de abril de 2024, referente ao Processo n\u00b0 <a href=\"https:\/\/portal.ufsm.br\/documentos\/publico\/processo\/documento.html?idDocumento=14507334\" target=\"_blank\"><font color=\"blue\"><u>23081.004600\/2023-94<\/u><\/font><\/a>;<\/p>\r\n\r\n\r\n\r\n<br>\r\n<p>RESOLVE:<\/div><\/p>\r\n<br>\r\n\r\n<p>Art. 1\u00ba Aprovar o plano acad\u00eamico da empresa j\u00fanior \u201cRenove J\u00fanior Solu\u00e7\u00f5es Ambientais\u201d vinculada aos cursos de Engenharia Qu\u00edmica e Engenharia Ambiental e Sanit\u00e1ria do Centro de Tecnologia (CT) da Universidade Federal de Santa Maria.\r\n<p>Art. 2\u00ba Esta Resolu\u00e7\u00e3o entra em vigor em 29 de maio de 2024, por se tratar de urg\u00eancia justi\ufb01cada no expediente administrativo, de acordo com o que prev\u00ea o Artigo 4\u00ba do <a href=\"https:\/\/www.planalto.gov.br\/ccivil_03\/_ato2019-2022\/2019\/decreto\/d10139.htm\" target=\"_blank\"><font color=\"blue\"><u>Decreto n\u00b0 10.139, de 28 de novembro de 2019<\/u><\/font><\/a>.\r\n<p>Par\u00e1grafo \u00fanico. Havendo qualquer modifica\u00e7\u00e3o legislativa, ou ainda, advindo qualquer situa\u00e7\u00e3o legal que impacte na legalidade da presente Resolu\u00e7\u00e3o, a mesma se aplica de imediato.\r\n<\/p>\r\n\r\n<br>\r\n<\/div>\r\n<p>Luciano Schuch<\/p>\r\n<p>Reitor<\/p>\r\n<br>\r\n<p><font color=\"red0000\">Este texto n\u00e3o substitui o documento original, publicado no Portal de Documentos.<\/font> Dispon\u00edvel em:<a href=\"https:\/\/portal.ufsm.br\/documentos\/publico\/documento.html?id=15077939\"><font color=\"blue\">https:\/\/portal.ufsm.br\/documentos\/publico\/documento.html?id=15077939<\/font><\/a>\r\n\r\n\t\t<\/div>\n\t\t\t\t<\/div>\n\t\t\t\t\t<\/div>\n\t\t<\/div>\n\t\t\t\t\t<\/div>\n\t\t<\/section>\n\t\t\t\t<\/div>\n\t\t","protected":false},"excerpt":{"rendered":"<p>RESOLU\u00c7\u00c3O UFSM N. 159, DE 29 DE MAIO DE 2024 MINIST\u00c9RIO DA EDUCA\u00c7\u00c3O UNIVERSIDADE FEDERAL DE SANTA MARIA RESOLU\u00c7\u00c3O UFSM N\u00b0 159, DE 29 DE MAIO DE 2024 Aprova o plano acad\u00eamico da empresa j\u00fanior \u201cRenove J\u00fanior Solu\u00e7\u00f5es Ambientais\u201d vinculada aos cursos de Engenharia Qu\u00edmica e Engenharia Ambiental e Sanit\u00e1ria do Centro de Tecnologia (CT) [&hellip;]<\/p>\n","protected":false},"author":4883,"featured_media":0,"parent":0,"menu_order":0,"comment_status":"closed","ping_status":"closed","template":"","meta":{"footnotes":""},"categories":[],"tags":[],"class_list":["post-5820","page","type-page","status-publish","hentry"],"acf":[],"_links":{"self":[{"href":"https:\/\/www.ufsm.br\/pro-reitorias\/proplan\/wp-json\/wp\/v2\/pages\/5820","targetHints":{"allow":["GET"]}}],"collection":[{"href":"https:\/\/www.ufsm.br\/pro-reitorias\/proplan\/wp-json\/wp\/v2\/pages"}],"about":[{"href":"https:\/\/www.ufsm.br\/pro-reitorias\/proplan\/wp-json\/wp\/v2\/types\/page"}],"author":[{"embeddable":true,"href":"https:\/\/www.ufsm.br\/pro-reitorias\/proplan\/wp-json\/wp\/v2\/users\/4883"}],"replies":[{"embeddable":true,"href":"https:\/\/www.ufsm.br\/pro-reitorias\/proplan\/wp-json\/wp\/v2\/comments?post=5820"}],"version-history":[{"count":0,"href":"https:\/\/www.ufsm.br\/pro-reitorias\/proplan\/wp-json\/wp\/v2\/pages\/5820\/revisions"}],"wp:attachment":[{"href":"https:\/\/www.ufsm.br\/pro-reitorias\/proplan\/wp-json\/wp\/v2\/media?parent=5820"}],"wp:term":[{"taxonomy":"category","embeddable":true,"href":"https:\/\/www.ufsm.br\/pro-reitorias\/proplan\/wp-json\/wp\/v2\/categories?post=5820"},{"taxonomy":"post_tag","embeddable":true,"href":"https:\/\/www.ufsm.br\/pro-reitorias\/proplan\/wp-json\/wp\/v2\/tags?post=5820"}],"curies":[{"name":"wp","href":"https:\/\/api.w.org\/{rel}","templated":true}]}}