{"id":5822,"date":"2024-06-11T16:53:50","date_gmt":"2024-06-11T19:53:50","guid":{"rendered":"https:\/\/www.ufsm.br\/pro-reitorias\/proplan\/?page_id=5822"},"modified":"2025-01-28T13:22:11","modified_gmt":"2025-01-28T16:22:11","slug":"instrucao-normativa-proplan-ufsm-n-004","status":"publish","type":"page","link":"https:\/\/www.ufsm.br\/pro-reitorias\/proplan\/instrucao-normativa-proplan-ufsm-n-004","title":{"rendered":"INSTRU\u00c7\u00c3O NORMATIVA PROPLAN\/UFSM N. 004"},"content":{"rendered":"\t\t<div data-elementor-type=\"wp-page\" data-elementor-id=\"5822\" class=\"elementor elementor-5822\">\n\t\t\t\t\t\t<section class=\"elementor-section elementor-top-section elementor-element elementor-element-6ff5efd elementor-section-boxed elementor-section-height-default elementor-section-height-default\" data-id=\"6ff5efd\" data-element_type=\"section\">\n\t\t\t\t\t\t<div class=\"elementor-container elementor-column-gap-default\">\n\t\t\t\t\t<div class=\"elementor-column elementor-col-100 elementor-top-column elementor-element elementor-element-c3f2188\" data-id=\"c3f2188\" data-element_type=\"column\">\n\t\t\t<div class=\"elementor-widget-wrap elementor-element-populated\">\n\t\t\t\t\t\t<div class=\"elementor-element elementor-element-1f8a98e elementor-widget elementor-widget-html\" data-id=\"1f8a98e\" data-element_type=\"widget\" data-widget_type=\"html.default\">\n\t\t\t\t<div class=\"elementor-widget-container\">\n\t\t\t\r\n\r\n\r\n<title><b>INSTRU\u00c7\u00c3O NORMATIVA PROPLAN\/UFSM N. 004, DE 04 DE JUNHO DE 2024  <\/b><\/title>\r\n\r\n\r\n<div align=\"center\"><img decoding=\"async\" src=\"https:\/\/www.ufsm.br\/pro-reitorias\/proplan\/wp-content\/uploads\/sites\/344\/2019\/09\/brasao-da-republica-do-brasil-logo.png\" alt=\"Bras\u00e3o Rep\u00fablica Federativa do Brasil\" width=\"6%\" height=\"6%\"><\/div>    \r\n<h1><font color=\"blue\"><font size=\"5\"><div align=\"center\">MINIST\u00c9RIO DA EDUCA\u00c7\u00c3O<\/b><\/font><\/font><\/div><\/H1>\r\n<p><b><font color=\"0000blue\"><div align=\"center\">UNIVERSIDADE FEDERAL DE SANTA MARIA<\/b><\/font><\/div><\/p>\r\n\r\n<p><div align=\"center\"><b><a href=\"https:\/\/portal.ufsm.br\/documentos\/publico\/documento.html?id=15081319\" target=\"_blank\"><font color=\"blue\">INSTRU\u00c7\u00c3O NORMATIVA PROPLAN\/UFSM N. 004, DE 04 DE JUNHO DE 2024  <\/font><\/a><\/b><\/div><\/p>\r\n<br>\r\n<p><div align=\"justify\"><font color=\"800000\"><UL><UL><UL><UL><UL><UL><UL><\/UL>Orienta sobre os documentos e as tramita\u00e7\u00f5es de Processos que visem \u00e0 formaliza\u00e7\u00e3o de Instrumentos com Funda\u00e7\u00e3o de Apoio, nos termos da Resolu\u00e7\u00e3o UFSM N. 089\/2022, no \u00e2mbito da Federal de Santa Maria (UFSM).<\/font><\/div><\/p>\r\n\r\n<br>\r\n<br><div align=\"justify\">\r\n<p>O PR\u00d3-REITOR SUBSTITUTO DE PLANEJAMENTO DA UNIVERSIDADE FEDERAL DE SANTA MARIA, no uso de suas atribui\u00e7\u00f5es legais e estatut\u00e1rias e considerando o que consta na Resolu\u00e7\u00e3o N. 058, de 18 de julho de 1979, e:\r\n\r\n<p style=\"text-align: justify\">\r\n<p>- a <a href=\"https:\/\/www.planalto.gov.br\/ccivil_03\/constituicao\/constituicao.htm\" target=\"_blank\"><font color=\"blue\"><u>Constitui\u00e7\u00e3o da Rep\u00fablica Federativa do Brasil de 1988, de 05 de outubro de 1988<\/u><\/font><\/a>;<\/p>\r\n<p style=\"text-align: justify\">- a <a href=\"https:\/\/www.planalto.gov.br\/ccivil_03\/leis\/l8112cons.htm\" target=\"_blank\"><font color=\"blue\"><u>Lei n&deg; 8.112, de 11 de dezembro de 1990<\/u><\/font><\/a>, que disp\u00f5e sobre o regime jur\u00eddico dos servidores p\u00fablicos civis da Uni\u00e3o, das autarquias e das funda\u00e7\u00f5es p\u00fablicas federais;<\/p>\r\n<p style=\"text-align: justify\">- a <a href=\"http:\/\/www.planalto.gov.br\/ccivil_03\/leis\/l8666cons.htm\" target=\"_blank\"><font color=\"blue\"><u>Lei n&deg; 8.666, de 21 de junho de 1993<\/u><\/font><\/a>, que Regulamenta o art. 37, inciso XXI, da <a href=\"http:\/\/www.planalto.gov.br\/ccivil_03\/constituicao\/constituicao.htm\" target=\"_blank\"><font color=\"blue\"><u>Constitui\u00e7\u00e3o Federal<\/u><\/font><\/a>, institui normas para licita\u00e7\u00f5es e contratos da Administra\u00e7\u00e3o P\u00fablica e d\u00e1 outras provid\u00eancias;<\/p>\r\n<p style=\"text-align: justify\">- a <a href=\"http:\/\/www.planalto.gov.br\/ccivil_03\/leis\/L8958compilado.htm\" target=\"_blank\"><font color=\"blue\"><u>Lei n&deg; 8.958, de 20 de dezembro de 1994<\/u><\/font><\/a>, que disp\u00f5e sobre as rela\u00e7\u00f5es entre as institui\u00e7\u00f5es federais de ensino superior e de pesquisa cient\u00edfica e tecnol\u00f3gica e as funda\u00e7\u00f5es de apoio e d\u00e1 outras provid\u00eancias;<\/p>\r\n<p style=\"text-align: justify\">- a <a href=\"https:\/\/www.planalto.gov.br\/ccivil_03\/leis\/l9394.htm\" target=\"_blank\"><font color=\"blue\"><u>Lei n&deg; 9.394, de 20 de dezembro de 1996<\/u><\/font><\/a>, que estabelece as diretrizes e bases da educa\u00e7\u00e3o nacional e suas altera\u00e7\u00f5es;<\/p>\r\n<p style=\"text-align: justify\">- a <a href=\"https:\/\/www.planalto.gov.br\/ccivil_03\/leis\/lcp\/lcp95.htm\" target=\"_blank\"><font color=\"blue\"><u>Lei Complementar n&deg; 95, de 26 de fevereiro de 1998<\/u><\/font><\/a>, que disp\u00f5e sobre a elabora\u00e7\u00e3o, a reda\u00e7\u00e3o, a altera\u00e7\u00e3o e a consolida\u00e7\u00e3o das leis, conforme determina o Par\u00e1grafo \u00danico do Art. 59 da Constitui\u00e7\u00e3o Federal, e estabelece normas para a consolida\u00e7\u00e3o dos atos normativos que menciona;<\/p>\r\n<p style=\"text-align: justify\">- a <a href=\"http:\/\/www.planalto.gov.br\/ccivil_03\/_ato2004-2006\/2004\/lei\/L10.973compilado.htm\" target=\"_blank\"><font color=\"blue\"><u>Lei n&deg; 10.973, de 2 de dezembro de 2004<\/u><\/font><\/a>, que disp\u00f5e sobre incentivos \u00e0 inova\u00e7\u00e3o e \u00e0 pesquisa cient\u00edfica e tecnol\u00f3gica no ambiente produtivo e d\u00e1 outras provid\u00eancias;<\/p>\r\n<p style=\"text-align: justify\">- a <a href=\"http:\/\/www.planalto.gov.br\/ccivil_03\/_ato2019-2022\/2021\/lei\/L14133.htm\" target=\"_blank\"><font color=\"blue\"><u>Lei n&deg; 14.133, de 1&ordm; de abril de 2021<\/u><\/font><\/a>, Lei de Licita\u00e7\u00f5es e Contratos Administrativos;<\/p>\r\n<p style=\"text-align: justify\">- o <a href=\"https:\/\/www.planalto.gov.br\/ccivil_03\/_ato2015-2018\/2017\/decreto\/d9191.htm\" target=\"_blank\"><font color=\"blue\"><u>Decreto n&deg; 9.191, de 1&ordm; de novembro de 2017<\/u><\/font><\/a>, que estabelece as normas e as diretrizes para elabora\u00e7\u00e3o, reda\u00e7\u00e3o, altera\u00e7\u00e3o, consolida\u00e7\u00e3o e encaminhamento de propostas de atos normativos ao Presidente da Rep\u00fablica pelos Ministros de Estado;<\/p>\r\n<p style=\"text-align: justify\">- o <a href=\"https:\/\/www.ufsm.br\/pro-reitorias\/proplan\/estatuto-ufsm-2010\" target=\"_blank\"><font color=\"blue\"><u>Estatuto da Universidade Federal de Santa Maria<\/u><\/font><\/a> com as adequa\u00e7\u00f5es aprovadas pela <a href=\"https:\/\/www.ufsm.br\/pro-reitorias\/proplan\/resolucao-n-037-2010\" target=\"_blank\"><font color=\"blue\"><u>Resolu\u00e7\u00e3o UFSM n&deg; 037, de 30 de novembro de 2010<\/u><\/font><\/a>, aprovado pela <a href=\"https:\/\/www.ufsm.br\/app\/uploads\/2018\/08\/Estatuto-da-UFSM.pdf\" target=\"_blank\"><font color=\"blue\"><u>Portaria n&deg; 156, de 12 de mar\u00e7o de 2014<\/u><\/font><\/a>, e publicado no Di\u00e1rio Oficial da Uni\u00e3o em 13 de mar\u00e7o de 2014;<\/p>\r\n<p style=\"text-align: justify\">- o <a href=\"https:\/\/www.ufsm.br\/pro-reitorias\/proplan\/regimento-geral-da-ufsm-com-alteracoes-compiladas-pela-resolucao-n-016-2019\" target=\"_blank\"><font color=\"blue\"><u>Regimento da UFSM<\/u><\/font><\/a>, disposto na Resolu\u00e7\u00e3o UFSM n&deg; 006, de 28 de abril de 2011, atualizado pela Resolu\u00e7\u00e3o UFSM n&deg; 016, de 02 de julho de 2019;<\/p>\r\n<p style=\"text-align: justify\">- a <a href=\"https:\/\/www.ufsm.br\/pro-reitorias\/proplan\/resolucao-n-016-2010\/\" target=\"_blank\"><font color=\"blue\"><u>Resolu\u00e7\u00e3o UFSM n&deg; 016, de 10 de junho de 2010<\/u><\/font><\/a>, que Implementa, no \u00c2mbito da UFSM, o Novo Sistema de Registro da Produ\u00e7\u00e3o Institucional \u2013 M\u00f3dulo Registro, Acompanhamento e Avalia\u00e7\u00e3o de Projetos;<\/p>\r\n<p style=\"text-align: justify\">- a <a href=\"https:\/\/www.ufsm.br\/pro-reitorias\/proplan\/resolucao-ufsm-n-054-2021\" target=\"_blank\"><font color=\"blue\"><u>Resolu\u00e7\u00e3o UFSM n&deg; 054, de 1&ordm; de junho de 2021<\/u><\/font><\/a>, que regulamenta a proposi\u00e7\u00e3o e a emiss\u00e3o de Atos Normativos no \u00e2mbito da Universidade Federal de Santa Maria;<\/p>\r\n<p style=\"text-align: justify\">- a <a href=\"https:\/\/www.ufsm.br\/pro-reitorias\/proplan\/resolucao-ufsm-n-089-2022\" target=\"_blank\"><font color=\"blue\"><u>Resolu\u00e7\u00e3o UFSM n&deg; 089, de 06 de maio de 2022<\/u><\/font><\/a>, que Regulamenta a rela\u00e7\u00e3o entre a Universidade Federal de Santa Maria (UFSM) e funda\u00e7\u00f5es de apoio para a execu\u00e7\u00e3o de projetos de pesquisa, ensino, extens\u00e3o, desenvolvimento institucional, cient\u00edfico e tecnol\u00f3gico, est\u00edmulo \u00e0 inova\u00e7\u00e3o e presta\u00e7\u00e3o de servi\u00e7os;<\/p>\r\n<p style=\"text-align: justify\">- o que consta no processo <a href=\"https:\/\/portal.ufsm.br\/documentos\/usuario\/processo\/documento.html?idDocumento=15070155\" target=\"_blank\"><font color=\"blue\"><u>23081.058871\/2024-41<\/u><\/font><\/a>.<\/p>\r\n \r\n<p style=\"text-align: justify\">&nbsp;<\/p>\r\n<p style=\"text-align: justify\">RESOLVE:<\/p>\r\n<p style=\"text-align: justify\">&nbsp;<\/p>\r\n<p style=\"text-align: justify\">Art. 1&ordm; Orientar sobre os documentos e as tramita&ccedil;&otilde;es de Processosque visem &agrave; formaliza&ccedil;&atilde;o de Instrumentos com Funda&ccedil;&atilde;o de Apoio, nos termos da Resolu&ccedil;&atilde;o <a href=\"https:\/\/www.ufsm.br\/pro-reitorias\/proplan\/resolucao-ufsm-n-089-2022\" target=\"_blank\"><font color=\"blue\"><u>UFSM N. 089\/2022<\/u><\/font><\/a>, no &acirc;mbito da Universidade Federal de Santa Maria (UFSM).<\/p>\r\n<p style=\"text-align: justify\">Art. 2&ordm; Para fins de cria&ccedil;&atilde;o, instru&ccedil;&atilde;o e tramita&ccedil;&atilde;o dos processos de formaliza&ccedil;&atilde;o de Instrumentos com Funda&ccedil;&atilde;o de Apoio, o (a) Coordenador(a) do Projeto dever&aacute; encaminhar &agrave; Coordenadoria de Projetos e Conv&ecirc;nios (COPROC\/PROPLAN) ou ao N&uacute;cleo de Apoio &agrave; Projetos (NAP\/PROINOVA), conforme disposto no art. 5&deg; da <a href=\"https:\/\/www.ufsm.br\/pro-reitorias\/proplan\/resolucao-ufsm-n-089-2022\" target=\"_blank\"><font color=\"blue\"><u>UFSM N. 089\/2022<\/u><\/font><\/a>, por meio de correio eletr&ocirc;nico (coproc@ufsm.br\/proinova.nap@ufsm.br) , os seguintes documentos:<\/p>\r\n<p style=\"text-align: justify\">I - Memorando de solicita&ccedil;&atilde;o de celebra&ccedil;&atilde;o de instrumento devidamente assinado;<\/p>\r\n<p style=\"text-align: justify\">II -Declara&ccedil;&atilde;o do (a) Fiscal devidamente assinada;<\/p>\r\n<p style=\"text-align: justify\">III - Declara&ccedil;&atilde;o do (a) Coordenador (a) devidamente assinada;<\/p>\r\n<p style=\"text-align: justify\">IV - Declara&ccedil;&atilde;o de disponibilidade de servidor (a), quando a carga hor&aacute;ria dedicada ao projeto for executada fora da jornada de trabalho, devidamente assinada pelo (a)&nbsp; pr&oacute;prio (a) servidor (a);<\/p>\r\n<p style=\"text-align: justify\">V - Autoriza&ccedil;&atilde;o de participa&ccedil;&atilde;o, devidamente assinada pela chefia imediata, quando a carga hor&aacute;ria dedicada ao projeto for executada dentro da jornada de trabalho;<\/p>\r\n<p style=\"text-align: justify\">VI - Plano de Trabalho;<\/p>\r\n<p style=\"text-align: justify\">VII - Projeto b&aacute;sico:<\/p>\r\n<p style=\"text-align: justify\">a) o documento constante no inciso VII poder&aacute; ser dispensado quando a origem do recurso for decorrente de Termo de Execu&ccedil;&atilde;o Descentralizada - (TED);<\/p>\r\n<p style=\"text-align: justify\">b) o projeto b&aacute;sico dever&aacute; conter os seguintes elementos:<\/p>\r\n<p style=\"text-align: justify\">1. t&iacute;tulo do projeto;<\/p>\r\n<p style=\"text-align: justify\">2. resumo;<\/p>\r\n<p style=\"text-align: justify\">3. objetivos;<\/p>\r\n<p style=\"text-align: justify\">4. justificativa; e,<\/p>\r\n<p style=\"text-align: justify\">5. resultados esperados.<\/p>\r\n<p style=\"text-align: justify\">VIII - Registro do projeto no Portal de Projetos da UFSM, observando os itens de preenchimento obrigat&oacute;rio da plataforma.<\/p>\r\n<p style=\"text-align: justify\">&nbsp;<\/p>\r\n<p style=\"text-align: justify\">Art. 3&ordm; De posse dos documentos previstos no Art. 2&ordm;, a COPROC\/PROPLAN ou ao NAP\/PROINOVA, conforme disposto no art. 5&deg; da Resolu&ccedil;&atilde;o <a href=\"https:\/\/www.ufsm.br\/pro-reitorias\/proplan\/resolucao-ufsm-n-089-2022\" target=\"_blank\"><font color=\"blue\"><u>UFSM N. 089\/2022<\/u><\/font><\/a>, dever&aacute; criar o processo eletr&ocirc;nico no PEN-SIE, incluindo os referidos documentos, complementados ainda por:<\/p>\r\n<p style=\"text-align: justify\">I - Dossi&ecirc; da Funda&ccedil;&atilde;o de Apoio;<\/p>\r\n<p style=\"text-align: justify\">II - Proposta da Funda&ccedil;&atilde;o de Apoio; e,<\/p>\r\n<p style=\"text-align: justify\">III - Minuta do conv&ecirc;nio.<\/p>\r\n<p style=\"text-align: justify\">Par&aacute;grafo &uacute;nico. Os modelos dos documentos necess&aacute;rios &agrave; instru&ccedil;&atilde;o do processo ser&atilde;o disponibilizados pela COPROC\/PROPLAN e\/ou NAP\/PROINOVA, conforme disposto no art. 5&deg; da Resolu&ccedil;&atilde;o <a href=\"https:\/\/www.ufsm.br\/pro-reitorias\/proplan\/resolucao-ufsm-n-089-2022\" target=\"_blank\"><font color=\"blue\"><u>UFSM N. 089\/2022<\/u><\/font><\/a> em suas p&aacute;ginas institucionais.<\/p>\r\n<p style=\"text-align: justify\">&nbsp;<\/p>\r\n<p style=\"text-align: justify\">Art. 4&ordm; As altera&ccedil;&otilde;es de projetos que culminem na necessidade de&nbsp; adequa&ccedil;&atilde;o dos Instrumentos com Funda&ccedil;&atilde;o de Apoio dever&atilde;o ter seus processos de adequa&ccedil;&atilde;o instru&iacute;dos pelo(a) coordenador (a) do projeto atrav&eacute;s de abertura de processo pelo sistema PEN-SIE, exceto aqueles que sejam administrados pela Funda&ccedil;&atilde;o de Apoio &agrave;&nbsp; Tecnologia e Ci&ecirc;ncia (FATEC) que ser&atilde;o instru&iacute;dos pela pr&oacute;pria funda&ccedil;&atilde;o.<\/p>\r\n<p style=\"text-align: justify\">&sect;1&deg; Para fins de processos de adequa&ccedil;&atilde;o, considera-se o uso dos seguintes termos para as seguintes situa&ccedil;&otilde;es:<\/p>\r\n<p style=\"text-align: justify\">I - Adendo: adicionar, atualizar e\/ou complementar informa&ccedil;&otilde;es a um contrato existente, n&atilde;o caracterizando altera&ccedil;&atilde;o contratual;<\/p>\r\n<p style=\"text-align: justify\">II - Aditivo: corrigir, alterar ou modificar dados e informa&ccedil;&otilde;es j&aacute; existentes em um contrato ou conv&ecirc;nio e tem como objetivo complementar o contrato ou conv&ecirc;nio atual, modificando algumas de suas cl&aacute;usulas; ou,<\/p>\r\n<p style=\"text-align: justify\">III - Ajuste: fazer pequenas altera&ccedil;&otilde;es em um plano de trabalho assinado e tem como objetivo ajustar o plano de trabalho atual, sem a necessidade de firmar um novo plano de trabalho.<\/p>\r\n<p style=\"text-align: justify\">&sect;2&deg; As orienta&ccedil;&otilde;es para instru&ccedil;&atilde;o e tramita&ccedil;&atilde;o do processo bem como os modelos de documentos necess&aacute;rios a cada tipo de adequa&ccedil;&atilde;o ser&atilde;o disponibilizadas pela COPROC\/PROPLAN e\/ou NAP\/PROINOVA, conforme disposto no art. 5&deg; da Resolu&ccedil;&atilde;o<a href=\"https:\/\/www.ufsm.br\/pro-reitorias\/proplan\/resolucao-ufsm-n-089-2022\" target=\"_blank\"><font color=\"blue\"><u> UFSM N. 089\/2022<\/u><\/font><\/a>, em suas p&aacute;ginas institucionais.<\/p>\r\n<p style=\"text-align: justify\">&nbsp;<\/p>\r\n<p style=\"text-align: justify\">Art. 5&ordm; O instrumento firmado com funda&ccedil;&atilde;o de apoio dever&aacute; conter dispositivo sobre ressarcimento &agrave; UFSM, conforme previs&atilde;o do artigo 6&ordm; da Lei N. 8.958\/1994, tendo por base os seguintes percentuais que ser&atilde;o aplicados nas despesas de custeio para projetos com valores contratados para a UFSM:<\/p>\r\n<p style=\"text-align: justify\">I - de R$ 0,00 (zero) a R$ 200.000,00 (duzentos mil reais): 5% (cinco por cento);<\/p>\r\n<p style=\"text-align: justify\">II - acima de R$ 200.000,00 (duzentos mil reais): 8% (oito por cento);<\/p>\r\n<p style=\"text-align: justify\">&sect; 1&ordm; Nos projetos contemplados com recursos oriundos de ag&ecirc;ncias de fomento (conforme definido no art. 2&ordm; da Lei N. 10.973\/2004), o ressarcimento &agrave; UFSM dever&aacute; ser de acordo com os valores limites estipulados no instrumento convocat&oacute;rio.<\/p>\r\n<p style=\"text-align: justify\">&sect;2&ordm; Nos projetos contemplados com recursos oriundos de ag&ecirc;ncias de fomento (conforme definido no art. 2&ordm; da Lei N. 10.973\/2004), onde as despesas administrativas e operacionais sejam definidas na sua totalidade pelo instrumento convocat&oacute;rio considerando a parcela da institui&ccedil;&atilde;o e da funda&ccedil;&atilde;o de apoio juntos, o ressarcimento da UFSM dever&aacute; ser de no m&iacute;nimo de 30% do valor total da rubrica.<\/p>\r\n<p style=\"text-align: justify\">&sect; 3 &ordm; Para os casos que tratam o &sect;1&ordm; a &sect;2&ordm;, o processo dever&aacute; ser instru&iacute;do com a inclus&atilde;o do instrumento convocat&oacute;rio.<\/p>\r\n<p style=\"text-align: justify\">&nbsp;<\/p>\r\n<p style=\"text-align: justify\">Art. 6&ordm; Esta Instru&ccedil;&atilde;o Normativa entra em vigor em 10 de junho de 2024, por se tratar de urg&ecirc;ncia justi\ufb01cada no expediente administrativo, de acordo com o que prev&ecirc; o Artigo 4&ordm; do Decreto N. 10.139, de 28 de novembro de 2019.<\/p>\r\n<p style=\"text-align: justify\">Par&aacute;grafo &uacute;nico. Havendo qualquer modifica&ccedil;&atilde;o legislativa, ou ainda, havendo qualquer situa&ccedil;&atilde;o legal que impacte na legalidade da presente Instru&ccedil;&atilde;o Normativa, a mesma se aplica de imediato.<\/p>\r\n<p>&nbsp;<\/p>\r\n\r\n\r\n<br>\r\n<\/div>\r\n<p>Jeferson de Souza Flores <\/p>\r\n<p>Pr\u00f3-Reitor substituto de Planejamento<\/p>\r\n<br>\r\n\r\n<p><font color=\"red0000\">Este texto n\u00e3o substitui o documento original, publicado no Portal de Documentos.<\/font> Dispon\u00edvel em: <a href=\"https:\/\/portal.ufsm.br\/documentos\/publico\/documento.html?id=15081319\"><font color=\"blue\">https:\/\/portal.ufsm.br\/documentos\/publico\/documento.html?id=15081319<\/font><\/a>\r\n\r\n\t\t<\/div>\n\t\t\t\t<\/div>\n\t\t\t\t\t<\/div>\n\t\t<\/div>\n\t\t\t\t\t<\/div>\n\t\t<\/section>\n\t\t\t\t<\/div>\n\t\t","protected":false},"excerpt":{"rendered":"<p>INSTRU\u00c7\u00c3O NORMATIVA PROPLAN\/UFSM N. 004, DE 04 DE JUNHO DE 2024 MINIST\u00c9RIO DA EDUCA\u00c7\u00c3O UNIVERSIDADE FEDERAL DE SANTA MARIA INSTRU\u00c7\u00c3O NORMATIVA PROPLAN\/UFSM N. 004, DE 04 DE JUNHO DE 2024 Orienta sobre os documentos e as tramita\u00e7\u00f5es de Processos que visem \u00e0 formaliza\u00e7\u00e3o de Instrumentos com Funda\u00e7\u00e3o de Apoio, nos termos da Resolu\u00e7\u00e3o UFSM N. [&hellip;]<\/p>\n","protected":false},"author":4883,"featured_media":0,"parent":0,"menu_order":0,"comment_status":"closed","ping_status":"closed","template":"","meta":{"footnotes":""},"categories":[],"tags":[],"class_list":["post-5822","page","type-page","status-publish","hentry"],"acf":[],"_links":{"self":[{"href":"https:\/\/www.ufsm.br\/pro-reitorias\/proplan\/wp-json\/wp\/v2\/pages\/5822","targetHints":{"allow":["GET"]}}],"collection":[{"href":"https:\/\/www.ufsm.br\/pro-reitorias\/proplan\/wp-json\/wp\/v2\/pages"}],"about":[{"href":"https:\/\/www.ufsm.br\/pro-reitorias\/proplan\/wp-json\/wp\/v2\/types\/page"}],"author":[{"embeddable":true,"href":"https:\/\/www.ufsm.br\/pro-reitorias\/proplan\/wp-json\/wp\/v2\/users\/4883"}],"replies":[{"embeddable":true,"href":"https:\/\/www.ufsm.br\/pro-reitorias\/proplan\/wp-json\/wp\/v2\/comments?post=5822"}],"version-history":[{"count":0,"href":"https:\/\/www.ufsm.br\/pro-reitorias\/proplan\/wp-json\/wp\/v2\/pages\/5822\/revisions"}],"wp:attachment":[{"href":"https:\/\/www.ufsm.br\/pro-reitorias\/proplan\/wp-json\/wp\/v2\/media?parent=5822"}],"wp:term":[{"taxonomy":"category","embeddable":true,"href":"https:\/\/www.ufsm.br\/pro-reitorias\/proplan\/wp-json\/wp\/v2\/categories?post=5822"},{"taxonomy":"post_tag","embeddable":true,"href":"https:\/\/www.ufsm.br\/pro-reitorias\/proplan\/wp-json\/wp\/v2\/tags?post=5822"}],"curies":[{"name":"wp","href":"https:\/\/api.w.org\/{rel}","templated":true}]}}