{"id":5832,"date":"2024-07-02T13:07:44","date_gmt":"2024-07-02T16:07:44","guid":{"rendered":"https:\/\/www.ufsm.br\/pro-reitorias\/proplan\/?page_id=5832"},"modified":"2024-07-02T13:08:14","modified_gmt":"2024-07-02T16:08:14","slug":"teste-3","status":"publish","type":"page","link":"https:\/\/www.ufsm.br\/pro-reitorias\/proplan\/teste-3","title":{"rendered":"teste"},"content":{"rendered":"\t\t<div data-elementor-type=\"wp-page\" data-elementor-id=\"5832\" class=\"elementor elementor-5832\">\n\t\t\t\t\t\t<section class=\"elementor-section elementor-top-section elementor-element elementor-element-80531e6 elementor-section-boxed elementor-section-height-default elementor-section-height-default\" data-id=\"80531e6\" data-element_type=\"section\">\n\t\t\t\t\t\t<div class=\"elementor-container elementor-column-gap-default\">\n\t\t\t\t\t<div class=\"elementor-column elementor-col-100 elementor-top-column elementor-element elementor-element-d05545e\" data-id=\"d05545e\" data-element_type=\"column\">\n\t\t\t<div class=\"elementor-widget-wrap elementor-element-populated\">\n\t\t\t\t\t\t<div class=\"elementor-element elementor-element-8924db9 elementor-widget elementor-widget-html\" data-id=\"8924db9\" data-element_type=\"widget\" data-widget_type=\"html.default\">\n\t\t\t\t<div class=\"elementor-widget-container\">\n\t\t\t\r\n\r\n\r\n<title><b>RESOLU\u00c7\u00c3O UFSM N\u00b0 161, DE 28 DE JUNHO DE 2024<\/b><\/title>\r\n\r\n\r\n<div align=\"center\"><img decoding=\"async\" src=\"https:\/\/www.ufsm.br\/pro-reitorias\/proplan\/wp-content\/uploads\/sites\/344\/2019\/09\/brasao-da-republica-do-brasil-logo.png\" alt=\"Bras\u00e3o Rep\u00fablica Federativa do Brasil\" width=\"6%\" height=\"6%\"><\/div>\r\n\r\n<h1><font color=\"blue\"><font size=\"5\"><div align=\"center\">MINIST\u00c9RIO DA EDUCA\u00c7\u00c3O<\/div><\/font><\/font><\/H1>\r\n<p><b><font color=\"0000blue\"><div align=\"center\">UNIVERSIDADE FEDERAL DE SANTA MARIA<\/b><\/div><\/font><\/p>\r\n<p><div align=\"center\"><b><a href=\"https:\/\/portal.ufsm.br\/documentos\/publico\/documento.html?id=14669948\" target=\"_blank\"><font color=\"blue\">RESOLU\u00c7\u00c3O UFSM N\u00b0 161, DE 28 DE JUNHO DE 2024<\/font><\/a><\/b><\/div><\/p>\r\n<br>\r\n\r\n<p><div align=\"right\"><font color=\"800000\">Altera dispositivos referentes a instaura\u00e7\u00e3o do regime de cotutela com titula\u00e7\u00e3o simult\u00e2nea em 2 (dois) pa\u00edses, alterando a Resolu\u00e7\u00e3o UFSM N\u00b0 139, de 29 de agosto de 2023 - Regulamento Geral da P\u00f3s-gradua\u00e7\u00e3o Stricto Sensu da UFSM.<\/font><\/div><\/p>\r\n<br>\r\n\r\n<br><div align=\"justify\"><font color=\"black\">\r\n<p>O REITOR DA UNIVERSIDADE FEDERAL DE SANTA MARIA, no uso de suas atribui\u00e7\u00f5es legais que lhe confere o art. 30 do <a href=\"https:\/\/www.ufsm.br\/pro-reitorias\/proplan\/estatuto-ufsm-2010\" target=\"_blank\"><font color=\"blue\"><u>Estatuto da Universidade Federal de Santa Maria<\/u><\/font><\/a> com as adequa\u00e7\u00f5es aprovadas pela <a href=\"https:\/\/www.ufsm.br\/pro-reitorias\/proplan\/resolucao-n-037-2010\" target=\"_blank\"><font color=\"blue\"><u>Resolu\u00e7\u00e3o UFSM n\u00ba 037<\/u><\/font><\/a>, de 30 de novembro de 2010, aprovado pela <a href=\"https:\/\/www.ufsm.br\/app\/uploads\/2018\/08\/Estatuto-da-UFSM.pdf\" target=\"_blank\"><font color=\"blue\"><u>Portaria n\u00ba 156<\/u><\/font><\/a>, de  12 de mar\u00e7o de\r\n2014, e publicado no Di\u00e1rio Oficial da Uni\u00e3o em 13 de mar\u00e7o de 2014, tendo em vista as necess\u00e1rias adapta\u00e7\u00f5es no gerenciamento da P\u00f3s-gradua\u00e7\u00e3o e de observa\u00e7\u00f5es de Programas de P\u00f3s-gradua\u00e7\u00e3o (PPGs) decorrente da necessidade de flexibiliza\u00e7\u00e3o e reciprocidade do regime de cotutela, e o que consta no processo <a href=\"https:\/\/portal.ufsm.br\/documentos\/usuario\/processo\/documento.html?idDocumento=15072917\" target=\"_blank\"><font color=\"blue\"><u>23081.060175\/2024-02<\/u><\/font><\/a>:<\/p>\r\n\r\n\r\n<br>\r\n<p>RESOLVE:<\/p>\r\n<br>\r\n\r\n<p>Art. 1\u00b0 Alterar dispositivos referentes a instaura\u00e7\u00e3o do regime de cotutela com titula\u00e7\u00e3o simult\u00e2nea em 2 (dois) pa\u00edses (\u201cCotutela\u201d), no \u00e2mbito da Universidade Federal de Santa Maria (UFSM), alterando o Regulamento Geral da P\u00f3s-gradua\u00e7\u00e3o Stricto sensu da UFSM.<p>\r\n\r\n<p>Art. 2\u00b0 O Art. 93 do Anexo I da Resolu\u00e7\u00e3o UFSM N\u00b0 139, de 29 de agosto de 2023 passa a vigorar com a seguinte reda\u00e7\u00e3o:<\/p>\r\n\r\n<p>\u201c(...)<\/p>\r\n\r\n<p>Art. 93. Os(As) discentes em regime de cotutela, devem sujeitar-se \u00e0s regras estabelecidas pela UFSM e pela Institui\u00e7\u00e3o Estrangeira cong\u00eanere para terem seus t\u00edtulos validados.<\/p>\r\n\r\n<p>\u00a7 1\u00b0 Para discentes de institui\u00e7\u00f5es estrangeiras com destino \u00e0 UFSM, o in\u00edcio das atividades de cotutela na UFSM fica condicionado \u00e0 aprova\u00e7\u00e3o da Minuta de Acordo Espec\u00edfico para Cotutela com DuplaTitula\u00e7\u00e3o sob as normas da UFSM, desde que haja comum acordo e seja aprovado por ambas Institui\u00e7\u00f5es.<\/p>\r\n\r\n<p>\u00a7 2\u00b0 Para discentes da UFSM com destino \u00e0 institui\u00e7\u00e3o estrangeira, as atividades no exterior, incluindo o in\u00edcio e o per\u00edodo de realiza\u00e7\u00e3o de atividades no exterior, poder\u00e3o ser definidas com base nas normas da institui\u00e7\u00e3o estrangeira, desde que haja comum acordo e seja aprovado por ambas Institui\u00e7\u00f5es.<\/p>\r\n\r\n<p>\u00a7 3\u00b0 Em nenhuma hip\u00f3tese poder\u00e1 ser estabelecido o regime de cotutela depois de ocorrida a defesa do trabalho de conclus\u00e3o de mestrado ou de doutorado.<\/p>\r\n<p>(...)\u201d<\/p>\r\n<p> Art. 3\u00ba O Art. 97 do Anexo I da Resolu\u00e7\u00e3o UFSM N\u00b0 139, de 29 de agosto de 2023 passa a vigorar com a seguinte reda\u00e7\u00e3o:<\/p>\r\n<p>\u201c(...)<\/p>\r\n<p>Art. 97. Durante o tempo de perman\u00eancia no exterior, previsto no art. 96, os(as) discentes da UFSM conservar\u00e3o seu v\u00ednculo com a UFSM por meio da modalidade \u201cCotutela\u201d.<\/p>\r\n<p>(...)\u201d<\/p>\r\n<p>Art. 4\u00b0 Fica revogado o artigo 94 do Anexo I da Resolu\u00e7\u00e3o UFSM N\u00b0 139, de 29 de agosto de 2023<\/p>\r\n<p>Art. 5\u00b0 A inobserv\u00e2ncia ao disposto nesta Resolu\u00e7\u00e3o n\u00e3o constitui escusa v\u00e1lida para o descumprimento da norma nem resulta em sua invalidade <\/p>\r\n<p>Art. 6\u00b0 Esta Resolu\u00e7\u00e3o entra em vigor na data de sua assinatura, de acordo com o que prev\u00ea o par\u00e1grafo 2\u00ba do art. 16 do Decreto n\u00ba 12.002, de 22 de abril de 2024.<\/p>\r\n<p>Par\u00e1grafo \u00fanico. Havendo qualquer modifica\u00e7\u00e3o legislativa, ou ainda, advindo qualquer situa\u00e7\u00e3o legal que impacte na legalidade da presente Resolu\u00e7\u00e3o, a mesma se aplica de imediato.<\/p>\r\n<br>\r\n<p>Luciano Schuch<\/p>\r\n<p>Reitor<\/p>\r\n<br>\r\n<p><font color=\"red0000\">Este texto n\u00e3o substitui o documento original, publicado no Portal de Documentos.<\/font> Dispon\u00edvel em: <a href=\"  incluir o link \" target=\"_blank\"><font color=\"blue\"> incluir o link <\/font><\/a><\/p>\r\n\r\n\r\n\r\n\t\t<\/div>\n\t\t\t\t<\/div>\n\t\t\t\t\t<\/div>\n\t\t<\/div>\n\t\t\t\t\t<\/div>\n\t\t<\/section>\n\t\t\t\t<\/div>\n\t\t","protected":false},"excerpt":{"rendered":"<p>RESOLU\u00c7\u00c3O UFSM N\u00b0 161, DE 28 DE JUNHO DE 2024 MINIST\u00c9RIO DA EDUCA\u00c7\u00c3O UNIVERSIDADE FEDERAL DE SANTA MARIA RESOLU\u00c7\u00c3O UFSM N\u00b0 161, DE 28 DE JUNHO DE 2024 Altera dispositivos referentes a instaura\u00e7\u00e3o do regime de cotutela com titula\u00e7\u00e3o simult\u00e2nea em 2 (dois) pa\u00edses, alterando a Resolu\u00e7\u00e3o UFSM N\u00b0 139, de 29 de agosto de [&hellip;]<\/p>\n","protected":false},"author":4883,"featured_media":0,"parent":0,"menu_order":0,"comment_status":"closed","ping_status":"closed","template":"","meta":{"footnotes":""},"categories":[],"tags":[],"class_list":["post-5832","page","type-page","status-publish","hentry"],"acf":[],"_links":{"self":[{"href":"https:\/\/www.ufsm.br\/pro-reitorias\/proplan\/wp-json\/wp\/v2\/pages\/5832","targetHints":{"allow":["GET"]}}],"collection":[{"href":"https:\/\/www.ufsm.br\/pro-reitorias\/proplan\/wp-json\/wp\/v2\/pages"}],"about":[{"href":"https:\/\/www.ufsm.br\/pro-reitorias\/proplan\/wp-json\/wp\/v2\/types\/page"}],"author":[{"embeddable":true,"href":"https:\/\/www.ufsm.br\/pro-reitorias\/proplan\/wp-json\/wp\/v2\/users\/4883"}],"replies":[{"embeddable":true,"href":"https:\/\/www.ufsm.br\/pro-reitorias\/proplan\/wp-json\/wp\/v2\/comments?post=5832"}],"version-history":[{"count":0,"href":"https:\/\/www.ufsm.br\/pro-reitorias\/proplan\/wp-json\/wp\/v2\/pages\/5832\/revisions"}],"wp:attachment":[{"href":"https:\/\/www.ufsm.br\/pro-reitorias\/proplan\/wp-json\/wp\/v2\/media?parent=5832"}],"wp:term":[{"taxonomy":"category","embeddable":true,"href":"https:\/\/www.ufsm.br\/pro-reitorias\/proplan\/wp-json\/wp\/v2\/categories?post=5832"},{"taxonomy":"post_tag","embeddable":true,"href":"https:\/\/www.ufsm.br\/pro-reitorias\/proplan\/wp-json\/wp\/v2\/tags?post=5832"}],"curies":[{"name":"wp","href":"https:\/\/api.w.org\/{rel}","templated":true}]}}