{"id":5860,"date":"2024-07-25T10:43:00","date_gmt":"2024-07-25T13:43:00","guid":{"rendered":"https:\/\/www.ufsm.br\/pro-reitorias\/proplan\/?page_id=5860"},"modified":"2025-08-19T15:35:23","modified_gmt":"2025-08-19T18:35:23","slug":"resolucao-ufsm-n-166-2024","status":"publish","type":"page","link":"https:\/\/www.ufsm.br\/pro-reitorias\/proplan\/resolucao-ufsm-n-166-2024","title":{"rendered":"RESOLU\u00c7\u00c3O UFSM N\u00b0 166\/2024"},"content":{"rendered":"\t\t<div data-elementor-type=\"wp-page\" data-elementor-id=\"5860\" class=\"elementor elementor-5860\">\n\t\t\t\t\t\t<section class=\"elementor-section elementor-top-section elementor-element elementor-element-aeb67d9 elementor-section-boxed elementor-section-height-default elementor-section-height-default\" data-id=\"aeb67d9\" data-element_type=\"section\">\n\t\t\t\t\t\t<div class=\"elementor-container elementor-column-gap-default\">\n\t\t\t\t\t<div class=\"elementor-column elementor-col-100 elementor-top-column elementor-element elementor-element-754e1fd\" data-id=\"754e1fd\" data-element_type=\"column\">\n\t\t\t<div class=\"elementor-widget-wrap elementor-element-populated\">\n\t\t\t\t\t\t<div class=\"elementor-element elementor-element-5648415 elementor-widget elementor-widget-html\" data-id=\"5648415\" data-element_type=\"widget\" data-widget_type=\"html.default\">\n\t\t\t\t<div class=\"elementor-widget-container\">\n\t\t\t\r\n\r\n\r\n<title><b>RESOLU\u00c7\u00c3O UFSM N. 166, DE 23 DE JULHO DE 2024<\/b><\/title>\r\n\r\n\r\n<div align=\"center\"><img decoding=\"async\" src=\"https:\/\/www.ufsm.br\/pro-reitorias\/proplan\/wp-content\/uploads\/sites\/344\/2019\/09\/brasao-da-republica-do-brasil-logo.png\" alt=\"Bras\u00e3o Rep\u00fablica Federativa do Brasil\" width=\"6%\" height=\"6%\"><\/div>\r\n\r\n<h1><font color=\"blue\"><font size=\"5\"><div align=\"center\">MINIST\u00c9RIO DA EDUCA\u00c7\u00c3O<\/div><\/font><\/font><\/H1>\r\n<p><b><font color=\"0000blue\"><div align=\"center\">UNIVERSIDADE FEDERAL DE SANTA MARIA<\/b><\/div><\/font><\/p>\r\n<p><div align=\"center\"><b><a href=\"https:\/\/portal.ufsm.br\/documentos\/publico\/documento.html?id=15121964\" target=\"_blank\"><font color=\"blue\">RESOLU\u00c7\u00c3O UFSM N\u00b0 166, DE 23 DE JULHO DE 2024<\/font><\/a><\/b><\/div><\/p>\r\n<br>\r\n\r\n\r\n<p style=\"margin-left: 9cm;text-align: justify;color: #800000\">Aprova a cria\u00e7\u00e3o do Curso de Educa\u00e7\u00e3o Especial Inclusiva, n\u00edvel de gradua\u00e7\u00e3o, grau de licenciatura, modalidade presencial, na estrutura organizacional do Centro de Educa\u00e7\u00e3o (CE), da Universidade Federal de Santa Maria.\r\n<\/p>\r\n\r\n<br><div align=\"justify\"><font color=\"black\">\r\n<p>O REITOR DA UNIVERSIDADE FEDERAL DE SANTA MARIA, no uso de suas atribui\u00e7\u00f5es legais que lhe confere o art. 30 do <a href=\"https:\/\/www.ufsm.br\/pro-reitorias\/proplan\/estatuto-ufsm-2010\" target=\"_blank\"><font color=\"blue\"><u>Estatuto da Universidade Federal de Santa Maria<\/u><\/font><\/a> com as adequa\u00e7\u00f5es aprovadas pela <a href=\"https:\/\/www.ufsm.br\/pro-reitorias\/proplan\/resolucao-n-037-2010\" target=\"_blank\"><font color=\"blue\"><u>Resolu\u00e7\u00e3o UFSM n\u00b0 037, de 30 de novembro de 2010<\/u><\/font><\/a>, aprovado pela <a href=\"https:\/\/www.ufsm.br\/app\/uploads\/2018\/08\/Estatuto-da-UFSM.pdf\" target=\"_blank\"><font color=\"blue\"><u>Portaria n\u00ba 156, de  12 de mar\u00e7o de\r\n2014<\/u><\/font><\/a>, publicado no Di\u00e1rio Oficial da Uni\u00e3o em 13 de mar\u00e7o de 2014, tendo em vista a <a href=\"https:\/\/portal.ufsm.br\/documentos\/publico\/processo\/documento.html?idDocumento=15028727\" target=\"_blank\"><font color=\"blue\"><u> Resolu\u00e7\u00e3o UFSM n\u00b0 113, de 20 de dezembro de 2022<\/u><\/font><\/a>, que disp\u00f5e sobre a cria\u00e7\u00e3o de cursos e a elabora\u00e7\u00e3o e altera\u00e7\u00e3o de projetos pedag\u00f3gicos, no \u00e2mbito do ensino de gradua\u00e7\u00e3o, e d\u00e1 outras provid\u00eancias, o <a href=\"https:\/\/www.gov.br\/capes\/pt-br\/centrais-de-conteudo\/editais\/22092023_Edital_2239591_SEI_2232888_Edital_Conjunto_23_2023.pdf\" target=\"_blank\"><font color=\"blue\"><u> Edital Conjunto CAPES\/SECADI n. 23\/2023<\/u><\/font><\/a>, e o que consta no processo <a href=\"https:\/\/portal.ufsm.br\/documentos\/publico\/processo\/documento.html?idDocumento=15040375\" target=\"_blank\"><font color=\"blue\"><u>23081.047040\/2024-43<\/u><\/font><\/a>:<\/p>\r\n\r\n<br>\r\n<p>RESOLVE:<\/p>\r\n<br>\r\n\r\n<p>Art. 1\u00b0 Aprovar a cria\u00e7\u00e3o do Curso de Educa\u00e7\u00e3o Especial Inclusiva, n\u00edvel de gradua\u00e7\u00e3o, grau de licenciatura, modalidade presencial, na estrutura organizacional do Centro de Educa\u00e7\u00e3o (CE), da Universidade Federal de Santa Maria.<p>\r\n\r\n<p>\u00a7 1\u00b0 O curso ter\u00e1 oferta n\u00e3o sequencial, vinculada ao Programa Nacional de Fomento \u00e0 Equidade na Forma\u00e7\u00e3o de Professores da Educa\u00e7\u00e3o B\u00e1sica (Parfor-Equidade), com funcionamento em turno integral e disponibiliza\u00e7\u00e3o de 30 (trinta) vagas discentes.<\/p>\r\n\r\n<p>\u00a7 2\u00b0 A Coordena\u00e7\u00e3o de Curso estar\u00e1 diretamente vinculada ao Programa referido no caput do \u00a7 1\u00ba. \r\n<\/p>\r\n\r\n<p>Art. 2\u00b0 O Artigo 5\u00b0 da <a href=\"https:\/\/www.ufsm.br\/pro-reitorias\/proplan\/resolucao-n-029-2020\"><font color=\"blue\"><u>Resolu\u00e7\u00e3o UFSM n\u00b0 029, de 05 de novembro de 2020<\/u><\/font><\/a>, passa a vigorar com a seguinte reda\u00e7\u00e3o:<\/p>\r\n<br>\r\n<p style=\"margin-left: 2.5cm\">\u201c(...)<\/p>\r\n\r\n<p style=\"margin-left: 2.5cm\">\u201cArt. 5\u00b0 ........:<\/p>\r\n\r\n<p style=\"margin-left: 2.5cm\">(...)<\/p>\r\n\r\n<p style=\"margin-left: 2.5cm\">X - Educa\u00e7\u00e3o Especial Inclusiva.<\/p>\r\n\r\n<p style=\"margin-left: 2.5cm\">(...)\u201d (NR)<\/p>\r\n<br>\r\n<p>Art. 3\u00b0 Caber\u00e1:<\/p>\r\n\r\n<p>I - \u00e0 Coordenadoria de Planejamento Administrativo (COPLAD-PROPLAN) proceder \u00e0s altera\u00e7\u00f5es nos Sistemas de Estruturantes da Institui\u00e7\u00e3o;<\/p>\r\n<p>II - \u00e0 Pr\u00f3-Reitoria de Gest\u00e3o de Pessoas (PROGEP) os procedimentos necess\u00e1rios \u00e0s designa\u00e7\u00f5es de chefia;<\/p>\r\n<p>III - ao Departamento de Arquivo Geral (DAG) o tratamento dos documentos arquiv\u00edsticos; e<\/p>\r\n<p>IV - ao Centro de Processamento de Dados (CPD) as adequa\u00e7\u00f5es necess\u00e1rias nos sistemas institucionais.<\/p>\r\n\r\n<p>Art. 4\u00b0 A inobserv\u00e2ncia ao disposto nesta Resolu\u00e7\u00e3o n\u00e3o constitui escusa v\u00e1lida para o descumprimento da norma nem resulta em sua invalidade.<\/p>\r\n\r\n<p>Art. 5\u00b0 Esta Resolu\u00e7\u00e3o entra em vigor na data de sua assinatura, de acordo com o que prev\u00ea o par\u00e1grafo 2\u00ba do art. 16 do <a href=\"https:\/\/www.planalto.gov.br\/ccivil_03\/_ato2023-2026\/2024\/decreto\/d12002.htm\"><font color=\"blue\"><u>Decreto n\u00ba 12.002, de 22 de abril de 2024.<\/u><\/font><\/a><\/p>\r\n<p> Par\u00e1grafo \u00fanico. Havendo qualquer modifica\u00e7\u00e3o legislativa, ou ainda, advindo qualquer situa\u00e7\u00e3o legal que impacte na legalidade da presente Resolu\u00e7\u00e3o, a mesma se aplica de imediato.<\/p>\r\n\r\n<br>\r\n<p>Luciano Schuch<\/p>\r\n<p>Reitor<\/p>\r\n<br>\r\n\r\n<p><font color=\"red0000\">Este texto n\u00e3o substitui o documento original, publicado no Portal de Documentos.<\/font> Dispon\u00edvel em: <a href=\"https:\/\/portal.ufsm.br\/documentos\/publico\/documento.html?id=15121964\" target=\"_blank\"><font color=\"blue\"> https:\/\/portal.ufsm.br\/documentos\/publico\/documento.html?id=15121964 <\/font><\/a><\/p>\t\t<\/div>\n\t\t\t\t<\/div>\n\t\t\t\t\t<\/div>\n\t\t<\/div>\n\t\t\t\t\t<\/div>\n\t\t<\/section>\n\t\t\t\t<\/div>\n\t\t","protected":false},"excerpt":{"rendered":"<p>RESOLU\u00c7\u00c3O UFSM N. 166, DE 23 DE JULHO DE 2024 MINIST\u00c9RIO DA EDUCA\u00c7\u00c3O UNIVERSIDADE FEDERAL DE SANTA MARIA RESOLU\u00c7\u00c3O UFSM N\u00b0 166, DE 23 DE JULHO DE 2024 Aprova a cria\u00e7\u00e3o do Curso de Educa\u00e7\u00e3o Especial Inclusiva, n\u00edvel de gradua\u00e7\u00e3o, grau de licenciatura, modalidade presencial, na estrutura organizacional do Centro de Educa\u00e7\u00e3o (CE), da Universidade [&hellip;]<\/p>\n","protected":false},"author":4883,"featured_media":0,"parent":0,"menu_order":0,"comment_status":"closed","ping_status":"closed","template":"","meta":{"footnotes":""},"categories":[],"tags":[],"class_list":["post-5860","page","type-page","status-publish","hentry"],"acf":[],"_links":{"self":[{"href":"https:\/\/www.ufsm.br\/pro-reitorias\/proplan\/wp-json\/wp\/v2\/pages\/5860","targetHints":{"allow":["GET"]}}],"collection":[{"href":"https:\/\/www.ufsm.br\/pro-reitorias\/proplan\/wp-json\/wp\/v2\/pages"}],"about":[{"href":"https:\/\/www.ufsm.br\/pro-reitorias\/proplan\/wp-json\/wp\/v2\/types\/page"}],"author":[{"embeddable":true,"href":"https:\/\/www.ufsm.br\/pro-reitorias\/proplan\/wp-json\/wp\/v2\/users\/4883"}],"replies":[{"embeddable":true,"href":"https:\/\/www.ufsm.br\/pro-reitorias\/proplan\/wp-json\/wp\/v2\/comments?post=5860"}],"version-history":[{"count":0,"href":"https:\/\/www.ufsm.br\/pro-reitorias\/proplan\/wp-json\/wp\/v2\/pages\/5860\/revisions"}],"wp:attachment":[{"href":"https:\/\/www.ufsm.br\/pro-reitorias\/proplan\/wp-json\/wp\/v2\/media?parent=5860"}],"wp:term":[{"taxonomy":"category","embeddable":true,"href":"https:\/\/www.ufsm.br\/pro-reitorias\/proplan\/wp-json\/wp\/v2\/categories?post=5860"},{"taxonomy":"post_tag","embeddable":true,"href":"https:\/\/www.ufsm.br\/pro-reitorias\/proplan\/wp-json\/wp\/v2\/tags?post=5860"}],"curies":[{"name":"wp","href":"https:\/\/api.w.org\/{rel}","templated":true}]}}