{"id":5908,"date":"2024-08-06T15:00:50","date_gmt":"2024-08-06T18:00:50","guid":{"rendered":"https:\/\/www.ufsm.br\/pro-reitorias\/proplan\/?page_id=5908"},"modified":"2025-08-19T15:40:04","modified_gmt":"2025-08-19T18:40:04","slug":"resolucao-ufsm-n-168-2024","status":"publish","type":"page","link":"https:\/\/www.ufsm.br\/pro-reitorias\/proplan\/resolucao-ufsm-n-168-2024","title":{"rendered":"RESOLU\u00c7\u00c3O UFSM N\u00b0 168\/2024"},"content":{"rendered":"\t\t<div data-elementor-type=\"wp-page\" data-elementor-id=\"5908\" class=\"elementor elementor-5908\">\n\t\t\t\t\t\t<section class=\"elementor-section elementor-top-section elementor-element elementor-element-71662ba elementor-section-boxed elementor-section-height-default elementor-section-height-default\" data-id=\"71662ba\" data-element_type=\"section\">\n\t\t\t\t\t\t<div class=\"elementor-container elementor-column-gap-default\">\n\t\t\t\t\t<div class=\"elementor-column elementor-col-100 elementor-top-column elementor-element elementor-element-b10755e\" data-id=\"b10755e\" data-element_type=\"column\">\n\t\t\t<div class=\"elementor-widget-wrap elementor-element-populated\">\n\t\t\t\t\t\t<div class=\"elementor-element elementor-element-a4e5a6c elementor-widget elementor-widget-html\" data-id=\"a4e5a6c\" data-element_type=\"widget\" data-widget_type=\"html.default\">\n\t\t\t\t<div class=\"elementor-widget-container\">\n\t\t\t\r\n\r\n\r\n<title><b>RESOLU\u00c7\u00c3O UFSM N. 168, 05 DE AGOSTO DE 2024<\/b><\/title>\r\n\r\n\r\n<div align=\"center\"><img decoding=\"async\" src=\"https:\/\/www.ufsm.br\/pro-reitorias\/proplan\/wp-content\/uploads\/sites\/344\/2019\/09\/brasao-da-republica-do-brasil-logo.png\" alt=\"Bras\u00e3o Rep\u00fablica Federativa do Brasil\" width=\"6%\" height=\"6%\"><\/div>\r\n\r\n<h1><font color=\"blue\"><font size=\"5\"><div align=\"center\">MINIST\u00c9RIO DA EDUCA\u00c7\u00c3O<\/div><\/font><\/font><\/H1>\r\n<p><b><font color=\"0000blue\"><div align=\"center\">UNIVERSIDADE FEDERAL DE SANTA MARIA<\/b><\/div><\/font><\/p>\r\n<p><div align=\"center\"><b><a href=\"https:\/\/portal.ufsm.br\/documentos\/publico\/documento.html?id=15121954\" target=\"_blank\"><font color=\"blue\">RESOLU\u00c7\u00c3O UFSM N\u00b0 168, DE 05 DE AGOSTO DE 2024<\/font><\/a><\/b><\/div><\/p>\r\n<br>\r\n\r\n<p style=\"margin-left: 9cm;text-align: justify;color: #800000\">Aprova a cria\u00e7\u00e3o do Curso de Gest\u00e3o de Organiza\u00e7\u00f5es P\u00fablicas em n\u00edvel de doutorado profissional vinculado ao Programa de P\u00f3s-gradua\u00e7\u00e3o em Gest\u00e3o de Organiza\u00e7\u00f5es P\u00fablicas (PPGOP), do Centro de Ci\u00eancias Sociais e Humanas (CCSH) da Universidade Federal de Santa Maria (UFSM).\r\n<\/p>\r\n\r\n\r\n\r\n<br><div align=\"justify\"><font color=\"black\">\r\n<p>\r\n  O REITOR DA UNIVERSIDADE FEDERAL DE SANTA MARIA, no uso de suas atribui\u00e7\u00f5es legais que lhe confere o art. 30 do \r\n  <a href=\"https:\/\/www.ufsm.br\/pro-reitorias\/proplan\/estatuto-ufsm-2010\" target=\"_blank\"><font color=\"blue\"><u>Estatuto da Universidade Federal de Santa Maria<\/u><\/font><\/a> \r\n  com as adequa\u00e7\u00f5es aprovadas pela \r\n  <a href=\"https:\/\/www.ufsm.br\/pro-reitorias\/proplan\/resolucao-n-037-2010\" target=\"_blank\"><font color=\"blue\"><u>Resolu\u00e7\u00e3o UFSM n\u00b0 037,  de 30 de novembro de 2010<\/u><\/font><\/a>, \r\n aprovado pela \r\n  <a href=\"https:\/\/www.ufsm.br\/app\/uploads\/2018\/08\/Estatuto-da-UFSM.pdf\" target=\"_blank\"><font color=\"blue\"><u>Portaria n\u00b0 156, de 12 de mar\u00e7o de 2014<\/u><\/font><\/a>, \r\n  e publicado no Di\u00e1rio Oficial da Uni\u00e3o em 13 de mar\u00e7o de 2014, tendo em vista a \r\n  <a href=\"https:\/\/portal.ufsm.br\/documentos\/publico\/processo\/documento.html?idDocumento=14820555\" target=\"_blank\"><font color=\"blue\"><u>Resolu\u00e7\u00e3o UFSM n\u00b0 139, de 29 de agosto de 2023<\/u><\/font><\/a>, o parecer \r\n  <a href=\"http:\/\/portal.mec.gov.br\/index.php?option=com_docman&amp;view=download&amp;alias=259631-pces285-24&amp;category_slug=maio-2024&amp;Itemid=30192\" target=\"_blank\"><font color=\"blue\"><u>CNE\/CES n\u00b0 285\/2024<\/u><\/font><\/a>, \r\n  o Parecer N. 009\/2023 da Comiss\u00e3o de Ensino, Pesquisa e Extens\u00e3o (COMEPE), aprovado na 982\u00aa Sess\u00e3o do Conselho de Ensino, Pesquisa e Extens\u00e3o (CEPE), referente ao Processo n\u00b0 \r\n  <a href=\"https:\/\/portal.ufsm.br\/documentos\/publico\/processo\/documento.html?idDocumento=14451893\" target=\"_blank\"><font color=\"blue\"><u>23081.125257\/2022-30<\/u><\/font><\/a>, e o que consta no processo n\u00b0\r\n  <a href=\"https:\/\/portal.ufsm.br\/documentos\/publico\/processo\/documento.html?idDocumento=15087466\" target=\"_blank\"><font color=\"blue\"><u>23081.065169\/2024-33<\/u><\/font><\/a>,\r\n<\/p>\r\n\r\n<br>\r\n<p>RESOLVE:<\/p>\r\n<br>\r\n\r\n<p>Art. 1\u00b0 Aprovar a cria\u00e7\u00e3o do Curso de Gest\u00e3o de Organiza\u00e7\u00f5es P\u00fablicas em n\u00edvel de doutorado profissional vinculado ao Programa Programa de P\u00f3s-gradua\u00e7\u00e3o em Gest\u00e3o de Organiza\u00e7\u00f5es P\u00fablicas (PPGOP), do Centro de Ci\u00eancias Sociais e Humanas, da Universidade Federal de Santa Maria (UFSM).<p>\r\n\r\n<p>Art. 2\u00b0 A <a href=\"https:\/\/www.ufsm.br\/pro-reitorias\/proplan\/resolucao-ufsm-n-076-2022\"><font color=\"blue\"><u>Resolu\u00e7\u00e3o UFSM n\u00b0 076, de 31 de janeiro de 202<\/u><\/font><\/a>,  passa a vigorar com a seguinte reda\u00e7\u00e3o:<\/p>\r\n<br>\r\n<p style=\"margin-left: 2.5cm\">\u201c(...)<\/p>\r\n\r\n<p style=\"margin-left: 2.5cm\">\u201cArt. 6\u00b0 ........:<\/p>\r\n\r\n<p style=\"margin-left: 2.5cm\">(...)<\/p>\r\n\r\n<p style=\"margin-left: 2.5cm\">XIV - Gest\u00e3o de Organiza\u00e7\u00f5es P\u00fablicas, em n\u00edvel de Mestrado e Doutorado Profissional;<\/p>\r\n\r\n<p style=\"margin-left: 2.5cm\">(...)\u201d (NR)<\/p>\r\n<br>\r\n<p>Art. 3\u00b0 Caber\u00e1:<\/p>\r\n\r\n<p>I - \u00e0 Coordenadoria de Planejamento Administrativo (COPLAD-PROPLAN) proceder \u00e0s altera\u00e7\u00f5es nos Sistemas de Estruturantes da Institui\u00e7\u00e3o; e<\/p>\r\n<p>II - \u00e0 Pr\u00f3-Reitoria de P\u00f3s-Gradua\u00e7\u00e3o e Pesquisa (PRPGP) os ajustes acad\u00eamicos necess\u00e1rios;<\/p>\r\n\r\n<p>Art. 4\u00b0 A inobserv\u00e2ncia ao disposto nesta Resolu\u00e7\u00e3o n\u00e3o constitui escusa v\u00e1lida para o descumprimento da norma nem resulta em sua invalidade.<\/p>\r\n\r\n<p> Art. 5\u00b0 Esta Resolu\u00e7\u00e3o entra em vigor na data de sua assinatura, de acordo com o que prev\u00ea o par\u00e1grafo 2\u00ba do art. 16 do <a href=\"https:\/\/www.planalto.gov.br\/ccivil_03\/_ato2023-2026\/2024\/decreto\/d12002.htm\"><font color=\"blue\"><u>Decreto n\u00ba 12.002, de 22 de abril de 2024.<\/u><\/font><\/a><\/p>\r\n\r\n<p> Par\u00e1grafo \u00fanico. Havendo qualquer modifica\u00e7\u00e3o legislativa, ou ainda, advindo qualquer situa\u00e7\u00e3o legal que impacte na legalidade da presente Resolu\u00e7\u00e3o, a mesma se aplica de imediato.<\/p>\r\n\r\n<br>\r\n<p>Luciano Schuch<\/p>\r\n<p>Reitor<\/p>\r\n<br>\r\n\r\n<p><font color=\"red0000\">Este texto n\u00e3o substitui o documento original, publicado no Portal de Documentos.<\/font> Dispon\u00edvel em: <a href=\"https:\/\/portal.ufsm.br\/documentos\/publico\/documento.html?id=15134634\" target=\"_blank\"><font color=\"blue\"> https:\/\/portal.ufsm.br\/documentos\/publico\/documento.html?id=15134634 <\/font><\/a><\/p>\t\t<\/div>\n\t\t\t\t<\/div>\n\t\t\t\t\t<\/div>\n\t\t<\/div>\n\t\t\t\t\t<\/div>\n\t\t<\/section>\n\t\t\t\t<\/div>\n\t\t","protected":false},"excerpt":{"rendered":"<p>RESOLU\u00c7\u00c3O UFSM N. 168, 05 DE AGOSTO DE 2024 MINIST\u00c9RIO DA EDUCA\u00c7\u00c3O UNIVERSIDADE FEDERAL DE SANTA MARIA RESOLU\u00c7\u00c3O UFSM N\u00b0 168, DE 05 DE AGOSTO DE 2024 Aprova a cria\u00e7\u00e3o do Curso de Gest\u00e3o de Organiza\u00e7\u00f5es P\u00fablicas em n\u00edvel de doutorado profissional vinculado ao Programa de P\u00f3s-gradua\u00e7\u00e3o em Gest\u00e3o de Organiza\u00e7\u00f5es P\u00fablicas (PPGOP), do Centro [&hellip;]<\/p>\n","protected":false},"author":640,"featured_media":0,"parent":0,"menu_order":0,"comment_status":"closed","ping_status":"closed","template":"","meta":{"footnotes":""},"categories":[],"tags":[],"class_list":["post-5908","page","type-page","status-publish","hentry"],"acf":[],"_links":{"self":[{"href":"https:\/\/www.ufsm.br\/pro-reitorias\/proplan\/wp-json\/wp\/v2\/pages\/5908","targetHints":{"allow":["GET"]}}],"collection":[{"href":"https:\/\/www.ufsm.br\/pro-reitorias\/proplan\/wp-json\/wp\/v2\/pages"}],"about":[{"href":"https:\/\/www.ufsm.br\/pro-reitorias\/proplan\/wp-json\/wp\/v2\/types\/page"}],"author":[{"embeddable":true,"href":"https:\/\/www.ufsm.br\/pro-reitorias\/proplan\/wp-json\/wp\/v2\/users\/640"}],"replies":[{"embeddable":true,"href":"https:\/\/www.ufsm.br\/pro-reitorias\/proplan\/wp-json\/wp\/v2\/comments?post=5908"}],"version-history":[{"count":0,"href":"https:\/\/www.ufsm.br\/pro-reitorias\/proplan\/wp-json\/wp\/v2\/pages\/5908\/revisions"}],"wp:attachment":[{"href":"https:\/\/www.ufsm.br\/pro-reitorias\/proplan\/wp-json\/wp\/v2\/media?parent=5908"}],"wp:term":[{"taxonomy":"category","embeddable":true,"href":"https:\/\/www.ufsm.br\/pro-reitorias\/proplan\/wp-json\/wp\/v2\/categories?post=5908"},{"taxonomy":"post_tag","embeddable":true,"href":"https:\/\/www.ufsm.br\/pro-reitorias\/proplan\/wp-json\/wp\/v2\/tags?post=5908"}],"curies":[{"name":"wp","href":"https:\/\/api.w.org\/{rel}","templated":true}]}}