{"id":6035,"date":"2024-08-23T16:13:57","date_gmt":"2024-08-23T19:13:57","guid":{"rendered":"https:\/\/www.ufsm.br\/pro-reitorias\/proplan\/?page_id=6035"},"modified":"2025-08-18T14:42:18","modified_gmt":"2025-08-18T17:42:18","slug":"resolucao-ufsm-n-172-2024","status":"publish","type":"page","link":"https:\/\/www.ufsm.br\/pro-reitorias\/proplan\/resolucao-ufsm-n-172-2024","title":{"rendered":"RESOLU\u00c7\u00c3O UFSM N\u00b0 172\/2024"},"content":{"rendered":"\t\t<div data-elementor-type=\"wp-page\" data-elementor-id=\"6035\" class=\"elementor elementor-6035\">\n\t\t\t\t\t\t<section class=\"elementor-section elementor-top-section elementor-element elementor-element-1573e64 elementor-section-boxed elementor-section-height-default elementor-section-height-default\" data-id=\"1573e64\" data-element_type=\"section\">\n\t\t\t\t\t\t<div class=\"elementor-container elementor-column-gap-default\">\n\t\t\t\t\t<div class=\"elementor-column elementor-col-100 elementor-top-column elementor-element elementor-element-7239f5a\" data-id=\"7239f5a\" data-element_type=\"column\">\n\t\t\t<div class=\"elementor-widget-wrap elementor-element-populated\">\n\t\t\t\t\t\t<div class=\"elementor-element elementor-element-515a537 elementor-widget elementor-widget-html\" data-id=\"515a537\" data-element_type=\"widget\" data-widget_type=\"html.default\">\n\t\t\t\t<div class=\"elementor-widget-container\">\n\t\t\t\r\n\r\n\r\n<title><b>RESOLU\u00c7\u00c3O UFSM N. 172, DE 19 DE AGOSTO DE 2024<\/b><\/title>\r\n\r\n\r\n<div align=\"center\"><img decoding=\"async\" src=\"https:\/\/www.ufsm.br\/pro-reitorias\/proplan\/wp-content\/uploads\/sites\/344\/2019\/09\/brasao-da-republica-do-brasil-logo.png\" alt=\"Bras\u00e3o Rep\u00fablica Federativa do Brasil\" width=\"6%\" height=\"6%\"><\/div>\r\n\r\n<h1><font color=\"blue\"><font size=\"5\"><div align=\"center\">MINIST\u00c9RIO DA EDUCA\u00c7\u00c3O<\/div><\/font><\/font><\/H1>\r\n<p><b><font color=\"0000blue\"><div align=\"center\">UNIVERSIDADE FEDERAL DE SANTA MARIA<\/b><\/div><\/font><\/p>\r\n<p><div align=\"center\"><b><a href=\"https:\/\/portal.ufsm.br\/documentos\/publico\/documento.html?id=15157929\" target=\"_blank\"><font color=\"blue\">RESOLU\u00c7\u00c3O UFSM N\u00b0 172, DE 19 DE AGOSTO DE 2024<\/font><\/a><\/b><\/div><\/p>\r\n<br>\r\n\r\n\r\n<p style=\"margin-left: 9cm;text-align: justify;color: #800000\">Aprova o novo Regulamento Geral da P\u00f3s-Gradua\u00e7\u00e3o Lato Sensu da Universidade Federal de Santa Maria (UFSM).\r\n<\/p>\r\n\r\n\r\n<br><div align=\"justify\"><font color=\"black\">\r\n\r\nO REITOR DA UNIVERSIDADE FEDERAL DE SANTA MARIA, no uso de suas atribui\u00e7\u00f5es legais que lhe confere o art. 30 do \r\n  <a href=\"https:\/\/www.ufsm.br\/pro-reitorias\/proplan\/estatuto-ufsm-2010\" target=\"_blank\"><font color=\"blue\"><u>Estatuto da Universidade Federal de Santa Maria<\/u><\/font><\/a> \r\n  com as adequa\u00e7\u00f5es aprovadas pela \r\n  <a href=\"https:\/\/www.ufsm.br\/pro-reitorias\/proplan\/resolucao-n-037-2010\" target=\"_blank\"><font color=\"blue\"><u>Resolu\u00e7\u00e3o UFSM n\u00b0 037, \r\n  de 30 de novembro de 2010<\/u><\/font><\/a>, aprovado pela \r\n  <a href=\"https:\/\/www.ufsm.br\/app\/uploads\/2018\/08\/Estatuto-da-UFSM.pdf\" target=\"_blank\"><font color=\"blue\"><u>Portaria n\u00b0 156, de 12 de mar\u00e7o de 2014<\/u><\/font><\/a>, e publicado no Di\u00e1rio Oficial da Uni\u00e3o em 13 de mar\u00e7o de 2014, tendo em vista as necess&aacute;rias adapta&ccedil;&otilde;es, a partir do cotidiano no gerenciamento da P&oacute;s-gradua&ccedil;&atilde;o <\/span><em>Lato Sensu<\/em><span> e de observa&ccedil;&otilde;es de cursos de especializa&ccedil;&atilde;o ap&oacute;s a aprova&ccedil;&atilde;o da <a href=\"https:\/\/www.ufsm.br\/pro-reitorias\/proplan?page_id=4767\"><font color=\"blue\"><u>Resolu&ccedil;&atilde;o UFSM n&deg; 72\/2021<\/u><\/font><\/a> que apontam para a necessidade de atualiza&ccedil;&atilde;o do Regimento Geral da P&oacute;s-gradua&ccedil;&atilde;o, e o que consta no processo <a href=\"https:\/\/portal.ufsm.br\/documentos\/publico\/processo\/documento.html?idDocumento=15038585\"><font color=\"blue\"><u>23081.046328\/2024-09<\/u><\/font><\/a>, resolve:<\/span><\/p>\r\n\r\n<p>Art. 1&deg; &nbsp; Aprovar o novo Regulamento Geral da P&oacute;s-Gradua&ccedil;&atilde;o <em>Lato Sensu<\/em> da Universidade Federal de Santa Maria (UFSM).<\/p>\r\n\r\n<p>Par&aacute;grafo &uacute;nico. O novo Regulamento Geral da P&oacute;s-Gradua&ccedil;&atilde;o <em>Lato Sensu<\/em> da Universidade Federal de Santa Maria (UFSM) se constitui como anexo desta resolu&ccedil;&atilde;o.<\/p>\r\n\r\n<p>Art. 2&deg; &nbsp; Incluir no <a href=\"https:\/\/www.ufsm.br\/pro-reitorias\/proplan\/regimento-geral-da-ufsm-com-alteracoes-compiladas-pela-resolucao-n-016-2019\"><font color=\"blue\"><u>Regimento Geral da Universidade Federal de Santa Maria<\/u><\/font><\/a> o &sect;3&deg; do art. 130 com a seguinte reda&ccedil;&atilde;o:<\/p>\r\n<br>\r\n<ul><ul><ul>\r\n<p>&ldquo;(...)<\/p>\r\n<p>&sect;3&deg; Os cursos de p&oacute;s-gradua&ccedil;&atilde;o Lato Sensu do tipo eventual ou <em>in company<\/em>, que n&atilde;o apresentarem oferta regular, ser&atilde;o propostos na forma de projeto de ensino e institu&iacute;dos pelo Conselho da Unidade de Ensino proponente, ap&oacute;s emiss&atilde;o de parecer favor&aacute;vel pela PRPGP, conforme regulamenta&ccedil;&atilde;o espec&iacute;fica estabelecida pela Pr&oacute;-Reitoria de P&oacute;s-Gradua&ccedil;&atilde;o e Pesquisa.<\/p>\r\n<p>(...)&rdquo; (NR)<\/p>\r\n<\/ul><\/ul><\/ul>\r\n<br>\r\n<p>Art. 3&deg; &nbsp; A Pol&iacute;tica Institucional de P&oacute;s-Gradua&ccedil;&atilde;o e Pesquisa, anexa &agrave; <a href=\"https:\/\/www.ufsm.br\/pro-reitorias\/proplan\/resolucao-ufsm-n-139-2023\"><font color=\"blue\"><u>Resolu&ccedil;&atilde;o UFSM n&ordm; 139\/2023<\/u><\/font><\/a>, configura-se, outrossim, como instrumento norteador dos princ&iacute;pios, objetivos, e diretrizes da P&oacute;s-Gradua&ccedil;&atilde;o <em>Lato Sensu<\/em> na Institui&ccedil;&atilde;o.<\/p>\r\n\r\n<p>Art.&nbsp;4&deg; &nbsp; Ficam Revogados:<\/p>\r\n\r\n<p>I &ndash; a <a href=\"https:\/\/www.ufsm.br\/pro-reitorias\/proplan?page_id=4767\"><font color=\"blue\"><u>Resolu&ccedil;&atilde;o UFSM n&deg; 072\/2021<\/u><\/font><\/a>;<\/p>\r\n<p>II &ndash; a <a href=\"https:\/\/www.ufsm.br\/pro-reitorias\/proplan\/resolucao-n-015-2014\"><font color=\"blue\"><u>Resolu&ccedil;&atilde;o UFSM n&deg; 015\/2014<\/u><\/font><\/a>;<\/p>\r\n<p>III &ndash; o par&aacute;grafo 1 do art. 3&deg; da <a href=\"https:\/\/www.ufsm.br\/pro-reitorias\/proplan\/resolucao-ufsm-n-139-2023\"><font color=\"blue\"><u>Resolu&ccedil;&atilde;o UFSM n&deg; 139\/2023<\/u><\/font><\/a>.<\/p>\r\n\r\n<p>Art. 5&deg; &nbsp; A inobserv&acirc;ncia ao disposto nesta Resolu&ccedil;&atilde;o n&atilde;o constitui escusa v&aacute;lida para o descumprimento da norma nem resulta em sua invalidade.<\/p>\r\n\r\n<p>Art. 6&deg; &nbsp; Esta Resolu&ccedil;&atilde;o entra em vigor na data de sua assinatura, de acordo com o que prev&ecirc; o par&aacute;grafo 2&deg; do art. 16 do <a href=\"http:\/\/legislacao.planalto.gov.br\/legisla\/legislacao.nsf\/Viw_Identificacao\/DEC%2012.002-2024?OpenDocument\"><font color=\"blue\"><u>Decreto n&ordm; 12.002, de 22 de abril de 2024<\/u><\/font><\/a>.<\/p>\r\n<p>Par&aacute;grafo &uacute;nico. Havendo qualquer modifica&ccedil;&atilde;o legislativa, ou ainda, advindo qualquer situa&ccedil;&atilde;o legal que impacte na legalidade da presente Resolu&ccedil;&atilde;o, a mesma se aplica de imediato.<\/p>\r\n\r\n<p align=\"left\">&nbsp;<\/p>\r\n<p align=\"left\">Luciano Schuch<\/p>\r\n<p align=\"left\">Reitor<\/p>\r\n\r\n<p><font color=\"red0000\">Este texto n\u00e3o substitui o documento original, publicado no Portal de Documentos.<\/font> Dispon\u00edvel em: <a href=\"https:\/\/portal.ufsm.br\/documentos\/publico\/documento.html?id=15157929\" target=\"_blank\"><font color=\"blue\"> https:\/\/portal.ufsm.br\/documentos\/publico\/documento.html?id=15157929 <\/font><\/a><\/p>\t\t<\/div>\n\t\t\t\t<\/div>\n\t\t\t\t\t<\/div>\n\t\t<\/div>\n\t\t\t\t\t<\/div>\n\t\t<\/section>\n\t\t\t\t<\/div>\n\t\t","protected":false},"excerpt":{"rendered":"<p>RESOLU\u00c7\u00c3O UFSM N. 172, DE 19 DE AGOSTO DE 2024 MINIST\u00c9RIO DA EDUCA\u00c7\u00c3O UNIVERSIDADE FEDERAL DE SANTA MARIA RESOLU\u00c7\u00c3O UFSM N\u00b0 172, DE 19 DE AGOSTO DE 2024 Aprova o novo Regulamento Geral da P\u00f3s-Gradua\u00e7\u00e3o Lato Sensu da Universidade Federal de Santa Maria (UFSM). O REITOR DA UNIVERSIDADE FEDERAL DE SANTA MARIA, no uso de [&hellip;]<\/p>\n","protected":false},"author":4883,"featured_media":0,"parent":0,"menu_order":0,"comment_status":"closed","ping_status":"closed","template":"","meta":{"footnotes":""},"categories":[],"tags":[],"class_list":["post-6035","page","type-page","status-publish","hentry"],"acf":[],"_links":{"self":[{"href":"https:\/\/www.ufsm.br\/pro-reitorias\/proplan\/wp-json\/wp\/v2\/pages\/6035","targetHints":{"allow":["GET"]}}],"collection":[{"href":"https:\/\/www.ufsm.br\/pro-reitorias\/proplan\/wp-json\/wp\/v2\/pages"}],"about":[{"href":"https:\/\/www.ufsm.br\/pro-reitorias\/proplan\/wp-json\/wp\/v2\/types\/page"}],"author":[{"embeddable":true,"href":"https:\/\/www.ufsm.br\/pro-reitorias\/proplan\/wp-json\/wp\/v2\/users\/4883"}],"replies":[{"embeddable":true,"href":"https:\/\/www.ufsm.br\/pro-reitorias\/proplan\/wp-json\/wp\/v2\/comments?post=6035"}],"version-history":[{"count":0,"href":"https:\/\/www.ufsm.br\/pro-reitorias\/proplan\/wp-json\/wp\/v2\/pages\/6035\/revisions"}],"wp:attachment":[{"href":"https:\/\/www.ufsm.br\/pro-reitorias\/proplan\/wp-json\/wp\/v2\/media?parent=6035"}],"wp:term":[{"taxonomy":"category","embeddable":true,"href":"https:\/\/www.ufsm.br\/pro-reitorias\/proplan\/wp-json\/wp\/v2\/categories?post=6035"},{"taxonomy":"post_tag","embeddable":true,"href":"https:\/\/www.ufsm.br\/pro-reitorias\/proplan\/wp-json\/wp\/v2\/tags?post=6035"}],"curies":[{"name":"wp","href":"https:\/\/api.w.org\/{rel}","templated":true}]}}