{"id":6043,"date":"2024-08-27T13:54:36","date_gmt":"2024-08-27T16:54:36","guid":{"rendered":"https:\/\/www.ufsm.br\/pro-reitorias\/proplan\/?page_id=6043"},"modified":"2025-08-18T15:18:37","modified_gmt":"2025-08-18T18:18:37","slug":"resolucao-ufsm-n-173-2024","status":"publish","type":"page","link":"https:\/\/www.ufsm.br\/pro-reitorias\/proplan\/resolucao-ufsm-n-173-2024","title":{"rendered":"RESOLU\u00c7\u00c3O UFSM N\u00b0 173\/2024"},"content":{"rendered":"\t\t<div data-elementor-type=\"wp-page\" data-elementor-id=\"6043\" class=\"elementor elementor-6043\">\n\t\t\t\t\t\t<section class=\"elementor-section elementor-top-section elementor-element elementor-element-477f59f elementor-section-boxed elementor-section-height-default elementor-section-height-default\" data-id=\"477f59f\" data-element_type=\"section\">\n\t\t\t\t\t\t<div class=\"elementor-container elementor-column-gap-default\">\n\t\t\t\t\t<div class=\"elementor-column elementor-col-100 elementor-top-column elementor-element elementor-element-0ac47f1\" data-id=\"0ac47f1\" data-element_type=\"column\">\n\t\t\t<div class=\"elementor-widget-wrap elementor-element-populated\">\n\t\t\t\t\t\t<div class=\"elementor-element elementor-element-c951715 elementor-widget elementor-widget-html\" data-id=\"c951715\" data-element_type=\"widget\" data-widget_type=\"html.default\">\n\t\t\t\t<div class=\"elementor-widget-container\">\n\t\t\t\r\n\r\n\r\n<title><b>RESOLU\u00c7\u00c3O UFSM N. 173, DE 20 DE AGOSTO DE 2024<\/b><\/title>\r\n\r\n\r\n<div align=\"center\"><img decoding=\"async\" src=\"https:\/\/www.ufsm.br\/pro-reitorias\/proplan\/wp-content\/uploads\/sites\/344\/2019\/09\/brasao-da-republica-do-brasil-logo.png\" alt=\"Bras\u00e3o Rep\u00fablica Federativa do Brasil\" width=\"6%\" height=\"6%\"><\/div>\r\n\r\n<h1><font color=\"blue\"><font size=\"5\"><div align=\"center\">MINIST\u00c9RIO DA EDUCA\u00c7\u00c3O<\/div><\/font><\/font><\/H1>\r\n<p><b><font color=\"0000blue\"><div align=\"center\">UNIVERSIDADE FEDERAL DE SANTA MARIA<\/b><\/div><\/font><\/p>\r\n<p><div align=\"center\"><b><a href=\"https:\/\/portal.ufsm.br\/documentos\/publico\/documento.html?id=15163316\" target=\"_blank\"><font color=\"blue\">RESOLU\u00c7\u00c3O UFSM N\u00b0 173, DE 20 DE AGOSTO DE 2024<\/font><\/a><\/b><\/div><\/p>\r\n<br>\r\n\r\n\r\n<p style=\"margin-left: 9cm;text-align: justify;color: #800000\">Regulamenta a contrata\u00e7\u00e3o por tempo determinado de Professor Visitante Nacional (PVN) e Professor Visitante Estrangeiro (PVE) na Universidade Federal de Santa Maria (UFSM).\r\n<\/p>\r\n\r\n\r\n<br><div align=\"justify\"><font color=\"black\">\r\n\r\nO REITOR DA UNIVERSIDADE FEDERAL DE SANTA MARIA, no uso de suas atribui\u00e7\u00f5es legais que lhe confere o art. 30 do \r\n  <a href=\"https:\/\/www.ufsm.br\/pro-reitorias\/proplan\/estatuto-ufsm-2010\" target=\"_blank\"><font color=\"blue\"><u>Estatuto da Universidade Federal de Santa Maria<\/u><\/font><\/a> \r\n  com as adequa\u00e7\u00f5es aprovadas pela \r\n  <a href=\"https:\/\/www.ufsm.br\/pro-reitorias\/proplan\/resolucao-n-037-2010\" target=\"_blank\"><font color=\"blue\"><u>Resolu\u00e7\u00e3o UFSM n\u00b0 037, \r\n  de 30 de novembro de 2010<\/u><\/font><\/a>, aprovado pela \r\n  <a href=\"https:\/\/www.ufsm.br\/app\/uploads\/2018\/08\/Estatuto-da-UFSM.pdf\" target=\"_blank\"><font color=\"blue\"><u>Portaria n\u00b0 156, de 12 de mar\u00e7o de 2014<\/u><\/font><\/a>, e publicado no Di\u00e1rio Oficial da Uni\u00e3o em 13 de mar\u00e7o de 2014, tendo em vista o inciso IX do art. 37 da <a href=\"https:\/\/www.planalto.gov.br\/ccivil_03\/constituicao\/constituicao.htm\"><font color=\"blue\"><u>Constitui&ccedil;&atilde;o da Rep&uacute;blica Federativa do Brasil de 1988<\/u><\/font><\/a>, a <a href=\"https:\/\/www.planalto.gov.br\/CCIVIL_03\/_Ato2011-2014\/2012\/Lei\/L12772.htm\"><font color=\"blue\"><u>Lei n&deg; 12.772, de 28 de dezembro de 2022<\/u><\/font><\/a>, a <a href=\"https:\/\/www.planalto.gov.br\/ccivil_03\/_ato2007-2010\/2008\/lei\/l11784.htm\"><font color=\"blue\"><u>Lei n&deg; 11.784, de 22 de setembro de 2008<\/u><\/font><\/a>, a <a href=\"https:\/\/www.ufsm.br\/pro-reitorias\/proplan\/resolucao-n-028-2017\/\"><font color=\"blue\"><u>Resolu&ccedil;&atilde;o UFSM n&deg; 028, de 19 de dezembro de 2017<\/u><\/font><\/a>, e o que consta no processo <a href=\"https:\/\/portal.ufsm.br\/documentos\/publico\/processo\/documento.html?idDocumento=14878048\"><font color=\"blue\"><u>23081.138436\/2023-18<\/u><\/font><\/a>, resolve:<\/p>\r\n\r\n<p><span>Art. 1&deg; &nbsp;Regulamentar a contrata&ccedil;&atilde;o por tempo determinado de professor visitante nacional (PVN) e professor visitante estrangeiro (PVE) na Universidade Federal de Santa Maria (UFSM).<\/span><\/p>\r\n<p>&sect; 1&deg; <span>A contrata&ccedil;&atilde;o de PVN ou PVE somente poder&aacute; ser efetivada respeitando o saldo dispon&iacute;vel no Banco de Professor Equivalente da UFSM e de recursos or&ccedil;ament&aacute;rios para esta finalidade, saldos estes acompanhados pela Pr&oacute;-Reitoria de Gest&atilde;o de Pessoas (PROGEP) e Pr&oacute;-Reitoria de Planejamento (PROPLAN), respectivamente, de forma pr&eacute;via ao in&iacute;cio da chamada interna e do processo seletivo simplificado e para atuar em &aacute;reas estrat&eacute;gicas ou de peculiar necessidade ao desenvolvimento institucional da pesquisa e p&oacute;s-gradua&ccedil;&atilde;o.<\/span><\/p>\r\n<p>&sect; 2&deg;<span> Em car&aacute;ter excepcional, poder&aacute; ser aberto edital de processo de sele&ccedil;&atilde;o para contrata&ccedil;&atilde;o de PVE ou PVN em &aacute;reas estrat&eacute;gicas ou de peculiar necessidade ao desenvolvimento institucional, para a atua&ccedil;&atilde;o em pesquisa e ensino de gradua&ccedil;&atilde;o nas unidades que n&atilde;o possuem programas de p&oacute;s-gradua&ccedil;&atilde;o stricto sensu.<\/span><\/p>\r\n<p>&sect; 3&deg;<span> O edital de processo seletivo dever&aacute;, inicialmente, ser publicado para selecionar professor visitante estrangeiro (PVE), sendo que na impossibilidade de preenchimento da vaga com PVE, o Programa de P&oacute;s-Gradua&ccedil;&atilde;o poder&aacute; solicitar abertura de sele&ccedil;&atilde;o p&uacute;blica para professor visitante nacional (PVN).<\/span><\/p>\r\n<p>&sect; 4&deg;<span> Para efeito desta resolu&ccedil;&atilde;o, n&atilde;o ser&aacute; admitido candidato(a) a professor(a) visitante que seja servidor(a) ativo(a) ou aposentado(a) da UFSM.<\/span><\/p>\r\n<p><span>Art. 2&deg; &nbsp;O processo para sele&ccedil;&atilde;o dos Programas de P&oacute;s-gradua&ccedil;&atilde;o que receber&atilde;o as vagas de PVN ou PVE deve ser estabelecido por meio de Edital de Chamada Interna espec&iacute;fica, realizada pela Pr&oacute;-Reitoria de P&oacute;s-Gradua&ccedil;&atilde;o e Pesquisa (PRPGP), para sele&ccedil;&atilde;o de propostas encaminhadas pelos Programas de P&oacute;s-Gradua&ccedil;&atilde;o (PPGs), ou nos casos previstos no &sect;2&deg; do Art. 1&deg; pelas unidades de ensino.<\/span><\/p>\r\n<p>&sect; 1&deg;<span> O Edital de Chamada Interna definir&aacute; o n&uacute;mero de vagas e o tempo de contrata&ccedil;&atilde;o do PVN ou PVE, conforme disponibilidade or&ccedil;ament&aacute;ria.<\/span><\/p>\r\n<p>&sect; 2&deg;<span> Os requisitos para avalia&ccedil;&atilde;o das propostas de solicita&ccedil;&atilde;o de vagas PVN ou PVE ser&atilde;o definidos em instru&ccedil;&atilde;o normativa espec&iacute;fica publicada pela PRPGP, consultado o Comit&ecirc; Assessor da PRPGP.<\/span><\/p>\r\n<p>&sect; 3&deg;<span> Caber&aacute; ao Comit&ecirc; Assessor da PRPGP:<\/span><\/p>\r\n<p><span>I &ndash; sanar d&uacute;vidas suscitadas a partir da chamada interna referida no caput deste artigo; e,<\/span><\/p>\r\n<p><span>II &ndash; avaliar as propostas em conformidade com o previsto na <\/span><a href=\"https:\/\/www.ufsm.br\/pro-reitorias\/proplan\/resolucao-ufsm-n-104-2022\"><font color=\"blue\"><u>Resolu&ccedil;&atilde;o UFSM n&deg; 104\/2022<\/u><\/font><\/a><span>, Art. 49, inciso IV. <\/span><\/p>\r\n<p>&sect; 4&deg;<span> O resultado do Edital de Chamada Interna da PRPGP ser&aacute; homologado pelo Conselho de Ensino, Pesquisa e Extens&atilde;o &ndash; CEPE\/UFSM. <\/span><\/p>\r\n<p><span>Art. 3&deg; &nbsp;A escolha do(a) professor(a) visitante far-se-&aacute; por meio de Processo Seletivo Simplificado, consistindo da an&aacute;lise do curriculum vitae, conforme Anexo I e Anexo II desta Resolu&ccedil;&atilde;o, de car&aacute;ter eliminat&oacute;rio, sendo que, a crit&eacute;rio da Comiss&atilde;o Examinadora, a escolha poder&aacute; ser complementada por uma entrevista.<\/span><\/p>\r\n<p><span>Art. 4&deg; &nbsp;O Edital de Abertura do Processo Seletivo Simplificado, elaborado pela PROGEP, dever&aacute; ser publicado integralmente no Di&aacute;rio Oficial da Uni&atilde;o (DOU) e no endere&ccedil;o do s&iacute;tio da UFSM (<\/span><a href=\"http:\/\/www.ufsm.br\/\">www.ufsm.br<\/a><span>), bem como o extrato do Edital de Abertura dever&aacute; ser publicado em um jornal de circula&ccedil;&atilde;o local e estadual.<\/span><\/p>\r\n<p><span>Par&aacute;grafo &uacute;nico. Os crit&eacute;rios para escolha do PVN\/PVE constar&atilde;o do Edital de Sele&ccedil;&atilde;o P&uacute;blica citado no caput deste artigo.<\/span><\/p>\r\n<p><span>Art. 5&deg; &nbsp;S&atilde;o requisitos m&iacute;nimos de titula&ccedil;&atilde;o e compet&ecirc;ncia profissional para contrata&ccedil;&atilde;o de professor(a) visitante nacional ou de professor(a) visitante estrangeiro(a).<\/span><\/p>\r\n<p><span>I &ndash; ser portador do t&iacute;tulo de doutor(a), no m&iacute;nimo, h&aacute; 05 (cinco) anos;<\/span><\/p>\r\n<p><span>II &ndash; ser docente ou pesquisador(a) de reconhecida compet&ecirc;ncia em sua &aacute;rea de atua&ccedil;&atilde;o; e,<\/span><\/p>\r\n<p><span>III &ndash; ter produ&ccedil;&atilde;o cient&iacute;fica relevante, preferencialmente nos &uacute;ltimos 05 (cinco) anos.<\/span><\/p>\r\n<p><span>Art. 6&deg; &nbsp;A Comiss&atilde;o Examinadora do processo seletivo ser&aacute; indicada pelo PPG e nomeada pela Dire&ccedil;&atilde;o da Unidade de Ensino, sendo constitu&iacute;da de 5 (cinco) professores do quadro permanente do(s) PPG(s) respons&aacute;vel(is) pela solicita&ccedil;&atilde;o, sendo 3 (tr&ecirc;s) titulares (doutores) e 2 (dois) suplentes (doutores), vinculados &agrave; &aacute;rea de conhecimento objeto da sele&ccedil;&atilde;o p&uacute;blica.<\/span><\/p>\r\n<p>&sect; 1&deg;<span> Ser&atilde;o considerados docentes do quadro permanente aqueles enquadrados no Art. 27, inciso I, do <\/span><a href=\"https:\/\/www.ufsm.br\/pro-reitorias\/proplan\/resolucao-ufsm-n-139-2023-anexo-i\"><font color=\"blue\"><u>anexo I<\/u><\/font><\/a>&nbsp;<span>da <\/span><a href=\"https:\/\/www.ufsm.br\/pro-reitorias\/proplan\/resolucao-ufsm-n-139-2023-anexo-i\"><font color=\"blue\"><u>Resolu&ccedil;&atilde;o UFSM n&deg; 139, de 29 de agosto de 2023<\/u><\/font><\/a><span>, que se constitui como Anexo II da <\/span><a href=\"https:\/\/www.ufsm.br\/pro-reitorias\/proplan\/resolucao-n-015-2014\/\"><font color=\"blue\"><u>Resolu&ccedil;&atilde;o UFSM n&deg; 015\/2014<\/u><\/font><\/a><span>, observadas as normas previstas nos artigos 25 e 26 do referido anexo.<\/span><\/p>\r\n<p>&sect; 2&deg;<span> Na impossibilidade de composi&ccedil;&atilde;o da comiss&atilde;o de sele&ccedil;&atilde;o com os membros previstos no caput, a mesma poder&aacute; ser formada por docentes doutores (as) de &aacute;reas afins. <\/span><\/p>\r\n<p><span>Art. 7&deg; &nbsp;N&atilde;o poder&aacute; participar da Comiss&atilde;o Examinadora ou secretariar a sele&ccedil;&atilde;o p&uacute;blica:<\/span><\/p>\r\n<p><span>I &ndash; c&ocirc;njuge de candidato(a) ou companheiro(a), mesmo que divorciado(a) ou separado(a) judicialmente;<\/span><\/p>\r\n<p><span>II &ndash; ascendente ou descendente de candidato(a), at&eacute; 2&deg; (segundo) grau, ou colateral at&eacute; o 4&deg; (quarto) grau, seja o parentesco por consanguinidade, afinidade ou ado&ccedil;&atilde;o;<\/span><\/p>\r\n<p><span>III &ndash; s&oacute;cio(a) de candidato(a) em atividade profissional ou aquele que mantenha v&iacute;nculo de trabalho caracterizado por uma rela&ccedil;&atilde;o de supervis&atilde;o ou subordina&ccedil;&atilde;o com candidato(a) inscrito(a) no certame;&nbsp;<\/span><\/p>\r\n<p><span>IV &ndash; orientador(a) ou co-orientador(a) acad&ecirc;mico do(a) candidato(a), em n&iacute;vel igual ou superior ao de P&oacute;s-gradua&ccedil;&atilde;o;<\/span><\/p>\r\n<p><span>V &ndash; autoridade ou servidor(a) que tenha amizade &iacute;ntima ou inimizade not&oacute;ria com algum dos interessados ou com os respectivos c&ocirc;njuges, companheiros(as), parentes e afins at&eacute; o 3&deg; (terceiro) grau; e,<\/span><\/p>\r\n<p><span>VI &ndash; outras situa&ccedil;&otilde;es de impedimento ou suspei&ccedil;&atilde;o previstas na legisla&ccedil;&atilde;o vigente, ou, ainda, ocorr&ecirc;ncias que evidenciem de forma clara situa&ccedil;&atilde;o de conflito de interesse.<\/span><\/p>\r\n<p><span>Par&aacute;grafo &uacute;nico. A partir da homologa&ccedil;&atilde;o dos (as) candidatos(as) inscritos(as) na sele&ccedil;&atilde;o p&uacute;blica, os impedimentos listados neste artigo aplicam-se tamb&eacute;m aos membros do Colegiado do PPG, que dever&atilde;o abster-se de participar nas reuni&otilde;es que tratem de etapas decis&oacute;rias\/deliberativas relacionadas &agrave; sele&ccedil;&atilde;o p&uacute;blica. <\/span><\/p>\r\n<p><span>Art. 8&deg; &nbsp;Cada membro da Comiss&atilde;o Examinadora e o(a) secret&aacute;rio(a) da Sele&ccedil;&atilde;o P&uacute;blica dever&aacute; firmar declara&ccedil;&atilde;o escrita e assinada de que n&atilde;o se enquadra em nenhuma das condi&ccedil;&otilde;es de impedimento descritas no Art. 7&deg; desta Resolu&ccedil;&atilde;o.<\/span><\/p>\r\n<p><span>Art. 9&deg; &nbsp;O resultado da Sele&ccedil;&atilde;o P&uacute;blica para PVN ou PVE, ap&oacute;s ser divulgado em sess&atilde;o p&uacute;blica, ser&aacute; publicado na p&aacute;gina da sele&ccedil;&atilde;o p&uacute;blica, no s&iacute;tio da UFSM.<\/span><\/p>\r\n<p><span>Par&aacute;grafo &uacute;nico. Os (As) candidatos (as), ap&oacute;s a divulga&ccedil;&atilde;o do resultado pelo PPG respons&aacute;vel pela Sele&ccedil;&atilde;o P&uacute;blica, ter&atilde;o prazo de 03 (tr&ecirc;s) dias &uacute;teis para requerer revis&atilde;o de suas avalia&ccedil;&otilde;es em requerimento devidamente protocolado, dirigido ao Coordenador do PPG.<\/span><\/p>\r\n<p><span>Art. 10. &nbsp;O resultado da Sele&ccedil;&atilde;o P&uacute;blica dever&aacute; ser homologado pelo colegiado do PPG e pelo CEPE e, posteriormente, encaminhado &agrave; Coordenadoria de Concursos\/PROGEP para as provid&ecirc;ncias cab&iacute;veis.<\/span><\/p>\r\n<p><span>Art. 11. &nbsp;O professor visitante ser&aacute; lotado na Unidade de Ensino correspondente ao PPG contemplado com a referida vaga.<\/span><\/p>\r\n<p><span>Art. 12. &nbsp;O contrato administrativo do professor visitante, regido pela legisla&ccedil;&atilde;o vigente, ocorrer&aacute; por tempo determinado e nas seguintes condi&ccedil;&otilde;es:<\/span><\/p>\r\n<p><span>I &ndash; no caso do(a) professor(a) visitante estrangeiro (PVE) o contrato:<\/span><\/p>\r\n<p><span>a) ser&aacute; em regime de 40 (quarenta) horas semanais, sem dedica&ccedil;&atilde;o exclusiva, quando seu contrato de trabalho ocorrer de forma h&iacute;brida (presencial e remoto), devendo o per&iacute;odo de atua&ccedil;&atilde;o inicial, corresponder a no m&iacute;nimo 50% (cinquenta por cento) do tempo total de contrato, ser cumprido de forma presencial na UFSM; e,<\/span><\/p>\r\n<p><span>b) poder&aacute; vigorar por 3 (tr&ecirc;s), 6 (seis), 12 (doze) meses ou 24 (vinte e quatro) meses, a partir da assinatura do contrato, podendo ser prorrog&aacute;vel uma &uacute;nica vez, por igual per&iacute;odo, observando-se o que consta no Art. 1&deg;, par&aacute;grafo 1&deg;;<\/span><\/p>\r\n<p><span>II &ndash; no caso do(a) professor(a) visitante nacional (PVN), poder&aacute; vigorar pelo prazo m&aacute;ximo de 12 (doze) meses, a partir da assinatura do contrato, podendo ser prorrog&aacute;vel uma &uacute;nica vez, por igual per&iacute;odo.<\/span><\/p>\r\n<p><span>Par&aacute;grafo &uacute;nico. O professor visitante nacional (PVN) ou estrangeiro (PVE), ser&aacute; contratado em regime de dedica&ccedil;&atilde;o exclusiva, na categoria de professor(a) titular, quando sua jornada de trabalho for cumprida, exclusivamente, de forma presencial.<\/span><\/p>\r\n<p>Art. 13. &nbsp;Fica revogada a <a href=\"https:\/\/www.ufsm.br\/pro-reitorias\/proplan\/resolucao-n-028-2016\/\"><font color=\"blue\"><u>Resolu&ccedil;&atilde;o N. 028\/2016<\/u><\/font><\/a>.<\/p>\r\n<p><span>Art. 14. &nbsp;A inobserv&acirc;ncia ao disposto nesta Resolu&ccedil;&atilde;o n&atilde;o constitui escusa v&aacute;lida para o descumprimento da norma nem resulta em sua invalidade. <\/span><\/p>\r\n<p><span>Art. 15. &nbsp;Esta Resolu&ccedil;&atilde;o entra em vigor na data de sua assinatura, de acordo com o que prev&ecirc; o par&aacute;grafo 2&deg; do art. 16 do <\/span><a href=\"http:\/\/legislacao.planalto.gov.br\/legisla\/legislacao.nsf\/Viw_Identificacao\/DEC%2012.002-2024?OpenDocument\"><font color=\"blue\"><u>Decreto n&deg; 12.002, de 22 de abril de 2024<\/u><\/font><\/a><span>. <\/span><\/p>\r\n<p><span>Par&aacute;grafo &uacute;nico. Havendo qualquer modifica&ccedil;&atilde;o legislativa, ou ainda, advindo qualquer situa&ccedil;&atilde;o legal que impacte na legalidade da presente Resolu&ccedil;&atilde;o, a mesma se aplica de imediato.<\/span><\/p>\r\n<p align=\"right\">&nbsp;<\/p>\r\n<p align=\"left\">Luciano Schuch<\/p>\r\n<p align=\"left\">Reitor<\/p>\r\n\r\n<p><font color=\"red0000\">Este texto n\u00e3o substitui o documento original, publicado no Portal de Documentos.<\/font> Dispon\u00edvel em: <a href=\"https:\/\/portal.ufsm.br\/documentos\/publico\/documento.html?id=15163316\" target=\"_blank\"><font color=\"blue\"> https:\/\/portal.ufsm.br\/documentos\/publico\/documento.html?id=15163316 <\/font><\/a><\/p>\t\t<\/div>\n\t\t\t\t<\/div>\n\t\t\t\t\t<\/div>\n\t\t<\/div>\n\t\t\t\t\t<\/div>\n\t\t<\/section>\n\t\t\t\t<\/div>\n\t\t","protected":false},"excerpt":{"rendered":"<p>RESOLU\u00c7\u00c3O UFSM N. 173, DE 20 DE AGOSTO DE 2024 MINIST\u00c9RIO DA EDUCA\u00c7\u00c3O UNIVERSIDADE FEDERAL DE SANTA MARIA RESOLU\u00c7\u00c3O UFSM N\u00b0 173, DE 20 DE AGOSTO DE 2024 Regulamenta a contrata\u00e7\u00e3o por tempo determinado de Professor Visitante Nacional (PVN) e Professor Visitante Estrangeiro (PVE) na Universidade Federal de Santa Maria (UFSM). O REITOR DA UNIVERSIDADE [&hellip;]<\/p>\n","protected":false},"author":4883,"featured_media":0,"parent":0,"menu_order":0,"comment_status":"closed","ping_status":"closed","template":"","meta":{"footnotes":""},"categories":[],"tags":[],"class_list":["post-6043","page","type-page","status-publish","hentry"],"acf":[],"_links":{"self":[{"href":"https:\/\/www.ufsm.br\/pro-reitorias\/proplan\/wp-json\/wp\/v2\/pages\/6043","targetHints":{"allow":["GET"]}}],"collection":[{"href":"https:\/\/www.ufsm.br\/pro-reitorias\/proplan\/wp-json\/wp\/v2\/pages"}],"about":[{"href":"https:\/\/www.ufsm.br\/pro-reitorias\/proplan\/wp-json\/wp\/v2\/types\/page"}],"author":[{"embeddable":true,"href":"https:\/\/www.ufsm.br\/pro-reitorias\/proplan\/wp-json\/wp\/v2\/users\/4883"}],"replies":[{"embeddable":true,"href":"https:\/\/www.ufsm.br\/pro-reitorias\/proplan\/wp-json\/wp\/v2\/comments?post=6043"}],"version-history":[{"count":0,"href":"https:\/\/www.ufsm.br\/pro-reitorias\/proplan\/wp-json\/wp\/v2\/pages\/6043\/revisions"}],"wp:attachment":[{"href":"https:\/\/www.ufsm.br\/pro-reitorias\/proplan\/wp-json\/wp\/v2\/media?parent=6043"}],"wp:term":[{"taxonomy":"category","embeddable":true,"href":"https:\/\/www.ufsm.br\/pro-reitorias\/proplan\/wp-json\/wp\/v2\/categories?post=6043"},{"taxonomy":"post_tag","embeddable":true,"href":"https:\/\/www.ufsm.br\/pro-reitorias\/proplan\/wp-json\/wp\/v2\/tags?post=6043"}],"curies":[{"name":"wp","href":"https:\/\/api.w.org\/{rel}","templated":true}]}}