{"id":6044,"date":"2024-08-27T13:58:26","date_gmt":"2024-08-27T16:58:26","guid":{"rendered":"https:\/\/www.ufsm.br\/pro-reitorias\/proplan\/?page_id=6044"},"modified":"2025-08-18T15:21:36","modified_gmt":"2025-08-18T18:21:36","slug":"anexo-i-da-resolucao-173-2024","status":"publish","type":"page","link":"https:\/\/www.ufsm.br\/pro-reitorias\/proplan\/anexo-i-da-resolucao-173-2024","title":{"rendered":"ANEXO I DA RESOLU\u00c7\u00c3O UFSM N\u00b0 173\/2024"},"content":{"rendered":"\t\t<div data-elementor-type=\"wp-page\" data-elementor-id=\"6044\" class=\"elementor elementor-6044\">\n\t\t\t\t\t\t<section class=\"elementor-section elementor-top-section elementor-element elementor-element-a08ca14 elementor-section-boxed elementor-section-height-default elementor-section-height-default\" data-id=\"a08ca14\" data-element_type=\"section\">\n\t\t\t\t\t\t<div class=\"elementor-container elementor-column-gap-default\">\n\t\t\t\t\t<div class=\"elementor-column elementor-col-100 elementor-top-column elementor-element elementor-element-090bc3d\" data-id=\"090bc3d\" data-element_type=\"column\">\n\t\t\t<div class=\"elementor-widget-wrap elementor-element-populated\">\n\t\t\t\t\t\t<div class=\"elementor-element elementor-element-1a2ab4a elementor-widget elementor-widget-html\" data-id=\"1a2ab4a\" data-element_type=\"widget\" data-widget_type=\"html.default\">\n\t\t\t\t<div class=\"elementor-widget-container\">\n\t\t\t\r\n\r\n<title><b>ANEXO I DA RESOLU\u00c7\u00c3O UFSM N. 173, DE 20 DE AGOSTO DE 2024<\/b><\/title>\r\n\r\n\r\n<div align=\"center\"><img decoding=\"async\" src=\"https:\/\/www.ufsm.br\/pro-reitorias\/proplan\/wp-content\/uploads\/sites\/344\/2019\/09\/brasao-da-republica-do-brasil-logo.png\" alt=\"Bras\u00e3o Rep\u00fablica Federativa do Brasil\" width=\"6%\" height=\"6%\"><\/div>\r\n\r\n<h1><font color=\"blue\"><font size=\"5\"><div align=\"center\">MINIST\u00c9RIO DA EDUCA\u00c7\u00c3O<\/div><\/font><\/font><\/H1>\r\n<p><b><font color=\"0000blue\"><div align=\"center\">UNIVERSIDADE FEDERAL DE SANTA MARIA<\/b><\/div><\/font><\/p>\r\n\r\n<br>\r\n\r\n\r\n\r\n<p align=\"center\"><strong>ANEXO I DA RESOLU&Ccedil;&Atilde;O UFSM N\u00b0 173, DE 20 DE AGOSTO DE 2024<\/strong><\/p>\r\n<p align=\"center\"><strong>&nbsp;<\/strong><\/p>\r\n<p align=\"center\"><strong>QUADRO DE PONTUA&Ccedil;&Atilde;O DE PRODU&Ccedil;&Atilde;O &ndash; PVE (1)<\/strong><\/p>\r\n<p align=\"center\">&nbsp;<\/p>\r\n\r\n<table class=\"MsoNormalTable\" style=\"margin-left: auto;margin-right: auto;border-collapse: collapse;border: none\" border=\"1\" width=\"667\" cellspacing=\"0\" cellpadding=\"0\">\r\n<tbody>\r\n<tr style=\"height: 42.95pt\">\r\n<td style=\"width: 273.05pt;border: solid black 1.0pt;padding: 0cm 5.4pt 0cm 5.4pt;height: 42.95pt\" width=\"364\">\r\n<p class=\"MsoNormal\" style=\"text-align: center;text-indent: -.1pt\" align=\"center\"><strong><span style=\"font-family: 'Calibri',sans-serif\">Item<\/span><\/strong><\/p>\r\n<\/td>\r\n<td style=\"width: 99.25pt;border: solid black 1.0pt;border-left: none;padding: 0cm 5.4pt 0cm 5.4pt;height: 42.95pt\" width=\"132\">\r\n<p class=\"MsoNormal\" style=\"text-align: center;text-indent: -.1pt\" align=\"center\"><strong><span style=\"font-family: 'Calibri',sans-serif\">Pontos\/<\/span><\/strong><\/p>\r\n<p class=\"MsoNormal\" style=\"text-align: center;text-indent: -.1pt\" align=\"center\"><strong><span style=\"font-family: 'Calibri',sans-serif\">item comprovado<\/span><\/strong><\/p>\r\n<\/td>\r\n<td style=\"width: 70.85pt;border: solid black 1.0pt;border-left: none;padding: 0cm 5.4pt 0cm 5.4pt;height: 42.95pt\" width=\"94\">\r\n<p class=\"MsoNormal\" style=\"text-align: center;text-indent: -.1pt\" align=\"center\"><strong><span style=\"font-family: 'Calibri',sans-serif\">Quantidade<\/span><\/strong><\/p>\r\n<p class=\"MsoNormal\" style=\"text-align: center;text-indent: -.1pt\" align=\"center\"><strong><span style=\"font-family: 'Calibri',sans-serif\">por item<\/span><\/strong><\/p>\r\n<\/td>\r\n<td style=\"width: 57.1pt;border: solid black 1.0pt;border-left: none;padding: 0cm 5.4pt 0cm 5.4pt;height: 42.95pt\" width=\"76\">\r\n<p class=\"MsoNormal\" style=\"text-align: center;text-indent: -.1pt\" align=\"center\"><strong><span style=\"font-family: 'Calibri',sans-serif\">Total <\/span><\/strong><\/p>\r\n<p class=\"MsoNormal\" style=\"text-align: center;text-indent: -.1pt\" align=\"center\"><strong><span style=\"font-family: 'Calibri',sans-serif\">por item<\/span><\/strong><\/p>\r\n<\/td>\r\n<\/tr>\r\n<tr style=\"height: 28.85pt\">\r\n<td style=\"width: 273.05pt;border: solid black 1.0pt;border-top: none;padding: 0cm 5.4pt 0cm 5.4pt;height: 28.85pt\" width=\"364\">\r\n<p class=\"MsoNormal\" style=\"text-align: justify;text-indent: -.1pt\"><span style=\"font-family: 'Calibri',sans-serif\">Artigo Cient&iacute;fico com fator de impacto JCR acima de 4,00: sem limites de pontos<\/span><\/p>\r\n<\/td>\r\n<td style=\"width: 99.25pt;border-top: none;border-left: none;border-bottom: solid black 1.0pt;border-right: solid black 1.0pt;padding: 0cm 5.4pt 0cm 5.4pt;height: 28.85pt\" width=\"132\">\r\n<p class=\"MsoNormal\" style=\"text-align: center;text-indent: -.1pt\" align=\"center\"><span style=\"font-family: 'Calibri',sans-serif\">30<\/span><\/p>\r\n<\/td>\r\n<td style=\"width: 70.85pt;border-top: none;border-left: none;border-bottom: solid black 1.0pt;border-right: solid black 1.0pt;padding: 0cm 5.4pt 0cm 5.4pt;height: 28.85pt\" width=\"94\">\r\n<p class=\"MsoNormal\" style=\"text-align: center;text-indent: -.1pt\" align=\"center\"><span style=\"font-family: 'Calibri',sans-serif\">&nbsp;<\/span><\/p>\r\n<\/td>\r\n<td style=\"width: 57.1pt;border-top: none;border-left: none;border-bottom: solid black 1.0pt;border-right: solid black 1.0pt;padding: 0cm 5.4pt 0cm 5.4pt;height: 28.85pt\" width=\"76\">\r\n<p class=\"MsoNormal\" style=\"text-align: center;text-indent: -.1pt\" align=\"center\"><span style=\"font-family: 'Calibri',sans-serif\">&nbsp;<\/span><\/p>\r\n<\/td>\r\n<\/tr>\r\n<tr style=\"height: 28.1pt\">\r\n<td style=\"width: 273.05pt;border: solid black 1.0pt;border-top: none;padding: 0cm 5.4pt 0cm 5.4pt;height: 28.1pt\" width=\"364\">\r\n<p class=\"MsoNormal\" style=\"text-align: justify;text-indent: -.1pt\"><span style=\"font-family: 'Calibri',sans-serif\">Artigo Cient&iacute;fico com fator de impacto JCR de 2,00 at&eacute; 3,99: sem limites de pontos<\/span><\/p>\r\n<\/td>\r\n<td style=\"width: 99.25pt;border-top: none;border-left: none;border-bottom: solid black 1.0pt;border-right: solid black 1.0pt;padding: 0cm 5.4pt 0cm 5.4pt;height: 28.1pt\" width=\"132\">\r\n<p class=\"MsoNormal\" style=\"text-align: center;text-indent: -.1pt\" align=\"center\"><span style=\"font-family: 'Calibri',sans-serif\">20<\/span><\/p>\r\n<\/td>\r\n<td style=\"width: 70.85pt;border-top: none;border-left: none;border-bottom: solid black 1.0pt;border-right: solid black 1.0pt;padding: 0cm 5.4pt 0cm 5.4pt;height: 28.1pt\" width=\"94\">\r\n<p class=\"MsoNormal\" style=\"text-align: center;text-indent: -.1pt\" align=\"center\"><span style=\"font-family: 'Calibri',sans-serif\">&nbsp;<\/span><\/p>\r\n<\/td>\r\n<td style=\"width: 57.1pt;border-top: none;border-left: none;border-bottom: solid black 1.0pt;border-right: solid black 1.0pt;padding: 0cm 5.4pt 0cm 5.4pt;height: 28.1pt\" width=\"76\">\r\n<p class=\"MsoNormal\" style=\"text-align: center;text-indent: -.1pt\" align=\"center\"><span style=\"font-family: 'Calibri',sans-serif\">&nbsp;<\/span><\/p>\r\n<\/td>\r\n<\/tr>\r\n<tr style=\"height: 28.85pt\">\r\n<td style=\"width: 273.05pt;border: solid black 1.0pt;border-top: none;padding: 0cm 5.4pt 0cm 5.4pt;height: 28.85pt\" width=\"364\">\r\n<p class=\"MsoNormal\" style=\"text-align: justify;text-indent: -.1pt\"><span style=\"font-family: 'Calibri',sans-serif\">Artigo Cient&iacute;fico com fator de impacto JCR de 1,00 at&eacute; 1,99: limitado a 80 pontos<\/span><\/p>\r\n<\/td>\r\n<td style=\"width: 99.25pt;border-top: none;border-left: none;border-bottom: solid black 1.0pt;border-right: solid black 1.0pt;padding: 0cm 5.4pt 0cm 5.4pt;height: 28.85pt\" width=\"132\">\r\n<p class=\"MsoNormal\" style=\"text-align: center;text-indent: -.1pt\" align=\"center\"><span style=\"font-family: 'Calibri',sans-serif\">15<\/span><\/p>\r\n<\/td>\r\n<td style=\"width: 70.85pt;border-top: none;border-left: none;border-bottom: solid black 1.0pt;border-right: solid black 1.0pt;padding: 0cm 5.4pt 0cm 5.4pt;height: 28.85pt\" width=\"94\">\r\n<p class=\"MsoNormal\" style=\"text-align: center;text-indent: -.1pt\" align=\"center\"><span style=\"font-family: 'Calibri',sans-serif\">&nbsp;<\/span><\/p>\r\n<\/td>\r\n<td style=\"width: 57.1pt;border-top: none;border-left: none;border-bottom: solid black 1.0pt;border-right: solid black 1.0pt;padding: 0cm 5.4pt 0cm 5.4pt;height: 28.85pt\" width=\"76\">\r\n<p class=\"MsoNormal\" style=\"text-align: center;text-indent: -.1pt\" align=\"center\"><span style=\"font-family: 'Calibri',sans-serif\">&nbsp;<\/span><\/p>\r\n<\/td>\r\n<\/tr>\r\n<tr style=\"height: 28.15pt\">\r\n<td style=\"width: 273.05pt;border: solid black 1.0pt;border-top: none;padding: 0cm 5.4pt 0cm 5.4pt;height: 28.15pt\" width=\"364\">\r\n<p class=\"MsoNormal\" style=\"text-align: justify;text-indent: -.1pt\"><span style=\"font-family: 'Calibri',sans-serif\">Artigo Cient&iacute;fico com fator de impacto JCR inferior a 1,00 ou sem JCR: limitado a 20 pontos<\/span><\/p>\r\n<\/td>\r\n<td style=\"width: 99.25pt;border-top: none;border-left: none;border-bottom: solid black 1.0pt;border-right: solid black 1.0pt;padding: 0cm 5.4pt 0cm 5.4pt;height: 28.15pt\" width=\"132\">\r\n<p class=\"MsoNormal\" style=\"text-align: center;text-indent: -.1pt\" align=\"center\"><span style=\"font-family: 'Calibri',sans-serif\">10<\/span><\/p>\r\n<\/td>\r\n<td style=\"width: 70.85pt;border-top: none;border-left: none;border-bottom: solid black 1.0pt;border-right: solid black 1.0pt;padding: 0cm 5.4pt 0cm 5.4pt;height: 28.15pt\" width=\"94\">\r\n<p class=\"MsoNormal\" style=\"text-align: center;text-indent: -.1pt\" align=\"center\"><span style=\"font-family: 'Calibri',sans-serif\">&nbsp;<\/span><\/p>\r\n<\/td>\r\n<td style=\"width: 57.1pt;border-top: none;border-left: none;border-bottom: solid black 1.0pt;border-right: solid black 1.0pt;padding: 0cm 5.4pt 0cm 5.4pt;height: 28.15pt\" width=\"76\">\r\n<p class=\"MsoNormal\" style=\"text-align: center;text-indent: -.1pt\" align=\"center\"><span style=\"font-family: 'Calibri',sans-serif\">&nbsp;<\/span><\/p>\r\n<\/td>\r\n<\/tr>\r\n<tr style=\"height: 28.45pt\">\r\n<td style=\"width: 273.05pt;border: solid black 1.0pt;border-top: none;padding: 0cm 5.4pt 0cm 5.4pt;height: 28.45pt\" width=\"364\">\r\n<p class=\"MsoNormal\" style=\"text-align: justify;text-indent: -.1pt\"><span style=\"font-family: 'Calibri',sans-serif\">Livros autorais com ISBN\/ISSN publicados: limitado a 50 pontos<\/span><\/p>\r\n<\/td>\r\n<td style=\"width: 99.25pt;border-top: none;border-left: none;border-bottom: solid black 1.0pt;border-right: solid black 1.0pt;padding: 0cm 5.4pt 0cm 5.4pt;height: 28.45pt\" width=\"132\">\r\n<p class=\"MsoNormal\" style=\"text-align: center;text-indent: -.1pt\" align=\"center\"><span style=\"font-family: 'Calibri',sans-serif\">10<\/span><\/p>\r\n<\/td>\r\n<td style=\"width: 70.85pt;border-top: none;border-left: none;border-bottom: solid black 1.0pt;border-right: solid black 1.0pt;padding: 0cm 5.4pt 0cm 5.4pt;height: 28.45pt\" width=\"94\">\r\n<p class=\"MsoNormal\" style=\"text-align: center;text-indent: -.1pt\" align=\"center\"><span style=\"font-family: 'Calibri',sans-serif\">&nbsp;<\/span><\/p>\r\n<\/td>\r\n<td style=\"width: 57.1pt;border-top: none;border-left: none;border-bottom: solid black 1.0pt;border-right: solid black 1.0pt;padding: 0cm 5.4pt 0cm 5.4pt;height: 28.45pt\" width=\"76\">\r\n<p class=\"MsoNormal\" style=\"text-align: center;text-indent: -.1pt\" align=\"center\"><span style=\"font-family: 'Calibri',sans-serif\">&nbsp;<\/span><\/p>\r\n<\/td>\r\n<\/tr>\r\n<tr style=\"height: 19.95pt\">\r\n<td style=\"width: 273.05pt;border: solid black 1.0pt;border-top: none;padding: 0cm 5.4pt 0cm 5.4pt;height: 19.95pt\" width=\"364\">\r\n<p class=\"MsoNormal\" style=\"text-align: justify;text-indent: -.1pt\"><a name=\"_heading=h.gjdgxs\"><\/a><span style=\"font-family: 'Calibri',sans-serif\">Patente concedida: sem limite de pontos<\/span><\/p>\r\n<\/td>\r\n<td style=\"width: 99.25pt;border-top: none;border-left: none;border-bottom: solid black 1.0pt;border-right: solid black 1.0pt;padding: 0cm 5.4pt 0cm 5.4pt;height: 19.95pt\" width=\"132\">\r\n<p class=\"MsoNormal\" style=\"text-align: center;text-indent: -.1pt\" align=\"center\"><span style=\"font-family: 'Calibri',sans-serif\">15<\/span><\/p>\r\n<\/td>\r\n<td style=\"width: 70.85pt;border-top: none;border-left: none;border-bottom: solid black 1.0pt;border-right: solid black 1.0pt;padding: 0cm 5.4pt 0cm 5.4pt;height: 19.95pt\" width=\"94\">\r\n<p class=\"MsoNormal\" style=\"text-align: center;text-indent: -.1pt\" align=\"center\"><span style=\"font-family: 'Calibri',sans-serif\">&nbsp;<\/span><\/p>\r\n<\/td>\r\n<td style=\"width: 57.1pt;border-top: none;border-left: none;border-bottom: solid black 1.0pt;border-right: solid black 1.0pt;padding: 0cm 5.4pt 0cm 5.4pt;height: 19.95pt\" width=\"76\">\r\n<p class=\"MsoNormal\" style=\"text-align: center;text-indent: -.1pt\" align=\"center\"><span style=\"font-family: 'Calibri',sans-serif\">&nbsp;<\/span><\/p>\r\n<\/td>\r\n<\/tr>\r\n<tr style=\"height: 28.85pt\">\r\n<td style=\"width: 273.05pt;border: solid black 1.0pt;border-top: none;padding: 0cm 5.4pt 0cm 5.4pt;height: 28.85pt\" width=\"364\">\r\n<p class=\"MsoNormal\" style=\"text-align: justify;text-indent: -.1pt\"><span style=\"font-family: 'Calibri',sans-serif\">Orientador\/a principal de doutorado (por aluno\/a titulado\/a): sem limite<\/span><\/p>\r\n<\/td>\r\n<td style=\"width: 99.25pt;border-top: none;border-left: none;border-bottom: solid black 1.0pt;border-right: solid black 1.0pt;padding: 0cm 5.4pt 0cm 5.4pt;height: 28.85pt\" width=\"132\">\r\n<p class=\"MsoNormal\" style=\"text-align: center;text-indent: -.1pt\" align=\"center\"><span style=\"font-family: 'Calibri',sans-serif\">10<\/span><\/p>\r\n<\/td>\r\n<td style=\"width: 70.85pt;border-top: none;border-left: none;border-bottom: solid black 1.0pt;border-right: solid black 1.0pt;padding: 0cm 5.4pt 0cm 5.4pt;height: 28.85pt\" width=\"94\">\r\n<p class=\"MsoNormal\" style=\"text-align: center;text-indent: -.1pt\" align=\"center\"><span style=\"font-family: 'Calibri',sans-serif\">&nbsp;<\/span><\/p>\r\n<\/td>\r\n<td style=\"width: 57.1pt;border-top: none;border-left: none;border-bottom: solid black 1.0pt;border-right: solid black 1.0pt;padding: 0cm 5.4pt 0cm 5.4pt;height: 28.85pt\" width=\"76\">\r\n<p class=\"MsoNormal\" style=\"text-align: center;text-indent: -.1pt\" align=\"center\"><span style=\"font-family: 'Calibri',sans-serif\">&nbsp;<\/span><\/p>\r\n<\/td>\r\n<\/tr>\r\n<tr style=\"height: 28.1pt\">\r\n<td style=\"width: 273.05pt;border: solid black 1.0pt;border-top: none;padding: 0cm 5.4pt 0cm 5.4pt;height: 28.1pt\" width=\"364\">\r\n<p class=\"MsoNormal\" style=\"text-align: justify;text-indent: -.1pt\"><span style=\"font-family: 'Calibri',sans-serif\">Orientador principal de mestrado (por aluno titulado): sem limite<\/span><\/p>\r\n<\/td>\r\n<td style=\"width: 99.25pt;border-top: none;border-left: none;border-bottom: solid black 1.0pt;border-right: solid black 1.0pt;padding: 0cm 5.4pt 0cm 5.4pt;height: 28.1pt\" width=\"132\">\r\n<p class=\"MsoNormal\" style=\"text-align: center;text-indent: -.1pt\" align=\"center\"><span style=\"font-family: 'Calibri',sans-serif\"> 5<\/span><\/p>\r\n<\/td>\r\n<td style=\"width: 70.85pt;border-top: none;border-left: none;border-bottom: solid black 1.0pt;border-right: solid black 1.0pt;padding: 0cm 5.4pt 0cm 5.4pt;height: 28.1pt\" width=\"94\">\r\n<p class=\"MsoNormal\" style=\"text-align: center;text-indent: -.1pt\" align=\"center\"><span style=\"font-family: 'Calibri',sans-serif\">&nbsp;<\/span><\/p>\r\n<\/td>\r\n<td style=\"width: 57.1pt;border-top: none;border-left: none;border-bottom: solid black 1.0pt;border-right: solid black 1.0pt;padding: 0cm 5.4pt 0cm 5.4pt;height: 28.1pt\" width=\"76\">\r\n<p class=\"MsoNormal\" style=\"text-align: center;text-indent: -.1pt\" align=\"center\"><span style=\"font-family: 'Calibri',sans-serif\">&nbsp;<\/span><\/p>\r\n<\/td>\r\n<\/tr>\r\n<tr style=\"height: 26.85pt\">\r\n<td style=\"width: 273.05pt;border: solid black 1.0pt;border-top: none;padding: 0cm 5.4pt 0cm 5.4pt;height: 26.85pt\" width=\"364\">\r\n<p class=\"MsoNormal\" style=\"text-align: justify;text-indent: -.1pt\"><span style=\"font-family: 'Calibri',sans-serif\">Ensino (doc&ecirc;ncia) na p&oacute;s-gradua&ccedil;&atilde;o <strong>stricto sensu<\/strong><\/span><\/p>\r\n<\/td>\r\n<td style=\"width: 99.25pt;border-top: none;border-left: none;border-bottom: solid black 1.0pt;border-right: solid black 1.0pt;padding: 0cm 5.4pt 0cm 5.4pt;height: 26.85pt\" width=\"132\">\r\n<p class=\"MsoNormal\" style=\"text-align: center;text-indent: -.1pt\" align=\"center\"><span style=\"font-family: 'Calibri',sans-serif\">1\/ano<\/span><\/p>\r\n<\/td>\r\n<td style=\"width: 70.85pt;border-top: none;border-left: none;border-bottom: solid black 1.0pt;border-right: solid black 1.0pt;padding: 0cm 5.4pt 0cm 5.4pt;height: 26.85pt\" width=\"94\">\r\n<p class=\"MsoNormal\" style=\"text-align: center;text-indent: -.1pt\" align=\"center\"><span style=\"font-family: 'Calibri',sans-serif\">&nbsp;<\/span><\/p>\r\n<\/td>\r\n<td style=\"width: 57.1pt;border-top: none;border-left: none;border-bottom: solid black 1.0pt;border-right: solid black 1.0pt;padding: 0cm 5.4pt 0cm 5.4pt;height: 26.85pt\" width=\"76\">\r\n<p class=\"MsoNormal\" style=\"text-align: center;text-indent: -.1pt\" align=\"center\"><span style=\"font-family: 'Calibri',sans-serif\">&nbsp;<\/span><\/p>\r\n<\/td>\r\n<\/tr>\r\n<tr style=\"height: 28.85pt\">\r\n<td style=\"width: 273.05pt;border: solid black 1.0pt;border-top: none;padding: 0cm 5.4pt 0cm 5.4pt;height: 28.85pt\" width=\"364\">\r\n<p class=\"MsoNormal\" style=\"text-align: justify;text-indent: -.1pt\"><span style=\"font-family: 'Calibri',sans-serif\">Candidatos\/as com v&iacute;nculo formal como professor\/a ou pesquisador\/a em institui&ccedil;&atilde;o de ensino superior estrangeira. <\/span><\/p>\r\n<\/td>\r\n<td style=\"width: 99.25pt;border-top: none;border-left: none;border-bottom: solid black 1.0pt;border-right: solid black 1.0pt;padding: 0cm 5.4pt 0cm 5.4pt;height: 28.85pt\" width=\"132\">\r\n<p class=\"MsoNormal\" style=\"text-align: center;text-indent: -.1pt\" align=\"center\"><span style=\"font-family: 'Calibri',sans-serif\">400<\/span><\/p>\r\n<\/td>\r\n<td style=\"width: 70.85pt;border-top: none;border-left: none;border-bottom: solid black 1.0pt;border-right: solid black 1.0pt;padding: 0cm 5.4pt 0cm 5.4pt;height: 28.85pt\" width=\"94\">\r\n<p class=\"MsoNormal\" style=\"text-align: center;text-indent: -.1pt\" align=\"center\"><span style=\"font-family: 'Calibri',sans-serif\">&nbsp;<\/span><\/p>\r\n<\/td>\r\n<td style=\"width: 57.1pt;border-top: none;border-left: none;border-bottom: solid black 1.0pt;border-right: solid black 1.0pt;padding: 0cm 5.4pt 0cm 5.4pt;height: 28.85pt\" width=\"76\">\r\n<p class=\"MsoNormal\" style=\"text-align: center;text-indent: -.1pt\" align=\"center\"><span style=\"font-family: 'Calibri',sans-serif\">&nbsp;<\/span><\/p>\r\n<\/td>\r\n<\/tr>\r\n<tr style=\"height: 28.7pt\">\r\n<td style=\"width: 273.05pt;border: solid black 1.0pt;border-top: none;padding: 0cm 5.4pt 0cm 5.4pt;height: 28.7pt\" width=\"364\">\r\n<p class=\"MsoNormal\" style=\"text-align: center;text-indent: -.1pt\" align=\"center\"><strong><span style=\"font-family: 'Calibri',sans-serif\">Total <\/span><\/strong><\/p>\r\n<\/td>\r\n<td style=\"width: 99.25pt;border-top: none;border-left: none;border-bottom: solid black 1.0pt;border-right: solid black 1.0pt;padding: 0cm 5.4pt 0cm 5.4pt;height: 28.7pt\" width=\"132\">\r\n<p class=\"MsoNormal\" style=\"text-align: center;text-indent: -.1pt\" align=\"center\"><span style=\"font-family: 'Calibri',sans-serif\">&nbsp;<\/span><\/p>\r\n<\/td>\r\n<td style=\"width: 70.85pt;border-top: none;border-left: none;border-bottom: solid black 1.0pt;border-right: solid black 1.0pt;padding: 0cm 5.4pt 0cm 5.4pt;height: 28.7pt\" width=\"94\">\r\n<p class=\"MsoNormal\" style=\"text-align: center;text-indent: -.1pt\" align=\"center\"><span style=\"font-family: 'Calibri',sans-serif\">&nbsp;<\/span><\/p>\r\n<\/td>\r\n<td style=\"width: 57.1pt;border-top: none;border-left: none;border-bottom: solid black 1.0pt;border-right: solid black 1.0pt;padding: 0cm 5.4pt 0cm 5.4pt;height: 28.7pt\" width=\"76\">\r\n<p class=\"MsoNormal\" style=\"text-align: center;text-indent: -.1pt\" align=\"center\"><span style=\"font-family: 'Calibri',sans-serif\">&nbsp;<\/span><\/p>\r\n<\/td>\r\n<\/tr>\r\n<\/tbody>\r\n<\/table>\r\n\r\n<p>\r\n    (1)&nbsp;&nbsp; &nbsp;A avalia\u00e7\u00e3o da produ\u00e7\u00e3o dos candidatos ser\u00e1 realizada a partir da documenta\u00e7\u00e3o comprobat\u00f3ria da produ\u00e7\u00e3o dos \u00faltimos 5 (cinco) anos contados a partir da publica\u00e7\u00e3o do edital no Di\u00e1rio Oficial da Uni\u00e3o (<strong>curriculum vitae<\/strong> e Quadro de Pontua\u00e7\u00e3o da Produ\u00e7\u00e3o com os documentos comprobat\u00f3rios).\r\n<\/p>\r\n<p>&nbsp;<\/p>\r\n<p>&nbsp;<\/p>\r\n<p align=\"center\">_______________________________________________<\/p>\r\n<p align=\"center\">Assinatura do(a) candidato(a)<\/p>\r\n<p align=\"center\">&nbsp;<\/p>\t\t<\/div>\n\t\t\t\t<\/div>\n\t\t\t\t\t<\/div>\n\t\t<\/div>\n\t\t\t\t\t<\/div>\n\t\t<\/section>\n\t\t\t\t<\/div>\n\t\t","protected":false},"excerpt":{"rendered":"<p>ANEXO I DA RESOLU\u00c7\u00c3O UFSM N. 173, DE 20 DE AGOSTO DE 2024 MINIST\u00c9RIO DA EDUCA\u00c7\u00c3O UNIVERSIDADE FEDERAL DE SANTA MARIA ANEXO I DA RESOLU&Ccedil;&Atilde;O UFSM N\u00b0 173, DE 20 DE AGOSTO DE 2024 &nbsp; QUADRO DE PONTUA&Ccedil;&Atilde;O DE PRODU&Ccedil;&Atilde;O &ndash; PVE (1) &nbsp; Item Pontos\/ item comprovado Quantidade por item Total por item Artigo [&hellip;]<\/p>\n","protected":false},"author":4883,"featured_media":0,"parent":0,"menu_order":0,"comment_status":"closed","ping_status":"closed","template":"","meta":{"footnotes":""},"categories":[],"tags":[],"class_list":["post-6044","page","type-page","status-publish","hentry"],"acf":[],"_links":{"self":[{"href":"https:\/\/www.ufsm.br\/pro-reitorias\/proplan\/wp-json\/wp\/v2\/pages\/6044","targetHints":{"allow":["GET"]}}],"collection":[{"href":"https:\/\/www.ufsm.br\/pro-reitorias\/proplan\/wp-json\/wp\/v2\/pages"}],"about":[{"href":"https:\/\/www.ufsm.br\/pro-reitorias\/proplan\/wp-json\/wp\/v2\/types\/page"}],"author":[{"embeddable":true,"href":"https:\/\/www.ufsm.br\/pro-reitorias\/proplan\/wp-json\/wp\/v2\/users\/4883"}],"replies":[{"embeddable":true,"href":"https:\/\/www.ufsm.br\/pro-reitorias\/proplan\/wp-json\/wp\/v2\/comments?post=6044"}],"version-history":[{"count":0,"href":"https:\/\/www.ufsm.br\/pro-reitorias\/proplan\/wp-json\/wp\/v2\/pages\/6044\/revisions"}],"wp:attachment":[{"href":"https:\/\/www.ufsm.br\/pro-reitorias\/proplan\/wp-json\/wp\/v2\/media?parent=6044"}],"wp:term":[{"taxonomy":"category","embeddable":true,"href":"https:\/\/www.ufsm.br\/pro-reitorias\/proplan\/wp-json\/wp\/v2\/categories?post=6044"},{"taxonomy":"post_tag","embeddable":true,"href":"https:\/\/www.ufsm.br\/pro-reitorias\/proplan\/wp-json\/wp\/v2\/tags?post=6044"}],"curies":[{"name":"wp","href":"https:\/\/api.w.org\/{rel}","templated":true}]}}