{"id":6079,"date":"2024-09-16T11:10:30","date_gmt":"2024-09-16T14:10:30","guid":{"rendered":"https:\/\/www.ufsm.br\/pro-reitorias\/proplan\/?page_id=6079"},"modified":"2026-04-06T13:19:57","modified_gmt":"2026-04-06T16:19:57","slug":"regulamentos-de-pos-graduacao","status":"publish","type":"page","link":"https:\/\/www.ufsm.br\/pro-reitorias\/proplan\/regulamentos-de-pos-graduacao","title":{"rendered":"Regulamentos de P\u00f3s-Gradua\u00e7\u00e3o"},"content":{"rendered":"\t\t<div data-elementor-type=\"wp-page\" data-elementor-id=\"6079\" class=\"elementor elementor-6079\">\n\t\t\t\t\t\t<section class=\"elementor-section elementor-top-section elementor-element elementor-element-0e1c75d elementor-section-boxed elementor-section-height-default elementor-section-height-default\" data-id=\"0e1c75d\" data-element_type=\"section\">\n\t\t\t\t\t\t<div class=\"elementor-container elementor-column-gap-default\">\n\t\t\t\t\t<div class=\"elementor-column elementor-col-100 elementor-top-column elementor-element elementor-element-3a7e9c6\" data-id=\"3a7e9c6\" data-element_type=\"column\">\n\t\t\t<div class=\"elementor-widget-wrap elementor-element-populated\">\n\t\t\t\t\t\t<div class=\"elementor-element elementor-element-0152ce1 elementor-widget elementor-widget-text-editor\" data-id=\"0152ce1\" data-element_type=\"widget\" data-widget_type=\"text-editor.default\">\n\t\t\t\t<div class=\"elementor-widget-container\">\n\t\t\t\t\t\t\t<hr \/><table style=\"border-collapse: collapse;width: 100%;height: 1316px\"><tbody><tr style=\"height: 24px\"><td style=\"width: 43.752%;height: 24px;text-align: center\"><strong>Programa<\/strong><\/td><td style=\"width: 30.3513%;height: 24px;text-align: center\"><strong>Portaria<\/strong><\/td><td style=\"width: 25.8966%;height: 24px;text-align: center\"><strong>Regulamento<\/strong><\/td><\/tr><tr style=\"height: 144px\"><td style=\"width: 43.752%;height: 63px;text-align: center\">Regulamento Geral da P\u00f3s-Gradua\u00e7\u00e3o Stricto Sensu da Universidade Federal de Santa Maria (UFSM) e a Pol\u00edtica Institucional de P\u00f3s-gradua\u00e7\u00e3o e Pesquisa no \u00e2mbito da UFSM<\/td><td style=\"width: 30.3513%;height: 63px;text-align: center\"><a href=\"https:\/\/www.ufsm.br\/pro-reitorias\/proplan\/resolucao-ufsm-n-139-2023\" target=\"_blank\" rel=\"noopener\">RESOLU\u00c7\u00c3O UFSM N\u00b0 139, DE 29 DE AGOSTO DE 2023<\/a><\/td><td style=\"width: 25.8966%;height: 63px;text-align: center\">\u00a0<\/td><\/tr><tr style=\"height: 144px\"><td style=\"width: 43.752%;height: 25px;text-align: center\"><span style=\"color: 800000\">Programa de P\u00f3s-Gradua\u00e7\u00e3o em Ci\u00eancias Odontol\u00f3gicas (PPGCO)<\/span><\/td><td style=\"width: 30.3513%;height: 25px;text-align: center\"><a href=\"https:\/\/www.ufsm.br\/unidades-universitarias\/ccs\/portaria-normativa-002-de-06-de-agosto-de-2024\" target=\"_blank\" rel=\"noopener\">Portaria Normativa CCS\/UFSM N\u00ba 002, de 06 de Agosto de 2024<\/a><\/td><td style=\"width: 25.8966%;height: 25px;text-align: center\"><a href=\"https:\/\/www.ufsm.br\/unidades-universitarias\/ccs\/anexo-i-regulamento-do-programa-de-pos-graduacao-em-ciencias-odontologicas-ppgco\" target=\"_blank\" rel=\"noopener\">Regulamento<\/a><\/td><\/tr><tr style=\"height: 120px\"><td style=\"width: 43.752%;height: 76px;text-align: center\">Programa de P\u00f3s-Gradua\u00e7\u00e3o em Mestrado Profissional em Ci\u00eancias da Sa\u00fade (MPCS)<span style=\"color: 800000\"><br \/><\/span><\/td><td style=\"width: 30.3513%;height: 76px;text-align: center\"><a href=\"https:\/\/www.ufsm.br\/unidades-universitarias\/ccs?page_id=7023\" target=\"_blank\" rel=\"noopener\">Portaria\u00a0 Normativa CCS\/UFSM N\u00b0 003, de 06 de Agosto de 2024<\/a><\/td><td style=\"width: 25.8966%;height: 76px;text-align: center\"><a href=\"https:\/\/www.ufsm.br\/unidades-universitarias\/ccs?page_id=7030\" target=\"_blank\" rel=\"noopener\">Regulamento<\/a><\/td><\/tr><tr style=\"height: 95px\"><td style=\"width: 43.752%;text-align: center;height: 83px\"><ul>Programa de P\u00f3s-Gradua\u00e7\u00e3o em Farmacologia (PPGF)<\/ul><\/td><td style=\"width: 30.3513%;text-align: center;height: 83px\"><a href=\"https:\/\/www.ufsm.br\/unidades-universitarias\/ccs\/portaria-normativa-ccs-ufsm-n-004-de-06-de-agosto-de-2024\">Portaria Normativa CCS\/UFSM N\u00b0 004, de 06 de Agosto de 2024<\/a><\/td><td style=\"width: 25.8966%;text-align: center;height: 83px\"><a href=\"https:\/\/www.ufsm.br\/unidades-universitarias\/ccs?page_id=7047\">Regulamento<\/a><\/td><\/tr><tr style=\"height: 95px\"><td style=\"width: 43.752%;text-align: center;height: 85px\"><ul>Programa de P\u00f3s-Gradua\u00e7\u00e3o em Enfermagem (PPGEnf)\u00a0<\/ul><\/td><td style=\"width: 30.3513%;text-align: center;height: 85px\"><a href=\"https:\/\/www.ufsm.br\/unidades-universitarias\/ccs?page_id=7050\">Portaria Normativa CCS\/UFSM N\u00b0 005, de 20 de Agosto de 2024<\/a><\/td><td style=\"width: 25.8966%;text-align: center;height: 85px\"><a href=\"https:\/\/www.ufsm.br\/unidades-universitarias\/ccs?page_id=7051\">Regulamento<\/a><\/td><\/tr><tr style=\"height: 95px\"><td style=\"width: 43.752%;text-align: center;height: 95px\">Programa de P\u00f3s-Gradua\u00e7\u00e3o em Dist\u00farbios da Comunica\u00e7\u00e3o Humana (PPGDCH)<\/td><td style=\"width: 30.3513%;text-align: center;height: 95px\"><a href=\"https:\/\/www.ufsm.br\/unidades-universitarias\/ccs?page_id=7084\">Portaria Normativa CCS\/UFSM N\u00b0 006, de 02 de Setembro de 2024<\/a><\/td><td style=\"width: 25.8966%;text-align: center;height: 95px\"><a href=\"https:\/\/www.ufsm.br\/unidades-universitarias\/ccs?page_id=7085\">Regulamento<\/a><\/td><\/tr><tr style=\"height: 103px\"><td style=\"width: 43.752%;text-align: center;height: 98px\"><ul>Programa de P\u00f3s-Gradua\u00e7\u00e3o em Ci\u00eancias Farmac\u00eauticas (PPGCF)<\/ul><\/td><td style=\"width: 30.3513%;text-align: center;height: 98px\"><a href=\"https:\/\/www.ufsm.br\/unidades-universitarias\/ccs?page_id=7089\">Portaria Normativa CCS\/UFSM N\u00b0 007, DE 09 DE SETEMBRO DE 2024<\/a><\/td><td style=\"width: 25.8966%;text-align: center;height: 98px\"><a href=\"https:\/\/www.ufsm.br\/unidades-universitarias\/ccs?page_id=7093\">Regulamento<\/a><\/td><\/tr><tr style=\"height: 23px\"><td style=\"width: 43.752%;text-align: center;height: 23px\">Programa de P\u00f3s-gradua\u00e7\u00e3o em Educa\u00e7\u00e3o (PPGE)<\/td><td style=\"width: 30.3513%;text-align: center;height: 23px\"><a href=\"https:\/\/www.ufsm.br\/unidades-universitarias\/ce\/portaria-normativa-002-2024-centro-de-educacao\" target=\"_blank\" rel=\"noopener\">Portaria Normativa CE\/UFSM N. 002, DE 20 DE AGOSTO DE 2024<\/a><\/td><td style=\"width: 25.8966%;text-align: center;height: 23px\"><a href=\"https:\/\/www.ufsm.br\/unidades-universitarias\/ce\/regulamento-interno-do-programa-de-pos-graduacao-em-educacao\" target=\"_blank\" rel=\"noopener\">Regulamento<\/a><\/td><\/tr><tr style=\"height: 24px\"><td style=\"width: 43.752%;text-align: center;height: 24px\">Programa de P\u00f3s-Gradua\u00e7\u00e3o em Pol\u00edticas P\u00fablicas e Gest\u00e3o Educacional (PPPG)<\/td><td style=\"width: 30.3513%;text-align: center;height: 24px\"><a href=\"https:\/\/www.ufsm.br\/unidades-universitarias\/ce\/portaria-normativa-003-2024-centro-de-educacao\">Portaria Normativa CE\/UFSM N\u00b0 003, de 30 de agosto de 2024<\/a><\/td><td style=\"width: 25.8966%;text-align: center;height: 24px\"><a href=\"https:\/\/www.ufsm.br\/unidades-universitarias\/ce\/regulamento-interno-do-programa-de-pos-graduacao-em-politicas-publicas-e-gestao-educacional-pppg\">Regulamento<\/a><\/td><\/tr><tr style=\"height: 72px\"><td style=\"width: 43.752%;text-align: center;height: 72px\">Programa de P\u00f3s-Gradua\u00e7\u00e3o em Zootecnia (PPGZ)<\/td><td style=\"width: 30.3513%;text-align: center;height: 72px\">\u00a0<a href=\"https:\/\/www.ufsm.br\/cursos\/pos-graduacao\/santa-maria\/ppgz?page_id=779\" target=\"_blank\" rel=\"noopener\">Portaria Normativa CCR\/UFSM N. 001, de 18 de setembro de 2024<\/a><\/td><td style=\"width: 25.8966%;text-align: center;height: 72px\"><a href=\"https:\/\/www.ufsm.br\/cursos\/pos-graduacao\/santa-maria\/ppgz?page_id=778\" target=\"_blank\" rel=\"noopener\">Regulamento\u00a0<\/a><\/td><\/tr><tr style=\"height: 72px\"><td style=\"width: 43.752%;text-align: center;height: 72px\">Programa de P\u00f3s-Gradua\u00e7\u00e3o em Medicina Veterin\u00e1ria (PPGMV)<\/td><td style=\"width: 30.3513%;text-align: center;height: 72px\"><a href=\"https:\/\/www.ufsm.br\/cursos\/pos-graduacao\/santa-maria\/ppgmv?page_id=697\" target=\"_blank\" rel=\"noopener\">Portaria Normativa CCR\/UFSM N. 001, de 04 de fevereiro de 2025\u00a0<\/a><\/td><td style=\"width: 25.8966%;text-align: center;height: 72px\"><a href=\"https:\/\/www.ufsm.br\/cursos\/pos-graduacao\/santa-maria\/ppgmv?page_id=696\" target=\"_blank\" rel=\"noopener\">\u00a0Regulamento<\/a><\/td><\/tr><tr style=\"height: 72px\"><td style=\"width: 43.752%;text-align: center;height: 72px\">Programa de P\u00f3s-Gradua\u00e7\u00e3o em Engenharia Florestal (PPGEF)\u00a0<\/td><td style=\"width: 30.3513%;text-align: center;height: 72px\"><a href=\"https:\/\/www.ufsm.br\/cursos\/pos-graduacao\/santa-maria\/ppgef?page_id=1386\" target=\"_blank\" rel=\"noopener\">Portaria Normativa CCR\/UFSM N. 005, de 09 de outubro de 2024\u00a0<\/a><\/td><td style=\"width: 25.8966%;text-align: center;height: 72px\"><a href=\"https:\/\/www.ufsm.br\/cursos\/pos-graduacao\/santa-maria\/ppgef?page_id=1383\" target=\"_blank\" rel=\"noopener\">Regulamento\u00a0<\/a><\/td><\/tr><tr style=\"height: 72px\"><td style=\"width: 43.752%;text-align: center;height: 72px\">Programa de P\u00f3s-Gradua\u00e7\u00e3o em Extens\u00e3o Rural (PPGExR)<\/td><td style=\"width: 30.3513%;text-align: center;height: 72px\">\u00a0<a href=\"https:\/\/www.ufsm.br\/cursos\/pos-graduacao\/santa-maria\/ppgexr?page_id=2569\" target=\"_blank\" rel=\"noopener\">Portaria Normativa CCR\/UFSM N. 007, de 26 de novembro de 2024<\/a><\/td><td style=\"width: 25.8966%;text-align: center;height: 72px\"><a href=\"https:\/\/www.ufsm.br\/cursos\/pos-graduacao\/santa-maria\/ppgexr?page_id=2568\" target=\"_blank\" rel=\"noopener\">Regulamento<\/a>\u00a0<\/td><\/tr><tr style=\"height: 72px\"><td style=\"width: 43.752%;text-align: center;height: 72px\">Programa de P\u00f3s-Gradua\u00e7\u00e3o em Engenharia Agr\u00edcola (PPGEA)\u00a0<\/td><td style=\"width: 30.3513%;text-align: center;height: 72px\"><a href=\"https:\/\/www.ufsm.br\/cursos\/pos-graduacao\/santa-maria\/ppgea?page_id=1568\">Portaria Normativa CCR\/UFSM N. 002, de 27 de fevereiro de 2025<\/a><a href=\"https:\/\/www.ufsm.br\/cursos\/pos-graduacao\/santa-maria\/ppgea?page_id=1553\" target=\"_blank\" rel=\"noopener\">\u00a0<\/a><\/td><td style=\"width: 25.8966%;text-align: center;height: 72px\"><a href=\"https:\/\/www.ufsm.br\/cursos\/pos-graduacao\/santa-maria\/ppgea\/refgulamento-ppgea\">Regulamento<\/a>\u00a0<\/td><\/tr><tr style=\"height: 72px\"><td style=\"width: 43.752%;text-align: center;height: 72px\">Programa de P\u00f3s-Gradua\u00e7\u00e3o em Ci\u00eancia do Solo (PPGCS)\u00a0<\/td><td style=\"width: 30.3513%;text-align: center;height: 72px\"><a href=\"https:\/\/www.ufsm.br\/cursos\/pos-graduacao\/santa-maria\/ppgcs?page_id=1101\" target=\"_blank\" rel=\"noopener\">Portaria Normativa CCR\/UFSM N. 006, de 13 de novembro de 2024\u00a0<\/a><\/td><td style=\"width: 25.8966%;text-align: center;height: 72px\"><a href=\"https:\/\/www.ufsm.br\/cursos\/pos-graduacao\/santa-maria\/ppgcs?page_id=1100\" target=\"_blank\" rel=\"noopener\">Regulamento<\/a>\u00a0<\/td><\/tr><tr style=\"height: 72px\"><td style=\"width: 43.752%;text-align: center;height: 72px\">Programa de P\u00f3s-Gradua\u00e7\u00e3o em Ci\u00eancia e Tecnologia dos Alimentos (PPGCTA)\u00a0<\/td><td style=\"width: 30.3513%;text-align: center;height: 72px\"><a href=\"https:\/\/www.ufsm.br\/cursos\/pos-graduacao\/santa-maria\/ppgcta?page_id=1496\" target=\"_blank\" rel=\"noopener\">Portaria Normativa CCR\/UFSM N. 002, de 13 de agosto de 2024\u00a0<\/a><\/td><td style=\"width: 25.8966%;text-align: center;height: 72px\"><a href=\"https:\/\/www.ufsm.br\/cursos\/pos-graduacao\/santa-maria\/ppgcta?page_id=1494\" target=\"_blank\" rel=\"noopener\">Regulamento<\/a>\u00a0<\/td><\/tr><tr style=\"height: 72px\"><td style=\"width: 43.752%;text-align: center;height: 72px\">Programa de P\u00f3s-Gradua\u00e7\u00e3o em Agronomia (PPGAgro)<\/td><td style=\"width: 30.3513%;text-align: center;height: 72px\"><a href=\"https:\/\/www.ufsm.br\/cursos\/pos-graduacao\/santa-maria\/ppgagro?page_id=2195\" target=\"_blank\" rel=\"noopener\">Portaria Normativa CCR\/UFSM\u00a0 N. 003, de 23 de agosto de 2024<\/a><\/td><td style=\"width: 25.8966%;text-align: center;height: 72px\"><p><a href=\"https:\/\/www.ufsm.br\/cursos\/pos-graduacao\/santa-maria\/ppgagro?page_id=2196\" target=\"_blank\" rel=\"noopener\">Regulamento\u00a0<\/a><\/p><\/td><\/tr><tr style=\"height: 144px\"><td style=\"width: 43.752%;text-align: center;height: 144px\">Programa de P\u00f3s-Gradua\u00e7\u00e3o em Ci\u00eancia da Computa\u00e7\u00e3o (PPGCC)<\/td><td style=\"width: 30.3513%;text-align: center;height: 144px\"><a href=\"https:\/\/www.ufsm.br\/unidades-universitarias\/ct\/portaria-normativa-ct-ufsm-n-005-de-28-de-agosto-de-2025\">Portaria Normativa CT\/UFSM N. 005, de 28 de agosto de 2025<\/a><\/td><td style=\"width: 25.8966%;text-align: center;height: 144px\"><p><a href=\"https:\/\/www.ufsm.br\/unidades-universitarias\/ct\/regulamento-interno-ppgcc\">Regulamento<\/a><\/p><\/td><\/tr><tr><td style=\"width: 43.752%;text-align: center\">Programa de P\u00f3s-Gradua\u00e7\u00e3o em Letras (PPGL)<\/td><td style=\"width: 30.3513%;text-align: center\"><a href=\"https:\/\/www.ufsm.br\/unidades-universitarias\/cal\/portaria-normativa-004-2025-de-14-de-abril\">Portaria Normativa CAL\/UFSM N. 004, de 14 de abril de 2025<\/a><\/td><td style=\"width: 25.8966%;text-align: center\"><p><a href=\"https:\/\/www.ufsm.br\/unidades-universitarias\/cal\/regulamento-interno-do-programa-de-pos-graduacao-em-letras-do-centro-de-artes-e-letras-da-ufsm\">Regulamento<\/a><\/p><\/td><\/tr><tr><td style=\"width: 43.752%;text-align: center\">Programa de P\u00f3s-Gradua\u00e7\u00e3o em Ci\u00eancias do Movimento e Reabilita\u00e7\u00e3o (PPGCMR)<\/td><td style=\"width: 30.3513%;text-align: center\"><a href=\"https:\/\/www.ufsm.br\/cursos\/pos-graduacao\/santa-maria\/ppgcmr\/portariaregulamentoppgcmr2024\">Portaria Normativa CEFD\/UFSM N. 001 , de 22 de agosto de 2024<\/a><\/td><td style=\"width: 25.8966%;text-align: center\"><p><a href=\"https:\/\/www.ufsm.br\/cursos\/pos-graduacao\/santa-maria\/ppgcmr\/regulamento-do-curso-de-pos-graduacao-em-ciencias-do-movimento-e-reabilitacao\">Regulamento<\/a><\/p><\/td><\/tr><tr><td style=\"width: 43.752%;text-align: center\">Programa de P\u00f3s-Gradua\u00e7\u00e3o em Arquitetura, Urbanismo e Paisagismo (PPGAUP)\u00a0<\/td><td style=\"width: 30.3513%;text-align: center\"><a href=\"https:\/\/www.ufsm.br\/unidades-universitarias\/ct\/portaria-normativa-ct-ufsm-n-002-de-12-de-setembro-de-2024\">Portaria Normativa CT\/UFSM N. 002, de 12 de setembro de 2024<\/a><\/td><td style=\"width: 25.8966%;text-align: center\"><a href=\"https:\/\/www.ufsm.br\/unidades-universitarias\/ct\/regulamento-do-programa-de-pos-graduacao-em-arquitetura-urbanismo-e-paisagismo-ppgaup-ct-ufsm\">Regulamento<\/a><\/td><\/tr><tr><td style=\"width: 43.752%;text-align: center\">Programa de P\u00f3s-Gradua\u00e7\u00e3o em Engenharia Civil e Ambiental (PPGECAM)\u00a0<\/td><td style=\"width: 30.3513%;text-align: center\"><a href=\"https:\/\/www.ufsm.br\/unidades-universitarias\/ct\/portaria-normativa-ct-ufsm-n-004-de-24-de-abril-de-2025-2\">Portaria Normativa CT\/UFSM N\u00b0 004, de 24 de abril de 2025<\/a><\/td><td style=\"width: 25.8966%;text-align: center\"><a href=\"https:\/\/www.ufsm.br\/unidades-universitarias\/ct\/portaria-normativa-ct-ufsm-n-004-2025-anexo-i\">Regulamento<\/a><\/td><\/tr><tr><td style=\"width: 43.752%;text-align: center\">Programa de P\u00f3s-Gradua\u00e7\u00e3o em Patrim\u00f4nio Cultural\u00a0<\/td><td style=\"width: 30.3513%;text-align: center\"><a href=\"https:\/\/www.ufsm.br\/cursos\/pos-graduacao\/santa-maria\/ppgpc\/portaria-ccsh-ufsm-04-de-27-de-novembro-de-2025\">Portaria Normativa CCSH\/UFSM n. 04, de 27 de novembro de 2025<\/a><\/td><td style=\"width: 25.8966%;text-align: center\"><a href=\"https:\/\/www.ufsm.br\/cursos\/pos-graduacao\/santa-maria\/ppgpc\/regulamento-interno-ppgpc\">Regulamento<\/a><\/td><\/tr><\/tbody><\/table>\t\t\t\t\t\t<\/div>\n\t\t\t\t<\/div>\n\t\t\t\t\t<\/div>\n\t\t<\/div>\n\t\t\t\t\t<\/div>\n\t\t<\/section>\n\t\t\t\t<\/div>\n\t\t","protected":false},"excerpt":{"rendered":"<p>Programa Portaria Regulamento Regulamento Geral da P\u00f3s-Gradua\u00e7\u00e3o Stricto Sensu da Universidade Federal de Santa Maria (UFSM) e a Pol\u00edtica Institucional de P\u00f3s-gradua\u00e7\u00e3o e Pesquisa no \u00e2mbito da UFSM RESOLU\u00c7\u00c3O UFSM N\u00b0 139, DE 29 DE AGOSTO DE 2023 \u00a0 Programa de P\u00f3s-Gradua\u00e7\u00e3o em Ci\u00eancias Odontol\u00f3gicas (PPGCO) Portaria Normativa CCS\/UFSM N\u00ba 002, de 06 de Agosto [&hellip;]<\/p>\n","protected":false},"author":6742,"featured_media":0,"parent":0,"menu_order":0,"comment_status":"closed","ping_status":"closed","template":"","meta":{"footnotes":""},"categories":[],"tags":[],"class_list":["post-6079","page","type-page","status-publish","hentry"],"acf":[],"_links":{"self":[{"href":"https:\/\/www.ufsm.br\/pro-reitorias\/proplan\/wp-json\/wp\/v2\/pages\/6079","targetHints":{"allow":["GET"]}}],"collection":[{"href":"https:\/\/www.ufsm.br\/pro-reitorias\/proplan\/wp-json\/wp\/v2\/pages"}],"about":[{"href":"https:\/\/www.ufsm.br\/pro-reitorias\/proplan\/wp-json\/wp\/v2\/types\/page"}],"author":[{"embeddable":true,"href":"https:\/\/www.ufsm.br\/pro-reitorias\/proplan\/wp-json\/wp\/v2\/users\/6742"}],"replies":[{"embeddable":true,"href":"https:\/\/www.ufsm.br\/pro-reitorias\/proplan\/wp-json\/wp\/v2\/comments?post=6079"}],"version-history":[{"count":0,"href":"https:\/\/www.ufsm.br\/pro-reitorias\/proplan\/wp-json\/wp\/v2\/pages\/6079\/revisions"}],"wp:attachment":[{"href":"https:\/\/www.ufsm.br\/pro-reitorias\/proplan\/wp-json\/wp\/v2\/media?parent=6079"}],"wp:term":[{"taxonomy":"category","embeddable":true,"href":"https:\/\/www.ufsm.br\/pro-reitorias\/proplan\/wp-json\/wp\/v2\/categories?post=6079"},{"taxonomy":"post_tag","embeddable":true,"href":"https:\/\/www.ufsm.br\/pro-reitorias\/proplan\/wp-json\/wp\/v2\/tags?post=6079"}],"curies":[{"name":"wp","href":"https:\/\/api.w.org\/{rel}","templated":true}]}}