{"id":6132,"date":"2024-10-16T15:26:33","date_gmt":"2024-10-16T18:26:33","guid":{"rendered":"https:\/\/www.ufsm.br\/pro-reitorias\/proplan\/?page_id=6132"},"modified":"2025-08-19T11:03:23","modified_gmt":"2025-08-19T14:03:23","slug":"resolucao-ufsm-n-178-2024","status":"publish","type":"page","link":"https:\/\/www.ufsm.br\/pro-reitorias\/proplan\/resolucao-ufsm-n-178-2024","title":{"rendered":"RESOLU\u00c7\u00c3O UFSM N\u00b0 178\/2024"},"content":{"rendered":"\t\t<div data-elementor-type=\"wp-page\" data-elementor-id=\"6132\" class=\"elementor elementor-6132\">\n\t\t\t\t\t\t<section class=\"elementor-section elementor-top-section elementor-element elementor-element-2e81eaf elementor-section-boxed elementor-section-height-default elementor-section-height-default\" data-id=\"2e81eaf\" data-element_type=\"section\">\n\t\t\t\t\t\t<div class=\"elementor-container elementor-column-gap-default\">\n\t\t\t\t\t<div class=\"elementor-column elementor-col-100 elementor-top-column elementor-element elementor-element-9f5f60b\" data-id=\"9f5f60b\" data-element_type=\"column\">\n\t\t\t<div class=\"elementor-widget-wrap elementor-element-populated\">\n\t\t\t\t\t\t<div class=\"elementor-element elementor-element-cafa3ab elementor-widget elementor-widget-html\" data-id=\"cafa3ab\" data-element_type=\"widget\" data-widget_type=\"html.default\">\n\t\t\t\t<div class=\"elementor-widget-container\">\n\t\t\t\r\n\r\n\r\n<title><b>RESOLU\u00c7\u00c3O UFSM N\u00b0 178, DE 08 DE OUTUBRO DE 2024<\/b><\/title>\r\n\r\n\r\n<div align=\"center\"><img decoding=\"async\" src=\"https:\/\/www.ufsm.br\/pro-reitorias\/proplan\/wp-content\/uploads\/sites\/344\/2019\/09\/brasao-da-republica-do-brasil-logo.png\" alt=\"Bras\u00e3o Rep\u00fablica Federativa do Brasil\" width=\"6%\" height=\"6%\"><\/div>\r\n\r\n<h1><font color=\"blue\"><font size=\"5\"><div align=\"center\">MINIST\u00c9RIO DA EDUCA\u00c7\u00c3O<\/div><\/font><\/font><\/H1>\r\n<p><b><font color=\"0000blue\"><div align=\"center\">UNIVERSIDADE FEDERAL DE SANTA MARIA<\/b><\/div><\/font><\/p>\r\n<p><div align=\"center\"><b><a href=\"https:\/\/portal.ufsm.br\/documentos\/publico\/documento.html?id=15231953\" target=\"_blank\"><font color=\"blue\">RESOLU\u00c7\u00c3O UFSM N\u00b0 178, DE 08 DE OUTUBRO DE 2024<\/font><\/a><\/b><\/div><\/p>\r\n<br>\r\n\r\n<p style=\"margin-left: 9cm;text-align: justify;color: #800000\">Acrescenta\/altera dispositivos \u00e0 Resolu\u00e7\u00e3o UFSM n\u00b0 118, de 08 de fevereiro de 2023, referentes \u00e0 normatiza\u00e7\u00e3o de Destaques Institucionais, no \u00e2mbito da Universidade Federal de Santa Maria (UFSM).\r\n<\/p>\r\n\r\n\r\n<br><div align=\"justify\"><font color=\"black\">\r\n<p>\r\nO REITOR DA UNIVERSIDADE FEDERAL DE SANTA MARIA, no uso de suas atribui\u00e7\u00f5es legais que lhe confere o art. 30 do <a href=\"https:\/\/www.ufsm.br\/pro-reitorias\/proplan\/estatuto-ufsm-2010\" target=\"_blank\"><font color=\"blue\"><u>Estatuto da Universidade Federal de Santa Maria<\/u><\/font><\/a> com as adequa\u00e7\u00f5es aprovadas pela <a href=\"https:\/\/www.ufsm.br\/pro-reitorias\/proplan\/resolucao-n-037-2010\" target=\"_blank\"><font color=\"blue\"><u>Resolu\u00e7\u00e3o UFSM n\u00b0 037, de 30 de novembro de 2010<\/u><\/font><\/a>, aprovado pela <a href=\"https:\/\/www.ufsm.br\/app\/uploads\/2018\/08\/Estatuto-da-UFSM.pdf\" target=\"_blank\"><font color=\"blue\"><u>Portaria n\u00b0 156, de 12 de mar\u00e7o de 2014<\/u><\/font><\/a>, e publicado no Di\u00e1rio Oficial da Uni\u00e3o em 13 de mar\u00e7o de 2014, tendo em vista <a href=\"https:\/\/www.ufsm.br\/pro-reitorias\/proplan\/resolucao-ufsm-n-118-20230\" target=\"_blank\"><font color=\"blue\"><u>Resolu\u00e7\u00e3o UFSM n\u00b0 118, de 08 de fevereiro de 2023<\/u><\/font><\/a>, a necessidade de valoriza\u00e7\u00e3o de servidores(as) e alunos(as) que se destaquem no atendimento \u00e0 imprensa interna e externa da UFSM, e o que consta no processo <a href=\"https:\/\/portal.ufsm.br\/documentos\/publico\/processo\/documento.html?idDocumento=15138814\" target=\"_blank\"><font color=\"blue\"><u>23081.085199\/2024-66<\/u><\/font><\/a>, resolve:\r\n<br>\r\n\r\n<br>\r\n<p>Art. 1\u00b0  Acrescentar\/alterar dispositivos \u00e0 <a href=\"https:\/\/www.ufsm.br\/pro-reitorias\/proplan\/resolucao-ufsm-n-118-20230\" target=\"_blank\"><font color=\"blue\"><u>Resolu\u00e7\u00e3o UFSM n\u00b0 118, de 08 de fevereiro de 2023<\/u><\/font><\/a>, referentes \u00e0 normatiza\u00e7\u00e3o de Destaques Institucionais, no \u00e2mbito da Universidade Federal de Santa Maria (UFSM).\r\n<p>Art. 2\u00b0  Fica acrescentada a Se\u00e7\u00e3o IV-A ao Cap\u00edtulo I da <a href=\"https:\/\/www.ufsm.br\/pro-reitorias\/proplan\/resolucao-ufsm-n-118-20230\" target=\"_blank\"><font color=\"blue\"><u>Resolu\u00e7\u00e3o UFSM n\u00b0 118, de 08 de fevereiro de 2023<\/u><\/font><\/a>, com a seguinte reda\u00e7\u00e3o:\r\n<br>\r\n\r\n<ul>\r\n<br>\r\n<p style=\"margin-left: 2.5cm\">\u201c(...)\r\n<p style=\"margin-left: 2.5cm\">Se\u00e7\u00e3o V\r\n<p style=\"margin-left: 2.5cm\">Do Destaque na Imprensa\r\n<br>\r\n\r\n<br>\r\n<p style=\"margin-left: 2.5cm\">Art. 12A.  A UFSM conceder\u00e1 anualmente o Destaque na Imprensa. \r\n<p style=\"margin-left: 2.5cm\">Par\u00e1grafo \u00danico.  O destaque ser\u00e1 concedido a 1 (um\/uma) servidor(a) ou aluno(a) da UFSM que se destaque no atendimento \u00e0 imprensa. \r\n\r\n<p style=\"margin-left: 2.5cm\">Art. 12B.  Os crit\u00e9rios de enquadramento e de avalia\u00e7\u00e3o, dentre outros requisitos que se fa\u00e7am necess\u00e1rios para realizar a avalia\u00e7\u00e3o e conceder o Destaque na Imprensa ser\u00e3o propostos pela Coordenadoria de Comunica\u00e7\u00e3o Social, vinculada \u00e0 Pr\u00f3-Reitoria de Planejamento da UFSM, e divulgados nos canais institucionais, em edital espec\u00edfico em cada ano da premia\u00e7\u00e3o.\r\n<p style=\"margin-left: 2.5cm\">(...)\u201d\r\n<p style=\"margin-left: 2.5cm\">(NR)\r\n<br>\r\n<\/ul>\r\n\r\n<br>\r\n<p>Art. 3\u00b0  Os dispositivos da <a href=\"https:\/\/www.ufsm.br\/pro-reitorias\/proplan\/resolucao-ufsm-n-118-20230\" target=\"_blank\"><font color=\"blue\"><u>Resolu\u00e7\u00e3o UFSM n\u00b0 118, de 08 de fevereiro de 2023<\/u><\/font><\/a>, passam a vigorar com a seguinte reda\u00e7\u00e3o:\r\n<br>\r\n\r\n<br>\r\n<ul>\r\n<p style=\"margin-left: 2.5cm\">\u201c(...)\r\n<p style=\"margin-left: 2.5cm\">Art. 5\u00b0  Os crit\u00e9rios de enquadramento e de avalia\u00e7\u00e3o, dentre outros requisitos que se fa\u00e7am necess\u00e1rios para realizar a avalia\u00e7\u00e3o e conceder o Destaque em Inova\u00e7\u00e3o ser\u00e3o propostos pela Pr\u00f3-Reitoria de Inova\u00e7\u00e3o e Empreendedorismo (PROINOVA), e divulgados, nos canais institucionais, em edital espec\u00edfico em cada ano da premia\u00e7\u00e3o.\r\n<p style=\"margin-left: 2.5cm\">(...)\r\n\r\n<p style=\"margin-left: 2.5cm\">Art. 14.  A organiza\u00e7\u00e3o das atividades da JAI\/UFSM estar\u00e1 sob a responsabilidade conjunta das Pr\u00f3-Reitorias de P\u00f3s-Gradua\u00e7\u00e3o e Pesquisa, Gradua\u00e7\u00e3o, Extens\u00e3o e de Inova\u00e7\u00e3o e Empreendedorismo.\r\n<p style=\"margin-left: 2.5cm\">(...)\u201d\r\n<p style=\"margin-left: 2.5cm\">(NR)\r\n<br>\r\n\r\n<\/ul>\r\n<br>\r\n<p>Art. 4\u00b0  A inobserv\u00e2ncia ao disposto nesta Resolu\u00e7\u00e3o n\u00e3o constitui escusa v\u00e1lida para o descumprimento da norma nem resulta em sua invalidade.\r\n\r\n<p>Art. 5\u00b0  Esta Resolu\u00e7\u00e3o entra em vigor na data de sua assinatura, de acordo com o que prev\u00ea o par\u00e1grafo 2\u00b0 do art. 16 do \r\n<a href=\"https:\/\/www.planalto.gov.br\/ccivil_03\/_ato2023-2026\/2024\/decreto\/d12002.htm\"><font color=\"blue\"><u>Decreto n\u00b0 12.002, de 22 de abril de 2024<\/u><\/font><\/a>.\r\n<p>Par\u00e1grafo \u00fanico.  Havendo qualquer modifica\u00e7\u00e3o legislativa, ou ainda, advindo qualquer situa\u00e7\u00e3o legal que impacte na legalidade da presente Resolu\u00e7\u00e3o, a mesma se aplica de imediato.\r\n<br>\r\n\r\n<br>\r\n<p>Luciano Schuch<\/p>\r\n<p>Reitor<\/p>\r\n<br>\r\n\r\n<p><font color=\"red0000\">Este texto n\u00e3o substitui o documento original, publicado no Portal de Documentos.<\/font> Dispon\u00edvel em: <a href=\"https:\/\/portal.ufsm.br\/documentos\/publico\/documento.html?id=15231953\" target=\"_blank\"><font color=\"blue\">https:\/\/portal.ufsm.br\/documentos\/publico\/documento.html?id=15231953<\/font><\/a><\/p>\t\t<\/div>\n\t\t\t\t<\/div>\n\t\t\t\t\t<\/div>\n\t\t<\/div>\n\t\t\t\t\t<\/div>\n\t\t<\/section>\n\t\t\t\t<\/div>\n\t\t","protected":false},"excerpt":{"rendered":"<p>RESOLU\u00c7\u00c3O UFSM N\u00b0 178, DE 08 DE OUTUBRO DE 2024 MINIST\u00c9RIO DA EDUCA\u00c7\u00c3O UNIVERSIDADE FEDERAL DE SANTA MARIA RESOLU\u00c7\u00c3O UFSM N\u00b0 178, DE 08 DE OUTUBRO DE 2024 Acrescenta\/altera dispositivos \u00e0 Resolu\u00e7\u00e3o UFSM n\u00b0 118, de 08 de fevereiro de 2023, referentes \u00e0 normatiza\u00e7\u00e3o de Destaques Institucionais, no \u00e2mbito da Universidade Federal de Santa Maria [&hellip;]<\/p>\n","protected":false},"author":6742,"featured_media":0,"parent":0,"menu_order":0,"comment_status":"closed","ping_status":"closed","template":"","meta":{"footnotes":""},"categories":[],"tags":[],"class_list":["post-6132","page","type-page","status-publish","hentry"],"acf":[],"_links":{"self":[{"href":"https:\/\/www.ufsm.br\/pro-reitorias\/proplan\/wp-json\/wp\/v2\/pages\/6132","targetHints":{"allow":["GET"]}}],"collection":[{"href":"https:\/\/www.ufsm.br\/pro-reitorias\/proplan\/wp-json\/wp\/v2\/pages"}],"about":[{"href":"https:\/\/www.ufsm.br\/pro-reitorias\/proplan\/wp-json\/wp\/v2\/types\/page"}],"author":[{"embeddable":true,"href":"https:\/\/www.ufsm.br\/pro-reitorias\/proplan\/wp-json\/wp\/v2\/users\/6742"}],"replies":[{"embeddable":true,"href":"https:\/\/www.ufsm.br\/pro-reitorias\/proplan\/wp-json\/wp\/v2\/comments?post=6132"}],"version-history":[{"count":0,"href":"https:\/\/www.ufsm.br\/pro-reitorias\/proplan\/wp-json\/wp\/v2\/pages\/6132\/revisions"}],"wp:attachment":[{"href":"https:\/\/www.ufsm.br\/pro-reitorias\/proplan\/wp-json\/wp\/v2\/media?parent=6132"}],"wp:term":[{"taxonomy":"category","embeddable":true,"href":"https:\/\/www.ufsm.br\/pro-reitorias\/proplan\/wp-json\/wp\/v2\/categories?post=6132"},{"taxonomy":"post_tag","embeddable":true,"href":"https:\/\/www.ufsm.br\/pro-reitorias\/proplan\/wp-json\/wp\/v2\/tags?post=6132"}],"curies":[{"name":"wp","href":"https:\/\/api.w.org\/{rel}","templated":true}]}}