{"id":6138,"date":"2024-10-18T16:30:58","date_gmt":"2024-10-18T19:30:58","guid":{"rendered":"https:\/\/www.ufsm.br\/pro-reitorias\/proplan\/?page_id=6138"},"modified":"2025-01-27T10:03:29","modified_gmt":"2025-01-27T13:03:29","slug":"portaria-normativa-ufsm-n-89-2024","status":"publish","type":"page","link":"https:\/\/www.ufsm.br\/pro-reitorias\/proplan\/portaria-normativa-ufsm-n-89-2024","title":{"rendered":"Portaria Normativa UFSM N.89\/2024"},"content":{"rendered":"\t\t<div data-elementor-type=\"wp-page\" data-elementor-id=\"6138\" class=\"elementor elementor-6138\">\n\t\t\t\t\t\t<section class=\"elementor-section elementor-top-section elementor-element elementor-element-7a87f74 elementor-section-boxed elementor-section-height-default elementor-section-height-default\" data-id=\"7a87f74\" data-element_type=\"section\">\n\t\t\t\t\t\t<div class=\"elementor-container elementor-column-gap-default\">\n\t\t\t\t\t<div class=\"elementor-column elementor-col-100 elementor-top-column elementor-element elementor-element-ded55f8\" data-id=\"ded55f8\" data-element_type=\"column\">\n\t\t\t<div class=\"elementor-widget-wrap elementor-element-populated\">\n\t\t\t\t\t\t<div class=\"elementor-element elementor-element-7a6af70 elementor-widget elementor-widget-html\" data-id=\"7a6af70\" data-element_type=\"widget\" data-widget_type=\"html.default\">\n\t\t\t\t<div class=\"elementor-widget-container\">\n\t\t\t\r\n\r\n\r\n<title><b>PORTARIA NORMATIVA UFSM N. 089, DE 18 DE OUTUBRO DE 2024<\/b><\/title>\r\n\r\n\r\n<div align=\"center\"><img decoding=\"async\" src=\"https:\/\/www.ufsm.br\/pro-reitorias\/proplan\/wp-content\/uploads\/sites\/344\/2019\/09\/brasao-da-republica-do-brasil-logo.png\" alt=\"Bras\u00e3o Rep\u00fablica Federativa do Brasil\" width=\"6%\" height=\"6%\"><\/div>  <h1><font color=\"blue\"><font size=\"5\"><div align=\"center\">MINIST\u00c9RIO DA EDUCA\u00c7\u00c3O<\/div><\/font><\/font><\/H1>\r\n\r\n<b><font color=\"0000blue\"><div align=\"center\">UNIVERSIDADE FEDERAL DE SANTA MARIA<\/div><\/font><\/b>\r\n<p><div align=\"center\"><b><a href=\"https:\/\/portal.ufsm.br\/documentos\/publico\/documento.html?id=15235228\" target=\"_blank\"><font color=\"blue\">PORTARIA NORMATIVA UFSM N. 089, DE 18 DE OUTUBRO DE 2024<\/font><\/a><\/b><\/div>\r\n<br>\r\n\r\n<p style=\"margin-left: 9cm;text-align: justify;color: #800000\">Torna sem efeito a Resolu\u00e7\u00e3o UFSM n\u00b0 177, de 03 de outubro de 2024. \r\n<\/p>\r\n\r\n<font color=\"black\">\r\n\r\n<br>\r\n<p>O REITOR DA UNIVERSIDADE FEDERAL DE SANTA MARIA, no uso de suas atribui\u00e7\u00f5es legais que lhe confere o art. 30 do <a href=\"https:\/\/www.ufsm.br\/pro-reitorias\/proplan\/estatuto-ufsm-2010\" target=\"_blank\"><font color=\"blue\"><u>Estatuto da Universidade Federal de Santa Maria<\/u><\/font><\/a> com as adequa\u00e7\u00f5es aprovadas pela <a href=\"https:\/\/www.ufsm.br\/pro-reitorias\/proplan\/resolucao-n-037-2010\" target=\"_blank\"><font color=\"blue\"><u>Resolu\u00e7\u00e3o UFSM N. 037<\/u><\/font><\/a>, de 30 de novembro de 2010, aprovado pela <a href=\"https:\/\/www.ufsm.br\/app\/uploads\/2018\/08\/Estatuto-da-UFSM.pdf\" target=\"_blank\"><font color=\"blue\"><u>Portaria n\u00ba 156<\/u><\/font><\/a>,  de 12 de mar\u00e7o de 2014, e publicado no Di\u00e1rio Oficial da Uni\u00e3o em 13 de mar\u00e7o de 2014, tendo em vista o <a href=\"https:\/\/www.planalto.gov.br\/ccivil_03\/_ato2023-2026\/2024\/decreto\/d12002.htm\"><font color=\"blue\"><u>Decreto n\u00b0 12.002<\/u><\/font><\/a>,de 22 de abril de 2024, e a necessidade de amplia\u00e7\u00e3o de prazo processual para implementa\u00e7\u00e3o das mudan\u00e7as decorrentes da mat\u00e9ria constante nos processos  <a href=\"https:\/\/portal.ufsm.br\/documentos\/publico\/processo\/documento.html?idDocumento=15173149\" target=\"_blank\"><font color=\"blue\"><u> 23081.101136\/2024-64<\/u><\/font><\/a> e <a href=\"https:\/\/portal.ufsm.br\/documentos\/publico\/processo\/documento.html?idDocumento=14813205\" target=\"_blank\"><font color=\"blue\"><u>23081.119455\/2023-45<\/u><\/font><\/a>, resolve:\r\n<br>\r\n\r\n<br>\r\n<p>Art. 1\u00b0  Tornar sem efeito a <a href=\"https:\/\/www.ufsm.br\/pro-reitorias\/proplan\/resolucao-ufsm-n-177-2024\" target=\"_blank\"><font color=\"blue\"><u>Resolu\u00e7\u00e3o UFSM n\u00b0 177<\/u><\/font><\/a>, de 03 de outubro de 2024.\r\n<br>\r\n\r\n<br>\r\n<p>\u00a7 1\u00b0  Esta Portaria visa atualizar a data de vig\u00eancia da ato normativo constante no processo\r\n<a href=\"https:\/\/portal.ufsm.br\/documentos\/publico\/processo\/documento.html?idDocumento=14813205\" target=\"_blank\"><font color=\"blue\"><u>23081.119455\/2023-45<\/u><\/font><\/a>, de modo a viabilizar os tr\u00e2mites processuais internos e externos, conforme <a href=\"https:\/\/www.planalto.gov.br\/ccivil_03\/_ato2023-2026\/2024\/decreto\/d12002.htm\"><font color=\"blue\"><u>Decreto n\u00b0 12.002<\/u><\/font><\/a>, de 22 de abril de 2024, art. 17, inciso IV.\r\n<br>\r\n\r\n<br>\r\n<p>\u00a7 2\u00b0  A mat\u00e9ria constante no referido ato disposto no par\u00e1grafo 1\u00b0, aprovado na sess\u00e3o ordin\u00e1ria n\u00b0 874a\r\ndo Conselho Universit\u00e1rio (CONSU) da UFSM, n\u00e3o sofrer\u00e1 altera\u00e7\u00e3o.\r\n<br>\r\n\r\n<br>\r\n<p>\u00a7 3\u00b0  A nova data de vig\u00eancia da referida Resolu\u00e7\u00e3o passar\u00e1 a ser 01 de dezembro de 2024.\r\n<br>\r\n\r\n<br>\r\n<p>Art. 2\u00b0  A inobserv\u00e2ncia ao disposto nesta Portaria n\u00e3o constitui escusa v\u00e1lida para o descumprimento da norma nem resulta em sua invalidade. \r\n<br>\r\n\r\n<br>\r\n<p>Art. 3\u00b0  Esta Portaria entra em vigor na data de sua assinatura, de acordo com o que prev\u00ea o <a href=\"https:\/\/www.planalto.gov.br\/ccivil_03\/_ato2023-2026\/2024\/decreto\/d12002.htm\"><font color=\"blue\"><u>Decreto n\u00b0 12.002<\/u><\/font><\/a>, de 22 de abril de 2024, art. 18. \r\n<br>\r\n\r\n<br>\r\n<p>Par\u00e1grafo \u00fanico.  Havendo qualquer modifica\u00e7\u00e3o legislativa, ou ainda, advindo qualquer situa\u00e7\u00e3o legal que impacte na legalidade da presente Portaria, a mesma se aplica de imediato.\r\n<br>\r\n\r\n<br>\r\n<p>Luciano Schuch<\/p>\r\n<p>Reitor<\/p>\r\n<br>\r\n<br>\r\n\r\n<p><font color=\"red0000\">Este texto n\u00e3o substitui o documento original, publicado no Portal de Documentos. Dispon\u00edvel em:\r\n<a href=\"https:\/\/portal.ufsm.br\/documentos\/publico\/documento.html?id=15235228\"><font color=\"blue\"><u>https:\/\/portal.ufsm.br\/documentos\/publico\/documento.html?id=15235228<\/u><\/font><\/a>\r\n\t\t<\/div>\n\t\t\t\t<\/div>\n\t\t\t\t\t<\/div>\n\t\t<\/div>\n\t\t\t\t\t<\/div>\n\t\t<\/section>\n\t\t\t\t<\/div>\n\t\t","protected":false},"excerpt":{"rendered":"<p>PORTARIA NORMATIVA UFSM N. 089, DE 18 DE OUTUBRO DE 2024 MINIST\u00c9RIO DA EDUCA\u00c7\u00c3O UNIVERSIDADE FEDERAL DE SANTA MARIA PORTARIA NORMATIVA UFSM N. 089, DE 18 DE OUTUBRO DE 2024 Torna sem efeito a Resolu\u00e7\u00e3o UFSM n\u00b0 177, de 03 de outubro de 2024. O REITOR DA UNIVERSIDADE FEDERAL DE SANTA MARIA, no uso de [&hellip;]<\/p>\n","protected":false},"author":6742,"featured_media":0,"parent":0,"menu_order":0,"comment_status":"closed","ping_status":"closed","template":"","meta":{"footnotes":""},"categories":[],"tags":[],"class_list":["post-6138","page","type-page","status-publish","hentry"],"acf":[],"_links":{"self":[{"href":"https:\/\/www.ufsm.br\/pro-reitorias\/proplan\/wp-json\/wp\/v2\/pages\/6138","targetHints":{"allow":["GET"]}}],"collection":[{"href":"https:\/\/www.ufsm.br\/pro-reitorias\/proplan\/wp-json\/wp\/v2\/pages"}],"about":[{"href":"https:\/\/www.ufsm.br\/pro-reitorias\/proplan\/wp-json\/wp\/v2\/types\/page"}],"author":[{"embeddable":true,"href":"https:\/\/www.ufsm.br\/pro-reitorias\/proplan\/wp-json\/wp\/v2\/users\/6742"}],"replies":[{"embeddable":true,"href":"https:\/\/www.ufsm.br\/pro-reitorias\/proplan\/wp-json\/wp\/v2\/comments?post=6138"}],"version-history":[{"count":0,"href":"https:\/\/www.ufsm.br\/pro-reitorias\/proplan\/wp-json\/wp\/v2\/pages\/6138\/revisions"}],"wp:attachment":[{"href":"https:\/\/www.ufsm.br\/pro-reitorias\/proplan\/wp-json\/wp\/v2\/media?parent=6138"}],"wp:term":[{"taxonomy":"category","embeddable":true,"href":"https:\/\/www.ufsm.br\/pro-reitorias\/proplan\/wp-json\/wp\/v2\/categories?post=6138"},{"taxonomy":"post_tag","embeddable":true,"href":"https:\/\/www.ufsm.br\/pro-reitorias\/proplan\/wp-json\/wp\/v2\/tags?post=6138"}],"curies":[{"name":"wp","href":"https:\/\/api.w.org\/{rel}","templated":true}]}}