{"id":6139,"date":"2024-10-21T12:01:32","date_gmt":"2024-10-21T15:01:32","guid":{"rendered":"https:\/\/www.ufsm.br\/pro-reitorias\/proplan\/?page_id=6139"},"modified":"2024-10-21T12:06:46","modified_gmt":"2024-10-21T15:06:46","slug":"instrucao-normativa-proplan-ufsm-005-2024","status":"publish","type":"page","link":"https:\/\/www.ufsm.br\/pro-reitorias\/proplan\/instrucao-normativa-proplan-ufsm-005-2024","title":{"rendered":"INSTRU\u00c7\u00c3O NORMATIVA PROPLAN\/UFSM 005\/2024"},"content":{"rendered":"\t\t<div data-elementor-type=\"wp-page\" data-elementor-id=\"6139\" class=\"elementor elementor-6139\">\n\t\t\t\t\t\t<section class=\"elementor-section elementor-top-section elementor-element elementor-element-023f7fc elementor-section-boxed elementor-section-height-default elementor-section-height-default\" data-id=\"023f7fc\" data-element_type=\"section\">\n\t\t\t\t\t\t<div class=\"elementor-container elementor-column-gap-default\">\n\t\t\t\t\t<div class=\"elementor-column elementor-col-100 elementor-top-column elementor-element elementor-element-6806d0e\" data-id=\"6806d0e\" data-element_type=\"column\">\n\t\t\t<div class=\"elementor-widget-wrap elementor-element-populated\">\n\t\t\t\t\t\t<div class=\"elementor-element elementor-element-34e7144 elementor-widget elementor-widget-html\" data-id=\"34e7144\" data-element_type=\"widget\" data-widget_type=\"html.default\">\n\t\t\t\t<div class=\"elementor-widget-container\">\n\t\t\t\r\n\r\n\r\n<title><b>INSTRU\u00c7\u00c3O NORMATIVA PROPLAN\/UFSM N. 005, DE 17 DE OUTUBRO DE 2024 <\/b><\/title>\r\n\r\n\r\n<div align=\"center\"><img decoding=\"async\" src=\"https:\/\/www.ufsm.br\/pro-reitorias\/proplan\/wp-content\/uploads\/sites\/344\/2019\/09\/brasao-da-republica-do-brasil-logo.png\" alt=\"Bras\u00e3o Rep\u00fablica Federativa do Brasil\" width=\"6%\" height=\"6%\"><\/div>    \r\n<h1><font color=\"blue\"><font size=\"5\"><div align=\"center\">MINIST\u00c9RIO DA EDUCA\u00c7\u00c3O<\/b><\/font><\/font><\/div><\/H1>\r\n<p><b><font color=\"0000blue\"><div align=\"center\">UNIVERSIDADE FEDERAL DE SANTA MARIA<\/b><\/font><\/div><\/p>\r\n\r\n<p><div align=\"center\"><b><a href=\"https:\/\/portal.ufsm.br\/documentos\/publico\/documento.html?id=15236315\" target=\"_blank\"><font color=\"blue\">INSTRU\u00c7\u00c3O NORMATIVA PROPLAN\/UFSM N. 005, DE 17 DE OUTUBRO DE 2024  <\/font><\/a><\/b><\/div><\/p>\r\n<br>\r\n<p><div align=\"justify\"><font color=\"800000\"><ul><ul><ul><ul><ul><ul><ul><ul><ul><ul><ul><ul><ul><ul><ul><ul><ul><ul><ul><ul>Estabelece crit\u00e9rios para concess\u00e3o do Destaque na Imprensa no \u00e2mbito da UFSM.<\/font><\/div><\/p>\r\n<font color=\"black\">\r\n<br>\r\n<br><div align=\"justify\">\r\n<br>\r\n\r\n<br>\r\n<p>O PR\u00d3-REITOR DE PLANEJAMENTO DA UNIVERSIDADE FEDERAL DE SANTA MARIA, no uso de suas atribui\u00e7\u00f5es legais e estatut\u00e1rias e considerando o que consta na <a href=\"https:\/\/www.ufsm.br\/pro-reitorias\/proplan\/resolucao-n-058-1979\"><font color=\"blue\"><u>Resolu\u00e7\u00e3o N. 058<\/u><\/font><\/a>, de 18 de julho de 1979, tendo em vista a <a href=\"https:\/\/www.ufsm.br\/pro-reitorias\/proplan\/resolucao-ufsm-n-118-2023\"><font color=\"blue\"><u>Resolu\u00e7\u00e3o UFSM n\u00b0 118<\/u><\/font><\/a>, de 08 de fevereiro de 2023, referente \u00e0 normatiza\u00e7\u00e3o de Destaques Institucionais, no \u00e2mbito da Universidade Federal de Santa Maria (UFSM), e o que consta no processo <a href=\"https:\/\/portal.ufsm.br\/documentos\/publico\/processo\/documento.html?idDocumento=15231257\"><font color=\"blue\"><u>23081.129449\/2024-87<\/u><\/font><\/a>, resolve:\r\n<br>\r\n\r\n<br>\r\n<p>Art. 1\u00b0   Estabelecer crit\u00e9rios para concess\u00e3o do Destaque na Imprensa no \u00e2mbito da UFSM.\r\n<br>\r\n\r\n<br>\r\n<p>Art. 2\u00b0  O destaque ser\u00e1 concedido anualmente a 1 (um) servidor ou aluno da UFSM que se sobressaia no atendimento \u00e0 imprensa interna e externa da institui\u00e7\u00e3o ao longo do \u00faltimo ano, sendo o crit\u00e9rio de sele\u00e7\u00e3o baseado no maior n\u00famero de atendimentos registrados pelo N\u00facleo da Ag\u00eancia de Not\u00edcias, unidade integrante da Coordenadoria de Comunica\u00e7\u00e3o Social e respons\u00e1vel pelo servi\u00e7o de assessoria de imprensa da UFSM.\r\n<br>\r\n\r\n<br>\r\n<p>Par\u00e1grafo \u00fanico. O servidor ou aluno da UFSM contemplado com o pr\u00eamio em determinado ano ficar\u00e1, preferencialmente, ineleg\u00edvel para receb\u00ea-lo no ano subsequente, visando promover a diversidade de reconhecimentos e incentivar a participa\u00e7\u00e3o de outros membros da comunidade universit\u00e1ria.\r\n<br>\r\n\r\n<br>\r\n<p>Art. 3\u00b0  A inobserv\u00e2ncia ao disposto nesta Instru\u00e7\u00e3o Normativa n\u00e3o constitui escusa v\u00e1lida para o descumprimento da norma nem resulta em sua invalidade.\r\n<br>\r\n\r\n<br>\r\n<p>Art. 4\u00b0  Esta Instru\u00e7\u00e3o Normativa entra em vigor na data de sua assinatura, de acordo com o que prev\u00ea o <a href=\"https:\/\/www.planalto.gov.br\/ccivil_03\/_ato2023-2026\/2024\/decreto\/d12002.htm\"><font color=\"blue\"><u>Decreto n\u00b0 12.002<\/u><\/font><\/a>, de 22 de abril de 2024., art. 18. \r\n<br>\r\n\r\n<br>\r\n<p>Par\u00e1grafo \u00fanico.  Havendo qualquer modifica\u00e7\u00e3o legislativa, ou ainda, advindo qualquer situa\u00e7\u00e3o legal que impacte na legalidade da presente Instru\u00e7\u00e3o Normativa, a mesma se aplica de imediato.\r\n<br>\r\n\r\n\r\n<br>\r\n<\/div>\r\n<p>Rafael Lazzari <\/p>\r\n<p>Pr\u00f3-Reitor substituto de Planejamento<\/p>\r\n<br>\r\n\r\n<p><font color=\"red0000\">Este texto n\u00e3o substitui o documento original, publicado no Portal de Documentos.<\/font> Dispon\u00edvel em: <a href=\"https:\/\/portal.ufsm.br\/documentos\/publico\/documento.html?id=15236315\"><font color=\"blue\">https:\/\/portal.ufsm.br\/documentos\/publico\/documento.html?id=15236315<\/font><\/a>\r\n\r\n\t\t<\/div>\n\t\t\t\t<\/div>\n\t\t\t\t\t<\/div>\n\t\t<\/div>\n\t\t\t\t\t<\/div>\n\t\t<\/section>\n\t\t\t\t<\/div>\n\t\t","protected":false},"excerpt":{"rendered":"<p>INSTRU\u00c7\u00c3O NORMATIVA PROPLAN\/UFSM N. 005, DE 17 DE OUTUBRO DE 2024 MINIST\u00c9RIO DA EDUCA\u00c7\u00c3O UNIVERSIDADE FEDERAL DE SANTA MARIA INSTRU\u00c7\u00c3O NORMATIVA PROPLAN\/UFSM N. 005, DE 17 DE OUTUBRO DE 2024 Estabelece crit\u00e9rios para concess\u00e3o do Destaque na Imprensa no \u00e2mbito da UFSM. O PR\u00d3-REITOR DE PLANEJAMENTO DA UNIVERSIDADE FEDERAL DE SANTA MARIA, no uso de [&hellip;]<\/p>\n","protected":false},"author":6742,"featured_media":0,"parent":0,"menu_order":0,"comment_status":"closed","ping_status":"closed","template":"","meta":{"footnotes":""},"categories":[],"tags":[],"class_list":["post-6139","page","type-page","status-publish","hentry"],"acf":[],"_links":{"self":[{"href":"https:\/\/www.ufsm.br\/pro-reitorias\/proplan\/wp-json\/wp\/v2\/pages\/6139","targetHints":{"allow":["GET"]}}],"collection":[{"href":"https:\/\/www.ufsm.br\/pro-reitorias\/proplan\/wp-json\/wp\/v2\/pages"}],"about":[{"href":"https:\/\/www.ufsm.br\/pro-reitorias\/proplan\/wp-json\/wp\/v2\/types\/page"}],"author":[{"embeddable":true,"href":"https:\/\/www.ufsm.br\/pro-reitorias\/proplan\/wp-json\/wp\/v2\/users\/6742"}],"replies":[{"embeddable":true,"href":"https:\/\/www.ufsm.br\/pro-reitorias\/proplan\/wp-json\/wp\/v2\/comments?post=6139"}],"version-history":[{"count":0,"href":"https:\/\/www.ufsm.br\/pro-reitorias\/proplan\/wp-json\/wp\/v2\/pages\/6139\/revisions"}],"wp:attachment":[{"href":"https:\/\/www.ufsm.br\/pro-reitorias\/proplan\/wp-json\/wp\/v2\/media?parent=6139"}],"wp:term":[{"taxonomy":"category","embeddable":true,"href":"https:\/\/www.ufsm.br\/pro-reitorias\/proplan\/wp-json\/wp\/v2\/categories?post=6139"},{"taxonomy":"post_tag","embeddable":true,"href":"https:\/\/www.ufsm.br\/pro-reitorias\/proplan\/wp-json\/wp\/v2\/tags?post=6139"}],"curies":[{"name":"wp","href":"https:\/\/api.w.org\/{rel}","templated":true}]}}