{"id":6168,"date":"2024-11-01T10:18:24","date_gmt":"2024-11-01T13:18:24","guid":{"rendered":"https:\/\/www.ufsm.br\/pro-reitorias\/proplan\/?page_id=6168"},"modified":"2025-01-28T13:02:18","modified_gmt":"2025-01-28T16:02:18","slug":"instrucao-normativa-prpgp-ufsm-012-2024","status":"publish","type":"page","link":"https:\/\/www.ufsm.br\/pro-reitorias\/proplan\/instrucao-normativa-prpgp-ufsm-012-2024","title":{"rendered":"Instru\u00e7\u00e3o Normativa PRPGP\/UFSM 012\/2024"},"content":{"rendered":"\t\t<div data-elementor-type=\"wp-page\" data-elementor-id=\"6168\" class=\"elementor elementor-6168\">\n\t\t\t\t\t\t<section class=\"elementor-section elementor-top-section elementor-element elementor-element-2f459c6b elementor-section-boxed elementor-section-height-default elementor-section-height-default\" data-id=\"2f459c6b\" data-element_type=\"section\">\n\t\t\t\t\t\t<div class=\"elementor-container elementor-column-gap-default\">\n\t\t\t\t\t<div class=\"elementor-column elementor-col-100 elementor-top-column elementor-element elementor-element-77430f4a\" data-id=\"77430f4a\" data-element_type=\"column\">\n\t\t\t<div class=\"elementor-widget-wrap elementor-element-populated\">\n\t\t\t\t\t\t<div class=\"elementor-element elementor-element-5c48c058 elementor-widget elementor-widget-text-editor\" data-id=\"5c48c058\" data-element_type=\"widget\" data-widget_type=\"text-editor.default\">\n\t\t\t\t<div class=\"elementor-widget-container\">\n\t\t\t\t\t\t\t<!-- wp:tadv\/classic-paragraph \/-->\n\n<!-- wp:tadv\/classic-paragraph \/-->\t\t\t\t\t\t<\/div>\n\t\t\t\t<\/div>\n\t\t\t\t\t<\/div>\n\t\t<\/div>\n\t\t\t\t\t<\/div>\n\t\t<\/section>\n\t\t\t\t<section class=\"elementor-section elementor-top-section elementor-element elementor-element-da397b2 elementor-section-boxed elementor-section-height-default elementor-section-height-default\" data-id=\"da397b2\" data-element_type=\"section\">\n\t\t\t\t\t\t<div class=\"elementor-container elementor-column-gap-default\">\n\t\t\t\t\t<div class=\"elementor-column elementor-col-100 elementor-top-column elementor-element elementor-element-9444e13\" data-id=\"9444e13\" data-element_type=\"column\">\n\t\t\t<div class=\"elementor-widget-wrap elementor-element-populated\">\n\t\t\t\t\t\t<div class=\"elementor-element elementor-element-ecefcf9 elementor-widget elementor-widget-html\" data-id=\"ecefcf9\" data-element_type=\"widget\" data-widget_type=\"html.default\">\n\t\t\t\t<div class=\"elementor-widget-container\">\n\t\t\t\r\n\r\n\r\n<title><b>INSTRU\u00c7\u00c3O NORMATIVA PRPGP\/UFSM N\u00b0 012, DE 1\u00ba DE NOVEMBRO DE 2024<\/b><\/title>\r\n\r\n\r\n<div align=\"center\"><img decoding=\"async\" src=\"https:\/\/www.ufsm.br\/pro-reitorias\/proplan\/wp-content\/uploads\/sites\/344\/2019\/09\/brasao-da-republica-do-brasil-logo.png\" alt=\"Bras\u00e3o Rep\u00fablica Federativa do Brasil\" width=\"6%\" height=\"6%\"><\/div>    \r\n<h1><font color=\"blue\"><font size=\"5\"><div align=\"center\">MINIST\u00c9RIO DA EDUCA\u00c7\u00c3O<\/b><\/font><\/font><\/div><\/H1>\r\n<p><b><font color=\"0000blue\"><div align=\"center\">UNIVERSIDADE FEDERAL DE SANTA MARIA<\/b><\/font><\/div><\/p>\r\n<p><b><font color=\"0000blue\"><div align=\"center\">PR\u00d3-REITORIA DE P\u00d3S-GRADUA\u00c7\u00c3O E PESQUISA<\/b><\/font><\/div><\/p>\r\n\r\n<p><div align=\"center\"><b><a href=\"https:\/\/portal.ufsm.br\/documentos\/publico\/documento.html?id=15248861\" target=\"_blank\"><font color=\"blue\">INSTRU\u00c7\u00c3O NORMATIVA PRPGP\/UFSM N\u00b0 012, DE 1\u00ba DE NOVEMBRO DE 2024  <\/font><\/a><\/b><\/div><\/p>\r\n<br>\r\n  <div align=\"JUSTIFY\" style=\"color: #800000\">\r\n        <ul> <ul> <ul> <ul><ul><ul><ul><ul><ul><ul><ul><ul><ul><ul><ul><ul><ul><ul><ul>Estabelece procedimentos para elabora\u00e7\u00e3o,utiliza\u00e7\u00e3o e divulga\u00e7\u00e3o de gabaritos de provas objetivas e espelhos de resposta de provas dissertativas ou discursivas nos processos seletivos dos Programas de P\u00f3s-Gradua\u00e7\u00e3o no \u00e2mbito da niversidade Federal de Santa Maria (UFSM).\r\n        <\/ul><\/ul><\/ul><\/ul><\/ul><\/ul><\/ul><\/ul><\/ul>\r\n    <\/div>\r\n<\/p>\r\n\r\n<p style=\"color: #000000\">\r\n\r\n<br>\r\n<br><div align=\"justify\">\r\n<p>A PR\u00d3-REITORA DE P\u00d3S-GRADUA\u00c7\u00c3O E PESQUISA, no uso que lhe confere o art. 184 da <a href=\"https:\/\/www.ufsm.br\/pro-reitorias\/proplan\/resolucao-ufsm-n-104-2022\"><font color=\"blue\"><u> Resolu\u00e7\u00e3o UFSM n\u00b0 104<\/u><\/font><\/a>, de 03 de outubro de 2022, tendo em vista o <a href=\"https:\/\/www.planalto.gov.br\/ccivil_03\/_ato2023-2026\/2024\/decreto\/d12002.htm\"><font color=\"blue\"><u> Decreto n\u00b0 12.002<\/u><\/font><\/a>, de 22 de abril de 2024, bem como as <a href=\"www.ufsm.br\/pro-reitorias\/proplan\/resolucao-ufsm-n-139-2023\"><font color=\"blue\"><u> Resolu\u00e7\u00f5es UFSM n\u00b0 139<\/u><\/font><\/a>, de 29 de agosto de 2023, e  <a href=\"https:\/\/www.ufsm.br\/pro-reitorias\/proplan\/resolucao-ufsm-n-172-2024\"><font color=\"blue\"><u> n\u00b0 172<\/u><\/font><\/a>, de 19 de agosto de 2024, e o que consta nos Processos n\u00b0 <a href=\"https:\/\/portal.ufsm.br\/documentos\/publico\/processo\/documento.html?idDocumento=14916523\"><font color=\"blue\"><u>23081.152317\/2023-78<\/u><\/font><\/a> e n\u00b0 <a href=\"https:\/\/portal.ufsm.br\/documentos\/publico\/processo\/documento.html?idDocumento=15247793\"><font color=\"blue\"><u>23081.135778\/2024-67<\/u><\/font><\/a>, resolve:\r\n\r\n<p>Art. 1\u00b0 Estabelecer procedimentos para elabora\u00e7\u00e3o, utiliza\u00e7\u00e3o e divulga\u00e7\u00e3o de gabaritos de provas objetivas e espelhos de resposta de provas dissertativas ou discursivas nos processos seletivos dos Programas de P\u00f3s-Gradua\u00e7\u00e3o no \u00e2mbito da Universidade Federal de Santa Maria (UFSM).<\/p>\r\n\r\n<p>Par\u00e1grafo \u00fanico. Os procedimentos mencionados no caput deste artigo visam atender aos princ\u00edpios da publicidade e transpar\u00eancia da administra\u00e7\u00e3o p\u00fablica federal.<\/p>\r\n\r\n<p>Art. 2\u00b0 Para os fins desta Instru\u00e7\u00e3o Normativa considera-se:<\/p>\r\n\r\n\r\n<p>I - prova objetiva: avalia\u00e7\u00e3o composta por quest\u00f5es de m\u00faltipla escolha ou do tipo \"certo e errado\", cuja corre\u00e7\u00e3o \u00e9 baseada em gabarito previamente definido;\r\n<p>II - prova discursiva: avalia\u00e7\u00e3o que exige respostas mais elaboradas, geralmente envolvendo racioc\u00ednio cr\u00edtico de conceitos ou temas espec\u00edficos, sendo corrigida com base em crit\u00e9rios objetivos definidos no espelho de resposta;\r\n<p>III - prova dissertativa: avalia\u00e7\u00e3o que requer a elabora\u00e7\u00e3o de um texto dissertativo-argumentativo, estruturado com introdu\u00e7\u00e3o, desenvolvimento e conclus\u00e3o, corrigida com base nos crit\u00e9rios estabelecidos em espelho de resposta;\r\n<p>IV - espelho de prova: documento utilizado nos processos seletivos que apresenta, de forma detalhada, os crit\u00e9rios e os par\u00e2metros de corre\u00e7\u00e3o adotados para cada quest\u00e3o de uma prova dissertativa ou discursiva, permitindo que o(a) candidato(a) compreenda como suas respostas foram avaliadas, evidenciando quais pontos foram atendidos ou n\u00e3o conforme o esperado pela banca examinadora, devendo incluir as expectativas de resposta, a pontua\u00e7\u00e3o atribu\u00edda a cada item ou aspecto da quest\u00e3o e, em alguns casos, coment\u00e1rios explicativos sobre os erros ou acertos do(a) candidato(a); e\r\n<p>V - gabarito: documento que cont\u00e9m as respostas corretas para as quest\u00f5es de uma prova objetiva, utilizado como refer\u00eancia para corrigir as provas de maneira padronizada e objetiva, assegurando que a mesma chave de respostas seja aplicada a todos(as) os(as) candidatos(as).\r\n\r\n<p>Art. 3\u00b0 O Programa de P\u00f3s-Gradua\u00e7\u00e3o que utilizar prova objetiva como parte do processo seletivo dever\u00e1 elaborar e divulgar o gabarito da prova, garantindo transpar\u00eancia e igualdade de acesso \u00e0s informa\u00e7\u00f5es por todos(as) os(as) candidatos(as).<\/p>\r\n\r\n<p>\u00a7 1\u00b0 As quest\u00f5es da prova objetiva e suas respostas devem estar de acordo com conte\u00fado program\u00e1tico descrito no edital, e suas respostas devem ser previamente validadas pelos(as) membros(as) da banca.<\/p>\r\n\r\n<p>\u00a7 2\u00b0 O gabarito das provas objetivas dever\u00e1 ser divulgado juntamente com o resultado da avalia\u00e7\u00e3o, e dever\u00e1 ser disponibilizado por meio de publica\u00e7\u00e3o no site oficial do Programa de P\u00f3s-Gradua\u00e7\u00e3o ou outro meio de comunica\u00e7\u00e3o especificado no edital.<\/p>\r\n\r\n<p>Art. 4\u00b0 O Programa de P\u00f3s-Gradua\u00e7\u00e3o que utilizar prova discursiva ou dissertativa em seu processo seletivo dever\u00e1 elaborar e divulgar o espelho de resposta, contendo os crit\u00e9rios utilizados para a corre\u00e7\u00e3o de cada quest\u00e3o. <\/p>\r\n\r\n<p>\u00a7 1\u00b0 O espelho de resposta dever\u00e1 conter crit\u00e9rios objetivos e detalhados para corre\u00e7\u00e3o, incluindo pontua\u00e7\u00e3o parcial para cada parte da resposta, assim como expectativas de resposta para cada item ou tema da quest\u00e3o.<\/p>\r\n\r\n<p>\u00a7 2\u00b0 O espelho de resposta dever\u00e1 ser divulgado juntamente com o resultado da avalia\u00e7\u00e3o, e dever\u00e1 ser disponibilizado por meio de publica\u00e7\u00e3o no site oficial do Programa de P\u00f3s-Gradua\u00e7\u00e3o ou outro meio de comunica\u00e7\u00e3o especificado no edital.<\/p>\r\n\r\n<p>Art. 5\u00b0 Os(As) candidatos(as) ter\u00e3o direito de solicitar reconsidera\u00e7\u00e3o das corre\u00e7\u00f5es de suas avalia\u00e7\u00f5es com base no gabarito ou espelho de resposta ap\u00f3s a divulga\u00e7\u00e3o, por meio de pedido \u00e0 Comiss\u00e3o de Sele\u00e7\u00e3o do respectivo Programa de P\u00f3s-Gradua\u00e7\u00e3o, conforme instru\u00e7\u00f5es e prazos dispostos em edital.<p>\r\n\r\n<p>Art. 6\u00b0 A inobserv\u00e2ncia ao disposto nesta Instru\u00e7\u00e3o Normativa n\u00e3o constitui escusa v\u00e1lida para o descumprimento da norma nem resulta em sua invalidade.<\/p>\r\n\r\n<p>Art. 7\u00b0 Esta Resolu\u00e7\u00e3o entra em vigor na data de sua assinatura, de acordo com o que prev\u00ea o <a href=\"https:\/\/www.planalto.gov.br\/ccivil_03\/_ato2023-2026\/2024\/decreto\/d12002.htm\"><font color=\"blue\"><u> Decreto n\u00b0 12.002, de 22 de abril de 2024<\/u><\/font><\/a>, art. 18.<\/p>\r\n\r\n<p>Par\u00e1grafo \u00fanico. Havendo qualquer modifica\u00e7\u00e3o legislativa, ou ainda, advindo qualquer situa\u00e7\u00e3o legal que impacte na legalidade da presente Instru\u00e7\u00e3o Normativa, a mesma se aplica de imediato <\/p>\r\n\r\n\r\n\r\n\r\n<br>\r\n<\/div>\r\n<p>Tatiana Emanuelli<\/p>\r\n<p>Pr\u00f3-Reitoria Adjunta de P\u00f3s-Gradua\u00e7\u00e3o e Pesquisa<\/p>\r\n<br>\r\n\r\n<p><font color=\"red0000\">Este texto n\u00e3o substitui o documento original, publicado no Portal de Documentos.<\/font> Dispon\u00edvel em: <a href=\"https:\/\/portal.ufsm.br\/documentos\/publico\/documento.html?id=15248861\"><font color=\"blue\">https:\/\/portal.ufsm.br\/documentos\/publico\/documento.html?id=15248861<\/font><\/a>\r\n\r\n\t\t<\/div>\n\t\t\t\t<\/div>\n\t\t\t\t\t<\/div>\n\t\t<\/div>\n\t\t\t\t\t<\/div>\n\t\t<\/section>\n\t\t\t\t<\/div>\n\t\t","protected":false},"excerpt":{"rendered":"<p>INSTRU\u00c7\u00c3O NORMATIVA PRPGP\/UFSM N\u00b0 012, DE 1\u00ba DE NOVEMBRO DE 2024 MINIST\u00c9RIO DA EDUCA\u00c7\u00c3O UNIVERSIDADE FEDERAL DE SANTA MARIA PR\u00d3-REITORIA DE P\u00d3S-GRADUA\u00c7\u00c3O E PESQUISA INSTRU\u00c7\u00c3O NORMATIVA PRPGP\/UFSM N\u00b0 012, DE 1\u00ba DE NOVEMBRO DE 2024 Estabelece procedimentos para elabora\u00e7\u00e3o,utiliza\u00e7\u00e3o e divulga\u00e7\u00e3o de gabaritos de provas objetivas e espelhos de resposta de provas dissertativas ou discursivas [&hellip;]<\/p>\n","protected":false},"author":6742,"featured_media":0,"parent":0,"menu_order":0,"comment_status":"closed","ping_status":"closed","template":"","meta":{"footnotes":""},"categories":[],"tags":[],"class_list":["post-6168","page","type-page","status-publish","hentry"],"acf":[],"_links":{"self":[{"href":"https:\/\/www.ufsm.br\/pro-reitorias\/proplan\/wp-json\/wp\/v2\/pages\/6168","targetHints":{"allow":["GET"]}}],"collection":[{"href":"https:\/\/www.ufsm.br\/pro-reitorias\/proplan\/wp-json\/wp\/v2\/pages"}],"about":[{"href":"https:\/\/www.ufsm.br\/pro-reitorias\/proplan\/wp-json\/wp\/v2\/types\/page"}],"author":[{"embeddable":true,"href":"https:\/\/www.ufsm.br\/pro-reitorias\/proplan\/wp-json\/wp\/v2\/users\/6742"}],"replies":[{"embeddable":true,"href":"https:\/\/www.ufsm.br\/pro-reitorias\/proplan\/wp-json\/wp\/v2\/comments?post=6168"}],"version-history":[{"count":0,"href":"https:\/\/www.ufsm.br\/pro-reitorias\/proplan\/wp-json\/wp\/v2\/pages\/6168\/revisions"}],"wp:attachment":[{"href":"https:\/\/www.ufsm.br\/pro-reitorias\/proplan\/wp-json\/wp\/v2\/media?parent=6168"}],"wp:term":[{"taxonomy":"category","embeddable":true,"href":"https:\/\/www.ufsm.br\/pro-reitorias\/proplan\/wp-json\/wp\/v2\/categories?post=6168"},{"taxonomy":"post_tag","embeddable":true,"href":"https:\/\/www.ufsm.br\/pro-reitorias\/proplan\/wp-json\/wp\/v2\/tags?post=6168"}],"curies":[{"name":"wp","href":"https:\/\/api.w.org\/{rel}","templated":true}]}}