{"id":6176,"date":"2024-11-06T11:03:49","date_gmt":"2024-11-06T14:03:49","guid":{"rendered":"https:\/\/www.ufsm.br\/pro-reitorias\/proplan\/?page_id=6176"},"modified":"2025-08-18T16:52:07","modified_gmt":"2025-08-18T19:52:07","slug":"resolucao-ufsm-n-180-2024","status":"publish","type":"page","link":"https:\/\/www.ufsm.br\/pro-reitorias\/proplan\/resolucao-ufsm-n-180-2024","title":{"rendered":"RESOLU\u00c7\u00c3O UFSM N\u00b0 180\/2024"},"content":{"rendered":"\t\t<div data-elementor-type=\"wp-page\" data-elementor-id=\"6176\" class=\"elementor elementor-6176\">\n\t\t\t\t\t\t<section class=\"elementor-section elementor-top-section elementor-element elementor-element-33950c0 elementor-section-boxed elementor-section-height-default elementor-section-height-default\" data-id=\"33950c0\" data-element_type=\"section\">\n\t\t\t\t\t\t<div class=\"elementor-container elementor-column-gap-default\">\n\t\t\t\t\t<div class=\"elementor-column elementor-col-100 elementor-top-column elementor-element elementor-element-3051db7\" data-id=\"3051db7\" data-element_type=\"column\">\n\t\t\t<div class=\"elementor-widget-wrap elementor-element-populated\">\n\t\t\t\t\t\t<div class=\"elementor-element elementor-element-53fb482 elementor-widget elementor-widget-html\" data-id=\"53fb482\" data-element_type=\"widget\" data-widget_type=\"html.default\">\n\t\t\t\t<div class=\"elementor-widget-container\">\n\t\t\t\r\n\r\n\r\n<title><b>RESOLU\u00c7\u00c3O UFSM N\u00b0 180, 29 de OUTUBRO DE 2024<\/b><\/title>\r\n\r\n\r\n<div align=\"center\"><img decoding=\"async\" src=\"https:\/\/www.ufsm.br\/pro-reitorias\/proplan\/wp-content\/uploads\/sites\/344\/2019\/09\/brasao-da-republica-do-brasil-logo.png\" alt=\"Bras\u00e3o Rep\u00fablica Federativa do Brasil\" width=\"6%\" height=\"6%\"><\/div>\r\n\r\n<h1><font color=\"blue\"><font size=\"5\"><div align=\"center\">MINIST\u00c9RIO DA EDUCA\u00c7\u00c3O<\/div><\/font><\/font><\/H1>\r\n<p><b><font color=\"0000blue\"><div align=\"center\">UNIVERSIDADE FEDERAL DE SANTA MARIA<\/b><\/div><\/font><\/p>\r\n<p><div align=\"center\"><b><a href=\"https:\/\/portal.ufsm.br\/documentos\/publico\/documento.html?idDocumento=15253473\" target=\"_blank\"><font color=\"blue\">RESOLU\u00c7\u00c3O UFSM N\u00b0 180, 29 de OUTUBRO DE 2024<\/font><\/a><\/b><\/div><\/p>\r\n<br>\r\n\r\n\r\n<p style=\"margin-left: 9cm;text-align: justify;color: #800000\">Altera a nomenclatura e a conforma\u00e7\u00e3o das coordena\u00e7\u00f5es dos cursos de Letras, licenciatura e\r\nbacharelado, do Centro de Artes e Letras (CAL) da Universidade Federal de Santa Maria (UFSM).\r\n<\/p>\r\n\r\n<font color=\"black\">\r\n\r\n\r\n\r\n\r\n<br><div align=\"justify\"><font color=\"black\">\r\n<p>\r\nO REITOR DA UNIVERSIDADE FEDERAL DE SANTA MARIA, no uso de suas atribui\u00e7\u00f5es legais que lhe confere o art. 30 do <a href=\"https:\/\/www.ufsm.br\/pro-reitorias\/proplan\/estatuto-ufsm-2010\" target=\"_blank\"><font color=\"blue\"><u>Estatuto da Universidade Federal de Santa Maria<\/u><\/font><\/a> com as adequa\u00e7\u00f5es aprovadas pela <a href=\"https:\/\/www.ufsm.br\/pro-reitorias\/proplan\/resolucao-n-037-2010\" target=\"_blank\"><font color=\"blue\"><u>Resolu\u00e7\u00e3o UFSM n\u00b0 037, de 30 de novembro de 2010<\/u><\/font><\/a>, aprovado pela <a href=\"https:\/\/www.ufsm.br\/app\/uploads\/2018\/08\/Estatuto-da-UFSM.pdf\" target=\"_blank\"><font color=\"blue\"><u>Portaria n\u00b0 156, de 12 de mar\u00e7o de 2014<\/u><\/font><\/a>, e publicado no Di\u00e1rio Oficial da Uni\u00e3o em 13 de mar\u00e7o de 2014, tendo em vista <a href=\"https:\/\/www.planalto.gov.br\/ccivil_03\/_ato2015-2018\/2017\/decreto\/D9235.htm\" target=\"_blank\"><font color=\"blue\"><u>Decreto n\u00b0 9.235, de 15 de dezembro de 2017<\/u><\/font><\/a>, bem como nas <a href=\"https:\/\/www.ufsm.br\/pro-reitorias\/proplan\/resolucao-ufsm-n-113-2022\" target=\"_blank\"><font color=\"blue\"><u>Resolu\u00e7\u00f5es UFSM n\u00b0 113, de 20 de dezembro de 2022<\/u><\/font><\/a>, e <a href=\"https:\/\/www.ufsm.br\/pro-reitorias\/proplan\/resolucao-n-029-2020\" target=\"_blank\"><font color=\"blue\"><u>n\u00b0 029, de 05 de novembro de 2020<\/u><\/font><\/a>, al\u00e9m do que consta no Processo n\u00b0 <a href=\"https:\/\/portal.ufsm.br\/documentos\/publico\/processo\/documento.html?idDocumento=14803454\" target=\"_blank\"><font color=\"blue\"><u>23081.115411\/2023-46<\/u><\/font><\/a>, resolve:\r\n<\/p>\r\n<br>\r\n\r\n\r\n<p>Art. 1\u00b0 Alterar a nomenclatura e a conforma\u00e7\u00e3o das coordena\u00e7\u00f5es dos cursos de Letras, licenciatura e bacharelado, do Centro de Artes e Letras (CAL) da Universidade Federal de Santa Maria (UFSM).\r\n<p>Art. 2\u00b0 A nomenclatura das coordena\u00e7\u00f5es e seus respectivos cursos vinculados, anteriores a esta Resolu\u00e7\u00e3o, eram:\r\n<p>I - Coordena\u00e7\u00e3o dos cursos de Letras - Licenciaturas:\r\n<p>a) Curso de Portugu\u00eas e Literaturas de L\u00edngua Portuguesa;\r\n<p>b) Curso de Ingl\u00eas e Literaturas de L\u00edngua Inglesa; e\r\n<p>c) Curso de Espanhol e Literaturas de L\u00edngua Espanhola.\r\n<p>II - Coordena\u00e7\u00e3o dos cursos de Letras - Bacharelado:\r\n<p>a) Curso de Letras - Portugu\u00eas\/Literaturas - Bacharelado.\r\n<br>\r\n\r\n<p>Art. 3\u00b0 A partir desta Resolu\u00e7\u00e3o, as coordena\u00e7\u00f5es passar\u00e3o a adotar a seguinte conforma\u00e7\u00e3o com a vincula\u00e7\u00e3o dos seguintes cursos de gradua\u00e7\u00e3o:\r\n<p>I - Coordena\u00e7\u00e3o dos cursos de Letras de L\u00ednguas Estrangeiras - Licenciaturas:\r\n<p>a) Curso de Ingl\u00eas e Literaturas de L\u00edngua Inglesa; e\r\n<p>b) Curso de Espanhol e Literaturas de L\u00edngua Espanhola.\r\n<p>II - Coordena\u00e7\u00e3o dos cursos de Letras Portugu\u00eas - Licenciatura e Bacharelado:\r\n<p>a) Curso de Letras - L\u00edngua Portuguesa - Bacharelado; e\r\n<p>b) Curso de Portugu\u00eas e Literaturas de L\u00edngua Portuguesa.\r\n\r\n<br>\r\n<p>Art. 4\u00b0 A nova disposi\u00e7\u00e3o das coordena\u00e7\u00f5es do CAL da UFSM manter\u00e3o as fun\u00e7\u00f5es gratificadas j\u00e1 existentes, sem novos \u00f4nus para a Institui\u00e7\u00e3o, e equilibrar\u00e3o o n\u00famero de discentes em cada unidade gestora.\r\n<p>Par\u00e1grafo \u00fanico. As Fun\u00e7\u00f5es Comissionadas de Coordena\u00e7\u00e3o de Curso (FCC) oriundas da Coordena\u00e7\u00e3o dos Cursos de Letras - Licenciaturas e da Coordena\u00e7\u00e3o do Curso de Letras - Bacharelado ser\u00e3o alocadas para a Coordena\u00e7\u00e3o dos cursos de Letras de L\u00ednguas Estrangeiras - Licenciaturas e para a Coordena\u00e7\u00e3o dos cursos de Letras Portugu\u00eas - Licenciatura e Bacharelado, respectivamente.\r\n\r\n<br>\r\n\r\n<p>Art. 5\u00b0 Caber\u00e1:\r\n<p>I - \u00e0 Coordenadoria de Planejamento Administrativo (COPLAD\/PROPLAN) proceder \u00e0s altera\u00e7\u00f5es nos Sistemas de Estruturantes da Institui\u00e7\u00e3o;\r\n<p>II - \u00e0 Pr\u00f3-Reitoria de Gradua\u00e7\u00e3o (PROGRAD) os ajustes acad\u00eamicos necess\u00e1rios; e\r\n<p>III - \u00e0 Pr\u00f3-Reitoria de Gest\u00e3o de Pessoas (PROGEP) o remanejo das Fun\u00e7\u00f5es Comissionadas de Coordenador de Curso (FCC).\r\n<p>IV - ao Departamento de Material e Patrim\u00f4nio (DEMAPA) a adequa\u00e7\u00e3o dos registros dos m\u00f3veis e equipamentos;\r\nV - ao Departamento de Arquivo Geral (DAG) o tratamento dos documentos arquiv\u00edsticos; e\r\n<p> VI - ao Centro de Processamento de Dados (CPD) as adequa\u00e7\u00f5es necess\u00e1rias nos sistemas institucionais.\r\n\r\n<br>\r\n<p>Art. 6\u00b0 A inobserv\u00e2ncia ao disposto nesta Resolu\u00e7\u00e3o n\u00e3o constitui escusa v\u00e1lida para o descumprimento da norma nem resulta em sua invalidade.\r\n\r\n<br>\r\n<p>Art. 7\u00b0 Esta Resolu\u00e7\u00e3o entra em vigor em 20 de novembro de 2024, de acordo com o <a href=\"https:\/\/www.planalto.gov.br\/ccivil_03\/_ato2023-2026\/2024\/decreto\/d12002.htm\" target=\"_blank\"><font color=\"blue\"><u>Decreto n\u00b0 12.002, de 22 de abril de 2024<\/u><\/font><\/a>, art. 17, inciso IV.\r\n<p> Par\u00e1grafo \u00fanico. Havendo qualquer modifica\u00e7\u00e3o legislativa, ou ainda, havendo qualquer situa\u00e7\u00e3o legal que impacte na legalidade da presente Resolu\u00e7\u00e3o, a mesma se aplica de imediato.\r\n\r\n<br>\r\n<br>\r\n<p>Luciano Schuch<\/p>\r\n<p>Reitor<\/p>\r\n<br>\r\n\r\n<p><font color=\"red0000\">Este texto n\u00e3o substitui o documento original, publicado no Portal de Documentos.<\/font> Dispon\u00edvel em: <a href=\"https:\/\/portal.ufsm.br\/documentos\/publico\/documento.html?idDocumento=15253473\" target=\"_blank\"><font color=\"blue\">https:\/\/portal.ufsm.br\/documentos\/publico\/documento.html?idDocumento=15253473<\/font><\/a><\/p>\t\t<\/div>\n\t\t\t\t<\/div>\n\t\t\t\t\t<\/div>\n\t\t<\/div>\n\t\t\t\t\t<\/div>\n\t\t<\/section>\n\t\t\t\t<\/div>\n\t\t","protected":false},"excerpt":{"rendered":"<p>RESOLU\u00c7\u00c3O UFSM N\u00b0 180, 29 de OUTUBRO DE 2024 MINIST\u00c9RIO DA EDUCA\u00c7\u00c3O UNIVERSIDADE FEDERAL DE SANTA MARIA RESOLU\u00c7\u00c3O UFSM N\u00b0 180, 29 de OUTUBRO DE 2024 Altera a nomenclatura e a conforma\u00e7\u00e3o das coordena\u00e7\u00f5es dos cursos de Letras, licenciatura e bacharelado, do Centro de Artes e Letras (CAL) da Universidade Federal de Santa Maria (UFSM). [&hellip;]<\/p>\n","protected":false},"author":6742,"featured_media":0,"parent":0,"menu_order":0,"comment_status":"closed","ping_status":"closed","template":"","meta":{"footnotes":""},"categories":[],"tags":[],"class_list":["post-6176","page","type-page","status-publish","hentry"],"acf":[],"_links":{"self":[{"href":"https:\/\/www.ufsm.br\/pro-reitorias\/proplan\/wp-json\/wp\/v2\/pages\/6176","targetHints":{"allow":["GET"]}}],"collection":[{"href":"https:\/\/www.ufsm.br\/pro-reitorias\/proplan\/wp-json\/wp\/v2\/pages"}],"about":[{"href":"https:\/\/www.ufsm.br\/pro-reitorias\/proplan\/wp-json\/wp\/v2\/types\/page"}],"author":[{"embeddable":true,"href":"https:\/\/www.ufsm.br\/pro-reitorias\/proplan\/wp-json\/wp\/v2\/users\/6742"}],"replies":[{"embeddable":true,"href":"https:\/\/www.ufsm.br\/pro-reitorias\/proplan\/wp-json\/wp\/v2\/comments?post=6176"}],"version-history":[{"count":0,"href":"https:\/\/www.ufsm.br\/pro-reitorias\/proplan\/wp-json\/wp\/v2\/pages\/6176\/revisions"}],"wp:attachment":[{"href":"https:\/\/www.ufsm.br\/pro-reitorias\/proplan\/wp-json\/wp\/v2\/media?parent=6176"}],"wp:term":[{"taxonomy":"category","embeddable":true,"href":"https:\/\/www.ufsm.br\/pro-reitorias\/proplan\/wp-json\/wp\/v2\/categories?post=6176"},{"taxonomy":"post_tag","embeddable":true,"href":"https:\/\/www.ufsm.br\/pro-reitorias\/proplan\/wp-json\/wp\/v2\/tags?post=6176"}],"curies":[{"name":"wp","href":"https:\/\/api.w.org\/{rel}","templated":true}]}}