{"id":6179,"date":"2024-11-12T13:41:55","date_gmt":"2024-11-12T16:41:55","guid":{"rendered":"https:\/\/www.ufsm.br\/pro-reitorias\/proplan\/?page_id=6179"},"modified":"2025-01-28T12:38:57","modified_gmt":"2025-01-28T15:38:57","slug":"portaria-normativa-ccs-ufsm-001-2024","status":"publish","type":"page","link":"https:\/\/www.ufsm.br\/pro-reitorias\/proplan\/portaria-normativa-ccs-ufsm-001-2024","title":{"rendered":"Portaria Normativa CCS\/UFSM 001\/2024"},"content":{"rendered":"\t\t<div data-elementor-type=\"wp-page\" data-elementor-id=\"6179\" class=\"elementor elementor-6179\">\n\t\t\t\t\t\t<section class=\"elementor-section elementor-top-section elementor-element elementor-element-4a6975e8 elementor-section-boxed elementor-section-height-default elementor-section-height-default\" data-id=\"4a6975e8\" data-element_type=\"section\">\n\t\t\t\t\t\t<div class=\"elementor-container elementor-column-gap-default\">\n\t\t\t\t\t<div class=\"elementor-column elementor-col-100 elementor-top-column elementor-element elementor-element-1b929418\" data-id=\"1b929418\" data-element_type=\"column\">\n\t\t\t<div class=\"elementor-widget-wrap elementor-element-populated\">\n\t\t\t\t\t\t<div class=\"elementor-element elementor-element-649b2cd0 elementor-widget elementor-widget-text-editor\" data-id=\"649b2cd0\" data-element_type=\"widget\" data-widget_type=\"text-editor.default\">\n\t\t\t\t<div class=\"elementor-widget-container\">\n\t\t\t\t\t\t\t<!-- wp:tadv\/classic-paragraph \/-->\t\t\t\t\t\t<\/div>\n\t\t\t\t<\/div>\n\t\t\t\t\t<\/div>\n\t\t<\/div>\n\t\t\t\t\t<\/div>\n\t\t<\/section>\n\t\t\t\t<section class=\"elementor-section elementor-top-section elementor-element elementor-element-bee07f8 elementor-section-boxed elementor-section-height-default elementor-section-height-default\" data-id=\"bee07f8\" data-element_type=\"section\">\n\t\t\t\t\t\t<div class=\"elementor-container elementor-column-gap-default\">\n\t\t\t\t\t<div class=\"elementor-column elementor-col-100 elementor-top-column elementor-element elementor-element-2eba5b9\" data-id=\"2eba5b9\" data-element_type=\"column\">\n\t\t\t<div class=\"elementor-widget-wrap elementor-element-populated\">\n\t\t\t\t\t\t<div class=\"elementor-element elementor-element-5622b25 elementor-widget elementor-widget-html\" data-id=\"5622b25\" data-element_type=\"widget\" data-widget_type=\"html.default\">\n\t\t\t\t<div class=\"elementor-widget-container\">\n\t\t\t\r\n\r\n\r\n<title><b>PORTARIA NORMATIVA CCS\/UFSM N. 001, DE 02 DE AGOSTO DE 2024 <\/b><\/title>\r\n\r\n\r\n<div align=\"center\"><img decoding=\"async\" src=\"https:\/\/www.ufsm.br\/pro-reitorias\/proplan\/wp-content\/uploads\/sites\/344\/2019\/09\/brasao-da-republica-do-brasil-logo.png\" alt=\"Bras\u00e3o Rep\u00fablica Federativa do Brasil\" width=\"6%\" height=\"6%\"><\/div>  <h1><font color=\"blue\"><font size=\"5\"><div align=\"center\">MINIST\u00c9RIO DA EDUCA\u00c7\u00c3O<\/div><\/font><\/font><\/H1>\r\n\r\n<b><font color=\"0000blue\"><div align=\"center\">UNIVERSIDADE FEDERAL DE SANTA MARIA<\/div><\/font><\/b>\r\n<p><div align=\"center\"><b><a href=\"https:\/\/portal.ufsm.br\/documentos\/publico\/documento.html?id=15135580\" target=\"_blank\"><font color=\"blue\">PORTARIA NORMATIVA CCS\/UFSM N. 001, DE 02 DE AGOSTO DE 2024<\/font><\/a><\/b><\/div>\r\n<br>\r\n<p><div align=\"justify\"><font color=\"800000\"><ul><ul><ul><ul><ul><ul><ul><ul><ul>Define a distribui\u00e7\u00e3o das vagas de Bolsas de Monitorias Subsidiadas nos Departamentos Did\u00e1ticos do Centro de Ci\u00eancias da Sa\u00fade (CCS) no \u00e2mbito da Universidade Federal de Santa Maria (UFSM). <\/font><\/div><\/ul><font color=\"black\">\r\n\r\n<br>\r\n<br><div align=\"justify\"><font color=\"black\">\r\n<p>A DIRETORA DO CENTRO DE CI\u00caNCIAS DA SA\u00daDE DA UNIVERSIDADE FEDERAL DE SANTA MARIA, no uso de suas atribui\u00e7\u00f5es legais e estatut\u00e1rias, nomeada pela Portaria de Pessoal UFSM N. 1.257 , de 23\/05\/2022, no uso de suas atribui\u00e7\u00f5es legais e estatut\u00e1rias, tendo em vista o que consta no <a href=\"https:\/\/www.ufsm.br\/pro-reitorias\/proplan\/regimento-geral-da-ufsm-com-alteracoes-compiladas-pela-resolucao-n-016-2019\" target=\"_blank\"><font color=\"blue\"><u>Regimento Geral da UFSM<\/u><\/font><\/a>, artigo 73, inciso XI, a  <a href=\"https:\/\/www.ufsm.br\/pro-reitorias\/proplan\/resolucao-n-020-1996\" target=\"_blank\"><font color=\"blue\"><u>Resolu\u00e7\u00e3o n\u00b0 020<\/u><\/font><\/a>, de 23 de agosto de 1996, os crit\u00e9rios e pesos para a distribui\u00e7\u00e3o das Bolsas de Monitoria Subsidiada que foram apresentados e aprovados na Reuni\u00e3o de n\u00ba 465 do Conselho do CCS, realizada em 7 de fevereiro de 2024, e o que consta no processo n\u00b0 <a href=\"https:\/\/portal.ufsm.br\/documentos\/publico\/processo\/documento.html?idDocumento=15102253\" target=\"_blank\"><font color=\"blue\"><u>23081.070644\/2024-93<\/u><\/font><\/a>.<\/p>\r\nresolve:<\/p>\r\n<br>\r\n\r\n<p>Art. 1\u00ba Definir no \u00e2mbito do Centro de Ci\u00eancias da Sa\u00fade\/UFSM, a distribui\u00e7\u00e3o quantitativa de Bolsas de Monitoria Subsidiada dos Departamentos Did\u00e1ticos do CCS.\r\n\r\n<p>Art. 2\u00ba A aplica\u00e7\u00e3o da distribui\u00e7\u00e3o das vagas nos Departamentos Did\u00e1ticos ocorrer\u00e1 a partir do segundo semestre do ano de 2024.\r\n\r\n<p>Art. 3\u00ba O n\u00famero total de bolsas para monitoria subsidiada para os departamentos did\u00e1ticos do CCS a partir do segundo semestre de 2024 \u00e9 de 66 bolsas.\r\n\r\n<p>Art. 4\u00ba Os crit\u00e9rios de distribui\u00e7\u00e3o s\u00e3o definidos pela f\u00f3rmula:<\/p>\r\n \r\n\r\nD = \r\n[\r\n(\r\n\r\n      \r\n            \r\n                   CHP \/ \r\n            \r\n            \u2211CHP \r\n      \r\n\r\n)\r\nx 0,3\r\n+\r\n(\r\n\r\n      \r\n            \r\n                   CHS \/ \r\n            \r\n            \u2211 CHS \r\n      \r\n\r\n)\r\nx 0,2\r\n+\r\n(\r\n\r\n      \r\n            \r\n                   NEm \/\r\n            \r\n            \u2211 CHm \r\n      \r\n\r\n)\r\nx 0,5\r\n]\r\nx \r\n\u2211Bolsas\r\n\r\n    <\/p>\r\n    <p>Onde,<\/p>\r\n    <ul>\r\n        <li>CH<sub>P<\/sub> = Carga Hor\u00e1ria Pr\u00e1tica m\u00e9dia semestral do Departamento Did\u00e1tico.<\/li>\r\n        <li>CH<sub>S<\/sub> = M\u00e9dia da Carga Hor\u00e1ria total (aulas te\u00f3ricas e pr\u00e1ticas) semestral dos(as) docentes do Departamento Did\u00e1tico.<\/li>\r\n        <li>NE<sub>M<\/sub> = N\u00famero m\u00e9dio de Estudantes Matriculados em disciplinas do Departamento Did\u00e1tico.<\/li>\r\n        <li>\u2211CH<sub>P<\/sub> = Soma da Carga Hor\u00e1ria Pr\u00e1tica m\u00e9dia semestral dos Departamentos Did\u00e1ticos.<\/li>\r\n        <li>\u2211CH<sub>S<\/sub> = Soma da Carga Hor\u00e1ria Semestral Total m\u00e9dia (aulas te\u00f3ricas e pr\u00e1ticas) dos Departamentos Did\u00e1ticos.<\/li>\r\n        <li>\u2211NE<sub>M<\/sub> = Soma do N\u00famero m\u00e9dio de Estudantes Matriculados nas Disciplinas.<\/li>\r\n        <li>\u2211Bolsas = Total de Bolsas.<\/li>\r\n    <\/ul>\r\n\r\n\r\n\r\n    <\/ul>\r\n\r\n\r\n\r\n<p>\u00a71\u00ba A carga hor\u00e1ria pr\u00e1tica das disciplinas do departamento did\u00e1tico tem peso 3, a m\u00e9dia da Carga Hor\u00e1ria total (aulas te\u00f3ricas e pr\u00e1ticas) semestral dos(as) docentes do Departamento Did\u00e1tico tem peso 2 , e o n\u00famero de estudantes matriculados nas disciplinas do departamento did\u00e1tico tem peso 5.<\/p>\r\n\r\n<p>\u00a72\u00ba Ser\u00e3o utilizados os dados da m\u00e9dia de dois semestres anteriores \u00e0 distribui\u00e7\u00e3o.<p>\r\n\r\n<p>Art. 5\u00ba Considerando a equa\u00e7\u00e3o que trata o Art. 4\u00ba, e os dados dos semestres 2023\/2 e 2024\/1, a distribui\u00e7\u00e3o das vagas por Departamento Did\u00e1tico do CCS tem a seguinte defini\u00e7\u00e3o.<p>\r\n\r\n<p>I \u2013 An\u00e1lises Cl\u00ednicas - 2 bolsas. <p>\r\n<p>II - Cirurgia \u2013 3 bolsas.<p>\r\n<p>III - Cl\u00ednica M\u00e9dica \u2013 6 bolsas.<p>\r\n<p>IV - Enfermagem \u2013 4 bolsas.<p>\r\n<p>V - Estomatologia \u2013 5 bolsas.<p>\r\n<p>VI - Farm\u00e1cia Industrial \u2013 2 bolsas.<p>\r\n<p>VII - Fisiologia e Farmacologia \u2013 4 bolsas.<p>\r\n<p>VIII - Fisioterapia e Reabilita\u00e7\u00e3o \u2013 3 bolsas.<p>\r\n<p>IX - Fonoaudiologia \u2013 3 bolsas.<p>\r\n<p>X - Ginecologia e Obstetr\u00edcia \u2013 3 bolsas.<p> \r\n<p>XI - Microbiologia e Parasitologia \u2013 4 bolsas.<p>\r\n<p>XII - Morfologia \u2013 7 bolsas.<p>\r\n<p>XIII - Neuropsiquiatria \u2013 3 bolsas.<p>\r\n<p>XIV - Odontologia Restauradora \u2013 3 bolsas. <p>\r\n<p>XV - Patologia \u2013 2 bolsas.<p>\r\n<p>XVI - Pediatria e Puericultura \u2013 2 bolsas. <p>\r\n<p>XVII - Sa\u00fade Coletiva \u2013 4 bolsas.<p>\r\n<p>XIII - Terapia Ocupacional \u2013 3 bolsas.<p>\r\n<p>Art. 6\u00ba N\u00e3o havendo utiliza\u00e7\u00e3o de uma ou mais bolsa(s) por um departamento did\u00e1tico, ap\u00f3s 20 dias do in\u00edcio do semestre letivo, esta(s) ser\u00e1(\u00e3o) realocada(s) para um departamento que evidenciar a necessidade de mais um bolsista, seguindo os crit\u00e9rios de distribui\u00e7\u00e3o estabelecidos nesta portaria normativa. <p>\r\n<p>Art. 7\u00ba A cada dois anos de aplica\u00e7\u00e3o das normas ser\u00e1 realizada atualiza\u00e7\u00e3o, se necess\u00e1rio, dos crit\u00e9rios e pesos vigentes nesta Portaria Normativa.<p>\r\n\r\n<p>Art. 8\u00ba A inobserv\u00e2ncia ao disposto nesta Portaria n\u00e3o constitui escusa v\u00e1lida para o descumprimento da norma nem resulta em sua invalidade. \r\n<p>Art. 9\u00ba Esta Portaria entra em vigor na data de sua assinatura, de acordo com o que prev\u00ea o par\u00e1grafo 2\u00ba do art. 16 do <a href=\"https:\/\/www.planalto.gov.br\/ccivil_03\/_ato2023-2026\/2024\/decreto\/d12002.htm\"><font color=\"blue\"><u>Decreto n\u00b0 12.002<\/u><\/font><\/a>, de 22 de abril de 2024. \r\n<p>Par\u00e1grafo \u00fanico. Havendo qualquer modifica\u00e7\u00e3o legislativa, ou ainda, advindo qualquer situa\u00e7\u00e3o legal que impacte na legalidade da presente Portaria Normativa, a mesma se aplica de imediato.\r\n<br>\r\n\r\n\r\n<br>\r\n<p>Profa. Maria Denise Schimith,<\/p>\r\n<p>Diretora do CCS.<\/p>\r\n<br>\r\n\r\n<p><font color=\"red0000\">Este texto n\u00e3o substitui o documento original, publicado no Portal de Documentos. Dispon\u00edvel em: <a href=\"https:\/\/portal.ufsm.br\/documentos\/publico\/documento.html?id=15135580\" target=\"_blank\"><font color=\"blue\"> https:\/\/portal.ufsm.br\/documentos\/publico\/documento.html?id=15135580 <\/font><\/a>\t\t<\/div>\n\t\t\t\t<\/div>\n\t\t\t\t\t<\/div>\n\t\t<\/div>\n\t\t\t\t\t<\/div>\n\t\t<\/section>\n\t\t\t\t<\/div>\n\t\t","protected":false},"excerpt":{"rendered":"<p>PORTARIA NORMATIVA CCS\/UFSM N. 001, DE 02 DE AGOSTO DE 2024 MINIST\u00c9RIO DA EDUCA\u00c7\u00c3O UNIVERSIDADE FEDERAL DE SANTA MARIA PORTARIA NORMATIVA CCS\/UFSM N. 001, DE 02 DE AGOSTO DE 2024 Define a distribui\u00e7\u00e3o das vagas de Bolsas de Monitorias Subsidiadas nos Departamentos Did\u00e1ticos do Centro de Ci\u00eancias da Sa\u00fade (CCS) no \u00e2mbito da Universidade Federal [&hellip;]<\/p>\n","protected":false},"author":6742,"featured_media":0,"parent":0,"menu_order":0,"comment_status":"closed","ping_status":"closed","template":"","meta":{"footnotes":""},"categories":[],"tags":[],"class_list":["post-6179","page","type-page","status-publish","hentry"],"acf":[],"_links":{"self":[{"href":"https:\/\/www.ufsm.br\/pro-reitorias\/proplan\/wp-json\/wp\/v2\/pages\/6179","targetHints":{"allow":["GET"]}}],"collection":[{"href":"https:\/\/www.ufsm.br\/pro-reitorias\/proplan\/wp-json\/wp\/v2\/pages"}],"about":[{"href":"https:\/\/www.ufsm.br\/pro-reitorias\/proplan\/wp-json\/wp\/v2\/types\/page"}],"author":[{"embeddable":true,"href":"https:\/\/www.ufsm.br\/pro-reitorias\/proplan\/wp-json\/wp\/v2\/users\/6742"}],"replies":[{"embeddable":true,"href":"https:\/\/www.ufsm.br\/pro-reitorias\/proplan\/wp-json\/wp\/v2\/comments?post=6179"}],"version-history":[{"count":0,"href":"https:\/\/www.ufsm.br\/pro-reitorias\/proplan\/wp-json\/wp\/v2\/pages\/6179\/revisions"}],"wp:attachment":[{"href":"https:\/\/www.ufsm.br\/pro-reitorias\/proplan\/wp-json\/wp\/v2\/media?parent=6179"}],"wp:term":[{"taxonomy":"category","embeddable":true,"href":"https:\/\/www.ufsm.br\/pro-reitorias\/proplan\/wp-json\/wp\/v2\/categories?post=6179"},{"taxonomy":"post_tag","embeddable":true,"href":"https:\/\/www.ufsm.br\/pro-reitorias\/proplan\/wp-json\/wp\/v2\/tags?post=6179"}],"curies":[{"name":"wp","href":"https:\/\/api.w.org\/{rel}","templated":true}]}}